{"id":98201,"date":"2023-06-06T12:36:51","date_gmt":"2023-06-06T10:36:51","guid":{"rendered":"https:\/\/clair.si\/izdelek\/naf-devils-relief\/"},"modified":"2026-03-12T09:18:20","modified_gmt":"2026-03-12T08:18:20","slug":"naf-devils-relief","status":"publish","type":"product","link":"https:\/\/clair.si\/hr\/izdelek\/naf-devils-relief\/","title":{"rendered":"NAF Devil&#8217;s Relief"},"content":{"rendered":"<p><strong>NAF Devil \u201es Relief\u201d<\/strong> &#8211; <span class=\"HwtZe\" lang=\"sl\"><span class=\"jCAhz ChMk0b\"><span class=\"ryNqvb\">sna\u017ena kombinacija biljnih tinktura, formulirana zajedno s biljkom Vra\u017eja kand\u017ea i dodatkom MSM-a.<\/span><\/span> <span class=\"jCAhz ChMk0b\"><span class=\"ryNqvb\">Devils Relief poma\u017ee smanjiti uko\u010denost povezanu s ograni\u010denom fleksibilno\u0161\u0107u zglobova.<\/span><\/span> <span class=\"jCAhz ChMk0b\"><span class=\"ryNqvb\">Starijim konjima Devil \u201es Relief mo\u017ee biti posebno koristan, ne samo zato \u0161to izravno cilja na uko\u010denost, ve\u0107 i zato \u0161to gorko djelovanje ove formulacije mo\u017ee pomo\u0107i u poticanju probavnog sustava, a lo\u0161a probava i apsorpcija \u010desto su povezani sa staro\u0161\u0107u.\u201d<\/span><\/span> <span class=\"jCAhz ChMk0b\"><span class=\"ryNqvb\">Devils Relief se mo\u017ee davati svim konjima i ponijima, osim trudnim kobilama.<\/span><\/span><\/span><\/p>\n<p><span class=\"HwtZe\" lang=\"sl\"><span class=\"jCAhz ChMk0b\"><span class=\"ryNqvb\">Ovaj proizvod sadr\u017ei vra\u017eju kand\u017eu, tvar zabranjenu od strane FEI-a.<\/span><\/span><\/span><\/p>\n<p><span class=\"HwtZe\" lang=\"sl\"> <strong> <span class=\"jCAhz ChMk0b\"><span class=\"ryNqvb\">Sastav<\/span><\/span>:<\/strong> <em><span class=\"jCAhz ChMk0b\"><span class=\"ryNqvb\">voda, metil sulfonil metan, glicerin, maltodekstrin.<\/span><\/span><\/em><\/span><\/p>\n<p>Analiti\u010dki sastav: sirovi proteini 0,6 %, sirova ulja i masti 0,3 %, sirovi pepeo 0,2 %, sirova vlakna 0,1 %, ostatak vlage 94 %, natrij 0,02 %<\/p>\n<p>Dodatni sastojci (senzorni dodaci) na 1l: vra\u017eja kand\u017ea 325 ml, \u0111umbir 0,37 ml, sikavica 0,84 ml, \u0161ipak 0,74 ml, korijen kurkume 0,46 ml<\/p>\n<p><strong>Preporuka za hranjenje<\/strong> konja i ponija (ml na dan): po\u010detna doza (3-5 dana) 60-100 ml, doza odr\u017eavanja 20-30 ml<\/p>\n<p>Dobro protresti prije upotrebe. Devil&#8217;s Relief se mo\u017ee davati kontinuirano. Doza odr\u017eavanja mo\u017ee se prilagoditi individualnim potrebama konja i ne ovisi o veli\u010dini i te\u017eini pojedine \u017eivotinje.<\/p>\n<p><strong>Savjet za hranjenje:<\/strong><br \/>\nNije prikladno za trudne kobile!<\/p>\n","protected":false},"excerpt":{"rendered":"<p><img loading=\"lazy\" decoding=\"async\" class=\"alignnone size-full wp-image-28462\" src=\"https:\/\/clair.si\/wp-content\/uploads\/2022\/07\/lowimpact.jpg\" alt=\"\" width=\"150\" height=\"150\" \/><img loading=\"lazy\" decoding=\"async\" class=\"alignnone size-full wp-image-26800\" src=\"https:\/\/clair.si\/wp-content\/uploads\/2023\/02\/natural1.jpg\" alt=\"\" width=\"150\" height=\"150\" \/><\/p>\n","protected":false},"featured_media":98210,"template":"","meta":{"footnotes":""},"product_brand":[],"product_cat":[5710,5784,5712],"product_tag":[],"class_list":{"0":"post-98201","1":"product","2":"type-product","3":"status-publish","4":"has-post-thumbnail","6":"product_cat-hrana-za-konje-hr","7":"product_cat-naf-prehrambeni-dodaci","8":"product_cat-prehrambeni-dodaci","10":"first","11":"instock","12":"featured","13":"shipping-taxable","14":"purchasable","15":"product-type-simple"},"yoast_head":"<!-- This site is optimized with the Yoast SEO plugin v27.4 - https:\/\/yoast.com\/product\/yoast-seo-wordpress\/ -->\n<title>NAF Devil&#039;s Relief - Clair<\/title>\n<meta name=\"robots\" content=\"index, follow, max-snippet:-1, max-image-preview:large, max-video-preview:-1\" \/>\n<link rel=\"canonical\" href=\"https:\/\/clair.si\/izdelek\/naf-devils-relief\/\" \/>\n<meta property=\"og:locale\" content=\"hr_HR\" \/>\n<meta property=\"og:type\" content=\"article\" \/>\n<meta property=\"og:title\" content=\"NAF Devil&#039;s Relief - Clair\" \/>\n<meta property=\"og:url\" content=\"https:\/\/clair.si\/izdelek\/naf-devils-relief\/\" \/>\n<meta property=\"og:site_name\" content=\"Clair\" \/>\n<meta property=\"article:publisher\" content=\"https:\/\/www.facebook.com\/TrgovinaClair\/\" \/>\n<meta property=\"article:modified_time\" content=\"2026-03-12T08:18:20+00:00\" \/>\n<meta property=\"og:image\" content=\"https:\/\/clair.si\/wp-content\/uploads\/2023\/06\/naf-devils-relief-prehranski-dodatek-za-konje-clair-jpg.webp\" \/>\n\t<meta property=\"og:image:width\" content=\"800\" \/>\n\t<meta property=\"og:image:height\" content=\"800\" \/>\n\t<meta property=\"og:image:type\" content=\"image\/jpeg\" \/>\n<meta name=\"twitter:card\" content=\"summary_large_image\" \/>\n<meta name=\"twitter:label1\" content=\"Procijenjeno vrijeme \u010ditanja\" \/>\n\t<meta name=\"twitter:data1\" content=\"2 minute\" \/>\n<script type=\"application\/ld+json\" class=\"yoast-schema-graph\">{\"@context\":\"https:\\\/\\\/schema.org\",\"@graph\":[{\"@type\":\"WebPage\",\"@id\":\"https:\\\/\\\/clair.si\\\/izdelek\\\/naf-devils-relief\\\/\",\"url\":\"https:\\\/\\\/clair.si\\\/izdelek\\\/naf-devils-relief\\\/\",\"name\":\"NAF Devil's Relief - Clair\",\"isPartOf\":{\"@id\":\"https:\\\/\\\/clair.si\\\/#website\"},\"primaryImageOfPage\":{\"@id\":\"https:\\\/\\\/clair.si\\\/izdelek\\\/naf-devils-relief\\\/#primaryimage\"},\"image\":{\"@id\":\"https:\\\/\\\/clair.si\\\/izdelek\\\/naf-devils-relief\\\/#primaryimage\"},\"thumbnailUrl\":\"https:\\\/\\\/clair.si\\\/wp-content\\\/uploads\\\/2023\\\/06\\\/naf-devils-relief-prehranski-dodatek-za-konje-clair-jpg.webp\",\"datePublished\":\"2023-06-06T10:36:51+00:00\",\"dateModified\":\"2026-03-12T08:18:20+00:00\",\"breadcrumb\":{\"@id\":\"https:\\\/\\\/clair.si\\\/izdelek\\\/naf-devils-relief\\\/#breadcrumb\"},\"inLanguage\":\"hr\",\"potentialAction\":[{\"@type\":\"ReadAction\",\"target\":[\"https:\\\/\\\/clair.si\\\/izdelek\\\/naf-devils-relief\\\/\"]}]},{\"@type\":\"ImageObject\",\"inLanguage\":\"hr\",\"@id\":\"https:\\\/\\\/clair.si\\\/izdelek\\\/naf-devils-relief\\\/#primaryimage\",\"url\":\"https:\\\/\\\/clair.si\\\/wp-content\\\/uploads\\\/2023\\\/06\\\/naf-devils-relief-prehranski-dodatek-za-konje-clair-jpg.webp\",\"contentUrl\":\"https:\\\/\\\/clair.si\\\/wp-content\\\/uploads\\\/2023\\\/06\\\/naf-devils-relief-prehranski-dodatek-za-konje-clair-jpg.webp\",\"width\":800,\"height\":800},{\"@type\":\"BreadcrumbList\",\"@id\":\"https:\\\/\\\/clair.si\\\/izdelek\\\/naf-devils-relief\\\/#breadcrumb\",\"itemListElement\":[{\"@type\":\"ListItem\",\"position\":1,\"name\":\"Home\",\"item\":\"https:\\\/\\\/clair.si\\\/hr\\\/\"},{\"@type\":\"ListItem\",\"position\":2,\"name\":\"Trgovina\",\"item\":\"https:\\\/\\\/clair.si\\\/trgovina\\\/\"},{\"@type\":\"ListItem\",\"position\":3,\"name\":\"NAF Devil&#8217;s Relief\"}]},{\"@type\":\"WebSite\",\"@id\":\"https:\\\/\\\/clair.si\\\/#website\",\"url\":\"https:\\\/\\\/clair.si\\\/\",\"name\":\"Clair\",\"description\":\"Trgovina s konjeni\u0161ko opremo\",\"publisher\":{\"@id\":\"https:\\\/\\\/clair.si\\\/#organization\"},\"potentialAction\":[{\"@type\":\"SearchAction\",\"target\":{\"@type\":\"EntryPoint\",\"urlTemplate\":\"https:\\\/\\\/clair.si\\\/?s={search_term_string}\"},\"query-input\":{\"@type\":\"PropertyValueSpecification\",\"valueRequired\":true,\"valueName\":\"search_term_string\"}}],\"inLanguage\":\"hr\"},{\"@type\":\"Organization\",\"@id\":\"https:\\\/\\\/clair.si\\\/#organization\",\"name\":\"Clair\",\"url\":\"https:\\\/\\\/clair.si\\\/\",\"logo\":{\"@type\":\"ImageObject\",\"inLanguage\":\"hr\",\"@id\":\"https:\\\/\\\/clair.si\\\/#\\\/schema\\\/logo\\\/image\\\/\",\"url\":\"https:\\\/\\\/clair.si\\\/wp-content\\\/uploads\\\/2022\\\/11\\\/clair_logo_2022.jpg\",\"contentUrl\":\"https:\\\/\\\/clair.si\\\/wp-content\\\/uploads\\\/2022\\\/11\\\/clair_logo_2022.jpg\",\"width\":1920,\"height\":1920,\"caption\":\"Clair\"},\"image\":{\"@id\":\"https:\\\/\\\/clair.si\\\/#\\\/schema\\\/logo\\\/image\\\/\"},\"sameAs\":[\"https:\\\/\\\/www.facebook.com\\\/TrgovinaClair\\\/\"]}]}<\/script>\n<!-- \/ Yoast SEO plugin. -->","yoast_head_json":{"title":"NAF Devil's Relief - Clair","robots":{"index":"index","follow":"follow","max-snippet":"max-snippet:-1","max-image-preview":"max-image-preview:large","max-video-preview":"max-video-preview:-1"},"canonical":"https:\/\/clair.si\/izdelek\/naf-devils-relief\/","og_locale":"hr_HR","og_type":"article","og_title":"NAF Devil's Relief - Clair","og_url":"https:\/\/clair.si\/izdelek\/naf-devils-relief\/","og_site_name":"Clair","article_publisher":"https:\/\/www.facebook.com\/TrgovinaClair\/","article_modified_time":"2026-03-12T08:18:20+00:00","og_image":[{"width":800,"height":800,"url":"https:\/\/clair.si\/wp-content\/uploads\/2023\/06\/naf-devils-relief-prehranski-dodatek-za-konje-clair-jpg.webp","type":"image\/jpeg"}],"twitter_card":"summary_large_image","twitter_misc":{"Procijenjeno vrijeme \u010ditanja":"2 minute"},"schema":{"@context":"https:\/\/schema.org","@graph":[{"@type":"WebPage","@id":"https:\/\/clair.si\/izdelek\/naf-devils-relief\/","url":"https:\/\/clair.si\/izdelek\/naf-devils-relief\/","name":"NAF Devil's Relief - Clair","isPartOf":{"@id":"https:\/\/clair.si\/#website"},"primaryImageOfPage":{"@id":"https:\/\/clair.si\/izdelek\/naf-devils-relief\/#primaryimage"},"image":{"@id":"https:\/\/clair.si\/izdelek\/naf-devils-relief\/#primaryimage"},"thumbnailUrl":"https:\/\/clair.si\/wp-content\/uploads\/2023\/06\/naf-devils-relief-prehranski-dodatek-za-konje-clair-jpg.webp","datePublished":"2023-06-06T10:36:51+00:00","dateModified":"2026-03-12T08:18:20+00:00","breadcrumb":{"@id":"https:\/\/clair.si\/izdelek\/naf-devils-relief\/#breadcrumb"},"inLanguage":"hr","potentialAction":[{"@type":"ReadAction","target":["https:\/\/clair.si\/izdelek\/naf-devils-relief\/"]}]},{"@type":"ImageObject","inLanguage":"hr","@id":"https:\/\/clair.si\/izdelek\/naf-devils-relief\/#primaryimage","url":"https:\/\/clair.si\/wp-content\/uploads\/2023\/06\/naf-devils-relief-prehranski-dodatek-za-konje-clair-jpg.webp","contentUrl":"https:\/\/clair.si\/wp-content\/uploads\/2023\/06\/naf-devils-relief-prehranski-dodatek-za-konje-clair-jpg.webp","width":800,"height":800},{"@type":"BreadcrumbList","@id":"https:\/\/clair.si\/izdelek\/naf-devils-relief\/#breadcrumb","itemListElement":[{"@type":"ListItem","position":1,"name":"Home","item":"https:\/\/clair.si\/hr\/"},{"@type":"ListItem","position":2,"name":"Trgovina","item":"https:\/\/clair.si\/trgovina\/"},{"@type":"ListItem","position":3,"name":"NAF Devil&#8217;s Relief"}]},{"@type":"WebSite","@id":"https:\/\/clair.si\/#website","url":"https:\/\/clair.si\/","name":"Clair","description":"Trgovina s konjeni\u0161ko opremo","publisher":{"@id":"https:\/\/clair.si\/#organization"},"potentialAction":[{"@type":"SearchAction","target":{"@type":"EntryPoint","urlTemplate":"https:\/\/clair.si\/?s={search_term_string}"},"query-input":{"@type":"PropertyValueSpecification","valueRequired":true,"valueName":"search_term_string"}}],"inLanguage":"hr"},{"@type":"Organization","@id":"https:\/\/clair.si\/#organization","name":"Clair","url":"https:\/\/clair.si\/","logo":{"@type":"ImageObject","inLanguage":"hr","@id":"https:\/\/clair.si\/#\/schema\/logo\/image\/","url":"https:\/\/clair.si\/wp-content\/uploads\/2022\/11\/clair_logo_2022.jpg","contentUrl":"https:\/\/clair.si\/wp-content\/uploads\/2022\/11\/clair_logo_2022.jpg","width":1920,"height":1920,"caption":"Clair"},"image":{"@id":"https:\/\/clair.si\/#\/schema\/logo\/image\/"},"sameAs":["https:\/\/www.facebook.com\/TrgovinaClair\/"]}]}},"_links":{"self":[{"href":"https:\/\/clair.si\/hr\/wp-json\/wp\/v2\/product\/98201","targetHints":{"allow":["GET"]}}],"collection":[{"href":"https:\/\/clair.si\/hr\/wp-json\/wp\/v2\/product"}],"about":[{"href":"https:\/\/clair.si\/hr\/wp-json\/wp\/v2\/types\/product"}],"version-history":[{"count":2,"href":"https:\/\/clair.si\/hr\/wp-json\/wp\/v2\/product\/98201\/revisions"}],"predecessor-version":[{"id":133123,"href":"https:\/\/clair.si\/hr\/wp-json\/wp\/v2\/product\/98201\/revisions\/133123"}],"wp:featuredmedia":[{"embeddable":true,"href":"https:\/\/clair.si\/hr\/wp-json\/wp\/v2\/media\/98210"}],"wp:attachment":[{"href":"https:\/\/clair.si\/hr\/wp-json\/wp\/v2\/media?parent=98201"}],"wp:term":[{"taxonomy":"product_brand","embeddable":true,"href":"https:\/\/clair.si\/hr\/wp-json\/wp\/v2\/product_brand?post=98201"},{"taxonomy":"product_cat","embeddable":true,"href":"https:\/\/clair.si\/hr\/wp-json\/wp\/v2\/product_cat?post=98201"},{"taxonomy":"product_tag","embeddable":true,"href":"https:\/\/clair.si\/hr\/wp-json\/wp\/v2\/product_tag?post=98201"}],"curies":[{"name":"wp","href":"https:\/\/api.w.org\/{rel}","templated":true}]}}