{"id":98212,"date":"2023-06-06T12:49:56","date_gmt":"2023-06-06T10:49:56","guid":{"rendered":"https:\/\/clair.si\/izdelek\/naf-naturalint-x-aloe-vera-purple-spray\/"},"modified":"2025-08-27T20:49:25","modified_gmt":"2025-08-27T18:49:25","slug":"naf-naturalint-x-aloe-vera-purple-spray","status":"publish","type":"product","link":"https:\/\/clair.si\/hr\/izdelek\/naf-naturalint-x-aloe-vera-purple-spray\/","title":{"rendered":"NAF Naturalint-X Aloe Vera Purple Spray"},"content":{"rendered":"<p><strong>NAF Naturalint-X Aloe Vera Purple Spray<\/strong> &#8211; nje\u017eni sprej s dodatkom MSM-a, koji poti\u010de prirodno zacjeljivanje rana, ogrebotina i manjih posjekotina.<\/p>\n<p>NAF je kao inovaciju uveo MSM u lokalnu formulaciju kao bitan sastojak, jer poti\u010de pravilno zacjeljivanje i smanjuje crvenilo ko\u017ee. To je opse\u017eno istra\u017eeni nutrijent koji pru\u017ea brojne prednosti, uklju\u010duju\u0107i podr\u0161ku dermalnih slojeva pred oksidativnim stresom i opskrbu sumporom za poticanje regeneracije tkiva i obnovu slomljenih stani\u010dnih veza. <\/p>\n<p>Jednostavan nanos bez nadra\u017euju\u0107eg spreja, primjeren za pla\u0161ljive konje, trenuta\u010dni umiruju\u0107i u\u010dinak.<\/p>\n<p><strong>Sastav<\/strong>: MSM, ekstrakt aloe vere, izopropanol, antioksidansi (biljnog podrijetla), metil vijolet.<\/p>\n<p>Prednosti:<\/p>\n<ul>\n<li>Poti\u010de zacjeljivanje<\/li>\n<li>Smanjuje crvenilo<\/li>\n<li>Podr\u017eava dermalne slojeve<\/li>\n<li>Trenuta\u010dni umiruju\u0107i u\u010dinak<\/li>\n<\/ul>\n","protected":false},"excerpt":{"rendered":"<p>NAF Naturalint-X Aloe Vera Purple Spray &#8211; nje\u017eni sprej s dodatkom MSM-a, koji poti\u010de prirodno zacjeljivanje rana, ogrebotina i manjih<\/p>\n","protected":false},"featured_media":98217,"template":"","meta":{"footnotes":""},"product_brand":[],"product_cat":[5624,5675,5677,5625,5678,5627,5680],"product_tag":[],"class_list":{"0":"post-98212","1":"product","2":"type-product","3":"status-publish","4":"has-post-thumbnail","6":"product_cat-konj-hr","7":"product_cat-kozmetika-za-konje-hr","8":"product_cat-kozmetika-za-konje-hr-2","9":"product_cat-njega-konja","10":"product_cat-problemi-s-kozom","11":"product_cat-stala-i-pasnjak","12":"product_cat-zdravlje-i-dobrobit","14":"first","15":"instock","16":"shipping-taxable","17":"purchasable","18":"product-type-simple"},"yoast_head":"<!-- This site is optimized with the Yoast SEO plugin v27.3 - https:\/\/yoast.com\/product\/yoast-seo-wordpress\/ -->\n<title>NAF Naturalint-X Aloe Vera Purple Spray - Clair<\/title>\n<meta name=\"description\" content=\"NAF Naturalint-X Aloe Vera Purple Spray - nje\u017eni sprej s dodatkom MSM-a, koji poti\u010de prirodno zacjeljivanje rana, ogrebotina i manjih posjekotina. NAF je\" \/>\n<meta name=\"robots\" content=\"index, follow, max-snippet:-1, max-image-preview:large, max-video-preview:-1\" \/>\n<link rel=\"canonical\" href=\"https:\/\/clair.si\/hr\/izdelek\/naf-naturalint-x-aloe-vera-purple-spray\/\" \/>\n<meta property=\"og:locale\" content=\"hr_HR\" \/>\n<meta property=\"og:type\" content=\"article\" \/>\n<meta property=\"og:title\" content=\"NAF Naturalint-X Aloe Vera Purple Spray - Clair\" \/>\n<meta property=\"og:description\" content=\"NAF Naturalint-X Aloe Vera Purple Spray - nje\u017eni sprej s dodatkom MSM-a, koji poti\u010de prirodno zacjeljivanje rana, ogrebotina i manjih posjekotina. NAF je\" \/>\n<meta property=\"og:url\" content=\"https:\/\/clair.si\/hr\/izdelek\/naf-naturalint-x-aloe-vera-purple-spray\/\" \/>\n<meta property=\"og:site_name\" content=\"Clair\" \/>\n<meta property=\"article:publisher\" content=\"https:\/\/www.facebook.com\/TrgovinaClair\/\" \/>\n<meta property=\"article:modified_time\" content=\"2025-08-27T18:49:25+00:00\" \/>\n<meta property=\"og:image\" content=\"https:\/\/clair.si\/wp-content\/uploads\/2023\/06\/naf-naturalintx-aloe-vera-sprej-za-rane-clair-jpg.webp\" \/>\n\t<meta property=\"og:image:width\" content=\"800\" \/>\n\t<meta property=\"og:image:height\" content=\"800\" \/>\n\t<meta property=\"og:image:type\" content=\"image\/jpeg\" \/>\n<meta name=\"twitter:card\" content=\"summary_large_image\" \/>\n<meta name=\"twitter:label1\" content=\"Procijenjeno vrijeme \u010ditanja\" \/>\n\t<meta name=\"twitter:data1\" content=\"1 minuta\" \/>\n<script type=\"application\/ld+json\" class=\"yoast-schema-graph\">{\"@context\":\"https:\\\/\\\/schema.org\",\"@graph\":[{\"@type\":\"WebPage\",\"@id\":\"https:\\\/\\\/clair.si\\\/hr\\\/izdelek\\\/naf-naturalint-x-aloe-vera-purple-spray\\\/\",\"url\":\"https:\\\/\\\/clair.si\\\/hr\\\/izdelek\\\/naf-naturalint-x-aloe-vera-purple-spray\\\/\",\"name\":\"NAF Naturalint-X Aloe Vera Purple Spray - Clair\",\"isPartOf\":{\"@id\":\"https:\\\/\\\/clair.si\\\/#website\"},\"primaryImageOfPage\":{\"@id\":\"https:\\\/\\\/clair.si\\\/hr\\\/izdelek\\\/naf-naturalint-x-aloe-vera-purple-spray\\\/#primaryimage\"},\"image\":{\"@id\":\"https:\\\/\\\/clair.si\\\/hr\\\/izdelek\\\/naf-naturalint-x-aloe-vera-purple-spray\\\/#primaryimage\"},\"thumbnailUrl\":\"https:\\\/\\\/clair.si\\\/wp-content\\\/uploads\\\/2023\\\/06\\\/naf-naturalintx-aloe-vera-sprej-za-rane-clair-jpg.webp\",\"datePublished\":\"2023-06-06T10:49:56+00:00\",\"dateModified\":\"2025-08-27T18:49:25+00:00\",\"description\":\"NAF Naturalint-X Aloe Vera Purple Spray - nje\u017eni sprej s dodatkom MSM-a, koji poti\u010de prirodno zacjeljivanje rana, ogrebotina i manjih posjekotina. NAF je\",\"breadcrumb\":{\"@id\":\"https:\\\/\\\/clair.si\\\/hr\\\/izdelek\\\/naf-naturalint-x-aloe-vera-purple-spray\\\/#breadcrumb\"},\"inLanguage\":\"hr\",\"potentialAction\":[{\"@type\":\"ReadAction\",\"target\":[\"https:\\\/\\\/clair.si\\\/hr\\\/izdelek\\\/naf-naturalint-x-aloe-vera-purple-spray\\\/\"]}]},{\"@type\":\"ImageObject\",\"inLanguage\":\"hr\",\"@id\":\"https:\\\/\\\/clair.si\\\/hr\\\/izdelek\\\/naf-naturalint-x-aloe-vera-purple-spray\\\/#primaryimage\",\"url\":\"https:\\\/\\\/clair.si\\\/wp-content\\\/uploads\\\/2023\\\/06\\\/naf-naturalintx-aloe-vera-sprej-za-rane-clair-jpg.webp\",\"contentUrl\":\"https:\\\/\\\/clair.si\\\/wp-content\\\/uploads\\\/2023\\\/06\\\/naf-naturalintx-aloe-vera-sprej-za-rane-clair-jpg.webp\",\"width\":800,\"height\":800},{\"@type\":\"BreadcrumbList\",\"@id\":\"https:\\\/\\\/clair.si\\\/hr\\\/izdelek\\\/naf-naturalint-x-aloe-vera-purple-spray\\\/#breadcrumb\",\"itemListElement\":[{\"@type\":\"ListItem\",\"position\":1,\"name\":\"Home\",\"item\":\"https:\\\/\\\/clair.si\\\/hr\\\/\"},{\"@type\":\"ListItem\",\"position\":2,\"name\":\"Trgovina\",\"item\":\"https:\\\/\\\/clair.si\\\/trgovina\\\/\"},{\"@type\":\"ListItem\",\"position\":3,\"name\":\"NAF Naturalint-X Aloe Vera Purple Spray\"}]},{\"@type\":\"WebSite\",\"@id\":\"https:\\\/\\\/clair.si\\\/#website\",\"url\":\"https:\\\/\\\/clair.si\\\/\",\"name\":\"Clair\",\"description\":\"Trgovina s konjeni\u0161ko opremo\",\"publisher\":{\"@id\":\"https:\\\/\\\/clair.si\\\/#organization\"},\"potentialAction\":[{\"@type\":\"SearchAction\",\"target\":{\"@type\":\"EntryPoint\",\"urlTemplate\":\"https:\\\/\\\/clair.si\\\/?s={search_term_string}\"},\"query-input\":{\"@type\":\"PropertyValueSpecification\",\"valueRequired\":true,\"valueName\":\"search_term_string\"}}],\"inLanguage\":\"hr\"},{\"@type\":\"Organization\",\"@id\":\"https:\\\/\\\/clair.si\\\/#organization\",\"name\":\"Clair\",\"url\":\"https:\\\/\\\/clair.si\\\/\",\"logo\":{\"@type\":\"ImageObject\",\"inLanguage\":\"hr\",\"@id\":\"https:\\\/\\\/clair.si\\\/#\\\/schema\\\/logo\\\/image\\\/\",\"url\":\"https:\\\/\\\/clair.si\\\/wp-content\\\/uploads\\\/2022\\\/11\\\/clair_logo_2022.jpg\",\"contentUrl\":\"https:\\\/\\\/clair.si\\\/wp-content\\\/uploads\\\/2022\\\/11\\\/clair_logo_2022.jpg\",\"width\":1920,\"height\":1920,\"caption\":\"Clair\"},\"image\":{\"@id\":\"https:\\\/\\\/clair.si\\\/#\\\/schema\\\/logo\\\/image\\\/\"},\"sameAs\":[\"https:\\\/\\\/www.facebook.com\\\/TrgovinaClair\\\/\"]}]}<\/script>\n<!-- \/ Yoast SEO plugin. -->","yoast_head_json":{"title":"NAF Naturalint-X Aloe Vera Purple Spray - Clair","description":"NAF Naturalint-X Aloe Vera Purple Spray - nje\u017eni sprej s dodatkom MSM-a, koji poti\u010de prirodno zacjeljivanje rana, ogrebotina i manjih posjekotina. NAF je","robots":{"index":"index","follow":"follow","max-snippet":"max-snippet:-1","max-image-preview":"max-image-preview:large","max-video-preview":"max-video-preview:-1"},"canonical":"https:\/\/clair.si\/hr\/izdelek\/naf-naturalint-x-aloe-vera-purple-spray\/","og_locale":"hr_HR","og_type":"article","og_title":"NAF Naturalint-X Aloe Vera Purple Spray - Clair","og_description":"NAF Naturalint-X Aloe Vera Purple Spray - nje\u017eni sprej s dodatkom MSM-a, koji poti\u010de prirodno zacjeljivanje rana, ogrebotina i manjih posjekotina. NAF je","og_url":"https:\/\/clair.si\/hr\/izdelek\/naf-naturalint-x-aloe-vera-purple-spray\/","og_site_name":"Clair","article_publisher":"https:\/\/www.facebook.com\/TrgovinaClair\/","article_modified_time":"2025-08-27T18:49:25+00:00","og_image":[{"width":800,"height":800,"url":"https:\/\/clair.si\/wp-content\/uploads\/2023\/06\/naf-naturalintx-aloe-vera-sprej-za-rane-clair-jpg.webp","type":"image\/jpeg"}],"twitter_card":"summary_large_image","twitter_misc":{"Procijenjeno vrijeme \u010ditanja":"1 minuta"},"schema":{"@context":"https:\/\/schema.org","@graph":[{"@type":"WebPage","@id":"https:\/\/clair.si\/hr\/izdelek\/naf-naturalint-x-aloe-vera-purple-spray\/","url":"https:\/\/clair.si\/hr\/izdelek\/naf-naturalint-x-aloe-vera-purple-spray\/","name":"NAF Naturalint-X Aloe Vera Purple Spray - Clair","isPartOf":{"@id":"https:\/\/clair.si\/#website"},"primaryImageOfPage":{"@id":"https:\/\/clair.si\/hr\/izdelek\/naf-naturalint-x-aloe-vera-purple-spray\/#primaryimage"},"image":{"@id":"https:\/\/clair.si\/hr\/izdelek\/naf-naturalint-x-aloe-vera-purple-spray\/#primaryimage"},"thumbnailUrl":"https:\/\/clair.si\/wp-content\/uploads\/2023\/06\/naf-naturalintx-aloe-vera-sprej-za-rane-clair-jpg.webp","datePublished":"2023-06-06T10:49:56+00:00","dateModified":"2025-08-27T18:49:25+00:00","description":"NAF Naturalint-X Aloe Vera Purple Spray - nje\u017eni sprej s dodatkom MSM-a, koji poti\u010de prirodno zacjeljivanje rana, ogrebotina i manjih posjekotina. NAF je","breadcrumb":{"@id":"https:\/\/clair.si\/hr\/izdelek\/naf-naturalint-x-aloe-vera-purple-spray\/#breadcrumb"},"inLanguage":"hr","potentialAction":[{"@type":"ReadAction","target":["https:\/\/clair.si\/hr\/izdelek\/naf-naturalint-x-aloe-vera-purple-spray\/"]}]},{"@type":"ImageObject","inLanguage":"hr","@id":"https:\/\/clair.si\/hr\/izdelek\/naf-naturalint-x-aloe-vera-purple-spray\/#primaryimage","url":"https:\/\/clair.si\/wp-content\/uploads\/2023\/06\/naf-naturalintx-aloe-vera-sprej-za-rane-clair-jpg.webp","contentUrl":"https:\/\/clair.si\/wp-content\/uploads\/2023\/06\/naf-naturalintx-aloe-vera-sprej-za-rane-clair-jpg.webp","width":800,"height":800},{"@type":"BreadcrumbList","@id":"https:\/\/clair.si\/hr\/izdelek\/naf-naturalint-x-aloe-vera-purple-spray\/#breadcrumb","itemListElement":[{"@type":"ListItem","position":1,"name":"Home","item":"https:\/\/clair.si\/hr\/"},{"@type":"ListItem","position":2,"name":"Trgovina","item":"https:\/\/clair.si\/trgovina\/"},{"@type":"ListItem","position":3,"name":"NAF Naturalint-X Aloe Vera Purple Spray"}]},{"@type":"WebSite","@id":"https:\/\/clair.si\/#website","url":"https:\/\/clair.si\/","name":"Clair","description":"Trgovina s konjeni\u0161ko opremo","publisher":{"@id":"https:\/\/clair.si\/#organization"},"potentialAction":[{"@type":"SearchAction","target":{"@type":"EntryPoint","urlTemplate":"https:\/\/clair.si\/?s={search_term_string}"},"query-input":{"@type":"PropertyValueSpecification","valueRequired":true,"valueName":"search_term_string"}}],"inLanguage":"hr"},{"@type":"Organization","@id":"https:\/\/clair.si\/#organization","name":"Clair","url":"https:\/\/clair.si\/","logo":{"@type":"ImageObject","inLanguage":"hr","@id":"https:\/\/clair.si\/#\/schema\/logo\/image\/","url":"https:\/\/clair.si\/wp-content\/uploads\/2022\/11\/clair_logo_2022.jpg","contentUrl":"https:\/\/clair.si\/wp-content\/uploads\/2022\/11\/clair_logo_2022.jpg","width":1920,"height":1920,"caption":"Clair"},"image":{"@id":"https:\/\/clair.si\/#\/schema\/logo\/image\/"},"sameAs":["https:\/\/www.facebook.com\/TrgovinaClair\/"]}]}},"_links":{"self":[{"href":"https:\/\/clair.si\/hr\/wp-json\/wp\/v2\/product\/98212","targetHints":{"allow":["GET"]}}],"collection":[{"href":"https:\/\/clair.si\/hr\/wp-json\/wp\/v2\/product"}],"about":[{"href":"https:\/\/clair.si\/hr\/wp-json\/wp\/v2\/types\/product"}],"version-history":[{"count":0,"href":"https:\/\/clair.si\/hr\/wp-json\/wp\/v2\/product\/98212\/revisions"}],"wp:featuredmedia":[{"embeddable":true,"href":"https:\/\/clair.si\/hr\/wp-json\/wp\/v2\/media\/98217"}],"wp:attachment":[{"href":"https:\/\/clair.si\/hr\/wp-json\/wp\/v2\/media?parent=98212"}],"wp:term":[{"taxonomy":"product_brand","embeddable":true,"href":"https:\/\/clair.si\/hr\/wp-json\/wp\/v2\/product_brand?post=98212"},{"taxonomy":"product_cat","embeddable":true,"href":"https:\/\/clair.si\/hr\/wp-json\/wp\/v2\/product_cat?post=98212"},{"taxonomy":"product_tag","embeddable":true,"href":"https:\/\/clair.si\/hr\/wp-json\/wp\/v2\/product_tag?post=98212"}],"curies":[{"name":"wp","href":"https:\/\/api.w.org\/{rel}","templated":true}]}}