{"id":98220,"date":"2023-06-01T14:00:22","date_gmt":"2023-06-01T12:00:22","guid":{"rendered":"https:\/\/clair.si\/izdelek\/prednje-zastitne-gamase-back-on-track-airflow\/"},"modified":"2025-09-14T10:59:46","modified_gmt":"2025-09-14T08:59:46","slug":"prednje-zastitne-gamase-back-on-track-airflow","status":"publish","type":"product","link":"https:\/\/clair.si\/hr\/izdelek\/prednje-zastitne-gamase-back-on-track-airflow\/","title":{"rendered":"Prednji \u0161titnici Back On Track Airflow"},"content":{"rendered":"<p><strong>Prednji \u0161titnici Back On Track Airflow<\/strong> &#8211; <span class=\"HwtZe\" lang=\"sl\"><span class=\"jCAhz ChMk0b\"><span class=\"ryNqvb\">nove anatomske za\u0161titne gama\u0161e za konjske tetive Back on Track Airflow koriste jedinstvene tehnologije.<\/span><\/span> <span class=\"jCAhz ChMk0b\"><span class=\"ryNqvb\">Napravljene su <strong>od materijala otpornog na udarce na stra\u017enjoj strani tetive i inovativne perforirane pjene za ubla\u017eavanje udaraca.<\/strong><\/span><\/span> <span class=\"jCAhz ChMk0b\"><span class=\"ryNqvb\">\u010cvrste trake sa zatvaranjem na gumbe i om\u010du osiguravaju sigurno i potpuno prianjanje.<\/span><\/span> <span class=\"jCAhz ChMk0b\"><span class=\"ryNqvb\">Ove nove anatomski oblikovane za\u0161titne gama\u0161e Back on Track imaju tehnologiju <strong>Airtech za potpunu prozra\u010dnost i udobnost<\/strong>.<\/span><\/span> <span class=\"jCAhz ChMk0b\"><span class=\"ryNqvb\">S ventiliranim rupama du\u017e tetive i 3D mre\u017eastom tehnologijom, za\u0161titne gama\u0161e su vrlo prozra\u010dne i izdr\u017eljive.<\/span><\/span> <\/span><\/p>\n<p><span class=\"HwtZe\" lang=\"sl\"><span class=\"jCAhz ChMk0b\"><span class=\"ryNqvb\"><strong>Imaju i tehnologiju Welltex\u00ae<\/strong>, <strong>gdje je jedinstvena tkanina impregnirana mineralima koji odvode tjelesnu toplinu.<\/strong><\/span><\/span> <\/span><\/p>\n<p><span class=\"HwtZe\" lang=\"sl\"><strong><span class=\"jCAhz ChMk0b\"><span class=\"ryNqvb\">Tehnologija Welltex\u00ae:<\/span><\/span> <\/strong><\/span><\/p>\n<ul>\n<li><span class=\"HwtZe\" lang=\"sl\"><span class=\"jCAhz ChMk0b\"><span class=\"ryNqvb\">pobolj\u0161ava cirkulaciju krvi,<\/span><\/span> <\/span><\/li>\n<li><span class=\"HwtZe\" lang=\"sl\"><span class=\"jCAhz ChMk0b\"><span class=\"ryNqvb\">smanjuje upalu<\/span><\/span>,<\/span><\/li>\n<li><span class=\"HwtZe\" lang=\"sl\"><span class=\"jCAhz ChMk0b\"><span class=\"ryNqvb\">podr\u017eava tetive i zglobove<\/span><\/span> <\/span><\/li>\n<li><span class=\"HwtZe\" lang=\"sl\"><span class=\"jCAhz ChMk0b\"><span class=\"ryNqvb\">Sastav<\/span><\/span>: <span class=\"jCAhz ChMk0b\"><span class=\"ryNqvb\">100% kerami\u010dki impregniran poliester<\/span><\/span> <\/span><\/li>\n<\/ul>\n<p><strong>Veli\u010dine: <\/strong><\/p>\n<ul>\n<li>S &#8211; opseg cijevi 17.5-22.5 cm, du\u017eina 19 cm<\/li>\n<li>M &#8211; opseg cijevi 18.5-24.5 cm, du\u017eina 20.5 cm<\/li>\n<li>L &#8211; opseg cijevi 20.5-27.5 cm, du\u017eina 21 cm<\/li>\n<\/ul>\n<p><span class=\"HwtZe\" lang=\"sl\"><strong><span class=\"jCAhz ChMk0b\"><span class=\"ryNqvb\">Savjeti za upotrebu:<\/span><\/span><\/strong> <span class=\"jCAhz ChMk0b\"><span class=\"ryNqvb\">Proizvode Back on Track treba uvoditi postupno.<\/span><\/span> <span class=\"jCAhz ChMk0b\"><span class=\"ryNqvb\">Prva 3 dana proizvod koristite najvi\u0161e 4 sata, zatim pove\u0107ajte na 8 sati ili vi\u0161e dnevno.<\/span><\/span> <span class=\"jCAhz ChMk0b\"><span class=\"ryNqvb\">Za optimalan u\u010dinak preporu\u010duje se intenzivna upotreba proizvoda 10 do 20 dana.<\/span><\/span> <\/span><\/p>\n<p><span class=\"HwtZe\" lang=\"sl\"><span class=\"jCAhz ChMk0b\"><span class=\"ryNqvb\"><strong>Pozor:<\/strong> ne kombinirajte ove proizvode s drugim proizvodima (kreme, masti, losioni&#8230;).<\/span><\/span><\/span><\/p>\n<p><span class=\"HwtZe\" lang=\"sl\"><strong><span class=\"jCAhz ChMk0b\"><span class=\"ryNqvb\">Savjeti za odr\u017eavanje<\/span><\/span>: <\/strong><span class=\"jCAhz ChMk0b\"><span class=\"ryNqvb\">Perivo u perilici rublja na 30\u00b0C. Kerami\u010dki prah, uliven u vlakna, se ne odvaja tijekom pranja. <\/span><\/span> <span class=\"jCAhz ChMk0b\"><span class=\"ryNqvb\">Ne koristite izbjeljiva\u010d ili omek\u0161iva\u010d.<\/span><\/span> <span class=\"jCAhz ChMk0b\"><span class=\"ryNqvb\">Su\u0161ite na zraku, ne u su\u0161ilici, ina\u010de \u0107e se tkanina Welltex\u00ae o\u0161tetiti.<\/span><\/span><\/span><\/p>\n<div class=\"UdTY9 WdefRb\" aria-hidden=\"true\" data-location=\"2\">\n<div class=\"kO6q6e\"><\/div>\n<\/div>\n<div class=\"VO9ucd\">\n<div class=\"aJIq1d\" data-language-code=\"sl\" data-language-name=\"Slovenian\" data-text=\"Za izjemne ob\u010dutke pri vo\u017enji so novi anatomski tetivni \u0161kornji Back on Track Airflow dele\u017eni edinstvenih tehnologij. Narejeni so iz materiala, odpornega na udarce na hrbtni strani tetive in inovativne perforirane pene za bla\u017eenje udarcev. Trdni trakovi z zapiranjem na kavelj in zanko zagotavljajo varno in popolno prileganje. Ti novi anatomsko oblikovani tetivni \u0161kornji Back on Track imajo tehnologijo Airtech za popolno zra\u010dnost in udobje. S prezra\u010devanimi luknjami vzdol\u017e tetive in 3D mre\u017easto tehnologijo so \u0161kornji Airflow s kito zelo zra\u010dni in trpe\u017eni. Imajo tudi tehnologijo Welltex\u00ae, kjer je edinstvena tkanina impregnirana z minerali, ki odbijajo telesno toploto. Tehnologija Welltex\u00ae: izbolj\u0161a krvni obtok zmanj\u0161uje vnetje podpira kite in sklepe Sestava 100% kerami\u010dno impregniran poliester Nasveti za uporabo Izdelke Back on Track je treba uporabljati postopoma. Prve 3 dni izdelek uporabljajte najve\u010d 4 ure, nato pove\u010dajte na 8 ur ali ve\u010d na dan. Za optimalen u\u010dinek je priporo\u010dljiva intenzivna uporaba izdelka 10 do 20 dni. Pozor: teh izdelkov ne kombinirajte z drugimi izdelki (kreme, mazila, losjoni...). Nasveti za vzdr\u017eevanje Pralno v pralnem stroju pri 30\u00b0C: kerami\u010dni prah, zlit v vlakna, se med pranjem ne odlepi. Ne uporabljajte belila ali meh\u010dalca. Su\u0161ite na zraku, ne v su\u0161ilnem stroju, sicer se blago Welltex\u00ae po\u0161koduje.\" data-crosslingual-hint=\"\" data-location=\"2\" data-enable-toggle-playback-speed=\"true\" data-results-count=\"1\" data-result-index=\"1\">\n<div class=\"m0Qfkd\"><\/div>\n<\/div>\n<\/div>\n","protected":false},"excerpt":{"rendered":"<p>Prednji \u0161titnici Back On Track Airflow &#8211; nove anatomske za\u0161titne gama\u0161e za konjske tetive Back on Track Airflow koriste jedinstvene<\/p>\n","protected":false},"featured_media":98223,"template":"","meta":{"footnotes":""},"product_brand":[],"product_cat":[5624,5898,5773],"product_tag":[],"class_list":{"0":"post-98220","1":"product","2":"type-product","3":"status-publish","4":"has-post-thumbnail","6":"product_cat-konj-hr","7":"product_cat-stitnici","8":"product_cat-zastitnici-i-bandaze","10":"first","11":"outofstock","12":"sale","13":"shipping-taxable","14":"purchasable","15":"product-type-variable"},"yoast_head":"<!-- This site is optimized with the Yoast SEO plugin v27.4 - https:\/\/yoast.com\/product\/yoast-seo-wordpress\/ -->\n<title>Prednji \u0161titnici Back On Track Airflow - Clair<\/title>\n<meta name=\"description\" content=\"Prednji \u0161titnici Back On Track Airflow - nove anatomske za\u0161titne gama\u0161e za konjske tetive Back on Track Airflow koriste jedinstvene tehnologije.\" \/>\n<meta name=\"robots\" content=\"index, follow, max-snippet:-1, max-image-preview:large, max-video-preview:-1\" \/>\n<link rel=\"canonical\" href=\"https:\/\/clair.si\/izdelek\/prednji-scitniki-back-on-track-airflow\/\" \/>\n<meta property=\"og:locale\" content=\"hr_HR\" \/>\n<meta property=\"og:type\" content=\"article\" \/>\n<meta property=\"og:title\" content=\"Prednji \u0161titnici Back On Track Airflow - Clair\" \/>\n<meta property=\"og:description\" content=\"Prednji \u0161titnici Back On Track Airflow - nove anatomske za\u0161titne gama\u0161e za konjske tetive Back on Track Airflow koriste jedinstvene tehnologije.\" \/>\n<meta property=\"og:url\" content=\"https:\/\/clair.si\/izdelek\/prednji-scitniki-back-on-track-airflow\/\" \/>\n<meta property=\"og:site_name\" content=\"Clair\" \/>\n<meta property=\"article:publisher\" content=\"https:\/\/www.facebook.com\/TrgovinaClair\/\" \/>\n<meta property=\"article:modified_time\" content=\"2025-09-14T08:59:46+00:00\" \/>\n<meta property=\"og:image\" content=\"https:\/\/clair.si\/wp-content\/uploads\/2023\/06\/back-on-track-airflow-scitniki.za-konja-noge-clair-2-jpg.webp\" \/>\n\t<meta property=\"og:image:width\" content=\"800\" \/>\n\t<meta property=\"og:image:height\" content=\"800\" \/>\n\t<meta property=\"og:image:type\" content=\"image\/jpeg\" \/>\n<meta name=\"twitter:card\" content=\"summary_large_image\" \/>\n<meta name=\"twitter:label1\" content=\"Procijenjeno vrijeme \u010ditanja\" \/>\n\t<meta name=\"twitter:data1\" content=\"2 minute\" \/>\n<script type=\"application\/ld+json\" class=\"yoast-schema-graph\">{\"@context\":\"https:\\\/\\\/schema.org\",\"@graph\":[{\"@type\":\"WebPage\",\"@id\":\"https:\\\/\\\/clair.si\\\/izdelek\\\/prednji-scitniki-back-on-track-airflow\\\/\",\"url\":\"https:\\\/\\\/clair.si\\\/izdelek\\\/prednji-scitniki-back-on-track-airflow\\\/\",\"name\":\"Prednji \u0161titnici Back On Track Airflow - Clair\",\"isPartOf\":{\"@id\":\"https:\\\/\\\/clair.si\\\/#website\"},\"primaryImageOfPage\":{\"@id\":\"https:\\\/\\\/clair.si\\\/izdelek\\\/prednji-scitniki-back-on-track-airflow\\\/#primaryimage\"},\"image\":{\"@id\":\"https:\\\/\\\/clair.si\\\/izdelek\\\/prednji-scitniki-back-on-track-airflow\\\/#primaryimage\"},\"thumbnailUrl\":\"https:\\\/\\\/clair.si\\\/wp-content\\\/uploads\\\/2023\\\/06\\\/back-on-track-airflow-scitniki.za-konja-noge-clair-2-jpg.webp\",\"datePublished\":\"2023-06-01T12:00:22+00:00\",\"dateModified\":\"2025-09-14T08:59:46+00:00\",\"description\":\"Prednji \u0161titnici Back On Track Airflow - nove anatomske za\u0161titne gama\u0161e za konjske tetive Back on Track Airflow koriste jedinstvene tehnologije.\",\"breadcrumb\":{\"@id\":\"https:\\\/\\\/clair.si\\\/izdelek\\\/prednji-scitniki-back-on-track-airflow\\\/#breadcrumb\"},\"inLanguage\":\"hr\",\"potentialAction\":[{\"@type\":\"ReadAction\",\"target\":[\"https:\\\/\\\/clair.si\\\/izdelek\\\/prednji-scitniki-back-on-track-airflow\\\/\"]}]},{\"@type\":\"ImageObject\",\"inLanguage\":\"hr\",\"@id\":\"https:\\\/\\\/clair.si\\\/izdelek\\\/prednji-scitniki-back-on-track-airflow\\\/#primaryimage\",\"url\":\"https:\\\/\\\/clair.si\\\/wp-content\\\/uploads\\\/2023\\\/06\\\/back-on-track-airflow-scitniki.za-konja-noge-clair-2-jpg.webp\",\"contentUrl\":\"https:\\\/\\\/clair.si\\\/wp-content\\\/uploads\\\/2023\\\/06\\\/back-on-track-airflow-scitniki.za-konja-noge-clair-2-jpg.webp\",\"width\":800,\"height\":800},{\"@type\":\"BreadcrumbList\",\"@id\":\"https:\\\/\\\/clair.si\\\/izdelek\\\/prednji-scitniki-back-on-track-airflow\\\/#breadcrumb\",\"itemListElement\":[{\"@type\":\"ListItem\",\"position\":1,\"name\":\"Home\",\"item\":\"https:\\\/\\\/clair.si\\\/hr\\\/\"},{\"@type\":\"ListItem\",\"position\":2,\"name\":\"Trgovina\",\"item\":\"https:\\\/\\\/clair.si\\\/trgovina\\\/\"},{\"@type\":\"ListItem\",\"position\":3,\"name\":\"Prednji \u0161titnici Back On Track Airflow\"}]},{\"@type\":\"WebSite\",\"@id\":\"https:\\\/\\\/clair.si\\\/#website\",\"url\":\"https:\\\/\\\/clair.si\\\/\",\"name\":\"Clair\",\"description\":\"Trgovina s konjeni\u0161ko opremo\",\"publisher\":{\"@id\":\"https:\\\/\\\/clair.si\\\/#organization\"},\"potentialAction\":[{\"@type\":\"SearchAction\",\"target\":{\"@type\":\"EntryPoint\",\"urlTemplate\":\"https:\\\/\\\/clair.si\\\/?s={search_term_string}\"},\"query-input\":{\"@type\":\"PropertyValueSpecification\",\"valueRequired\":true,\"valueName\":\"search_term_string\"}}],\"inLanguage\":\"hr\"},{\"@type\":\"Organization\",\"@id\":\"https:\\\/\\\/clair.si\\\/#organization\",\"name\":\"Clair\",\"url\":\"https:\\\/\\\/clair.si\\\/\",\"logo\":{\"@type\":\"ImageObject\",\"inLanguage\":\"hr\",\"@id\":\"https:\\\/\\\/clair.si\\\/#\\\/schema\\\/logo\\\/image\\\/\",\"url\":\"https:\\\/\\\/clair.si\\\/wp-content\\\/uploads\\\/2022\\\/11\\\/clair_logo_2022.jpg\",\"contentUrl\":\"https:\\\/\\\/clair.si\\\/wp-content\\\/uploads\\\/2022\\\/11\\\/clair_logo_2022.jpg\",\"width\":1920,\"height\":1920,\"caption\":\"Clair\"},\"image\":{\"@id\":\"https:\\\/\\\/clair.si\\\/#\\\/schema\\\/logo\\\/image\\\/\"},\"sameAs\":[\"https:\\\/\\\/www.facebook.com\\\/TrgovinaClair\\\/\"]}]}<\/script>\n<!-- \/ Yoast SEO plugin. -->","yoast_head_json":{"title":"Prednji \u0161titnici Back On Track Airflow - Clair","description":"Prednji \u0161titnici Back On Track Airflow - nove anatomske za\u0161titne gama\u0161e za konjske tetive Back on Track Airflow koriste jedinstvene tehnologije.","robots":{"index":"index","follow":"follow","max-snippet":"max-snippet:-1","max-image-preview":"max-image-preview:large","max-video-preview":"max-video-preview:-1"},"canonical":"https:\/\/clair.si\/izdelek\/prednji-scitniki-back-on-track-airflow\/","og_locale":"hr_HR","og_type":"article","og_title":"Prednji \u0161titnici Back On Track Airflow - Clair","og_description":"Prednji \u0161titnici Back On Track Airflow - nove anatomske za\u0161titne gama\u0161e za konjske tetive Back on Track Airflow koriste jedinstvene tehnologije.","og_url":"https:\/\/clair.si\/izdelek\/prednji-scitniki-back-on-track-airflow\/","og_site_name":"Clair","article_publisher":"https:\/\/www.facebook.com\/TrgovinaClair\/","article_modified_time":"2025-09-14T08:59:46+00:00","og_image":[{"width":800,"height":800,"url":"https:\/\/clair.si\/wp-content\/uploads\/2023\/06\/back-on-track-airflow-scitniki.za-konja-noge-clair-2-jpg.webp","type":"image\/jpeg"}],"twitter_card":"summary_large_image","twitter_misc":{"Procijenjeno vrijeme \u010ditanja":"2 minute"},"schema":{"@context":"https:\/\/schema.org","@graph":[{"@type":"WebPage","@id":"https:\/\/clair.si\/izdelek\/prednji-scitniki-back-on-track-airflow\/","url":"https:\/\/clair.si\/izdelek\/prednji-scitniki-back-on-track-airflow\/","name":"Prednji \u0161titnici Back On Track Airflow - Clair","isPartOf":{"@id":"https:\/\/clair.si\/#website"},"primaryImageOfPage":{"@id":"https:\/\/clair.si\/izdelek\/prednji-scitniki-back-on-track-airflow\/#primaryimage"},"image":{"@id":"https:\/\/clair.si\/izdelek\/prednji-scitniki-back-on-track-airflow\/#primaryimage"},"thumbnailUrl":"https:\/\/clair.si\/wp-content\/uploads\/2023\/06\/back-on-track-airflow-scitniki.za-konja-noge-clair-2-jpg.webp","datePublished":"2023-06-01T12:00:22+00:00","dateModified":"2025-09-14T08:59:46+00:00","description":"Prednji \u0161titnici Back On Track Airflow - nove anatomske za\u0161titne gama\u0161e za konjske tetive Back on Track Airflow koriste jedinstvene tehnologije.","breadcrumb":{"@id":"https:\/\/clair.si\/izdelek\/prednji-scitniki-back-on-track-airflow\/#breadcrumb"},"inLanguage":"hr","potentialAction":[{"@type":"ReadAction","target":["https:\/\/clair.si\/izdelek\/prednji-scitniki-back-on-track-airflow\/"]}]},{"@type":"ImageObject","inLanguage":"hr","@id":"https:\/\/clair.si\/izdelek\/prednji-scitniki-back-on-track-airflow\/#primaryimage","url":"https:\/\/clair.si\/wp-content\/uploads\/2023\/06\/back-on-track-airflow-scitniki.za-konja-noge-clair-2-jpg.webp","contentUrl":"https:\/\/clair.si\/wp-content\/uploads\/2023\/06\/back-on-track-airflow-scitniki.za-konja-noge-clair-2-jpg.webp","width":800,"height":800},{"@type":"BreadcrumbList","@id":"https:\/\/clair.si\/izdelek\/prednji-scitniki-back-on-track-airflow\/#breadcrumb","itemListElement":[{"@type":"ListItem","position":1,"name":"Home","item":"https:\/\/clair.si\/hr\/"},{"@type":"ListItem","position":2,"name":"Trgovina","item":"https:\/\/clair.si\/trgovina\/"},{"@type":"ListItem","position":3,"name":"Prednji \u0161titnici Back On Track Airflow"}]},{"@type":"WebSite","@id":"https:\/\/clair.si\/#website","url":"https:\/\/clair.si\/","name":"Clair","description":"Trgovina s konjeni\u0161ko opremo","publisher":{"@id":"https:\/\/clair.si\/#organization"},"potentialAction":[{"@type":"SearchAction","target":{"@type":"EntryPoint","urlTemplate":"https:\/\/clair.si\/?s={search_term_string}"},"query-input":{"@type":"PropertyValueSpecification","valueRequired":true,"valueName":"search_term_string"}}],"inLanguage":"hr"},{"@type":"Organization","@id":"https:\/\/clair.si\/#organization","name":"Clair","url":"https:\/\/clair.si\/","logo":{"@type":"ImageObject","inLanguage":"hr","@id":"https:\/\/clair.si\/#\/schema\/logo\/image\/","url":"https:\/\/clair.si\/wp-content\/uploads\/2022\/11\/clair_logo_2022.jpg","contentUrl":"https:\/\/clair.si\/wp-content\/uploads\/2022\/11\/clair_logo_2022.jpg","width":1920,"height":1920,"caption":"Clair"},"image":{"@id":"https:\/\/clair.si\/#\/schema\/logo\/image\/"},"sameAs":["https:\/\/www.facebook.com\/TrgovinaClair\/"]}]}},"_links":{"self":[{"href":"https:\/\/clair.si\/hr\/wp-json\/wp\/v2\/product\/98220","targetHints":{"allow":["GET"]}}],"collection":[{"href":"https:\/\/clair.si\/hr\/wp-json\/wp\/v2\/product"}],"about":[{"href":"https:\/\/clair.si\/hr\/wp-json\/wp\/v2\/types\/product"}],"version-history":[{"count":0,"href":"https:\/\/clair.si\/hr\/wp-json\/wp\/v2\/product\/98220\/revisions"}],"wp:featuredmedia":[{"embeddable":true,"href":"https:\/\/clair.si\/hr\/wp-json\/wp\/v2\/media\/98223"}],"wp:attachment":[{"href":"https:\/\/clair.si\/hr\/wp-json\/wp\/v2\/media?parent=98220"}],"wp:term":[{"taxonomy":"product_brand","embeddable":true,"href":"https:\/\/clair.si\/hr\/wp-json\/wp\/v2\/product_brand?post=98220"},{"taxonomy":"product_cat","embeddable":true,"href":"https:\/\/clair.si\/hr\/wp-json\/wp\/v2\/product_cat?post=98220"},{"taxonomy":"product_tag","embeddable":true,"href":"https:\/\/clair.si\/hr\/wp-json\/wp\/v2\/product_tag?post=98220"}],"curies":[{"name":"wp","href":"https:\/\/api.w.org\/{rel}","templated":true}]}}