{"id":98239,"date":"2023-06-01T14:28:15","date_gmt":"2023-06-01T12:28:15","guid":{"rendered":"https:\/\/clair.si\/izdelek\/straznje-zastitne-gamase-back-on-track-airflow\/"},"modified":"2025-09-08T18:39:46","modified_gmt":"2025-09-08T16:39:46","slug":"straznje-zastitne-gamase-back-on-track-airflow","status":"publish","type":"product","link":"https:\/\/clair.si\/hr\/izdelek\/straznje-zastitne-gamase-back-on-track-airflow\/","title":{"rendered":"Stra\u017enji \u0161titnici Back On Track Airflow"},"content":{"rendered":"<p><strong>Stra\u017enji \u0161titnici Back On Track Airflow<\/strong> &#8211; <span class=\"HwtZe\" lang=\"sl\"><span class=\"jCAhz ChMk0b\"><span class=\"ryNqvb\">Air-tech i 3D Mesh tehnologija za maksimalnu prozra\u010dnost i snagu.<\/span><\/span> <span class=\"jCAhz ChMk0b\"><span class=\"ryNqvb\">Anatomski oblikovane za za\u0161titu stra\u017enjeg dijela noge.<\/span><\/span> <span class=\"jCAhz ChMk0b\"><span class=\"ryNqvb\">Oblik i struktura \u0161koljke razvijeni su za maksimalnu udobnost i osiguravanje dobrog polo\u017eaja na nozi.<\/span><\/span> <span class=\"jCAhz ChMk0b\"><span class=\"ryNqvb\">Izdr\u017eljiva \u0161koljka za za\u0161titu od udaraca i za za\u0161titu konja od sudara stra\u017enjih nogu.<\/span><\/span> <span class=\"jCAhz ChMk0b\"><span class=\"ryNqvb\">Dodatna ventilacija.<\/span><\/span><span class=\"jCAhz ChMk0b\"><span class=\"ryNqvb\"> Dvostruko zatvaranje na kuku i om\u010du za jednostavno reguliranje i dobro prianjanje.<\/span><\/span> <span class=\"jCAhz ChMk0b\"><span class=\"ryNqvb\">Rub od mekane lycre.<\/span><\/span> <span class=\"jCAhz ChMk0b\"><span class=\"ryNqvb\">Welltex\u00ae tehnologija u podlozi koja mo\u017ee pobolj\u0161ati prokrvljenost.<\/span><\/span> Korisni i kod<span class=\"jCAhz ChMk0b\"><span class=\"ryNqvb\"> istegnu\u0107a, oteklina oko zgloba, artritisa, upale, oporavka ili kao podr\u0161ka pri zagrijavanju.<\/span><\/span> <\/span><\/p>\n<p><strong>Veli\u010dina:<\/strong><\/p>\n<ul>\n<li>M &#8211; opseg pi\u0161\u010dalnice 20-26 cm, visina 15 cm<\/li>\n<li>L &#8211; opseg pi\u0161\u010dalnice 22-28 cm, visina 16 cm<\/li>\n<\/ul>\n<p><span class=\"HwtZe\" lang=\"sl\"><strong><span class=\"jCAhz ChMk0b\"><span class=\"ryNqvb\">Savjeti za uporabu:<\/span><\/span><\/strong> <span class=\"jCAhz ChMk0b\"><span class=\"ryNqvb\">Proizvode Back on Track treba uvoditi postupno.<\/span><\/span> <span class=\"jCAhz ChMk0b\"><span class=\"ryNqvb\">Prva 3 dana proizvod koristite najvi\u0161e 4 sata, zatim pove\u0107ajte na 8 sati ili vi\u0161e na dan.<\/span><\/span> <span class=\"jCAhz ChMk0b\"><span class=\"ryNqvb\">Za optimalan u\u010dinak preporu\u010dljiva je intenzivna uporaba proizvoda 10 do 20 dana.<\/span><\/span> <\/span><\/p>\n<p><span class=\"HwtZe\" lang=\"sl\"><span class=\"jCAhz ChMk0b\"><span class=\"ryNqvb\"><strong>Pozor:<\/strong> ne kombinirajte ove proizvode s drugim proizvodima (kreme, masti, losioni&#8230;).<\/span><\/span><\/span><\/p>\n<p><span class=\"HwtZe\" lang=\"sl\"><strong><span class=\"jCAhz ChMk0b\"><span class=\"ryNqvb\">Savjeti za odr\u017eavanje<\/span><\/span>:  <\/strong><span class=\"jCAhz ChMk0b\"><span class=\"ryNqvb\">Perivo u perilici rublja na 30\u00b0C. Kerami\u010dki prah, uliven u vlakna, se tijekom pranja ne odlijepi. <\/span><\/span> <span class=\"jCAhz ChMk0b\"><span class=\"ryNqvb\">Ne koristite izbjeljiva\u010d ili omek\u0161iva\u010d.<\/span><\/span> <span class=\"jCAhz ChMk0b\"><span class=\"ryNqvb\">Su\u0161ite na zraku, ne u su\u0161ilici, ina\u010de \u0107e se blago Welltex\u00ae o\u0161tetiti.<\/span><\/span><\/span><\/p>\n","protected":false},"excerpt":{"rendered":"<p>Stra\u017enji \u0161titnici Back On Track Airflow &#8211; Air-tech i 3D Mesh tehnologija za maksimalnu prozra\u010dnost i snagu. Anatomski oblikovane za<\/p>\n","protected":false},"featured_media":98247,"template":"","meta":{"footnotes":""},"product_brand":[],"product_cat":[5624,5898,5773],"product_tag":[],"class_list":{"0":"post-98239","1":"product","2":"type-product","3":"status-publish","4":"has-post-thumbnail","6":"product_cat-konj-hr","7":"product_cat-stitnici","8":"product_cat-zastitnici-i-bandaze","10":"first","11":"instock","12":"shipping-taxable","13":"purchasable","14":"product-type-variable"},"yoast_head":"<!-- This site is optimized with the Yoast SEO plugin v27.4 - https:\/\/yoast.com\/product\/yoast-seo-wordpress\/ -->\n<title>Stra\u017enji \u0161titnici Back On Track Airflow - Clair<\/title>\n<meta name=\"description\" content=\"Stra\u017enji \u0161titnici Back On Track Airflow - Air-tech i 3D Mesh tehnologija za maksimalnu prozra\u010dnost i snagu. Anatomski oblikovane za za\u0161titu stra\u017enjeg\" \/>\n<meta name=\"robots\" content=\"index, follow, max-snippet:-1, max-image-preview:large, max-video-preview:-1\" \/>\n<link rel=\"canonical\" href=\"https:\/\/clair.si\/hr\/izdelek\/straznje-zastitne-gamase-back-on-track-airflow\/\" \/>\n<meta property=\"og:locale\" content=\"hr_HR\" \/>\n<meta property=\"og:type\" content=\"article\" \/>\n<meta property=\"og:title\" content=\"Stra\u017enji \u0161titnici Back On Track Airflow - Clair\" \/>\n<meta property=\"og:description\" content=\"Stra\u017enji \u0161titnici Back On Track Airflow - Air-tech i 3D Mesh tehnologija za maksimalnu prozra\u010dnost i snagu. Anatomski oblikovane za za\u0161titu stra\u017enjeg\" \/>\n<meta property=\"og:url\" content=\"https:\/\/clair.si\/hr\/izdelek\/straznje-zastitne-gamase-back-on-track-airflow\/\" \/>\n<meta property=\"og:site_name\" content=\"Clair\" \/>\n<meta property=\"article:publisher\" content=\"https:\/\/www.facebook.com\/TrgovinaClair\/\" \/>\n<meta property=\"article:modified_time\" content=\"2025-09-08T16:39:46+00:00\" \/>\n<meta property=\"og:image\" content=\"https:\/\/clair.si\/wp-content\/uploads\/2023\/06\/back-on-track-airflow-light-mesh-fetlock-boots-zadnji-scitniki-jpg.webp\" \/>\n\t<meta property=\"og:image:width\" content=\"800\" \/>\n\t<meta property=\"og:image:height\" content=\"800\" \/>\n\t<meta property=\"og:image:type\" content=\"image\/jpeg\" \/>\n<meta name=\"twitter:card\" content=\"summary_large_image\" \/>\n<meta name=\"twitter:label1\" content=\"Procijenjeno vrijeme \u010ditanja\" \/>\n\t<meta name=\"twitter:data1\" content=\"1 minuta\" \/>\n<script type=\"application\/ld+json\" class=\"yoast-schema-graph\">{\"@context\":\"https:\\\/\\\/schema.org\",\"@graph\":[{\"@type\":\"WebPage\",\"@id\":\"https:\\\/\\\/clair.si\\\/hr\\\/izdelek\\\/straznje-zastitne-gamase-back-on-track-airflow\\\/\",\"url\":\"https:\\\/\\\/clair.si\\\/hr\\\/izdelek\\\/straznje-zastitne-gamase-back-on-track-airflow\\\/\",\"name\":\"Stra\u017enji \u0161titnici Back On Track Airflow - Clair\",\"isPartOf\":{\"@id\":\"https:\\\/\\\/clair.si\\\/#website\"},\"primaryImageOfPage\":{\"@id\":\"https:\\\/\\\/clair.si\\\/hr\\\/izdelek\\\/straznje-zastitne-gamase-back-on-track-airflow\\\/#primaryimage\"},\"image\":{\"@id\":\"https:\\\/\\\/clair.si\\\/hr\\\/izdelek\\\/straznje-zastitne-gamase-back-on-track-airflow\\\/#primaryimage\"},\"thumbnailUrl\":\"https:\\\/\\\/clair.si\\\/wp-content\\\/uploads\\\/2023\\\/06\\\/back-on-track-airflow-light-mesh-fetlock-boots-zadnji-scitniki-jpg.webp\",\"datePublished\":\"2023-06-01T12:28:15+00:00\",\"dateModified\":\"2025-09-08T16:39:46+00:00\",\"description\":\"Stra\u017enji \u0161titnici Back On Track Airflow - Air-tech i 3D Mesh tehnologija za maksimalnu prozra\u010dnost i snagu. Anatomski oblikovane za za\u0161titu stra\u017enjeg\",\"breadcrumb\":{\"@id\":\"https:\\\/\\\/clair.si\\\/hr\\\/izdelek\\\/straznje-zastitne-gamase-back-on-track-airflow\\\/#breadcrumb\"},\"inLanguage\":\"hr\",\"potentialAction\":[{\"@type\":\"ReadAction\",\"target\":[\"https:\\\/\\\/clair.si\\\/hr\\\/izdelek\\\/straznje-zastitne-gamase-back-on-track-airflow\\\/\"]}]},{\"@type\":\"ImageObject\",\"inLanguage\":\"hr\",\"@id\":\"https:\\\/\\\/clair.si\\\/hr\\\/izdelek\\\/straznje-zastitne-gamase-back-on-track-airflow\\\/#primaryimage\",\"url\":\"https:\\\/\\\/clair.si\\\/wp-content\\\/uploads\\\/2023\\\/06\\\/back-on-track-airflow-light-mesh-fetlock-boots-zadnji-scitniki-jpg.webp\",\"contentUrl\":\"https:\\\/\\\/clair.si\\\/wp-content\\\/uploads\\\/2023\\\/06\\\/back-on-track-airflow-light-mesh-fetlock-boots-zadnji-scitniki-jpg.webp\",\"width\":800,\"height\":800},{\"@type\":\"BreadcrumbList\",\"@id\":\"https:\\\/\\\/clair.si\\\/hr\\\/izdelek\\\/straznje-zastitne-gamase-back-on-track-airflow\\\/#breadcrumb\",\"itemListElement\":[{\"@type\":\"ListItem\",\"position\":1,\"name\":\"Home\",\"item\":\"https:\\\/\\\/clair.si\\\/hr\\\/\"},{\"@type\":\"ListItem\",\"position\":2,\"name\":\"Trgovina\",\"item\":\"https:\\\/\\\/clair.si\\\/trgovina\\\/\"},{\"@type\":\"ListItem\",\"position\":3,\"name\":\"Stra\u017enji \u0161titnici Back On Track Airflow\"}]},{\"@type\":\"WebSite\",\"@id\":\"https:\\\/\\\/clair.si\\\/#website\",\"url\":\"https:\\\/\\\/clair.si\\\/\",\"name\":\"Clair\",\"description\":\"Trgovina s konjeni\u0161ko opremo\",\"publisher\":{\"@id\":\"https:\\\/\\\/clair.si\\\/#organization\"},\"potentialAction\":[{\"@type\":\"SearchAction\",\"target\":{\"@type\":\"EntryPoint\",\"urlTemplate\":\"https:\\\/\\\/clair.si\\\/?s={search_term_string}\"},\"query-input\":{\"@type\":\"PropertyValueSpecification\",\"valueRequired\":true,\"valueName\":\"search_term_string\"}}],\"inLanguage\":\"hr\"},{\"@type\":\"Organization\",\"@id\":\"https:\\\/\\\/clair.si\\\/#organization\",\"name\":\"Clair\",\"url\":\"https:\\\/\\\/clair.si\\\/\",\"logo\":{\"@type\":\"ImageObject\",\"inLanguage\":\"hr\",\"@id\":\"https:\\\/\\\/clair.si\\\/#\\\/schema\\\/logo\\\/image\\\/\",\"url\":\"https:\\\/\\\/clair.si\\\/wp-content\\\/uploads\\\/2022\\\/11\\\/clair_logo_2022.jpg\",\"contentUrl\":\"https:\\\/\\\/clair.si\\\/wp-content\\\/uploads\\\/2022\\\/11\\\/clair_logo_2022.jpg\",\"width\":1920,\"height\":1920,\"caption\":\"Clair\"},\"image\":{\"@id\":\"https:\\\/\\\/clair.si\\\/#\\\/schema\\\/logo\\\/image\\\/\"},\"sameAs\":[\"https:\\\/\\\/www.facebook.com\\\/TrgovinaClair\\\/\"]}]}<\/script>\n<!-- \/ Yoast SEO plugin. -->","yoast_head_json":{"title":"Stra\u017enji \u0161titnici Back On Track Airflow - Clair","description":"Stra\u017enji \u0161titnici Back On Track Airflow - Air-tech i 3D Mesh tehnologija za maksimalnu prozra\u010dnost i snagu. Anatomski oblikovane za za\u0161titu stra\u017enjeg","robots":{"index":"index","follow":"follow","max-snippet":"max-snippet:-1","max-image-preview":"max-image-preview:large","max-video-preview":"max-video-preview:-1"},"canonical":"https:\/\/clair.si\/hr\/izdelek\/straznje-zastitne-gamase-back-on-track-airflow\/","og_locale":"hr_HR","og_type":"article","og_title":"Stra\u017enji \u0161titnici Back On Track Airflow - Clair","og_description":"Stra\u017enji \u0161titnici Back On Track Airflow - Air-tech i 3D Mesh tehnologija za maksimalnu prozra\u010dnost i snagu. Anatomski oblikovane za za\u0161titu stra\u017enjeg","og_url":"https:\/\/clair.si\/hr\/izdelek\/straznje-zastitne-gamase-back-on-track-airflow\/","og_site_name":"Clair","article_publisher":"https:\/\/www.facebook.com\/TrgovinaClair\/","article_modified_time":"2025-09-08T16:39:46+00:00","og_image":[{"width":800,"height":800,"url":"https:\/\/clair.si\/wp-content\/uploads\/2023\/06\/back-on-track-airflow-light-mesh-fetlock-boots-zadnji-scitniki-jpg.webp","type":"image\/jpeg"}],"twitter_card":"summary_large_image","twitter_misc":{"Procijenjeno vrijeme \u010ditanja":"1 minuta"},"schema":{"@context":"https:\/\/schema.org","@graph":[{"@type":"WebPage","@id":"https:\/\/clair.si\/hr\/izdelek\/straznje-zastitne-gamase-back-on-track-airflow\/","url":"https:\/\/clair.si\/hr\/izdelek\/straznje-zastitne-gamase-back-on-track-airflow\/","name":"Stra\u017enji \u0161titnici Back On Track Airflow - Clair","isPartOf":{"@id":"https:\/\/clair.si\/#website"},"primaryImageOfPage":{"@id":"https:\/\/clair.si\/hr\/izdelek\/straznje-zastitne-gamase-back-on-track-airflow\/#primaryimage"},"image":{"@id":"https:\/\/clair.si\/hr\/izdelek\/straznje-zastitne-gamase-back-on-track-airflow\/#primaryimage"},"thumbnailUrl":"https:\/\/clair.si\/wp-content\/uploads\/2023\/06\/back-on-track-airflow-light-mesh-fetlock-boots-zadnji-scitniki-jpg.webp","datePublished":"2023-06-01T12:28:15+00:00","dateModified":"2025-09-08T16:39:46+00:00","description":"Stra\u017enji \u0161titnici Back On Track Airflow - Air-tech i 3D Mesh tehnologija za maksimalnu prozra\u010dnost i snagu. Anatomski oblikovane za za\u0161titu stra\u017enjeg","breadcrumb":{"@id":"https:\/\/clair.si\/hr\/izdelek\/straznje-zastitne-gamase-back-on-track-airflow\/#breadcrumb"},"inLanguage":"hr","potentialAction":[{"@type":"ReadAction","target":["https:\/\/clair.si\/hr\/izdelek\/straznje-zastitne-gamase-back-on-track-airflow\/"]}]},{"@type":"ImageObject","inLanguage":"hr","@id":"https:\/\/clair.si\/hr\/izdelek\/straznje-zastitne-gamase-back-on-track-airflow\/#primaryimage","url":"https:\/\/clair.si\/wp-content\/uploads\/2023\/06\/back-on-track-airflow-light-mesh-fetlock-boots-zadnji-scitniki-jpg.webp","contentUrl":"https:\/\/clair.si\/wp-content\/uploads\/2023\/06\/back-on-track-airflow-light-mesh-fetlock-boots-zadnji-scitniki-jpg.webp","width":800,"height":800},{"@type":"BreadcrumbList","@id":"https:\/\/clair.si\/hr\/izdelek\/straznje-zastitne-gamase-back-on-track-airflow\/#breadcrumb","itemListElement":[{"@type":"ListItem","position":1,"name":"Home","item":"https:\/\/clair.si\/hr\/"},{"@type":"ListItem","position":2,"name":"Trgovina","item":"https:\/\/clair.si\/trgovina\/"},{"@type":"ListItem","position":3,"name":"Stra\u017enji \u0161titnici Back On Track Airflow"}]},{"@type":"WebSite","@id":"https:\/\/clair.si\/#website","url":"https:\/\/clair.si\/","name":"Clair","description":"Trgovina s konjeni\u0161ko opremo","publisher":{"@id":"https:\/\/clair.si\/#organization"},"potentialAction":[{"@type":"SearchAction","target":{"@type":"EntryPoint","urlTemplate":"https:\/\/clair.si\/?s={search_term_string}"},"query-input":{"@type":"PropertyValueSpecification","valueRequired":true,"valueName":"search_term_string"}}],"inLanguage":"hr"},{"@type":"Organization","@id":"https:\/\/clair.si\/#organization","name":"Clair","url":"https:\/\/clair.si\/","logo":{"@type":"ImageObject","inLanguage":"hr","@id":"https:\/\/clair.si\/#\/schema\/logo\/image\/","url":"https:\/\/clair.si\/wp-content\/uploads\/2022\/11\/clair_logo_2022.jpg","contentUrl":"https:\/\/clair.si\/wp-content\/uploads\/2022\/11\/clair_logo_2022.jpg","width":1920,"height":1920,"caption":"Clair"},"image":{"@id":"https:\/\/clair.si\/#\/schema\/logo\/image\/"},"sameAs":["https:\/\/www.facebook.com\/TrgovinaClair\/"]}]}},"_links":{"self":[{"href":"https:\/\/clair.si\/hr\/wp-json\/wp\/v2\/product\/98239","targetHints":{"allow":["GET"]}}],"collection":[{"href":"https:\/\/clair.si\/hr\/wp-json\/wp\/v2\/product"}],"about":[{"href":"https:\/\/clair.si\/hr\/wp-json\/wp\/v2\/types\/product"}],"version-history":[{"count":0,"href":"https:\/\/clair.si\/hr\/wp-json\/wp\/v2\/product\/98239\/revisions"}],"wp:featuredmedia":[{"embeddable":true,"href":"https:\/\/clair.si\/hr\/wp-json\/wp\/v2\/media\/98247"}],"wp:attachment":[{"href":"https:\/\/clair.si\/hr\/wp-json\/wp\/v2\/media?parent=98239"}],"wp:term":[{"taxonomy":"product_brand","embeddable":true,"href":"https:\/\/clair.si\/hr\/wp-json\/wp\/v2\/product_brand?post=98239"},{"taxonomy":"product_cat","embeddable":true,"href":"https:\/\/clair.si\/hr\/wp-json\/wp\/v2\/product_cat?post=98239"},{"taxonomy":"product_tag","embeddable":true,"href":"https:\/\/clair.si\/hr\/wp-json\/wp\/v2\/product_tag?post=98239"}],"curies":[{"name":"wp","href":"https:\/\/api.w.org\/{rel}","templated":true}]}}