{"id":98269,"date":"2023-05-25T08:48:50","date_gmt":"2023-05-25T06:48:50","guid":{"rendered":"https:\/\/clair.si\/izdelek\/obadek-mast-protiv-insekata\/"},"modified":"2025-08-28T07:36:48","modified_gmt":"2025-08-28T05:36:48","slug":"obadek-mast-protiv-insekata","status":"publish","type":"product","link":"https:\/\/clair.si\/hr\/izdelek\/obadek-mast-protiv-insekata\/","title":{"rendered":"Obadek mast protiv insekata"},"content":{"rendered":"<p><strong>Za\u0161titna mast protiv insekata Obadek &#8211; <\/strong>Obadek mast sa sadr\u017eajem prirodnih ekstrakata pru\u017ea va\u0161em konju za\u0161titu od insekata. Nanesite je na izlo\u017eene dijelove konjskog tijela jednom dnevno. Djeluje preventivno. Ne mazati oko o\u010diju, sluznica i o\u0161te\u0107ene ko\u017ee. Posebno prikladna krema protiv insekata za osjetljive konje koji ne vole sprejeve.    <\/p>\n<p>Sastojci: <em>Aqua, Cetearyl Alcohol and Sodium Cetearyl sulfate and Sodium lauryl sulfate, Parafinum solidum, Citronela 3275, Mentholum, Camphora, Alcohol, Methylparaben, Propylparaben.<\/em><\/p>\n","protected":false},"excerpt":{"rendered":"<p>Za\u0161titna mast protiv insekata Obadek &#8211; Obadek mast sa sadr\u017eajem prirodnih ekstrakata pru\u017ea va\u0161em konju za\u0161titu od insekata. Nanesite je<\/p>\n","protected":false},"featured_media":98275,"template":"","meta":{"footnotes":""},"product_brand":[],"product_cat":[484,546,1943,486,548,551,1950,485],"product_tag":[],"class_list":{"0":"post-98269","1":"product","2":"type-product","3":"status-publish","4":"has-post-thumbnail","6":"product_cat-konj","7":"product_cat-kozmetika-za-konje","8":"product_cat-kozmetika-za-konje-branding","9":"product_cat-nega-konja","10":"product_cat-spreji-in-kreme","11":"product_cat-hlev-in-pasnik","12":"product_cat-zascita-pred-insekti","13":"product_cat-zascita-pred-mrcesom","15":"first","16":"instock","17":"shipping-taxable","18":"purchasable","19":"product-type-variable"},"yoast_head":"<!-- This site is optimized with the Yoast SEO plugin v27.4 - https:\/\/yoast.com\/product\/yoast-seo-wordpress\/ -->\n<title>Obadek mast protiv insekata - Clair<\/title>\n<meta name=\"description\" content=\"Za\u0161titna mast protiv insekata Obadek - Obadek mast sa sadr\u017eajem prirodnih ekstrakata pru\u017ea va\u0161em konju za\u0161titu od insekata. Nanesite je na izlo\u017eene\" \/>\n<meta name=\"robots\" content=\"index, follow, max-snippet:-1, max-image-preview:large, max-video-preview:-1\" \/>\n<link rel=\"canonical\" href=\"https:\/\/clair.si\/hr\/izdelek\/obadek-mast-protiv-insekata\/\" \/>\n<meta property=\"og:locale\" content=\"hr_HR\" \/>\n<meta property=\"og:type\" content=\"article\" \/>\n<meta property=\"og:title\" content=\"Obadek mast protiv insekata - Clair\" \/>\n<meta property=\"og:description\" content=\"Za\u0161titna mast protiv insekata Obadek - Obadek mast sa sadr\u017eajem prirodnih ekstrakata pru\u017ea va\u0161em konju za\u0161titu od insekata. Nanesite je na izlo\u017eene\" \/>\n<meta property=\"og:url\" content=\"https:\/\/clair.si\/hr\/izdelek\/obadek-mast-protiv-insekata\/\" \/>\n<meta property=\"og:site_name\" content=\"Clair\" \/>\n<meta property=\"article:publisher\" content=\"https:\/\/www.facebook.com\/TrgovinaClair\/\" \/>\n<meta property=\"article:modified_time\" content=\"2025-08-28T05:36:48+00:00\" \/>\n<meta property=\"og:image\" content=\"https:\/\/clair.si\/wp-content\/uploads\/2023\/05\/mazilo_proti_mrcesu_Obadek-jpg.webp\" \/>\n\t<meta property=\"og:image:width\" content=\"500\" \/>\n\t<meta property=\"og:image:height\" content=\"500\" \/>\n\t<meta property=\"og:image:type\" content=\"image\/jpeg\" \/>\n<meta name=\"twitter:card\" content=\"summary_large_image\" \/>\n<script type=\"application\/ld+json\" class=\"yoast-schema-graph\">{\"@context\":\"https:\\\/\\\/schema.org\",\"@graph\":[{\"@type\":\"WebPage\",\"@id\":\"https:\\\/\\\/clair.si\\\/hr\\\/izdelek\\\/obadek-mast-protiv-insekata\\\/\",\"url\":\"https:\\\/\\\/clair.si\\\/hr\\\/izdelek\\\/obadek-mast-protiv-insekata\\\/\",\"name\":\"Obadek mast protiv insekata - Clair\",\"isPartOf\":{\"@id\":\"https:\\\/\\\/clair.si\\\/#website\"},\"primaryImageOfPage\":{\"@id\":\"https:\\\/\\\/clair.si\\\/hr\\\/izdelek\\\/obadek-mast-protiv-insekata\\\/#primaryimage\"},\"image\":{\"@id\":\"https:\\\/\\\/clair.si\\\/hr\\\/izdelek\\\/obadek-mast-protiv-insekata\\\/#primaryimage\"},\"thumbnailUrl\":\"https:\\\/\\\/clair.si\\\/wp-content\\\/uploads\\\/2023\\\/05\\\/mazilo_proti_mrcesu_Obadek-jpg.webp\",\"datePublished\":\"2023-05-25T06:48:50+00:00\",\"dateModified\":\"2025-08-28T05:36:48+00:00\",\"description\":\"Za\u0161titna mast protiv insekata Obadek - Obadek mast sa sadr\u017eajem prirodnih ekstrakata pru\u017ea va\u0161em konju za\u0161titu od insekata. Nanesite je na izlo\u017eene\",\"breadcrumb\":{\"@id\":\"https:\\\/\\\/clair.si\\\/hr\\\/izdelek\\\/obadek-mast-protiv-insekata\\\/#breadcrumb\"},\"inLanguage\":\"hr\",\"potentialAction\":[{\"@type\":\"ReadAction\",\"target\":[\"https:\\\/\\\/clair.si\\\/hr\\\/izdelek\\\/obadek-mast-protiv-insekata\\\/\"]}]},{\"@type\":\"ImageObject\",\"inLanguage\":\"hr\",\"@id\":\"https:\\\/\\\/clair.si\\\/hr\\\/izdelek\\\/obadek-mast-protiv-insekata\\\/#primaryimage\",\"url\":\"https:\\\/\\\/clair.si\\\/wp-content\\\/uploads\\\/2023\\\/05\\\/mazilo_proti_mrcesu_Obadek-jpg.webp\",\"contentUrl\":\"https:\\\/\\\/clair.si\\\/wp-content\\\/uploads\\\/2023\\\/05\\\/mazilo_proti_mrcesu_Obadek-jpg.webp\",\"width\":500,\"height\":500},{\"@type\":\"BreadcrumbList\",\"@id\":\"https:\\\/\\\/clair.si\\\/hr\\\/izdelek\\\/obadek-mast-protiv-insekata\\\/#breadcrumb\",\"itemListElement\":[{\"@type\":\"ListItem\",\"position\":1,\"name\":\"Home\",\"item\":\"https:\\\/\\\/clair.si\\\/hr\\\/\"},{\"@type\":\"ListItem\",\"position\":2,\"name\":\"Trgovina\",\"item\":\"https:\\\/\\\/clair.si\\\/trgovina\\\/\"},{\"@type\":\"ListItem\",\"position\":3,\"name\":\"Obadek mast protiv insekata\"}]},{\"@type\":\"WebSite\",\"@id\":\"https:\\\/\\\/clair.si\\\/#website\",\"url\":\"https:\\\/\\\/clair.si\\\/\",\"name\":\"Clair\",\"description\":\"Trgovina s konjeni\u0161ko opremo\",\"publisher\":{\"@id\":\"https:\\\/\\\/clair.si\\\/#organization\"},\"potentialAction\":[{\"@type\":\"SearchAction\",\"target\":{\"@type\":\"EntryPoint\",\"urlTemplate\":\"https:\\\/\\\/clair.si\\\/?s={search_term_string}\"},\"query-input\":{\"@type\":\"PropertyValueSpecification\",\"valueRequired\":true,\"valueName\":\"search_term_string\"}}],\"inLanguage\":\"hr\"},{\"@type\":\"Organization\",\"@id\":\"https:\\\/\\\/clair.si\\\/#organization\",\"name\":\"Clair\",\"url\":\"https:\\\/\\\/clair.si\\\/\",\"logo\":{\"@type\":\"ImageObject\",\"inLanguage\":\"hr\",\"@id\":\"https:\\\/\\\/clair.si\\\/#\\\/schema\\\/logo\\\/image\\\/\",\"url\":\"https:\\\/\\\/clair.si\\\/wp-content\\\/uploads\\\/2022\\\/11\\\/clair_logo_2022.jpg\",\"contentUrl\":\"https:\\\/\\\/clair.si\\\/wp-content\\\/uploads\\\/2022\\\/11\\\/clair_logo_2022.jpg\",\"width\":1920,\"height\":1920,\"caption\":\"Clair\"},\"image\":{\"@id\":\"https:\\\/\\\/clair.si\\\/#\\\/schema\\\/logo\\\/image\\\/\"},\"sameAs\":[\"https:\\\/\\\/www.facebook.com\\\/TrgovinaClair\\\/\"]}]}<\/script>\n<!-- \/ Yoast SEO plugin. -->","yoast_head_json":{"title":"Obadek mast protiv insekata - Clair","description":"Za\u0161titna mast protiv insekata Obadek - Obadek mast sa sadr\u017eajem prirodnih ekstrakata pru\u017ea va\u0161em konju za\u0161titu od insekata. Nanesite je na izlo\u017eene","robots":{"index":"index","follow":"follow","max-snippet":"max-snippet:-1","max-image-preview":"max-image-preview:large","max-video-preview":"max-video-preview:-1"},"canonical":"https:\/\/clair.si\/hr\/izdelek\/obadek-mast-protiv-insekata\/","og_locale":"hr_HR","og_type":"article","og_title":"Obadek mast protiv insekata - Clair","og_description":"Za\u0161titna mast protiv insekata Obadek - Obadek mast sa sadr\u017eajem prirodnih ekstrakata pru\u017ea va\u0161em konju za\u0161titu od insekata. Nanesite je na izlo\u017eene","og_url":"https:\/\/clair.si\/hr\/izdelek\/obadek-mast-protiv-insekata\/","og_site_name":"Clair","article_publisher":"https:\/\/www.facebook.com\/TrgovinaClair\/","article_modified_time":"2025-08-28T05:36:48+00:00","og_image":[{"width":500,"height":500,"url":"https:\/\/clair.si\/wp-content\/uploads\/2023\/05\/mazilo_proti_mrcesu_Obadek-jpg.webp","type":"image\/jpeg"}],"twitter_card":"summary_large_image","schema":{"@context":"https:\/\/schema.org","@graph":[{"@type":"WebPage","@id":"https:\/\/clair.si\/hr\/izdelek\/obadek-mast-protiv-insekata\/","url":"https:\/\/clair.si\/hr\/izdelek\/obadek-mast-protiv-insekata\/","name":"Obadek mast protiv insekata - Clair","isPartOf":{"@id":"https:\/\/clair.si\/#website"},"primaryImageOfPage":{"@id":"https:\/\/clair.si\/hr\/izdelek\/obadek-mast-protiv-insekata\/#primaryimage"},"image":{"@id":"https:\/\/clair.si\/hr\/izdelek\/obadek-mast-protiv-insekata\/#primaryimage"},"thumbnailUrl":"https:\/\/clair.si\/wp-content\/uploads\/2023\/05\/mazilo_proti_mrcesu_Obadek-jpg.webp","datePublished":"2023-05-25T06:48:50+00:00","dateModified":"2025-08-28T05:36:48+00:00","description":"Za\u0161titna mast protiv insekata Obadek - Obadek mast sa sadr\u017eajem prirodnih ekstrakata pru\u017ea va\u0161em konju za\u0161titu od insekata. Nanesite je na izlo\u017eene","breadcrumb":{"@id":"https:\/\/clair.si\/hr\/izdelek\/obadek-mast-protiv-insekata\/#breadcrumb"},"inLanguage":"hr","potentialAction":[{"@type":"ReadAction","target":["https:\/\/clair.si\/hr\/izdelek\/obadek-mast-protiv-insekata\/"]}]},{"@type":"ImageObject","inLanguage":"hr","@id":"https:\/\/clair.si\/hr\/izdelek\/obadek-mast-protiv-insekata\/#primaryimage","url":"https:\/\/clair.si\/wp-content\/uploads\/2023\/05\/mazilo_proti_mrcesu_Obadek-jpg.webp","contentUrl":"https:\/\/clair.si\/wp-content\/uploads\/2023\/05\/mazilo_proti_mrcesu_Obadek-jpg.webp","width":500,"height":500},{"@type":"BreadcrumbList","@id":"https:\/\/clair.si\/hr\/izdelek\/obadek-mast-protiv-insekata\/#breadcrumb","itemListElement":[{"@type":"ListItem","position":1,"name":"Home","item":"https:\/\/clair.si\/hr\/"},{"@type":"ListItem","position":2,"name":"Trgovina","item":"https:\/\/clair.si\/trgovina\/"},{"@type":"ListItem","position":3,"name":"Obadek mast protiv insekata"}]},{"@type":"WebSite","@id":"https:\/\/clair.si\/#website","url":"https:\/\/clair.si\/","name":"Clair","description":"Trgovina s konjeni\u0161ko opremo","publisher":{"@id":"https:\/\/clair.si\/#organization"},"potentialAction":[{"@type":"SearchAction","target":{"@type":"EntryPoint","urlTemplate":"https:\/\/clair.si\/?s={search_term_string}"},"query-input":{"@type":"PropertyValueSpecification","valueRequired":true,"valueName":"search_term_string"}}],"inLanguage":"hr"},{"@type":"Organization","@id":"https:\/\/clair.si\/#organization","name":"Clair","url":"https:\/\/clair.si\/","logo":{"@type":"ImageObject","inLanguage":"hr","@id":"https:\/\/clair.si\/#\/schema\/logo\/image\/","url":"https:\/\/clair.si\/wp-content\/uploads\/2022\/11\/clair_logo_2022.jpg","contentUrl":"https:\/\/clair.si\/wp-content\/uploads\/2022\/11\/clair_logo_2022.jpg","width":1920,"height":1920,"caption":"Clair"},"image":{"@id":"https:\/\/clair.si\/#\/schema\/logo\/image\/"},"sameAs":["https:\/\/www.facebook.com\/TrgovinaClair\/"]}]}},"_links":{"self":[{"href":"https:\/\/clair.si\/hr\/wp-json\/wp\/v2\/product\/98269","targetHints":{"allow":["GET"]}}],"collection":[{"href":"https:\/\/clair.si\/hr\/wp-json\/wp\/v2\/product"}],"about":[{"href":"https:\/\/clair.si\/hr\/wp-json\/wp\/v2\/types\/product"}],"version-history":[{"count":0,"href":"https:\/\/clair.si\/hr\/wp-json\/wp\/v2\/product\/98269\/revisions"}],"wp:featuredmedia":[{"embeddable":true,"href":"https:\/\/clair.si\/hr\/wp-json\/wp\/v2\/media\/98275"}],"wp:attachment":[{"href":"https:\/\/clair.si\/hr\/wp-json\/wp\/v2\/media?parent=98269"}],"wp:term":[{"taxonomy":"product_brand","embeddable":true,"href":"https:\/\/clair.si\/hr\/wp-json\/wp\/v2\/product_brand?post=98269"},{"taxonomy":"product_cat","embeddable":true,"href":"https:\/\/clair.si\/hr\/wp-json\/wp\/v2\/product_cat?post=98269"},{"taxonomy":"product_tag","embeddable":true,"href":"https:\/\/clair.si\/hr\/wp-json\/wp\/v2\/product_tag?post=98269"}],"curies":[{"name":"wp","href":"https:\/\/api.w.org\/{rel}","templated":true}]}}