{"id":98390,"date":"2023-05-17T11:03:02","date_gmt":"2023-05-17T09:03:02","guid":{"rendered":"https:\/\/clair.si\/izdelek\/muske-natjecateljske-jahace-hlace-pikeur-rodrigo-mc-kn\/"},"modified":"2026-04-12T22:05:00","modified_gmt":"2026-04-12T20:05:00","slug":"muske-natjecateljske-jahace-hlace-pikeur-rodrigo-mc-kn","status":"publish","type":"product","link":"https:\/\/clair.si\/hr\/izdelek\/muske-natjecateljske-jahace-hlace-pikeur-rodrigo-mc-kn\/","title":{"rendered":"Mu\u0161ke natjecateljske jaha\u0107e hla\u010de Pikeur Rodrigo MC KN"},"content":{"rendered":"<p><strong>Mu\u0161ke natjecateljske jaha\u0107e hla\u010de Pikeur Rodrigo MC KN vrlo su popularne mu\u0161ke jaha\u0107e hla\u010de<\/strong>, s dva <span class=\"HwtZe\" lang=\"sl\"><span class=\"jCAhz ChMk0b\"><span class=\"ryNqvb\">velika kosa prednja d\u017eepa i dva d\u017eepa straga.<\/span><\/span> <span class=\"jCAhz ChMk0b\"><span class=\"ryNqvb\">\u0160iroke petlje za remen i zatvaranje na \u010di\u010dak na gle\u017enjevima.<\/span><\/span> <span class=\"jCAhz ChMk0b\"><span class=\"ryNqvb\"><strong>Za dobar oprijem brinu zakrpe za koljena od bru\u0161ene ko\u017ee McCrown<\/strong>.<\/span><\/span> <span class=\"jCAhz ChMk0b\"><span class=\"ryNqvb\">Tkanina Micro-Fibre 2000 nudi slobodu kretanja, dobro odvaja znoj i ima visoku otpornost na habanje.<\/span><\/span><\/span><\/p>\n<p>Veli\u010dinu hla\u010da i mjere mo\u017eete prona\u0107i u tablici.<\/p>\n<p>Veli\u010dina 98 je produ\u017eeni model. Provjerite! <\/p>\n<p>Sastav: 64 % pamuk, 29 % poliamid, 7 % elastan<\/p>\n","protected":false},"excerpt":{"rendered":"<p>Mu\u0161ke natjecateljske jaha\u0107e hla\u010de Pikeur Rodrigo MC KN vrlo su popularne mu\u0161ke jaha\u0107e hla\u010de, s dva velika kosa prednja d\u017eepa<\/p>\n","protected":false},"featured_media":98394,"template":"","meta":{"footnotes":""},"product_brand":[],"product_cat":[445,646,579,456,453,451,654,656,1566],"product_tag":[],"class_list":{"0":"post-98390","1":"product","2":"type-product","3":"status-publish","4":"has-post-thumbnail","6":"product_cat-jahac","7":"product_cat-kategorije","8":"product_cat-kolekcije","9":"product_cat-tekmovalna-oblacila-moski","10":"product_cat-jahalne-hlace-moski","11":"product_cat-moski","12":"product_cat-tekmovanja","13":"product_cat-tekmovalne-hlace","14":"product_cat-pikeur-eskadron","16":"first","17":"instock","18":"shipping-taxable","19":"purchasable","20":"product-type-variable"},"yoast_head":"<!-- This site is optimized with the Yoast SEO plugin v27.3 - https:\/\/yoast.com\/product\/yoast-seo-wordpress\/ -->\n<title>Mu\u0161ke natjecateljske jaha\u0107e hla\u010de Pikeur Rodrigo MC KN - Clair<\/title>\n<meta name=\"description\" content=\"Mu\u0161ke natjecateljske jaha\u0107e hla\u010de Pikeur Rodrigo MC KN vrlo su popularne mu\u0161ke jaha\u0107e hla\u010de, s dva velika kosa prednja d\u017eepa i dva d\u017eepa straga. \u0160iroke\" \/>\n<meta name=\"robots\" content=\"index, follow, max-snippet:-1, max-image-preview:large, max-video-preview:-1\" \/>\n<link rel=\"canonical\" href=\"https:\/\/clair.si\/hr\/izdelek\/muske-natjecateljske-jahace-hlace-pikeur-rodrigo-mc-kn\/\" \/>\n<meta property=\"og:locale\" content=\"hr_HR\" \/>\n<meta property=\"og:type\" content=\"article\" \/>\n<meta property=\"og:title\" content=\"Mu\u0161ke natjecateljske jaha\u0107e hla\u010de Pikeur Rodrigo MC KN - Clair\" \/>\n<meta property=\"og:description\" content=\"Mu\u0161ke natjecateljske jaha\u0107e hla\u010de Pikeur Rodrigo MC KN vrlo su popularne mu\u0161ke jaha\u0107e hla\u010de, s dva velika kosa prednja d\u017eepa i dva d\u017eepa straga. \u0160iroke\" \/>\n<meta property=\"og:url\" content=\"https:\/\/clair.si\/hr\/izdelek\/muske-natjecateljske-jahace-hlace-pikeur-rodrigo-mc-kn\/\" \/>\n<meta property=\"og:site_name\" content=\"Clair\" \/>\n<meta property=\"article:publisher\" content=\"https:\/\/www.facebook.com\/TrgovinaClair\/\" \/>\n<meta property=\"article:modified_time\" content=\"2026-04-12T20:05:00+00:00\" \/>\n<meta property=\"og:image\" content=\"https:\/\/clair.si\/wp-content\/uploads\/2023\/05\/pik_147502_479_10_f_1920x1920-RODRIGO-MC-KN-PIKEUR-moske-jahalne-hlace-jpg.webp\" \/>\n\t<meta property=\"og:image:width\" content=\"1920\" \/>\n\t<meta property=\"og:image:height\" content=\"1920\" \/>\n\t<meta property=\"og:image:type\" content=\"image\/jpeg\" \/>\n<meta name=\"twitter:card\" content=\"summary_large_image\" \/>\n<script type=\"application\/ld+json\" class=\"yoast-schema-graph\">{\"@context\":\"https:\\\/\\\/schema.org\",\"@graph\":[{\"@type\":\"WebPage\",\"@id\":\"https:\\\/\\\/clair.si\\\/hr\\\/izdelek\\\/muske-natjecateljske-jahace-hlace-pikeur-rodrigo-mc-kn\\\/\",\"url\":\"https:\\\/\\\/clair.si\\\/hr\\\/izdelek\\\/muske-natjecateljske-jahace-hlace-pikeur-rodrigo-mc-kn\\\/\",\"name\":\"Mu\u0161ke natjecateljske jaha\u0107e hla\u010de Pikeur Rodrigo MC KN - Clair\",\"isPartOf\":{\"@id\":\"https:\\\/\\\/clair.si\\\/#website\"},\"primaryImageOfPage\":{\"@id\":\"https:\\\/\\\/clair.si\\\/hr\\\/izdelek\\\/muske-natjecateljske-jahace-hlace-pikeur-rodrigo-mc-kn\\\/#primaryimage\"},\"image\":{\"@id\":\"https:\\\/\\\/clair.si\\\/hr\\\/izdelek\\\/muske-natjecateljske-jahace-hlace-pikeur-rodrigo-mc-kn\\\/#primaryimage\"},\"thumbnailUrl\":\"https:\\\/\\\/clair.si\\\/wp-content\\\/uploads\\\/2023\\\/05\\\/pik_147502_479_10_f_1920x1920-RODRIGO-MC-KN-PIKEUR-moske-jahalne-hlace-jpg.webp\",\"datePublished\":\"2023-05-17T09:03:02+00:00\",\"dateModified\":\"2026-04-12T20:05:00+00:00\",\"description\":\"Mu\u0161ke natjecateljske jaha\u0107e hla\u010de Pikeur Rodrigo MC KN vrlo su popularne mu\u0161ke jaha\u0107e hla\u010de, s dva velika kosa prednja d\u017eepa i dva d\u017eepa straga. \u0160iroke\",\"breadcrumb\":{\"@id\":\"https:\\\/\\\/clair.si\\\/hr\\\/izdelek\\\/muske-natjecateljske-jahace-hlace-pikeur-rodrigo-mc-kn\\\/#breadcrumb\"},\"inLanguage\":\"hr\",\"potentialAction\":[{\"@type\":\"ReadAction\",\"target\":[\"https:\\\/\\\/clair.si\\\/hr\\\/izdelek\\\/muske-natjecateljske-jahace-hlace-pikeur-rodrigo-mc-kn\\\/\"]}]},{\"@type\":\"ImageObject\",\"inLanguage\":\"hr\",\"@id\":\"https:\\\/\\\/clair.si\\\/hr\\\/izdelek\\\/muske-natjecateljske-jahace-hlace-pikeur-rodrigo-mc-kn\\\/#primaryimage\",\"url\":\"https:\\\/\\\/clair.si\\\/wp-content\\\/uploads\\\/2023\\\/05\\\/pik_147502_479_10_f_1920x1920-RODRIGO-MC-KN-PIKEUR-moske-jahalne-hlace-jpg.webp\",\"contentUrl\":\"https:\\\/\\\/clair.si\\\/wp-content\\\/uploads\\\/2023\\\/05\\\/pik_147502_479_10_f_1920x1920-RODRIGO-MC-KN-PIKEUR-moske-jahalne-hlace-jpg.webp\",\"width\":1920,\"height\":1920,\"caption\":\"Mo\u0161ke tekmovalne jahalne hla\u010de Pikeur Rodrigo MC KN 3\"},{\"@type\":\"BreadcrumbList\",\"@id\":\"https:\\\/\\\/clair.si\\\/hr\\\/izdelek\\\/muske-natjecateljske-jahace-hlace-pikeur-rodrigo-mc-kn\\\/#breadcrumb\",\"itemListElement\":[{\"@type\":\"ListItem\",\"position\":1,\"name\":\"Home\",\"item\":\"https:\\\/\\\/clair.si\\\/hr\\\/\"},{\"@type\":\"ListItem\",\"position\":2,\"name\":\"Trgovina\",\"item\":\"https:\\\/\\\/clair.si\\\/trgovina\\\/\"},{\"@type\":\"ListItem\",\"position\":3,\"name\":\"Mu\u0161ke natjecateljske jaha\u0107e hla\u010de Pikeur Rodrigo MC KN\"}]},{\"@type\":\"WebSite\",\"@id\":\"https:\\\/\\\/clair.si\\\/#website\",\"url\":\"https:\\\/\\\/clair.si\\\/\",\"name\":\"Clair\",\"description\":\"Trgovina s konjeni\u0161ko opremo\",\"publisher\":{\"@id\":\"https:\\\/\\\/clair.si\\\/#organization\"},\"potentialAction\":[{\"@type\":\"SearchAction\",\"target\":{\"@type\":\"EntryPoint\",\"urlTemplate\":\"https:\\\/\\\/clair.si\\\/?s={search_term_string}\"},\"query-input\":{\"@type\":\"PropertyValueSpecification\",\"valueRequired\":true,\"valueName\":\"search_term_string\"}}],\"inLanguage\":\"hr\"},{\"@type\":\"Organization\",\"@id\":\"https:\\\/\\\/clair.si\\\/#organization\",\"name\":\"Clair\",\"url\":\"https:\\\/\\\/clair.si\\\/\",\"logo\":{\"@type\":\"ImageObject\",\"inLanguage\":\"hr\",\"@id\":\"https:\\\/\\\/clair.si\\\/#\\\/schema\\\/logo\\\/image\\\/\",\"url\":\"https:\\\/\\\/clair.si\\\/wp-content\\\/uploads\\\/2022\\\/11\\\/clair_logo_2022.jpg\",\"contentUrl\":\"https:\\\/\\\/clair.si\\\/wp-content\\\/uploads\\\/2022\\\/11\\\/clair_logo_2022.jpg\",\"width\":1920,\"height\":1920,\"caption\":\"Clair\"},\"image\":{\"@id\":\"https:\\\/\\\/clair.si\\\/#\\\/schema\\\/logo\\\/image\\\/\"},\"sameAs\":[\"https:\\\/\\\/www.facebook.com\\\/TrgovinaClair\\\/\"]}]}<\/script>\n<!-- \/ Yoast SEO plugin. -->","yoast_head_json":{"title":"Mu\u0161ke natjecateljske jaha\u0107e hla\u010de Pikeur Rodrigo MC KN - Clair","description":"Mu\u0161ke natjecateljske jaha\u0107e hla\u010de Pikeur Rodrigo MC KN vrlo su popularne mu\u0161ke jaha\u0107e hla\u010de, s dva velika kosa prednja d\u017eepa i dva d\u017eepa straga. \u0160iroke","robots":{"index":"index","follow":"follow","max-snippet":"max-snippet:-1","max-image-preview":"max-image-preview:large","max-video-preview":"max-video-preview:-1"},"canonical":"https:\/\/clair.si\/hr\/izdelek\/muske-natjecateljske-jahace-hlace-pikeur-rodrigo-mc-kn\/","og_locale":"hr_HR","og_type":"article","og_title":"Mu\u0161ke natjecateljske jaha\u0107e hla\u010de Pikeur Rodrigo MC KN - Clair","og_description":"Mu\u0161ke natjecateljske jaha\u0107e hla\u010de Pikeur Rodrigo MC KN vrlo su popularne mu\u0161ke jaha\u0107e hla\u010de, s dva velika kosa prednja d\u017eepa i dva d\u017eepa straga. \u0160iroke","og_url":"https:\/\/clair.si\/hr\/izdelek\/muske-natjecateljske-jahace-hlace-pikeur-rodrigo-mc-kn\/","og_site_name":"Clair","article_publisher":"https:\/\/www.facebook.com\/TrgovinaClair\/","article_modified_time":"2026-04-12T20:05:00+00:00","og_image":[{"width":1920,"height":1920,"url":"https:\/\/clair.si\/wp-content\/uploads\/2023\/05\/pik_147502_479_10_f_1920x1920-RODRIGO-MC-KN-PIKEUR-moske-jahalne-hlace-jpg.webp","type":"image\/jpeg"}],"twitter_card":"summary_large_image","schema":{"@context":"https:\/\/schema.org","@graph":[{"@type":"WebPage","@id":"https:\/\/clair.si\/hr\/izdelek\/muske-natjecateljske-jahace-hlace-pikeur-rodrigo-mc-kn\/","url":"https:\/\/clair.si\/hr\/izdelek\/muske-natjecateljske-jahace-hlace-pikeur-rodrigo-mc-kn\/","name":"Mu\u0161ke natjecateljske jaha\u0107e hla\u010de Pikeur Rodrigo MC KN - Clair","isPartOf":{"@id":"https:\/\/clair.si\/#website"},"primaryImageOfPage":{"@id":"https:\/\/clair.si\/hr\/izdelek\/muske-natjecateljske-jahace-hlace-pikeur-rodrigo-mc-kn\/#primaryimage"},"image":{"@id":"https:\/\/clair.si\/hr\/izdelek\/muske-natjecateljske-jahace-hlace-pikeur-rodrigo-mc-kn\/#primaryimage"},"thumbnailUrl":"https:\/\/clair.si\/wp-content\/uploads\/2023\/05\/pik_147502_479_10_f_1920x1920-RODRIGO-MC-KN-PIKEUR-moske-jahalne-hlace-jpg.webp","datePublished":"2023-05-17T09:03:02+00:00","dateModified":"2026-04-12T20:05:00+00:00","description":"Mu\u0161ke natjecateljske jaha\u0107e hla\u010de Pikeur Rodrigo MC KN vrlo su popularne mu\u0161ke jaha\u0107e hla\u010de, s dva velika kosa prednja d\u017eepa i dva d\u017eepa straga. \u0160iroke","breadcrumb":{"@id":"https:\/\/clair.si\/hr\/izdelek\/muske-natjecateljske-jahace-hlace-pikeur-rodrigo-mc-kn\/#breadcrumb"},"inLanguage":"hr","potentialAction":[{"@type":"ReadAction","target":["https:\/\/clair.si\/hr\/izdelek\/muske-natjecateljske-jahace-hlace-pikeur-rodrigo-mc-kn\/"]}]},{"@type":"ImageObject","inLanguage":"hr","@id":"https:\/\/clair.si\/hr\/izdelek\/muske-natjecateljske-jahace-hlace-pikeur-rodrigo-mc-kn\/#primaryimage","url":"https:\/\/clair.si\/wp-content\/uploads\/2023\/05\/pik_147502_479_10_f_1920x1920-RODRIGO-MC-KN-PIKEUR-moske-jahalne-hlace-jpg.webp","contentUrl":"https:\/\/clair.si\/wp-content\/uploads\/2023\/05\/pik_147502_479_10_f_1920x1920-RODRIGO-MC-KN-PIKEUR-moske-jahalne-hlace-jpg.webp","width":1920,"height":1920,"caption":"Mo\u0161ke tekmovalne jahalne hla\u010de Pikeur Rodrigo MC KN 3"},{"@type":"BreadcrumbList","@id":"https:\/\/clair.si\/hr\/izdelek\/muske-natjecateljske-jahace-hlace-pikeur-rodrigo-mc-kn\/#breadcrumb","itemListElement":[{"@type":"ListItem","position":1,"name":"Home","item":"https:\/\/clair.si\/hr\/"},{"@type":"ListItem","position":2,"name":"Trgovina","item":"https:\/\/clair.si\/trgovina\/"},{"@type":"ListItem","position":3,"name":"Mu\u0161ke natjecateljske jaha\u0107e hla\u010de Pikeur Rodrigo MC KN"}]},{"@type":"WebSite","@id":"https:\/\/clair.si\/#website","url":"https:\/\/clair.si\/","name":"Clair","description":"Trgovina s konjeni\u0161ko opremo","publisher":{"@id":"https:\/\/clair.si\/#organization"},"potentialAction":[{"@type":"SearchAction","target":{"@type":"EntryPoint","urlTemplate":"https:\/\/clair.si\/?s={search_term_string}"},"query-input":{"@type":"PropertyValueSpecification","valueRequired":true,"valueName":"search_term_string"}}],"inLanguage":"hr"},{"@type":"Organization","@id":"https:\/\/clair.si\/#organization","name":"Clair","url":"https:\/\/clair.si\/","logo":{"@type":"ImageObject","inLanguage":"hr","@id":"https:\/\/clair.si\/#\/schema\/logo\/image\/","url":"https:\/\/clair.si\/wp-content\/uploads\/2022\/11\/clair_logo_2022.jpg","contentUrl":"https:\/\/clair.si\/wp-content\/uploads\/2022\/11\/clair_logo_2022.jpg","width":1920,"height":1920,"caption":"Clair"},"image":{"@id":"https:\/\/clair.si\/#\/schema\/logo\/image\/"},"sameAs":["https:\/\/www.facebook.com\/TrgovinaClair\/"]}]}},"_links":{"self":[{"href":"https:\/\/clair.si\/hr\/wp-json\/wp\/v2\/product\/98390","targetHints":{"allow":["GET"]}}],"collection":[{"href":"https:\/\/clair.si\/hr\/wp-json\/wp\/v2\/product"}],"about":[{"href":"https:\/\/clair.si\/hr\/wp-json\/wp\/v2\/types\/product"}],"version-history":[{"count":0,"href":"https:\/\/clair.si\/hr\/wp-json\/wp\/v2\/product\/98390\/revisions"}],"wp:featuredmedia":[{"embeddable":true,"href":"https:\/\/clair.si\/hr\/wp-json\/wp\/v2\/media\/98394"}],"wp:attachment":[{"href":"https:\/\/clair.si\/hr\/wp-json\/wp\/v2\/media?parent=98390"}],"wp:term":[{"taxonomy":"product_brand","embeddable":true,"href":"https:\/\/clair.si\/hr\/wp-json\/wp\/v2\/product_brand?post=98390"},{"taxonomy":"product_cat","embeddable":true,"href":"https:\/\/clair.si\/hr\/wp-json\/wp\/v2\/product_cat?post=98390"},{"taxonomy":"product_tag","embeddable":true,"href":"https:\/\/clair.si\/hr\/wp-json\/wp\/v2\/product_tag?post=98390"}],"curies":[{"name":"wp","href":"https:\/\/api.w.org\/{rel}","templated":true}]}}