{"id":98419,"date":"2023-05-23T09:32:42","date_gmt":"2023-05-23T07:32:42","guid":{"rendered":"https:\/\/clair.si\/izdelek\/pokrivac-eskadron-pro-cover-fly-platinum-pure-s-s-23\/"},"modified":"2026-02-01T11:22:12","modified_gmt":"2026-02-01T10:22:12","slug":"deka-eskadron-pro-cover-fly-platinum-pure-s-s-23","status":"publish","type":"product","link":"https:\/\/clair.si\/hr\/izdelek\/deka-eskadron-pro-cover-fly-platinum-pure-s-s-23\/","title":{"rendered":"Deka ESKADRON Pro Cover Fly Platinum Pure S\/S 23"},"content":{"rendered":"<p><strong>Deka ESKADRON Pro Cover Fly Platinum Pure S\/S 23<\/strong><\/p>\n<ul>\n<li><span class=\"HwtZe\" lang=\"sl\"><span class=\"jCAhz ChMk0b\"><span class=\"ryNqvb\">lagani ljetni pokriva\u010d od gusto pletene poliesterske mre\u017ee<\/span><\/span> <\/span><\/li>\n<li><span class=\"HwtZe\" lang=\"sl\"><span class=\"jCAhz ChMk0b\"><span class=\"ryNqvb\">prozra\u010dan i elasti\u010dan mre\u017easti materijal <\/span><\/span><\/span><\/li>\n<li><span class=\"HwtZe\" lang=\"sl\"><span class=\"jCAhz ChMk0b\"><span class=\"ryNqvb\">na le\u0111ima<\/span><\/span> <span class=\"jCAhz ChMk0b\"><span class=\"ryNqvb\">svjetlucava podstava grebena<\/span><\/span> <\/span><\/li>\n<li><span class=\"HwtZe\" lang=\"sl\"><span class=\"jCAhz ChMk0b\"><span class=\"ryNqvb\">Platinum Pure natpis s obje strane vrata<\/span><\/span> <\/span><\/li>\n<li><span class=\"HwtZe\" lang=\"sl\"><span class=\"jCAhz ChMk0b\"><span class=\"ryNqvb\">dvostruko kop\u010danje na prsima s \u010di\u010dkom<\/span><\/span> <\/span><\/li>\n<li><span class=\"HwtZe\" lang=\"sl\"><span class=\"jCAhz ChMk0b\"><span class=\"ryNqvb\">odvojivi kri\u017eni trbu\u0161ni remeni<\/span><\/span><\/span><\/li>\n<li><span class=\"HwtZe\" lang=\"sl\"> <span class=\"jCAhz ChMk0b\"><span class=\"ryNqvb\">integrirani remen za rep<\/span><\/span><\/span><\/li>\n<\/ul>\n","protected":false},"excerpt":{"rendered":"<p>Deka ESKADRON Pro Cover Fly Platinum Pure S\/S 23 lagani ljetni pokriva\u010d od gusto pletene poliesterske mre\u017ee prozra\u010dan i elasti\u010dan<\/p>\n","protected":false},"featured_media":98434,"template":"","meta":{"footnotes":""},"product_brand":[],"product_cat":[5692,5693,5694,6398,5744,5624,5729,5674],"product_tag":[],"class_list":{"0":"post-98419","1":"product","2":"type-product","3":"status-publish","4":"has-post-thumbnail","6":"product_cat-pokrivaci","7":"product_cat-pokrivaci-protiv-insekata","8":"product_cat-deke-protiv-muha","9":"product_cat-eskadron-platinum-pure-23","10":"product_cat-kolekcije-hr","11":"product_cat-konj-hr","12":"product_cat-pikeur-eskadron-hr","13":"product_cat-zastita-od-insekata","15":"first","16":"instock","17":"sale","18":"shipping-taxable","19":"purchasable","20":"product-type-variable"},"yoast_head":"<!-- This site is optimized with the Yoast SEO plugin v27.4 - https:\/\/yoast.com\/product\/yoast-seo-wordpress\/ -->\n<title>Deka ESKADRON Pro Cover Fly Platinum Pure S\/S 23 - Clair<\/title>\n<meta name=\"description\" content=\"Deka ESKADRON Pro Cover Fly Platinum Pure S\/S 23 lagani ljetni pokriva\u010d od gusto pletene poliesterske mre\u017ee prozra\u010dan i elasti\u010dan mre\u017easti materijal na\" \/>\n<meta name=\"robots\" content=\"index, follow, max-snippet:-1, max-image-preview:large, max-video-preview:-1\" \/>\n<link rel=\"canonical\" href=\"https:\/\/clair.si\/izdelek\/pregrinjalo-eskadron-pro-cover-fly-platinum-pure-s-s-23\/\" \/>\n<meta property=\"og:locale\" content=\"hr_HR\" \/>\n<meta property=\"og:type\" content=\"article\" \/>\n<meta property=\"og:title\" content=\"Deka ESKADRON Pro Cover Fly Platinum Pure S\/S 23 - Clair\" \/>\n<meta property=\"og:description\" content=\"Deka ESKADRON Pro Cover Fly Platinum Pure S\/S 23 lagani ljetni pokriva\u010d od gusto pletene poliesterske mre\u017ee prozra\u010dan i elasti\u010dan mre\u017easti materijal na\" \/>\n<meta property=\"og:url\" content=\"https:\/\/clair.si\/izdelek\/pregrinjalo-eskadron-pro-cover-fly-platinum-pure-s-s-23\/\" \/>\n<meta property=\"og:site_name\" content=\"Clair\" \/>\n<meta property=\"article:publisher\" content=\"https:\/\/www.facebook.com\/TrgovinaClair\/\" \/>\n<meta property=\"article:modified_time\" content=\"2026-02-01T10:22:12+00:00\" \/>\n<meta property=\"og:image\" content=\"https:\/\/clair.si\/wp-content\/uploads\/2023\/05\/esk_133131_372_380_f_1920x1920-pregrinjalo-pro-cover-fly-eskadron-platinum-pure-jpg.webp\" \/>\n\t<meta property=\"og:image:width\" content=\"1200\" \/>\n\t<meta property=\"og:image:height\" content=\"1200\" \/>\n\t<meta property=\"og:image:type\" content=\"image\/jpeg\" \/>\n<meta name=\"twitter:card\" content=\"summary_large_image\" \/>\n<meta name=\"twitter:label1\" content=\"Procijenjeno vrijeme \u010ditanja\" \/>\n\t<meta name=\"twitter:data1\" content=\"1 minuta\" \/>\n<script type=\"application\/ld+json\" class=\"yoast-schema-graph\">{\"@context\":\"https:\\\/\\\/schema.org\",\"@graph\":[{\"@type\":\"WebPage\",\"@id\":\"https:\\\/\\\/clair.si\\\/izdelek\\\/pregrinjalo-eskadron-pro-cover-fly-platinum-pure-s-s-23\\\/\",\"url\":\"https:\\\/\\\/clair.si\\\/izdelek\\\/pregrinjalo-eskadron-pro-cover-fly-platinum-pure-s-s-23\\\/\",\"name\":\"Deka ESKADRON Pro Cover Fly Platinum Pure S\\\/S 23 - Clair\",\"isPartOf\":{\"@id\":\"https:\\\/\\\/clair.si\\\/#website\"},\"primaryImageOfPage\":{\"@id\":\"https:\\\/\\\/clair.si\\\/izdelek\\\/pregrinjalo-eskadron-pro-cover-fly-platinum-pure-s-s-23\\\/#primaryimage\"},\"image\":{\"@id\":\"https:\\\/\\\/clair.si\\\/izdelek\\\/pregrinjalo-eskadron-pro-cover-fly-platinum-pure-s-s-23\\\/#primaryimage\"},\"thumbnailUrl\":\"https:\\\/\\\/clair.si\\\/wp-content\\\/uploads\\\/2023\\\/05\\\/esk_133131_372_380_f_1920x1920-pregrinjalo-pro-cover-fly-eskadron-platinum-pure-jpg.webp\",\"datePublished\":\"2023-05-23T07:32:42+00:00\",\"dateModified\":\"2026-02-01T10:22:12+00:00\",\"description\":\"Deka ESKADRON Pro Cover Fly Platinum Pure S\\\/S 23 lagani ljetni pokriva\u010d od gusto pletene poliesterske mre\u017ee prozra\u010dan i elasti\u010dan mre\u017easti materijal na\",\"breadcrumb\":{\"@id\":\"https:\\\/\\\/clair.si\\\/izdelek\\\/pregrinjalo-eskadron-pro-cover-fly-platinum-pure-s-s-23\\\/#breadcrumb\"},\"inLanguage\":\"hr\",\"potentialAction\":[{\"@type\":\"ReadAction\",\"target\":[\"https:\\\/\\\/clair.si\\\/izdelek\\\/pregrinjalo-eskadron-pro-cover-fly-platinum-pure-s-s-23\\\/\"]}]},{\"@type\":\"ImageObject\",\"inLanguage\":\"hr\",\"@id\":\"https:\\\/\\\/clair.si\\\/izdelek\\\/pregrinjalo-eskadron-pro-cover-fly-platinum-pure-s-s-23\\\/#primaryimage\",\"url\":\"https:\\\/\\\/clair.si\\\/wp-content\\\/uploads\\\/2023\\\/05\\\/esk_133131_372_380_f_1920x1920-pregrinjalo-pro-cover-fly-eskadron-platinum-pure-jpg.webp\",\"contentUrl\":\"https:\\\/\\\/clair.si\\\/wp-content\\\/uploads\\\/2023\\\/05\\\/esk_133131_372_380_f_1920x1920-pregrinjalo-pro-cover-fly-eskadron-platinum-pure-jpg.webp\",\"width\":1200,\"height\":1200},{\"@type\":\"BreadcrumbList\",\"@id\":\"https:\\\/\\\/clair.si\\\/izdelek\\\/pregrinjalo-eskadron-pro-cover-fly-platinum-pure-s-s-23\\\/#breadcrumb\",\"itemListElement\":[{\"@type\":\"ListItem\",\"position\":1,\"name\":\"Home\",\"item\":\"https:\\\/\\\/clair.si\\\/hr\\\/\"},{\"@type\":\"ListItem\",\"position\":2,\"name\":\"Trgovina\",\"item\":\"https:\\\/\\\/clair.si\\\/trgovina\\\/\"},{\"@type\":\"ListItem\",\"position\":3,\"name\":\"Deka ESKADRON Pro Cover Fly Platinum Pure S\\\/S 23\"}]},{\"@type\":\"WebSite\",\"@id\":\"https:\\\/\\\/clair.si\\\/#website\",\"url\":\"https:\\\/\\\/clair.si\\\/\",\"name\":\"Clair\",\"description\":\"Trgovina s konjeni\u0161ko opremo\",\"publisher\":{\"@id\":\"https:\\\/\\\/clair.si\\\/#organization\"},\"potentialAction\":[{\"@type\":\"SearchAction\",\"target\":{\"@type\":\"EntryPoint\",\"urlTemplate\":\"https:\\\/\\\/clair.si\\\/?s={search_term_string}\"},\"query-input\":{\"@type\":\"PropertyValueSpecification\",\"valueRequired\":true,\"valueName\":\"search_term_string\"}}],\"inLanguage\":\"hr\"},{\"@type\":\"Organization\",\"@id\":\"https:\\\/\\\/clair.si\\\/#organization\",\"name\":\"Clair\",\"url\":\"https:\\\/\\\/clair.si\\\/\",\"logo\":{\"@type\":\"ImageObject\",\"inLanguage\":\"hr\",\"@id\":\"https:\\\/\\\/clair.si\\\/#\\\/schema\\\/logo\\\/image\\\/\",\"url\":\"https:\\\/\\\/clair.si\\\/wp-content\\\/uploads\\\/2022\\\/11\\\/clair_logo_2022.jpg\",\"contentUrl\":\"https:\\\/\\\/clair.si\\\/wp-content\\\/uploads\\\/2022\\\/11\\\/clair_logo_2022.jpg\",\"width\":1920,\"height\":1920,\"caption\":\"Clair\"},\"image\":{\"@id\":\"https:\\\/\\\/clair.si\\\/#\\\/schema\\\/logo\\\/image\\\/\"},\"sameAs\":[\"https:\\\/\\\/www.facebook.com\\\/TrgovinaClair\\\/\"]}]}<\/script>\n<!-- \/ Yoast SEO plugin. -->","yoast_head_json":{"title":"Deka ESKADRON Pro Cover Fly Platinum Pure S\/S 23 - Clair","description":"Deka ESKADRON Pro Cover Fly Platinum Pure S\/S 23 lagani ljetni pokriva\u010d od gusto pletene poliesterske mre\u017ee prozra\u010dan i elasti\u010dan mre\u017easti materijal na","robots":{"index":"index","follow":"follow","max-snippet":"max-snippet:-1","max-image-preview":"max-image-preview:large","max-video-preview":"max-video-preview:-1"},"canonical":"https:\/\/clair.si\/izdelek\/pregrinjalo-eskadron-pro-cover-fly-platinum-pure-s-s-23\/","og_locale":"hr_HR","og_type":"article","og_title":"Deka ESKADRON Pro Cover Fly Platinum Pure S\/S 23 - Clair","og_description":"Deka ESKADRON Pro Cover Fly Platinum Pure S\/S 23 lagani ljetni pokriva\u010d od gusto pletene poliesterske mre\u017ee prozra\u010dan i elasti\u010dan mre\u017easti materijal na","og_url":"https:\/\/clair.si\/izdelek\/pregrinjalo-eskadron-pro-cover-fly-platinum-pure-s-s-23\/","og_site_name":"Clair","article_publisher":"https:\/\/www.facebook.com\/TrgovinaClair\/","article_modified_time":"2026-02-01T10:22:12+00:00","og_image":[{"width":1200,"height":1200,"url":"https:\/\/clair.si\/wp-content\/uploads\/2023\/05\/esk_133131_372_380_f_1920x1920-pregrinjalo-pro-cover-fly-eskadron-platinum-pure-jpg.webp","type":"image\/jpeg"}],"twitter_card":"summary_large_image","twitter_misc":{"Procijenjeno vrijeme \u010ditanja":"1 minuta"},"schema":{"@context":"https:\/\/schema.org","@graph":[{"@type":"WebPage","@id":"https:\/\/clair.si\/izdelek\/pregrinjalo-eskadron-pro-cover-fly-platinum-pure-s-s-23\/","url":"https:\/\/clair.si\/izdelek\/pregrinjalo-eskadron-pro-cover-fly-platinum-pure-s-s-23\/","name":"Deka ESKADRON Pro Cover Fly Platinum Pure S\/S 23 - Clair","isPartOf":{"@id":"https:\/\/clair.si\/#website"},"primaryImageOfPage":{"@id":"https:\/\/clair.si\/izdelek\/pregrinjalo-eskadron-pro-cover-fly-platinum-pure-s-s-23\/#primaryimage"},"image":{"@id":"https:\/\/clair.si\/izdelek\/pregrinjalo-eskadron-pro-cover-fly-platinum-pure-s-s-23\/#primaryimage"},"thumbnailUrl":"https:\/\/clair.si\/wp-content\/uploads\/2023\/05\/esk_133131_372_380_f_1920x1920-pregrinjalo-pro-cover-fly-eskadron-platinum-pure-jpg.webp","datePublished":"2023-05-23T07:32:42+00:00","dateModified":"2026-02-01T10:22:12+00:00","description":"Deka ESKADRON Pro Cover Fly Platinum Pure S\/S 23 lagani ljetni pokriva\u010d od gusto pletene poliesterske mre\u017ee prozra\u010dan i elasti\u010dan mre\u017easti materijal na","breadcrumb":{"@id":"https:\/\/clair.si\/izdelek\/pregrinjalo-eskadron-pro-cover-fly-platinum-pure-s-s-23\/#breadcrumb"},"inLanguage":"hr","potentialAction":[{"@type":"ReadAction","target":["https:\/\/clair.si\/izdelek\/pregrinjalo-eskadron-pro-cover-fly-platinum-pure-s-s-23\/"]}]},{"@type":"ImageObject","inLanguage":"hr","@id":"https:\/\/clair.si\/izdelek\/pregrinjalo-eskadron-pro-cover-fly-platinum-pure-s-s-23\/#primaryimage","url":"https:\/\/clair.si\/wp-content\/uploads\/2023\/05\/esk_133131_372_380_f_1920x1920-pregrinjalo-pro-cover-fly-eskadron-platinum-pure-jpg.webp","contentUrl":"https:\/\/clair.si\/wp-content\/uploads\/2023\/05\/esk_133131_372_380_f_1920x1920-pregrinjalo-pro-cover-fly-eskadron-platinum-pure-jpg.webp","width":1200,"height":1200},{"@type":"BreadcrumbList","@id":"https:\/\/clair.si\/izdelek\/pregrinjalo-eskadron-pro-cover-fly-platinum-pure-s-s-23\/#breadcrumb","itemListElement":[{"@type":"ListItem","position":1,"name":"Home","item":"https:\/\/clair.si\/hr\/"},{"@type":"ListItem","position":2,"name":"Trgovina","item":"https:\/\/clair.si\/trgovina\/"},{"@type":"ListItem","position":3,"name":"Deka ESKADRON Pro Cover Fly Platinum Pure S\/S 23"}]},{"@type":"WebSite","@id":"https:\/\/clair.si\/#website","url":"https:\/\/clair.si\/","name":"Clair","description":"Trgovina s konjeni\u0161ko opremo","publisher":{"@id":"https:\/\/clair.si\/#organization"},"potentialAction":[{"@type":"SearchAction","target":{"@type":"EntryPoint","urlTemplate":"https:\/\/clair.si\/?s={search_term_string}"},"query-input":{"@type":"PropertyValueSpecification","valueRequired":true,"valueName":"search_term_string"}}],"inLanguage":"hr"},{"@type":"Organization","@id":"https:\/\/clair.si\/#organization","name":"Clair","url":"https:\/\/clair.si\/","logo":{"@type":"ImageObject","inLanguage":"hr","@id":"https:\/\/clair.si\/#\/schema\/logo\/image\/","url":"https:\/\/clair.si\/wp-content\/uploads\/2022\/11\/clair_logo_2022.jpg","contentUrl":"https:\/\/clair.si\/wp-content\/uploads\/2022\/11\/clair_logo_2022.jpg","width":1920,"height":1920,"caption":"Clair"},"image":{"@id":"https:\/\/clair.si\/#\/schema\/logo\/image\/"},"sameAs":["https:\/\/www.facebook.com\/TrgovinaClair\/"]}]}},"_links":{"self":[{"href":"https:\/\/clair.si\/hr\/wp-json\/wp\/v2\/product\/98419","targetHints":{"allow":["GET"]}}],"collection":[{"href":"https:\/\/clair.si\/hr\/wp-json\/wp\/v2\/product"}],"about":[{"href":"https:\/\/clair.si\/hr\/wp-json\/wp\/v2\/types\/product"}],"version-history":[{"count":0,"href":"https:\/\/clair.si\/hr\/wp-json\/wp\/v2\/product\/98419\/revisions"}],"wp:featuredmedia":[{"embeddable":true,"href":"https:\/\/clair.si\/hr\/wp-json\/wp\/v2\/media\/98434"}],"wp:attachment":[{"href":"https:\/\/clair.si\/hr\/wp-json\/wp\/v2\/media?parent=98419"}],"wp:term":[{"taxonomy":"product_brand","embeddable":true,"href":"https:\/\/clair.si\/hr\/wp-json\/wp\/v2\/product_brand?post=98419"},{"taxonomy":"product_cat","embeddable":true,"href":"https:\/\/clair.si\/hr\/wp-json\/wp\/v2\/product_cat?post=98419"},{"taxonomy":"product_tag","embeddable":true,"href":"https:\/\/clair.si\/hr\/wp-json\/wp\/v2\/product_tag?post=98419"}],"curies":[{"name":"wp","href":"https:\/\/api.w.org\/{rel}","templated":true}]}}