{"id":98478,"date":"2023-05-03T10:24:51","date_gmt":"2023-05-03T08:24:51","guid":{"rendered":"https:\/\/clair.si\/izdelek\/uzda-kavalkade-ocean-kavalsh4\/"},"modified":"2025-08-28T07:59:02","modified_gmt":"2025-08-28T05:59:02","slug":"uzda-kavalkade-ocean-kavalsh4","status":"publish","type":"product","link":"https:\/\/clair.si\/hr\/izdelek\/uzda-kavalkade-ocean-kavalsh4\/","title":{"rendered":"Uzda Kavalkade Ocean KavalSH4"},"content":{"rendered":"<p><strong>Uzda Kavalkade Ocean KavalSH4<\/strong> &#8211; <span class=\"HwtZe\" lang=\"sl\"><span class=\"jCAhz ChMk0b\"><span class=\"ryNqvb\">Moderna uzda &#8220;Ocean&#8221; <strong>KavalSH4 s tamnoplavim obrubljenim nosnikom i sjajnim plavim kamen\u010di\u0107ima na naglavnoj traci izra\u0111ena je od izvrsne ko\u017ee<\/strong> i mo\u017ee se podesiti s obje strane.<\/span><\/span> <span class=\"jCAhz ChMk0b\"><span class=\"ryNqvb\">Potiljni dio je anatomski oblikovan i vrlo \u0161irok te nudi ve\u0107u slobodu za u\u0161i.<\/span><\/span> <span class=\"jCAhz ChMk0b\"><span class=\"ryNqvb\">Nosnik je mekano podstavljen i sto\u017east.<\/span><\/span> <span class=\"jCAhz ChMk0b\"><span class=\"ryNqvb\">Uzda se isporu\u010duje s gumiranim vodilicama sa stoperima (16 mm).<\/span><\/span> <\/span> <\/p>\n<p><span class=\"HwtZe\" lang=\"sl\"><span class=\"jCAhz ChMk0b\"><span class=\"ryNqvb\"><strong>KavalSH4<\/strong> \u2013 uklonjiva traka za dodatni remen nosnika bez vidljivog nosa\u010da.<\/span><\/span> <strong><span class=\"jCAhz ChMk0b\"><span class=\"ryNqvb\">Na uzdama s oznakom KavalSH4 om\u010da za remen je uklonjiva.<\/span><\/span><\/strong> <span class=\"jCAhz ChMk0b\"><span class=\"ryNqvb\">Posebnost je u tome \u0161to dr\u017ea\u010d za nosnik nije vidljiv, kao \u0161to je to slu\u010daj kod klasi\u010dnih uzda.<\/span><\/span> <\/span><\/p>\n<p><span class=\"HwtZe\" lang=\"sl\"><span class=\"jCAhz ChMk0b\"><span class=\"ryNqvb\">\u0160vedska kombinirana uzda nudi zatvorena usta konja, sli\u010dno kao hanoverski nosnici.<\/span><\/span> <span class=\"jCAhz ChMk0b\"><span class=\"ryNqvb\">Kada je nosnik pravilno pri\u010dvr\u0161\u0107en, konjeva usta su zatvorena kako bi se stabilizirala \u017evala u konjevim ustima.<\/span><\/span> <span class=\"jCAhz ChMk0b\"><span class=\"ryNqvb\">Ako nosni remen ne zategnete previ\u0161e, konjevo disanje i \u017eivci nisu pogo\u0111eni.<\/span><\/span> <span class=\"jCAhz ChMk0b\"><span class=\"ryNqvb\">Za razliku od engleskog kombiniranog nosnika, \u0161vedska verzija ima kolotur na stra\u017enjoj strani nosnog remena.<\/span><\/span> <span class=\"jCAhz ChMk0b\"><span class=\"ryNqvb\">\u0160vedski kombinirani nosnici se uglavnom koriste za dvostruke i klasi\u010dne dresurne uzde.<br \/>\n<\/span><\/span><\/span><\/p>\n<p><span class=\"HwtZe\" lang=\"sl\"><span class=\"jCAhz ChMk0b\"><span class=\"ryNqvb\">Te\u017eina: 0,8 kg<\/span><\/span><\/span><\/p>\n","protected":false},"excerpt":{"rendered":"<p><img loading=\"lazy\" decoding=\"async\" class=\"alignnone size-full wp-image-31784\" src=\"https:\/\/clair.si\/wp-content\/uploads\/2023\/05\/KavalSH4-1-jpg.webp\" alt=\"\" width=\"150\" height=\"150\"><\/p>\n","protected":false},"featured_media":98495,"template":"","meta":{"footnotes":""},"product_brand":[],"product_cat":[5624,5843,5697],"product_tag":[],"class_list":{"0":"post-98478","1":"product","2":"type-product","3":"status-publish","4":"has-post-thumbnail","6":"product_cat-konj-hr","7":"product_cat-uzde","8":"product_cat-uzde-i-dizgini","10":"first","11":"instock","12":"sale","13":"shipping-taxable","14":"purchasable","15":"product-type-variable"},"yoast_head":"<!-- This site is optimized with the Yoast SEO plugin v27.4 - https:\/\/yoast.com\/product\/yoast-seo-wordpress\/ -->\n<title>Uzda Kavalkade Ocean KavalSH4 - Clair<\/title>\n<meta name=\"robots\" content=\"index, follow, max-snippet:-1, max-image-preview:large, max-video-preview:-1\" \/>\n<link rel=\"canonical\" href=\"https:\/\/clair.si\/hr\/izdelek\/uzda-kavalkade-ocean-kavalsh4\/\" \/>\n<meta property=\"og:locale\" content=\"hr_HR\" \/>\n<meta property=\"og:type\" content=\"article\" \/>\n<meta property=\"og:title\" content=\"Uzda Kavalkade Ocean KavalSH4 - Clair\" \/>\n<meta property=\"og:url\" content=\"https:\/\/clair.si\/hr\/izdelek\/uzda-kavalkade-ocean-kavalsh4\/\" \/>\n<meta property=\"og:site_name\" content=\"Clair\" \/>\n<meta property=\"article:publisher\" content=\"https:\/\/www.facebook.com\/TrgovinaClair\/\" \/>\n<meta property=\"article:modified_time\" content=\"2025-08-28T05:59:02+00:00\" \/>\n<meta property=\"og:image\" content=\"https:\/\/clair.si\/wp-content\/uploads\/2023\/05\/19076-uzda-kavalkade-ocean-clair-jpg.webp\" \/>\n\t<meta property=\"og:image:width\" content=\"800\" \/>\n\t<meta property=\"og:image:height\" content=\"800\" \/>\n\t<meta property=\"og:image:type\" content=\"image\/jpeg\" \/>\n<meta name=\"twitter:card\" content=\"summary_large_image\" \/>\n<meta name=\"twitter:label1\" content=\"Procijenjeno vrijeme \u010ditanja\" \/>\n\t<meta name=\"twitter:data1\" content=\"1 minuta\" \/>\n<script type=\"application\/ld+json\" class=\"yoast-schema-graph\">{\"@context\":\"https:\\\/\\\/schema.org\",\"@graph\":[{\"@type\":\"WebPage\",\"@id\":\"https:\\\/\\\/clair.si\\\/hr\\\/izdelek\\\/uzda-kavalkade-ocean-kavalsh4\\\/\",\"url\":\"https:\\\/\\\/clair.si\\\/hr\\\/izdelek\\\/uzda-kavalkade-ocean-kavalsh4\\\/\",\"name\":\"Uzda Kavalkade Ocean KavalSH4 - Clair\",\"isPartOf\":{\"@id\":\"https:\\\/\\\/clair.si\\\/#website\"},\"primaryImageOfPage\":{\"@id\":\"https:\\\/\\\/clair.si\\\/hr\\\/izdelek\\\/uzda-kavalkade-ocean-kavalsh4\\\/#primaryimage\"},\"image\":{\"@id\":\"https:\\\/\\\/clair.si\\\/hr\\\/izdelek\\\/uzda-kavalkade-ocean-kavalsh4\\\/#primaryimage\"},\"thumbnailUrl\":\"https:\\\/\\\/clair.si\\\/wp-content\\\/uploads\\\/2023\\\/05\\\/19076-uzda-kavalkade-ocean-clair-jpg.webp\",\"datePublished\":\"2023-05-03T08:24:51+00:00\",\"dateModified\":\"2025-08-28T05:59:02+00:00\",\"breadcrumb\":{\"@id\":\"https:\\\/\\\/clair.si\\\/hr\\\/izdelek\\\/uzda-kavalkade-ocean-kavalsh4\\\/#breadcrumb\"},\"inLanguage\":\"hr\",\"potentialAction\":[{\"@type\":\"ReadAction\",\"target\":[\"https:\\\/\\\/clair.si\\\/hr\\\/izdelek\\\/uzda-kavalkade-ocean-kavalsh4\\\/\"]}]},{\"@type\":\"ImageObject\",\"inLanguage\":\"hr\",\"@id\":\"https:\\\/\\\/clair.si\\\/hr\\\/izdelek\\\/uzda-kavalkade-ocean-kavalsh4\\\/#primaryimage\",\"url\":\"https:\\\/\\\/clair.si\\\/wp-content\\\/uploads\\\/2023\\\/05\\\/19076-uzda-kavalkade-ocean-clair-jpg.webp\",\"contentUrl\":\"https:\\\/\\\/clair.si\\\/wp-content\\\/uploads\\\/2023\\\/05\\\/19076-uzda-kavalkade-ocean-clair-jpg.webp\",\"width\":800,\"height\":800},{\"@type\":\"BreadcrumbList\",\"@id\":\"https:\\\/\\\/clair.si\\\/hr\\\/izdelek\\\/uzda-kavalkade-ocean-kavalsh4\\\/#breadcrumb\",\"itemListElement\":[{\"@type\":\"ListItem\",\"position\":1,\"name\":\"Home\",\"item\":\"https:\\\/\\\/clair.si\\\/hr\\\/\"},{\"@type\":\"ListItem\",\"position\":2,\"name\":\"Trgovina\",\"item\":\"https:\\\/\\\/clair.si\\\/trgovina\\\/\"},{\"@type\":\"ListItem\",\"position\":3,\"name\":\"Uzda Kavalkade Ocean KavalSH4\"}]},{\"@type\":\"WebSite\",\"@id\":\"https:\\\/\\\/clair.si\\\/#website\",\"url\":\"https:\\\/\\\/clair.si\\\/\",\"name\":\"Clair\",\"description\":\"Trgovina s konjeni\u0161ko opremo\",\"publisher\":{\"@id\":\"https:\\\/\\\/clair.si\\\/#organization\"},\"potentialAction\":[{\"@type\":\"SearchAction\",\"target\":{\"@type\":\"EntryPoint\",\"urlTemplate\":\"https:\\\/\\\/clair.si\\\/?s={search_term_string}\"},\"query-input\":{\"@type\":\"PropertyValueSpecification\",\"valueRequired\":true,\"valueName\":\"search_term_string\"}}],\"inLanguage\":\"hr\"},{\"@type\":\"Organization\",\"@id\":\"https:\\\/\\\/clair.si\\\/#organization\",\"name\":\"Clair\",\"url\":\"https:\\\/\\\/clair.si\\\/\",\"logo\":{\"@type\":\"ImageObject\",\"inLanguage\":\"hr\",\"@id\":\"https:\\\/\\\/clair.si\\\/#\\\/schema\\\/logo\\\/image\\\/\",\"url\":\"https:\\\/\\\/clair.si\\\/wp-content\\\/uploads\\\/2022\\\/11\\\/clair_logo_2022.jpg\",\"contentUrl\":\"https:\\\/\\\/clair.si\\\/wp-content\\\/uploads\\\/2022\\\/11\\\/clair_logo_2022.jpg\",\"width\":1920,\"height\":1920,\"caption\":\"Clair\"},\"image\":{\"@id\":\"https:\\\/\\\/clair.si\\\/#\\\/schema\\\/logo\\\/image\\\/\"},\"sameAs\":[\"https:\\\/\\\/www.facebook.com\\\/TrgovinaClair\\\/\"]}]}<\/script>\n<!-- \/ Yoast SEO plugin. -->","yoast_head_json":{"title":"Uzda Kavalkade Ocean KavalSH4 - Clair","robots":{"index":"index","follow":"follow","max-snippet":"max-snippet:-1","max-image-preview":"max-image-preview:large","max-video-preview":"max-video-preview:-1"},"canonical":"https:\/\/clair.si\/hr\/izdelek\/uzda-kavalkade-ocean-kavalsh4\/","og_locale":"hr_HR","og_type":"article","og_title":"Uzda Kavalkade Ocean KavalSH4 - Clair","og_url":"https:\/\/clair.si\/hr\/izdelek\/uzda-kavalkade-ocean-kavalsh4\/","og_site_name":"Clair","article_publisher":"https:\/\/www.facebook.com\/TrgovinaClair\/","article_modified_time":"2025-08-28T05:59:02+00:00","og_image":[{"width":800,"height":800,"url":"https:\/\/clair.si\/wp-content\/uploads\/2023\/05\/19076-uzda-kavalkade-ocean-clair-jpg.webp","type":"image\/jpeg"}],"twitter_card":"summary_large_image","twitter_misc":{"Procijenjeno vrijeme \u010ditanja":"1 minuta"},"schema":{"@context":"https:\/\/schema.org","@graph":[{"@type":"WebPage","@id":"https:\/\/clair.si\/hr\/izdelek\/uzda-kavalkade-ocean-kavalsh4\/","url":"https:\/\/clair.si\/hr\/izdelek\/uzda-kavalkade-ocean-kavalsh4\/","name":"Uzda Kavalkade Ocean KavalSH4 - Clair","isPartOf":{"@id":"https:\/\/clair.si\/#website"},"primaryImageOfPage":{"@id":"https:\/\/clair.si\/hr\/izdelek\/uzda-kavalkade-ocean-kavalsh4\/#primaryimage"},"image":{"@id":"https:\/\/clair.si\/hr\/izdelek\/uzda-kavalkade-ocean-kavalsh4\/#primaryimage"},"thumbnailUrl":"https:\/\/clair.si\/wp-content\/uploads\/2023\/05\/19076-uzda-kavalkade-ocean-clair-jpg.webp","datePublished":"2023-05-03T08:24:51+00:00","dateModified":"2025-08-28T05:59:02+00:00","breadcrumb":{"@id":"https:\/\/clair.si\/hr\/izdelek\/uzda-kavalkade-ocean-kavalsh4\/#breadcrumb"},"inLanguage":"hr","potentialAction":[{"@type":"ReadAction","target":["https:\/\/clair.si\/hr\/izdelek\/uzda-kavalkade-ocean-kavalsh4\/"]}]},{"@type":"ImageObject","inLanguage":"hr","@id":"https:\/\/clair.si\/hr\/izdelek\/uzda-kavalkade-ocean-kavalsh4\/#primaryimage","url":"https:\/\/clair.si\/wp-content\/uploads\/2023\/05\/19076-uzda-kavalkade-ocean-clair-jpg.webp","contentUrl":"https:\/\/clair.si\/wp-content\/uploads\/2023\/05\/19076-uzda-kavalkade-ocean-clair-jpg.webp","width":800,"height":800},{"@type":"BreadcrumbList","@id":"https:\/\/clair.si\/hr\/izdelek\/uzda-kavalkade-ocean-kavalsh4\/#breadcrumb","itemListElement":[{"@type":"ListItem","position":1,"name":"Home","item":"https:\/\/clair.si\/hr\/"},{"@type":"ListItem","position":2,"name":"Trgovina","item":"https:\/\/clair.si\/trgovina\/"},{"@type":"ListItem","position":3,"name":"Uzda Kavalkade Ocean KavalSH4"}]},{"@type":"WebSite","@id":"https:\/\/clair.si\/#website","url":"https:\/\/clair.si\/","name":"Clair","description":"Trgovina s konjeni\u0161ko opremo","publisher":{"@id":"https:\/\/clair.si\/#organization"},"potentialAction":[{"@type":"SearchAction","target":{"@type":"EntryPoint","urlTemplate":"https:\/\/clair.si\/?s={search_term_string}"},"query-input":{"@type":"PropertyValueSpecification","valueRequired":true,"valueName":"search_term_string"}}],"inLanguage":"hr"},{"@type":"Organization","@id":"https:\/\/clair.si\/#organization","name":"Clair","url":"https:\/\/clair.si\/","logo":{"@type":"ImageObject","inLanguage":"hr","@id":"https:\/\/clair.si\/#\/schema\/logo\/image\/","url":"https:\/\/clair.si\/wp-content\/uploads\/2022\/11\/clair_logo_2022.jpg","contentUrl":"https:\/\/clair.si\/wp-content\/uploads\/2022\/11\/clair_logo_2022.jpg","width":1920,"height":1920,"caption":"Clair"},"image":{"@id":"https:\/\/clair.si\/#\/schema\/logo\/image\/"},"sameAs":["https:\/\/www.facebook.com\/TrgovinaClair\/"]}]}},"_links":{"self":[{"href":"https:\/\/clair.si\/hr\/wp-json\/wp\/v2\/product\/98478","targetHints":{"allow":["GET"]}}],"collection":[{"href":"https:\/\/clair.si\/hr\/wp-json\/wp\/v2\/product"}],"about":[{"href":"https:\/\/clair.si\/hr\/wp-json\/wp\/v2\/types\/product"}],"version-history":[{"count":0,"href":"https:\/\/clair.si\/hr\/wp-json\/wp\/v2\/product\/98478\/revisions"}],"wp:featuredmedia":[{"embeddable":true,"href":"https:\/\/clair.si\/hr\/wp-json\/wp\/v2\/media\/98495"}],"wp:attachment":[{"href":"https:\/\/clair.si\/hr\/wp-json\/wp\/v2\/media?parent=98478"}],"wp:term":[{"taxonomy":"product_brand","embeddable":true,"href":"https:\/\/clair.si\/hr\/wp-json\/wp\/v2\/product_brand?post=98478"},{"taxonomy":"product_cat","embeddable":true,"href":"https:\/\/clair.si\/hr\/wp-json\/wp\/v2\/product_cat?post=98478"},{"taxonomy":"product_tag","embeddable":true,"href":"https:\/\/clair.si\/hr\/wp-json\/wp\/v2\/product_tag?post=98478"}],"curies":[{"name":"wp","href":"https:\/\/api.w.org\/{rel}","templated":true}]}}