{"id":98515,"date":"2023-05-05T07:34:39","date_gmt":"2023-05-05T05:34:39","guid":{"rendered":"https:\/\/clair.si\/izdelek\/cavalor-hepato-liq\/"},"modified":"2023-05-05T07:34:39","modified_gmt":"2023-05-05T05:34:39","slug":"cavalor-hepato-liq","status":"publish","type":"product","link":"https:\/\/clair.si\/hr\/izdelek\/cavalor-hepato-liq\/","title":{"rendered":"Cavalor Hepato Liq"},"content":{"rendered":"<p>Natjecateljska sezona mo\u017ee opteretiti va\u0161eg konja. Naporni treninzi i maksimalna izvedba uzrokuju da tijelo proizvodi vi\u0161e otpadnih tvari koje optere\u0107uju jetru i bubrege. Podr\u0161ka jetri i bubrezima poma\u017ee va\u0161em konju da bolje razgradi te tvari. <strong>Hepato Liq<\/strong> \u201epro\u010di\u0161\u0107ava\u201d organe koji stoje iza cijelog tog procesa i poti\u010de njihovo djelovanje. Poma\u017ee va\u0161em konju da se oporavi nakon duge natjecateljske sezone i pripremi ga za sljede\u0107u.    <strong>Cavalor Hepato Liq pun je biljnih ekstrakata koji podr\u017eavaju jetru i bubrege.<\/strong><\/p>\n<p>U Cavaloru sna\u017eno podr\u017eavamo na\u010delo \u201ehrani samo koliko ti treba\u201d: Bez suvi\u0161ne energije ili proteina, dovoljno vlakana u obroku i primjeren odmor kako bi se konj oporavio od razdoblja te\u0161kog rada. Gotovo je nemogu\u0107e odr\u017eavati svog konja u vrhunskoj formi tijekom cijele godine, jer neprestano \u201eforsiranje\u201d uzrokuje umor i smanjenu izvedbu. Povremeni predah daje va\u0161em konju priliku da povrati punu snagu za kasniju vrhunsku formu. Redoviti odmor poma\u017ee konju da dugoro\u010dno osigura vrhunsku izvedbu. Idealan trenutak za takav predah \u010desto je izme\u0111u sezona. Da bi va\u0161 konj u sljede\u0107oj sezoni radio najbolje, njegov unutarnji sustav mora pravilno funkcionirati i usput se detoksicirati.     <\/p>\n<p>Cavalor Hepato Liq pun je biljnih ekstrakata koji podr\u017eavaju jetru i bubrege. Bilje sprje\u010dava da neki toksini prodru ili o\u0161tete membrane jetrenih stanica. To bilje tako\u0111er poti\u010de stvaranje jetrenih stanica, smanjuje upalu i ima \u201eu\u010dinke \u010di\u0161\u0107enja\u201d.  <\/p>\n<p>Analiti\u010dki sastojci: sadr\u017eaj vlage 80 %, sirova mast 0,1 %, sirovi pepeo 1,4 %, sirova vlakna 0,4 %, sirovi proteini 1 %, L-metionin 0,1 %, kolin 0,2 %<\/p>\n","protected":false},"excerpt":{"rendered":"<ul>\n<li>Biljna mje\u0161avina za detoksikaciju konja tijekom odmora, izmjene dlake i prije natjecateljske sezone<\/li>\n<li>Teku\u0107a biljna mje\u0161avina za detoksikaciju jetre i bubrega<\/li>\n<li>Preporu\u010dena detoksikacija konja 2 puta godi\u0161nje<\/li>\n<li>Prikladno za sve konje i ponije<\/li>\n<\/ul>\n<p><strong>Koli\u010dina: 250 mL<\/strong><\/p>\n","protected":false},"featured_media":98523,"template":"","meta":{"footnotes":""},"product_brand":[],"product_cat":[5711,5710,5712],"product_tag":[],"class_list":{"0":"post-98515","1":"product","2":"type-product","3":"status-publish","4":"has-post-thumbnail","6":"product_cat-hrana-i-prehrambeni-dodaci-cavalor","7":"product_cat-hrana-za-konje-hr","8":"product_cat-prehrambeni-dodaci","10":"first","11":"instock","12":"shipping-taxable","13":"purchasable","14":"product-type-simple"},"yoast_head":"<!-- This site is optimized with the Yoast SEO plugin v27.4 - https:\/\/yoast.com\/product\/yoast-seo-wordpress\/ -->\n<title>Cavalor Hepato Liq - Clair<\/title>\n<meta name=\"description\" content=\"Cavalor Hepato Liq je biljna mje\u0161avina za detoksikaciju konja tijekom odmora, izmjene dlake i prije natjecateljske sezone. Za detoksikaciju jetre i bubrega. Provjerite.\" \/>\n<meta name=\"robots\" content=\"index, follow, max-snippet:-1, max-image-preview:large, max-video-preview:-1\" \/>\n<link rel=\"canonical\" href=\"https:\/\/clair.si\/hr\/izdelek\/cavalor-hepato-liq\/\" \/>\n<meta property=\"og:locale\" content=\"hr_HR\" \/>\n<meta property=\"og:type\" content=\"article\" \/>\n<meta property=\"og:title\" content=\"Cavalor Hepato Liq - Clair\" \/>\n<meta property=\"og:description\" content=\"Cavalor Hepato Liq je biljna mje\u0161avina za detoksikaciju konja tijekom odmora, izmjene dlake i prije natjecateljske sezone. Za detoksikaciju jetre i bubrega. Provjerite.\" \/>\n<meta property=\"og:url\" content=\"https:\/\/clair.si\/hr\/izdelek\/cavalor-hepato-liq\/\" \/>\n<meta property=\"og:site_name\" content=\"Clair\" \/>\n<meta property=\"article:publisher\" content=\"https:\/\/www.facebook.com\/TrgovinaClair\/\" \/>\n<meta property=\"og:image\" content=\"https:\/\/clair.si\/wp-content\/uploads\/2023\/05\/Cavalor-Hepato-Liq-1-2-jpg.webp\" \/>\n\t<meta property=\"og:image:width\" content=\"550\" \/>\n\t<meta property=\"og:image:height\" content=\"550\" \/>\n\t<meta property=\"og:image:type\" content=\"image\/jpeg\" \/>\n<meta name=\"twitter:card\" content=\"summary_large_image\" \/>\n<meta name=\"twitter:label1\" content=\"Procijenjeno vrijeme \u010ditanja\" \/>\n\t<meta name=\"twitter:data1\" content=\"1 minuta\" \/>\n<script type=\"application\/ld+json\" class=\"yoast-schema-graph\">{\"@context\":\"https:\\\/\\\/schema.org\",\"@graph\":[{\"@type\":\"WebPage\",\"@id\":\"https:\\\/\\\/clair.si\\\/hr\\\/izdelek\\\/cavalor-hepato-liq\\\/\",\"url\":\"https:\\\/\\\/clair.si\\\/hr\\\/izdelek\\\/cavalor-hepato-liq\\\/\",\"name\":\"Cavalor Hepato Liq - Clair\",\"isPartOf\":{\"@id\":\"https:\\\/\\\/clair.si\\\/#website\"},\"primaryImageOfPage\":{\"@id\":\"https:\\\/\\\/clair.si\\\/hr\\\/izdelek\\\/cavalor-hepato-liq\\\/#primaryimage\"},\"image\":{\"@id\":\"https:\\\/\\\/clair.si\\\/hr\\\/izdelek\\\/cavalor-hepato-liq\\\/#primaryimage\"},\"thumbnailUrl\":\"https:\\\/\\\/clair.si\\\/wp-content\\\/uploads\\\/2023\\\/05\\\/Cavalor-Hepato-Liq-1-2-jpg.webp\",\"datePublished\":\"2023-05-05T05:34:39+00:00\",\"description\":\"Cavalor Hepato Liq je biljna mje\u0161avina za detoksikaciju konja tijekom odmora, izmjene dlake i prije natjecateljske sezone. Za detoksikaciju jetre i bubrega. Provjerite.\",\"breadcrumb\":{\"@id\":\"https:\\\/\\\/clair.si\\\/hr\\\/izdelek\\\/cavalor-hepato-liq\\\/#breadcrumb\"},\"inLanguage\":\"hr\",\"potentialAction\":[{\"@type\":\"ReadAction\",\"target\":[\"https:\\\/\\\/clair.si\\\/hr\\\/izdelek\\\/cavalor-hepato-liq\\\/\"]}]},{\"@type\":\"ImageObject\",\"inLanguage\":\"hr\",\"@id\":\"https:\\\/\\\/clair.si\\\/hr\\\/izdelek\\\/cavalor-hepato-liq\\\/#primaryimage\",\"url\":\"https:\\\/\\\/clair.si\\\/wp-content\\\/uploads\\\/2023\\\/05\\\/Cavalor-Hepato-Liq-1-2-jpg.webp\",\"contentUrl\":\"https:\\\/\\\/clair.si\\\/wp-content\\\/uploads\\\/2023\\\/05\\\/Cavalor-Hepato-Liq-1-2-jpg.webp\",\"width\":550,\"height\":550},{\"@type\":\"BreadcrumbList\",\"@id\":\"https:\\\/\\\/clair.si\\\/hr\\\/izdelek\\\/cavalor-hepato-liq\\\/#breadcrumb\",\"itemListElement\":[{\"@type\":\"ListItem\",\"position\":1,\"name\":\"Home\",\"item\":\"https:\\\/\\\/clair.si\\\/hr\\\/\"},{\"@type\":\"ListItem\",\"position\":2,\"name\":\"Trgovina\",\"item\":\"https:\\\/\\\/clair.si\\\/trgovina\\\/\"},{\"@type\":\"ListItem\",\"position\":3,\"name\":\"Cavalor Hepato Liq\"}]},{\"@type\":\"WebSite\",\"@id\":\"https:\\\/\\\/clair.si\\\/#website\",\"url\":\"https:\\\/\\\/clair.si\\\/\",\"name\":\"Clair\",\"description\":\"Trgovina s konjeni\u0161ko opremo\",\"publisher\":{\"@id\":\"https:\\\/\\\/clair.si\\\/#organization\"},\"potentialAction\":[{\"@type\":\"SearchAction\",\"target\":{\"@type\":\"EntryPoint\",\"urlTemplate\":\"https:\\\/\\\/clair.si\\\/?s={search_term_string}\"},\"query-input\":{\"@type\":\"PropertyValueSpecification\",\"valueRequired\":true,\"valueName\":\"search_term_string\"}}],\"inLanguage\":\"hr\"},{\"@type\":\"Organization\",\"@id\":\"https:\\\/\\\/clair.si\\\/#organization\",\"name\":\"Clair\",\"url\":\"https:\\\/\\\/clair.si\\\/\",\"logo\":{\"@type\":\"ImageObject\",\"inLanguage\":\"hr\",\"@id\":\"https:\\\/\\\/clair.si\\\/#\\\/schema\\\/logo\\\/image\\\/\",\"url\":\"https:\\\/\\\/clair.si\\\/wp-content\\\/uploads\\\/2022\\\/11\\\/clair_logo_2022.jpg\",\"contentUrl\":\"https:\\\/\\\/clair.si\\\/wp-content\\\/uploads\\\/2022\\\/11\\\/clair_logo_2022.jpg\",\"width\":1920,\"height\":1920,\"caption\":\"Clair\"},\"image\":{\"@id\":\"https:\\\/\\\/clair.si\\\/#\\\/schema\\\/logo\\\/image\\\/\"},\"sameAs\":[\"https:\\\/\\\/www.facebook.com\\\/TrgovinaClair\\\/\"]}]}<\/script>\n<!-- \/ Yoast SEO plugin. -->","yoast_head_json":{"title":"Cavalor Hepato Liq - Clair","description":"Cavalor Hepato Liq je biljna mje\u0161avina za detoksikaciju konja tijekom odmora, izmjene dlake i prije natjecateljske sezone. Za detoksikaciju jetre i bubrega. Provjerite.","robots":{"index":"index","follow":"follow","max-snippet":"max-snippet:-1","max-image-preview":"max-image-preview:large","max-video-preview":"max-video-preview:-1"},"canonical":"https:\/\/clair.si\/hr\/izdelek\/cavalor-hepato-liq\/","og_locale":"hr_HR","og_type":"article","og_title":"Cavalor Hepato Liq - Clair","og_description":"Cavalor Hepato Liq je biljna mje\u0161avina za detoksikaciju konja tijekom odmora, izmjene dlake i prije natjecateljske sezone. Za detoksikaciju jetre i bubrega. Provjerite.","og_url":"https:\/\/clair.si\/hr\/izdelek\/cavalor-hepato-liq\/","og_site_name":"Clair","article_publisher":"https:\/\/www.facebook.com\/TrgovinaClair\/","og_image":[{"width":550,"height":550,"url":"https:\/\/clair.si\/wp-content\/uploads\/2023\/05\/Cavalor-Hepato-Liq-1-2-jpg.webp","type":"image\/jpeg"}],"twitter_card":"summary_large_image","twitter_misc":{"Procijenjeno vrijeme \u010ditanja":"1 minuta"},"schema":{"@context":"https:\/\/schema.org","@graph":[{"@type":"WebPage","@id":"https:\/\/clair.si\/hr\/izdelek\/cavalor-hepato-liq\/","url":"https:\/\/clair.si\/hr\/izdelek\/cavalor-hepato-liq\/","name":"Cavalor Hepato Liq - Clair","isPartOf":{"@id":"https:\/\/clair.si\/#website"},"primaryImageOfPage":{"@id":"https:\/\/clair.si\/hr\/izdelek\/cavalor-hepato-liq\/#primaryimage"},"image":{"@id":"https:\/\/clair.si\/hr\/izdelek\/cavalor-hepato-liq\/#primaryimage"},"thumbnailUrl":"https:\/\/clair.si\/wp-content\/uploads\/2023\/05\/Cavalor-Hepato-Liq-1-2-jpg.webp","datePublished":"2023-05-05T05:34:39+00:00","description":"Cavalor Hepato Liq je biljna mje\u0161avina za detoksikaciju konja tijekom odmora, izmjene dlake i prije natjecateljske sezone. Za detoksikaciju jetre i bubrega. Provjerite.","breadcrumb":{"@id":"https:\/\/clair.si\/hr\/izdelek\/cavalor-hepato-liq\/#breadcrumb"},"inLanguage":"hr","potentialAction":[{"@type":"ReadAction","target":["https:\/\/clair.si\/hr\/izdelek\/cavalor-hepato-liq\/"]}]},{"@type":"ImageObject","inLanguage":"hr","@id":"https:\/\/clair.si\/hr\/izdelek\/cavalor-hepato-liq\/#primaryimage","url":"https:\/\/clair.si\/wp-content\/uploads\/2023\/05\/Cavalor-Hepato-Liq-1-2-jpg.webp","contentUrl":"https:\/\/clair.si\/wp-content\/uploads\/2023\/05\/Cavalor-Hepato-Liq-1-2-jpg.webp","width":550,"height":550},{"@type":"BreadcrumbList","@id":"https:\/\/clair.si\/hr\/izdelek\/cavalor-hepato-liq\/#breadcrumb","itemListElement":[{"@type":"ListItem","position":1,"name":"Home","item":"https:\/\/clair.si\/hr\/"},{"@type":"ListItem","position":2,"name":"Trgovina","item":"https:\/\/clair.si\/trgovina\/"},{"@type":"ListItem","position":3,"name":"Cavalor Hepato Liq"}]},{"@type":"WebSite","@id":"https:\/\/clair.si\/#website","url":"https:\/\/clair.si\/","name":"Clair","description":"Trgovina s konjeni\u0161ko opremo","publisher":{"@id":"https:\/\/clair.si\/#organization"},"potentialAction":[{"@type":"SearchAction","target":{"@type":"EntryPoint","urlTemplate":"https:\/\/clair.si\/?s={search_term_string}"},"query-input":{"@type":"PropertyValueSpecification","valueRequired":true,"valueName":"search_term_string"}}],"inLanguage":"hr"},{"@type":"Organization","@id":"https:\/\/clair.si\/#organization","name":"Clair","url":"https:\/\/clair.si\/","logo":{"@type":"ImageObject","inLanguage":"hr","@id":"https:\/\/clair.si\/#\/schema\/logo\/image\/","url":"https:\/\/clair.si\/wp-content\/uploads\/2022\/11\/clair_logo_2022.jpg","contentUrl":"https:\/\/clair.si\/wp-content\/uploads\/2022\/11\/clair_logo_2022.jpg","width":1920,"height":1920,"caption":"Clair"},"image":{"@id":"https:\/\/clair.si\/#\/schema\/logo\/image\/"},"sameAs":["https:\/\/www.facebook.com\/TrgovinaClair\/"]}]}},"_links":{"self":[{"href":"https:\/\/clair.si\/hr\/wp-json\/wp\/v2\/product\/98515","targetHints":{"allow":["GET"]}}],"collection":[{"href":"https:\/\/clair.si\/hr\/wp-json\/wp\/v2\/product"}],"about":[{"href":"https:\/\/clair.si\/hr\/wp-json\/wp\/v2\/types\/product"}],"version-history":[{"count":0,"href":"https:\/\/clair.si\/hr\/wp-json\/wp\/v2\/product\/98515\/revisions"}],"wp:featuredmedia":[{"embeddable":true,"href":"https:\/\/clair.si\/hr\/wp-json\/wp\/v2\/media\/98523"}],"wp:attachment":[{"href":"https:\/\/clair.si\/hr\/wp-json\/wp\/v2\/media?parent=98515"}],"wp:term":[{"taxonomy":"product_brand","embeddable":true,"href":"https:\/\/clair.si\/hr\/wp-json\/wp\/v2\/product_brand?post=98515"},{"taxonomy":"product_cat","embeddable":true,"href":"https:\/\/clair.si\/hr\/wp-json\/wp\/v2\/product_cat?post=98515"},{"taxonomy":"product_tag","embeddable":true,"href":"https:\/\/clair.si\/hr\/wp-json\/wp\/v2\/product_tag?post=98515"}],"curies":[{"name":"wp","href":"https:\/\/api.w.org\/{rel}","templated":true}]}}