{"id":98525,"date":"2023-05-08T09:34:48","date_gmt":"2023-05-08T07:34:48","guid":{"rendered":"https:\/\/clair.si\/izdelek\/cizme-za-jahanje-kavalkade-proximo\/"},"modified":"2025-09-23T07:23:19","modified_gmt":"2025-09-23T05:23:19","slug":"cizme-za-jahanje-kavalkade-proximo","status":"publish","type":"product","link":"https:\/\/clair.si\/hr\/izdelek\/cizme-za-jahanje-kavalkade-proximo\/","title":{"rendered":"\u010cizme za jahanje Kavalkade Proximo"},"content":{"rendered":"<p><strong>\u010cizme za jahanje Kavalkade Proximo<\/strong> su brat na\u0161ih najprodavanijih \u010dizama Maximus.<\/p>\n<p><strong>ZA MJERENJE i NARUD\u017dBU, MOLIMO, KONTAKTIRAJTE NAS!<\/strong><\/p>\n<p>Obje \u010dizme su istovremeno <strong>sportske<\/strong> i <strong>elegantne<\/strong> i <strong>iznimno udobne<\/strong>. Razlikuju se po boji, a ponajvi\u0161e po materijalu.<\/p>\n<p>\u010cizme Proximo izra\u0111ene su od <strong>vrhunskog nauljenog usnja<\/strong>. Nauljeno usnje osigurava <strong>visoku razinu fleksibilnosti<\/strong> i <strong>izdr\u017eljivosti<\/strong>. Tijekom postupka \u0161tavljenja, usnje se stavlja u biljno ulje. Pore usnja se otvore i ulje prodire duboko ispod vi\u0161e slojeva. Nauljeno usnje je puno podatnije, trajnije i ne isu\u0161uje se tako brzo.<\/p>\n<p>Posebno oblikovan stra\u017enji dio \u010dizme i elasti\u010dni umetak na vanjskoj strani lista i u predjelu vezivanja, tako\u0111er osigurava <strong>dobro i udobno prianjanje<\/strong>.<\/p>\n<p>Bo\u010dni patentni zatvara\u010d na \u010dizmi idealan je za <strong>jednostavno i udobno obuvanje i izuvanje<\/strong>. Visokokvalitetni ulo\u0161ci nude <strong>optimalnu raspodjelu pritiska<\/strong> po stopalu i istovremeno su <strong>vrlo prozra\u010dni<\/strong>. Robustan protuklizni gumeni potplat \u010dizme je vrlo fleksibilan i omogu\u0107uje anatomsko prianjanje te je tako ugodan za zglobove.<\/p>\n<ul>\n<li>Sportske, elegantne \u010dizme za jahanje s iznimnom udobno\u0161\u0107u<\/li>\n<li>Izra\u0111ene od nauljenog usnja<\/li>\n<li>Posebno oblikovan stra\u017enji dio \u010dizme za dodatnu udobnost<\/li>\n<li>Elasti\u010dni ulo\u0161ci na vanjskoj strani lista i u predjelu vezivanja<\/li>\n<li>Bo\u010dni patentni zatvara\u010d<\/li>\n<li>Visokokvalitetan ulo\u017eak za optimalnu raspodjelu pritiska i prozra\u010dnost<\/li>\n<li>Visoko fleksibilan protuklizni gumeni potplat<\/li>\n<\/ul>\n<p>Materijal: nauljeno usnje<br \/>\nBoja: sme\u0111a, crna<\/p>\n<p>Upute za njegu:<\/p>\n<p>Grubu ne\u010disto\u0107u s \u010dizme o\u010distite vla\u017enom krpom i nama\u017eite ih proizvodima za njegu ko\u017ee za dulju trajnost. Proizvod mo\u017eete pohraniti u vre\u0107icu ili sli\u010dno, da ih za\u0161titite od sun\u010deve svjetlosti, pra\u0161ine i vlage.<\/p>\n","protected":false},"excerpt":{"rendered":"<p><img loading=\"lazy\" decoding=\"async\" class=\"alignnone wp-image-31981\" src=\"https:\/\/clair.si\/wp-content\/uploads\/2023\/05\/Jahalni-skornji-Kavalkade-Proximo_crni-1.webp\" alt=\"\" width=\"77\" height=\"77\" \/><\/p>\n","protected":false},"featured_media":98532,"template":"","meta":{"footnotes":""},"product_brand":[],"product_cat":[5656,5654,5670,5655],"product_tag":[],"class_list":{"0":"post-98525","1":"product","2":"type-product","3":"status-publish","4":"has-post-thumbnail","6":"product_cat-cizme-za-jahanje","7":"product_cat-jahac-hr","8":"product_cat-natjecanja","9":"product_cat-obuca","11":"first","12":"onbackorder","13":"sale","14":"shipping-taxable","15":"purchasable","16":"product-type-variable"},"yoast_head":"<!-- This site is optimized with the Yoast SEO plugin v27.4 - https:\/\/yoast.com\/product\/yoast-seo-wordpress\/ -->\n<title>\u010cizme za jahanje Kavalkade Proximo - Clair<\/title>\n<meta name=\"description\" content=\"Sportske, elegantne i nevjerojatno udobne \u010dizme za jahanje Kavalkade, osiguravaju visoku razinu fleksibilnosti i izdr\u017eljivosti. Provjerite na\u0161u odli\u010dnu ponudu.\" \/>\n<meta name=\"robots\" content=\"index, follow, max-snippet:-1, max-image-preview:large, max-video-preview:-1\" \/>\n<link rel=\"canonical\" href=\"https:\/\/clair.si\/izdelek\/jahalni-skornji-kavalkade-proximo\/\" \/>\n<meta property=\"og:locale\" content=\"hr_HR\" \/>\n<meta property=\"og:type\" content=\"article\" \/>\n<meta property=\"og:title\" content=\"\u010cizme za jahanje Kavalkade Proximo - Clair\" \/>\n<meta property=\"og:description\" content=\"Sportske, elegantne i nevjerojatno udobne \u010dizme za jahanje Kavalkade, osiguravaju visoku razinu fleksibilnosti i izdr\u017eljivosti. Provjerite na\u0161u odli\u010dnu ponudu.\" \/>\n<meta property=\"og:url\" content=\"https:\/\/clair.si\/izdelek\/jahalni-skornji-kavalkade-proximo\/\" \/>\n<meta property=\"og:site_name\" content=\"Clair\" \/>\n<meta property=\"article:publisher\" content=\"https:\/\/www.facebook.com\/TrgovinaClair\/\" \/>\n<meta property=\"article:modified_time\" content=\"2025-09-23T05:23:19+00:00\" \/>\n<meta property=\"og:image\" content=\"https:\/\/clair.si\/wp-content\/uploads\/2023\/05\/Jahalni-skornji-Kavalkade-Proximo-6-jpg.webp\" \/>\n\t<meta property=\"og:image:width\" content=\"800\" \/>\n\t<meta property=\"og:image:height\" content=\"800\" \/>\n\t<meta property=\"og:image:type\" content=\"image\/jpeg\" \/>\n<meta name=\"twitter:card\" content=\"summary_large_image\" \/>\n<meta name=\"twitter:label1\" content=\"Procijenjeno vrijeme \u010ditanja\" \/>\n\t<meta name=\"twitter:data1\" content=\"2 minute\" \/>\n<script type=\"application\/ld+json\" class=\"yoast-schema-graph\">{\"@context\":\"https:\\\/\\\/schema.org\",\"@graph\":[{\"@type\":\"WebPage\",\"@id\":\"https:\\\/\\\/clair.si\\\/izdelek\\\/jahalni-skornji-kavalkade-proximo\\\/\",\"url\":\"https:\\\/\\\/clair.si\\\/izdelek\\\/jahalni-skornji-kavalkade-proximo\\\/\",\"name\":\"\u010cizme za jahanje Kavalkade Proximo - Clair\",\"isPartOf\":{\"@id\":\"https:\\\/\\\/clair.si\\\/#website\"},\"primaryImageOfPage\":{\"@id\":\"https:\\\/\\\/clair.si\\\/izdelek\\\/jahalni-skornji-kavalkade-proximo\\\/#primaryimage\"},\"image\":{\"@id\":\"https:\\\/\\\/clair.si\\\/izdelek\\\/jahalni-skornji-kavalkade-proximo\\\/#primaryimage\"},\"thumbnailUrl\":\"https:\\\/\\\/clair.si\\\/wp-content\\\/uploads\\\/2023\\\/05\\\/Jahalni-skornji-Kavalkade-Proximo-6-jpg.webp\",\"datePublished\":\"2023-05-08T07:34:48+00:00\",\"dateModified\":\"2025-09-23T05:23:19+00:00\",\"description\":\"Sportske, elegantne i nevjerojatno udobne \u010dizme za jahanje Kavalkade, osiguravaju visoku razinu fleksibilnosti i izdr\u017eljivosti. Provjerite na\u0161u odli\u010dnu ponudu.\",\"breadcrumb\":{\"@id\":\"https:\\\/\\\/clair.si\\\/izdelek\\\/jahalni-skornji-kavalkade-proximo\\\/#breadcrumb\"},\"inLanguage\":\"hr\",\"potentialAction\":[{\"@type\":\"ReadAction\",\"target\":[\"https:\\\/\\\/clair.si\\\/izdelek\\\/jahalni-skornji-kavalkade-proximo\\\/\"]}]},{\"@type\":\"ImageObject\",\"inLanguage\":\"hr\",\"@id\":\"https:\\\/\\\/clair.si\\\/izdelek\\\/jahalni-skornji-kavalkade-proximo\\\/#primaryimage\",\"url\":\"https:\\\/\\\/clair.si\\\/wp-content\\\/uploads\\\/2023\\\/05\\\/Jahalni-skornji-Kavalkade-Proximo-6-jpg.webp\",\"contentUrl\":\"https:\\\/\\\/clair.si\\\/wp-content\\\/uploads\\\/2023\\\/05\\\/Jahalni-skornji-Kavalkade-Proximo-6-jpg.webp\",\"width\":800,\"height\":800,\"caption\":\"Jahalni \u0161kornji Kavalkade Proximo (6)\"},{\"@type\":\"BreadcrumbList\",\"@id\":\"https:\\\/\\\/clair.si\\\/izdelek\\\/jahalni-skornji-kavalkade-proximo\\\/#breadcrumb\",\"itemListElement\":[{\"@type\":\"ListItem\",\"position\":1,\"name\":\"Home\",\"item\":\"https:\\\/\\\/clair.si\\\/hr\\\/\"},{\"@type\":\"ListItem\",\"position\":2,\"name\":\"Trgovina\",\"item\":\"https:\\\/\\\/clair.si\\\/trgovina\\\/\"},{\"@type\":\"ListItem\",\"position\":3,\"name\":\"\u010cizme za jahanje Kavalkade Proximo\"}]},{\"@type\":\"WebSite\",\"@id\":\"https:\\\/\\\/clair.si\\\/#website\",\"url\":\"https:\\\/\\\/clair.si\\\/\",\"name\":\"Clair\",\"description\":\"Trgovina s konjeni\u0161ko opremo\",\"publisher\":{\"@id\":\"https:\\\/\\\/clair.si\\\/#organization\"},\"potentialAction\":[{\"@type\":\"SearchAction\",\"target\":{\"@type\":\"EntryPoint\",\"urlTemplate\":\"https:\\\/\\\/clair.si\\\/?s={search_term_string}\"},\"query-input\":{\"@type\":\"PropertyValueSpecification\",\"valueRequired\":true,\"valueName\":\"search_term_string\"}}],\"inLanguage\":\"hr\"},{\"@type\":\"Organization\",\"@id\":\"https:\\\/\\\/clair.si\\\/#organization\",\"name\":\"Clair\",\"url\":\"https:\\\/\\\/clair.si\\\/\",\"logo\":{\"@type\":\"ImageObject\",\"inLanguage\":\"hr\",\"@id\":\"https:\\\/\\\/clair.si\\\/#\\\/schema\\\/logo\\\/image\\\/\",\"url\":\"https:\\\/\\\/clair.si\\\/wp-content\\\/uploads\\\/2022\\\/11\\\/clair_logo_2022.jpg\",\"contentUrl\":\"https:\\\/\\\/clair.si\\\/wp-content\\\/uploads\\\/2022\\\/11\\\/clair_logo_2022.jpg\",\"width\":1920,\"height\":1920,\"caption\":\"Clair\"},\"image\":{\"@id\":\"https:\\\/\\\/clair.si\\\/#\\\/schema\\\/logo\\\/image\\\/\"},\"sameAs\":[\"https:\\\/\\\/www.facebook.com\\\/TrgovinaClair\\\/\"]}]}<\/script>\n<!-- \/ Yoast SEO plugin. -->","yoast_head_json":{"title":"\u010cizme za jahanje Kavalkade Proximo - Clair","description":"Sportske, elegantne i nevjerojatno udobne \u010dizme za jahanje Kavalkade, osiguravaju visoku razinu fleksibilnosti i izdr\u017eljivosti. Provjerite na\u0161u odli\u010dnu ponudu.","robots":{"index":"index","follow":"follow","max-snippet":"max-snippet:-1","max-image-preview":"max-image-preview:large","max-video-preview":"max-video-preview:-1"},"canonical":"https:\/\/clair.si\/izdelek\/jahalni-skornji-kavalkade-proximo\/","og_locale":"hr_HR","og_type":"article","og_title":"\u010cizme za jahanje Kavalkade Proximo - Clair","og_description":"Sportske, elegantne i nevjerojatno udobne \u010dizme za jahanje Kavalkade, osiguravaju visoku razinu fleksibilnosti i izdr\u017eljivosti. Provjerite na\u0161u odli\u010dnu ponudu.","og_url":"https:\/\/clair.si\/izdelek\/jahalni-skornji-kavalkade-proximo\/","og_site_name":"Clair","article_publisher":"https:\/\/www.facebook.com\/TrgovinaClair\/","article_modified_time":"2025-09-23T05:23:19+00:00","og_image":[{"width":800,"height":800,"url":"https:\/\/clair.si\/wp-content\/uploads\/2023\/05\/Jahalni-skornji-Kavalkade-Proximo-6-jpg.webp","type":"image\/jpeg"}],"twitter_card":"summary_large_image","twitter_misc":{"Procijenjeno vrijeme \u010ditanja":"2 minute"},"schema":{"@context":"https:\/\/schema.org","@graph":[{"@type":"WebPage","@id":"https:\/\/clair.si\/izdelek\/jahalni-skornji-kavalkade-proximo\/","url":"https:\/\/clair.si\/izdelek\/jahalni-skornji-kavalkade-proximo\/","name":"\u010cizme za jahanje Kavalkade Proximo - Clair","isPartOf":{"@id":"https:\/\/clair.si\/#website"},"primaryImageOfPage":{"@id":"https:\/\/clair.si\/izdelek\/jahalni-skornji-kavalkade-proximo\/#primaryimage"},"image":{"@id":"https:\/\/clair.si\/izdelek\/jahalni-skornji-kavalkade-proximo\/#primaryimage"},"thumbnailUrl":"https:\/\/clair.si\/wp-content\/uploads\/2023\/05\/Jahalni-skornji-Kavalkade-Proximo-6-jpg.webp","datePublished":"2023-05-08T07:34:48+00:00","dateModified":"2025-09-23T05:23:19+00:00","description":"Sportske, elegantne i nevjerojatno udobne \u010dizme za jahanje Kavalkade, osiguravaju visoku razinu fleksibilnosti i izdr\u017eljivosti. Provjerite na\u0161u odli\u010dnu ponudu.","breadcrumb":{"@id":"https:\/\/clair.si\/izdelek\/jahalni-skornji-kavalkade-proximo\/#breadcrumb"},"inLanguage":"hr","potentialAction":[{"@type":"ReadAction","target":["https:\/\/clair.si\/izdelek\/jahalni-skornji-kavalkade-proximo\/"]}]},{"@type":"ImageObject","inLanguage":"hr","@id":"https:\/\/clair.si\/izdelek\/jahalni-skornji-kavalkade-proximo\/#primaryimage","url":"https:\/\/clair.si\/wp-content\/uploads\/2023\/05\/Jahalni-skornji-Kavalkade-Proximo-6-jpg.webp","contentUrl":"https:\/\/clair.si\/wp-content\/uploads\/2023\/05\/Jahalni-skornji-Kavalkade-Proximo-6-jpg.webp","width":800,"height":800,"caption":"Jahalni \u0161kornji Kavalkade Proximo (6)"},{"@type":"BreadcrumbList","@id":"https:\/\/clair.si\/izdelek\/jahalni-skornji-kavalkade-proximo\/#breadcrumb","itemListElement":[{"@type":"ListItem","position":1,"name":"Home","item":"https:\/\/clair.si\/hr\/"},{"@type":"ListItem","position":2,"name":"Trgovina","item":"https:\/\/clair.si\/trgovina\/"},{"@type":"ListItem","position":3,"name":"\u010cizme za jahanje Kavalkade Proximo"}]},{"@type":"WebSite","@id":"https:\/\/clair.si\/#website","url":"https:\/\/clair.si\/","name":"Clair","description":"Trgovina s konjeni\u0161ko opremo","publisher":{"@id":"https:\/\/clair.si\/#organization"},"potentialAction":[{"@type":"SearchAction","target":{"@type":"EntryPoint","urlTemplate":"https:\/\/clair.si\/?s={search_term_string}"},"query-input":{"@type":"PropertyValueSpecification","valueRequired":true,"valueName":"search_term_string"}}],"inLanguage":"hr"},{"@type":"Organization","@id":"https:\/\/clair.si\/#organization","name":"Clair","url":"https:\/\/clair.si\/","logo":{"@type":"ImageObject","inLanguage":"hr","@id":"https:\/\/clair.si\/#\/schema\/logo\/image\/","url":"https:\/\/clair.si\/wp-content\/uploads\/2022\/11\/clair_logo_2022.jpg","contentUrl":"https:\/\/clair.si\/wp-content\/uploads\/2022\/11\/clair_logo_2022.jpg","width":1920,"height":1920,"caption":"Clair"},"image":{"@id":"https:\/\/clair.si\/#\/schema\/logo\/image\/"},"sameAs":["https:\/\/www.facebook.com\/TrgovinaClair\/"]}]}},"_links":{"self":[{"href":"https:\/\/clair.si\/hr\/wp-json\/wp\/v2\/product\/98525","targetHints":{"allow":["GET"]}}],"collection":[{"href":"https:\/\/clair.si\/hr\/wp-json\/wp\/v2\/product"}],"about":[{"href":"https:\/\/clair.si\/hr\/wp-json\/wp\/v2\/types\/product"}],"version-history":[{"count":2,"href":"https:\/\/clair.si\/hr\/wp-json\/wp\/v2\/product\/98525\/revisions"}],"predecessor-version":[{"id":113720,"href":"https:\/\/clair.si\/hr\/wp-json\/wp\/v2\/product\/98525\/revisions\/113720"}],"wp:featuredmedia":[{"embeddable":true,"href":"https:\/\/clair.si\/hr\/wp-json\/wp\/v2\/media\/98532"}],"wp:attachment":[{"href":"https:\/\/clair.si\/hr\/wp-json\/wp\/v2\/media?parent=98525"}],"wp:term":[{"taxonomy":"product_brand","embeddable":true,"href":"https:\/\/clair.si\/hr\/wp-json\/wp\/v2\/product_brand?post=98525"},{"taxonomy":"product_cat","embeddable":true,"href":"https:\/\/clair.si\/hr\/wp-json\/wp\/v2\/product_cat?post=98525"},{"taxonomy":"product_tag","embeddable":true,"href":"https:\/\/clair.si\/hr\/wp-json\/wp\/v2\/product_tag?post=98525"}],"curies":[{"name":"wp","href":"https:\/\/api.w.org\/{rel}","templated":true}]}}