{"id":98712,"date":"2023-04-06T07:51:54","date_gmt":"2023-04-06T05:51:54","guid":{"rendered":"https:\/\/clair.si\/izdelek\/western-pojas-za-sedlo-hkm-softopren-lining\/"},"modified":"2025-09-28T18:58:04","modified_gmt":"2025-09-28T16:58:04","slug":"western-kolan-za-sedlo-hkm-softopren-lining","status":"publish","type":"product","link":"https:\/\/clair.si\/hr\/izdelek\/western-kolan-za-sedlo-hkm-softopren-lining\/","title":{"rendered":"Western kolan za sedlo HKM Softopren Lining"},"content":{"rendered":"<p><strong>Western kolan za sedlo HKM Softopren Lining<\/strong> s <span class=\"HwtZe\" lang=\"sl\"><span class=\"jCAhz ChMk0b\"><span class=\"ryNqvb\">odvojivom podlogom za jednostavno \u010di\u0161\u0107enje.<\/span><\/span> <span class=\"jCAhz ChMk0b\"><span class=\"ryNqvb\">Napravljen je tako da se pritisak lijepo rasporedi po konjevom trbuhu i da se ne stvaraju pojedina\u010dne to\u010dke<\/span><\/span>, koje bi mogle o\u017euljati konja. Kolan ima <span class=\"jCAhz ChMk0b\"><span class=\"ryNqvb\">elasti\u010dnu softopren podlogu.<\/span><\/span> <\/span><\/p>\n<p><span class=\"HwtZe\" lang=\"sl\">P<span class=\"jCAhz ChMk0b\"><span class=\"ryNqvb\">erivo u perilici rublja na 30 stupnjeva<\/span><\/span> i <span class=\"jCAhz ChMk0b\"><span class=\"ryNqvb\">pogodno za su\u0161ilicu rublja<\/span><\/span>. Ne <span class=\"jCAhz ChMk0b\"><span class=\"ryNqvb\">iscijedite.<\/span><\/span> <\/span><\/p>\n","protected":false},"excerpt":{"rendered":"<p>Western kolan za sedlo HKM Softopren Lining s odvojivom podlogom za jednostavno \u010di\u0161\u0107enje. Napravljen je tako da se pritisak lijepo<\/p>\n","protected":false},"featured_media":98732,"template":"","meta":{"footnotes":""},"product_brand":[],"product_cat":[5657,5818,5624,5897,5794,5896],"product_tag":[],"class_list":{"0":"post-98712","1":"product","2":"type-product","3":"status-publish","4":"has-post-thumbnail","6":"product_cat-kategorije-hr","7":"product_cat-kolan","8":"product_cat-konj-hr","9":"product_cat-pojasevi-za-sedlo","10":"product_cat-western-hr","11":"product_cat-western-kolani","13":"first","14":"instock","15":"sale","16":"shipping-taxable","17":"purchasable","18":"product-type-variable"},"yoast_head":"<!-- This site is optimized with the Yoast SEO plugin v27.4 - https:\/\/yoast.com\/product\/yoast-seo-wordpress\/ -->\n<title>Western kolan za sedlo HKM Softopren Lining - Clair<\/title>\n<meta name=\"description\" content=\"Western kolan za sedlo HKM Softopren Lining s odvojivom podlogom za jednostavno \u010di\u0161\u0107enje. Napravljen je tako da se pritisak lijepo rasporedi po konjevom\" \/>\n<meta name=\"robots\" content=\"index, follow, max-snippet:-1, max-image-preview:large, max-video-preview:-1\" \/>\n<link rel=\"canonical\" href=\"https:\/\/clair.si\/hr\/izdelek\/western-kolan-za-sedlo-hkm-softopren-lining\/\" \/>\n<meta property=\"og:locale\" content=\"hr_HR\" \/>\n<meta property=\"og:type\" content=\"article\" \/>\n<meta property=\"og:title\" content=\"Western kolan za sedlo HKM Softopren Lining - Clair\" \/>\n<meta property=\"og:description\" content=\"Western kolan za sedlo HKM Softopren Lining s odvojivom podlogom za jednostavno \u010di\u0161\u0107enje. Napravljen je tako da se pritisak lijepo rasporedi po konjevom\" \/>\n<meta property=\"og:url\" content=\"https:\/\/clair.si\/hr\/izdelek\/western-kolan-za-sedlo-hkm-softopren-lining\/\" \/>\n<meta property=\"og:site_name\" content=\"Clair\" \/>\n<meta property=\"article:publisher\" content=\"https:\/\/www.facebook.com\/TrgovinaClair\/\" \/>\n<meta property=\"article:modified_time\" content=\"2025-09-28T16:58:04+00:00\" \/>\n<meta property=\"og:image\" content=\"https:\/\/clair.si\/wp-content\/uploads\/2023\/04\/sedelni-pas-western-softopren-lining-hkm-jpg.webp\" \/>\n\t<meta property=\"og:image:width\" content=\"1500\" \/>\n\t<meta property=\"og:image:height\" content=\"1500\" \/>\n\t<meta property=\"og:image:type\" content=\"image\/jpeg\" \/>\n<meta name=\"twitter:card\" content=\"summary_large_image\" \/>\n<meta name=\"twitter:label1\" content=\"Procijenjeno vrijeme \u010ditanja\" \/>\n\t<meta name=\"twitter:data1\" content=\"1 minuta\" \/>\n<script type=\"application\/ld+json\" class=\"yoast-schema-graph\">{\"@context\":\"https:\\\/\\\/schema.org\",\"@graph\":[{\"@type\":\"WebPage\",\"@id\":\"https:\\\/\\\/clair.si\\\/hr\\\/izdelek\\\/western-kolan-za-sedlo-hkm-softopren-lining\\\/\",\"url\":\"https:\\\/\\\/clair.si\\\/hr\\\/izdelek\\\/western-kolan-za-sedlo-hkm-softopren-lining\\\/\",\"name\":\"Western kolan za sedlo HKM Softopren Lining - Clair\",\"isPartOf\":{\"@id\":\"https:\\\/\\\/clair.si\\\/#website\"},\"primaryImageOfPage\":{\"@id\":\"https:\\\/\\\/clair.si\\\/hr\\\/izdelek\\\/western-kolan-za-sedlo-hkm-softopren-lining\\\/#primaryimage\"},\"image\":{\"@id\":\"https:\\\/\\\/clair.si\\\/hr\\\/izdelek\\\/western-kolan-za-sedlo-hkm-softopren-lining\\\/#primaryimage\"},\"thumbnailUrl\":\"https:\\\/\\\/clair.si\\\/wp-content\\\/uploads\\\/2023\\\/04\\\/sedelni-pas-western-softopren-lining-hkm-jpg.webp\",\"datePublished\":\"2023-04-06T05:51:54+00:00\",\"dateModified\":\"2025-09-28T16:58:04+00:00\",\"description\":\"Western kolan za sedlo HKM Softopren Lining s odvojivom podlogom za jednostavno \u010di\u0161\u0107enje. Napravljen je tako da se pritisak lijepo rasporedi po konjevom\",\"breadcrumb\":{\"@id\":\"https:\\\/\\\/clair.si\\\/hr\\\/izdelek\\\/western-kolan-za-sedlo-hkm-softopren-lining\\\/#breadcrumb\"},\"inLanguage\":\"hr\",\"potentialAction\":[{\"@type\":\"ReadAction\",\"target\":[\"https:\\\/\\\/clair.si\\\/hr\\\/izdelek\\\/western-kolan-za-sedlo-hkm-softopren-lining\\\/\"]}]},{\"@type\":\"ImageObject\",\"inLanguage\":\"hr\",\"@id\":\"https:\\\/\\\/clair.si\\\/hr\\\/izdelek\\\/western-kolan-za-sedlo-hkm-softopren-lining\\\/#primaryimage\",\"url\":\"https:\\\/\\\/clair.si\\\/wp-content\\\/uploads\\\/2023\\\/04\\\/sedelni-pas-western-softopren-lining-hkm-jpg.webp\",\"contentUrl\":\"https:\\\/\\\/clair.si\\\/wp-content\\\/uploads\\\/2023\\\/04\\\/sedelni-pas-western-softopren-lining-hkm-jpg.webp\",\"width\":1500,\"height\":1500},{\"@type\":\"BreadcrumbList\",\"@id\":\"https:\\\/\\\/clair.si\\\/hr\\\/izdelek\\\/western-kolan-za-sedlo-hkm-softopren-lining\\\/#breadcrumb\",\"itemListElement\":[{\"@type\":\"ListItem\",\"position\":1,\"name\":\"Home\",\"item\":\"https:\\\/\\\/clair.si\\\/hr\\\/\"},{\"@type\":\"ListItem\",\"position\":2,\"name\":\"Trgovina\",\"item\":\"https:\\\/\\\/clair.si\\\/trgovina\\\/\"},{\"@type\":\"ListItem\",\"position\":3,\"name\":\"Western kolan za sedlo HKM Softopren Lining\"}]},{\"@type\":\"WebSite\",\"@id\":\"https:\\\/\\\/clair.si\\\/#website\",\"url\":\"https:\\\/\\\/clair.si\\\/\",\"name\":\"Clair\",\"description\":\"Trgovina s konjeni\u0161ko opremo\",\"publisher\":{\"@id\":\"https:\\\/\\\/clair.si\\\/#organization\"},\"potentialAction\":[{\"@type\":\"SearchAction\",\"target\":{\"@type\":\"EntryPoint\",\"urlTemplate\":\"https:\\\/\\\/clair.si\\\/?s={search_term_string}\"},\"query-input\":{\"@type\":\"PropertyValueSpecification\",\"valueRequired\":true,\"valueName\":\"search_term_string\"}}],\"inLanguage\":\"hr\"},{\"@type\":\"Organization\",\"@id\":\"https:\\\/\\\/clair.si\\\/#organization\",\"name\":\"Clair\",\"url\":\"https:\\\/\\\/clair.si\\\/\",\"logo\":{\"@type\":\"ImageObject\",\"inLanguage\":\"hr\",\"@id\":\"https:\\\/\\\/clair.si\\\/#\\\/schema\\\/logo\\\/image\\\/\",\"url\":\"https:\\\/\\\/clair.si\\\/wp-content\\\/uploads\\\/2022\\\/11\\\/clair_logo_2022.jpg\",\"contentUrl\":\"https:\\\/\\\/clair.si\\\/wp-content\\\/uploads\\\/2022\\\/11\\\/clair_logo_2022.jpg\",\"width\":1920,\"height\":1920,\"caption\":\"Clair\"},\"image\":{\"@id\":\"https:\\\/\\\/clair.si\\\/#\\\/schema\\\/logo\\\/image\\\/\"},\"sameAs\":[\"https:\\\/\\\/www.facebook.com\\\/TrgovinaClair\\\/\"]}]}<\/script>\n<!-- \/ Yoast SEO plugin. -->","yoast_head_json":{"title":"Western kolan za sedlo HKM Softopren Lining - Clair","description":"Western kolan za sedlo HKM Softopren Lining s odvojivom podlogom za jednostavno \u010di\u0161\u0107enje. Napravljen je tako da se pritisak lijepo rasporedi po konjevom","robots":{"index":"index","follow":"follow","max-snippet":"max-snippet:-1","max-image-preview":"max-image-preview:large","max-video-preview":"max-video-preview:-1"},"canonical":"https:\/\/clair.si\/hr\/izdelek\/western-kolan-za-sedlo-hkm-softopren-lining\/","og_locale":"hr_HR","og_type":"article","og_title":"Western kolan za sedlo HKM Softopren Lining - Clair","og_description":"Western kolan za sedlo HKM Softopren Lining s odvojivom podlogom za jednostavno \u010di\u0161\u0107enje. Napravljen je tako da se pritisak lijepo rasporedi po konjevom","og_url":"https:\/\/clair.si\/hr\/izdelek\/western-kolan-za-sedlo-hkm-softopren-lining\/","og_site_name":"Clair","article_publisher":"https:\/\/www.facebook.com\/TrgovinaClair\/","article_modified_time":"2025-09-28T16:58:04+00:00","og_image":[{"width":1500,"height":1500,"url":"https:\/\/clair.si\/wp-content\/uploads\/2023\/04\/sedelni-pas-western-softopren-lining-hkm-jpg.webp","type":"image\/jpeg"}],"twitter_card":"summary_large_image","twitter_misc":{"Procijenjeno vrijeme \u010ditanja":"1 minuta"},"schema":{"@context":"https:\/\/schema.org","@graph":[{"@type":"WebPage","@id":"https:\/\/clair.si\/hr\/izdelek\/western-kolan-za-sedlo-hkm-softopren-lining\/","url":"https:\/\/clair.si\/hr\/izdelek\/western-kolan-za-sedlo-hkm-softopren-lining\/","name":"Western kolan za sedlo HKM Softopren Lining - Clair","isPartOf":{"@id":"https:\/\/clair.si\/#website"},"primaryImageOfPage":{"@id":"https:\/\/clair.si\/hr\/izdelek\/western-kolan-za-sedlo-hkm-softopren-lining\/#primaryimage"},"image":{"@id":"https:\/\/clair.si\/hr\/izdelek\/western-kolan-za-sedlo-hkm-softopren-lining\/#primaryimage"},"thumbnailUrl":"https:\/\/clair.si\/wp-content\/uploads\/2023\/04\/sedelni-pas-western-softopren-lining-hkm-jpg.webp","datePublished":"2023-04-06T05:51:54+00:00","dateModified":"2025-09-28T16:58:04+00:00","description":"Western kolan za sedlo HKM Softopren Lining s odvojivom podlogom za jednostavno \u010di\u0161\u0107enje. Napravljen je tako da se pritisak lijepo rasporedi po konjevom","breadcrumb":{"@id":"https:\/\/clair.si\/hr\/izdelek\/western-kolan-za-sedlo-hkm-softopren-lining\/#breadcrumb"},"inLanguage":"hr","potentialAction":[{"@type":"ReadAction","target":["https:\/\/clair.si\/hr\/izdelek\/western-kolan-za-sedlo-hkm-softopren-lining\/"]}]},{"@type":"ImageObject","inLanguage":"hr","@id":"https:\/\/clair.si\/hr\/izdelek\/western-kolan-za-sedlo-hkm-softopren-lining\/#primaryimage","url":"https:\/\/clair.si\/wp-content\/uploads\/2023\/04\/sedelni-pas-western-softopren-lining-hkm-jpg.webp","contentUrl":"https:\/\/clair.si\/wp-content\/uploads\/2023\/04\/sedelni-pas-western-softopren-lining-hkm-jpg.webp","width":1500,"height":1500},{"@type":"BreadcrumbList","@id":"https:\/\/clair.si\/hr\/izdelek\/western-kolan-za-sedlo-hkm-softopren-lining\/#breadcrumb","itemListElement":[{"@type":"ListItem","position":1,"name":"Home","item":"https:\/\/clair.si\/hr\/"},{"@type":"ListItem","position":2,"name":"Trgovina","item":"https:\/\/clair.si\/trgovina\/"},{"@type":"ListItem","position":3,"name":"Western kolan za sedlo HKM Softopren Lining"}]},{"@type":"WebSite","@id":"https:\/\/clair.si\/#website","url":"https:\/\/clair.si\/","name":"Clair","description":"Trgovina s konjeni\u0161ko opremo","publisher":{"@id":"https:\/\/clair.si\/#organization"},"potentialAction":[{"@type":"SearchAction","target":{"@type":"EntryPoint","urlTemplate":"https:\/\/clair.si\/?s={search_term_string}"},"query-input":{"@type":"PropertyValueSpecification","valueRequired":true,"valueName":"search_term_string"}}],"inLanguage":"hr"},{"@type":"Organization","@id":"https:\/\/clair.si\/#organization","name":"Clair","url":"https:\/\/clair.si\/","logo":{"@type":"ImageObject","inLanguage":"hr","@id":"https:\/\/clair.si\/#\/schema\/logo\/image\/","url":"https:\/\/clair.si\/wp-content\/uploads\/2022\/11\/clair_logo_2022.jpg","contentUrl":"https:\/\/clair.si\/wp-content\/uploads\/2022\/11\/clair_logo_2022.jpg","width":1920,"height":1920,"caption":"Clair"},"image":{"@id":"https:\/\/clair.si\/#\/schema\/logo\/image\/"},"sameAs":["https:\/\/www.facebook.com\/TrgovinaClair\/"]}]}},"_links":{"self":[{"href":"https:\/\/clair.si\/hr\/wp-json\/wp\/v2\/product\/98712","targetHints":{"allow":["GET"]}}],"collection":[{"href":"https:\/\/clair.si\/hr\/wp-json\/wp\/v2\/product"}],"about":[{"href":"https:\/\/clair.si\/hr\/wp-json\/wp\/v2\/types\/product"}],"version-history":[{"count":1,"href":"https:\/\/clair.si\/hr\/wp-json\/wp\/v2\/product\/98712\/revisions"}],"predecessor-version":[{"id":115040,"href":"https:\/\/clair.si\/hr\/wp-json\/wp\/v2\/product\/98712\/revisions\/115040"}],"wp:featuredmedia":[{"embeddable":true,"href":"https:\/\/clair.si\/hr\/wp-json\/wp\/v2\/media\/98732"}],"wp:attachment":[{"href":"https:\/\/clair.si\/hr\/wp-json\/wp\/v2\/media?parent=98712"}],"wp:term":[{"taxonomy":"product_brand","embeddable":true,"href":"https:\/\/clair.si\/hr\/wp-json\/wp\/v2\/product_brand?post=98712"},{"taxonomy":"product_cat","embeddable":true,"href":"https:\/\/clair.si\/hr\/wp-json\/wp\/v2\/product_cat?post=98712"},{"taxonomy":"product_tag","embeddable":true,"href":"https:\/\/clair.si\/hr\/wp-json\/wp\/v2\/product_tag?post=98712"}],"curies":[{"name":"wp","href":"https:\/\/api.w.org\/{rel}","templated":true}]}}