{"id":98772,"date":"2023-04-13T14:44:30","date_gmt":"2023-04-13T12:44:30","guid":{"rendered":"https:\/\/clair.si\/izdelek\/kavalkade-memory-foam-pojas-sa-elastikom\/"},"modified":"2025-09-28T16:19:22","modified_gmt":"2025-09-28T14:19:22","slug":"kavalkade-memory-kolan-pojas-sa-elastikom","status":"publish","type":"product","link":"https:\/\/clair.si\/hr\/izdelek\/kavalkade-memory-kolan-pojas-sa-elastikom\/","title":{"rendered":"Kavalkade Memory Foam kolan sa elastikom"},"content":{"rendered":"<p><strong>Kavalkade Memory Foam kolan sa elastikom<\/strong> <span class=\"HwtZe\" lang=\"sl\"><span class=\"jCAhz\"><span class=\"ryNqvb\">je memorijski pojas jednostavnog oblika i ima D-prsten na sredini za pri\u010dvr\u0161\u0107ivanje pomo\u0107nih uzda, martingala i poprsnica.<\/span><\/span><\/span> <\/p>\n<p><span class=\"HwtZe\" lang=\"sl\"><span class=\"jCAhz\"><span class=\"ryNqvb\">Memorijska pjena je vrsta mekane, gelaste mase koja se prilago\u0111ava. <strong>Pjena se sama oblikuje oko konjskog tijela i prilago\u0111ava se<\/strong> eventualnim neravninama. Hrskavica, kosti ili manje izbo\u010dine su tako rastere\u0107ene, jer se utisnu u pjenu i pritisak oko njih se rasporedi. Nakon upotrebe, memorijska pjena se zatim vra\u0107a u uobi\u010dajeni oblik.   <\/span><\/span><\/span><\/p>\n<ul>\n<li><span class=\"HwtZe\" lang=\"sl\"><span class=\"jCAhz\"><span class=\"ryNqvb\">mekani materijal od memorijske pjene <\/span><\/span><\/span><\/li>\n<li><span class=\"HwtZe\" lang=\"sl\"><span class=\"jCAhz\"><span class=\"ryNqvb\"> optimalno se prilago\u0111ava <\/span><\/span><\/span><\/li>\n<li><span class=\"HwtZe\" lang=\"sl\"><span class=\"jCAhz\"><span class=\"ryNqvb\">s D-prstenom na sredini <\/span><\/span><\/span><\/li>\n<li><span class=\"HwtZe\" lang=\"sl\"><span class=\"jCAhz\"><span class=\"ryNqvb\">kop\u010de od nehr\u0111aju\u0107eg \u010delika <\/span><\/span><\/span><\/li>\n<li><span class=\"HwtZe\" lang=\"sl\"><span class=\"jCAhz\"><span class=\"ryNqvb\">s elastikom <\/span><\/span><\/span><span class=\"HwtZe\" lang=\"sl\"><span class=\"jCAhz\"><span class=\"ryNqvb\"> <\/span><\/span><\/span><\/li>\n<li><span class=\"HwtZe\" lang=\"sl\"><span class=\"jCAhz\"><span class=\"ryNqvb\">memorijska pjena prekrivena neoprenom <\/span><\/span><\/span><\/li>\n<\/ul>\n<p><span class=\"HwtZe\" lang=\"sl\"><span class=\"jCAhz\"><span class=\"ryNqvb\"> Upotreba Kavalkade Memory Foam pojasa sa memorijskom pjenom ima veliku prednost da se prilago\u0111ava konjevom tijelu i <strong>smanjuje pritisak<\/strong> na izbo\u010dine, te tako preusmjerava pritisak drugdje. To je velika <strong>prednost, posebno za konje koji su osjetljivi<\/strong>. Memorijski pojasevi imaju odli\u010dan omjer cijene i u\u010dinkovitosti. Osim toga, iznimno ih je jednostavno odr\u017eavati i \u010distiti.   <\/span><\/span><\/span><\/p>\n","protected":false},"excerpt":{"rendered":"<p>Kavalkade Memory Foam kolan sa elastikom je memorijski pojas jednostavnog oblika i ima D-prsten na sredini za pri\u010dvr\u0161\u0107ivanje pomo\u0107nih uzda,<\/p>\n","protected":false},"featured_media":105290,"template":"","meta":{"footnotes":""},"product_brand":[],"product_cat":[5818,5624,5819],"product_tag":[],"class_list":{"0":"post-98772","1":"product","2":"type-product","3":"status-publish","4":"has-post-thumbnail","6":"product_cat-kolan","7":"product_cat-konj-hr","8":"product_cat-visenamjenski-kolani","10":"first","11":"instock","12":"sale","13":"shipping-taxable","14":"purchasable","15":"product-type-variable"},"yoast_head":"<!-- This site is optimized with the Yoast SEO plugin v27.4 - https:\/\/yoast.com\/product\/yoast-seo-wordpress\/ -->\n<title>Kavalkade Memory Foam kolan sa elastikom - Clair<\/title>\n<meta name=\"description\" content=\"Kavalkade Memory Foam kolan sa elastikom je memorijski pojas jednostavnog oblika i ima D-prsten na sredini za pri\u010dvr\u0161\u0107ivanje pomo\u0107nih uzda, martingala i\" \/>\n<meta name=\"robots\" content=\"index, follow, max-snippet:-1, max-image-preview:large, max-video-preview:-1\" \/>\n<link rel=\"canonical\" href=\"https:\/\/clair.si\/hr\/izdelek\/kavalkade-memory-kolan-pojas-sa-elastikom\/\" \/>\n<meta property=\"og:locale\" content=\"hr_HR\" \/>\n<meta property=\"og:type\" content=\"article\" \/>\n<meta property=\"og:title\" content=\"Kavalkade Memory Foam kolan sa elastikom - Clair\" \/>\n<meta property=\"og:description\" content=\"Kavalkade Memory Foam kolan sa elastikom je memorijski pojas jednostavnog oblika i ima D-prsten na sredini za pri\u010dvr\u0161\u0107ivanje pomo\u0107nih uzda, martingala i\" \/>\n<meta property=\"og:url\" content=\"https:\/\/clair.si\/hr\/izdelek\/kavalkade-memory-kolan-pojas-sa-elastikom\/\" \/>\n<meta property=\"og:site_name\" content=\"Clair\" \/>\n<meta property=\"article:publisher\" content=\"https:\/\/www.facebook.com\/TrgovinaClair\/\" \/>\n<meta property=\"article:modified_time\" content=\"2025-09-28T14:19:22+00:00\" \/>\n<meta property=\"og:image\" content=\"https:\/\/clair.si\/wp-content\/uploads\/2022\/11\/14201_01-kavalkade-sedelni-pas-memory-foam.jpg\" \/>\n\t<meta property=\"og:image:width\" content=\"825\" \/>\n\t<meta property=\"og:image:height\" content=\"825\" \/>\n\t<meta property=\"og:image:type\" content=\"image\/jpeg\" \/>\n<meta name=\"twitter:card\" content=\"summary_large_image\" \/>\n<meta name=\"twitter:label1\" content=\"Procijenjeno vrijeme \u010ditanja\" \/>\n\t<meta name=\"twitter:data1\" content=\"1 minuta\" \/>\n<script type=\"application\/ld+json\" class=\"yoast-schema-graph\">{\"@context\":\"https:\\\/\\\/schema.org\",\"@graph\":[{\"@type\":\"WebPage\",\"@id\":\"https:\\\/\\\/clair.si\\\/hr\\\/izdelek\\\/kavalkade-memory-kolan-pojas-sa-elastikom\\\/\",\"url\":\"https:\\\/\\\/clair.si\\\/hr\\\/izdelek\\\/kavalkade-memory-kolan-pojas-sa-elastikom\\\/\",\"name\":\"Kavalkade Memory Foam kolan sa elastikom - Clair\",\"isPartOf\":{\"@id\":\"https:\\\/\\\/clair.si\\\/#website\"},\"primaryImageOfPage\":{\"@id\":\"https:\\\/\\\/clair.si\\\/hr\\\/izdelek\\\/kavalkade-memory-kolan-pojas-sa-elastikom\\\/#primaryimage\"},\"image\":{\"@id\":\"https:\\\/\\\/clair.si\\\/hr\\\/izdelek\\\/kavalkade-memory-kolan-pojas-sa-elastikom\\\/#primaryimage\"},\"thumbnailUrl\":\"https:\\\/\\\/clair.si\\\/wp-content\\\/uploads\\\/2022\\\/11\\\/14201_01-kavalkade-sedelni-pas-memory-foam.webp\",\"datePublished\":\"2023-04-13T12:44:30+00:00\",\"dateModified\":\"2025-09-28T14:19:22+00:00\",\"description\":\"Kavalkade Memory Foam kolan sa elastikom je memorijski pojas jednostavnog oblika i ima D-prsten na sredini za pri\u010dvr\u0161\u0107ivanje pomo\u0107nih uzda, martingala i\",\"breadcrumb\":{\"@id\":\"https:\\\/\\\/clair.si\\\/hr\\\/izdelek\\\/kavalkade-memory-kolan-pojas-sa-elastikom\\\/#breadcrumb\"},\"inLanguage\":\"hr\",\"potentialAction\":[{\"@type\":\"ReadAction\",\"target\":[\"https:\\\/\\\/clair.si\\\/hr\\\/izdelek\\\/kavalkade-memory-kolan-pojas-sa-elastikom\\\/\"]}]},{\"@type\":\"ImageObject\",\"inLanguage\":\"hr\",\"@id\":\"https:\\\/\\\/clair.si\\\/hr\\\/izdelek\\\/kavalkade-memory-kolan-pojas-sa-elastikom\\\/#primaryimage\",\"url\":\"https:\\\/\\\/clair.si\\\/wp-content\\\/uploads\\\/2022\\\/11\\\/14201_01-kavalkade-sedelni-pas-memory-foam.webp\",\"contentUrl\":\"https:\\\/\\\/clair.si\\\/wp-content\\\/uploads\\\/2022\\\/11\\\/14201_01-kavalkade-sedelni-pas-memory-foam.webp\",\"width\":825,\"height\":825,\"caption\":\"Sedelni pas kavalkade memory foam.\"},{\"@type\":\"BreadcrumbList\",\"@id\":\"https:\\\/\\\/clair.si\\\/hr\\\/izdelek\\\/kavalkade-memory-kolan-pojas-sa-elastikom\\\/#breadcrumb\",\"itemListElement\":[{\"@type\":\"ListItem\",\"position\":1,\"name\":\"Home\",\"item\":\"https:\\\/\\\/clair.si\\\/hr\\\/\"},{\"@type\":\"ListItem\",\"position\":2,\"name\":\"Trgovina\",\"item\":\"https:\\\/\\\/clair.si\\\/trgovina\\\/\"},{\"@type\":\"ListItem\",\"position\":3,\"name\":\"Kavalkade Memory Foam kolan sa elastikom\"}]},{\"@type\":\"WebSite\",\"@id\":\"https:\\\/\\\/clair.si\\\/#website\",\"url\":\"https:\\\/\\\/clair.si\\\/\",\"name\":\"Clair\",\"description\":\"Trgovina s konjeni\u0161ko opremo\",\"publisher\":{\"@id\":\"https:\\\/\\\/clair.si\\\/#organization\"},\"potentialAction\":[{\"@type\":\"SearchAction\",\"target\":{\"@type\":\"EntryPoint\",\"urlTemplate\":\"https:\\\/\\\/clair.si\\\/?s={search_term_string}\"},\"query-input\":{\"@type\":\"PropertyValueSpecification\",\"valueRequired\":true,\"valueName\":\"search_term_string\"}}],\"inLanguage\":\"hr\"},{\"@type\":\"Organization\",\"@id\":\"https:\\\/\\\/clair.si\\\/#organization\",\"name\":\"Clair\",\"url\":\"https:\\\/\\\/clair.si\\\/\",\"logo\":{\"@type\":\"ImageObject\",\"inLanguage\":\"hr\",\"@id\":\"https:\\\/\\\/clair.si\\\/#\\\/schema\\\/logo\\\/image\\\/\",\"url\":\"https:\\\/\\\/clair.si\\\/wp-content\\\/uploads\\\/2022\\\/11\\\/clair_logo_2022.jpg\",\"contentUrl\":\"https:\\\/\\\/clair.si\\\/wp-content\\\/uploads\\\/2022\\\/11\\\/clair_logo_2022.jpg\",\"width\":1920,\"height\":1920,\"caption\":\"Clair\"},\"image\":{\"@id\":\"https:\\\/\\\/clair.si\\\/#\\\/schema\\\/logo\\\/image\\\/\"},\"sameAs\":[\"https:\\\/\\\/www.facebook.com\\\/TrgovinaClair\\\/\"]}]}<\/script>\n<!-- \/ Yoast SEO plugin. -->","yoast_head_json":{"title":"Kavalkade Memory Foam kolan sa elastikom - Clair","description":"Kavalkade Memory Foam kolan sa elastikom je memorijski pojas jednostavnog oblika i ima D-prsten na sredini za pri\u010dvr\u0161\u0107ivanje pomo\u0107nih uzda, martingala i","robots":{"index":"index","follow":"follow","max-snippet":"max-snippet:-1","max-image-preview":"max-image-preview:large","max-video-preview":"max-video-preview:-1"},"canonical":"https:\/\/clair.si\/hr\/izdelek\/kavalkade-memory-kolan-pojas-sa-elastikom\/","og_locale":"hr_HR","og_type":"article","og_title":"Kavalkade Memory Foam kolan sa elastikom - Clair","og_description":"Kavalkade Memory Foam kolan sa elastikom je memorijski pojas jednostavnog oblika i ima D-prsten na sredini za pri\u010dvr\u0161\u0107ivanje pomo\u0107nih uzda, martingala i","og_url":"https:\/\/clair.si\/hr\/izdelek\/kavalkade-memory-kolan-pojas-sa-elastikom\/","og_site_name":"Clair","article_publisher":"https:\/\/www.facebook.com\/TrgovinaClair\/","article_modified_time":"2025-09-28T14:19:22+00:00","og_image":[{"width":825,"height":825,"url":"https:\/\/clair.si\/wp-content\/uploads\/2022\/11\/14201_01-kavalkade-sedelni-pas-memory-foam.jpg","type":"image\/jpeg"}],"twitter_card":"summary_large_image","twitter_misc":{"Procijenjeno vrijeme \u010ditanja":"1 minuta"},"schema":{"@context":"https:\/\/schema.org","@graph":[{"@type":"WebPage","@id":"https:\/\/clair.si\/hr\/izdelek\/kavalkade-memory-kolan-pojas-sa-elastikom\/","url":"https:\/\/clair.si\/hr\/izdelek\/kavalkade-memory-kolan-pojas-sa-elastikom\/","name":"Kavalkade Memory Foam kolan sa elastikom - Clair","isPartOf":{"@id":"https:\/\/clair.si\/#website"},"primaryImageOfPage":{"@id":"https:\/\/clair.si\/hr\/izdelek\/kavalkade-memory-kolan-pojas-sa-elastikom\/#primaryimage"},"image":{"@id":"https:\/\/clair.si\/hr\/izdelek\/kavalkade-memory-kolan-pojas-sa-elastikom\/#primaryimage"},"thumbnailUrl":"https:\/\/clair.si\/wp-content\/uploads\/2022\/11\/14201_01-kavalkade-sedelni-pas-memory-foam.webp","datePublished":"2023-04-13T12:44:30+00:00","dateModified":"2025-09-28T14:19:22+00:00","description":"Kavalkade Memory Foam kolan sa elastikom je memorijski pojas jednostavnog oblika i ima D-prsten na sredini za pri\u010dvr\u0161\u0107ivanje pomo\u0107nih uzda, martingala i","breadcrumb":{"@id":"https:\/\/clair.si\/hr\/izdelek\/kavalkade-memory-kolan-pojas-sa-elastikom\/#breadcrumb"},"inLanguage":"hr","potentialAction":[{"@type":"ReadAction","target":["https:\/\/clair.si\/hr\/izdelek\/kavalkade-memory-kolan-pojas-sa-elastikom\/"]}]},{"@type":"ImageObject","inLanguage":"hr","@id":"https:\/\/clair.si\/hr\/izdelek\/kavalkade-memory-kolan-pojas-sa-elastikom\/#primaryimage","url":"https:\/\/clair.si\/wp-content\/uploads\/2022\/11\/14201_01-kavalkade-sedelni-pas-memory-foam.webp","contentUrl":"https:\/\/clair.si\/wp-content\/uploads\/2022\/11\/14201_01-kavalkade-sedelni-pas-memory-foam.webp","width":825,"height":825,"caption":"Sedelni pas kavalkade memory foam."},{"@type":"BreadcrumbList","@id":"https:\/\/clair.si\/hr\/izdelek\/kavalkade-memory-kolan-pojas-sa-elastikom\/#breadcrumb","itemListElement":[{"@type":"ListItem","position":1,"name":"Home","item":"https:\/\/clair.si\/hr\/"},{"@type":"ListItem","position":2,"name":"Trgovina","item":"https:\/\/clair.si\/trgovina\/"},{"@type":"ListItem","position":3,"name":"Kavalkade Memory Foam kolan sa elastikom"}]},{"@type":"WebSite","@id":"https:\/\/clair.si\/#website","url":"https:\/\/clair.si\/","name":"Clair","description":"Trgovina s konjeni\u0161ko opremo","publisher":{"@id":"https:\/\/clair.si\/#organization"},"potentialAction":[{"@type":"SearchAction","target":{"@type":"EntryPoint","urlTemplate":"https:\/\/clair.si\/?s={search_term_string}"},"query-input":{"@type":"PropertyValueSpecification","valueRequired":true,"valueName":"search_term_string"}}],"inLanguage":"hr"},{"@type":"Organization","@id":"https:\/\/clair.si\/#organization","name":"Clair","url":"https:\/\/clair.si\/","logo":{"@type":"ImageObject","inLanguage":"hr","@id":"https:\/\/clair.si\/#\/schema\/logo\/image\/","url":"https:\/\/clair.si\/wp-content\/uploads\/2022\/11\/clair_logo_2022.jpg","contentUrl":"https:\/\/clair.si\/wp-content\/uploads\/2022\/11\/clair_logo_2022.jpg","width":1920,"height":1920,"caption":"Clair"},"image":{"@id":"https:\/\/clair.si\/#\/schema\/logo\/image\/"},"sameAs":["https:\/\/www.facebook.com\/TrgovinaClair\/"]}]}},"_links":{"self":[{"href":"https:\/\/clair.si\/hr\/wp-json\/wp\/v2\/product\/98772","targetHints":{"allow":["GET"]}}],"collection":[{"href":"https:\/\/clair.si\/hr\/wp-json\/wp\/v2\/product"}],"about":[{"href":"https:\/\/clair.si\/hr\/wp-json\/wp\/v2\/types\/product"}],"version-history":[{"count":2,"href":"https:\/\/clair.si\/hr\/wp-json\/wp\/v2\/product\/98772\/revisions"}],"predecessor-version":[{"id":115039,"href":"https:\/\/clair.si\/hr\/wp-json\/wp\/v2\/product\/98772\/revisions\/115039"}],"wp:featuredmedia":[{"embeddable":true,"href":"https:\/\/clair.si\/hr\/wp-json\/wp\/v2\/media\/105290"}],"wp:attachment":[{"href":"https:\/\/clair.si\/hr\/wp-json\/wp\/v2\/media?parent=98772"}],"wp:term":[{"taxonomy":"product_brand","embeddable":true,"href":"https:\/\/clair.si\/hr\/wp-json\/wp\/v2\/product_brand?post=98772"},{"taxonomy":"product_cat","embeddable":true,"href":"https:\/\/clair.si\/hr\/wp-json\/wp\/v2\/product_cat?post=98772"},{"taxonomy":"product_tag","embeddable":true,"href":"https:\/\/clair.si\/hr\/wp-json\/wp\/v2\/product_tag?post=98772"}],"curies":[{"name":"wp","href":"https:\/\/api.w.org\/{rel}","templated":true}]}}