{"id":98777,"date":"2023-04-06T12:36:42","date_gmt":"2023-04-06T10:36:42","guid":{"rendered":"https:\/\/clair.si\/izdelek\/cavalor-laminaid\/"},"modified":"2023-04-06T12:36:42","modified_gmt":"2023-04-06T10:36:42","slug":"cavalor-laminaid","status":"publish","type":"product","link":"https:\/\/clair.si\/hr\/izdelek\/cavalor-laminaid\/","title":{"rendered":"Cavalor LaminAid"},"content":{"rendered":"<p><strong>Cavalor LaminAid preporu\u010duje se za konje s osjetljivim kopitima kao posljedica problema s metabolizmom.<\/strong> Cavalor LaminAid djeluje na razli\u010ditim razinama u tijelu za cjelovit pristup metaboli\u010dkim poreme\u0107ajima koji mogu uzrokovati simptome laminitisa. Podr\u017eava osjetljivu konjsku crijevnu floru i vra\u0107a hormonske i metaboli\u010dke procese u ravnote\u017eu. Cavalor LaminAid podr\u017eava krvni optok i pospje\u0161uje protok krvi u kopitu.  <\/p>\n<p><strong>Laminitis<\/strong> je stanje koje uklju\u010duje upalu izme\u0111u stijenke kopita i kopitne kosti. Obi\u010dno je posljedica metaboli\u010dkog poreme\u0107aja ili metaboli\u010dkih problema i mo\u017ee biti kroni\u010dno ili akutno stanje. Osim upale u kopitu, uzrokuje i probleme s cirkulacijom na potplatu kopita, gdje se nakuplja teku\u0107ina. Budu\u0107i da se stijenka kopita mo\u017ee samo malo pro\u0161iriti, to nakupljanje prati jaka bol. Konji poku\u0161avaju ubla\u017eiti pritisak na kopitnu kost tako da se nagnu natrag i svoju te\u017einu prenesu na pete. Ponekad \u010dak ne \u017eele ni ustati. U te\u0161kim slu\u010dajevima, kopitna kost se mo\u017ee odlijepiti od stijenke kopita i po\u010deti se okretati. Takva \u0161teta je nepopravljiva.        <strong>Osobito u slu\u010daju laminitisa, prevencija je apsolutno klju\u010dna.<\/strong><\/p>\n<p>Cavalor LaminAid je jedinstvena, uravnote\u017eena kombinacija vi\u0161e eteri\u010dnih ulja, uklju\u010duju\u0107i Eucalyptus globulus, Allium sativum i Betula alba. Svaki od njih ima svoju specifi\u010dnu strukturu, sastav i u\u010dinak. U kombinaciji se nadopunjuju sinergisti\u010dkim i sna\u017enim u\u010dincima. Cavalor LaminAid sadr\u017ei jedinstvenu kombinaciju eteri\u010dnih ulja, za koju je znanstveno dokazano da <strong>poma\u017ee u ubla\u017eavanju simptoma laminitisa,<\/strong> <strong>a istovremeno utje\u010de na temeljne uzroke koji su odgovorni za dugotrajni u\u010dinak.<\/strong> Lije\u010denje laminitisa zahtijeva odgovaraju\u0107i re\u017eim hranjenja, njegu i plan vje\u017ebanja za najbolje rezultate.   <\/p>\n<p>Sastojci na l: Betula alba L. 15 ml, Allium sativum L. 5 ml, Eucalyptus globulus labile 20 ml<\/p>\n","protected":false},"excerpt":{"rendered":"<ul>\n<li>Dodatak za podr\u0161ku osjetljivim crijevnim bakterijama i ponovno uravnote\u017eenje hormonskih i metaboli\u010dkih procesa<\/li>\n<li>Podr\u017eava krvni optok i poti\u010de protok krvi u kopitu<\/li>\n<li>Jedinstvena, uravnote\u017eena kombinacija vi\u0161e eteri\u010dnih ulja, uklju\u010duju\u0107i Eucalyptus globulus, Allium sativum i Betula alba<\/li>\n<\/ul>\n<p><strong>Koli\u010dina: 0,5 L<\/strong><\/p>\n","protected":false},"featured_media":98784,"template":"","meta":{"footnotes":""},"product_brand":[],"product_cat":[5711,5710,5712],"product_tag":[],"class_list":{"0":"post-98777","1":"product","2":"type-product","3":"status-publish","4":"has-post-thumbnail","6":"product_cat-hrana-i-prehrambeni-dodaci-cavalor","7":"product_cat-hrana-za-konje-hr","8":"product_cat-prehrambeni-dodaci","10":"first","11":"instock","12":"shipping-taxable","13":"purchasable","14":"product-type-simple"},"yoast_head":"<!-- This site is optimized with the Yoast SEO plugin v27.4 - https:\/\/yoast.com\/product\/yoast-seo-wordpress\/ -->\n<title>Cavalor LaminAid - Clair<\/title>\n<meta name=\"description\" content=\"Cavalor LaminAid preporu\u010duje se za konje s osjetljivim kopitima kao posljedica problema s metabolizmom. Super cijena, brza dostava. Provjerite u na\u0161oj web trgovini.\" \/>\n<meta name=\"robots\" content=\"index, follow, max-snippet:-1, max-image-preview:large, max-video-preview:-1\" \/>\n<link rel=\"canonical\" href=\"https:\/\/clair.si\/hr\/izdelek\/cavalor-laminaid\/\" \/>\n<meta property=\"og:locale\" content=\"hr_HR\" \/>\n<meta property=\"og:type\" content=\"article\" \/>\n<meta property=\"og:title\" content=\"Cavalor LaminAid - Clair\" \/>\n<meta property=\"og:description\" content=\"Cavalor LaminAid preporu\u010duje se za konje s osjetljivim kopitima kao posljedica problema s metabolizmom. Super cijena, brza dostava. Provjerite u na\u0161oj web trgovini.\" \/>\n<meta property=\"og:url\" content=\"https:\/\/clair.si\/hr\/izdelek\/cavalor-laminaid\/\" \/>\n<meta property=\"og:site_name\" content=\"Clair\" \/>\n<meta property=\"article:publisher\" content=\"https:\/\/www.facebook.com\/TrgovinaClair\/\" \/>\n<meta property=\"og:image\" content=\"https:\/\/clair.si\/wp-content\/uploads\/2023\/04\/cavalor-laminaid-clair-trgovina-konj.webp\" \/>\n\t<meta property=\"og:image:width\" content=\"1525\" \/>\n\t<meta property=\"og:image:height\" content=\"1525\" \/>\n\t<meta property=\"og:image:type\" content=\"image\/jpeg\" \/>\n<meta name=\"twitter:card\" content=\"summary_large_image\" \/>\n<meta name=\"twitter:label1\" content=\"Procijenjeno vrijeme \u010ditanja\" \/>\n\t<meta name=\"twitter:data1\" content=\"2 minute\" \/>\n<script type=\"application\/ld+json\" class=\"yoast-schema-graph\">{\"@context\":\"https:\\\/\\\/schema.org\",\"@graph\":[{\"@type\":\"WebPage\",\"@id\":\"https:\\\/\\\/clair.si\\\/hr\\\/izdelek\\\/cavalor-laminaid\\\/\",\"url\":\"https:\\\/\\\/clair.si\\\/hr\\\/izdelek\\\/cavalor-laminaid\\\/\",\"name\":\"Cavalor LaminAid - Clair\",\"isPartOf\":{\"@id\":\"https:\\\/\\\/clair.si\\\/#website\"},\"primaryImageOfPage\":{\"@id\":\"https:\\\/\\\/clair.si\\\/hr\\\/izdelek\\\/cavalor-laminaid\\\/#primaryimage\"},\"image\":{\"@id\":\"https:\\\/\\\/clair.si\\\/hr\\\/izdelek\\\/cavalor-laminaid\\\/#primaryimage\"},\"thumbnailUrl\":\"https:\\\/\\\/clair.si\\\/wp-content\\\/uploads\\\/2023\\\/04\\\/cavalor-laminaid-clair-trgovina-konj.webp\",\"datePublished\":\"2023-04-06T10:36:42+00:00\",\"description\":\"Cavalor LaminAid preporu\u010duje se za konje s osjetljivim kopitima kao posljedica problema s metabolizmom. Super cijena, brza dostava. Provjerite u na\u0161oj web trgovini.\",\"breadcrumb\":{\"@id\":\"https:\\\/\\\/clair.si\\\/hr\\\/izdelek\\\/cavalor-laminaid\\\/#breadcrumb\"},\"inLanguage\":\"hr\",\"potentialAction\":[{\"@type\":\"ReadAction\",\"target\":[\"https:\\\/\\\/clair.si\\\/hr\\\/izdelek\\\/cavalor-laminaid\\\/\"]}]},{\"@type\":\"ImageObject\",\"inLanguage\":\"hr\",\"@id\":\"https:\\\/\\\/clair.si\\\/hr\\\/izdelek\\\/cavalor-laminaid\\\/#primaryimage\",\"url\":\"https:\\\/\\\/clair.si\\\/wp-content\\\/uploads\\\/2023\\\/04\\\/cavalor-laminaid-clair-trgovina-konj.webp\",\"contentUrl\":\"https:\\\/\\\/clair.si\\\/wp-content\\\/uploads\\\/2023\\\/04\\\/cavalor-laminaid-clair-trgovina-konj.webp\",\"width\":1525,\"height\":1525},{\"@type\":\"BreadcrumbList\",\"@id\":\"https:\\\/\\\/clair.si\\\/hr\\\/izdelek\\\/cavalor-laminaid\\\/#breadcrumb\",\"itemListElement\":[{\"@type\":\"ListItem\",\"position\":1,\"name\":\"Home\",\"item\":\"https:\\\/\\\/clair.si\\\/hr\\\/\"},{\"@type\":\"ListItem\",\"position\":2,\"name\":\"Trgovina\",\"item\":\"https:\\\/\\\/clair.si\\\/trgovina\\\/\"},{\"@type\":\"ListItem\",\"position\":3,\"name\":\"Cavalor LaminAid\"}]},{\"@type\":\"WebSite\",\"@id\":\"https:\\\/\\\/clair.si\\\/#website\",\"url\":\"https:\\\/\\\/clair.si\\\/\",\"name\":\"Clair\",\"description\":\"Trgovina s konjeni\u0161ko opremo\",\"publisher\":{\"@id\":\"https:\\\/\\\/clair.si\\\/#organization\"},\"potentialAction\":[{\"@type\":\"SearchAction\",\"target\":{\"@type\":\"EntryPoint\",\"urlTemplate\":\"https:\\\/\\\/clair.si\\\/?s={search_term_string}\"},\"query-input\":{\"@type\":\"PropertyValueSpecification\",\"valueRequired\":true,\"valueName\":\"search_term_string\"}}],\"inLanguage\":\"hr\"},{\"@type\":\"Organization\",\"@id\":\"https:\\\/\\\/clair.si\\\/#organization\",\"name\":\"Clair\",\"url\":\"https:\\\/\\\/clair.si\\\/\",\"logo\":{\"@type\":\"ImageObject\",\"inLanguage\":\"hr\",\"@id\":\"https:\\\/\\\/clair.si\\\/#\\\/schema\\\/logo\\\/image\\\/\",\"url\":\"https:\\\/\\\/clair.si\\\/wp-content\\\/uploads\\\/2022\\\/11\\\/clair_logo_2022.jpg\",\"contentUrl\":\"https:\\\/\\\/clair.si\\\/wp-content\\\/uploads\\\/2022\\\/11\\\/clair_logo_2022.jpg\",\"width\":1920,\"height\":1920,\"caption\":\"Clair\"},\"image\":{\"@id\":\"https:\\\/\\\/clair.si\\\/#\\\/schema\\\/logo\\\/image\\\/\"},\"sameAs\":[\"https:\\\/\\\/www.facebook.com\\\/TrgovinaClair\\\/\"]}]}<\/script>\n<!-- \/ Yoast SEO plugin. -->","yoast_head_json":{"title":"Cavalor LaminAid - Clair","description":"Cavalor LaminAid preporu\u010duje se za konje s osjetljivim kopitima kao posljedica problema s metabolizmom. Super cijena, brza dostava. Provjerite u na\u0161oj web trgovini.","robots":{"index":"index","follow":"follow","max-snippet":"max-snippet:-1","max-image-preview":"max-image-preview:large","max-video-preview":"max-video-preview:-1"},"canonical":"https:\/\/clair.si\/hr\/izdelek\/cavalor-laminaid\/","og_locale":"hr_HR","og_type":"article","og_title":"Cavalor LaminAid - Clair","og_description":"Cavalor LaminAid preporu\u010duje se za konje s osjetljivim kopitima kao posljedica problema s metabolizmom. Super cijena, brza dostava. Provjerite u na\u0161oj web trgovini.","og_url":"https:\/\/clair.si\/hr\/izdelek\/cavalor-laminaid\/","og_site_name":"Clair","article_publisher":"https:\/\/www.facebook.com\/TrgovinaClair\/","og_image":[{"width":1525,"height":1525,"url":"https:\/\/clair.si\/wp-content\/uploads\/2023\/04\/cavalor-laminaid-clair-trgovina-konj.webp","type":"image\/jpeg"}],"twitter_card":"summary_large_image","twitter_misc":{"Procijenjeno vrijeme \u010ditanja":"2 minute"},"schema":{"@context":"https:\/\/schema.org","@graph":[{"@type":"WebPage","@id":"https:\/\/clair.si\/hr\/izdelek\/cavalor-laminaid\/","url":"https:\/\/clair.si\/hr\/izdelek\/cavalor-laminaid\/","name":"Cavalor LaminAid - Clair","isPartOf":{"@id":"https:\/\/clair.si\/#website"},"primaryImageOfPage":{"@id":"https:\/\/clair.si\/hr\/izdelek\/cavalor-laminaid\/#primaryimage"},"image":{"@id":"https:\/\/clair.si\/hr\/izdelek\/cavalor-laminaid\/#primaryimage"},"thumbnailUrl":"https:\/\/clair.si\/wp-content\/uploads\/2023\/04\/cavalor-laminaid-clair-trgovina-konj.webp","datePublished":"2023-04-06T10:36:42+00:00","description":"Cavalor LaminAid preporu\u010duje se za konje s osjetljivim kopitima kao posljedica problema s metabolizmom. Super cijena, brza dostava. Provjerite u na\u0161oj web trgovini.","breadcrumb":{"@id":"https:\/\/clair.si\/hr\/izdelek\/cavalor-laminaid\/#breadcrumb"},"inLanguage":"hr","potentialAction":[{"@type":"ReadAction","target":["https:\/\/clair.si\/hr\/izdelek\/cavalor-laminaid\/"]}]},{"@type":"ImageObject","inLanguage":"hr","@id":"https:\/\/clair.si\/hr\/izdelek\/cavalor-laminaid\/#primaryimage","url":"https:\/\/clair.si\/wp-content\/uploads\/2023\/04\/cavalor-laminaid-clair-trgovina-konj.webp","contentUrl":"https:\/\/clair.si\/wp-content\/uploads\/2023\/04\/cavalor-laminaid-clair-trgovina-konj.webp","width":1525,"height":1525},{"@type":"BreadcrumbList","@id":"https:\/\/clair.si\/hr\/izdelek\/cavalor-laminaid\/#breadcrumb","itemListElement":[{"@type":"ListItem","position":1,"name":"Home","item":"https:\/\/clair.si\/hr\/"},{"@type":"ListItem","position":2,"name":"Trgovina","item":"https:\/\/clair.si\/trgovina\/"},{"@type":"ListItem","position":3,"name":"Cavalor LaminAid"}]},{"@type":"WebSite","@id":"https:\/\/clair.si\/#website","url":"https:\/\/clair.si\/","name":"Clair","description":"Trgovina s konjeni\u0161ko opremo","publisher":{"@id":"https:\/\/clair.si\/#organization"},"potentialAction":[{"@type":"SearchAction","target":{"@type":"EntryPoint","urlTemplate":"https:\/\/clair.si\/?s={search_term_string}"},"query-input":{"@type":"PropertyValueSpecification","valueRequired":true,"valueName":"search_term_string"}}],"inLanguage":"hr"},{"@type":"Organization","@id":"https:\/\/clair.si\/#organization","name":"Clair","url":"https:\/\/clair.si\/","logo":{"@type":"ImageObject","inLanguage":"hr","@id":"https:\/\/clair.si\/#\/schema\/logo\/image\/","url":"https:\/\/clair.si\/wp-content\/uploads\/2022\/11\/clair_logo_2022.jpg","contentUrl":"https:\/\/clair.si\/wp-content\/uploads\/2022\/11\/clair_logo_2022.jpg","width":1920,"height":1920,"caption":"Clair"},"image":{"@id":"https:\/\/clair.si\/#\/schema\/logo\/image\/"},"sameAs":["https:\/\/www.facebook.com\/TrgovinaClair\/"]}]}},"_links":{"self":[{"href":"https:\/\/clair.si\/hr\/wp-json\/wp\/v2\/product\/98777","targetHints":{"allow":["GET"]}}],"collection":[{"href":"https:\/\/clair.si\/hr\/wp-json\/wp\/v2\/product"}],"about":[{"href":"https:\/\/clair.si\/hr\/wp-json\/wp\/v2\/types\/product"}],"version-history":[{"count":0,"href":"https:\/\/clair.si\/hr\/wp-json\/wp\/v2\/product\/98777\/revisions"}],"wp:featuredmedia":[{"embeddable":true,"href":"https:\/\/clair.si\/hr\/wp-json\/wp\/v2\/media\/98784"}],"wp:attachment":[{"href":"https:\/\/clair.si\/hr\/wp-json\/wp\/v2\/media?parent=98777"}],"wp:term":[{"taxonomy":"product_brand","embeddable":true,"href":"https:\/\/clair.si\/hr\/wp-json\/wp\/v2\/product_brand?post=98777"},{"taxonomy":"product_cat","embeddable":true,"href":"https:\/\/clair.si\/hr\/wp-json\/wp\/v2\/product_cat?post=98777"},{"taxonomy":"product_tag","embeddable":true,"href":"https:\/\/clair.si\/hr\/wp-json\/wp\/v2\/product_tag?post=98777"}],"curies":[{"name":"wp","href":"https:\/\/api.w.org\/{rel}","templated":true}]}}