{"id":98799,"date":"2023-04-16T21:22:01","date_gmt":"2023-04-16T19:22:01","guid":{"rendered":"https:\/\/clair.si\/izdelek\/mreza-za-sijeno-hkm-economic\/"},"modified":"2026-04-12T09:31:01","modified_gmt":"2026-04-12T07:31:01","slug":"mreza-za-sijeno-hkm-economic","status":"publish","type":"product","link":"https:\/\/clair.si\/hr\/izdelek\/mreza-za-sijeno-hkm-economic\/","title":{"rendered":"Mre\u017ea za sijeno HKM Economic"},"content":{"rendered":"<p><strong>Mre\u017ea za sijeno HKM Economic:<\/strong><\/p>\n<ul>\n<li><span class=\"HwtZe\" lang=\"sl\"><span class=\"jCAhz ChMk0b\"><span class=\"ryNqvb\">100% polipropilen<\/span><\/span><\/span><\/li>\n<li><span class=\"HwtZe\" lang=\"sl\"> <span class=\"jCAhz ChMk0b\"><span class=\"ryNqvb\">du\u017eina (nepunjeno) cca.<\/span><\/span> <span class=\"jCAhz ChMk0b\"><span class=\"ryNqvb\">105 cm<\/span><\/span><\/span><\/li>\n<li><span class=\"HwtZe\" lang=\"sl\"> <span class=\"jCAhz ChMk0b\"><span class=\"ryNqvb\">veli\u010dina oka mre\u017ee cca.<\/span><\/span> <span class=\"jCAhz ChMk0b\"><span class=\"ryNqvb\">10 x 10 cm<\/span><\/span><\/span><\/li>\n<\/ul>\n","protected":false},"excerpt":{"rendered":"<p>Mre\u017ea za sijeno HKM Economic: 100% polipropilen du\u017eina (nepunjeno) cca. 105 cm veli\u010dina oka mre\u017ee cca. 10 x 10 cm<\/p>\n","protected":false},"featured_media":98801,"template":"","meta":{"footnotes":""},"product_brand":[],"product_cat":[5756,5824,5627],"product_tag":[],"class_list":{"0":"post-98799","1":"product","2":"type-product","3":"status-publish","4":"has-post-thumbnail","6":"product_cat-dodaci-za-stalu","7":"product_cat-hranilice","8":"product_cat-stala-i-pasnjak","10":"first","11":"instock","12":"shipping-taxable","13":"purchasable","14":"product-type-simple"},"yoast_head":"<!-- This site is optimized with the Yoast SEO plugin v27.3 - https:\/\/yoast.com\/product\/yoast-seo-wordpress\/ -->\n<title>Mre\u017ea za sijeno HKM Economic - Clair<\/title>\n<meta name=\"description\" content=\"Mre\u017ea za sijeno HKM Economic:  100% polipropilen  du\u017eina (nepunjeno) cca. 105 cm  veli\u010dina oka mre\u017ee cca. 10 x 10 cm\" \/>\n<meta name=\"robots\" content=\"index, follow, max-snippet:-1, max-image-preview:large, max-video-preview:-1\" \/>\n<link rel=\"canonical\" href=\"https:\/\/clair.si\/hr\/izdelek\/mreza-za-sijeno-hkm-economic\/\" \/>\n<meta property=\"og:locale\" content=\"hr_HR\" \/>\n<meta property=\"og:type\" content=\"article\" \/>\n<meta property=\"og:title\" content=\"Mre\u017ea za sijeno HKM Economic - Clair\" \/>\n<meta property=\"og:description\" content=\"Mre\u017ea za sijeno HKM Economic:  100% polipropilen  du\u017eina (nepunjeno) cca. 105 cm  veli\u010dina oka mre\u017ee cca. 10 x 10 cm\" \/>\n<meta property=\"og:url\" content=\"https:\/\/clair.si\/hr\/izdelek\/mreza-za-sijeno-hkm-economic\/\" \/>\n<meta property=\"og:site_name\" content=\"Clair\" \/>\n<meta property=\"article:publisher\" content=\"https:\/\/www.facebook.com\/TrgovinaClair\/\" \/>\n<meta property=\"article:modified_time\" content=\"2026-04-12T07:31:01+00:00\" \/>\n<meta property=\"og:image\" content=\"https:\/\/clair.si\/wp-content\/uploads\/2023\/04\/1776_2-mreza-za-seno-economic-hkm-jpg.webp\" \/>\n\t<meta property=\"og:image:width\" content=\"567\" \/>\n\t<meta property=\"og:image:height\" content=\"567\" \/>\n\t<meta property=\"og:image:type\" content=\"image\/jpeg\" \/>\n<meta name=\"twitter:card\" content=\"summary_large_image\" \/>\n<script type=\"application\/ld+json\" class=\"yoast-schema-graph\">{\"@context\":\"https:\\\/\\\/schema.org\",\"@graph\":[{\"@type\":\"WebPage\",\"@id\":\"https:\\\/\\\/clair.si\\\/hr\\\/izdelek\\\/mreza-za-sijeno-hkm-economic\\\/\",\"url\":\"https:\\\/\\\/clair.si\\\/hr\\\/izdelek\\\/mreza-za-sijeno-hkm-economic\\\/\",\"name\":\"Mre\u017ea za sijeno HKM Economic - Clair\",\"isPartOf\":{\"@id\":\"https:\\\/\\\/clair.si\\\/#website\"},\"primaryImageOfPage\":{\"@id\":\"https:\\\/\\\/clair.si\\\/hr\\\/izdelek\\\/mreza-za-sijeno-hkm-economic\\\/#primaryimage\"},\"image\":{\"@id\":\"https:\\\/\\\/clair.si\\\/hr\\\/izdelek\\\/mreza-za-sijeno-hkm-economic\\\/#primaryimage\"},\"thumbnailUrl\":\"https:\\\/\\\/clair.si\\\/wp-content\\\/uploads\\\/2023\\\/04\\\/1776_2-mreza-za-seno-economic-hkm-jpg.webp\",\"datePublished\":\"2023-04-16T19:22:01+00:00\",\"dateModified\":\"2026-04-12T07:31:01+00:00\",\"description\":\"Mre\u017ea za sijeno HKM Economic: 100% polipropilen du\u017eina (nepunjeno) cca. 105 cm veli\u010dina oka mre\u017ee cca. 10 x 10 cm\",\"breadcrumb\":{\"@id\":\"https:\\\/\\\/clair.si\\\/hr\\\/izdelek\\\/mreza-za-sijeno-hkm-economic\\\/#breadcrumb\"},\"inLanguage\":\"hr\",\"potentialAction\":[{\"@type\":\"ReadAction\",\"target\":[\"https:\\\/\\\/clair.si\\\/hr\\\/izdelek\\\/mreza-za-sijeno-hkm-economic\\\/\"]}]},{\"@type\":\"ImageObject\",\"inLanguage\":\"hr\",\"@id\":\"https:\\\/\\\/clair.si\\\/hr\\\/izdelek\\\/mreza-za-sijeno-hkm-economic\\\/#primaryimage\",\"url\":\"https:\\\/\\\/clair.si\\\/wp-content\\\/uploads\\\/2023\\\/04\\\/1776_2-mreza-za-seno-economic-hkm-jpg.webp\",\"contentUrl\":\"https:\\\/\\\/clair.si\\\/wp-content\\\/uploads\\\/2023\\\/04\\\/1776_2-mreza-za-seno-economic-hkm-jpg.webp\",\"width\":567,\"height\":567},{\"@type\":\"BreadcrumbList\",\"@id\":\"https:\\\/\\\/clair.si\\\/hr\\\/izdelek\\\/mreza-za-sijeno-hkm-economic\\\/#breadcrumb\",\"itemListElement\":[{\"@type\":\"ListItem\",\"position\":1,\"name\":\"Home\",\"item\":\"https:\\\/\\\/clair.si\\\/hr\\\/\"},{\"@type\":\"ListItem\",\"position\":2,\"name\":\"Trgovina\",\"item\":\"https:\\\/\\\/clair.si\\\/trgovina\\\/\"},{\"@type\":\"ListItem\",\"position\":3,\"name\":\"Mre\u017ea za sijeno HKM Economic\"}]},{\"@type\":\"WebSite\",\"@id\":\"https:\\\/\\\/clair.si\\\/#website\",\"url\":\"https:\\\/\\\/clair.si\\\/\",\"name\":\"Clair\",\"description\":\"Trgovina s konjeni\u0161ko opremo\",\"publisher\":{\"@id\":\"https:\\\/\\\/clair.si\\\/#organization\"},\"potentialAction\":[{\"@type\":\"SearchAction\",\"target\":{\"@type\":\"EntryPoint\",\"urlTemplate\":\"https:\\\/\\\/clair.si\\\/?s={search_term_string}\"},\"query-input\":{\"@type\":\"PropertyValueSpecification\",\"valueRequired\":true,\"valueName\":\"search_term_string\"}}],\"inLanguage\":\"hr\"},{\"@type\":\"Organization\",\"@id\":\"https:\\\/\\\/clair.si\\\/#organization\",\"name\":\"Clair\",\"url\":\"https:\\\/\\\/clair.si\\\/\",\"logo\":{\"@type\":\"ImageObject\",\"inLanguage\":\"hr\",\"@id\":\"https:\\\/\\\/clair.si\\\/#\\\/schema\\\/logo\\\/image\\\/\",\"url\":\"https:\\\/\\\/clair.si\\\/wp-content\\\/uploads\\\/2022\\\/11\\\/clair_logo_2022.jpg\",\"contentUrl\":\"https:\\\/\\\/clair.si\\\/wp-content\\\/uploads\\\/2022\\\/11\\\/clair_logo_2022.jpg\",\"width\":1920,\"height\":1920,\"caption\":\"Clair\"},\"image\":{\"@id\":\"https:\\\/\\\/clair.si\\\/#\\\/schema\\\/logo\\\/image\\\/\"},\"sameAs\":[\"https:\\\/\\\/www.facebook.com\\\/TrgovinaClair\\\/\"]}]}<\/script>\n<!-- \/ Yoast SEO plugin. -->","yoast_head_json":{"title":"Mre\u017ea za sijeno HKM Economic - Clair","description":"Mre\u017ea za sijeno HKM Economic:  100% polipropilen  du\u017eina (nepunjeno) cca. 105 cm  veli\u010dina oka mre\u017ee cca. 10 x 10 cm","robots":{"index":"index","follow":"follow","max-snippet":"max-snippet:-1","max-image-preview":"max-image-preview:large","max-video-preview":"max-video-preview:-1"},"canonical":"https:\/\/clair.si\/hr\/izdelek\/mreza-za-sijeno-hkm-economic\/","og_locale":"hr_HR","og_type":"article","og_title":"Mre\u017ea za sijeno HKM Economic - Clair","og_description":"Mre\u017ea za sijeno HKM Economic:  100% polipropilen  du\u017eina (nepunjeno) cca. 105 cm  veli\u010dina oka mre\u017ee cca. 10 x 10 cm","og_url":"https:\/\/clair.si\/hr\/izdelek\/mreza-za-sijeno-hkm-economic\/","og_site_name":"Clair","article_publisher":"https:\/\/www.facebook.com\/TrgovinaClair\/","article_modified_time":"2026-04-12T07:31:01+00:00","og_image":[{"width":567,"height":567,"url":"https:\/\/clair.si\/wp-content\/uploads\/2023\/04\/1776_2-mreza-za-seno-economic-hkm-jpg.webp","type":"image\/jpeg"}],"twitter_card":"summary_large_image","schema":{"@context":"https:\/\/schema.org","@graph":[{"@type":"WebPage","@id":"https:\/\/clair.si\/hr\/izdelek\/mreza-za-sijeno-hkm-economic\/","url":"https:\/\/clair.si\/hr\/izdelek\/mreza-za-sijeno-hkm-economic\/","name":"Mre\u017ea za sijeno HKM Economic - Clair","isPartOf":{"@id":"https:\/\/clair.si\/#website"},"primaryImageOfPage":{"@id":"https:\/\/clair.si\/hr\/izdelek\/mreza-za-sijeno-hkm-economic\/#primaryimage"},"image":{"@id":"https:\/\/clair.si\/hr\/izdelek\/mreza-za-sijeno-hkm-economic\/#primaryimage"},"thumbnailUrl":"https:\/\/clair.si\/wp-content\/uploads\/2023\/04\/1776_2-mreza-za-seno-economic-hkm-jpg.webp","datePublished":"2023-04-16T19:22:01+00:00","dateModified":"2026-04-12T07:31:01+00:00","description":"Mre\u017ea za sijeno HKM Economic: 100% polipropilen du\u017eina (nepunjeno) cca. 105 cm veli\u010dina oka mre\u017ee cca. 10 x 10 cm","breadcrumb":{"@id":"https:\/\/clair.si\/hr\/izdelek\/mreza-za-sijeno-hkm-economic\/#breadcrumb"},"inLanguage":"hr","potentialAction":[{"@type":"ReadAction","target":["https:\/\/clair.si\/hr\/izdelek\/mreza-za-sijeno-hkm-economic\/"]}]},{"@type":"ImageObject","inLanguage":"hr","@id":"https:\/\/clair.si\/hr\/izdelek\/mreza-za-sijeno-hkm-economic\/#primaryimage","url":"https:\/\/clair.si\/wp-content\/uploads\/2023\/04\/1776_2-mreza-za-seno-economic-hkm-jpg.webp","contentUrl":"https:\/\/clair.si\/wp-content\/uploads\/2023\/04\/1776_2-mreza-za-seno-economic-hkm-jpg.webp","width":567,"height":567},{"@type":"BreadcrumbList","@id":"https:\/\/clair.si\/hr\/izdelek\/mreza-za-sijeno-hkm-economic\/#breadcrumb","itemListElement":[{"@type":"ListItem","position":1,"name":"Home","item":"https:\/\/clair.si\/hr\/"},{"@type":"ListItem","position":2,"name":"Trgovina","item":"https:\/\/clair.si\/trgovina\/"},{"@type":"ListItem","position":3,"name":"Mre\u017ea za sijeno HKM Economic"}]},{"@type":"WebSite","@id":"https:\/\/clair.si\/#website","url":"https:\/\/clair.si\/","name":"Clair","description":"Trgovina s konjeni\u0161ko opremo","publisher":{"@id":"https:\/\/clair.si\/#organization"},"potentialAction":[{"@type":"SearchAction","target":{"@type":"EntryPoint","urlTemplate":"https:\/\/clair.si\/?s={search_term_string}"},"query-input":{"@type":"PropertyValueSpecification","valueRequired":true,"valueName":"search_term_string"}}],"inLanguage":"hr"},{"@type":"Organization","@id":"https:\/\/clair.si\/#organization","name":"Clair","url":"https:\/\/clair.si\/","logo":{"@type":"ImageObject","inLanguage":"hr","@id":"https:\/\/clair.si\/#\/schema\/logo\/image\/","url":"https:\/\/clair.si\/wp-content\/uploads\/2022\/11\/clair_logo_2022.jpg","contentUrl":"https:\/\/clair.si\/wp-content\/uploads\/2022\/11\/clair_logo_2022.jpg","width":1920,"height":1920,"caption":"Clair"},"image":{"@id":"https:\/\/clair.si\/#\/schema\/logo\/image\/"},"sameAs":["https:\/\/www.facebook.com\/TrgovinaClair\/"]}]}},"_links":{"self":[{"href":"https:\/\/clair.si\/hr\/wp-json\/wp\/v2\/product\/98799","targetHints":{"allow":["GET"]}}],"collection":[{"href":"https:\/\/clair.si\/hr\/wp-json\/wp\/v2\/product"}],"about":[{"href":"https:\/\/clair.si\/hr\/wp-json\/wp\/v2\/types\/product"}],"version-history":[{"count":0,"href":"https:\/\/clair.si\/hr\/wp-json\/wp\/v2\/product\/98799\/revisions"}],"wp:featuredmedia":[{"embeddable":true,"href":"https:\/\/clair.si\/hr\/wp-json\/wp\/v2\/media\/98801"}],"wp:attachment":[{"href":"https:\/\/clair.si\/hr\/wp-json\/wp\/v2\/media?parent=98799"}],"wp:term":[{"taxonomy":"product_brand","embeddable":true,"href":"https:\/\/clair.si\/hr\/wp-json\/wp\/v2\/product_brand?post=98799"},{"taxonomy":"product_cat","embeddable":true,"href":"https:\/\/clair.si\/hr\/wp-json\/wp\/v2\/product_cat?post=98799"},{"taxonomy":"product_tag","embeddable":true,"href":"https:\/\/clair.si\/hr\/wp-json\/wp\/v2\/product_tag?post=98799"}],"curies":[{"name":"wp","href":"https:\/\/api.w.org\/{rel}","templated":true}]}}