{"id":98809,"date":"2023-04-25T08:29:17","date_gmt":"2023-04-25T06:29:17","guid":{"rendered":"https:\/\/clair.si\/izdelek\/uze-za-vodenje-norton-ethological\/"},"modified":"2025-12-18T11:43:47","modified_gmt":"2025-12-18T10:43:47","slug":"uze-za-vodenje-norton-ethological","status":"publish","type":"product","link":"https:\/\/clair.si\/hr\/izdelek\/uze-za-vodenje-norton-ethological\/","title":{"rendered":"Povodac Norton Ethological"},"content":{"rendered":"<p><strong>Povodac Norton Ethological<\/strong> izra\u0111en od polipropilenskog u\u017eeta i bez karabinera, s om\u010dom za pri\u010dvr\u0161\u0107ivanje na u\u017eetnu oglavinu.<\/p>\n<p>Duljina: 3,7 m<\/p>\n","protected":false},"excerpt":{"rendered":"<p>Povodac Norton Ethological izra\u0111en od polipropilenskog u\u017eeta i bez karabinera, s om\u010dom za pri\u010dvr\u0161\u0107ivanje na u\u017eetnu oglavinu. Duljina: 3,7 m<\/p>\n","protected":false},"featured_media":98817,"template":"","meta":{"footnotes":""},"product_brand":[],"product_cat":[5624,6118,5823,5742],"product_tag":[],"class_list":{"0":"post-98809","1":"product","2":"type-product","3":"status-publish","4":"has-post-thumbnail","6":"product_cat-konj-hr","7":"product_cat-pleteni-ulari","8":"product_cat-povodci-hr","9":"product_cat-uzde-i-ulari","11":"first","12":"instock","13":"sale","14":"shipping-taxable","15":"purchasable","16":"product-type-variable"},"yoast_head":"<!-- This site is optimized with the Yoast SEO plugin v27.4 - https:\/\/yoast.com\/product\/yoast-seo-wordpress\/ -->\n<title>Povodac Norton Ethological - Clair<\/title>\n<meta name=\"description\" content=\"Povodac Norton Ethological izra\u0111en od polipropilenskog u\u017eeta i bez karabinera, s om\u010dom za pri\u010dvr\u0161\u0107ivanje na u\u017eetnu oglavinu. Duljina: 3,7 m\" \/>\n<meta name=\"robots\" content=\"index, follow, max-snippet:-1, max-image-preview:large, max-video-preview:-1\" \/>\n<link rel=\"canonical\" href=\"https:\/\/clair.si\/hr\/izdelek\/uze-za-vodenje-norton-ethological\/\" \/>\n<meta property=\"og:locale\" content=\"hr_HR\" \/>\n<meta property=\"og:type\" content=\"article\" \/>\n<meta property=\"og:title\" content=\"Povodac Norton Ethological - Clair\" \/>\n<meta property=\"og:description\" content=\"Povodac Norton Ethological izra\u0111en od polipropilenskog u\u017eeta i bez karabinera, s om\u010dom za pri\u010dvr\u0161\u0107ivanje na u\u017eetnu oglavinu. Duljina: 3,7 m\" \/>\n<meta property=\"og:url\" content=\"https:\/\/clair.si\/hr\/izdelek\/uze-za-vodenje-norton-ethological\/\" \/>\n<meta property=\"og:site_name\" content=\"Clair\" \/>\n<meta property=\"article:publisher\" content=\"https:\/\/www.facebook.com\/TrgovinaClair\/\" \/>\n<meta property=\"article:modified_time\" content=\"2025-12-18T10:43:47+00:00\" \/>\n<meta property=\"og:image\" content=\"https:\/\/clair.si\/wp-content\/uploads\/2023\/04\/norton-ethological-lead-rope-povodec-crna-1-jpg.webp\" \/>\n\t<meta property=\"og:image:width\" content=\"800\" \/>\n\t<meta property=\"og:image:height\" content=\"800\" \/>\n\t<meta property=\"og:image:type\" content=\"image\/jpeg\" \/>\n<meta name=\"twitter:card\" content=\"summary_large_image\" \/>\n<script type=\"application\/ld+json\" class=\"yoast-schema-graph\">{\"@context\":\"https:\\\/\\\/schema.org\",\"@graph\":[{\"@type\":\"WebPage\",\"@id\":\"https:\\\/\\\/clair.si\\\/hr\\\/izdelek\\\/uze-za-vodenje-norton-ethological\\\/\",\"url\":\"https:\\\/\\\/clair.si\\\/hr\\\/izdelek\\\/uze-za-vodenje-norton-ethological\\\/\",\"name\":\"Povodac Norton Ethological - Clair\",\"isPartOf\":{\"@id\":\"https:\\\/\\\/clair.si\\\/#website\"},\"primaryImageOfPage\":{\"@id\":\"https:\\\/\\\/clair.si\\\/hr\\\/izdelek\\\/uze-za-vodenje-norton-ethological\\\/#primaryimage\"},\"image\":{\"@id\":\"https:\\\/\\\/clair.si\\\/hr\\\/izdelek\\\/uze-za-vodenje-norton-ethological\\\/#primaryimage\"},\"thumbnailUrl\":\"https:\\\/\\\/clair.si\\\/wp-content\\\/uploads\\\/2023\\\/04\\\/norton-ethological-lead-rope-povodec-crna-1-jpg.webp\",\"datePublished\":\"2023-04-25T06:29:17+00:00\",\"dateModified\":\"2025-12-18T10:43:47+00:00\",\"description\":\"Povodac Norton Ethological izra\u0111en od polipropilenskog u\u017eeta i bez karabinera, s om\u010dom za pri\u010dvr\u0161\u0107ivanje na u\u017eetnu oglavinu. Duljina: 3,7 m\",\"breadcrumb\":{\"@id\":\"https:\\\/\\\/clair.si\\\/hr\\\/izdelek\\\/uze-za-vodenje-norton-ethological\\\/#breadcrumb\"},\"inLanguage\":\"hr\",\"potentialAction\":[{\"@type\":\"ReadAction\",\"target\":[\"https:\\\/\\\/clair.si\\\/hr\\\/izdelek\\\/uze-za-vodenje-norton-ethological\\\/\"]}]},{\"@type\":\"ImageObject\",\"inLanguage\":\"hr\",\"@id\":\"https:\\\/\\\/clair.si\\\/hr\\\/izdelek\\\/uze-za-vodenje-norton-ethological\\\/#primaryimage\",\"url\":\"https:\\\/\\\/clair.si\\\/wp-content\\\/uploads\\\/2023\\\/04\\\/norton-ethological-lead-rope-povodec-crna-1-jpg.webp\",\"contentUrl\":\"https:\\\/\\\/clair.si\\\/wp-content\\\/uploads\\\/2023\\\/04\\\/norton-ethological-lead-rope-povodec-crna-1-jpg.webp\",\"width\":800,\"height\":800},{\"@type\":\"BreadcrumbList\",\"@id\":\"https:\\\/\\\/clair.si\\\/hr\\\/izdelek\\\/uze-za-vodenje-norton-ethological\\\/#breadcrumb\",\"itemListElement\":[{\"@type\":\"ListItem\",\"position\":1,\"name\":\"Home\",\"item\":\"https:\\\/\\\/clair.si\\\/hr\\\/\"},{\"@type\":\"ListItem\",\"position\":2,\"name\":\"Trgovina\",\"item\":\"https:\\\/\\\/clair.si\\\/trgovina\\\/\"},{\"@type\":\"ListItem\",\"position\":3,\"name\":\"Povodac Norton Ethological\"}]},{\"@type\":\"WebSite\",\"@id\":\"https:\\\/\\\/clair.si\\\/#website\",\"url\":\"https:\\\/\\\/clair.si\\\/\",\"name\":\"Clair\",\"description\":\"Trgovina s konjeni\u0161ko opremo\",\"publisher\":{\"@id\":\"https:\\\/\\\/clair.si\\\/#organization\"},\"potentialAction\":[{\"@type\":\"SearchAction\",\"target\":{\"@type\":\"EntryPoint\",\"urlTemplate\":\"https:\\\/\\\/clair.si\\\/?s={search_term_string}\"},\"query-input\":{\"@type\":\"PropertyValueSpecification\",\"valueRequired\":true,\"valueName\":\"search_term_string\"}}],\"inLanguage\":\"hr\"},{\"@type\":\"Organization\",\"@id\":\"https:\\\/\\\/clair.si\\\/#organization\",\"name\":\"Clair\",\"url\":\"https:\\\/\\\/clair.si\\\/\",\"logo\":{\"@type\":\"ImageObject\",\"inLanguage\":\"hr\",\"@id\":\"https:\\\/\\\/clair.si\\\/#\\\/schema\\\/logo\\\/image\\\/\",\"url\":\"https:\\\/\\\/clair.si\\\/wp-content\\\/uploads\\\/2022\\\/11\\\/clair_logo_2022.jpg\",\"contentUrl\":\"https:\\\/\\\/clair.si\\\/wp-content\\\/uploads\\\/2022\\\/11\\\/clair_logo_2022.jpg\",\"width\":1920,\"height\":1920,\"caption\":\"Clair\"},\"image\":{\"@id\":\"https:\\\/\\\/clair.si\\\/#\\\/schema\\\/logo\\\/image\\\/\"},\"sameAs\":[\"https:\\\/\\\/www.facebook.com\\\/TrgovinaClair\\\/\"]}]}<\/script>\n<!-- \/ Yoast SEO plugin. -->","yoast_head_json":{"title":"Povodac Norton Ethological - Clair","description":"Povodac Norton Ethological izra\u0111en od polipropilenskog u\u017eeta i bez karabinera, s om\u010dom za pri\u010dvr\u0161\u0107ivanje na u\u017eetnu oglavinu. Duljina: 3,7 m","robots":{"index":"index","follow":"follow","max-snippet":"max-snippet:-1","max-image-preview":"max-image-preview:large","max-video-preview":"max-video-preview:-1"},"canonical":"https:\/\/clair.si\/hr\/izdelek\/uze-za-vodenje-norton-ethological\/","og_locale":"hr_HR","og_type":"article","og_title":"Povodac Norton Ethological - Clair","og_description":"Povodac Norton Ethological izra\u0111en od polipropilenskog u\u017eeta i bez karabinera, s om\u010dom za pri\u010dvr\u0161\u0107ivanje na u\u017eetnu oglavinu. Duljina: 3,7 m","og_url":"https:\/\/clair.si\/hr\/izdelek\/uze-za-vodenje-norton-ethological\/","og_site_name":"Clair","article_publisher":"https:\/\/www.facebook.com\/TrgovinaClair\/","article_modified_time":"2025-12-18T10:43:47+00:00","og_image":[{"width":800,"height":800,"url":"https:\/\/clair.si\/wp-content\/uploads\/2023\/04\/norton-ethological-lead-rope-povodec-crna-1-jpg.webp","type":"image\/jpeg"}],"twitter_card":"summary_large_image","schema":{"@context":"https:\/\/schema.org","@graph":[{"@type":"WebPage","@id":"https:\/\/clair.si\/hr\/izdelek\/uze-za-vodenje-norton-ethological\/","url":"https:\/\/clair.si\/hr\/izdelek\/uze-za-vodenje-norton-ethological\/","name":"Povodac Norton Ethological - Clair","isPartOf":{"@id":"https:\/\/clair.si\/#website"},"primaryImageOfPage":{"@id":"https:\/\/clair.si\/hr\/izdelek\/uze-za-vodenje-norton-ethological\/#primaryimage"},"image":{"@id":"https:\/\/clair.si\/hr\/izdelek\/uze-za-vodenje-norton-ethological\/#primaryimage"},"thumbnailUrl":"https:\/\/clair.si\/wp-content\/uploads\/2023\/04\/norton-ethological-lead-rope-povodec-crna-1-jpg.webp","datePublished":"2023-04-25T06:29:17+00:00","dateModified":"2025-12-18T10:43:47+00:00","description":"Povodac Norton Ethological izra\u0111en od polipropilenskog u\u017eeta i bez karabinera, s om\u010dom za pri\u010dvr\u0161\u0107ivanje na u\u017eetnu oglavinu. Duljina: 3,7 m","breadcrumb":{"@id":"https:\/\/clair.si\/hr\/izdelek\/uze-za-vodenje-norton-ethological\/#breadcrumb"},"inLanguage":"hr","potentialAction":[{"@type":"ReadAction","target":["https:\/\/clair.si\/hr\/izdelek\/uze-za-vodenje-norton-ethological\/"]}]},{"@type":"ImageObject","inLanguage":"hr","@id":"https:\/\/clair.si\/hr\/izdelek\/uze-za-vodenje-norton-ethological\/#primaryimage","url":"https:\/\/clair.si\/wp-content\/uploads\/2023\/04\/norton-ethological-lead-rope-povodec-crna-1-jpg.webp","contentUrl":"https:\/\/clair.si\/wp-content\/uploads\/2023\/04\/norton-ethological-lead-rope-povodec-crna-1-jpg.webp","width":800,"height":800},{"@type":"BreadcrumbList","@id":"https:\/\/clair.si\/hr\/izdelek\/uze-za-vodenje-norton-ethological\/#breadcrumb","itemListElement":[{"@type":"ListItem","position":1,"name":"Home","item":"https:\/\/clair.si\/hr\/"},{"@type":"ListItem","position":2,"name":"Trgovina","item":"https:\/\/clair.si\/trgovina\/"},{"@type":"ListItem","position":3,"name":"Povodac Norton Ethological"}]},{"@type":"WebSite","@id":"https:\/\/clair.si\/#website","url":"https:\/\/clair.si\/","name":"Clair","description":"Trgovina s konjeni\u0161ko opremo","publisher":{"@id":"https:\/\/clair.si\/#organization"},"potentialAction":[{"@type":"SearchAction","target":{"@type":"EntryPoint","urlTemplate":"https:\/\/clair.si\/?s={search_term_string}"},"query-input":{"@type":"PropertyValueSpecification","valueRequired":true,"valueName":"search_term_string"}}],"inLanguage":"hr"},{"@type":"Organization","@id":"https:\/\/clair.si\/#organization","name":"Clair","url":"https:\/\/clair.si\/","logo":{"@type":"ImageObject","inLanguage":"hr","@id":"https:\/\/clair.si\/#\/schema\/logo\/image\/","url":"https:\/\/clair.si\/wp-content\/uploads\/2022\/11\/clair_logo_2022.jpg","contentUrl":"https:\/\/clair.si\/wp-content\/uploads\/2022\/11\/clair_logo_2022.jpg","width":1920,"height":1920,"caption":"Clair"},"image":{"@id":"https:\/\/clair.si\/#\/schema\/logo\/image\/"},"sameAs":["https:\/\/www.facebook.com\/TrgovinaClair\/"]}]}},"_links":{"self":[{"href":"https:\/\/clair.si\/hr\/wp-json\/wp\/v2\/product\/98809","targetHints":{"allow":["GET"]}}],"collection":[{"href":"https:\/\/clair.si\/hr\/wp-json\/wp\/v2\/product"}],"about":[{"href":"https:\/\/clair.si\/hr\/wp-json\/wp\/v2\/types\/product"}],"version-history":[{"count":0,"href":"https:\/\/clair.si\/hr\/wp-json\/wp\/v2\/product\/98809\/revisions"}],"wp:featuredmedia":[{"embeddable":true,"href":"https:\/\/clair.si\/hr\/wp-json\/wp\/v2\/media\/98817"}],"wp:attachment":[{"href":"https:\/\/clair.si\/hr\/wp-json\/wp\/v2\/media?parent=98809"}],"wp:term":[{"taxonomy":"product_brand","embeddable":true,"href":"https:\/\/clair.si\/hr\/wp-json\/wp\/v2\/product_brand?post=98809"},{"taxonomy":"product_cat","embeddable":true,"href":"https:\/\/clair.si\/hr\/wp-json\/wp\/v2\/product_cat?post=98809"},{"taxonomy":"product_tag","embeddable":true,"href":"https:\/\/clair.si\/hr\/wp-json\/wp\/v2\/product_tag?post=98809"}],"curies":[{"name":"wp","href":"https:\/\/api.w.org\/{rel}","templated":true}]}}