{"id":98948,"date":"2023-04-07T12:10:51","date_gmt":"2023-04-07T10:10:51","guid":{"rendered":"https:\/\/clair.si\/izdelek\/eskadron-maska-protiv-muha-dynairmesh-pro-basic\/"},"modified":"2025-08-28T07:58:53","modified_gmt":"2025-08-28T05:58:53","slug":"eskadron-maska-protiv-muha-dynairmesh-pro-basic","status":"publish","type":"product","link":"https:\/\/clair.si\/hr\/izdelek\/eskadron-maska-protiv-muha-dynairmesh-pro-basic\/","title":{"rendered":"Eskadron maska protiv muha DynAirMesh Pro Basic"},"content":{"rendered":"<p><strong>Eskadron <a href=\"https:\/\/clair.si\/hr\/kategorija\/konj-hr\/zastita-od-insekata\/maske-protiv-muha\/\">maska<\/a> protiv muha DynAirMesh Pro Basic<\/strong> izra\u0111ena od  <span class=\"HwtZe\" lang=\"sl\"><span class=\"jCAhz ChMk0b\"><span class=\"ryNqvb\">elasti\u010dne mekane mre\u017ee DynAirMesh. Ona je jo\u0161 <\/span><\/span> <span class=\"jCAhz ChMk0b\"><span class=\"ryNqvb\">posebno propusna za zrak i di\u0161e<\/span><\/span> te nudi <span class=\"jCAhz ChMk0b\"><span class=\"ryNqvb\">neograni\u010deno gibanje u\u0161iju. Mre\u017ea na o\u010dima je <\/span><\/span> <span class=\"jCAhz ChMk0b\"><span class=\"ryNqvb\">tamna i gusto isprepletena i ne zamagljuje konjev vid, a istovremeno pru\u017ea odli\u010dnu za\u0161titu.<\/span><\/span> <span class=\"jCAhz ChMk0b\"><span class=\"ryNqvb\">Ekstra mekana podstava svih unutarnjih \u0161avova kako ne bi do\u0161lo do ogrebotina konjevog lica.<\/span><\/span><\/span><\/p>\n","protected":false},"excerpt":{"rendered":"<p>Eskadron maska protiv muha DynAirMesh Pro Basic izra\u0111ena od elasti\u010dne mekane mre\u017ee DynAirMesh. Ona je jo\u0161 posebno propusna za zrak<\/p>\n","protected":false},"featured_media":98950,"template":"","meta":{"footnotes":""},"product_brand":[],"product_cat":[5624,5780,5729,5674],"product_tag":[],"class_list":{"0":"post-98948","1":"product","2":"type-product","3":"status-publish","4":"has-post-thumbnail","6":"product_cat-konj-hr","7":"product_cat-maske-protiv-muha","8":"product_cat-pikeur-eskadron-hr","9":"product_cat-zastita-od-insekata","11":"first","12":"instock","13":"sale","14":"shipping-taxable","15":"purchasable","16":"product-type-variable"},"yoast_head":"<!-- This site is optimized with the Yoast SEO plugin v27.4 - https:\/\/yoast.com\/product\/yoast-seo-wordpress\/ -->\n<title>Eskadron maska protiv muha DynAirMesh Pro Basic - Clair<\/title>\n<meta name=\"description\" content=\"Eskadron maska protiv muha DynAirMesh Pro Basic izra\u0111ena od elasti\u010dne mekane mre\u017ee DynAirMesh. Ona je jo\u0161 posebno propusna za zrak i di\u0161e te nudi\" \/>\n<meta name=\"robots\" content=\"index, follow, max-snippet:-1, max-image-preview:large, max-video-preview:-1\" \/>\n<link rel=\"canonical\" href=\"https:\/\/clair.si\/hr\/izdelek\/eskadron-maska-protiv-muha-dynairmesh-pro-basic\/\" \/>\n<meta property=\"og:locale\" content=\"hr_HR\" \/>\n<meta property=\"og:type\" content=\"article\" \/>\n<meta property=\"og:title\" content=\"Eskadron maska protiv muha DynAirMesh Pro Basic - Clair\" \/>\n<meta property=\"og:description\" content=\"Eskadron maska protiv muha DynAirMesh Pro Basic izra\u0111ena od elasti\u010dne mekane mre\u017ee DynAirMesh. Ona je jo\u0161 posebno propusna za zrak i di\u0161e te nudi\" \/>\n<meta property=\"og:url\" content=\"https:\/\/clair.si\/hr\/izdelek\/eskadron-maska-protiv-muha-dynairmesh-pro-basic\/\" \/>\n<meta property=\"og:site_name\" content=\"Clair\" \/>\n<meta property=\"article:publisher\" content=\"https:\/\/www.facebook.com\/TrgovinaClair\/\" \/>\n<meta property=\"article:modified_time\" content=\"2025-08-28T05:58:53+00:00\" \/>\n<meta property=\"og:image\" content=\"https:\/\/clair.si\/wp-content\/uploads\/2023\/04\/maska-proti-mrcesu-muham-insektom-za-konje-eskadron-dynair-mesh-pro-crna-jpg.webp\" \/>\n\t<meta property=\"og:image:width\" content=\"1000\" \/>\n\t<meta property=\"og:image:height\" content=\"1000\" \/>\n\t<meta property=\"og:image:type\" content=\"image\/jpeg\" \/>\n<meta name=\"twitter:card\" content=\"summary_large_image\" \/>\n<script type=\"application\/ld+json\" class=\"yoast-schema-graph\">{\"@context\":\"https:\\\/\\\/schema.org\",\"@graph\":[{\"@type\":\"WebPage\",\"@id\":\"https:\\\/\\\/clair.si\\\/hr\\\/izdelek\\\/eskadron-maska-protiv-muha-dynairmesh-pro-basic\\\/\",\"url\":\"https:\\\/\\\/clair.si\\\/hr\\\/izdelek\\\/eskadron-maska-protiv-muha-dynairmesh-pro-basic\\\/\",\"name\":\"Eskadron maska protiv muha DynAirMesh Pro Basic - Clair\",\"isPartOf\":{\"@id\":\"https:\\\/\\\/clair.si\\\/#website\"},\"primaryImageOfPage\":{\"@id\":\"https:\\\/\\\/clair.si\\\/hr\\\/izdelek\\\/eskadron-maska-protiv-muha-dynairmesh-pro-basic\\\/#primaryimage\"},\"image\":{\"@id\":\"https:\\\/\\\/clair.si\\\/hr\\\/izdelek\\\/eskadron-maska-protiv-muha-dynairmesh-pro-basic\\\/#primaryimage\"},\"thumbnailUrl\":\"https:\\\/\\\/clair.si\\\/wp-content\\\/uploads\\\/2023\\\/04\\\/maska-proti-mrcesu-muham-insektom-za-konje-eskadron-dynair-mesh-pro-crna-jpg.webp\",\"datePublished\":\"2023-04-07T10:10:51+00:00\",\"dateModified\":\"2025-08-28T05:58:53+00:00\",\"description\":\"Eskadron maska protiv muha DynAirMesh Pro Basic izra\u0111ena od elasti\u010dne mekane mre\u017ee DynAirMesh. Ona je jo\u0161 posebno propusna za zrak i di\u0161e te nudi\",\"breadcrumb\":{\"@id\":\"https:\\\/\\\/clair.si\\\/hr\\\/izdelek\\\/eskadron-maska-protiv-muha-dynairmesh-pro-basic\\\/#breadcrumb\"},\"inLanguage\":\"hr\",\"potentialAction\":[{\"@type\":\"ReadAction\",\"target\":[\"https:\\\/\\\/clair.si\\\/hr\\\/izdelek\\\/eskadron-maska-protiv-muha-dynairmesh-pro-basic\\\/\"]}]},{\"@type\":\"ImageObject\",\"inLanguage\":\"hr\",\"@id\":\"https:\\\/\\\/clair.si\\\/hr\\\/izdelek\\\/eskadron-maska-protiv-muha-dynairmesh-pro-basic\\\/#primaryimage\",\"url\":\"https:\\\/\\\/clair.si\\\/wp-content\\\/uploads\\\/2023\\\/04\\\/maska-proti-mrcesu-muham-insektom-za-konje-eskadron-dynair-mesh-pro-crna-jpg.webp\",\"contentUrl\":\"https:\\\/\\\/clair.si\\\/wp-content\\\/uploads\\\/2023\\\/04\\\/maska-proti-mrcesu-muham-insektom-za-konje-eskadron-dynair-mesh-pro-crna-jpg.webp\",\"width\":1000,\"height\":1000},{\"@type\":\"BreadcrumbList\",\"@id\":\"https:\\\/\\\/clair.si\\\/hr\\\/izdelek\\\/eskadron-maska-protiv-muha-dynairmesh-pro-basic\\\/#breadcrumb\",\"itemListElement\":[{\"@type\":\"ListItem\",\"position\":1,\"name\":\"Home\",\"item\":\"https:\\\/\\\/clair.si\\\/hr\\\/\"},{\"@type\":\"ListItem\",\"position\":2,\"name\":\"Trgovina\",\"item\":\"https:\\\/\\\/clair.si\\\/trgovina\\\/\"},{\"@type\":\"ListItem\",\"position\":3,\"name\":\"Eskadron maska protiv muha DynAirMesh Pro Basic\"}]},{\"@type\":\"WebSite\",\"@id\":\"https:\\\/\\\/clair.si\\\/#website\",\"url\":\"https:\\\/\\\/clair.si\\\/\",\"name\":\"Clair\",\"description\":\"Trgovina s konjeni\u0161ko opremo\",\"publisher\":{\"@id\":\"https:\\\/\\\/clair.si\\\/#organization\"},\"potentialAction\":[{\"@type\":\"SearchAction\",\"target\":{\"@type\":\"EntryPoint\",\"urlTemplate\":\"https:\\\/\\\/clair.si\\\/?s={search_term_string}\"},\"query-input\":{\"@type\":\"PropertyValueSpecification\",\"valueRequired\":true,\"valueName\":\"search_term_string\"}}],\"inLanguage\":\"hr\"},{\"@type\":\"Organization\",\"@id\":\"https:\\\/\\\/clair.si\\\/#organization\",\"name\":\"Clair\",\"url\":\"https:\\\/\\\/clair.si\\\/\",\"logo\":{\"@type\":\"ImageObject\",\"inLanguage\":\"hr\",\"@id\":\"https:\\\/\\\/clair.si\\\/#\\\/schema\\\/logo\\\/image\\\/\",\"url\":\"https:\\\/\\\/clair.si\\\/wp-content\\\/uploads\\\/2022\\\/11\\\/clair_logo_2022.jpg\",\"contentUrl\":\"https:\\\/\\\/clair.si\\\/wp-content\\\/uploads\\\/2022\\\/11\\\/clair_logo_2022.jpg\",\"width\":1920,\"height\":1920,\"caption\":\"Clair\"},\"image\":{\"@id\":\"https:\\\/\\\/clair.si\\\/#\\\/schema\\\/logo\\\/image\\\/\"},\"sameAs\":[\"https:\\\/\\\/www.facebook.com\\\/TrgovinaClair\\\/\"]}]}<\/script>\n<!-- \/ Yoast SEO plugin. -->","yoast_head_json":{"title":"Eskadron maska protiv muha DynAirMesh Pro Basic - Clair","description":"Eskadron maska protiv muha DynAirMesh Pro Basic izra\u0111ena od elasti\u010dne mekane mre\u017ee DynAirMesh. Ona je jo\u0161 posebno propusna za zrak i di\u0161e te nudi","robots":{"index":"index","follow":"follow","max-snippet":"max-snippet:-1","max-image-preview":"max-image-preview:large","max-video-preview":"max-video-preview:-1"},"canonical":"https:\/\/clair.si\/hr\/izdelek\/eskadron-maska-protiv-muha-dynairmesh-pro-basic\/","og_locale":"hr_HR","og_type":"article","og_title":"Eskadron maska protiv muha DynAirMesh Pro Basic - Clair","og_description":"Eskadron maska protiv muha DynAirMesh Pro Basic izra\u0111ena od elasti\u010dne mekane mre\u017ee DynAirMesh. Ona je jo\u0161 posebno propusna za zrak i di\u0161e te nudi","og_url":"https:\/\/clair.si\/hr\/izdelek\/eskadron-maska-protiv-muha-dynairmesh-pro-basic\/","og_site_name":"Clair","article_publisher":"https:\/\/www.facebook.com\/TrgovinaClair\/","article_modified_time":"2025-08-28T05:58:53+00:00","og_image":[{"width":1000,"height":1000,"url":"https:\/\/clair.si\/wp-content\/uploads\/2023\/04\/maska-proti-mrcesu-muham-insektom-za-konje-eskadron-dynair-mesh-pro-crna-jpg.webp","type":"image\/jpeg"}],"twitter_card":"summary_large_image","schema":{"@context":"https:\/\/schema.org","@graph":[{"@type":"WebPage","@id":"https:\/\/clair.si\/hr\/izdelek\/eskadron-maska-protiv-muha-dynairmesh-pro-basic\/","url":"https:\/\/clair.si\/hr\/izdelek\/eskadron-maska-protiv-muha-dynairmesh-pro-basic\/","name":"Eskadron maska protiv muha DynAirMesh Pro Basic - Clair","isPartOf":{"@id":"https:\/\/clair.si\/#website"},"primaryImageOfPage":{"@id":"https:\/\/clair.si\/hr\/izdelek\/eskadron-maska-protiv-muha-dynairmesh-pro-basic\/#primaryimage"},"image":{"@id":"https:\/\/clair.si\/hr\/izdelek\/eskadron-maska-protiv-muha-dynairmesh-pro-basic\/#primaryimage"},"thumbnailUrl":"https:\/\/clair.si\/wp-content\/uploads\/2023\/04\/maska-proti-mrcesu-muham-insektom-za-konje-eskadron-dynair-mesh-pro-crna-jpg.webp","datePublished":"2023-04-07T10:10:51+00:00","dateModified":"2025-08-28T05:58:53+00:00","description":"Eskadron maska protiv muha DynAirMesh Pro Basic izra\u0111ena od elasti\u010dne mekane mre\u017ee DynAirMesh. Ona je jo\u0161 posebno propusna za zrak i di\u0161e te nudi","breadcrumb":{"@id":"https:\/\/clair.si\/hr\/izdelek\/eskadron-maska-protiv-muha-dynairmesh-pro-basic\/#breadcrumb"},"inLanguage":"hr","potentialAction":[{"@type":"ReadAction","target":["https:\/\/clair.si\/hr\/izdelek\/eskadron-maska-protiv-muha-dynairmesh-pro-basic\/"]}]},{"@type":"ImageObject","inLanguage":"hr","@id":"https:\/\/clair.si\/hr\/izdelek\/eskadron-maska-protiv-muha-dynairmesh-pro-basic\/#primaryimage","url":"https:\/\/clair.si\/wp-content\/uploads\/2023\/04\/maska-proti-mrcesu-muham-insektom-za-konje-eskadron-dynair-mesh-pro-crna-jpg.webp","contentUrl":"https:\/\/clair.si\/wp-content\/uploads\/2023\/04\/maska-proti-mrcesu-muham-insektom-za-konje-eskadron-dynair-mesh-pro-crna-jpg.webp","width":1000,"height":1000},{"@type":"BreadcrumbList","@id":"https:\/\/clair.si\/hr\/izdelek\/eskadron-maska-protiv-muha-dynairmesh-pro-basic\/#breadcrumb","itemListElement":[{"@type":"ListItem","position":1,"name":"Home","item":"https:\/\/clair.si\/hr\/"},{"@type":"ListItem","position":2,"name":"Trgovina","item":"https:\/\/clair.si\/trgovina\/"},{"@type":"ListItem","position":3,"name":"Eskadron maska protiv muha DynAirMesh Pro Basic"}]},{"@type":"WebSite","@id":"https:\/\/clair.si\/#website","url":"https:\/\/clair.si\/","name":"Clair","description":"Trgovina s konjeni\u0161ko opremo","publisher":{"@id":"https:\/\/clair.si\/#organization"},"potentialAction":[{"@type":"SearchAction","target":{"@type":"EntryPoint","urlTemplate":"https:\/\/clair.si\/?s={search_term_string}"},"query-input":{"@type":"PropertyValueSpecification","valueRequired":true,"valueName":"search_term_string"}}],"inLanguage":"hr"},{"@type":"Organization","@id":"https:\/\/clair.si\/#organization","name":"Clair","url":"https:\/\/clair.si\/","logo":{"@type":"ImageObject","inLanguage":"hr","@id":"https:\/\/clair.si\/#\/schema\/logo\/image\/","url":"https:\/\/clair.si\/wp-content\/uploads\/2022\/11\/clair_logo_2022.jpg","contentUrl":"https:\/\/clair.si\/wp-content\/uploads\/2022\/11\/clair_logo_2022.jpg","width":1920,"height":1920,"caption":"Clair"},"image":{"@id":"https:\/\/clair.si\/#\/schema\/logo\/image\/"},"sameAs":["https:\/\/www.facebook.com\/TrgovinaClair\/"]}]}},"_links":{"self":[{"href":"https:\/\/clair.si\/hr\/wp-json\/wp\/v2\/product\/98948","targetHints":{"allow":["GET"]}}],"collection":[{"href":"https:\/\/clair.si\/hr\/wp-json\/wp\/v2\/product"}],"about":[{"href":"https:\/\/clair.si\/hr\/wp-json\/wp\/v2\/types\/product"}],"version-history":[{"count":0,"href":"https:\/\/clair.si\/hr\/wp-json\/wp\/v2\/product\/98948\/revisions"}],"wp:featuredmedia":[{"embeddable":true,"href":"https:\/\/clair.si\/hr\/wp-json\/wp\/v2\/media\/98950"}],"wp:attachment":[{"href":"https:\/\/clair.si\/hr\/wp-json\/wp\/v2\/media?parent=98948"}],"wp:term":[{"taxonomy":"product_brand","embeddable":true,"href":"https:\/\/clair.si\/hr\/wp-json\/wp\/v2\/product_brand?post=98948"},{"taxonomy":"product_cat","embeddable":true,"href":"https:\/\/clair.si\/hr\/wp-json\/wp\/v2\/product_cat?post=98948"},{"taxonomy":"product_tag","embeddable":true,"href":"https:\/\/clair.si\/hr\/wp-json\/wp\/v2\/product_tag?post=98948"}],"curies":[{"name":"wp","href":"https:\/\/api.w.org\/{rel}","templated":true}]}}