{"id":98953,"date":"2023-03-10T09:47:49","date_gmt":"2023-03-10T08:47:49","guid":{"rendered":"https:\/\/clair.si\/izdelek\/kavalkade-proline-diego-uzda\/"},"modified":"2025-12-29T20:05:08","modified_gmt":"2025-12-29T19:05:08","slug":"kavalkade-proline-diego-uzda","status":"publish","type":"product","link":"https:\/\/clair.si\/hr\/izdelek\/kavalkade-proline-diego-uzda\/","title":{"rendered":"Uzda Kavalkade Proline-Diego"},"content":{"rendered":"<p><strong>Uzda Kavalkade Proline-Diego &#8211; p<\/strong><span class=\"HwtZe\" lang=\"sl\"><strong><span class=\"jCAhz ChMk0b\"><span class=\"ryNqvb\">Fleksibilna, izdr\u017eljiva i klasi\u010dna uzda s meksi\u010dkom nju\u0161kom iz linije Kavalkade Proline.<\/span><\/span> <\/strong><span class=\"jCAhz ChMk0b\"><span class=\"ryNqvb\">Blago nauljena europska gove\u0111a ko\u017ea, ve\u0107e kop\u010de i ovalne rupe za lak\u0161e kop\u010danje, anatomski zakrivljen ko\u017eni potiljni remen i naglavni remen s ukrasnim vezom, ozna\u010davaju uzde iz serije Proline.<\/span><\/span> <strong><span class=\"jCAhz ChMk0b\"><span class=\"ryNqvb\">Naglavni potiljni dio je anatomski krojen i mekano podstavljen, tako da se savr\u0161eno prilago\u0111ava konjevoj glavi.<\/span><\/span> <span class=\"jCAhz ChMk0b\"><span class=\"ryNqvb\">Uzda je opremljena uskim tkaninskim vodilicama.<\/span><\/span><\/strong><span class=\"jCAhz ChMk0b\"><span class=\"ryNqvb\"> Meksi\u010dka nju\u0161ka je podesiva s obje strane<\/span><\/span> i<span class=\"jCAhz ChMk0b\"><span class=\"ryNqvb\"> uklju\u010duje uklonjivu nosnu podlogu od janje\u0107e ko\u017ee<\/span><\/span><\/span><\/p>\n<p><span class=\"HwtZe\" lang=\"sl\"><span class=\"jCAhz ChMk0b\"><span class=\"ryNqvb\">Materijal: ko\u017ea.<\/span><\/span><\/span><\/p>\n<p><strong><span class=\"HwtZe\" lang=\"sl\"><span class=\"jCAhz ChMk0b\"><span class=\"ryNqvb\">Kavalkade Diego<\/span><\/span> m<span class=\"jCAhz ChMk0b\"><span class=\"ryNqvb\">eksi\u010dka uzda daje konju znatno vi\u0161e slobode od obi\u010dnih nju\u0161ki i<\/span><\/span> <span class=\"jCAhz ChMk0b\"><span class=\"ryNqvb\">\u010desto se koristi u preskakanju prepona i sli\u010dnim disciplinama.<\/span><\/span> <span class=\"jCAhz ChMk0b\"><span class=\"ryNqvb\">Konjeva sposobnost disanja nije naru\u0161ena.<\/span><\/span> J<span class=\"jCAhz ChMk0b\"><span class=\"ryNqvb\">ezik i \u010deljust konja uvijek imaju malo prostora za pomicanje.<\/span><\/span><\/span><\/strong><\/p>\n","protected":false},"excerpt":{"rendered":"<p>Uzda Kavalkade Proline-Diego &#8211; pFleksibilna, izdr\u017eljiva i klasi\u010dna uzda s meksi\u010dkom nju\u0161kom iz linije Kavalkade Proline. Blago nauljena europska gove\u0111a<\/p>\n","protected":false},"featured_media":98963,"template":"","meta":{"footnotes":""},"product_brand":[],"product_cat":[5624,5843,5697],"product_tag":[],"class_list":{"0":"post-98953","1":"product","2":"type-product","3":"status-publish","4":"has-post-thumbnail","6":"product_cat-konj-hr","7":"product_cat-uzde","8":"product_cat-uzde-i-dizgini","10":"first","11":"instock","12":"shipping-taxable","13":"purchasable","14":"product-type-variable"},"yoast_head":"<!-- This site is optimized with the Yoast SEO plugin v27.4 - https:\/\/yoast.com\/product\/yoast-seo-wordpress\/ -->\n<title>Uzda Kavalkade Proline-Diego - Clair<\/title>\n<meta name=\"description\" content=\"Uzda Kavalkade Proline-Diego - fleksibilna, izdr\u017eljiva i klasi\u010dna uzda s meksi\u010dkom nju\u0161kom iz linije Kavalkade Proline. Izuzetno kvalitetna nauljena ko\u017ea!\" \/>\n<meta name=\"robots\" content=\"index, follow, max-snippet:-1, max-image-preview:large, max-video-preview:-1\" \/>\n<link rel=\"canonical\" href=\"https:\/\/clair.si\/hr\/izdelek\/kavalkade-proline-diego-uzda\/\" \/>\n<meta property=\"og:locale\" content=\"hr_HR\" \/>\n<meta property=\"og:type\" content=\"article\" \/>\n<meta property=\"og:title\" content=\"Uzda Kavalkade Proline-Diego - Clair\" \/>\n<meta property=\"og:description\" content=\"Uzda Kavalkade Proline-Diego - fleksibilna, izdr\u017eljiva i klasi\u010dna uzda s meksi\u010dkom nju\u0161kom iz linije Kavalkade Proline. Izuzetno kvalitetna nauljena ko\u017ea!\" \/>\n<meta property=\"og:url\" content=\"https:\/\/clair.si\/hr\/izdelek\/kavalkade-proline-diego-uzda\/\" \/>\n<meta property=\"og:site_name\" content=\"Clair\" \/>\n<meta property=\"article:publisher\" content=\"https:\/\/www.facebook.com\/TrgovinaClair\/\" \/>\n<meta property=\"article:modified_time\" content=\"2025-12-29T19:05:08+00:00\" \/>\n<meta property=\"og:image\" content=\"https:\/\/clair.si\/wp-content\/uploads\/2023\/03\/19109-kavalkade-mehiska-uzda-diego-jpg.webp\" \/>\n\t<meta property=\"og:image:width\" content=\"725\" \/>\n\t<meta property=\"og:image:height\" content=\"725\" \/>\n\t<meta property=\"og:image:type\" content=\"image\/jpeg\" \/>\n<meta name=\"twitter:card\" content=\"summary_large_image\" \/>\n<meta name=\"twitter:label1\" content=\"Procijenjeno vrijeme \u010ditanja\" \/>\n\t<meta name=\"twitter:data1\" content=\"1 minuta\" \/>\n<script type=\"application\/ld+json\" class=\"yoast-schema-graph\">{\"@context\":\"https:\\\/\\\/schema.org\",\"@graph\":[{\"@type\":\"WebPage\",\"@id\":\"https:\\\/\\\/clair.si\\\/hr\\\/izdelek\\\/kavalkade-proline-diego-uzda\\\/\",\"url\":\"https:\\\/\\\/clair.si\\\/hr\\\/izdelek\\\/kavalkade-proline-diego-uzda\\\/\",\"name\":\"Uzda Kavalkade Proline-Diego - Clair\",\"isPartOf\":{\"@id\":\"https:\\\/\\\/clair.si\\\/#website\"},\"primaryImageOfPage\":{\"@id\":\"https:\\\/\\\/clair.si\\\/hr\\\/izdelek\\\/kavalkade-proline-diego-uzda\\\/#primaryimage\"},\"image\":{\"@id\":\"https:\\\/\\\/clair.si\\\/hr\\\/izdelek\\\/kavalkade-proline-diego-uzda\\\/#primaryimage\"},\"thumbnailUrl\":\"https:\\\/\\\/clair.si\\\/wp-content\\\/uploads\\\/2023\\\/03\\\/19109-kavalkade-mehiska-uzda-diego-jpg.webp\",\"datePublished\":\"2023-03-10T08:47:49+00:00\",\"dateModified\":\"2025-12-29T19:05:08+00:00\",\"description\":\"Uzda Kavalkade Proline-Diego - fleksibilna, izdr\u017eljiva i klasi\u010dna uzda s meksi\u010dkom nju\u0161kom iz linije Kavalkade Proline. Izuzetno kvalitetna nauljena ko\u017ea!\",\"breadcrumb\":{\"@id\":\"https:\\\/\\\/clair.si\\\/hr\\\/izdelek\\\/kavalkade-proline-diego-uzda\\\/#breadcrumb\"},\"inLanguage\":\"hr\",\"potentialAction\":[{\"@type\":\"ReadAction\",\"target\":[\"https:\\\/\\\/clair.si\\\/hr\\\/izdelek\\\/kavalkade-proline-diego-uzda\\\/\"]}]},{\"@type\":\"ImageObject\",\"inLanguage\":\"hr\",\"@id\":\"https:\\\/\\\/clair.si\\\/hr\\\/izdelek\\\/kavalkade-proline-diego-uzda\\\/#primaryimage\",\"url\":\"https:\\\/\\\/clair.si\\\/wp-content\\\/uploads\\\/2023\\\/03\\\/19109-kavalkade-mehiska-uzda-diego-jpg.webp\",\"contentUrl\":\"https:\\\/\\\/clair.si\\\/wp-content\\\/uploads\\\/2023\\\/03\\\/19109-kavalkade-mehiska-uzda-diego-jpg.webp\",\"width\":725,\"height\":725},{\"@type\":\"BreadcrumbList\",\"@id\":\"https:\\\/\\\/clair.si\\\/hr\\\/izdelek\\\/kavalkade-proline-diego-uzda\\\/#breadcrumb\",\"itemListElement\":[{\"@type\":\"ListItem\",\"position\":1,\"name\":\"Home\",\"item\":\"https:\\\/\\\/clair.si\\\/hr\\\/\"},{\"@type\":\"ListItem\",\"position\":2,\"name\":\"Trgovina\",\"item\":\"https:\\\/\\\/clair.si\\\/trgovina\\\/\"},{\"@type\":\"ListItem\",\"position\":3,\"name\":\"Uzda Kavalkade Proline-Diego\"}]},{\"@type\":\"WebSite\",\"@id\":\"https:\\\/\\\/clair.si\\\/#website\",\"url\":\"https:\\\/\\\/clair.si\\\/\",\"name\":\"Clair\",\"description\":\"Trgovina s konjeni\u0161ko opremo\",\"publisher\":{\"@id\":\"https:\\\/\\\/clair.si\\\/#organization\"},\"potentialAction\":[{\"@type\":\"SearchAction\",\"target\":{\"@type\":\"EntryPoint\",\"urlTemplate\":\"https:\\\/\\\/clair.si\\\/?s={search_term_string}\"},\"query-input\":{\"@type\":\"PropertyValueSpecification\",\"valueRequired\":true,\"valueName\":\"search_term_string\"}}],\"inLanguage\":\"hr\"},{\"@type\":\"Organization\",\"@id\":\"https:\\\/\\\/clair.si\\\/#organization\",\"name\":\"Clair\",\"url\":\"https:\\\/\\\/clair.si\\\/\",\"logo\":{\"@type\":\"ImageObject\",\"inLanguage\":\"hr\",\"@id\":\"https:\\\/\\\/clair.si\\\/#\\\/schema\\\/logo\\\/image\\\/\",\"url\":\"https:\\\/\\\/clair.si\\\/wp-content\\\/uploads\\\/2022\\\/11\\\/clair_logo_2022.jpg\",\"contentUrl\":\"https:\\\/\\\/clair.si\\\/wp-content\\\/uploads\\\/2022\\\/11\\\/clair_logo_2022.jpg\",\"width\":1920,\"height\":1920,\"caption\":\"Clair\"},\"image\":{\"@id\":\"https:\\\/\\\/clair.si\\\/#\\\/schema\\\/logo\\\/image\\\/\"},\"sameAs\":[\"https:\\\/\\\/www.facebook.com\\\/TrgovinaClair\\\/\"]}]}<\/script>\n<!-- \/ Yoast SEO plugin. -->","yoast_head_json":{"title":"Uzda Kavalkade Proline-Diego - Clair","description":"Uzda Kavalkade Proline-Diego - fleksibilna, izdr\u017eljiva i klasi\u010dna uzda s meksi\u010dkom nju\u0161kom iz linije Kavalkade Proline. Izuzetno kvalitetna nauljena ko\u017ea!","robots":{"index":"index","follow":"follow","max-snippet":"max-snippet:-1","max-image-preview":"max-image-preview:large","max-video-preview":"max-video-preview:-1"},"canonical":"https:\/\/clair.si\/hr\/izdelek\/kavalkade-proline-diego-uzda\/","og_locale":"hr_HR","og_type":"article","og_title":"Uzda Kavalkade Proline-Diego - Clair","og_description":"Uzda Kavalkade Proline-Diego - fleksibilna, izdr\u017eljiva i klasi\u010dna uzda s meksi\u010dkom nju\u0161kom iz linije Kavalkade Proline. Izuzetno kvalitetna nauljena ko\u017ea!","og_url":"https:\/\/clair.si\/hr\/izdelek\/kavalkade-proline-diego-uzda\/","og_site_name":"Clair","article_publisher":"https:\/\/www.facebook.com\/TrgovinaClair\/","article_modified_time":"2025-12-29T19:05:08+00:00","og_image":[{"width":725,"height":725,"url":"https:\/\/clair.si\/wp-content\/uploads\/2023\/03\/19109-kavalkade-mehiska-uzda-diego-jpg.webp","type":"image\/jpeg"}],"twitter_card":"summary_large_image","twitter_misc":{"Procijenjeno vrijeme \u010ditanja":"1 minuta"},"schema":{"@context":"https:\/\/schema.org","@graph":[{"@type":"WebPage","@id":"https:\/\/clair.si\/hr\/izdelek\/kavalkade-proline-diego-uzda\/","url":"https:\/\/clair.si\/hr\/izdelek\/kavalkade-proline-diego-uzda\/","name":"Uzda Kavalkade Proline-Diego - Clair","isPartOf":{"@id":"https:\/\/clair.si\/#website"},"primaryImageOfPage":{"@id":"https:\/\/clair.si\/hr\/izdelek\/kavalkade-proline-diego-uzda\/#primaryimage"},"image":{"@id":"https:\/\/clair.si\/hr\/izdelek\/kavalkade-proline-diego-uzda\/#primaryimage"},"thumbnailUrl":"https:\/\/clair.si\/wp-content\/uploads\/2023\/03\/19109-kavalkade-mehiska-uzda-diego-jpg.webp","datePublished":"2023-03-10T08:47:49+00:00","dateModified":"2025-12-29T19:05:08+00:00","description":"Uzda Kavalkade Proline-Diego - fleksibilna, izdr\u017eljiva i klasi\u010dna uzda s meksi\u010dkom nju\u0161kom iz linije Kavalkade Proline. Izuzetno kvalitetna nauljena ko\u017ea!","breadcrumb":{"@id":"https:\/\/clair.si\/hr\/izdelek\/kavalkade-proline-diego-uzda\/#breadcrumb"},"inLanguage":"hr","potentialAction":[{"@type":"ReadAction","target":["https:\/\/clair.si\/hr\/izdelek\/kavalkade-proline-diego-uzda\/"]}]},{"@type":"ImageObject","inLanguage":"hr","@id":"https:\/\/clair.si\/hr\/izdelek\/kavalkade-proline-diego-uzda\/#primaryimage","url":"https:\/\/clair.si\/wp-content\/uploads\/2023\/03\/19109-kavalkade-mehiska-uzda-diego-jpg.webp","contentUrl":"https:\/\/clair.si\/wp-content\/uploads\/2023\/03\/19109-kavalkade-mehiska-uzda-diego-jpg.webp","width":725,"height":725},{"@type":"BreadcrumbList","@id":"https:\/\/clair.si\/hr\/izdelek\/kavalkade-proline-diego-uzda\/#breadcrumb","itemListElement":[{"@type":"ListItem","position":1,"name":"Home","item":"https:\/\/clair.si\/hr\/"},{"@type":"ListItem","position":2,"name":"Trgovina","item":"https:\/\/clair.si\/trgovina\/"},{"@type":"ListItem","position":3,"name":"Uzda Kavalkade Proline-Diego"}]},{"@type":"WebSite","@id":"https:\/\/clair.si\/#website","url":"https:\/\/clair.si\/","name":"Clair","description":"Trgovina s konjeni\u0161ko opremo","publisher":{"@id":"https:\/\/clair.si\/#organization"},"potentialAction":[{"@type":"SearchAction","target":{"@type":"EntryPoint","urlTemplate":"https:\/\/clair.si\/?s={search_term_string}"},"query-input":{"@type":"PropertyValueSpecification","valueRequired":true,"valueName":"search_term_string"}}],"inLanguage":"hr"},{"@type":"Organization","@id":"https:\/\/clair.si\/#organization","name":"Clair","url":"https:\/\/clair.si\/","logo":{"@type":"ImageObject","inLanguage":"hr","@id":"https:\/\/clair.si\/#\/schema\/logo\/image\/","url":"https:\/\/clair.si\/wp-content\/uploads\/2022\/11\/clair_logo_2022.jpg","contentUrl":"https:\/\/clair.si\/wp-content\/uploads\/2022\/11\/clair_logo_2022.jpg","width":1920,"height":1920,"caption":"Clair"},"image":{"@id":"https:\/\/clair.si\/#\/schema\/logo\/image\/"},"sameAs":["https:\/\/www.facebook.com\/TrgovinaClair\/"]}]}},"_links":{"self":[{"href":"https:\/\/clair.si\/hr\/wp-json\/wp\/v2\/product\/98953","targetHints":{"allow":["GET"]}}],"collection":[{"href":"https:\/\/clair.si\/hr\/wp-json\/wp\/v2\/product"}],"about":[{"href":"https:\/\/clair.si\/hr\/wp-json\/wp\/v2\/types\/product"}],"version-history":[{"count":0,"href":"https:\/\/clair.si\/hr\/wp-json\/wp\/v2\/product\/98953\/revisions"}],"wp:featuredmedia":[{"embeddable":true,"href":"https:\/\/clair.si\/hr\/wp-json\/wp\/v2\/media\/98963"}],"wp:attachment":[{"href":"https:\/\/clair.si\/hr\/wp-json\/wp\/v2\/media?parent=98953"}],"wp:term":[{"taxonomy":"product_brand","embeddable":true,"href":"https:\/\/clair.si\/hr\/wp-json\/wp\/v2\/product_brand?post=98953"},{"taxonomy":"product_cat","embeddable":true,"href":"https:\/\/clair.si\/hr\/wp-json\/wp\/v2\/product_cat?post=98953"},{"taxonomy":"product_tag","embeddable":true,"href":"https:\/\/clair.si\/hr\/wp-json\/wp\/v2\/product_tag?post=98953"}],"curies":[{"name":"wp","href":"https:\/\/api.w.org\/{rel}","templated":true}]}}