{"id":98979,"date":"2023-03-07T15:59:19","date_gmt":"2023-03-07T14:59:19","guid":{"rendered":"https:\/\/clair.si\/izdelek\/western-pojas-za-sedlo-hkm-softopren\/"},"modified":"2025-09-28T18:52:48","modified_gmt":"2025-09-28T16:52:48","slug":"western-kolan-za-sedlo-hkm-softopren","status":"publish","type":"product","link":"https:\/\/clair.si\/hr\/izdelek\/western-kolan-za-sedlo-hkm-softopren\/","title":{"rendered":"Kolan za sedlo HKM Softopren"},"content":{"rendered":"<p><strong>Kolan za sedlo HKM Softopren:<\/strong><\/p>\n<ul>\n<li><span class=\"HwtZe\" lang=\"sl\"><span class=\"jCAhz ChMk0b\"><span class=\"ryNqvb\">di\u0161e<\/span><\/span> <\/span><\/li>\n<li><span class=\"HwtZe\" lang=\"sl\"><span class=\"jCAhz ChMk0b\"><span class=\"ryNqvb\">Raspodjela to\u010daka<\/span><\/span> pritiska <\/span><\/li>\n<li><span class=\"HwtZe\" lang=\"sl\"><span class=\"jCAhz ChMk0b\"><span class=\"ryNqvb\">elasti\u010dna softopren tkanina<\/span><\/span> <\/span><\/li>\n<li><span class=\"HwtZe\" lang=\"sl\"><span class=\"jCAhz ChMk0b\"><span class=\"ryNqvb\">perivo u perilici rublja na 30\u00b0C<br \/>\n<\/span><\/span><\/span><\/li>\n<li><span class=\"HwtZe\" lang=\"sl\"><span class=\"jCAhz ChMk0b\"><span class=\"ryNqvb\">prikladno za su\u0161ilicu<\/span><\/span> <\/span><\/li>\n<li><span class=\"HwtZe\" lang=\"sl\"><span class=\"jCAhz ChMk0b\"><span class=\"ryNqvb\">nemojte cijediti.<\/span><\/span><\/span><\/li>\n<\/ul>\n","protected":false},"excerpt":{"rendered":"<p>Kolan za sedlo HKM Softopren: di\u0161e Raspodjela to\u010daka pritiska elasti\u010dna softopren tkanina perivo u perilici rublja na 30\u00b0C prikladno za<\/p>\n","protected":false},"featured_media":98981,"template":"","meta":{"footnotes":""},"product_brand":[],"product_cat":[5657,5818,5624,5897,5794,5896],"product_tag":[],"class_list":{"0":"post-98979","1":"product","2":"type-product","3":"status-publish","4":"has-post-thumbnail","6":"product_cat-kategorije-hr","7":"product_cat-kolan","8":"product_cat-konj-hr","9":"product_cat-pojasevi-za-sedlo","10":"product_cat-western-hr","11":"product_cat-western-kolani","13":"first","14":"instock","15":"sale","16":"shipping-taxable","17":"purchasable","18":"product-type-variable"},"yoast_head":"<!-- This site is optimized with the Yoast SEO plugin v27.4 - https:\/\/yoast.com\/product\/yoast-seo-wordpress\/ -->\n<title>Kolan za sedlo HKM Softopren - Clair<\/title>\n<meta name=\"description\" content=\"Kolan za sedlo HKM Softopren: di\u0161e Raspodjela to\u010daka pritiska elasti\u010dna softopren tkanina perivo u perilici rublja na 30\u00b0C prikladno za su\u0161ilicu nemojte\" \/>\n<meta name=\"robots\" content=\"index, follow, max-snippet:-1, max-image-preview:large, max-video-preview:-1\" \/>\n<link rel=\"canonical\" href=\"https:\/\/clair.si\/hr\/izdelek\/western-kolan-za-sedlo-hkm-softopren\/\" \/>\n<meta property=\"og:locale\" content=\"hr_HR\" \/>\n<meta property=\"og:type\" content=\"article\" \/>\n<meta property=\"og:title\" content=\"Kolan za sedlo HKM Softopren - Clair\" \/>\n<meta property=\"og:description\" content=\"Kolan za sedlo HKM Softopren: di\u0161e Raspodjela to\u010daka pritiska elasti\u010dna softopren tkanina perivo u perilici rublja na 30\u00b0C prikladno za su\u0161ilicu nemojte\" \/>\n<meta property=\"og:url\" content=\"https:\/\/clair.si\/hr\/izdelek\/western-kolan-za-sedlo-hkm-softopren\/\" \/>\n<meta property=\"og:site_name\" content=\"Clair\" \/>\n<meta property=\"article:publisher\" content=\"https:\/\/www.facebook.com\/TrgovinaClair\/\" \/>\n<meta property=\"article:modified_time\" content=\"2025-09-28T16:52:48+00:00\" \/>\n<meta property=\"og:image\" content=\"https:\/\/clair.si\/wp-content\/uploads\/2023\/03\/western-sedelni-pas-HKM-Softopren-jpg.webp\" \/>\n\t<meta property=\"og:image:width\" content=\"600\" \/>\n\t<meta property=\"og:image:height\" content=\"600\" \/>\n\t<meta property=\"og:image:type\" content=\"image\/jpeg\" \/>\n<meta name=\"twitter:card\" content=\"summary_large_image\" \/>\n<meta name=\"twitter:label1\" content=\"Procijenjeno vrijeme \u010ditanja\" \/>\n\t<meta name=\"twitter:data1\" content=\"1 minuta\" \/>\n<script type=\"application\/ld+json\" class=\"yoast-schema-graph\">{\"@context\":\"https:\\\/\\\/schema.org\",\"@graph\":[{\"@type\":\"WebPage\",\"@id\":\"https:\\\/\\\/clair.si\\\/hr\\\/izdelek\\\/western-kolan-za-sedlo-hkm-softopren\\\/\",\"url\":\"https:\\\/\\\/clair.si\\\/hr\\\/izdelek\\\/western-kolan-za-sedlo-hkm-softopren\\\/\",\"name\":\"Kolan za sedlo HKM Softopren - Clair\",\"isPartOf\":{\"@id\":\"https:\\\/\\\/clair.si\\\/#website\"},\"primaryImageOfPage\":{\"@id\":\"https:\\\/\\\/clair.si\\\/hr\\\/izdelek\\\/western-kolan-za-sedlo-hkm-softopren\\\/#primaryimage\"},\"image\":{\"@id\":\"https:\\\/\\\/clair.si\\\/hr\\\/izdelek\\\/western-kolan-za-sedlo-hkm-softopren\\\/#primaryimage\"},\"thumbnailUrl\":\"https:\\\/\\\/clair.si\\\/wp-content\\\/uploads\\\/2023\\\/03\\\/western-sedelni-pas-HKM-Softopren-jpg.webp\",\"datePublished\":\"2023-03-07T14:59:19+00:00\",\"dateModified\":\"2025-09-28T16:52:48+00:00\",\"description\":\"Kolan za sedlo HKM Softopren: di\u0161e Raspodjela to\u010daka pritiska elasti\u010dna softopren tkanina perivo u perilici rublja na 30\u00b0C prikladno za su\u0161ilicu nemojte\",\"breadcrumb\":{\"@id\":\"https:\\\/\\\/clair.si\\\/hr\\\/izdelek\\\/western-kolan-za-sedlo-hkm-softopren\\\/#breadcrumb\"},\"inLanguage\":\"hr\",\"potentialAction\":[{\"@type\":\"ReadAction\",\"target\":[\"https:\\\/\\\/clair.si\\\/hr\\\/izdelek\\\/western-kolan-za-sedlo-hkm-softopren\\\/\"]}]},{\"@type\":\"ImageObject\",\"inLanguage\":\"hr\",\"@id\":\"https:\\\/\\\/clair.si\\\/hr\\\/izdelek\\\/western-kolan-za-sedlo-hkm-softopren\\\/#primaryimage\",\"url\":\"https:\\\/\\\/clair.si\\\/wp-content\\\/uploads\\\/2023\\\/03\\\/western-sedelni-pas-HKM-Softopren-jpg.webp\",\"contentUrl\":\"https:\\\/\\\/clair.si\\\/wp-content\\\/uploads\\\/2023\\\/03\\\/western-sedelni-pas-HKM-Softopren-jpg.webp\",\"width\":600,\"height\":600},{\"@type\":\"BreadcrumbList\",\"@id\":\"https:\\\/\\\/clair.si\\\/hr\\\/izdelek\\\/western-kolan-za-sedlo-hkm-softopren\\\/#breadcrumb\",\"itemListElement\":[{\"@type\":\"ListItem\",\"position\":1,\"name\":\"Home\",\"item\":\"https:\\\/\\\/clair.si\\\/hr\\\/\"},{\"@type\":\"ListItem\",\"position\":2,\"name\":\"Trgovina\",\"item\":\"https:\\\/\\\/clair.si\\\/trgovina\\\/\"},{\"@type\":\"ListItem\",\"position\":3,\"name\":\"Kolan za sedlo HKM Softopren\"}]},{\"@type\":\"WebSite\",\"@id\":\"https:\\\/\\\/clair.si\\\/#website\",\"url\":\"https:\\\/\\\/clair.si\\\/\",\"name\":\"Clair\",\"description\":\"Trgovina s konjeni\u0161ko opremo\",\"publisher\":{\"@id\":\"https:\\\/\\\/clair.si\\\/#organization\"},\"potentialAction\":[{\"@type\":\"SearchAction\",\"target\":{\"@type\":\"EntryPoint\",\"urlTemplate\":\"https:\\\/\\\/clair.si\\\/?s={search_term_string}\"},\"query-input\":{\"@type\":\"PropertyValueSpecification\",\"valueRequired\":true,\"valueName\":\"search_term_string\"}}],\"inLanguage\":\"hr\"},{\"@type\":\"Organization\",\"@id\":\"https:\\\/\\\/clair.si\\\/#organization\",\"name\":\"Clair\",\"url\":\"https:\\\/\\\/clair.si\\\/\",\"logo\":{\"@type\":\"ImageObject\",\"inLanguage\":\"hr\",\"@id\":\"https:\\\/\\\/clair.si\\\/#\\\/schema\\\/logo\\\/image\\\/\",\"url\":\"https:\\\/\\\/clair.si\\\/wp-content\\\/uploads\\\/2022\\\/11\\\/clair_logo_2022.jpg\",\"contentUrl\":\"https:\\\/\\\/clair.si\\\/wp-content\\\/uploads\\\/2022\\\/11\\\/clair_logo_2022.jpg\",\"width\":1920,\"height\":1920,\"caption\":\"Clair\"},\"image\":{\"@id\":\"https:\\\/\\\/clair.si\\\/#\\\/schema\\\/logo\\\/image\\\/\"},\"sameAs\":[\"https:\\\/\\\/www.facebook.com\\\/TrgovinaClair\\\/\"]}]}<\/script>\n<!-- \/ Yoast SEO plugin. -->","yoast_head_json":{"title":"Kolan za sedlo HKM Softopren - Clair","description":"Kolan za sedlo HKM Softopren: di\u0161e Raspodjela to\u010daka pritiska elasti\u010dna softopren tkanina perivo u perilici rublja na 30\u00b0C prikladno za su\u0161ilicu nemojte","robots":{"index":"index","follow":"follow","max-snippet":"max-snippet:-1","max-image-preview":"max-image-preview:large","max-video-preview":"max-video-preview:-1"},"canonical":"https:\/\/clair.si\/hr\/izdelek\/western-kolan-za-sedlo-hkm-softopren\/","og_locale":"hr_HR","og_type":"article","og_title":"Kolan za sedlo HKM Softopren - Clair","og_description":"Kolan za sedlo HKM Softopren: di\u0161e Raspodjela to\u010daka pritiska elasti\u010dna softopren tkanina perivo u perilici rublja na 30\u00b0C prikladno za su\u0161ilicu nemojte","og_url":"https:\/\/clair.si\/hr\/izdelek\/western-kolan-za-sedlo-hkm-softopren\/","og_site_name":"Clair","article_publisher":"https:\/\/www.facebook.com\/TrgovinaClair\/","article_modified_time":"2025-09-28T16:52:48+00:00","og_image":[{"width":600,"height":600,"url":"https:\/\/clair.si\/wp-content\/uploads\/2023\/03\/western-sedelni-pas-HKM-Softopren-jpg.webp","type":"image\/jpeg"}],"twitter_card":"summary_large_image","twitter_misc":{"Procijenjeno vrijeme \u010ditanja":"1 minuta"},"schema":{"@context":"https:\/\/schema.org","@graph":[{"@type":"WebPage","@id":"https:\/\/clair.si\/hr\/izdelek\/western-kolan-za-sedlo-hkm-softopren\/","url":"https:\/\/clair.si\/hr\/izdelek\/western-kolan-za-sedlo-hkm-softopren\/","name":"Kolan za sedlo HKM Softopren - Clair","isPartOf":{"@id":"https:\/\/clair.si\/#website"},"primaryImageOfPage":{"@id":"https:\/\/clair.si\/hr\/izdelek\/western-kolan-za-sedlo-hkm-softopren\/#primaryimage"},"image":{"@id":"https:\/\/clair.si\/hr\/izdelek\/western-kolan-za-sedlo-hkm-softopren\/#primaryimage"},"thumbnailUrl":"https:\/\/clair.si\/wp-content\/uploads\/2023\/03\/western-sedelni-pas-HKM-Softopren-jpg.webp","datePublished":"2023-03-07T14:59:19+00:00","dateModified":"2025-09-28T16:52:48+00:00","description":"Kolan za sedlo HKM Softopren: di\u0161e Raspodjela to\u010daka pritiska elasti\u010dna softopren tkanina perivo u perilici rublja na 30\u00b0C prikladno za su\u0161ilicu nemojte","breadcrumb":{"@id":"https:\/\/clair.si\/hr\/izdelek\/western-kolan-za-sedlo-hkm-softopren\/#breadcrumb"},"inLanguage":"hr","potentialAction":[{"@type":"ReadAction","target":["https:\/\/clair.si\/hr\/izdelek\/western-kolan-za-sedlo-hkm-softopren\/"]}]},{"@type":"ImageObject","inLanguage":"hr","@id":"https:\/\/clair.si\/hr\/izdelek\/western-kolan-za-sedlo-hkm-softopren\/#primaryimage","url":"https:\/\/clair.si\/wp-content\/uploads\/2023\/03\/western-sedelni-pas-HKM-Softopren-jpg.webp","contentUrl":"https:\/\/clair.si\/wp-content\/uploads\/2023\/03\/western-sedelni-pas-HKM-Softopren-jpg.webp","width":600,"height":600},{"@type":"BreadcrumbList","@id":"https:\/\/clair.si\/hr\/izdelek\/western-kolan-za-sedlo-hkm-softopren\/#breadcrumb","itemListElement":[{"@type":"ListItem","position":1,"name":"Home","item":"https:\/\/clair.si\/hr\/"},{"@type":"ListItem","position":2,"name":"Trgovina","item":"https:\/\/clair.si\/trgovina\/"},{"@type":"ListItem","position":3,"name":"Kolan za sedlo HKM Softopren"}]},{"@type":"WebSite","@id":"https:\/\/clair.si\/#website","url":"https:\/\/clair.si\/","name":"Clair","description":"Trgovina s konjeni\u0161ko opremo","publisher":{"@id":"https:\/\/clair.si\/#organization"},"potentialAction":[{"@type":"SearchAction","target":{"@type":"EntryPoint","urlTemplate":"https:\/\/clair.si\/?s={search_term_string}"},"query-input":{"@type":"PropertyValueSpecification","valueRequired":true,"valueName":"search_term_string"}}],"inLanguage":"hr"},{"@type":"Organization","@id":"https:\/\/clair.si\/#organization","name":"Clair","url":"https:\/\/clair.si\/","logo":{"@type":"ImageObject","inLanguage":"hr","@id":"https:\/\/clair.si\/#\/schema\/logo\/image\/","url":"https:\/\/clair.si\/wp-content\/uploads\/2022\/11\/clair_logo_2022.jpg","contentUrl":"https:\/\/clair.si\/wp-content\/uploads\/2022\/11\/clair_logo_2022.jpg","width":1920,"height":1920,"caption":"Clair"},"image":{"@id":"https:\/\/clair.si\/#\/schema\/logo\/image\/"},"sameAs":["https:\/\/www.facebook.com\/TrgovinaClair\/"]}]}},"_links":{"self":[{"href":"https:\/\/clair.si\/hr\/wp-json\/wp\/v2\/product\/98979","targetHints":{"allow":["GET"]}}],"collection":[{"href":"https:\/\/clair.si\/hr\/wp-json\/wp\/v2\/product"}],"about":[{"href":"https:\/\/clair.si\/hr\/wp-json\/wp\/v2\/types\/product"}],"version-history":[{"count":2,"href":"https:\/\/clair.si\/hr\/wp-json\/wp\/v2\/product\/98979\/revisions"}],"predecessor-version":[{"id":115084,"href":"https:\/\/clair.si\/hr\/wp-json\/wp\/v2\/product\/98979\/revisions\/115084"}],"wp:featuredmedia":[{"embeddable":true,"href":"https:\/\/clair.si\/hr\/wp-json\/wp\/v2\/media\/98981"}],"wp:attachment":[{"href":"https:\/\/clair.si\/hr\/wp-json\/wp\/v2\/media?parent=98979"}],"wp:term":[{"taxonomy":"product_brand","embeddable":true,"href":"https:\/\/clair.si\/hr\/wp-json\/wp\/v2\/product_brand?post=98979"},{"taxonomy":"product_cat","embeddable":true,"href":"https:\/\/clair.si\/hr\/wp-json\/wp\/v2\/product_cat?post=98979"},{"taxonomy":"product_tag","embeddable":true,"href":"https:\/\/clair.si\/hr\/wp-json\/wp\/v2\/product_tag?post=98979"}],"curies":[{"name":"wp","href":"https:\/\/api.w.org\/{rel}","templated":true}]}}