{"id":99029,"date":"2023-03-07T15:45:03","date_gmt":"2023-03-07T14:45:03","guid":{"rendered":"https:\/\/clair.si\/izdelek\/uzde-norton-pro-web\/"},"modified":"2025-09-28T19:56:40","modified_gmt":"2025-09-28T17:56:40","slug":"dizgini-norton-pro-web","status":"publish","type":"product","link":"https:\/\/clair.si\/hr\/izdelek\/dizgini-norton-pro-web\/","title":{"rendered":"Dizgini Norton Pro Web"},"content":{"rendered":"<p><strong>Dizgini Norton Pro Web<\/strong> &#8211; pletene uzde od tkanine, \u0161irine 16 mm s 5 grani\u010dnika i metalnim kop\u010dama.<\/p>\n","protected":false},"excerpt":{"rendered":"<p>Dizgini Norton Pro Web &#8211; pletene uzde od tkanine, \u0161irine 16 mm s 5 grani\u010dnika i metalnim kop\u010dama.<\/p>\n","protected":false},"featured_media":99033,"template":"","meta":{"footnotes":""},"product_brand":[],"product_cat":[5822,5624,5697],"product_tag":[],"class_list":{"0":"post-99029","1":"product","2":"type-product","3":"status-publish","4":"has-post-thumbnail","6":"product_cat-dizgini","7":"product_cat-konj-hr","8":"product_cat-uzde-i-dizgini","10":"first","11":"instock","12":"shipping-taxable","13":"purchasable","14":"product-type-variable"},"yoast_head":"<!-- This site is optimized with the Yoast SEO plugin v27.4 - https:\/\/yoast.com\/product\/yoast-seo-wordpress\/ -->\n<title>Dizgini Norton Pro Web - Clair<\/title>\n<meta name=\"description\" content=\"Dizgini Norton Pro Web - pletene uzde od tkanine, \u0161irine 16 mm s 5 grani\u010dnika i metalnim kop\u010dama.\" \/>\n<meta name=\"robots\" content=\"index, follow, max-snippet:-1, max-image-preview:large, max-video-preview:-1\" \/>\n<link rel=\"canonical\" href=\"https:\/\/clair.si\/hr\/izdelek\/dizgini-norton-pro-web\/\" \/>\n<meta property=\"og:locale\" content=\"hr_HR\" \/>\n<meta property=\"og:type\" content=\"article\" \/>\n<meta property=\"og:title\" content=\"Dizgini Norton Pro Web - Clair\" \/>\n<meta property=\"og:description\" content=\"Dizgini Norton Pro Web - pletene uzde od tkanine, \u0161irine 16 mm s 5 grani\u010dnika i metalnim kop\u010dama.\" \/>\n<meta property=\"og:url\" content=\"https:\/\/clair.si\/hr\/izdelek\/dizgini-norton-pro-web\/\" \/>\n<meta property=\"og:site_name\" content=\"Clair\" \/>\n<meta property=\"article:publisher\" content=\"https:\/\/www.facebook.com\/TrgovinaClair\/\" \/>\n<meta property=\"article:modified_time\" content=\"2025-09-28T17:56:40+00:00\" \/>\n<meta property=\"og:image\" content=\"https:\/\/clair.si\/wp-content\/uploads\/2023\/03\/web-norton-vajeti-jpg.webp\" \/>\n\t<meta property=\"og:image:width\" content=\"1300\" \/>\n\t<meta property=\"og:image:height\" content=\"1300\" \/>\n\t<meta property=\"og:image:type\" content=\"image\/jpeg\" \/>\n<meta name=\"twitter:card\" content=\"summary_large_image\" \/>\n<meta name=\"twitter:label1\" content=\"Procijenjeno vrijeme \u010ditanja\" \/>\n\t<meta name=\"twitter:data1\" content=\"1 minuta\" \/>\n<script type=\"application\/ld+json\" class=\"yoast-schema-graph\">{\"@context\":\"https:\\\/\\\/schema.org\",\"@graph\":[{\"@type\":\"WebPage\",\"@id\":\"https:\\\/\\\/clair.si\\\/hr\\\/izdelek\\\/dizgini-norton-pro-web\\\/\",\"url\":\"https:\\\/\\\/clair.si\\\/hr\\\/izdelek\\\/dizgini-norton-pro-web\\\/\",\"name\":\"Dizgini Norton Pro Web - Clair\",\"isPartOf\":{\"@id\":\"https:\\\/\\\/clair.si\\\/#website\"},\"primaryImageOfPage\":{\"@id\":\"https:\\\/\\\/clair.si\\\/hr\\\/izdelek\\\/dizgini-norton-pro-web\\\/#primaryimage\"},\"image\":{\"@id\":\"https:\\\/\\\/clair.si\\\/hr\\\/izdelek\\\/dizgini-norton-pro-web\\\/#primaryimage\"},\"thumbnailUrl\":\"https:\\\/\\\/clair.si\\\/wp-content\\\/uploads\\\/2023\\\/03\\\/web-norton-vajeti-jpg.webp\",\"datePublished\":\"2023-03-07T14:45:03+00:00\",\"dateModified\":\"2025-09-28T17:56:40+00:00\",\"description\":\"Dizgini Norton Pro Web - pletene uzde od tkanine, \u0161irine 16 mm s 5 grani\u010dnika i metalnim kop\u010dama.\",\"breadcrumb\":{\"@id\":\"https:\\\/\\\/clair.si\\\/hr\\\/izdelek\\\/dizgini-norton-pro-web\\\/#breadcrumb\"},\"inLanguage\":\"hr\",\"potentialAction\":[{\"@type\":\"ReadAction\",\"target\":[\"https:\\\/\\\/clair.si\\\/hr\\\/izdelek\\\/dizgini-norton-pro-web\\\/\"]}]},{\"@type\":\"ImageObject\",\"inLanguage\":\"hr\",\"@id\":\"https:\\\/\\\/clair.si\\\/hr\\\/izdelek\\\/dizgini-norton-pro-web\\\/#primaryimage\",\"url\":\"https:\\\/\\\/clair.si\\\/wp-content\\\/uploads\\\/2023\\\/03\\\/web-norton-vajeti-jpg.webp\",\"contentUrl\":\"https:\\\/\\\/clair.si\\\/wp-content\\\/uploads\\\/2023\\\/03\\\/web-norton-vajeti-jpg.webp\",\"width\":1300,\"height\":1300},{\"@type\":\"BreadcrumbList\",\"@id\":\"https:\\\/\\\/clair.si\\\/hr\\\/izdelek\\\/dizgini-norton-pro-web\\\/#breadcrumb\",\"itemListElement\":[{\"@type\":\"ListItem\",\"position\":1,\"name\":\"Home\",\"item\":\"https:\\\/\\\/clair.si\\\/hr\\\/\"},{\"@type\":\"ListItem\",\"position\":2,\"name\":\"Trgovina\",\"item\":\"https:\\\/\\\/clair.si\\\/trgovina\\\/\"},{\"@type\":\"ListItem\",\"position\":3,\"name\":\"Dizgini Norton Pro Web\"}]},{\"@type\":\"WebSite\",\"@id\":\"https:\\\/\\\/clair.si\\\/#website\",\"url\":\"https:\\\/\\\/clair.si\\\/\",\"name\":\"Clair\",\"description\":\"Trgovina s konjeni\u0161ko opremo\",\"publisher\":{\"@id\":\"https:\\\/\\\/clair.si\\\/#organization\"},\"potentialAction\":[{\"@type\":\"SearchAction\",\"target\":{\"@type\":\"EntryPoint\",\"urlTemplate\":\"https:\\\/\\\/clair.si\\\/?s={search_term_string}\"},\"query-input\":{\"@type\":\"PropertyValueSpecification\",\"valueRequired\":true,\"valueName\":\"search_term_string\"}}],\"inLanguage\":\"hr\"},{\"@type\":\"Organization\",\"@id\":\"https:\\\/\\\/clair.si\\\/#organization\",\"name\":\"Clair\",\"url\":\"https:\\\/\\\/clair.si\\\/\",\"logo\":{\"@type\":\"ImageObject\",\"inLanguage\":\"hr\",\"@id\":\"https:\\\/\\\/clair.si\\\/#\\\/schema\\\/logo\\\/image\\\/\",\"url\":\"https:\\\/\\\/clair.si\\\/wp-content\\\/uploads\\\/2022\\\/11\\\/clair_logo_2022.jpg\",\"contentUrl\":\"https:\\\/\\\/clair.si\\\/wp-content\\\/uploads\\\/2022\\\/11\\\/clair_logo_2022.jpg\",\"width\":1920,\"height\":1920,\"caption\":\"Clair\"},\"image\":{\"@id\":\"https:\\\/\\\/clair.si\\\/#\\\/schema\\\/logo\\\/image\\\/\"},\"sameAs\":[\"https:\\\/\\\/www.facebook.com\\\/TrgovinaClair\\\/\"]}]}<\/script>\n<!-- \/ Yoast SEO plugin. -->","yoast_head_json":{"title":"Dizgini Norton Pro Web - Clair","description":"Dizgini Norton Pro Web - pletene uzde od tkanine, \u0161irine 16 mm s 5 grani\u010dnika i metalnim kop\u010dama.","robots":{"index":"index","follow":"follow","max-snippet":"max-snippet:-1","max-image-preview":"max-image-preview:large","max-video-preview":"max-video-preview:-1"},"canonical":"https:\/\/clair.si\/hr\/izdelek\/dizgini-norton-pro-web\/","og_locale":"hr_HR","og_type":"article","og_title":"Dizgini Norton Pro Web - Clair","og_description":"Dizgini Norton Pro Web - pletene uzde od tkanine, \u0161irine 16 mm s 5 grani\u010dnika i metalnim kop\u010dama.","og_url":"https:\/\/clair.si\/hr\/izdelek\/dizgini-norton-pro-web\/","og_site_name":"Clair","article_publisher":"https:\/\/www.facebook.com\/TrgovinaClair\/","article_modified_time":"2025-09-28T17:56:40+00:00","og_image":[{"width":1300,"height":1300,"url":"https:\/\/clair.si\/wp-content\/uploads\/2023\/03\/web-norton-vajeti-jpg.webp","type":"image\/jpeg"}],"twitter_card":"summary_large_image","twitter_misc":{"Procijenjeno vrijeme \u010ditanja":"1 minuta"},"schema":{"@context":"https:\/\/schema.org","@graph":[{"@type":"WebPage","@id":"https:\/\/clair.si\/hr\/izdelek\/dizgini-norton-pro-web\/","url":"https:\/\/clair.si\/hr\/izdelek\/dizgini-norton-pro-web\/","name":"Dizgini Norton Pro Web - Clair","isPartOf":{"@id":"https:\/\/clair.si\/#website"},"primaryImageOfPage":{"@id":"https:\/\/clair.si\/hr\/izdelek\/dizgini-norton-pro-web\/#primaryimage"},"image":{"@id":"https:\/\/clair.si\/hr\/izdelek\/dizgini-norton-pro-web\/#primaryimage"},"thumbnailUrl":"https:\/\/clair.si\/wp-content\/uploads\/2023\/03\/web-norton-vajeti-jpg.webp","datePublished":"2023-03-07T14:45:03+00:00","dateModified":"2025-09-28T17:56:40+00:00","description":"Dizgini Norton Pro Web - pletene uzde od tkanine, \u0161irine 16 mm s 5 grani\u010dnika i metalnim kop\u010dama.","breadcrumb":{"@id":"https:\/\/clair.si\/hr\/izdelek\/dizgini-norton-pro-web\/#breadcrumb"},"inLanguage":"hr","potentialAction":[{"@type":"ReadAction","target":["https:\/\/clair.si\/hr\/izdelek\/dizgini-norton-pro-web\/"]}]},{"@type":"ImageObject","inLanguage":"hr","@id":"https:\/\/clair.si\/hr\/izdelek\/dizgini-norton-pro-web\/#primaryimage","url":"https:\/\/clair.si\/wp-content\/uploads\/2023\/03\/web-norton-vajeti-jpg.webp","contentUrl":"https:\/\/clair.si\/wp-content\/uploads\/2023\/03\/web-norton-vajeti-jpg.webp","width":1300,"height":1300},{"@type":"BreadcrumbList","@id":"https:\/\/clair.si\/hr\/izdelek\/dizgini-norton-pro-web\/#breadcrumb","itemListElement":[{"@type":"ListItem","position":1,"name":"Home","item":"https:\/\/clair.si\/hr\/"},{"@type":"ListItem","position":2,"name":"Trgovina","item":"https:\/\/clair.si\/trgovina\/"},{"@type":"ListItem","position":3,"name":"Dizgini Norton Pro Web"}]},{"@type":"WebSite","@id":"https:\/\/clair.si\/#website","url":"https:\/\/clair.si\/","name":"Clair","description":"Trgovina s konjeni\u0161ko opremo","publisher":{"@id":"https:\/\/clair.si\/#organization"},"potentialAction":[{"@type":"SearchAction","target":{"@type":"EntryPoint","urlTemplate":"https:\/\/clair.si\/?s={search_term_string}"},"query-input":{"@type":"PropertyValueSpecification","valueRequired":true,"valueName":"search_term_string"}}],"inLanguage":"hr"},{"@type":"Organization","@id":"https:\/\/clair.si\/#organization","name":"Clair","url":"https:\/\/clair.si\/","logo":{"@type":"ImageObject","inLanguage":"hr","@id":"https:\/\/clair.si\/#\/schema\/logo\/image\/","url":"https:\/\/clair.si\/wp-content\/uploads\/2022\/11\/clair_logo_2022.jpg","contentUrl":"https:\/\/clair.si\/wp-content\/uploads\/2022\/11\/clair_logo_2022.jpg","width":1920,"height":1920,"caption":"Clair"},"image":{"@id":"https:\/\/clair.si\/#\/schema\/logo\/image\/"},"sameAs":["https:\/\/www.facebook.com\/TrgovinaClair\/"]}]}},"_links":{"self":[{"href":"https:\/\/clair.si\/hr\/wp-json\/wp\/v2\/product\/99029","targetHints":{"allow":["GET"]}}],"collection":[{"href":"https:\/\/clair.si\/hr\/wp-json\/wp\/v2\/product"}],"about":[{"href":"https:\/\/clair.si\/hr\/wp-json\/wp\/v2\/types\/product"}],"version-history":[{"count":2,"href":"https:\/\/clair.si\/hr\/wp-json\/wp\/v2\/product\/99029\/revisions"}],"predecessor-version":[{"id":115205,"href":"https:\/\/clair.si\/hr\/wp-json\/wp\/v2\/product\/99029\/revisions\/115205"}],"wp:featuredmedia":[{"embeddable":true,"href":"https:\/\/clair.si\/hr\/wp-json\/wp\/v2\/media\/99033"}],"wp:attachment":[{"href":"https:\/\/clair.si\/hr\/wp-json\/wp\/v2\/media?parent=99029"}],"wp:term":[{"taxonomy":"product_brand","embeddable":true,"href":"https:\/\/clair.si\/hr\/wp-json\/wp\/v2\/product_brand?post=99029"},{"taxonomy":"product_cat","embeddable":true,"href":"https:\/\/clair.si\/hr\/wp-json\/wp\/v2\/product_cat?post=99029"},{"taxonomy":"product_tag","embeddable":true,"href":"https:\/\/clair.si\/hr\/wp-json\/wp\/v2\/product_tag?post=99029"}],"curies":[{"name":"wp","href":"https:\/\/api.w.org\/{rel}","templated":true}]}}