{"id":99114,"date":"2023-03-09T17:08:12","date_gmt":"2023-03-09T16:08:12","guid":{"rendered":"https:\/\/clair.si\/izdelek\/uzda-kavalkade-cortica-vegan\/"},"modified":"2025-09-30T13:56:21","modified_gmt":"2025-09-30T11:56:21","slug":"uzda-kavalkade-cortica-vegan","status":"publish","type":"product","link":"https:\/\/clair.si\/hr\/izdelek\/uzda-kavalkade-cortica-vegan\/","title":{"rendered":"Uzda Kavalkade Cortica Vegan"},"content":{"rendered":"<p><strong>Uzda Kavalkade Cortica Vegan &#8211; v<\/strong><span class=\"HwtZe\" lang=\"sl\"><span class=\"jCAhz ChMk0b\"><span class=\"ryNqvb\"><strong>eganska, odr\u017eiva i jedinstvena.<\/strong> <strong>Uzda &#8220;Cortica&#8221; od pluta.<\/strong><\/span><\/span> <\/span> <\/p>\n<p><span class=\"HwtZe\" lang=\"sl\"><span class=\"jCAhz ChMk0b\"><span class=\"ryNqvb\">Proizvodi od pluta se ve\u0107 dugo koriste izvan konji\u010dkog sporta <strong>kao odr\u017eiva alternativa ko\u017ei.<\/strong><\/span><\/span> <span class=\"jCAhz ChMk0b\"><span class=\"ryNqvb\">U konji\u010dkom sportu, me\u0111utim, nisu ba\u0161 \u010desti.<\/span><\/span> <span class=\"jCAhz ChMk0b\"><span class=\"ryNqvb\">Kao jedno od rijetkih poduze\u0107a, Kavalkade sada nudi veganske proizvode za jahanje od pluta.<\/span><\/span> <span class=\"jCAhz ChMk0b\"><span class=\"ryNqvb\">\u017dele ostaviti odr\u017eivi otisak i ljubiteljima konja ponuditi odli\u010dnu alternativu ko\u017ei.<\/span><\/span> <span class=\"jCAhz ChMk0b\"><span class=\"ryNqvb\">Proizvode su razvijali gotovo dvije godine i mijenjali ih i prilago\u0111avali uvijek iznova.<\/span><\/span> <span class=\"jCAhz ChMk0b\"><span class=\"ryNqvb\">Rezultat toga je <strong>odr\u017eiva i veganska kolekcija &#8220;Cortica&#8221;, koju \u010dine uzde, vodilice, poprsnici, \u010deonici, \u010dizme, gama\u0161e i trake za ostroge.<\/strong><\/span><\/span> <\/span><\/p>\n<p><span class=\"HwtZe\" lang=\"sl\"><span class=\"jCAhz ChMk0b\"><span class=\"ryNqvb\"><strong>Uzda Kavalkade Cortica Vegan<\/strong> <strong>ima engleski kombinirani nosnik s anatomskim naglavnim dijelom<\/strong>.<\/span><\/span> <span class=\"jCAhz ChMk0b\"><span class=\"ryNqvb\">Potonji i nosnik su mekano podlo\u017eeni.<\/span><\/span> <span class=\"jCAhz ChMk0b\"><span class=\"ryNqvb\">Uzda je podesiva s obje strane.<\/span><\/span> <span class=\"jCAhz ChMk0b\"><span class=\"ryNqvb\">Sjajan \u010deonik i uska be\u017e traka du\u017e nosnika odli\u010dno privla\u010de poglede.<\/span><\/span> <\/span><\/p>\n<ul>\n<li><span class=\"HwtZe\" lang=\"sl\"><span class=\"jCAhz ChMk0b\"><span class=\"ryNqvb\">  veganska uzda &#8220;Cortica&#8221; od pluta (bez vodilica)<\/span><\/span> <\/span><\/li>\n<li><span class=\"HwtZe\" lang=\"sl\"><span class=\"jCAhz ChMk0b\"><span class=\"ryNqvb\">  odr\u017eivo, jedinstveno i jednostavno za njegu<\/span><\/span> <\/span><\/li>\n<\/ul>\n<p><span class=\"HwtZe\" lang=\"sl\"><strong> <span class=\"jCAhz ChMk0b\"><span class=\"ryNqvb\">Pluto &#8211; veganska ko\u017ea<\/span><\/span>:<\/strong> <span class=\"jCAhz ChMk0b\"><span class=\"ryNqvb\"> kora hrasta plutnjaka je obnovljiva i biorazgradiva.<\/span><\/span> <span class=\"jCAhz ChMk0b\"><span class=\"ryNqvb\">Hrast plutnjak mo\u017ee \u017eivjeti vi\u0161e od 300 godina i ru\u010dno ga gulimo otprilike svakih 12 godina tijekom njegova \u017eivota.<\/span><\/span> <span class=\"jCAhz ChMk0b\"><span class=\"ryNqvb\">Zbog toga je stablo otpornije i osigurava dugotrajne \u0161ume hrasta plutnjaka, koje \u0161tite od erozije tla i ve\u017eu vi\u0161estruku koli\u010dinu CO2 u usporedbi s drugim stablima.<\/span><\/span> <span class=\"jCAhz ChMk0b\"><span class=\"ryNqvb\">Velik udio hrastova plutnjaka raste u Portugalu, gdje predstavljaju vrlo va\u017ean ekosustav za brojne rijetke \u017eivotinje.<\/span><\/span> <strong><span class=\"jCAhz ChMk0b\"><span class=\"ryNqvb\">Izdr\u017eljiv i jedinstven<\/span><\/span> <span class=\"jCAhz ChMk0b\"><span class=\"ryNqvb\">materijal, koji se naziva i ko\u017ea od pluta, vrlo je otporan na trganje, izdr\u017eljiv i vodoodbojan.<\/span><\/span> <\/strong> <\/span><\/p>\n<p><span class=\"HwtZe\" lang=\"sl\"> <span class=\"jCAhz ChMk0b\"><span class=\"ryNqvb\">Proizvode od pluta njegujemo samo tako da ih lagano obri\u0161emo vla\u017enom krpom ili spu\u017evom.<\/span><\/span><\/span><\/p>\n","protected":false},"excerpt":{"rendered":"<p><img loading=\"lazy\" decoding=\"async\" class=\"alignnone size-full wp-image-13181\" src=\"https:\/\/clair.si\/wp-content\/uploads\/2022\/09\/vegan.webp\" alt=\"\" width=\"100\" height=\"100\"><\/p>\n","protected":false},"featured_media":99116,"template":"","meta":{"footnotes":""},"product_brand":[],"product_cat":[6483,5744,5624,5843,5697],"product_tag":[],"class_list":{"0":"post-99114","1":"product","2":"type-product","3":"status-publish","4":"has-post-thumbnail","6":"product_cat-kavalkade-vegan-hr","7":"product_cat-kolekcije-hr","8":"product_cat-konj-hr","9":"product_cat-uzde","10":"product_cat-uzde-i-dizgini","12":"first","13":"instock","14":"sale","15":"shipping-taxable","16":"purchasable","17":"product-type-variable"},"yoast_head":"<!-- This site is optimized with the Yoast SEO plugin v27.4 - https:\/\/yoast.com\/product\/yoast-seo-wordpress\/ -->\n<title>Uzda Kavalkade Cortica Vegan - Clair<\/title>\n<meta name=\"description\" content=\"Uzda Kavalkade Cortica Vegan - veganska, odr\u017eiva i jedinstvena. Uzda &quot;Cortica&quot; od pluta. Pogledajte cijelu kolekciju Kavalkade Cortica Vegan!\" \/>\n<meta name=\"robots\" content=\"index, follow, max-snippet:-1, max-image-preview:large, max-video-preview:-1\" \/>\n<link rel=\"canonical\" href=\"https:\/\/clair.si\/hr\/izdelek\/uzda-kavalkade-cortica-vegan\/\" \/>\n<meta property=\"og:locale\" content=\"hr_HR\" \/>\n<meta property=\"og:type\" content=\"article\" \/>\n<meta property=\"og:title\" content=\"Uzda Kavalkade Cortica Vegan - Clair\" \/>\n<meta property=\"og:description\" content=\"Uzda Kavalkade Cortica Vegan - veganska, odr\u017eiva i jedinstvena. Uzda &quot;Cortica&quot; od pluta. Pogledajte cijelu kolekciju Kavalkade Cortica Vegan!\" \/>\n<meta property=\"og:url\" content=\"https:\/\/clair.si\/hr\/izdelek\/uzda-kavalkade-cortica-vegan\/\" \/>\n<meta property=\"og:site_name\" content=\"Clair\" \/>\n<meta property=\"article:publisher\" content=\"https:\/\/www.facebook.com\/TrgovinaClair\/\" \/>\n<meta property=\"article:modified_time\" content=\"2025-09-30T11:56:21+00:00\" \/>\n<meta property=\"og:image\" content=\"https:\/\/clair.si\/wp-content\/uploads\/2023\/03\/19049_kavalkade-cortica-vegan-uzda-jahalna-iz-plute-kavalkade-jpg.webp\" \/>\n\t<meta property=\"og:image:width\" content=\"725\" \/>\n\t<meta property=\"og:image:height\" content=\"725\" \/>\n\t<meta property=\"og:image:type\" content=\"image\/jpeg\" \/>\n<meta name=\"twitter:card\" content=\"summary_large_image\" \/>\n<meta name=\"twitter:label1\" content=\"Procijenjeno vrijeme \u010ditanja\" \/>\n\t<meta name=\"twitter:data1\" content=\"1 minuta\" \/>\n<script type=\"application\/ld+json\" class=\"yoast-schema-graph\">{\"@context\":\"https:\\\/\\\/schema.org\",\"@graph\":[{\"@type\":\"WebPage\",\"@id\":\"https:\\\/\\\/clair.si\\\/hr\\\/izdelek\\\/uzda-kavalkade-cortica-vegan\\\/\",\"url\":\"https:\\\/\\\/clair.si\\\/hr\\\/izdelek\\\/uzda-kavalkade-cortica-vegan\\\/\",\"name\":\"Uzda Kavalkade Cortica Vegan - Clair\",\"isPartOf\":{\"@id\":\"https:\\\/\\\/clair.si\\\/#website\"},\"primaryImageOfPage\":{\"@id\":\"https:\\\/\\\/clair.si\\\/hr\\\/izdelek\\\/uzda-kavalkade-cortica-vegan\\\/#primaryimage\"},\"image\":{\"@id\":\"https:\\\/\\\/clair.si\\\/hr\\\/izdelek\\\/uzda-kavalkade-cortica-vegan\\\/#primaryimage\"},\"thumbnailUrl\":\"https:\\\/\\\/clair.si\\\/wp-content\\\/uploads\\\/2023\\\/03\\\/19049_kavalkade-cortica-vegan-uzda-jahalna-iz-plute-kavalkade-jpg.webp\",\"datePublished\":\"2023-03-09T16:08:12+00:00\",\"dateModified\":\"2025-09-30T11:56:21+00:00\",\"description\":\"Uzda Kavalkade Cortica Vegan - veganska, odr\u017eiva i jedinstvena. Uzda \\\"Cortica\\\" od pluta. Pogledajte cijelu kolekciju Kavalkade Cortica Vegan!\",\"breadcrumb\":{\"@id\":\"https:\\\/\\\/clair.si\\\/hr\\\/izdelek\\\/uzda-kavalkade-cortica-vegan\\\/#breadcrumb\"},\"inLanguage\":\"hr\",\"potentialAction\":[{\"@type\":\"ReadAction\",\"target\":[\"https:\\\/\\\/clair.si\\\/hr\\\/izdelek\\\/uzda-kavalkade-cortica-vegan\\\/\"]}]},{\"@type\":\"ImageObject\",\"inLanguage\":\"hr\",\"@id\":\"https:\\\/\\\/clair.si\\\/hr\\\/izdelek\\\/uzda-kavalkade-cortica-vegan\\\/#primaryimage\",\"url\":\"https:\\\/\\\/clair.si\\\/wp-content\\\/uploads\\\/2023\\\/03\\\/19049_kavalkade-cortica-vegan-uzda-jahalna-iz-plute-kavalkade-jpg.webp\",\"contentUrl\":\"https:\\\/\\\/clair.si\\\/wp-content\\\/uploads\\\/2023\\\/03\\\/19049_kavalkade-cortica-vegan-uzda-jahalna-iz-plute-kavalkade-jpg.webp\",\"width\":725,\"height\":725},{\"@type\":\"BreadcrumbList\",\"@id\":\"https:\\\/\\\/clair.si\\\/hr\\\/izdelek\\\/uzda-kavalkade-cortica-vegan\\\/#breadcrumb\",\"itemListElement\":[{\"@type\":\"ListItem\",\"position\":1,\"name\":\"Home\",\"item\":\"https:\\\/\\\/clair.si\\\/hr\\\/\"},{\"@type\":\"ListItem\",\"position\":2,\"name\":\"Trgovina\",\"item\":\"https:\\\/\\\/clair.si\\\/trgovina\\\/\"},{\"@type\":\"ListItem\",\"position\":3,\"name\":\"Uzda Kavalkade Cortica Vegan\"}]},{\"@type\":\"WebSite\",\"@id\":\"https:\\\/\\\/clair.si\\\/#website\",\"url\":\"https:\\\/\\\/clair.si\\\/\",\"name\":\"Clair\",\"description\":\"Trgovina s konjeni\u0161ko opremo\",\"publisher\":{\"@id\":\"https:\\\/\\\/clair.si\\\/#organization\"},\"potentialAction\":[{\"@type\":\"SearchAction\",\"target\":{\"@type\":\"EntryPoint\",\"urlTemplate\":\"https:\\\/\\\/clair.si\\\/?s={search_term_string}\"},\"query-input\":{\"@type\":\"PropertyValueSpecification\",\"valueRequired\":true,\"valueName\":\"search_term_string\"}}],\"inLanguage\":\"hr\"},{\"@type\":\"Organization\",\"@id\":\"https:\\\/\\\/clair.si\\\/#organization\",\"name\":\"Clair\",\"url\":\"https:\\\/\\\/clair.si\\\/\",\"logo\":{\"@type\":\"ImageObject\",\"inLanguage\":\"hr\",\"@id\":\"https:\\\/\\\/clair.si\\\/#\\\/schema\\\/logo\\\/image\\\/\",\"url\":\"https:\\\/\\\/clair.si\\\/wp-content\\\/uploads\\\/2022\\\/11\\\/clair_logo_2022.jpg\",\"contentUrl\":\"https:\\\/\\\/clair.si\\\/wp-content\\\/uploads\\\/2022\\\/11\\\/clair_logo_2022.jpg\",\"width\":1920,\"height\":1920,\"caption\":\"Clair\"},\"image\":{\"@id\":\"https:\\\/\\\/clair.si\\\/#\\\/schema\\\/logo\\\/image\\\/\"},\"sameAs\":[\"https:\\\/\\\/www.facebook.com\\\/TrgovinaClair\\\/\"]}]}<\/script>\n<!-- \/ Yoast SEO plugin. -->","yoast_head_json":{"title":"Uzda Kavalkade Cortica Vegan - Clair","description":"Uzda Kavalkade Cortica Vegan - veganska, odr\u017eiva i jedinstvena. Uzda \"Cortica\" od pluta. Pogledajte cijelu kolekciju Kavalkade Cortica Vegan!","robots":{"index":"index","follow":"follow","max-snippet":"max-snippet:-1","max-image-preview":"max-image-preview:large","max-video-preview":"max-video-preview:-1"},"canonical":"https:\/\/clair.si\/hr\/izdelek\/uzda-kavalkade-cortica-vegan\/","og_locale":"hr_HR","og_type":"article","og_title":"Uzda Kavalkade Cortica Vegan - Clair","og_description":"Uzda Kavalkade Cortica Vegan - veganska, odr\u017eiva i jedinstvena. Uzda \"Cortica\" od pluta. Pogledajte cijelu kolekciju Kavalkade Cortica Vegan!","og_url":"https:\/\/clair.si\/hr\/izdelek\/uzda-kavalkade-cortica-vegan\/","og_site_name":"Clair","article_publisher":"https:\/\/www.facebook.com\/TrgovinaClair\/","article_modified_time":"2025-09-30T11:56:21+00:00","og_image":[{"width":725,"height":725,"url":"https:\/\/clair.si\/wp-content\/uploads\/2023\/03\/19049_kavalkade-cortica-vegan-uzda-jahalna-iz-plute-kavalkade-jpg.webp","type":"image\/jpeg"}],"twitter_card":"summary_large_image","twitter_misc":{"Procijenjeno vrijeme \u010ditanja":"1 minuta"},"schema":{"@context":"https:\/\/schema.org","@graph":[{"@type":"WebPage","@id":"https:\/\/clair.si\/hr\/izdelek\/uzda-kavalkade-cortica-vegan\/","url":"https:\/\/clair.si\/hr\/izdelek\/uzda-kavalkade-cortica-vegan\/","name":"Uzda Kavalkade Cortica Vegan - Clair","isPartOf":{"@id":"https:\/\/clair.si\/#website"},"primaryImageOfPage":{"@id":"https:\/\/clair.si\/hr\/izdelek\/uzda-kavalkade-cortica-vegan\/#primaryimage"},"image":{"@id":"https:\/\/clair.si\/hr\/izdelek\/uzda-kavalkade-cortica-vegan\/#primaryimage"},"thumbnailUrl":"https:\/\/clair.si\/wp-content\/uploads\/2023\/03\/19049_kavalkade-cortica-vegan-uzda-jahalna-iz-plute-kavalkade-jpg.webp","datePublished":"2023-03-09T16:08:12+00:00","dateModified":"2025-09-30T11:56:21+00:00","description":"Uzda Kavalkade Cortica Vegan - veganska, odr\u017eiva i jedinstvena. Uzda \"Cortica\" od pluta. Pogledajte cijelu kolekciju Kavalkade Cortica Vegan!","breadcrumb":{"@id":"https:\/\/clair.si\/hr\/izdelek\/uzda-kavalkade-cortica-vegan\/#breadcrumb"},"inLanguage":"hr","potentialAction":[{"@type":"ReadAction","target":["https:\/\/clair.si\/hr\/izdelek\/uzda-kavalkade-cortica-vegan\/"]}]},{"@type":"ImageObject","inLanguage":"hr","@id":"https:\/\/clair.si\/hr\/izdelek\/uzda-kavalkade-cortica-vegan\/#primaryimage","url":"https:\/\/clair.si\/wp-content\/uploads\/2023\/03\/19049_kavalkade-cortica-vegan-uzda-jahalna-iz-plute-kavalkade-jpg.webp","contentUrl":"https:\/\/clair.si\/wp-content\/uploads\/2023\/03\/19049_kavalkade-cortica-vegan-uzda-jahalna-iz-plute-kavalkade-jpg.webp","width":725,"height":725},{"@type":"BreadcrumbList","@id":"https:\/\/clair.si\/hr\/izdelek\/uzda-kavalkade-cortica-vegan\/#breadcrumb","itemListElement":[{"@type":"ListItem","position":1,"name":"Home","item":"https:\/\/clair.si\/hr\/"},{"@type":"ListItem","position":2,"name":"Trgovina","item":"https:\/\/clair.si\/trgovina\/"},{"@type":"ListItem","position":3,"name":"Uzda Kavalkade Cortica Vegan"}]},{"@type":"WebSite","@id":"https:\/\/clair.si\/#website","url":"https:\/\/clair.si\/","name":"Clair","description":"Trgovina s konjeni\u0161ko opremo","publisher":{"@id":"https:\/\/clair.si\/#organization"},"potentialAction":[{"@type":"SearchAction","target":{"@type":"EntryPoint","urlTemplate":"https:\/\/clair.si\/?s={search_term_string}"},"query-input":{"@type":"PropertyValueSpecification","valueRequired":true,"valueName":"search_term_string"}}],"inLanguage":"hr"},{"@type":"Organization","@id":"https:\/\/clair.si\/#organization","name":"Clair","url":"https:\/\/clair.si\/","logo":{"@type":"ImageObject","inLanguage":"hr","@id":"https:\/\/clair.si\/#\/schema\/logo\/image\/","url":"https:\/\/clair.si\/wp-content\/uploads\/2022\/11\/clair_logo_2022.jpg","contentUrl":"https:\/\/clair.si\/wp-content\/uploads\/2022\/11\/clair_logo_2022.jpg","width":1920,"height":1920,"caption":"Clair"},"image":{"@id":"https:\/\/clair.si\/#\/schema\/logo\/image\/"},"sameAs":["https:\/\/www.facebook.com\/TrgovinaClair\/"]}]}},"_links":{"self":[{"href":"https:\/\/clair.si\/hr\/wp-json\/wp\/v2\/product\/99114","targetHints":{"allow":["GET"]}}],"collection":[{"href":"https:\/\/clair.si\/hr\/wp-json\/wp\/v2\/product"}],"about":[{"href":"https:\/\/clair.si\/hr\/wp-json\/wp\/v2\/types\/product"}],"version-history":[{"count":0,"href":"https:\/\/clair.si\/hr\/wp-json\/wp\/v2\/product\/99114\/revisions"}],"wp:featuredmedia":[{"embeddable":true,"href":"https:\/\/clair.si\/hr\/wp-json\/wp\/v2\/media\/99116"}],"wp:attachment":[{"href":"https:\/\/clair.si\/hr\/wp-json\/wp\/v2\/media?parent=99114"}],"wp:term":[{"taxonomy":"product_brand","embeddable":true,"href":"https:\/\/clair.si\/hr\/wp-json\/wp\/v2\/product_brand?post=99114"},{"taxonomy":"product_cat","embeddable":true,"href":"https:\/\/clair.si\/hr\/wp-json\/wp\/v2\/product_cat?post=99114"},{"taxonomy":"product_tag","embeddable":true,"href":"https:\/\/clair.si\/hr\/wp-json\/wp\/v2\/product_tag?post=99114"}],"curies":[{"name":"wp","href":"https:\/\/api.w.org\/{rel}","templated":true}]}}