{"id":99134,"date":"2023-02-23T14:22:37","date_gmt":"2023-02-23T13:22:37","guid":{"rendered":"https:\/\/clair.si\/izdelek\/zastita-za-trbuh-konja-belly-spur-band\/"},"modified":"2025-08-27T17:54:17","modified_gmt":"2025-08-27T15:54:17","slug":"zastita-za-trbuh-konja-belly-spur-band","status":"publish","type":"product","link":"https:\/\/clair.si\/hr\/izdelek\/zastita-za-trbuh-konja-belly-spur-band\/","title":{"rendered":"Za\u0161tita za konjski trbuh Belly Spur Band"},"content":{"rendered":"<p><strong>Za\u0161tita za konjski trbuh Belly Spur Band<\/strong> &#8211;  <span class=\"HwtZe\" lang=\"sl\"><span class=\"jCAhz ChMk0b\"><span class=\"ryNqvb\">Mekana, udobna i prozra\u010dna za\u0161tita koja <strong>poma\u017ee za\u0161tititi konja od trljanja ili ozljeda pri kori\u0161tenju ostruga<\/strong>.<\/span><\/span> <span class=\"jCAhz ChMk0b\"><span class=\"ryNqvb\">Ovaj elasti\u010dni povoj je jednostavan za pri\u010dvr\u0161\u0107ivanje zahvaljuju\u0107i Velcro \u010di\u010dcima. \u0160irina za\u0161titnog pojasa Belly Band je 26 cm. Dostupan je u tri veli\u010dine:  <\/span><\/span> <\/span><\/p>\n<ul>\n<li>veli\u010dina S &#8211; 180 do 199 cm<\/li>\n<li>veli\u010dina M &#8211; 200 do 219 cm<\/li>\n<li>veli\u010dina L &#8211; 220 do 249 cm<\/li>\n<\/ul>\n<p><span class=\"HwtZe\" lang=\"sl\"><span class=\"jCAhz ChMk0b\"><span class=\"ryNqvb\">Sastav: 1680 D tkanina EVO s vrhunskom za\u0161titom od trljanja, trake od PP<\/span><\/span><\/span><\/p>\n","protected":false},"excerpt":{"rendered":"<p>Za\u0161tita za konjski trbuh Belly Spur Band &#8211; Mekana, udobna i prozra\u010dna za\u0161tita koja poma\u017ee za\u0161tititi konja od trljanja ili<\/p>\n","protected":false},"featured_media":99137,"template":"","meta":{"footnotes":""},"product_brand":[],"product_cat":[5654,5657,5797,5670,5773],"product_tag":[],"class_list":{"0":"post-99134","1":"product","2":"type-product","3":"status-publish","4":"has-post-thumbnail","6":"product_cat-jahac-hr","7":"product_cat-kategorije-hr","8":"product_cat-mamuze","9":"product_cat-natjecanja","10":"product_cat-zastitnici-i-bandaze","12":"first","13":"instock","14":"shipping-taxable","15":"purchasable","16":"product-type-variable"},"yoast_head":"<!-- This site is optimized with the Yoast SEO plugin v27.3 - https:\/\/yoast.com\/product\/yoast-seo-wordpress\/ -->\n<title>Za\u0161tita za konjski trbuh Belly Spur Band - Clair<\/title>\n<meta name=\"description\" content=\"Za\u0161tita za konjski trbuh Belly Spur Band - Mekana, udobna i prozra\u010dna za\u0161tita koja poma\u017ee za\u0161tititi konja od trljanja ili ozljeda pri kori\u0161tenju ostruga.\" \/>\n<meta name=\"robots\" content=\"index, follow, max-snippet:-1, max-image-preview:large, max-video-preview:-1\" \/>\n<link rel=\"canonical\" href=\"https:\/\/clair.si\/hr\/izdelek\/zastita-za-trbuh-konja-belly-spur-band\/\" \/>\n<meta property=\"og:locale\" content=\"hr_HR\" \/>\n<meta property=\"og:type\" content=\"article\" \/>\n<meta property=\"og:title\" content=\"Za\u0161tita za konjski trbuh Belly Spur Band - Clair\" \/>\n<meta property=\"og:description\" content=\"Za\u0161tita za konjski trbuh Belly Spur Band - Mekana, udobna i prozra\u010dna za\u0161tita koja poma\u017ee za\u0161tititi konja od trljanja ili ozljeda pri kori\u0161tenju ostruga.\" \/>\n<meta property=\"og:url\" content=\"https:\/\/clair.si\/hr\/izdelek\/zastita-za-trbuh-konja-belly-spur-band\/\" \/>\n<meta property=\"og:site_name\" content=\"Clair\" \/>\n<meta property=\"article:publisher\" content=\"https:\/\/www.facebook.com\/TrgovinaClair\/\" \/>\n<meta property=\"article:modified_time\" content=\"2025-08-27T15:54:17+00:00\" \/>\n<meta property=\"og:image\" content=\"https:\/\/clair.si\/wp-content\/uploads\/2023\/02\/belly-band-norton-pas-za-zascito-pred-ostrogami-2.jpg\" \/>\n\t<meta property=\"og:image:width\" content=\"800\" \/>\n\t<meta property=\"og:image:height\" content=\"800\" \/>\n\t<meta property=\"og:image:type\" content=\"image\/jpeg\" \/>\n<meta name=\"twitter:card\" content=\"summary_large_image\" \/>\n<script type=\"application\/ld+json\" class=\"yoast-schema-graph\">{\"@context\":\"https:\\\/\\\/schema.org\",\"@graph\":[{\"@type\":\"WebPage\",\"@id\":\"https:\\\/\\\/clair.si\\\/hr\\\/izdelek\\\/zastita-za-trbuh-konja-belly-spur-band\\\/\",\"url\":\"https:\\\/\\\/clair.si\\\/hr\\\/izdelek\\\/zastita-za-trbuh-konja-belly-spur-band\\\/\",\"name\":\"Za\u0161tita za konjski trbuh Belly Spur Band - Clair\",\"isPartOf\":{\"@id\":\"https:\\\/\\\/clair.si\\\/#website\"},\"primaryImageOfPage\":{\"@id\":\"https:\\\/\\\/clair.si\\\/hr\\\/izdelek\\\/zastita-za-trbuh-konja-belly-spur-band\\\/#primaryimage\"},\"image\":{\"@id\":\"https:\\\/\\\/clair.si\\\/hr\\\/izdelek\\\/zastita-za-trbuh-konja-belly-spur-band\\\/#primaryimage\"},\"thumbnailUrl\":\"https:\\\/\\\/clair.si\\\/wp-content\\\/uploads\\\/2023\\\/02\\\/belly-band-norton-pas-za-zascito-pred-ostrogami-2.webp\",\"datePublished\":\"2023-02-23T13:22:37+00:00\",\"dateModified\":\"2025-08-27T15:54:17+00:00\",\"description\":\"Za\u0161tita za konjski trbuh Belly Spur Band - Mekana, udobna i prozra\u010dna za\u0161tita koja poma\u017ee za\u0161tititi konja od trljanja ili ozljeda pri kori\u0161tenju ostruga.\",\"breadcrumb\":{\"@id\":\"https:\\\/\\\/clair.si\\\/hr\\\/izdelek\\\/zastita-za-trbuh-konja-belly-spur-band\\\/#breadcrumb\"},\"inLanguage\":\"hr\",\"potentialAction\":[{\"@type\":\"ReadAction\",\"target\":[\"https:\\\/\\\/clair.si\\\/hr\\\/izdelek\\\/zastita-za-trbuh-konja-belly-spur-band\\\/\"]}]},{\"@type\":\"ImageObject\",\"inLanguage\":\"hr\",\"@id\":\"https:\\\/\\\/clair.si\\\/hr\\\/izdelek\\\/zastita-za-trbuh-konja-belly-spur-band\\\/#primaryimage\",\"url\":\"https:\\\/\\\/clair.si\\\/wp-content\\\/uploads\\\/2023\\\/02\\\/belly-band-norton-pas-za-zascito-pred-ostrogami-2.webp\",\"contentUrl\":\"https:\\\/\\\/clair.si\\\/wp-content\\\/uploads\\\/2023\\\/02\\\/belly-band-norton-pas-za-zascito-pred-ostrogami-2.webp\",\"width\":800,\"height\":800},{\"@type\":\"BreadcrumbList\",\"@id\":\"https:\\\/\\\/clair.si\\\/hr\\\/izdelek\\\/zastita-za-trbuh-konja-belly-spur-band\\\/#breadcrumb\",\"itemListElement\":[{\"@type\":\"ListItem\",\"position\":1,\"name\":\"Home\",\"item\":\"https:\\\/\\\/clair.si\\\/hr\\\/\"},{\"@type\":\"ListItem\",\"position\":2,\"name\":\"Trgovina\",\"item\":\"https:\\\/\\\/clair.si\\\/trgovina\\\/\"},{\"@type\":\"ListItem\",\"position\":3,\"name\":\"Za\u0161tita za konjski trbuh Belly Spur Band\"}]},{\"@type\":\"WebSite\",\"@id\":\"https:\\\/\\\/clair.si\\\/#website\",\"url\":\"https:\\\/\\\/clair.si\\\/\",\"name\":\"Clair\",\"description\":\"Trgovina s konjeni\u0161ko opremo\",\"publisher\":{\"@id\":\"https:\\\/\\\/clair.si\\\/#organization\"},\"potentialAction\":[{\"@type\":\"SearchAction\",\"target\":{\"@type\":\"EntryPoint\",\"urlTemplate\":\"https:\\\/\\\/clair.si\\\/?s={search_term_string}\"},\"query-input\":{\"@type\":\"PropertyValueSpecification\",\"valueRequired\":true,\"valueName\":\"search_term_string\"}}],\"inLanguage\":\"hr\"},{\"@type\":\"Organization\",\"@id\":\"https:\\\/\\\/clair.si\\\/#organization\",\"name\":\"Clair\",\"url\":\"https:\\\/\\\/clair.si\\\/\",\"logo\":{\"@type\":\"ImageObject\",\"inLanguage\":\"hr\",\"@id\":\"https:\\\/\\\/clair.si\\\/#\\\/schema\\\/logo\\\/image\\\/\",\"url\":\"https:\\\/\\\/clair.si\\\/wp-content\\\/uploads\\\/2022\\\/11\\\/clair_logo_2022.jpg\",\"contentUrl\":\"https:\\\/\\\/clair.si\\\/wp-content\\\/uploads\\\/2022\\\/11\\\/clair_logo_2022.jpg\",\"width\":1920,\"height\":1920,\"caption\":\"Clair\"},\"image\":{\"@id\":\"https:\\\/\\\/clair.si\\\/#\\\/schema\\\/logo\\\/image\\\/\"},\"sameAs\":[\"https:\\\/\\\/www.facebook.com\\\/TrgovinaClair\\\/\"]}]}<\/script>\n<!-- \/ Yoast SEO plugin. -->","yoast_head_json":{"title":"Za\u0161tita za konjski trbuh Belly Spur Band - Clair","description":"Za\u0161tita za konjski trbuh Belly Spur Band - Mekana, udobna i prozra\u010dna za\u0161tita koja poma\u017ee za\u0161tititi konja od trljanja ili ozljeda pri kori\u0161tenju ostruga.","robots":{"index":"index","follow":"follow","max-snippet":"max-snippet:-1","max-image-preview":"max-image-preview:large","max-video-preview":"max-video-preview:-1"},"canonical":"https:\/\/clair.si\/hr\/izdelek\/zastita-za-trbuh-konja-belly-spur-band\/","og_locale":"hr_HR","og_type":"article","og_title":"Za\u0161tita za konjski trbuh Belly Spur Band - Clair","og_description":"Za\u0161tita za konjski trbuh Belly Spur Band - Mekana, udobna i prozra\u010dna za\u0161tita koja poma\u017ee za\u0161tititi konja od trljanja ili ozljeda pri kori\u0161tenju ostruga.","og_url":"https:\/\/clair.si\/hr\/izdelek\/zastita-za-trbuh-konja-belly-spur-band\/","og_site_name":"Clair","article_publisher":"https:\/\/www.facebook.com\/TrgovinaClair\/","article_modified_time":"2025-08-27T15:54:17+00:00","og_image":[{"width":800,"height":800,"url":"https:\/\/clair.si\/wp-content\/uploads\/2023\/02\/belly-band-norton-pas-za-zascito-pred-ostrogami-2.jpg","type":"image\/jpeg"}],"twitter_card":"summary_large_image","schema":{"@context":"https:\/\/schema.org","@graph":[{"@type":"WebPage","@id":"https:\/\/clair.si\/hr\/izdelek\/zastita-za-trbuh-konja-belly-spur-band\/","url":"https:\/\/clair.si\/hr\/izdelek\/zastita-za-trbuh-konja-belly-spur-band\/","name":"Za\u0161tita za konjski trbuh Belly Spur Band - Clair","isPartOf":{"@id":"https:\/\/clair.si\/#website"},"primaryImageOfPage":{"@id":"https:\/\/clair.si\/hr\/izdelek\/zastita-za-trbuh-konja-belly-spur-band\/#primaryimage"},"image":{"@id":"https:\/\/clair.si\/hr\/izdelek\/zastita-za-trbuh-konja-belly-spur-band\/#primaryimage"},"thumbnailUrl":"https:\/\/clair.si\/wp-content\/uploads\/2023\/02\/belly-band-norton-pas-za-zascito-pred-ostrogami-2.webp","datePublished":"2023-02-23T13:22:37+00:00","dateModified":"2025-08-27T15:54:17+00:00","description":"Za\u0161tita za konjski trbuh Belly Spur Band - Mekana, udobna i prozra\u010dna za\u0161tita koja poma\u017ee za\u0161tititi konja od trljanja ili ozljeda pri kori\u0161tenju ostruga.","breadcrumb":{"@id":"https:\/\/clair.si\/hr\/izdelek\/zastita-za-trbuh-konja-belly-spur-band\/#breadcrumb"},"inLanguage":"hr","potentialAction":[{"@type":"ReadAction","target":["https:\/\/clair.si\/hr\/izdelek\/zastita-za-trbuh-konja-belly-spur-band\/"]}]},{"@type":"ImageObject","inLanguage":"hr","@id":"https:\/\/clair.si\/hr\/izdelek\/zastita-za-trbuh-konja-belly-spur-band\/#primaryimage","url":"https:\/\/clair.si\/wp-content\/uploads\/2023\/02\/belly-band-norton-pas-za-zascito-pred-ostrogami-2.webp","contentUrl":"https:\/\/clair.si\/wp-content\/uploads\/2023\/02\/belly-band-norton-pas-za-zascito-pred-ostrogami-2.webp","width":800,"height":800},{"@type":"BreadcrumbList","@id":"https:\/\/clair.si\/hr\/izdelek\/zastita-za-trbuh-konja-belly-spur-band\/#breadcrumb","itemListElement":[{"@type":"ListItem","position":1,"name":"Home","item":"https:\/\/clair.si\/hr\/"},{"@type":"ListItem","position":2,"name":"Trgovina","item":"https:\/\/clair.si\/trgovina\/"},{"@type":"ListItem","position":3,"name":"Za\u0161tita za konjski trbuh Belly Spur Band"}]},{"@type":"WebSite","@id":"https:\/\/clair.si\/#website","url":"https:\/\/clair.si\/","name":"Clair","description":"Trgovina s konjeni\u0161ko opremo","publisher":{"@id":"https:\/\/clair.si\/#organization"},"potentialAction":[{"@type":"SearchAction","target":{"@type":"EntryPoint","urlTemplate":"https:\/\/clair.si\/?s={search_term_string}"},"query-input":{"@type":"PropertyValueSpecification","valueRequired":true,"valueName":"search_term_string"}}],"inLanguage":"hr"},{"@type":"Organization","@id":"https:\/\/clair.si\/#organization","name":"Clair","url":"https:\/\/clair.si\/","logo":{"@type":"ImageObject","inLanguage":"hr","@id":"https:\/\/clair.si\/#\/schema\/logo\/image\/","url":"https:\/\/clair.si\/wp-content\/uploads\/2022\/11\/clair_logo_2022.jpg","contentUrl":"https:\/\/clair.si\/wp-content\/uploads\/2022\/11\/clair_logo_2022.jpg","width":1920,"height":1920,"caption":"Clair"},"image":{"@id":"https:\/\/clair.si\/#\/schema\/logo\/image\/"},"sameAs":["https:\/\/www.facebook.com\/TrgovinaClair\/"]}]}},"_links":{"self":[{"href":"https:\/\/clair.si\/hr\/wp-json\/wp\/v2\/product\/99134","targetHints":{"allow":["GET"]}}],"collection":[{"href":"https:\/\/clair.si\/hr\/wp-json\/wp\/v2\/product"}],"about":[{"href":"https:\/\/clair.si\/hr\/wp-json\/wp\/v2\/types\/product"}],"version-history":[{"count":0,"href":"https:\/\/clair.si\/hr\/wp-json\/wp\/v2\/product\/99134\/revisions"}],"wp:featuredmedia":[{"embeddable":true,"href":"https:\/\/clair.si\/hr\/wp-json\/wp\/v2\/media\/99137"}],"wp:attachment":[{"href":"https:\/\/clair.si\/hr\/wp-json\/wp\/v2\/media?parent=99134"}],"wp:term":[{"taxonomy":"product_brand","embeddable":true,"href":"https:\/\/clair.si\/hr\/wp-json\/wp\/v2\/product_brand?post=99134"},{"taxonomy":"product_cat","embeddable":true,"href":"https:\/\/clair.si\/hr\/wp-json\/wp\/v2\/product_cat?post=99134"},{"taxonomy":"product_tag","embeddable":true,"href":"https:\/\/clair.si\/hr\/wp-json\/wp\/v2\/product_tag?post=99134"}],"curies":[{"name":"wp","href":"https:\/\/api.w.org\/{rel}","templated":true}]}}