{"id":99182,"date":"2023-03-01T10:51:32","date_gmt":"2023-03-01T09:51:32","guid":{"rendered":"https:\/\/clair.si\/izdelek\/cavalor-electrolyte-balance\/"},"modified":"2025-08-27T14:59:14","modified_gmt":"2025-08-27T12:59:14","slug":"cavalor-electrolyte-balance","status":"publish","type":"product","link":"https:\/\/clair.si\/hr\/izdelek\/cavalor-electrolyte-balance\/","title":{"rendered":"Cavalor Electrolyte Balance"},"content":{"rendered":"<p><strong>Cavalor Electrolyte Balance<\/strong> osigurava elektrolite potrebne <strong>za optimalan oporavak nakon napornih treninga.<\/strong> Stres, intenzivno vje\u017ebanje, vru\u0107e vrijeme ili prijevoz mogu uzrokovati dehidraciju konja i gubitak va\u017enih minerala kao \u0161to su natrij, kalij, klor, magnezij i kalcij. Budu\u0107i da organizam konja ne mo\u017ee pohraniti elektrolite, va\u017eno je da ih konji dobivaju redovito i \u0161to bli\u017ee naporu. Cavalor Electrolyte Balance je oblikovan tako da osigurava prave koli\u010dine elektrolita za brzu apsorpciju. Cavalorjevi elektroliti <strong>sprje\u010davaju dehidraciju<\/strong>, tako da <strong>konji ostanu svje\u017ei<\/strong>, <strong>se br\u017ee oporave<\/strong> i <strong>bolje podnose dulja razdoblja intenzivnog treninga, natjecanja i transporta.<\/strong>   <\/p>\n<p>Va\u017eno je da su u prehranu konja elektroliti dodani u ravnote\u017ei, kako bi ostao zdrav i dobro podnosio tjelesne napore. To zna\u010di da je potrebno unijeti dovoljno elektrolita da nadoknadimo izgubljene znojenjem. Ako va\u0161 konj ima manjak elektrolita, to mo\u017ee uzrokovati jake gr\u010deve i bolove u mi\u0161i\u0107ima te sporiji oporavak nakon napora. Kada va\u0161 konj tijekom napora gubi elektrolite znojenjem, bubrezi aktiviraju mehanizam za \u0161tednju elektrolita kako bi nadoknadili gubitak, a takav oporavak traje 2 do 3 dana. Ako se va\u0161 konj \u010desto znoji, njegovo tijelo mo\u017eda ne\u0107e uvijek mo\u0107i nadoknaditi gubitak elektrolita i stoga su u tom slu\u010daju dodatni elektroliti u hrani nu\u017eni.    <\/p>\n<p>Koristite Cavalor Electroliq Balance ili Cavalor Electrolyte Balance u vru\u0107im danima, nakon te\u0161kih treninga ili tijekom dugih razdoblja prijevoza. Za optimalan oporavak nakon te\u0161kog rada konjima ponudite elektrolite 2 sata prije rada ili odmah nakon njega. <\/p>\n<p>Sastojci: sirovi pepeo 79,2 %, kalcij 1,3 %, fosfor 2,4 %, natrij 24 %, magnezij 0,7 %, klorid 37 %, kalij 5,2 %<\/p>\n<p><strong>Preporuke za hranjenje: poniji i konji 45g na dan.<\/strong><\/p>\n","protected":false},"excerpt":{"rendered":"<ul>\n<li>Uravnote\u017eena mje\u0161avina za oporavak nakon znojenja<\/li>\n<li>Odr\u017eava ravnote\u017eu teku\u0107ine<\/li>\n<li>Pozitivan utjecaj na oporavak i opu\u0161tanje<\/li>\n<li>Sadr\u017ei sve minerale koji se gube znojenjem, uklju\u010duju\u0107i natrij, kalij, klorid, magnezij i kalcij<\/li>\n<li>Dostupno i u teku\u0107em obliku: Electroliq Balance<\/li>\n<\/ul>\n","protected":false},"featured_media":99193,"template":"","meta":{"footnotes":""},"product_brand":[],"product_cat":[5711,5710,5712],"product_tag":[],"class_list":{"0":"post-99182","1":"product","2":"type-product","3":"status-publish","4":"has-post-thumbnail","6":"product_cat-hrana-i-prehrambeni-dodaci-cavalor","7":"product_cat-hrana-za-konje-hr","8":"product_cat-prehrambeni-dodaci","10":"first","11":"instock","12":"shipping-taxable","13":"purchasable","14":"product-type-variable"},"yoast_head":"<!-- This site is optimized with the Yoast SEO plugin v27.4 - https:\/\/yoast.com\/product\/yoast-seo-wordpress\/ -->\n<title>Cavalor Electrolyte Balance - Clair<\/title>\n<meta name=\"description\" content=\"Cavalor Electrolyte Balance osigurava elektrolite potrebne za optimalan oporavak nakon napornih treninga. Koristite Electrolyte Balance u vru\u0107im danima ili nakon napornih treninga.\" \/>\n<meta name=\"robots\" content=\"index, follow, max-snippet:-1, max-image-preview:large, max-video-preview:-1\" \/>\n<link rel=\"canonical\" href=\"https:\/\/clair.si\/hr\/izdelek\/cavalor-electrolyte-balance\/\" \/>\n<meta property=\"og:locale\" content=\"hr_HR\" \/>\n<meta property=\"og:type\" content=\"article\" \/>\n<meta property=\"og:title\" content=\"Cavalor Electrolyte Balance - Clair\" \/>\n<meta property=\"og:description\" content=\"Cavalor Electrolyte Balance osigurava elektrolite potrebne za optimalan oporavak nakon napornih treninga. Koristite Electrolyte Balance u vru\u0107im danima ili nakon napornih treninga.\" \/>\n<meta property=\"og:url\" content=\"https:\/\/clair.si\/hr\/izdelek\/cavalor-electrolyte-balance\/\" \/>\n<meta property=\"og:site_name\" content=\"Clair\" \/>\n<meta property=\"article:publisher\" content=\"https:\/\/www.facebook.com\/TrgovinaClair\/\" \/>\n<meta property=\"article:modified_time\" content=\"2025-08-27T12:59:14+00:00\" \/>\n<meta property=\"og:image\" content=\"https:\/\/clair.si\/wp-content\/uploads\/2023\/03\/Cavalor_electrolyte_balance-1-jpg.webp\" \/>\n\t<meta property=\"og:image:width\" content=\"550\" \/>\n\t<meta property=\"og:image:height\" content=\"550\" \/>\n\t<meta property=\"og:image:type\" content=\"image\/jpeg\" \/>\n<meta name=\"twitter:card\" content=\"summary_large_image\" \/>\n<meta name=\"twitter:label1\" content=\"Procijenjeno vrijeme \u010ditanja\" \/>\n\t<meta name=\"twitter:data1\" content=\"1 minuta\" \/>\n<script type=\"application\/ld+json\" class=\"yoast-schema-graph\">{\"@context\":\"https:\\\/\\\/schema.org\",\"@graph\":[{\"@type\":\"WebPage\",\"@id\":\"https:\\\/\\\/clair.si\\\/hr\\\/izdelek\\\/cavalor-electrolyte-balance\\\/\",\"url\":\"https:\\\/\\\/clair.si\\\/hr\\\/izdelek\\\/cavalor-electrolyte-balance\\\/\",\"name\":\"Cavalor Electrolyte Balance - Clair\",\"isPartOf\":{\"@id\":\"https:\\\/\\\/clair.si\\\/#website\"},\"primaryImageOfPage\":{\"@id\":\"https:\\\/\\\/clair.si\\\/hr\\\/izdelek\\\/cavalor-electrolyte-balance\\\/#primaryimage\"},\"image\":{\"@id\":\"https:\\\/\\\/clair.si\\\/hr\\\/izdelek\\\/cavalor-electrolyte-balance\\\/#primaryimage\"},\"thumbnailUrl\":\"https:\\\/\\\/clair.si\\\/wp-content\\\/uploads\\\/2023\\\/03\\\/Cavalor_electrolyte_balance-1-jpg.webp\",\"datePublished\":\"2023-03-01T09:51:32+00:00\",\"dateModified\":\"2025-08-27T12:59:14+00:00\",\"description\":\"Cavalor Electrolyte Balance osigurava elektrolite potrebne za optimalan oporavak nakon napornih treninga. Koristite Electrolyte Balance u vru\u0107im danima ili nakon napornih treninga.\",\"breadcrumb\":{\"@id\":\"https:\\\/\\\/clair.si\\\/hr\\\/izdelek\\\/cavalor-electrolyte-balance\\\/#breadcrumb\"},\"inLanguage\":\"hr\",\"potentialAction\":[{\"@type\":\"ReadAction\",\"target\":[\"https:\\\/\\\/clair.si\\\/hr\\\/izdelek\\\/cavalor-electrolyte-balance\\\/\"]}]},{\"@type\":\"ImageObject\",\"inLanguage\":\"hr\",\"@id\":\"https:\\\/\\\/clair.si\\\/hr\\\/izdelek\\\/cavalor-electrolyte-balance\\\/#primaryimage\",\"url\":\"https:\\\/\\\/clair.si\\\/wp-content\\\/uploads\\\/2023\\\/03\\\/Cavalor_electrolyte_balance-1-jpg.webp\",\"contentUrl\":\"https:\\\/\\\/clair.si\\\/wp-content\\\/uploads\\\/2023\\\/03\\\/Cavalor_electrolyte_balance-1-jpg.webp\",\"width\":550,\"height\":550},{\"@type\":\"BreadcrumbList\",\"@id\":\"https:\\\/\\\/clair.si\\\/hr\\\/izdelek\\\/cavalor-electrolyte-balance\\\/#breadcrumb\",\"itemListElement\":[{\"@type\":\"ListItem\",\"position\":1,\"name\":\"Home\",\"item\":\"https:\\\/\\\/clair.si\\\/hr\\\/\"},{\"@type\":\"ListItem\",\"position\":2,\"name\":\"Trgovina\",\"item\":\"https:\\\/\\\/clair.si\\\/trgovina\\\/\"},{\"@type\":\"ListItem\",\"position\":3,\"name\":\"Cavalor Electrolyte Balance\"}]},{\"@type\":\"WebSite\",\"@id\":\"https:\\\/\\\/clair.si\\\/#website\",\"url\":\"https:\\\/\\\/clair.si\\\/\",\"name\":\"Clair\",\"description\":\"Trgovina s konjeni\u0161ko opremo\",\"publisher\":{\"@id\":\"https:\\\/\\\/clair.si\\\/#organization\"},\"potentialAction\":[{\"@type\":\"SearchAction\",\"target\":{\"@type\":\"EntryPoint\",\"urlTemplate\":\"https:\\\/\\\/clair.si\\\/?s={search_term_string}\"},\"query-input\":{\"@type\":\"PropertyValueSpecification\",\"valueRequired\":true,\"valueName\":\"search_term_string\"}}],\"inLanguage\":\"hr\"},{\"@type\":\"Organization\",\"@id\":\"https:\\\/\\\/clair.si\\\/#organization\",\"name\":\"Clair\",\"url\":\"https:\\\/\\\/clair.si\\\/\",\"logo\":{\"@type\":\"ImageObject\",\"inLanguage\":\"hr\",\"@id\":\"https:\\\/\\\/clair.si\\\/#\\\/schema\\\/logo\\\/image\\\/\",\"url\":\"https:\\\/\\\/clair.si\\\/wp-content\\\/uploads\\\/2022\\\/11\\\/clair_logo_2022.jpg\",\"contentUrl\":\"https:\\\/\\\/clair.si\\\/wp-content\\\/uploads\\\/2022\\\/11\\\/clair_logo_2022.jpg\",\"width\":1920,\"height\":1920,\"caption\":\"Clair\"},\"image\":{\"@id\":\"https:\\\/\\\/clair.si\\\/#\\\/schema\\\/logo\\\/image\\\/\"},\"sameAs\":[\"https:\\\/\\\/www.facebook.com\\\/TrgovinaClair\\\/\"]}]}<\/script>\n<!-- \/ Yoast SEO plugin. -->","yoast_head_json":{"title":"Cavalor Electrolyte Balance - Clair","description":"Cavalor Electrolyte Balance osigurava elektrolite potrebne za optimalan oporavak nakon napornih treninga. Koristite Electrolyte Balance u vru\u0107im danima ili nakon napornih treninga.","robots":{"index":"index","follow":"follow","max-snippet":"max-snippet:-1","max-image-preview":"max-image-preview:large","max-video-preview":"max-video-preview:-1"},"canonical":"https:\/\/clair.si\/hr\/izdelek\/cavalor-electrolyte-balance\/","og_locale":"hr_HR","og_type":"article","og_title":"Cavalor Electrolyte Balance - Clair","og_description":"Cavalor Electrolyte Balance osigurava elektrolite potrebne za optimalan oporavak nakon napornih treninga. Koristite Electrolyte Balance u vru\u0107im danima ili nakon napornih treninga.","og_url":"https:\/\/clair.si\/hr\/izdelek\/cavalor-electrolyte-balance\/","og_site_name":"Clair","article_publisher":"https:\/\/www.facebook.com\/TrgovinaClair\/","article_modified_time":"2025-08-27T12:59:14+00:00","og_image":[{"width":550,"height":550,"url":"https:\/\/clair.si\/wp-content\/uploads\/2023\/03\/Cavalor_electrolyte_balance-1-jpg.webp","type":"image\/jpeg"}],"twitter_card":"summary_large_image","twitter_misc":{"Procijenjeno vrijeme \u010ditanja":"1 minuta"},"schema":{"@context":"https:\/\/schema.org","@graph":[{"@type":"WebPage","@id":"https:\/\/clair.si\/hr\/izdelek\/cavalor-electrolyte-balance\/","url":"https:\/\/clair.si\/hr\/izdelek\/cavalor-electrolyte-balance\/","name":"Cavalor Electrolyte Balance - Clair","isPartOf":{"@id":"https:\/\/clair.si\/#website"},"primaryImageOfPage":{"@id":"https:\/\/clair.si\/hr\/izdelek\/cavalor-electrolyte-balance\/#primaryimage"},"image":{"@id":"https:\/\/clair.si\/hr\/izdelek\/cavalor-electrolyte-balance\/#primaryimage"},"thumbnailUrl":"https:\/\/clair.si\/wp-content\/uploads\/2023\/03\/Cavalor_electrolyte_balance-1-jpg.webp","datePublished":"2023-03-01T09:51:32+00:00","dateModified":"2025-08-27T12:59:14+00:00","description":"Cavalor Electrolyte Balance osigurava elektrolite potrebne za optimalan oporavak nakon napornih treninga. Koristite Electrolyte Balance u vru\u0107im danima ili nakon napornih treninga.","breadcrumb":{"@id":"https:\/\/clair.si\/hr\/izdelek\/cavalor-electrolyte-balance\/#breadcrumb"},"inLanguage":"hr","potentialAction":[{"@type":"ReadAction","target":["https:\/\/clair.si\/hr\/izdelek\/cavalor-electrolyte-balance\/"]}]},{"@type":"ImageObject","inLanguage":"hr","@id":"https:\/\/clair.si\/hr\/izdelek\/cavalor-electrolyte-balance\/#primaryimage","url":"https:\/\/clair.si\/wp-content\/uploads\/2023\/03\/Cavalor_electrolyte_balance-1-jpg.webp","contentUrl":"https:\/\/clair.si\/wp-content\/uploads\/2023\/03\/Cavalor_electrolyte_balance-1-jpg.webp","width":550,"height":550},{"@type":"BreadcrumbList","@id":"https:\/\/clair.si\/hr\/izdelek\/cavalor-electrolyte-balance\/#breadcrumb","itemListElement":[{"@type":"ListItem","position":1,"name":"Home","item":"https:\/\/clair.si\/hr\/"},{"@type":"ListItem","position":2,"name":"Trgovina","item":"https:\/\/clair.si\/trgovina\/"},{"@type":"ListItem","position":3,"name":"Cavalor Electrolyte Balance"}]},{"@type":"WebSite","@id":"https:\/\/clair.si\/#website","url":"https:\/\/clair.si\/","name":"Clair","description":"Trgovina s konjeni\u0161ko opremo","publisher":{"@id":"https:\/\/clair.si\/#organization"},"potentialAction":[{"@type":"SearchAction","target":{"@type":"EntryPoint","urlTemplate":"https:\/\/clair.si\/?s={search_term_string}"},"query-input":{"@type":"PropertyValueSpecification","valueRequired":true,"valueName":"search_term_string"}}],"inLanguage":"hr"},{"@type":"Organization","@id":"https:\/\/clair.si\/#organization","name":"Clair","url":"https:\/\/clair.si\/","logo":{"@type":"ImageObject","inLanguage":"hr","@id":"https:\/\/clair.si\/#\/schema\/logo\/image\/","url":"https:\/\/clair.si\/wp-content\/uploads\/2022\/11\/clair_logo_2022.jpg","contentUrl":"https:\/\/clair.si\/wp-content\/uploads\/2022\/11\/clair_logo_2022.jpg","width":1920,"height":1920,"caption":"Clair"},"image":{"@id":"https:\/\/clair.si\/#\/schema\/logo\/image\/"},"sameAs":["https:\/\/www.facebook.com\/TrgovinaClair\/"]}]}},"_links":{"self":[{"href":"https:\/\/clair.si\/hr\/wp-json\/wp\/v2\/product\/99182","targetHints":{"allow":["GET"]}}],"collection":[{"href":"https:\/\/clair.si\/hr\/wp-json\/wp\/v2\/product"}],"about":[{"href":"https:\/\/clair.si\/hr\/wp-json\/wp\/v2\/types\/product"}],"version-history":[{"count":0,"href":"https:\/\/clair.si\/hr\/wp-json\/wp\/v2\/product\/99182\/revisions"}],"wp:featuredmedia":[{"embeddable":true,"href":"https:\/\/clair.si\/hr\/wp-json\/wp\/v2\/media\/99193"}],"wp:attachment":[{"href":"https:\/\/clair.si\/hr\/wp-json\/wp\/v2\/media?parent=99182"}],"wp:term":[{"taxonomy":"product_brand","embeddable":true,"href":"https:\/\/clair.si\/hr\/wp-json\/wp\/v2\/product_brand?post=99182"},{"taxonomy":"product_cat","embeddable":true,"href":"https:\/\/clair.si\/hr\/wp-json\/wp\/v2\/product_cat?post=99182"},{"taxonomy":"product_tag","embeddable":true,"href":"https:\/\/clair.si\/hr\/wp-json\/wp\/v2\/product_tag?post=99182"}],"curies":[{"name":"wp","href":"https:\/\/api.w.org\/{rel}","templated":true}]}}