{"id":99258,"date":"2023-03-02T15:26:09","date_gmt":"2023-03-02T14:26:09","guid":{"rendered":"https:\/\/clair.si\/izdelek\/dresurni-bic-whipgo-black\/"},"modified":"2025-08-27T17:54:13","modified_gmt":"2025-08-27T15:54:13","slug":"dresurni-bic-whipgo-black","status":"publish","type":"product","link":"https:\/\/clair.si\/hr\/izdelek\/dresurni-bic-whipgo-black\/","title":{"rendered":"Dresurni bi\u010d Whip&amp;Go Black"},"content":{"rendered":"<p><strong>Dresurni bi\u010d Whip&amp;Go Black &#8211; jednostavan dresurni bi\u010d.<\/strong>  Duljina 100 cm. Osnova je izra\u0111ena od staklenih vlakana i presvu\u010dena pletenim najlonom. Ru\u010dka je plasti\u010dna.  <\/p>\n","protected":false},"excerpt":{"rendered":"<p>Dresurni bi\u010d Whip&amp;Go Black &#8211; jednostavan dresurni bi\u010d. Duljina 100 cm. Osnova je izra\u0111ena od staklenih vlakana i presvu\u010dena pletenim<\/p>\n","protected":false},"featured_media":99266,"template":"","meta":{"footnotes":""},"product_brand":[],"product_cat":[5732,5934,5654,5670],"product_tag":[],"class_list":{"0":"post-99258","1":"product","2":"type-product","3":"status-publish","4":"has-post-thumbnail","6":"product_cat-bicevi","7":"product_cat-dresurni-bicevi","8":"product_cat-jahac-hr","9":"product_cat-natjecanja","11":"first","12":"instock","13":"shipping-taxable","14":"purchasable","15":"product-type-simple"},"yoast_head":"<!-- This site is optimized with the Yoast SEO plugin v27.3 - https:\/\/yoast.com\/product\/yoast-seo-wordpress\/ -->\n<title>Dresurni bi\u010d Whip&amp;Go Black - Clair<\/title>\n<meta name=\"description\" content=\"Dresurni bi\u010d Whip&amp;Go Black - jednostavan dresurni bi\u010d. Duljina 100 cm. Osnova je izra\u0111ena od staklenih vlakana i presvu\u010dena pletenim najlonom. Ru\u010dka\" \/>\n<meta name=\"robots\" content=\"index, follow, max-snippet:-1, max-image-preview:large, max-video-preview:-1\" \/>\n<link rel=\"canonical\" href=\"https:\/\/clair.si\/hr\/izdelek\/dresurni-bic-whipgo-black\/\" \/>\n<meta property=\"og:locale\" content=\"hr_HR\" \/>\n<meta property=\"og:type\" content=\"article\" \/>\n<meta property=\"og:title\" content=\"Dresurni bi\u010d Whip&amp;Go Black - Clair\" \/>\n<meta property=\"og:description\" content=\"Dresurni bi\u010d Whip&amp;Go Black - jednostavan dresurni bi\u010d. Duljina 100 cm. Osnova je izra\u0111ena od staklenih vlakana i presvu\u010dena pletenim najlonom. Ru\u010dka\" \/>\n<meta property=\"og:url\" content=\"https:\/\/clair.si\/hr\/izdelek\/dresurni-bic-whipgo-black\/\" \/>\n<meta property=\"og:site_name\" content=\"Clair\" \/>\n<meta property=\"article:publisher\" content=\"https:\/\/www.facebook.com\/TrgovinaClair\/\" \/>\n<meta property=\"article:modified_time\" content=\"2025-08-27T15:54:13+00:00\" \/>\n<meta property=\"og:image\" content=\"https:\/\/clair.si\/wp-content\/uploads\/2023\/03\/whip-go-dresurni-bic-black.jpg\" \/>\n\t<meta property=\"og:image:width\" content=\"800\" \/>\n\t<meta property=\"og:image:height\" content=\"800\" \/>\n\t<meta property=\"og:image:type\" content=\"image\/jpeg\" \/>\n<meta name=\"twitter:card\" content=\"summary_large_image\" \/>\n<script type=\"application\/ld+json\" class=\"yoast-schema-graph\">{\"@context\":\"https:\\\/\\\/schema.org\",\"@graph\":[{\"@type\":\"WebPage\",\"@id\":\"https:\\\/\\\/clair.si\\\/hr\\\/izdelek\\\/dresurni-bic-whipgo-black\\\/\",\"url\":\"https:\\\/\\\/clair.si\\\/hr\\\/izdelek\\\/dresurni-bic-whipgo-black\\\/\",\"name\":\"Dresurni bi\u010d Whip&amp;Go Black - Clair\",\"isPartOf\":{\"@id\":\"https:\\\/\\\/clair.si\\\/#website\"},\"primaryImageOfPage\":{\"@id\":\"https:\\\/\\\/clair.si\\\/hr\\\/izdelek\\\/dresurni-bic-whipgo-black\\\/#primaryimage\"},\"image\":{\"@id\":\"https:\\\/\\\/clair.si\\\/hr\\\/izdelek\\\/dresurni-bic-whipgo-black\\\/#primaryimage\"},\"thumbnailUrl\":\"https:\\\/\\\/clair.si\\\/wp-content\\\/uploads\\\/2023\\\/03\\\/whip-go-dresurni-bic-black.webp\",\"datePublished\":\"2023-03-02T14:26:09+00:00\",\"dateModified\":\"2025-08-27T15:54:13+00:00\",\"description\":\"Dresurni bi\u010d Whip&amp;Go Black - jednostavan dresurni bi\u010d. Duljina 100 cm. Osnova je izra\u0111ena od staklenih vlakana i presvu\u010dena pletenim najlonom. Ru\u010dka\",\"breadcrumb\":{\"@id\":\"https:\\\/\\\/clair.si\\\/hr\\\/izdelek\\\/dresurni-bic-whipgo-black\\\/#breadcrumb\"},\"inLanguage\":\"hr\",\"potentialAction\":[{\"@type\":\"ReadAction\",\"target\":[\"https:\\\/\\\/clair.si\\\/hr\\\/izdelek\\\/dresurni-bic-whipgo-black\\\/\"]}]},{\"@type\":\"ImageObject\",\"inLanguage\":\"hr\",\"@id\":\"https:\\\/\\\/clair.si\\\/hr\\\/izdelek\\\/dresurni-bic-whipgo-black\\\/#primaryimage\",\"url\":\"https:\\\/\\\/clair.si\\\/wp-content\\\/uploads\\\/2023\\\/03\\\/whip-go-dresurni-bic-black.webp\",\"contentUrl\":\"https:\\\/\\\/clair.si\\\/wp-content\\\/uploads\\\/2023\\\/03\\\/whip-go-dresurni-bic-black.webp\",\"width\":800,\"height\":800},{\"@type\":\"BreadcrumbList\",\"@id\":\"https:\\\/\\\/clair.si\\\/hr\\\/izdelek\\\/dresurni-bic-whipgo-black\\\/#breadcrumb\",\"itemListElement\":[{\"@type\":\"ListItem\",\"position\":1,\"name\":\"Home\",\"item\":\"https:\\\/\\\/clair.si\\\/hr\\\/\"},{\"@type\":\"ListItem\",\"position\":2,\"name\":\"Trgovina\",\"item\":\"https:\\\/\\\/clair.si\\\/trgovina\\\/\"},{\"@type\":\"ListItem\",\"position\":3,\"name\":\"Dresurni bi\u010d Whip&amp;Go Black\"}]},{\"@type\":\"WebSite\",\"@id\":\"https:\\\/\\\/clair.si\\\/#website\",\"url\":\"https:\\\/\\\/clair.si\\\/\",\"name\":\"Clair\",\"description\":\"Trgovina s konjeni\u0161ko opremo\",\"publisher\":{\"@id\":\"https:\\\/\\\/clair.si\\\/#organization\"},\"potentialAction\":[{\"@type\":\"SearchAction\",\"target\":{\"@type\":\"EntryPoint\",\"urlTemplate\":\"https:\\\/\\\/clair.si\\\/?s={search_term_string}\"},\"query-input\":{\"@type\":\"PropertyValueSpecification\",\"valueRequired\":true,\"valueName\":\"search_term_string\"}}],\"inLanguage\":\"hr\"},{\"@type\":\"Organization\",\"@id\":\"https:\\\/\\\/clair.si\\\/#organization\",\"name\":\"Clair\",\"url\":\"https:\\\/\\\/clair.si\\\/\",\"logo\":{\"@type\":\"ImageObject\",\"inLanguage\":\"hr\",\"@id\":\"https:\\\/\\\/clair.si\\\/#\\\/schema\\\/logo\\\/image\\\/\",\"url\":\"https:\\\/\\\/clair.si\\\/wp-content\\\/uploads\\\/2022\\\/11\\\/clair_logo_2022.jpg\",\"contentUrl\":\"https:\\\/\\\/clair.si\\\/wp-content\\\/uploads\\\/2022\\\/11\\\/clair_logo_2022.jpg\",\"width\":1920,\"height\":1920,\"caption\":\"Clair\"},\"image\":{\"@id\":\"https:\\\/\\\/clair.si\\\/#\\\/schema\\\/logo\\\/image\\\/\"},\"sameAs\":[\"https:\\\/\\\/www.facebook.com\\\/TrgovinaClair\\\/\"]}]}<\/script>\n<!-- \/ Yoast SEO plugin. -->","yoast_head_json":{"title":"Dresurni bi\u010d Whip&amp;Go Black - Clair","description":"Dresurni bi\u010d Whip&amp;Go Black - jednostavan dresurni bi\u010d. Duljina 100 cm. Osnova je izra\u0111ena od staklenih vlakana i presvu\u010dena pletenim najlonom. Ru\u010dka","robots":{"index":"index","follow":"follow","max-snippet":"max-snippet:-1","max-image-preview":"max-image-preview:large","max-video-preview":"max-video-preview:-1"},"canonical":"https:\/\/clair.si\/hr\/izdelek\/dresurni-bic-whipgo-black\/","og_locale":"hr_HR","og_type":"article","og_title":"Dresurni bi\u010d Whip&amp;Go Black - Clair","og_description":"Dresurni bi\u010d Whip&amp;Go Black - jednostavan dresurni bi\u010d. Duljina 100 cm. Osnova je izra\u0111ena od staklenih vlakana i presvu\u010dena pletenim najlonom. Ru\u010dka","og_url":"https:\/\/clair.si\/hr\/izdelek\/dresurni-bic-whipgo-black\/","og_site_name":"Clair","article_publisher":"https:\/\/www.facebook.com\/TrgovinaClair\/","article_modified_time":"2025-08-27T15:54:13+00:00","og_image":[{"width":800,"height":800,"url":"https:\/\/clair.si\/wp-content\/uploads\/2023\/03\/whip-go-dresurni-bic-black.jpg","type":"image\/jpeg"}],"twitter_card":"summary_large_image","schema":{"@context":"https:\/\/schema.org","@graph":[{"@type":"WebPage","@id":"https:\/\/clair.si\/hr\/izdelek\/dresurni-bic-whipgo-black\/","url":"https:\/\/clair.si\/hr\/izdelek\/dresurni-bic-whipgo-black\/","name":"Dresurni bi\u010d Whip&amp;Go Black - Clair","isPartOf":{"@id":"https:\/\/clair.si\/#website"},"primaryImageOfPage":{"@id":"https:\/\/clair.si\/hr\/izdelek\/dresurni-bic-whipgo-black\/#primaryimage"},"image":{"@id":"https:\/\/clair.si\/hr\/izdelek\/dresurni-bic-whipgo-black\/#primaryimage"},"thumbnailUrl":"https:\/\/clair.si\/wp-content\/uploads\/2023\/03\/whip-go-dresurni-bic-black.webp","datePublished":"2023-03-02T14:26:09+00:00","dateModified":"2025-08-27T15:54:13+00:00","description":"Dresurni bi\u010d Whip&amp;Go Black - jednostavan dresurni bi\u010d. Duljina 100 cm. Osnova je izra\u0111ena od staklenih vlakana i presvu\u010dena pletenim najlonom. Ru\u010dka","breadcrumb":{"@id":"https:\/\/clair.si\/hr\/izdelek\/dresurni-bic-whipgo-black\/#breadcrumb"},"inLanguage":"hr","potentialAction":[{"@type":"ReadAction","target":["https:\/\/clair.si\/hr\/izdelek\/dresurni-bic-whipgo-black\/"]}]},{"@type":"ImageObject","inLanguage":"hr","@id":"https:\/\/clair.si\/hr\/izdelek\/dresurni-bic-whipgo-black\/#primaryimage","url":"https:\/\/clair.si\/wp-content\/uploads\/2023\/03\/whip-go-dresurni-bic-black.webp","contentUrl":"https:\/\/clair.si\/wp-content\/uploads\/2023\/03\/whip-go-dresurni-bic-black.webp","width":800,"height":800},{"@type":"BreadcrumbList","@id":"https:\/\/clair.si\/hr\/izdelek\/dresurni-bic-whipgo-black\/#breadcrumb","itemListElement":[{"@type":"ListItem","position":1,"name":"Home","item":"https:\/\/clair.si\/hr\/"},{"@type":"ListItem","position":2,"name":"Trgovina","item":"https:\/\/clair.si\/trgovina\/"},{"@type":"ListItem","position":3,"name":"Dresurni bi\u010d Whip&amp;Go Black"}]},{"@type":"WebSite","@id":"https:\/\/clair.si\/#website","url":"https:\/\/clair.si\/","name":"Clair","description":"Trgovina s konjeni\u0161ko opremo","publisher":{"@id":"https:\/\/clair.si\/#organization"},"potentialAction":[{"@type":"SearchAction","target":{"@type":"EntryPoint","urlTemplate":"https:\/\/clair.si\/?s={search_term_string}"},"query-input":{"@type":"PropertyValueSpecification","valueRequired":true,"valueName":"search_term_string"}}],"inLanguage":"hr"},{"@type":"Organization","@id":"https:\/\/clair.si\/#organization","name":"Clair","url":"https:\/\/clair.si\/","logo":{"@type":"ImageObject","inLanguage":"hr","@id":"https:\/\/clair.si\/#\/schema\/logo\/image\/","url":"https:\/\/clair.si\/wp-content\/uploads\/2022\/11\/clair_logo_2022.jpg","contentUrl":"https:\/\/clair.si\/wp-content\/uploads\/2022\/11\/clair_logo_2022.jpg","width":1920,"height":1920,"caption":"Clair"},"image":{"@id":"https:\/\/clair.si\/#\/schema\/logo\/image\/"},"sameAs":["https:\/\/www.facebook.com\/TrgovinaClair\/"]}]}},"_links":{"self":[{"href":"https:\/\/clair.si\/hr\/wp-json\/wp\/v2\/product\/99258","targetHints":{"allow":["GET"]}}],"collection":[{"href":"https:\/\/clair.si\/hr\/wp-json\/wp\/v2\/product"}],"about":[{"href":"https:\/\/clair.si\/hr\/wp-json\/wp\/v2\/types\/product"}],"version-history":[{"count":0,"href":"https:\/\/clair.si\/hr\/wp-json\/wp\/v2\/product\/99258\/revisions"}],"wp:featuredmedia":[{"embeddable":true,"href":"https:\/\/clair.si\/hr\/wp-json\/wp\/v2\/media\/99266"}],"wp:attachment":[{"href":"https:\/\/clair.si\/hr\/wp-json\/wp\/v2\/media?parent=99258"}],"wp:term":[{"taxonomy":"product_brand","embeddable":true,"href":"https:\/\/clair.si\/hr\/wp-json\/wp\/v2\/product_brand?post=99258"},{"taxonomy":"product_cat","embeddable":true,"href":"https:\/\/clair.si\/hr\/wp-json\/wp\/v2\/product_cat?post=99258"},{"taxonomy":"product_tag","embeddable":true,"href":"https:\/\/clair.si\/hr\/wp-json\/wp\/v2\/product_tag?post=99258"}],"curies":[{"name":"wp","href":"https:\/\/api.w.org\/{rel}","templated":true}]}}