{"id":99359,"date":"2023-02-22T19:13:23","date_gmt":"2023-02-22T18:13:23","guid":{"rendered":"https:\/\/clair.si\/izdelek\/crvena-vrpca-za-rep-pazi-udara-nogama\/"},"modified":"2025-09-08T10:08:02","modified_gmt":"2025-09-08T08:08:02","slug":"crvena-vrpca-za-rep-pazi-udara-nogama","status":"publish","type":"product","link":"https:\/\/clair.si\/hr\/izdelek\/crvena-vrpca-za-rep-pazi-udara-nogama\/","title":{"rendered":"Crvena vrpca za rep: Pazi Udarac!"},"content":{"rendered":"<p><strong>Crvena vrpca za rep: Pazi Udarac!<\/strong> se jednostavno pri\u010dvr\u0161\u0107uje na konjski rep zatvaranjem kukom i om\u010dom. Izra\u0111ena je od poliesterske trake, podstavljene neoprenom. <\/p>\n<p><strong>Crvena vrpca upletena u konjski rep upozorava nas da konj ima tendenciju udaranja, stoga odr\u017eavajmo siguran razmak. <\/strong><\/p>\n<p>&nbsp;<\/p>\n","protected":false},"excerpt":{"rendered":"<p>Crvena vrpca za rep: Pazi Udarac! se jednostavno pri\u010dvr\u0161\u0107uje na konjski rep zatvaranjem kukom i om\u010dom. Izra\u0111ena je od poliesterske<\/p>\n","protected":false},"featured_media":99361,"template":"","meta":{"footnotes":""},"product_brand":[],"product_cat":[5624,5670],"product_tag":[],"class_list":{"0":"post-99359","1":"product","2":"type-product","3":"status-publish","4":"has-post-thumbnail","6":"product_cat-konj-hr","7":"product_cat-natjecanja","9":"first","10":"instock","11":"sale","12":"shipping-taxable","13":"purchasable","14":"product-type-simple"},"yoast_head":"<!-- This site is optimized with the Yoast SEO plugin v27.4 - https:\/\/yoast.com\/product\/yoast-seo-wordpress\/ -->\n<title>Crvena vrpca za rep: Pazi Udarac! - Clair<\/title>\n<meta name=\"description\" content=\"Crvena vrpca za rep: Pazi Udarac! se jednostavno pri\u010dvr\u0161\u0107uje na konjski rep zatvaranjem kukom i om\u010dom. Izra\u0111ena je od poliesterske trake, podstavljene\" \/>\n<meta name=\"robots\" content=\"index, follow, max-snippet:-1, max-image-preview:large, max-video-preview:-1\" \/>\n<link rel=\"canonical\" href=\"https:\/\/clair.si\/hr\/izdelek\/crvena-vrpca-za-rep-pazi-udara-nogama\/\" \/>\n<meta property=\"og:locale\" content=\"hr_HR\" \/>\n<meta property=\"og:type\" content=\"article\" \/>\n<meta property=\"og:title\" content=\"Crvena vrpca za rep: Pazi Udarac! - Clair\" \/>\n<meta property=\"og:description\" content=\"Crvena vrpca za rep: Pazi Udarac! se jednostavno pri\u010dvr\u0161\u0107uje na konjski rep zatvaranjem kukom i om\u010dom. Izra\u0111ena je od poliesterske trake, podstavljene\" \/>\n<meta property=\"og:url\" content=\"https:\/\/clair.si\/hr\/izdelek\/crvena-vrpca-za-rep-pazi-udara-nogama\/\" \/>\n<meta property=\"og:site_name\" content=\"Clair\" \/>\n<meta property=\"article:publisher\" content=\"https:\/\/www.facebook.com\/TrgovinaClair\/\" \/>\n<meta property=\"article:modified_time\" content=\"2025-09-08T08:08:02+00:00\" \/>\n<meta property=\"og:image\" content=\"https:\/\/clair.si\/wp-content\/uploads\/2023\/02\/rdeca-pemntlja-za-konjev-rep.jpg\" \/>\n\t<meta property=\"og:image:width\" content=\"600\" \/>\n\t<meta property=\"og:image:height\" content=\"600\" \/>\n\t<meta property=\"og:image:type\" content=\"image\/jpeg\" \/>\n<meta name=\"twitter:card\" content=\"summary_large_image\" \/>\n<script type=\"application\/ld+json\" class=\"yoast-schema-graph\">{\"@context\":\"https:\\\/\\\/schema.org\",\"@graph\":[{\"@type\":\"WebPage\",\"@id\":\"https:\\\/\\\/clair.si\\\/hr\\\/izdelek\\\/crvena-vrpca-za-rep-pazi-udara-nogama\\\/\",\"url\":\"https:\\\/\\\/clair.si\\\/hr\\\/izdelek\\\/crvena-vrpca-za-rep-pazi-udara-nogama\\\/\",\"name\":\"Crvena vrpca za rep: Pazi Udarac! - Clair\",\"isPartOf\":{\"@id\":\"https:\\\/\\\/clair.si\\\/#website\"},\"primaryImageOfPage\":{\"@id\":\"https:\\\/\\\/clair.si\\\/hr\\\/izdelek\\\/crvena-vrpca-za-rep-pazi-udara-nogama\\\/#primaryimage\"},\"image\":{\"@id\":\"https:\\\/\\\/clair.si\\\/hr\\\/izdelek\\\/crvena-vrpca-za-rep-pazi-udara-nogama\\\/#primaryimage\"},\"thumbnailUrl\":\"https:\\\/\\\/clair.si\\\/wp-content\\\/uploads\\\/2023\\\/02\\\/rdeca-pemntlja-za-konjev-rep.webp\",\"datePublished\":\"2023-02-22T18:13:23+00:00\",\"dateModified\":\"2025-09-08T08:08:02+00:00\",\"description\":\"Crvena vrpca za rep: Pazi Udarac! se jednostavno pri\u010dvr\u0161\u0107uje na konjski rep zatvaranjem kukom i om\u010dom. Izra\u0111ena je od poliesterske trake, podstavljene\",\"breadcrumb\":{\"@id\":\"https:\\\/\\\/clair.si\\\/hr\\\/izdelek\\\/crvena-vrpca-za-rep-pazi-udara-nogama\\\/#breadcrumb\"},\"inLanguage\":\"hr\",\"potentialAction\":[{\"@type\":\"ReadAction\",\"target\":[\"https:\\\/\\\/clair.si\\\/hr\\\/izdelek\\\/crvena-vrpca-za-rep-pazi-udara-nogama\\\/\"]}]},{\"@type\":\"ImageObject\",\"inLanguage\":\"hr\",\"@id\":\"https:\\\/\\\/clair.si\\\/hr\\\/izdelek\\\/crvena-vrpca-za-rep-pazi-udara-nogama\\\/#primaryimage\",\"url\":\"https:\\\/\\\/clair.si\\\/wp-content\\\/uploads\\\/2023\\\/02\\\/rdeca-pemntlja-za-konjev-rep.webp\",\"contentUrl\":\"https:\\\/\\\/clair.si\\\/wp-content\\\/uploads\\\/2023\\\/02\\\/rdeca-pemntlja-za-konjev-rep.webp\",\"width\":600,\"height\":600},{\"@type\":\"BreadcrumbList\",\"@id\":\"https:\\\/\\\/clair.si\\\/hr\\\/izdelek\\\/crvena-vrpca-za-rep-pazi-udara-nogama\\\/#breadcrumb\",\"itemListElement\":[{\"@type\":\"ListItem\",\"position\":1,\"name\":\"Home\",\"item\":\"https:\\\/\\\/clair.si\\\/hr\\\/\"},{\"@type\":\"ListItem\",\"position\":2,\"name\":\"Trgovina\",\"item\":\"https:\\\/\\\/clair.si\\\/trgovina\\\/\"},{\"@type\":\"ListItem\",\"position\":3,\"name\":\"Crvena vrpca za rep: Pazi Udarac!\"}]},{\"@type\":\"WebSite\",\"@id\":\"https:\\\/\\\/clair.si\\\/#website\",\"url\":\"https:\\\/\\\/clair.si\\\/\",\"name\":\"Clair\",\"description\":\"Trgovina s konjeni\u0161ko opremo\",\"publisher\":{\"@id\":\"https:\\\/\\\/clair.si\\\/#organization\"},\"potentialAction\":[{\"@type\":\"SearchAction\",\"target\":{\"@type\":\"EntryPoint\",\"urlTemplate\":\"https:\\\/\\\/clair.si\\\/?s={search_term_string}\"},\"query-input\":{\"@type\":\"PropertyValueSpecification\",\"valueRequired\":true,\"valueName\":\"search_term_string\"}}],\"inLanguage\":\"hr\"},{\"@type\":\"Organization\",\"@id\":\"https:\\\/\\\/clair.si\\\/#organization\",\"name\":\"Clair\",\"url\":\"https:\\\/\\\/clair.si\\\/\",\"logo\":{\"@type\":\"ImageObject\",\"inLanguage\":\"hr\",\"@id\":\"https:\\\/\\\/clair.si\\\/#\\\/schema\\\/logo\\\/image\\\/\",\"url\":\"https:\\\/\\\/clair.si\\\/wp-content\\\/uploads\\\/2022\\\/11\\\/clair_logo_2022.jpg\",\"contentUrl\":\"https:\\\/\\\/clair.si\\\/wp-content\\\/uploads\\\/2022\\\/11\\\/clair_logo_2022.jpg\",\"width\":1920,\"height\":1920,\"caption\":\"Clair\"},\"image\":{\"@id\":\"https:\\\/\\\/clair.si\\\/#\\\/schema\\\/logo\\\/image\\\/\"},\"sameAs\":[\"https:\\\/\\\/www.facebook.com\\\/TrgovinaClair\\\/\"]}]}<\/script>\n<!-- \/ Yoast SEO plugin. -->","yoast_head_json":{"title":"Crvena vrpca za rep: Pazi Udarac! - Clair","description":"Crvena vrpca za rep: Pazi Udarac! se jednostavno pri\u010dvr\u0161\u0107uje na konjski rep zatvaranjem kukom i om\u010dom. Izra\u0111ena je od poliesterske trake, podstavljene","robots":{"index":"index","follow":"follow","max-snippet":"max-snippet:-1","max-image-preview":"max-image-preview:large","max-video-preview":"max-video-preview:-1"},"canonical":"https:\/\/clair.si\/hr\/izdelek\/crvena-vrpca-za-rep-pazi-udara-nogama\/","og_locale":"hr_HR","og_type":"article","og_title":"Crvena vrpca za rep: Pazi Udarac! - Clair","og_description":"Crvena vrpca za rep: Pazi Udarac! se jednostavno pri\u010dvr\u0161\u0107uje na konjski rep zatvaranjem kukom i om\u010dom. Izra\u0111ena je od poliesterske trake, podstavljene","og_url":"https:\/\/clair.si\/hr\/izdelek\/crvena-vrpca-za-rep-pazi-udara-nogama\/","og_site_name":"Clair","article_publisher":"https:\/\/www.facebook.com\/TrgovinaClair\/","article_modified_time":"2025-09-08T08:08:02+00:00","og_image":[{"width":600,"height":600,"url":"https:\/\/clair.si\/wp-content\/uploads\/2023\/02\/rdeca-pemntlja-za-konjev-rep.jpg","type":"image\/jpeg"}],"twitter_card":"summary_large_image","schema":{"@context":"https:\/\/schema.org","@graph":[{"@type":"WebPage","@id":"https:\/\/clair.si\/hr\/izdelek\/crvena-vrpca-za-rep-pazi-udara-nogama\/","url":"https:\/\/clair.si\/hr\/izdelek\/crvena-vrpca-za-rep-pazi-udara-nogama\/","name":"Crvena vrpca za rep: Pazi Udarac! - Clair","isPartOf":{"@id":"https:\/\/clair.si\/#website"},"primaryImageOfPage":{"@id":"https:\/\/clair.si\/hr\/izdelek\/crvena-vrpca-za-rep-pazi-udara-nogama\/#primaryimage"},"image":{"@id":"https:\/\/clair.si\/hr\/izdelek\/crvena-vrpca-za-rep-pazi-udara-nogama\/#primaryimage"},"thumbnailUrl":"https:\/\/clair.si\/wp-content\/uploads\/2023\/02\/rdeca-pemntlja-za-konjev-rep.webp","datePublished":"2023-02-22T18:13:23+00:00","dateModified":"2025-09-08T08:08:02+00:00","description":"Crvena vrpca za rep: Pazi Udarac! se jednostavno pri\u010dvr\u0161\u0107uje na konjski rep zatvaranjem kukom i om\u010dom. Izra\u0111ena je od poliesterske trake, podstavljene","breadcrumb":{"@id":"https:\/\/clair.si\/hr\/izdelek\/crvena-vrpca-za-rep-pazi-udara-nogama\/#breadcrumb"},"inLanguage":"hr","potentialAction":[{"@type":"ReadAction","target":["https:\/\/clair.si\/hr\/izdelek\/crvena-vrpca-za-rep-pazi-udara-nogama\/"]}]},{"@type":"ImageObject","inLanguage":"hr","@id":"https:\/\/clair.si\/hr\/izdelek\/crvena-vrpca-za-rep-pazi-udara-nogama\/#primaryimage","url":"https:\/\/clair.si\/wp-content\/uploads\/2023\/02\/rdeca-pemntlja-za-konjev-rep.webp","contentUrl":"https:\/\/clair.si\/wp-content\/uploads\/2023\/02\/rdeca-pemntlja-za-konjev-rep.webp","width":600,"height":600},{"@type":"BreadcrumbList","@id":"https:\/\/clair.si\/hr\/izdelek\/crvena-vrpca-za-rep-pazi-udara-nogama\/#breadcrumb","itemListElement":[{"@type":"ListItem","position":1,"name":"Home","item":"https:\/\/clair.si\/hr\/"},{"@type":"ListItem","position":2,"name":"Trgovina","item":"https:\/\/clair.si\/trgovina\/"},{"@type":"ListItem","position":3,"name":"Crvena vrpca za rep: Pazi Udarac!"}]},{"@type":"WebSite","@id":"https:\/\/clair.si\/#website","url":"https:\/\/clair.si\/","name":"Clair","description":"Trgovina s konjeni\u0161ko opremo","publisher":{"@id":"https:\/\/clair.si\/#organization"},"potentialAction":[{"@type":"SearchAction","target":{"@type":"EntryPoint","urlTemplate":"https:\/\/clair.si\/?s={search_term_string}"},"query-input":{"@type":"PropertyValueSpecification","valueRequired":true,"valueName":"search_term_string"}}],"inLanguage":"hr"},{"@type":"Organization","@id":"https:\/\/clair.si\/#organization","name":"Clair","url":"https:\/\/clair.si\/","logo":{"@type":"ImageObject","inLanguage":"hr","@id":"https:\/\/clair.si\/#\/schema\/logo\/image\/","url":"https:\/\/clair.si\/wp-content\/uploads\/2022\/11\/clair_logo_2022.jpg","contentUrl":"https:\/\/clair.si\/wp-content\/uploads\/2022\/11\/clair_logo_2022.jpg","width":1920,"height":1920,"caption":"Clair"},"image":{"@id":"https:\/\/clair.si\/#\/schema\/logo\/image\/"},"sameAs":["https:\/\/www.facebook.com\/TrgovinaClair\/"]}]}},"_links":{"self":[{"href":"https:\/\/clair.si\/hr\/wp-json\/wp\/v2\/product\/99359","targetHints":{"allow":["GET"]}}],"collection":[{"href":"https:\/\/clair.si\/hr\/wp-json\/wp\/v2\/product"}],"about":[{"href":"https:\/\/clair.si\/hr\/wp-json\/wp\/v2\/types\/product"}],"version-history":[{"count":0,"href":"https:\/\/clair.si\/hr\/wp-json\/wp\/v2\/product\/99359\/revisions"}],"wp:featuredmedia":[{"embeddable":true,"href":"https:\/\/clair.si\/hr\/wp-json\/wp\/v2\/media\/99361"}],"wp:attachment":[{"href":"https:\/\/clair.si\/hr\/wp-json\/wp\/v2\/media?parent=99359"}],"wp:term":[{"taxonomy":"product_brand","embeddable":true,"href":"https:\/\/clair.si\/hr\/wp-json\/wp\/v2\/product_brand?post=99359"},{"taxonomy":"product_cat","embeddable":true,"href":"https:\/\/clair.si\/hr\/wp-json\/wp\/v2\/product_cat?post=99359"},{"taxonomy":"product_tag","embeddable":true,"href":"https:\/\/clair.si\/hr\/wp-json\/wp\/v2\/product_tag?post=99359"}],"curies":[{"name":"wp","href":"https:\/\/api.w.org\/{rel}","templated":true}]}}