{"id":99368,"date":"2023-02-23T12:07:00","date_gmt":"2023-02-23T11:07:00","guid":{"rendered":"https:\/\/clair.si\/izdelek\/vjesalica-za-uzde-i-oglavine-hippotonic\/"},"modified":"2026-04-05T19:10:42","modified_gmt":"2026-04-05T17:10:42","slug":"vjesalica-za-uzde-i-oglavine-hippotonic","status":"publish","type":"product","link":"https:\/\/clair.si\/hr\/izdelek\/vjesalica-za-uzde-i-oglavine-hippotonic\/","title":{"rendered":"Vje\u0161alica za uzde i oglavine Hippotonic"},"content":{"rendered":"<p><strong>Vje\u0161alica za uzde i oglavine Hippotonic neizostavan je element svake sedlarne.<\/strong> Mo\u017eete ju pri\u010dvrstiti i na vrata konjskog boksa.<\/p>\n<p>Materijal: obojana kovina.<\/p>\n","protected":false},"excerpt":{"rendered":"<p>Vje\u0161alica za uzde i oglavine Hippotonic neizostavan je element svake sedlarne. Mo\u017eete ju pri\u010dvrstiti i na vrata konjskog boksa. Materijal:<\/p>\n","protected":false},"featured_media":99362,"template":"","meta":{"footnotes":""},"product_brand":[],"product_cat":[5756,5627],"product_tag":[],"class_list":{"0":"post-99368","1":"product","2":"type-product","3":"status-publish","4":"has-post-thumbnail","6":"product_cat-dodaci-za-stalu","7":"product_cat-stala-i-pasnjak","9":"first","10":"instock","11":"shipping-taxable","12":"purchasable","13":"product-type-variable"},"yoast_head":"<!-- This site is optimized with the Yoast SEO plugin v27.3 - https:\/\/yoast.com\/product\/yoast-seo-wordpress\/ -->\n<title>Vje\u0161alica za uzde i oglavine Hippotonic - Clair<\/title>\n<meta name=\"description\" content=\"Vje\u0161alica za uzde i oglavine Hippotonic neizostavan je element svake sedlarne. Mo\u017eete ju pri\u010dvrstiti i na vrata konjskog boksa. Materijal: obojana\" \/>\n<meta name=\"robots\" content=\"index, follow, max-snippet:-1, max-image-preview:large, max-video-preview:-1\" \/>\n<link rel=\"canonical\" href=\"https:\/\/clair.si\/izdelek\/obesalo-za-uzde-in-oglavke-hippotonic\/\" \/>\n<meta property=\"og:locale\" content=\"hr_HR\" \/>\n<meta property=\"og:type\" content=\"article\" \/>\n<meta property=\"og:title\" content=\"Vje\u0161alica za uzde i oglavine Hippotonic - Clair\" \/>\n<meta property=\"og:description\" content=\"Vje\u0161alica za uzde i oglavine Hippotonic neizostavan je element svake sedlarne. Mo\u017eete ju pri\u010dvrstiti i na vrata konjskog boksa. Materijal: obojana\" \/>\n<meta property=\"og:url\" content=\"https:\/\/clair.si\/izdelek\/obesalo-za-uzde-in-oglavke-hippotonic\/\" \/>\n<meta property=\"og:site_name\" content=\"Clair\" \/>\n<meta property=\"article:publisher\" content=\"https:\/\/www.facebook.com\/TrgovinaClair\/\" \/>\n<meta property=\"article:modified_time\" content=\"2026-04-05T17:10:42+00:00\" \/>\n<meta property=\"og:image\" content=\"https:\/\/clair.si\/wp-content\/uploads\/2023\/02\/zeleno-obesalo-za-uzdo.webp\" \/>\n\t<meta property=\"og:image:width\" content=\"1000\" \/>\n\t<meta property=\"og:image:height\" content=\"1000\" \/>\n\t<meta property=\"og:image:type\" content=\"image\/jpeg\" \/>\n<meta name=\"twitter:card\" content=\"summary_large_image\" \/>\n<meta name=\"twitter:label1\" content=\"Procijenjeno vrijeme \u010ditanja\" \/>\n\t<meta name=\"twitter:data1\" content=\"1 minuta\" \/>\n<script type=\"application\/ld+json\" class=\"yoast-schema-graph\">{\"@context\":\"https:\\\/\\\/schema.org\",\"@graph\":[{\"@type\":\"WebPage\",\"@id\":\"https:\\\/\\\/clair.si\\\/izdelek\\\/obesalo-za-uzde-in-oglavke-hippotonic\\\/\",\"url\":\"https:\\\/\\\/clair.si\\\/izdelek\\\/obesalo-za-uzde-in-oglavke-hippotonic\\\/\",\"name\":\"Vje\u0161alica za uzde i oglavine Hippotonic - Clair\",\"isPartOf\":{\"@id\":\"https:\\\/\\\/clair.si\\\/#website\"},\"primaryImageOfPage\":{\"@id\":\"https:\\\/\\\/clair.si\\\/izdelek\\\/obesalo-za-uzde-in-oglavke-hippotonic\\\/#primaryimage\"},\"image\":{\"@id\":\"https:\\\/\\\/clair.si\\\/izdelek\\\/obesalo-za-uzde-in-oglavke-hippotonic\\\/#primaryimage\"},\"thumbnailUrl\":\"https:\\\/\\\/clair.si\\\/wp-content\\\/uploads\\\/2023\\\/02\\\/zeleno-obesalo-za-uzdo.webp\",\"datePublished\":\"2023-02-23T11:07:00+00:00\",\"dateModified\":\"2026-04-05T17:10:42+00:00\",\"description\":\"Vje\u0161alica za uzde i oglavine Hippotonic neizostavan je element svake sedlarne. Mo\u017eete ju pri\u010dvrstiti i na vrata konjskog boksa. Materijal: obojana\",\"breadcrumb\":{\"@id\":\"https:\\\/\\\/clair.si\\\/izdelek\\\/obesalo-za-uzde-in-oglavke-hippotonic\\\/#breadcrumb\"},\"inLanguage\":\"hr\",\"potentialAction\":[{\"@type\":\"ReadAction\",\"target\":[\"https:\\\/\\\/clair.si\\\/izdelek\\\/obesalo-za-uzde-in-oglavke-hippotonic\\\/\"]}]},{\"@type\":\"ImageObject\",\"inLanguage\":\"hr\",\"@id\":\"https:\\\/\\\/clair.si\\\/izdelek\\\/obesalo-za-uzde-in-oglavke-hippotonic\\\/#primaryimage\",\"url\":\"https:\\\/\\\/clair.si\\\/wp-content\\\/uploads\\\/2023\\\/02\\\/zeleno-obesalo-za-uzdo.webp\",\"contentUrl\":\"https:\\\/\\\/clair.si\\\/wp-content\\\/uploads\\\/2023\\\/02\\\/zeleno-obesalo-za-uzdo.webp\",\"width\":1000,\"height\":1000},{\"@type\":\"BreadcrumbList\",\"@id\":\"https:\\\/\\\/clair.si\\\/izdelek\\\/obesalo-za-uzde-in-oglavke-hippotonic\\\/#breadcrumb\",\"itemListElement\":[{\"@type\":\"ListItem\",\"position\":1,\"name\":\"Home\",\"item\":\"https:\\\/\\\/clair.si\\\/hr\\\/\"},{\"@type\":\"ListItem\",\"position\":2,\"name\":\"Trgovina\",\"item\":\"https:\\\/\\\/clair.si\\\/trgovina\\\/\"},{\"@type\":\"ListItem\",\"position\":3,\"name\":\"Vje\u0161alica za uzde i oglavine Hippotonic\"}]},{\"@type\":\"WebSite\",\"@id\":\"https:\\\/\\\/clair.si\\\/#website\",\"url\":\"https:\\\/\\\/clair.si\\\/\",\"name\":\"Clair\",\"description\":\"Trgovina s konjeni\u0161ko opremo\",\"publisher\":{\"@id\":\"https:\\\/\\\/clair.si\\\/#organization\"},\"potentialAction\":[{\"@type\":\"SearchAction\",\"target\":{\"@type\":\"EntryPoint\",\"urlTemplate\":\"https:\\\/\\\/clair.si\\\/?s={search_term_string}\"},\"query-input\":{\"@type\":\"PropertyValueSpecification\",\"valueRequired\":true,\"valueName\":\"search_term_string\"}}],\"inLanguage\":\"hr\"},{\"@type\":\"Organization\",\"@id\":\"https:\\\/\\\/clair.si\\\/#organization\",\"name\":\"Clair\",\"url\":\"https:\\\/\\\/clair.si\\\/\",\"logo\":{\"@type\":\"ImageObject\",\"inLanguage\":\"hr\",\"@id\":\"https:\\\/\\\/clair.si\\\/#\\\/schema\\\/logo\\\/image\\\/\",\"url\":\"https:\\\/\\\/clair.si\\\/wp-content\\\/uploads\\\/2022\\\/11\\\/clair_logo_2022.jpg\",\"contentUrl\":\"https:\\\/\\\/clair.si\\\/wp-content\\\/uploads\\\/2022\\\/11\\\/clair_logo_2022.jpg\",\"width\":1920,\"height\":1920,\"caption\":\"Clair\"},\"image\":{\"@id\":\"https:\\\/\\\/clair.si\\\/#\\\/schema\\\/logo\\\/image\\\/\"},\"sameAs\":[\"https:\\\/\\\/www.facebook.com\\\/TrgovinaClair\\\/\"]}]}<\/script>\n<!-- \/ Yoast SEO plugin. -->","yoast_head_json":{"title":"Vje\u0161alica za uzde i oglavine Hippotonic - Clair","description":"Vje\u0161alica za uzde i oglavine Hippotonic neizostavan je element svake sedlarne. Mo\u017eete ju pri\u010dvrstiti i na vrata konjskog boksa. Materijal: obojana","robots":{"index":"index","follow":"follow","max-snippet":"max-snippet:-1","max-image-preview":"max-image-preview:large","max-video-preview":"max-video-preview:-1"},"canonical":"https:\/\/clair.si\/izdelek\/obesalo-za-uzde-in-oglavke-hippotonic\/","og_locale":"hr_HR","og_type":"article","og_title":"Vje\u0161alica za uzde i oglavine Hippotonic - Clair","og_description":"Vje\u0161alica za uzde i oglavine Hippotonic neizostavan je element svake sedlarne. Mo\u017eete ju pri\u010dvrstiti i na vrata konjskog boksa. Materijal: obojana","og_url":"https:\/\/clair.si\/izdelek\/obesalo-za-uzde-in-oglavke-hippotonic\/","og_site_name":"Clair","article_publisher":"https:\/\/www.facebook.com\/TrgovinaClair\/","article_modified_time":"2026-04-05T17:10:42+00:00","og_image":[{"width":1000,"height":1000,"url":"https:\/\/clair.si\/wp-content\/uploads\/2023\/02\/zeleno-obesalo-za-uzdo.webp","type":"image\/jpeg"}],"twitter_card":"summary_large_image","twitter_misc":{"Procijenjeno vrijeme \u010ditanja":"1 minuta"},"schema":{"@context":"https:\/\/schema.org","@graph":[{"@type":"WebPage","@id":"https:\/\/clair.si\/izdelek\/obesalo-za-uzde-in-oglavke-hippotonic\/","url":"https:\/\/clair.si\/izdelek\/obesalo-za-uzde-in-oglavke-hippotonic\/","name":"Vje\u0161alica za uzde i oglavine Hippotonic - Clair","isPartOf":{"@id":"https:\/\/clair.si\/#website"},"primaryImageOfPage":{"@id":"https:\/\/clair.si\/izdelek\/obesalo-za-uzde-in-oglavke-hippotonic\/#primaryimage"},"image":{"@id":"https:\/\/clair.si\/izdelek\/obesalo-za-uzde-in-oglavke-hippotonic\/#primaryimage"},"thumbnailUrl":"https:\/\/clair.si\/wp-content\/uploads\/2023\/02\/zeleno-obesalo-za-uzdo.webp","datePublished":"2023-02-23T11:07:00+00:00","dateModified":"2026-04-05T17:10:42+00:00","description":"Vje\u0161alica za uzde i oglavine Hippotonic neizostavan je element svake sedlarne. Mo\u017eete ju pri\u010dvrstiti i na vrata konjskog boksa. Materijal: obojana","breadcrumb":{"@id":"https:\/\/clair.si\/izdelek\/obesalo-za-uzde-in-oglavke-hippotonic\/#breadcrumb"},"inLanguage":"hr","potentialAction":[{"@type":"ReadAction","target":["https:\/\/clair.si\/izdelek\/obesalo-za-uzde-in-oglavke-hippotonic\/"]}]},{"@type":"ImageObject","inLanguage":"hr","@id":"https:\/\/clair.si\/izdelek\/obesalo-za-uzde-in-oglavke-hippotonic\/#primaryimage","url":"https:\/\/clair.si\/wp-content\/uploads\/2023\/02\/zeleno-obesalo-za-uzdo.webp","contentUrl":"https:\/\/clair.si\/wp-content\/uploads\/2023\/02\/zeleno-obesalo-za-uzdo.webp","width":1000,"height":1000},{"@type":"BreadcrumbList","@id":"https:\/\/clair.si\/izdelek\/obesalo-za-uzde-in-oglavke-hippotonic\/#breadcrumb","itemListElement":[{"@type":"ListItem","position":1,"name":"Home","item":"https:\/\/clair.si\/hr\/"},{"@type":"ListItem","position":2,"name":"Trgovina","item":"https:\/\/clair.si\/trgovina\/"},{"@type":"ListItem","position":3,"name":"Vje\u0161alica za uzde i oglavine Hippotonic"}]},{"@type":"WebSite","@id":"https:\/\/clair.si\/#website","url":"https:\/\/clair.si\/","name":"Clair","description":"Trgovina s konjeni\u0161ko opremo","publisher":{"@id":"https:\/\/clair.si\/#organization"},"potentialAction":[{"@type":"SearchAction","target":{"@type":"EntryPoint","urlTemplate":"https:\/\/clair.si\/?s={search_term_string}"},"query-input":{"@type":"PropertyValueSpecification","valueRequired":true,"valueName":"search_term_string"}}],"inLanguage":"hr"},{"@type":"Organization","@id":"https:\/\/clair.si\/#organization","name":"Clair","url":"https:\/\/clair.si\/","logo":{"@type":"ImageObject","inLanguage":"hr","@id":"https:\/\/clair.si\/#\/schema\/logo\/image\/","url":"https:\/\/clair.si\/wp-content\/uploads\/2022\/11\/clair_logo_2022.jpg","contentUrl":"https:\/\/clair.si\/wp-content\/uploads\/2022\/11\/clair_logo_2022.jpg","width":1920,"height":1920,"caption":"Clair"},"image":{"@id":"https:\/\/clair.si\/#\/schema\/logo\/image\/"},"sameAs":["https:\/\/www.facebook.com\/TrgovinaClair\/"]}]}},"_links":{"self":[{"href":"https:\/\/clair.si\/hr\/wp-json\/wp\/v2\/product\/99368","targetHints":{"allow":["GET"]}}],"collection":[{"href":"https:\/\/clair.si\/hr\/wp-json\/wp\/v2\/product"}],"about":[{"href":"https:\/\/clair.si\/hr\/wp-json\/wp\/v2\/types\/product"}],"version-history":[{"count":1,"href":"https:\/\/clair.si\/hr\/wp-json\/wp\/v2\/product\/99368\/revisions"}],"predecessor-version":[{"id":114195,"href":"https:\/\/clair.si\/hr\/wp-json\/wp\/v2\/product\/99368\/revisions\/114195"}],"wp:featuredmedia":[{"embeddable":true,"href":"https:\/\/clair.si\/hr\/wp-json\/wp\/v2\/media\/99362"}],"wp:attachment":[{"href":"https:\/\/clair.si\/hr\/wp-json\/wp\/v2\/media?parent=99368"}],"wp:term":[{"taxonomy":"product_brand","embeddable":true,"href":"https:\/\/clair.si\/hr\/wp-json\/wp\/v2\/product_brand?post=99368"},{"taxonomy":"product_cat","embeddable":true,"href":"https:\/\/clair.si\/hr\/wp-json\/wp\/v2\/product_cat?post=99368"},{"taxonomy":"product_tag","embeddable":true,"href":"https:\/\/clair.si\/hr\/wp-json\/wp\/v2\/product_tag?post=99368"}],"curies":[{"name":"wp","href":"https:\/\/api.w.org\/{rel}","templated":true}]}}