{"id":99372,"date":"2023-01-30T13:59:00","date_gmt":"2023-01-30T12:59:00","guid":{"rendered":"https:\/\/clair.si\/izdelek\/lami-cell-come-best-titanium-terapeutska-maska-s-usima\/"},"modified":"2025-08-27T20:58:02","modified_gmt":"2025-08-27T18:58:02","slug":"lami-cell-come-best-titanium-terapeutska-maska-s-usima","status":"publish","type":"product","link":"https:\/\/clair.si\/hr\/izdelek\/lami-cell-come-best-titanium-terapeutska-maska-s-usima\/","title":{"rendered":"Lami Cell Come Best Titanium terapeutska maska s u\u0161ima"},"content":{"rendered":"<p><strong>Lami Cell Titanium COME BEST koncentracijska terapeutska maska s u\u0161ima va\u0161em konju <span class=\"HwtZe\" lang=\"sl\"><span class=\"jCAhz ChMk0b\"><span class=\"ryNqvb\">poma\u017ee odr\u017eati koncentraciju, uklanja umor i bolove, ubla\u017eava napetost i pove\u0107ava energiju.<\/span><\/span> <\/span> <\/strong><\/p>\n<p><span class=\"HwtZe\" lang=\"sl\"><span class=\"jCAhz ChMk0b\"><span class=\"ryNqvb\">Zra\u010dna, 4-smjerno rastezljiva tkanina od titana, bez u\u0161iju. <strong>Lami Cell Titanium terapeutska koncentracijska maska<\/strong> <strong>poma\u017ee u smanjenju nervoze tijekom natjecanja, \u0161to prirodno pove\u0107ava fokus i pobolj\u0161ava performanse<\/strong>.<\/span><\/span> Konji je mogu nositi i u \u0161tali<span class=\"jCAhz ChMk0b\"><span class=\"ryNqvb\">, u ogradi i tijekom transporta.<\/span><\/span> <span class=\"jCAhz ChMk0b\"><span class=\"ryNqvb\">Po potrebi mo\u017eete koristiti masku 24\/7.<\/span><\/span><\/span><\/p>\n<p><strong>Terapeutska namjena<\/strong><\/p>\n<ul>\n<li>teku\u0107i titan<\/li>\n<li>prozra\u010dnost<\/li>\n<li>se brzo su\u0161i<\/li>\n<li>rastezljiva u svim smjerovima<\/li>\n<li>s u\u0161ima<\/li>\n<\/ul>\n<p><strong>Pove\u0107an fokus<\/strong><\/p>\n<ul>\n<li>uklanja umor<\/li>\n<li>opu\u0161ta napetost<\/li>\n<\/ul>\n<p><strong>Pove\u0107ana u\u010dinkovitost<\/strong><\/p>\n<ul>\n<li>poma\u017ee pri koncentraciji<\/li>\n<li>ubla\u017eava osje\u0107aje tjeskobe<\/li>\n<li>smanjuje nervozu<\/li>\n<\/ul>\n<p><strong>Upute za njegu:<\/strong><\/p>\n<ul>\n<li><span class=\"HwtZe\" lang=\"sl\"><span class=\"jCAhz ChMk0b\"><span class=\"ryNqvb\">Perivo u perilici rublja na 30\u00b0C<\/span><\/span> <\/span><\/li>\n<li><span class=\"HwtZe\" lang=\"sl\"><span class=\"jCAhz ChMk0b\"><span class=\"ryNqvb\">Preporu\u010duje se pranje u vre\u0107ici za pranje<\/span><\/span> <\/span><\/li>\n<li><span class=\"HwtZe\" lang=\"sl\"><span class=\"jCAhz ChMk0b\"><span class=\"ryNqvb\">Ne su\u0161ite u su\u0161ilici<\/span><\/span> <\/span><\/li>\n<li><span class=\"HwtZe\" lang=\"sl\"><span class=\"jCAhz ChMk0b\"><span class=\"ryNqvb\">Ne koristite izbjeljiva\u010d<\/span><\/span><\/span><\/li>\n<\/ul>\n<p>&nbsp;<\/p>\n","protected":false},"excerpt":{"rendered":"<p><img loading=\"lazy\" decoding=\"async\" class=\"alignnone wp-image-26431\" src=\"https:\/\/clair.si\/wp-content\/uploads\/2023\/01\/come-best-logo.webp\" alt=\"\" width=\"237\" height=\"49\" srcset=\"https:\/\/clair.si\/wp-content\/uploads\/2023\/01\/come-best-logo.webp 300w, https:\/\/clair.si\/wp-content\/uploads\/2023\/01\/come-best-logo-150x31.webp 150w\" sizes=\"auto, (max-width: 237px) 100vw, 237px\" \/><br \/>\n<strong>Za pobolj\u0161anje performansi va\u0161eg konja!<\/strong><\/p>\n","protected":false},"featured_media":99377,"template":"","meta":{"footnotes":""},"product_brand":[],"product_cat":[5744,5624,6480,6492,5726],"product_tag":[],"class_list":{"0":"post-99372","1":"product","2":"type-product","3":"status-publish","4":"has-post-thumbnail","6":"product_cat-kolekcije-hr","7":"product_cat-konj-hr","8":"product_cat-lami-cell-hr","9":"product_cat-lami-cell-come-best-hr","10":"product_cat-podsedlice-i-kapice-za-usi","12":"first","13":"instock","14":"shipping-taxable","15":"purchasable","16":"product-type-variable"},"yoast_head":"<!-- This site is optimized with the Yoast SEO plugin v27.3 - https:\/\/yoast.com\/product\/yoast-seo-wordpress\/ -->\n<title>Lami Cell Come Best Titanium terapeutska maska s u\u0161ima - Clair<\/title>\n<meta name=\"description\" content=\"Za pobolj\u0161anje performansi va\u0161eg konja!\" \/>\n<meta name=\"robots\" content=\"index, follow, max-snippet:-1, max-image-preview:large, max-video-preview:-1\" \/>\n<link rel=\"canonical\" href=\"https:\/\/clair.si\/hr\/izdelek\/lami-cell-come-best-titanium-terapeutska-maska-s-usima\/\" \/>\n<meta property=\"og:locale\" content=\"hr_HR\" \/>\n<meta property=\"og:type\" content=\"article\" \/>\n<meta property=\"og:title\" content=\"Lami Cell Come Best Titanium terapeutska maska s u\u0161ima - Clair\" \/>\n<meta property=\"og:description\" content=\"Za pobolj\u0161anje performansi va\u0161eg konja!\" \/>\n<meta property=\"og:url\" content=\"https:\/\/clair.si\/hr\/izdelek\/lami-cell-come-best-titanium-terapeutska-maska-s-usima\/\" \/>\n<meta property=\"og:site_name\" content=\"Clair\" \/>\n<meta property=\"article:publisher\" content=\"https:\/\/www.facebook.com\/TrgovinaClair\/\" \/>\n<meta property=\"article:modified_time\" content=\"2025-08-27T18:58:02+00:00\" \/>\n<meta property=\"og:image\" content=\"https:\/\/clair.si\/wp-content\/uploads\/2023\/01\/lami-cell-titanium-come-best-koncentracijska-terapevtska-maska-za-konje-z-usesi.jpg\" \/>\n\t<meta property=\"og:image:width\" content=\"1000\" \/>\n\t<meta property=\"og:image:height\" content=\"1000\" \/>\n\t<meta property=\"og:image:type\" content=\"image\/jpeg\" \/>\n<meta name=\"twitter:card\" content=\"summary_large_image\" \/>\n<meta name=\"twitter:label1\" content=\"Procijenjeno vrijeme \u010ditanja\" \/>\n\t<meta name=\"twitter:data1\" content=\"1 minuta\" \/>\n<script type=\"application\/ld+json\" class=\"yoast-schema-graph\">{\"@context\":\"https:\\\/\\\/schema.org\",\"@graph\":[{\"@type\":\"WebPage\",\"@id\":\"https:\\\/\\\/clair.si\\\/hr\\\/izdelek\\\/lami-cell-come-best-titanium-terapeutska-maska-s-usima\\\/\",\"url\":\"https:\\\/\\\/clair.si\\\/hr\\\/izdelek\\\/lami-cell-come-best-titanium-terapeutska-maska-s-usima\\\/\",\"name\":\"Lami Cell Come Best Titanium terapeutska maska s u\u0161ima - Clair\",\"isPartOf\":{\"@id\":\"https:\\\/\\\/clair.si\\\/#website\"},\"primaryImageOfPage\":{\"@id\":\"https:\\\/\\\/clair.si\\\/hr\\\/izdelek\\\/lami-cell-come-best-titanium-terapeutska-maska-s-usima\\\/#primaryimage\"},\"image\":{\"@id\":\"https:\\\/\\\/clair.si\\\/hr\\\/izdelek\\\/lami-cell-come-best-titanium-terapeutska-maska-s-usima\\\/#primaryimage\"},\"thumbnailUrl\":\"https:\\\/\\\/clair.si\\\/wp-content\\\/uploads\\\/2023\\\/01\\\/lami-cell-titanium-come-best-koncentracijska-terapevtska-maska-za-konje-z-usesi.webp\",\"datePublished\":\"2023-01-30T12:59:00+00:00\",\"dateModified\":\"2025-08-27T18:58:02+00:00\",\"description\":\"Za pobolj\u0161anje performansi va\u0161eg konja!\",\"breadcrumb\":{\"@id\":\"https:\\\/\\\/clair.si\\\/hr\\\/izdelek\\\/lami-cell-come-best-titanium-terapeutska-maska-s-usima\\\/#breadcrumb\"},\"inLanguage\":\"hr\",\"potentialAction\":[{\"@type\":\"ReadAction\",\"target\":[\"https:\\\/\\\/clair.si\\\/hr\\\/izdelek\\\/lami-cell-come-best-titanium-terapeutska-maska-s-usima\\\/\"]}]},{\"@type\":\"ImageObject\",\"inLanguage\":\"hr\",\"@id\":\"https:\\\/\\\/clair.si\\\/hr\\\/izdelek\\\/lami-cell-come-best-titanium-terapeutska-maska-s-usima\\\/#primaryimage\",\"url\":\"https:\\\/\\\/clair.si\\\/wp-content\\\/uploads\\\/2023\\\/01\\\/lami-cell-titanium-come-best-koncentracijska-terapevtska-maska-za-konje-z-usesi.webp\",\"contentUrl\":\"https:\\\/\\\/clair.si\\\/wp-content\\\/uploads\\\/2023\\\/01\\\/lami-cell-titanium-come-best-koncentracijska-terapevtska-maska-za-konje-z-usesi.webp\",\"width\":1000,\"height\":1000,\"caption\":\"Terapevtska koncentracijska maska z u\u0161esi za konja, Lami Cell Come Best Titan.\"},{\"@type\":\"BreadcrumbList\",\"@id\":\"https:\\\/\\\/clair.si\\\/hr\\\/izdelek\\\/lami-cell-come-best-titanium-terapeutska-maska-s-usima\\\/#breadcrumb\",\"itemListElement\":[{\"@type\":\"ListItem\",\"position\":1,\"name\":\"Home\",\"item\":\"https:\\\/\\\/clair.si\\\/hr\\\/\"},{\"@type\":\"ListItem\",\"position\":2,\"name\":\"Trgovina\",\"item\":\"https:\\\/\\\/clair.si\\\/trgovina\\\/\"},{\"@type\":\"ListItem\",\"position\":3,\"name\":\"Lami Cell Come Best Titanium terapeutska maska s u\u0161ima\"}]},{\"@type\":\"WebSite\",\"@id\":\"https:\\\/\\\/clair.si\\\/#website\",\"url\":\"https:\\\/\\\/clair.si\\\/\",\"name\":\"Clair\",\"description\":\"Trgovina s konjeni\u0161ko opremo\",\"publisher\":{\"@id\":\"https:\\\/\\\/clair.si\\\/#organization\"},\"potentialAction\":[{\"@type\":\"SearchAction\",\"target\":{\"@type\":\"EntryPoint\",\"urlTemplate\":\"https:\\\/\\\/clair.si\\\/?s={search_term_string}\"},\"query-input\":{\"@type\":\"PropertyValueSpecification\",\"valueRequired\":true,\"valueName\":\"search_term_string\"}}],\"inLanguage\":\"hr\"},{\"@type\":\"Organization\",\"@id\":\"https:\\\/\\\/clair.si\\\/#organization\",\"name\":\"Clair\",\"url\":\"https:\\\/\\\/clair.si\\\/\",\"logo\":{\"@type\":\"ImageObject\",\"inLanguage\":\"hr\",\"@id\":\"https:\\\/\\\/clair.si\\\/#\\\/schema\\\/logo\\\/image\\\/\",\"url\":\"https:\\\/\\\/clair.si\\\/wp-content\\\/uploads\\\/2022\\\/11\\\/clair_logo_2022.jpg\",\"contentUrl\":\"https:\\\/\\\/clair.si\\\/wp-content\\\/uploads\\\/2022\\\/11\\\/clair_logo_2022.jpg\",\"width\":1920,\"height\":1920,\"caption\":\"Clair\"},\"image\":{\"@id\":\"https:\\\/\\\/clair.si\\\/#\\\/schema\\\/logo\\\/image\\\/\"},\"sameAs\":[\"https:\\\/\\\/www.facebook.com\\\/TrgovinaClair\\\/\"]}]}<\/script>\n<!-- \/ Yoast SEO plugin. -->","yoast_head_json":{"title":"Lami Cell Come Best Titanium terapeutska maska s u\u0161ima - Clair","description":"Za pobolj\u0161anje performansi va\u0161eg konja!","robots":{"index":"index","follow":"follow","max-snippet":"max-snippet:-1","max-image-preview":"max-image-preview:large","max-video-preview":"max-video-preview:-1"},"canonical":"https:\/\/clair.si\/hr\/izdelek\/lami-cell-come-best-titanium-terapeutska-maska-s-usima\/","og_locale":"hr_HR","og_type":"article","og_title":"Lami Cell Come Best Titanium terapeutska maska s u\u0161ima - Clair","og_description":"Za pobolj\u0161anje performansi va\u0161eg konja!","og_url":"https:\/\/clair.si\/hr\/izdelek\/lami-cell-come-best-titanium-terapeutska-maska-s-usima\/","og_site_name":"Clair","article_publisher":"https:\/\/www.facebook.com\/TrgovinaClair\/","article_modified_time":"2025-08-27T18:58:02+00:00","og_image":[{"width":1000,"height":1000,"url":"https:\/\/clair.si\/wp-content\/uploads\/2023\/01\/lami-cell-titanium-come-best-koncentracijska-terapevtska-maska-za-konje-z-usesi.jpg","type":"image\/jpeg"}],"twitter_card":"summary_large_image","twitter_misc":{"Procijenjeno vrijeme \u010ditanja":"1 minuta"},"schema":{"@context":"https:\/\/schema.org","@graph":[{"@type":"WebPage","@id":"https:\/\/clair.si\/hr\/izdelek\/lami-cell-come-best-titanium-terapeutska-maska-s-usima\/","url":"https:\/\/clair.si\/hr\/izdelek\/lami-cell-come-best-titanium-terapeutska-maska-s-usima\/","name":"Lami Cell Come Best Titanium terapeutska maska s u\u0161ima - Clair","isPartOf":{"@id":"https:\/\/clair.si\/#website"},"primaryImageOfPage":{"@id":"https:\/\/clair.si\/hr\/izdelek\/lami-cell-come-best-titanium-terapeutska-maska-s-usima\/#primaryimage"},"image":{"@id":"https:\/\/clair.si\/hr\/izdelek\/lami-cell-come-best-titanium-terapeutska-maska-s-usima\/#primaryimage"},"thumbnailUrl":"https:\/\/clair.si\/wp-content\/uploads\/2023\/01\/lami-cell-titanium-come-best-koncentracijska-terapevtska-maska-za-konje-z-usesi.webp","datePublished":"2023-01-30T12:59:00+00:00","dateModified":"2025-08-27T18:58:02+00:00","description":"Za pobolj\u0161anje performansi va\u0161eg konja!","breadcrumb":{"@id":"https:\/\/clair.si\/hr\/izdelek\/lami-cell-come-best-titanium-terapeutska-maska-s-usima\/#breadcrumb"},"inLanguage":"hr","potentialAction":[{"@type":"ReadAction","target":["https:\/\/clair.si\/hr\/izdelek\/lami-cell-come-best-titanium-terapeutska-maska-s-usima\/"]}]},{"@type":"ImageObject","inLanguage":"hr","@id":"https:\/\/clair.si\/hr\/izdelek\/lami-cell-come-best-titanium-terapeutska-maska-s-usima\/#primaryimage","url":"https:\/\/clair.si\/wp-content\/uploads\/2023\/01\/lami-cell-titanium-come-best-koncentracijska-terapevtska-maska-za-konje-z-usesi.webp","contentUrl":"https:\/\/clair.si\/wp-content\/uploads\/2023\/01\/lami-cell-titanium-come-best-koncentracijska-terapevtska-maska-za-konje-z-usesi.webp","width":1000,"height":1000,"caption":"Terapevtska koncentracijska maska z u\u0161esi za konja, Lami Cell Come Best Titan."},{"@type":"BreadcrumbList","@id":"https:\/\/clair.si\/hr\/izdelek\/lami-cell-come-best-titanium-terapeutska-maska-s-usima\/#breadcrumb","itemListElement":[{"@type":"ListItem","position":1,"name":"Home","item":"https:\/\/clair.si\/hr\/"},{"@type":"ListItem","position":2,"name":"Trgovina","item":"https:\/\/clair.si\/trgovina\/"},{"@type":"ListItem","position":3,"name":"Lami Cell Come Best Titanium terapeutska maska s u\u0161ima"}]},{"@type":"WebSite","@id":"https:\/\/clair.si\/#website","url":"https:\/\/clair.si\/","name":"Clair","description":"Trgovina s konjeni\u0161ko opremo","publisher":{"@id":"https:\/\/clair.si\/#organization"},"potentialAction":[{"@type":"SearchAction","target":{"@type":"EntryPoint","urlTemplate":"https:\/\/clair.si\/?s={search_term_string}"},"query-input":{"@type":"PropertyValueSpecification","valueRequired":true,"valueName":"search_term_string"}}],"inLanguage":"hr"},{"@type":"Organization","@id":"https:\/\/clair.si\/#organization","name":"Clair","url":"https:\/\/clair.si\/","logo":{"@type":"ImageObject","inLanguage":"hr","@id":"https:\/\/clair.si\/#\/schema\/logo\/image\/","url":"https:\/\/clair.si\/wp-content\/uploads\/2022\/11\/clair_logo_2022.jpg","contentUrl":"https:\/\/clair.si\/wp-content\/uploads\/2022\/11\/clair_logo_2022.jpg","width":1920,"height":1920,"caption":"Clair"},"image":{"@id":"https:\/\/clair.si\/#\/schema\/logo\/image\/"},"sameAs":["https:\/\/www.facebook.com\/TrgovinaClair\/"]}]}},"_links":{"self":[{"href":"https:\/\/clair.si\/hr\/wp-json\/wp\/v2\/product\/99372","targetHints":{"allow":["GET"]}}],"collection":[{"href":"https:\/\/clair.si\/hr\/wp-json\/wp\/v2\/product"}],"about":[{"href":"https:\/\/clair.si\/hr\/wp-json\/wp\/v2\/types\/product"}],"version-history":[{"count":1,"href":"https:\/\/clair.si\/hr\/wp-json\/wp\/v2\/product\/99372\/revisions"}],"predecessor-version":[{"id":114196,"href":"https:\/\/clair.si\/hr\/wp-json\/wp\/v2\/product\/99372\/revisions\/114196"}],"wp:featuredmedia":[{"embeddable":true,"href":"https:\/\/clair.si\/hr\/wp-json\/wp\/v2\/media\/99377"}],"wp:attachment":[{"href":"https:\/\/clair.si\/hr\/wp-json\/wp\/v2\/media?parent=99372"}],"wp:term":[{"taxonomy":"product_brand","embeddable":true,"href":"https:\/\/clair.si\/hr\/wp-json\/wp\/v2\/product_brand?post=99372"},{"taxonomy":"product_cat","embeddable":true,"href":"https:\/\/clair.si\/hr\/wp-json\/wp\/v2\/product_cat?post=99372"},{"taxonomy":"product_tag","embeddable":true,"href":"https:\/\/clair.si\/hr\/wp-json\/wp\/v2\/product_tag?post=99372"}],"curies":[{"name":"wp","href":"https:\/\/api.w.org\/{rel}","templated":true}]}}