{"id":99417,"date":"2023-01-30T10:17:47","date_gmt":"2023-01-30T09:17:47","guid":{"rendered":"https:\/\/clair.si\/izdelek\/cavalor-oilmega\/"},"modified":"2023-01-30T10:17:47","modified_gmt":"2023-01-30T09:17:47","slug":"cavalor-oilmega","status":"publish","type":"product","link":"https:\/\/clair.si\/hr\/izdelek\/cavalor-oilmega\/","title":{"rendered":"Cavalor OilMega"},"content":{"rendered":"<p><strong>Cavalor OilMega<\/strong>, odr\u017eava va\u0161eg konja zdravim iznutra i izvana. OilMega sadr\u017ei <strong>omega-3, omega-6 i omega-9 masne kiseline<\/strong> u kombinaciji s \u201eprirodnim antibioticima\u201d za zdravu crijevnu floru i dodatnu <strong>podr\u0161ku imunolo\u0161kom sustavu<\/strong>. Va\u0161em konju d<strong>aje sjajnu dlaku, zdravu crijevnu floru i ja\u010du prirodnu otpornost<\/strong>. <strong>Prehrana s visokim udjelom masti tako\u0111er mo\u017ee pobolj\u0161ati sportske rezultate.<\/strong> Energija iz masti mo\u017ee povoljno utjecati na opskrbu energijom kod konja za izdr\u017eljivost ili na pona\u0161anje kod \u201ehiperaktivnih\u201d konja.  <\/p>\n<p>Mast ima visoku energetsku gusto\u0107u \u2013 konji se ne \u201ezagrijavaju\u201d tako brzo kao kod nekih \u017eitarica. Omega-3 i omega-6 masne kiseline su esencijalne masne kiseline, \u0161to zna\u010di da tijelo treba te tvari, ali ih ne mo\u017ee proizvesti samo. Masne kiseline je stoga potrebno apsorbirati iz hrane. Esencijalne masne kiseline nalazimo u biljnim uljima, ora\u0161astim plodovima i \u017eitaricama. Omega-6 masne kiseline nalazimo uglavnom u sojinom ulju, zrnu i sjemenkama. Svje\u017ea trava, laneno sjeme, maslinovo ulje i ulje uljane repice sadr\u017ee puno omega-3 masnih kiselina. Danas ve\u0107ina konja dobiva dovoljno omega-6 masnih kiselina svojom hranom; \u017eitarice u hrani sadr\u017ee dovoljne koli\u010dine ove masne kiseline. Kada konji ve\u0107inu vremena provode u staji ili kada je ispa\u0161a uglavnom nemogu\u0107a (na primjer zimi), \u010desto dobivaju manje koli\u010dine omega-3 masnih kiselina. Va\u017eno je da omjer izme\u0111u omega-3 i omega-6 ostane u ravnote\u017ei. Ako je omjer izme\u0111u omega-3 i omega-6 pravi, konj \u0107e automatski proizvesti dovoljno omega-9.         <\/p>\n<p><strong>Pravilan omjer izme\u0111u omega-3 i omega-6 masnih kiselina koristan je kako za imunolo\u0161ki sustav, tako i za op\u0107e zdravlje konja.<\/strong> Neravnote\u017ea izme\u0111u ovih masnih kiselina mo\u017ee uzrokovati upalu, lo\u0161u dlaku, smanjenu otpornost i smanjenu plodnost. <strong>Cavalor OilMega sadr\u017ei omega-3 i omega-6 masne kiseline te dodan vitamin E.<\/strong> Vitamin E \u0161titi masne kiseline od oksidativne razgradnje, tako da mogu dulje obavljati svoj posao. \u0160to vi\u0161e masti sadr\u017ei konjev dnevni obrok, vi\u0161e vitamina E mu je potrebno. <\/p>\n<p><strong>Cavalor OilMega tako\u0111er sadr\u017ei prirodne antibiotike.<\/strong> Oil Mega uravnote\u017eena i patentirana mje\u0161avina specifi\u010dnih masnih kiselina (srednjelan\u010dane masne kiseline (C6-C12) iz tropskih biljaka) poti\u010de zdravu crijevnu floru, djeluje na ja\u010danje zdravlja i usporava starenje stanica te pove\u0107ava prirodnu obranu konja. Rezultat toga je sjajna dlaka i zdrav konjev imunolo\u0161ki sustav. <\/p>\n<p><strong>Upute za uporabu:<\/strong><\/p>\n<p><strong>U hranu dodajte postupno, hranite jednom dnevno:<\/strong><\/p>\n<ul>\n<li><strong>1. dan: 20 ml<\/strong><\/li>\n<li><strong>2. dan: 40 ml<\/strong><\/li>\n<li><strong>3. dan: 60 ml<\/strong><\/li>\n<li><strong>4. dan: 80 ml<\/strong><\/li>\n<li><strong>5. dan: 100 ml<\/strong><\/li>\n<\/ul>\n<p><strong>Nakon pet dana nastavite s hranjenjem 100 ml dnevno. Najve\u0107a dnevna doza je 500 ml.  <\/strong><\/p>\n<p>&nbsp;<\/p>\n","protected":false},"excerpt":{"rendered":"<ul>\n<li><span class=\"HwtZe\" lang=\"sl\"><span class=\"jCAhz ChMk0b\"><span class=\"ryNqvb\">Uravnote\u017eena mje\u0161avina masnih kiselina i NAB (prirodnih antibiotika)<\/span><\/span><\/span><\/li>\n<li><span class=\"HwtZe\" lang=\"sl\"> <span class=\"jCAhz ChMk0b\"><span class=\"ryNqvb\">Za zdravu crijevnu floru i dodatnu podr\u0161ku imunolo\u0161kom sustavu<\/span><\/span> <\/span><\/li>\n<li><span class=\"HwtZe\" lang=\"sl\"><span class=\"jCAhz ChMk0b\"><span class=\"ryNqvb\">Visok udio omega-3 i omega-6 masnih kiselina <\/span><\/span><\/span><\/li>\n<li><span class=\"HwtZe\" lang=\"sl\"><span class=\"jCAhz ChMk0b\"><span class=\"ryNqvb\">+ vitamin E za dobru kondiciju<\/span><\/span><\/span><\/li>\n<\/ul>\n<p><strong>Koli\u010dina: 2 L<\/strong><\/p>\n","protected":false},"featured_media":99419,"template":"","meta":{"footnotes":""},"product_brand":[],"product_cat":[5711,5710,5712],"product_tag":[],"class_list":{"0":"post-99417","1":"product","2":"type-product","3":"status-publish","4":"has-post-thumbnail","6":"product_cat-hrana-i-prehrambeni-dodaci-cavalor","7":"product_cat-hrana-za-konje-hr","8":"product_cat-prehrambeni-dodaci","10":"first","11":"instock","12":"shipping-taxable","13":"purchasable","14":"product-type-simple"},"yoast_head":"<!-- This site is optimized with the Yoast SEO plugin v27.4 - https:\/\/yoast.com\/product\/yoast-seo-wordpress\/ -->\n<title>Cavalor OilMega - Clair<\/title>\n<meta name=\"description\" content=\"Uravnote\u017eena mje\u0161avina masnih kiselina i NAB (prirodnih antibiotika)  Za zdravu crijevnu floru i dodatnu podr\u0161ku imunolo\u0161kom sustavu  Visok udio omega-3 i omega-6 masnih kiselina  + vitamin E za dobru kondiciju Koli\u010dina: 2 L\" \/>\n<meta name=\"robots\" content=\"index, follow, max-snippet:-1, max-image-preview:large, max-video-preview:-1\" \/>\n<link rel=\"canonical\" href=\"https:\/\/clair.si\/hr\/izdelek\/cavalor-oilmega\/\" \/>\n<meta property=\"og:locale\" content=\"hr_HR\" \/>\n<meta property=\"og:type\" content=\"article\" \/>\n<meta property=\"og:title\" content=\"Cavalor OilMega - Clair\" \/>\n<meta property=\"og:description\" content=\"Uravnote\u017eena mje\u0161avina masnih kiselina i NAB (prirodnih antibiotika)  Za zdravu crijevnu floru i dodatnu podr\u0161ku imunolo\u0161kom sustavu  Visok udio omega-3 i omega-6 masnih kiselina  + vitamin E za dobru kondiciju Koli\u010dina: 2 L\" \/>\n<meta property=\"og:url\" content=\"https:\/\/clair.si\/hr\/izdelek\/cavalor-oilmega\/\" \/>\n<meta property=\"og:site_name\" content=\"Clair\" \/>\n<meta property=\"article:publisher\" content=\"https:\/\/www.facebook.com\/TrgovinaClair\/\" \/>\n<meta property=\"og:image\" content=\"https:\/\/clair.si\/wp-content\/uploads\/2023\/01\/Oilmega-cavalor-clair.jpg\" \/>\n\t<meta property=\"og:image:width\" content=\"550\" \/>\n\t<meta property=\"og:image:height\" content=\"550\" \/>\n\t<meta property=\"og:image:type\" content=\"image\/jpeg\" \/>\n<meta name=\"twitter:card\" content=\"summary_large_image\" \/>\n<meta name=\"twitter:label1\" content=\"Procijenjeno vrijeme \u010ditanja\" \/>\n\t<meta name=\"twitter:data1\" content=\"2 minute\" \/>\n<script type=\"application\/ld+json\" class=\"yoast-schema-graph\">{\"@context\":\"https:\\\/\\\/schema.org\",\"@graph\":[{\"@type\":\"WebPage\",\"@id\":\"https:\\\/\\\/clair.si\\\/hr\\\/izdelek\\\/cavalor-oilmega\\\/\",\"url\":\"https:\\\/\\\/clair.si\\\/hr\\\/izdelek\\\/cavalor-oilmega\\\/\",\"name\":\"Cavalor OilMega - Clair\",\"isPartOf\":{\"@id\":\"https:\\\/\\\/clair.si\\\/#website\"},\"primaryImageOfPage\":{\"@id\":\"https:\\\/\\\/clair.si\\\/hr\\\/izdelek\\\/cavalor-oilmega\\\/#primaryimage\"},\"image\":{\"@id\":\"https:\\\/\\\/clair.si\\\/hr\\\/izdelek\\\/cavalor-oilmega\\\/#primaryimage\"},\"thumbnailUrl\":\"https:\\\/\\\/clair.si\\\/wp-content\\\/uploads\\\/2023\\\/01\\\/Oilmega-cavalor-clair.webp\",\"datePublished\":\"2023-01-30T09:17:47+00:00\",\"description\":\"Uravnote\u017eena mje\u0161avina masnih kiselina i NAB (prirodnih antibiotika) Za zdravu crijevnu floru i dodatnu podr\u0161ku imunolo\u0161kom sustavu Visok udio omega-3 i omega-6 masnih kiselina + vitamin E za dobru kondiciju Koli\u010dina: 2 L\",\"breadcrumb\":{\"@id\":\"https:\\\/\\\/clair.si\\\/hr\\\/izdelek\\\/cavalor-oilmega\\\/#breadcrumb\"},\"inLanguage\":\"hr\",\"potentialAction\":[{\"@type\":\"ReadAction\",\"target\":[\"https:\\\/\\\/clair.si\\\/hr\\\/izdelek\\\/cavalor-oilmega\\\/\"]}]},{\"@type\":\"ImageObject\",\"inLanguage\":\"hr\",\"@id\":\"https:\\\/\\\/clair.si\\\/hr\\\/izdelek\\\/cavalor-oilmega\\\/#primaryimage\",\"url\":\"https:\\\/\\\/clair.si\\\/wp-content\\\/uploads\\\/2023\\\/01\\\/Oilmega-cavalor-clair.webp\",\"contentUrl\":\"https:\\\/\\\/clair.si\\\/wp-content\\\/uploads\\\/2023\\\/01\\\/Oilmega-cavalor-clair.webp\",\"width\":550,\"height\":550,\"caption\":\"Cavalor OilMega\"},{\"@type\":\"BreadcrumbList\",\"@id\":\"https:\\\/\\\/clair.si\\\/hr\\\/izdelek\\\/cavalor-oilmega\\\/#breadcrumb\",\"itemListElement\":[{\"@type\":\"ListItem\",\"position\":1,\"name\":\"Home\",\"item\":\"https:\\\/\\\/clair.si\\\/hr\\\/\"},{\"@type\":\"ListItem\",\"position\":2,\"name\":\"Trgovina\",\"item\":\"https:\\\/\\\/clair.si\\\/trgovina\\\/\"},{\"@type\":\"ListItem\",\"position\":3,\"name\":\"Cavalor OilMega\"}]},{\"@type\":\"WebSite\",\"@id\":\"https:\\\/\\\/clair.si\\\/#website\",\"url\":\"https:\\\/\\\/clair.si\\\/\",\"name\":\"Clair\",\"description\":\"Trgovina s konjeni\u0161ko opremo\",\"publisher\":{\"@id\":\"https:\\\/\\\/clair.si\\\/#organization\"},\"potentialAction\":[{\"@type\":\"SearchAction\",\"target\":{\"@type\":\"EntryPoint\",\"urlTemplate\":\"https:\\\/\\\/clair.si\\\/?s={search_term_string}\"},\"query-input\":{\"@type\":\"PropertyValueSpecification\",\"valueRequired\":true,\"valueName\":\"search_term_string\"}}],\"inLanguage\":\"hr\"},{\"@type\":\"Organization\",\"@id\":\"https:\\\/\\\/clair.si\\\/#organization\",\"name\":\"Clair\",\"url\":\"https:\\\/\\\/clair.si\\\/\",\"logo\":{\"@type\":\"ImageObject\",\"inLanguage\":\"hr\",\"@id\":\"https:\\\/\\\/clair.si\\\/#\\\/schema\\\/logo\\\/image\\\/\",\"url\":\"https:\\\/\\\/clair.si\\\/wp-content\\\/uploads\\\/2022\\\/11\\\/clair_logo_2022.jpg\",\"contentUrl\":\"https:\\\/\\\/clair.si\\\/wp-content\\\/uploads\\\/2022\\\/11\\\/clair_logo_2022.jpg\",\"width\":1920,\"height\":1920,\"caption\":\"Clair\"},\"image\":{\"@id\":\"https:\\\/\\\/clair.si\\\/#\\\/schema\\\/logo\\\/image\\\/\"},\"sameAs\":[\"https:\\\/\\\/www.facebook.com\\\/TrgovinaClair\\\/\"]}]}<\/script>\n<!-- \/ Yoast SEO plugin. -->","yoast_head_json":{"title":"Cavalor OilMega - Clair","description":"Uravnote\u017eena mje\u0161avina masnih kiselina i NAB (prirodnih antibiotika)  Za zdravu crijevnu floru i dodatnu podr\u0161ku imunolo\u0161kom sustavu  Visok udio omega-3 i omega-6 masnih kiselina  + vitamin E za dobru kondiciju Koli\u010dina: 2 L","robots":{"index":"index","follow":"follow","max-snippet":"max-snippet:-1","max-image-preview":"max-image-preview:large","max-video-preview":"max-video-preview:-1"},"canonical":"https:\/\/clair.si\/hr\/izdelek\/cavalor-oilmega\/","og_locale":"hr_HR","og_type":"article","og_title":"Cavalor OilMega - Clair","og_description":"Uravnote\u017eena mje\u0161avina masnih kiselina i NAB (prirodnih antibiotika)  Za zdravu crijevnu floru i dodatnu podr\u0161ku imunolo\u0161kom sustavu  Visok udio omega-3 i omega-6 masnih kiselina  + vitamin E za dobru kondiciju Koli\u010dina: 2 L","og_url":"https:\/\/clair.si\/hr\/izdelek\/cavalor-oilmega\/","og_site_name":"Clair","article_publisher":"https:\/\/www.facebook.com\/TrgovinaClair\/","og_image":[{"width":550,"height":550,"url":"https:\/\/clair.si\/wp-content\/uploads\/2023\/01\/Oilmega-cavalor-clair.jpg","type":"image\/jpeg"}],"twitter_card":"summary_large_image","twitter_misc":{"Procijenjeno vrijeme \u010ditanja":"2 minute"},"schema":{"@context":"https:\/\/schema.org","@graph":[{"@type":"WebPage","@id":"https:\/\/clair.si\/hr\/izdelek\/cavalor-oilmega\/","url":"https:\/\/clair.si\/hr\/izdelek\/cavalor-oilmega\/","name":"Cavalor OilMega - Clair","isPartOf":{"@id":"https:\/\/clair.si\/#website"},"primaryImageOfPage":{"@id":"https:\/\/clair.si\/hr\/izdelek\/cavalor-oilmega\/#primaryimage"},"image":{"@id":"https:\/\/clair.si\/hr\/izdelek\/cavalor-oilmega\/#primaryimage"},"thumbnailUrl":"https:\/\/clair.si\/wp-content\/uploads\/2023\/01\/Oilmega-cavalor-clair.webp","datePublished":"2023-01-30T09:17:47+00:00","description":"Uravnote\u017eena mje\u0161avina masnih kiselina i NAB (prirodnih antibiotika) Za zdravu crijevnu floru i dodatnu podr\u0161ku imunolo\u0161kom sustavu Visok udio omega-3 i omega-6 masnih kiselina + vitamin E za dobru kondiciju Koli\u010dina: 2 L","breadcrumb":{"@id":"https:\/\/clair.si\/hr\/izdelek\/cavalor-oilmega\/#breadcrumb"},"inLanguage":"hr","potentialAction":[{"@type":"ReadAction","target":["https:\/\/clair.si\/hr\/izdelek\/cavalor-oilmega\/"]}]},{"@type":"ImageObject","inLanguage":"hr","@id":"https:\/\/clair.si\/hr\/izdelek\/cavalor-oilmega\/#primaryimage","url":"https:\/\/clair.si\/wp-content\/uploads\/2023\/01\/Oilmega-cavalor-clair.webp","contentUrl":"https:\/\/clair.si\/wp-content\/uploads\/2023\/01\/Oilmega-cavalor-clair.webp","width":550,"height":550,"caption":"Cavalor OilMega"},{"@type":"BreadcrumbList","@id":"https:\/\/clair.si\/hr\/izdelek\/cavalor-oilmega\/#breadcrumb","itemListElement":[{"@type":"ListItem","position":1,"name":"Home","item":"https:\/\/clair.si\/hr\/"},{"@type":"ListItem","position":2,"name":"Trgovina","item":"https:\/\/clair.si\/trgovina\/"},{"@type":"ListItem","position":3,"name":"Cavalor OilMega"}]},{"@type":"WebSite","@id":"https:\/\/clair.si\/#website","url":"https:\/\/clair.si\/","name":"Clair","description":"Trgovina s konjeni\u0161ko opremo","publisher":{"@id":"https:\/\/clair.si\/#organization"},"potentialAction":[{"@type":"SearchAction","target":{"@type":"EntryPoint","urlTemplate":"https:\/\/clair.si\/?s={search_term_string}"},"query-input":{"@type":"PropertyValueSpecification","valueRequired":true,"valueName":"search_term_string"}}],"inLanguage":"hr"},{"@type":"Organization","@id":"https:\/\/clair.si\/#organization","name":"Clair","url":"https:\/\/clair.si\/","logo":{"@type":"ImageObject","inLanguage":"hr","@id":"https:\/\/clair.si\/#\/schema\/logo\/image\/","url":"https:\/\/clair.si\/wp-content\/uploads\/2022\/11\/clair_logo_2022.jpg","contentUrl":"https:\/\/clair.si\/wp-content\/uploads\/2022\/11\/clair_logo_2022.jpg","width":1920,"height":1920,"caption":"Clair"},"image":{"@id":"https:\/\/clair.si\/#\/schema\/logo\/image\/"},"sameAs":["https:\/\/www.facebook.com\/TrgovinaClair\/"]}]}},"_links":{"self":[{"href":"https:\/\/clair.si\/hr\/wp-json\/wp\/v2\/product\/99417","targetHints":{"allow":["GET"]}}],"collection":[{"href":"https:\/\/clair.si\/hr\/wp-json\/wp\/v2\/product"}],"about":[{"href":"https:\/\/clair.si\/hr\/wp-json\/wp\/v2\/types\/product"}],"version-history":[{"count":0,"href":"https:\/\/clair.si\/hr\/wp-json\/wp\/v2\/product\/99417\/revisions"}],"wp:featuredmedia":[{"embeddable":true,"href":"https:\/\/clair.si\/hr\/wp-json\/wp\/v2\/media\/99419"}],"wp:attachment":[{"href":"https:\/\/clair.si\/hr\/wp-json\/wp\/v2\/media?parent=99417"}],"wp:term":[{"taxonomy":"product_brand","embeddable":true,"href":"https:\/\/clair.si\/hr\/wp-json\/wp\/v2\/product_brand?post=99417"},{"taxonomy":"product_cat","embeddable":true,"href":"https:\/\/clair.si\/hr\/wp-json\/wp\/v2\/product_cat?post=99417"},{"taxonomy":"product_tag","embeddable":true,"href":"https:\/\/clair.si\/hr\/wp-json\/wp\/v2\/product_tag?post=99417"}],"curies":[{"name":"wp","href":"https:\/\/api.w.org\/{rel}","templated":true}]}}