{"id":99434,"date":"2023-01-27T10:42:38","date_gmt":"2023-01-27T09:42:38","guid":{"rendered":"https:\/\/clair.si\/izdelek\/jahaca-uzda-hkm-economic\/"},"modified":"2026-01-28T22:31:58","modified_gmt":"2026-01-28T21:31:58","slug":"jahaca-uzda-hkm-economic","status":"publish","type":"product","link":"https:\/\/clair.si\/hr\/izdelek\/jahaca-uzda-hkm-economic\/","title":{"rendered":"Jaha\u0107a uzda HKM Economic"},"content":{"rendered":"<p><strong>Ko\u017ena jaha\u0107a uzda HKM Economic<\/strong> s podstavljenim i kamen\u010di\u0107ima ukra\u0161enim naglavnikom. Odli\u010dan omjer cijene i kvalitete! <\/p>\n<p>Uklju\u010dene su tkane vodilice.<\/p>\n<p>Dostupne veli\u010dine: Pony, Cob i Full.<\/p>\n","protected":false},"excerpt":{"rendered":"<p>Ko\u017ena jaha\u0107a uzda HKM Economic s podstavljenim i kamen\u010di\u0107ima ukra\u0161enim naglavnikom. Odli\u010dan omjer cijene i kvalitete! Uklju\u010dene su tkane vodilice.<\/p>\n","protected":false},"featured_media":99438,"template":"","meta":{"footnotes":""},"product_brand":[],"product_cat":[5624,5843,5697],"product_tag":[],"class_list":{"0":"post-99434","1":"product","2":"type-product","3":"status-publish","4":"has-post-thumbnail","6":"product_cat-konj-hr","7":"product_cat-uzde","8":"product_cat-uzde-i-dizgini","10":"first","11":"instock","12":"featured","13":"shipping-taxable","14":"purchasable","15":"product-type-variable"},"yoast_head":"<!-- This site is optimized with the Yoast SEO plugin v27.3 - https:\/\/yoast.com\/product\/yoast-seo-wordpress\/ -->\n<title>Jaha\u0107a uzda HKM Economic - Clair<\/title>\n<meta name=\"description\" content=\"Ko\u017ena jaha\u0107a uzda HKM Economic s podstavljenim i kamen\u010di\u0107ima ukra\u0161enim naglavnikom. Odli\u010dan omjer cijene i kvalitete! Uklju\u010dene su tkane vodilice.\" \/>\n<meta name=\"robots\" content=\"index, follow, max-snippet:-1, max-image-preview:large, max-video-preview:-1\" \/>\n<link rel=\"canonical\" href=\"https:\/\/clair.si\/hr\/izdelek\/jahaca-uzda-hkm-economic\/\" \/>\n<meta property=\"og:locale\" content=\"hr_HR\" \/>\n<meta property=\"og:type\" content=\"article\" \/>\n<meta property=\"og:title\" content=\"Jaha\u0107a uzda HKM Economic - Clair\" \/>\n<meta property=\"og:description\" content=\"Ko\u017ena jaha\u0107a uzda HKM Economic s podstavljenim i kamen\u010di\u0107ima ukra\u0161enim naglavnikom. Odli\u010dan omjer cijene i kvalitete! Uklju\u010dene su tkane vodilice.\" \/>\n<meta property=\"og:url\" content=\"https:\/\/clair.si\/hr\/izdelek\/jahaca-uzda-hkm-economic\/\" \/>\n<meta property=\"og:site_name\" content=\"Clair\" \/>\n<meta property=\"article:publisher\" content=\"https:\/\/www.facebook.com\/TrgovinaClair\/\" \/>\n<meta property=\"article:modified_time\" content=\"2026-01-28T21:31:58+00:00\" \/>\n<meta property=\"og:image\" content=\"https:\/\/clair.si\/wp-content\/uploads\/2023\/01\/6896_1-jahalna-uzda-cob-full-pony-economic-hkm.jpg\" \/>\n\t<meta property=\"og:image:width\" content=\"1000\" \/>\n\t<meta property=\"og:image:height\" content=\"1000\" \/>\n\t<meta property=\"og:image:type\" content=\"image\/jpeg\" \/>\n<meta name=\"twitter:card\" content=\"summary_large_image\" \/>\n<script type=\"application\/ld+json\" class=\"yoast-schema-graph\">{\"@context\":\"https:\\\/\\\/schema.org\",\"@graph\":[{\"@type\":\"WebPage\",\"@id\":\"https:\\\/\\\/clair.si\\\/hr\\\/izdelek\\\/jahaca-uzda-hkm-economic\\\/\",\"url\":\"https:\\\/\\\/clair.si\\\/hr\\\/izdelek\\\/jahaca-uzda-hkm-economic\\\/\",\"name\":\"Jaha\u0107a uzda HKM Economic - Clair\",\"isPartOf\":{\"@id\":\"https:\\\/\\\/clair.si\\\/#website\"},\"primaryImageOfPage\":{\"@id\":\"https:\\\/\\\/clair.si\\\/hr\\\/izdelek\\\/jahaca-uzda-hkm-economic\\\/#primaryimage\"},\"image\":{\"@id\":\"https:\\\/\\\/clair.si\\\/hr\\\/izdelek\\\/jahaca-uzda-hkm-economic\\\/#primaryimage\"},\"thumbnailUrl\":\"https:\\\/\\\/clair.si\\\/wp-content\\\/uploads\\\/2023\\\/01\\\/6896_1-jahalna-uzda-cob-full-pony-economic-hkm.webp\",\"datePublished\":\"2023-01-27T09:42:38+00:00\",\"dateModified\":\"2026-01-28T21:31:58+00:00\",\"description\":\"Ko\u017ena jaha\u0107a uzda HKM Economic s podstavljenim i kamen\u010di\u0107ima ukra\u0161enim naglavnikom. Odli\u010dan omjer cijene i kvalitete! Uklju\u010dene su tkane vodilice.\",\"breadcrumb\":{\"@id\":\"https:\\\/\\\/clair.si\\\/hr\\\/izdelek\\\/jahaca-uzda-hkm-economic\\\/#breadcrumb\"},\"inLanguage\":\"hr\",\"potentialAction\":[{\"@type\":\"ReadAction\",\"target\":[\"https:\\\/\\\/clair.si\\\/hr\\\/izdelek\\\/jahaca-uzda-hkm-economic\\\/\"]}]},{\"@type\":\"ImageObject\",\"inLanguage\":\"hr\",\"@id\":\"https:\\\/\\\/clair.si\\\/hr\\\/izdelek\\\/jahaca-uzda-hkm-economic\\\/#primaryimage\",\"url\":\"https:\\\/\\\/clair.si\\\/wp-content\\\/uploads\\\/2023\\\/01\\\/6896_1-jahalna-uzda-cob-full-pony-economic-hkm.webp\",\"contentUrl\":\"https:\\\/\\\/clair.si\\\/wp-content\\\/uploads\\\/2023\\\/01\\\/6896_1-jahalna-uzda-cob-full-pony-economic-hkm.webp\",\"width\":1000,\"height\":1000},{\"@type\":\"BreadcrumbList\",\"@id\":\"https:\\\/\\\/clair.si\\\/hr\\\/izdelek\\\/jahaca-uzda-hkm-economic\\\/#breadcrumb\",\"itemListElement\":[{\"@type\":\"ListItem\",\"position\":1,\"name\":\"Home\",\"item\":\"https:\\\/\\\/clair.si\\\/hr\\\/\"},{\"@type\":\"ListItem\",\"position\":2,\"name\":\"Trgovina\",\"item\":\"https:\\\/\\\/clair.si\\\/trgovina\\\/\"},{\"@type\":\"ListItem\",\"position\":3,\"name\":\"Jaha\u0107a uzda HKM Economic\"}]},{\"@type\":\"WebSite\",\"@id\":\"https:\\\/\\\/clair.si\\\/#website\",\"url\":\"https:\\\/\\\/clair.si\\\/\",\"name\":\"Clair\",\"description\":\"Trgovina s konjeni\u0161ko opremo\",\"publisher\":{\"@id\":\"https:\\\/\\\/clair.si\\\/#organization\"},\"potentialAction\":[{\"@type\":\"SearchAction\",\"target\":{\"@type\":\"EntryPoint\",\"urlTemplate\":\"https:\\\/\\\/clair.si\\\/?s={search_term_string}\"},\"query-input\":{\"@type\":\"PropertyValueSpecification\",\"valueRequired\":true,\"valueName\":\"search_term_string\"}}],\"inLanguage\":\"hr\"},{\"@type\":\"Organization\",\"@id\":\"https:\\\/\\\/clair.si\\\/#organization\",\"name\":\"Clair\",\"url\":\"https:\\\/\\\/clair.si\\\/\",\"logo\":{\"@type\":\"ImageObject\",\"inLanguage\":\"hr\",\"@id\":\"https:\\\/\\\/clair.si\\\/#\\\/schema\\\/logo\\\/image\\\/\",\"url\":\"https:\\\/\\\/clair.si\\\/wp-content\\\/uploads\\\/2022\\\/11\\\/clair_logo_2022.jpg\",\"contentUrl\":\"https:\\\/\\\/clair.si\\\/wp-content\\\/uploads\\\/2022\\\/11\\\/clair_logo_2022.jpg\",\"width\":1920,\"height\":1920,\"caption\":\"Clair\"},\"image\":{\"@id\":\"https:\\\/\\\/clair.si\\\/#\\\/schema\\\/logo\\\/image\\\/\"},\"sameAs\":[\"https:\\\/\\\/www.facebook.com\\\/TrgovinaClair\\\/\"]}]}<\/script>\n<!-- \/ Yoast SEO plugin. -->","yoast_head_json":{"title":"Jaha\u0107a uzda HKM Economic - Clair","description":"Ko\u017ena jaha\u0107a uzda HKM Economic s podstavljenim i kamen\u010di\u0107ima ukra\u0161enim naglavnikom. Odli\u010dan omjer cijene i kvalitete! Uklju\u010dene su tkane vodilice.","robots":{"index":"index","follow":"follow","max-snippet":"max-snippet:-1","max-image-preview":"max-image-preview:large","max-video-preview":"max-video-preview:-1"},"canonical":"https:\/\/clair.si\/hr\/izdelek\/jahaca-uzda-hkm-economic\/","og_locale":"hr_HR","og_type":"article","og_title":"Jaha\u0107a uzda HKM Economic - Clair","og_description":"Ko\u017ena jaha\u0107a uzda HKM Economic s podstavljenim i kamen\u010di\u0107ima ukra\u0161enim naglavnikom. Odli\u010dan omjer cijene i kvalitete! Uklju\u010dene su tkane vodilice.","og_url":"https:\/\/clair.si\/hr\/izdelek\/jahaca-uzda-hkm-economic\/","og_site_name":"Clair","article_publisher":"https:\/\/www.facebook.com\/TrgovinaClair\/","article_modified_time":"2026-01-28T21:31:58+00:00","og_image":[{"width":1000,"height":1000,"url":"https:\/\/clair.si\/wp-content\/uploads\/2023\/01\/6896_1-jahalna-uzda-cob-full-pony-economic-hkm.jpg","type":"image\/jpeg"}],"twitter_card":"summary_large_image","schema":{"@context":"https:\/\/schema.org","@graph":[{"@type":"WebPage","@id":"https:\/\/clair.si\/hr\/izdelek\/jahaca-uzda-hkm-economic\/","url":"https:\/\/clair.si\/hr\/izdelek\/jahaca-uzda-hkm-economic\/","name":"Jaha\u0107a uzda HKM Economic - Clair","isPartOf":{"@id":"https:\/\/clair.si\/#website"},"primaryImageOfPage":{"@id":"https:\/\/clair.si\/hr\/izdelek\/jahaca-uzda-hkm-economic\/#primaryimage"},"image":{"@id":"https:\/\/clair.si\/hr\/izdelek\/jahaca-uzda-hkm-economic\/#primaryimage"},"thumbnailUrl":"https:\/\/clair.si\/wp-content\/uploads\/2023\/01\/6896_1-jahalna-uzda-cob-full-pony-economic-hkm.webp","datePublished":"2023-01-27T09:42:38+00:00","dateModified":"2026-01-28T21:31:58+00:00","description":"Ko\u017ena jaha\u0107a uzda HKM Economic s podstavljenim i kamen\u010di\u0107ima ukra\u0161enim naglavnikom. Odli\u010dan omjer cijene i kvalitete! Uklju\u010dene su tkane vodilice.","breadcrumb":{"@id":"https:\/\/clair.si\/hr\/izdelek\/jahaca-uzda-hkm-economic\/#breadcrumb"},"inLanguage":"hr","potentialAction":[{"@type":"ReadAction","target":["https:\/\/clair.si\/hr\/izdelek\/jahaca-uzda-hkm-economic\/"]}]},{"@type":"ImageObject","inLanguage":"hr","@id":"https:\/\/clair.si\/hr\/izdelek\/jahaca-uzda-hkm-economic\/#primaryimage","url":"https:\/\/clair.si\/wp-content\/uploads\/2023\/01\/6896_1-jahalna-uzda-cob-full-pony-economic-hkm.webp","contentUrl":"https:\/\/clair.si\/wp-content\/uploads\/2023\/01\/6896_1-jahalna-uzda-cob-full-pony-economic-hkm.webp","width":1000,"height":1000},{"@type":"BreadcrumbList","@id":"https:\/\/clair.si\/hr\/izdelek\/jahaca-uzda-hkm-economic\/#breadcrumb","itemListElement":[{"@type":"ListItem","position":1,"name":"Home","item":"https:\/\/clair.si\/hr\/"},{"@type":"ListItem","position":2,"name":"Trgovina","item":"https:\/\/clair.si\/trgovina\/"},{"@type":"ListItem","position":3,"name":"Jaha\u0107a uzda HKM Economic"}]},{"@type":"WebSite","@id":"https:\/\/clair.si\/#website","url":"https:\/\/clair.si\/","name":"Clair","description":"Trgovina s konjeni\u0161ko opremo","publisher":{"@id":"https:\/\/clair.si\/#organization"},"potentialAction":[{"@type":"SearchAction","target":{"@type":"EntryPoint","urlTemplate":"https:\/\/clair.si\/?s={search_term_string}"},"query-input":{"@type":"PropertyValueSpecification","valueRequired":true,"valueName":"search_term_string"}}],"inLanguage":"hr"},{"@type":"Organization","@id":"https:\/\/clair.si\/#organization","name":"Clair","url":"https:\/\/clair.si\/","logo":{"@type":"ImageObject","inLanguage":"hr","@id":"https:\/\/clair.si\/#\/schema\/logo\/image\/","url":"https:\/\/clair.si\/wp-content\/uploads\/2022\/11\/clair_logo_2022.jpg","contentUrl":"https:\/\/clair.si\/wp-content\/uploads\/2022\/11\/clair_logo_2022.jpg","width":1920,"height":1920,"caption":"Clair"},"image":{"@id":"https:\/\/clair.si\/#\/schema\/logo\/image\/"},"sameAs":["https:\/\/www.facebook.com\/TrgovinaClair\/"]}]}},"_links":{"self":[{"href":"https:\/\/clair.si\/hr\/wp-json\/wp\/v2\/product\/99434","targetHints":{"allow":["GET"]}}],"collection":[{"href":"https:\/\/clair.si\/hr\/wp-json\/wp\/v2\/product"}],"about":[{"href":"https:\/\/clair.si\/hr\/wp-json\/wp\/v2\/types\/product"}],"version-history":[{"count":0,"href":"https:\/\/clair.si\/hr\/wp-json\/wp\/v2\/product\/99434\/revisions"}],"wp:featuredmedia":[{"embeddable":true,"href":"https:\/\/clair.si\/hr\/wp-json\/wp\/v2\/media\/99438"}],"wp:attachment":[{"href":"https:\/\/clair.si\/hr\/wp-json\/wp\/v2\/media?parent=99434"}],"wp:term":[{"taxonomy":"product_brand","embeddable":true,"href":"https:\/\/clair.si\/hr\/wp-json\/wp\/v2\/product_brand?post=99434"},{"taxonomy":"product_cat","embeddable":true,"href":"https:\/\/clair.si\/hr\/wp-json\/wp\/v2\/product_cat?post=99434"},{"taxonomy":"product_tag","embeddable":true,"href":"https:\/\/clair.si\/hr\/wp-json\/wp\/v2\/product_tag?post=99434"}],"curies":[{"name":"wp","href":"https:\/\/api.w.org\/{rel}","templated":true}]}}