{"id":99464,"date":"2023-01-19T10:47:25","date_gmt":"2023-01-19T09:47:25","guid":{"rendered":"https:\/\/clair.si\/izdelek\/muske-jahace-hlace-hkm-sportive\/"},"modified":"2025-09-24T07:21:14","modified_gmt":"2025-09-24T05:21:14","slug":"muske-jahace-hlace-hkm-sportive","status":"publish","type":"product","link":"https:\/\/clair.si\/hr\/izdelek\/muske-jahace-hlace-hkm-sportive\/","title":{"rendered":"Mu\u0161ke jaha\u0107e hla\u010de HKM Sportive"},"content":{"rendered":"<p><strong>Mu\u0161ke jaha\u0107e hla\u010de HKM Sportive<\/strong> s <span class=\"HwtZe\" lang=\"sl\"><span class=\"jCAhz ChMk0b\"><span class=\"ryNqvb\">udobnim elasti\u010dnim umetkom na podru\u010dju gle\u017enja za lak\u0161e obla\u010denje.<\/span><\/span> Mu\u0161ke jaha\u0107e hla\u010de imaju 2 <span class=\"jCAhz ChMk0b\"><span class=\"ryNqvb\">stra\u017enja d\u017eepa s patentnim zatvara\u010dem i<\/span><\/span> <span class=\"jCAhz ChMk0b\"><span class=\"ryNqvb\">2 prednja d\u017eepa.<\/span><\/span> <span class=\"jCAhz ChMk0b\"><span class=\"ryNqvb\">Sjedi\u0161te je u potpunosti od silikona, \u0161to osigurava dobar oprijem u sedlu.<\/span><\/span><\/span><\/p>\n<p><span class=\"HwtZe\" lang=\"sl\">Materijal: <span class=\"jCAhz ChMk0b\"><span class=\"ryNqvb\">88% najlon, 12% elastan<\/span><\/span>. <\/span><\/p>\n<p><span class=\"HwtZe\" lang=\"sl\"><span class=\"jCAhz ChMk0b\"><span class=\"ryNqvb\">Perivo u perilici rublja na 30\u00b0C, pogodno za su\u0161ilicu<\/span><\/span>, <span class=\"jCAhz ChMk0b\"><span class=\"ryNqvb\">potrebno osjetljivo pranje.<\/span><\/span><\/span><\/p>\n","protected":false},"excerpt":{"rendered":"<p>Mu\u0161ke jaha\u0107e hla\u010de HKM Sportive s udobnim elasti\u010dnim umetkom na podru\u010dju gle\u017enja za lak\u0161e obla\u010denje. Mu\u0161ke jaha\u0107e hla\u010de imaju 2<\/p>\n","protected":false},"featured_media":99473,"template":"","meta":{"footnotes":""},"product_brand":[],"product_cat":[5654,5838,5886,5885,5658],"product_tag":[],"class_list":{"0":"post-99464","1":"product","2":"type-product","3":"status-publish","4":"has-post-thumbnail","6":"product_cat-jahac-hr","7":"product_cat-jahace-hlace","8":"product_cat-muske-jahace-hlace","9":"product_cat-muski","10":"product_cat-pocetci-jahanja","12":"first","13":"instock","14":"shipping-taxable","15":"purchasable","16":"product-type-variable"},"yoast_head":"<!-- This site is optimized with the Yoast SEO plugin v27.3 - https:\/\/yoast.com\/product\/yoast-seo-wordpress\/ -->\n<title>Mu\u0161ke jaha\u0107e hla\u010de HKM Sportive - Clair<\/title>\n<meta name=\"description\" content=\"Mu\u0161ke jaha\u0107e hla\u010de HKM Sportive s udobnim elasti\u010dnim umetkom na podru\u010dju gle\u017enja za lak\u0161e obla\u010denje. Mu\u0161ke jaha\u0107e hla\u010de imaju 2 stra\u017enja d\u017eepa s patentnim zatvara\u010dem.\" \/>\n<meta name=\"robots\" content=\"index, follow, max-snippet:-1, max-image-preview:large, max-video-preview:-1\" \/>\n<link rel=\"canonical\" href=\"https:\/\/clair.si\/hr\/izdelek\/muske-jahace-hlace-hkm-sportive\/\" \/>\n<meta property=\"og:locale\" content=\"hr_HR\" \/>\n<meta property=\"og:type\" content=\"article\" \/>\n<meta property=\"og:title\" content=\"Mu\u0161ke jaha\u0107e hla\u010de HKM Sportive - Clair\" \/>\n<meta property=\"og:description\" content=\"Mu\u0161ke jaha\u0107e hla\u010de HKM Sportive s udobnim elasti\u010dnim umetkom na podru\u010dju gle\u017enja za lak\u0161e obla\u010denje. Mu\u0161ke jaha\u0107e hla\u010de imaju 2 stra\u017enja d\u017eepa s patentnim zatvara\u010dem.\" \/>\n<meta property=\"og:url\" content=\"https:\/\/clair.si\/hr\/izdelek\/muske-jahace-hlace-hkm-sportive\/\" \/>\n<meta property=\"og:site_name\" content=\"Clair\" \/>\n<meta property=\"article:publisher\" content=\"https:\/\/www.facebook.com\/TrgovinaClair\/\" \/>\n<meta property=\"article:modified_time\" content=\"2025-09-24T05:21:14+00:00\" \/>\n<meta property=\"og:image\" content=\"https:\/\/clair.si\/wp-content\/uploads\/2023\/01\/moske-jahalne-hlace-sportive-hkm-full-silikon-seat.jpg\" \/>\n\t<meta property=\"og:image:width\" content=\"1200\" \/>\n\t<meta property=\"og:image:height\" content=\"1200\" \/>\n\t<meta property=\"og:image:type\" content=\"image\/jpeg\" \/>\n<meta name=\"twitter:card\" content=\"summary_large_image\" \/>\n<script type=\"application\/ld+json\" class=\"yoast-schema-graph\">{\"@context\":\"https:\\\/\\\/schema.org\",\"@graph\":[{\"@type\":\"WebPage\",\"@id\":\"https:\\\/\\\/clair.si\\\/hr\\\/izdelek\\\/muske-jahace-hlace-hkm-sportive\\\/\",\"url\":\"https:\\\/\\\/clair.si\\\/hr\\\/izdelek\\\/muske-jahace-hlace-hkm-sportive\\\/\",\"name\":\"Mu\u0161ke jaha\u0107e hla\u010de HKM Sportive - Clair\",\"isPartOf\":{\"@id\":\"https:\\\/\\\/clair.si\\\/#website\"},\"primaryImageOfPage\":{\"@id\":\"https:\\\/\\\/clair.si\\\/hr\\\/izdelek\\\/muske-jahace-hlace-hkm-sportive\\\/#primaryimage\"},\"image\":{\"@id\":\"https:\\\/\\\/clair.si\\\/hr\\\/izdelek\\\/muske-jahace-hlace-hkm-sportive\\\/#primaryimage\"},\"thumbnailUrl\":\"https:\\\/\\\/clair.si\\\/wp-content\\\/uploads\\\/2023\\\/01\\\/moske-jahalne-hlace-sportive-hkm-full-silikon-seat.webp\",\"datePublished\":\"2023-01-19T09:47:25+00:00\",\"dateModified\":\"2025-09-24T05:21:14+00:00\",\"description\":\"Mu\u0161ke jaha\u0107e hla\u010de HKM Sportive s udobnim elasti\u010dnim umetkom na podru\u010dju gle\u017enja za lak\u0161e obla\u010denje. Mu\u0161ke jaha\u0107e hla\u010de imaju 2 stra\u017enja d\u017eepa s patentnim zatvara\u010dem.\",\"breadcrumb\":{\"@id\":\"https:\\\/\\\/clair.si\\\/hr\\\/izdelek\\\/muske-jahace-hlace-hkm-sportive\\\/#breadcrumb\"},\"inLanguage\":\"hr\",\"potentialAction\":[{\"@type\":\"ReadAction\",\"target\":[\"https:\\\/\\\/clair.si\\\/hr\\\/izdelek\\\/muske-jahace-hlace-hkm-sportive\\\/\"]}]},{\"@type\":\"ImageObject\",\"inLanguage\":\"hr\",\"@id\":\"https:\\\/\\\/clair.si\\\/hr\\\/izdelek\\\/muske-jahace-hlace-hkm-sportive\\\/#primaryimage\",\"url\":\"https:\\\/\\\/clair.si\\\/wp-content\\\/uploads\\\/2023\\\/01\\\/moske-jahalne-hlace-sportive-hkm-full-silikon-seat.webp\",\"contentUrl\":\"https:\\\/\\\/clair.si\\\/wp-content\\\/uploads\\\/2023\\\/01\\\/moske-jahalne-hlace-sportive-hkm-full-silikon-seat.webp\",\"width\":1200,\"height\":1200,\"caption\":\"Mo\u0161ke jahalne hla\u0107e HKM Sportive full silikon.\"},{\"@type\":\"BreadcrumbList\",\"@id\":\"https:\\\/\\\/clair.si\\\/hr\\\/izdelek\\\/muske-jahace-hlace-hkm-sportive\\\/#breadcrumb\",\"itemListElement\":[{\"@type\":\"ListItem\",\"position\":1,\"name\":\"Home\",\"item\":\"https:\\\/\\\/clair.si\\\/hr\\\/\"},{\"@type\":\"ListItem\",\"position\":2,\"name\":\"Trgovina\",\"item\":\"https:\\\/\\\/clair.si\\\/trgovina\\\/\"},{\"@type\":\"ListItem\",\"position\":3,\"name\":\"Mu\u0161ke jaha\u0107e hla\u010de HKM Sportive\"}]},{\"@type\":\"WebSite\",\"@id\":\"https:\\\/\\\/clair.si\\\/#website\",\"url\":\"https:\\\/\\\/clair.si\\\/\",\"name\":\"Clair\",\"description\":\"Trgovina s konjeni\u0161ko opremo\",\"publisher\":{\"@id\":\"https:\\\/\\\/clair.si\\\/#organization\"},\"potentialAction\":[{\"@type\":\"SearchAction\",\"target\":{\"@type\":\"EntryPoint\",\"urlTemplate\":\"https:\\\/\\\/clair.si\\\/?s={search_term_string}\"},\"query-input\":{\"@type\":\"PropertyValueSpecification\",\"valueRequired\":true,\"valueName\":\"search_term_string\"}}],\"inLanguage\":\"hr\"},{\"@type\":\"Organization\",\"@id\":\"https:\\\/\\\/clair.si\\\/#organization\",\"name\":\"Clair\",\"url\":\"https:\\\/\\\/clair.si\\\/\",\"logo\":{\"@type\":\"ImageObject\",\"inLanguage\":\"hr\",\"@id\":\"https:\\\/\\\/clair.si\\\/#\\\/schema\\\/logo\\\/image\\\/\",\"url\":\"https:\\\/\\\/clair.si\\\/wp-content\\\/uploads\\\/2022\\\/11\\\/clair_logo_2022.jpg\",\"contentUrl\":\"https:\\\/\\\/clair.si\\\/wp-content\\\/uploads\\\/2022\\\/11\\\/clair_logo_2022.jpg\",\"width\":1920,\"height\":1920,\"caption\":\"Clair\"},\"image\":{\"@id\":\"https:\\\/\\\/clair.si\\\/#\\\/schema\\\/logo\\\/image\\\/\"},\"sameAs\":[\"https:\\\/\\\/www.facebook.com\\\/TrgovinaClair\\\/\"]}]}<\/script>\n<!-- \/ Yoast SEO plugin. -->","yoast_head_json":{"title":"Mu\u0161ke jaha\u0107e hla\u010de HKM Sportive - Clair","description":"Mu\u0161ke jaha\u0107e hla\u010de HKM Sportive s udobnim elasti\u010dnim umetkom na podru\u010dju gle\u017enja za lak\u0161e obla\u010denje. Mu\u0161ke jaha\u0107e hla\u010de imaju 2 stra\u017enja d\u017eepa s patentnim zatvara\u010dem.","robots":{"index":"index","follow":"follow","max-snippet":"max-snippet:-1","max-image-preview":"max-image-preview:large","max-video-preview":"max-video-preview:-1"},"canonical":"https:\/\/clair.si\/hr\/izdelek\/muske-jahace-hlace-hkm-sportive\/","og_locale":"hr_HR","og_type":"article","og_title":"Mu\u0161ke jaha\u0107e hla\u010de HKM Sportive - Clair","og_description":"Mu\u0161ke jaha\u0107e hla\u010de HKM Sportive s udobnim elasti\u010dnim umetkom na podru\u010dju gle\u017enja za lak\u0161e obla\u010denje. Mu\u0161ke jaha\u0107e hla\u010de imaju 2 stra\u017enja d\u017eepa s patentnim zatvara\u010dem.","og_url":"https:\/\/clair.si\/hr\/izdelek\/muske-jahace-hlace-hkm-sportive\/","og_site_name":"Clair","article_publisher":"https:\/\/www.facebook.com\/TrgovinaClair\/","article_modified_time":"2025-09-24T05:21:14+00:00","og_image":[{"width":1200,"height":1200,"url":"https:\/\/clair.si\/wp-content\/uploads\/2023\/01\/moske-jahalne-hlace-sportive-hkm-full-silikon-seat.jpg","type":"image\/jpeg"}],"twitter_card":"summary_large_image","schema":{"@context":"https:\/\/schema.org","@graph":[{"@type":"WebPage","@id":"https:\/\/clair.si\/hr\/izdelek\/muske-jahace-hlace-hkm-sportive\/","url":"https:\/\/clair.si\/hr\/izdelek\/muske-jahace-hlace-hkm-sportive\/","name":"Mu\u0161ke jaha\u0107e hla\u010de HKM Sportive - Clair","isPartOf":{"@id":"https:\/\/clair.si\/#website"},"primaryImageOfPage":{"@id":"https:\/\/clair.si\/hr\/izdelek\/muske-jahace-hlace-hkm-sportive\/#primaryimage"},"image":{"@id":"https:\/\/clair.si\/hr\/izdelek\/muske-jahace-hlace-hkm-sportive\/#primaryimage"},"thumbnailUrl":"https:\/\/clair.si\/wp-content\/uploads\/2023\/01\/moske-jahalne-hlace-sportive-hkm-full-silikon-seat.webp","datePublished":"2023-01-19T09:47:25+00:00","dateModified":"2025-09-24T05:21:14+00:00","description":"Mu\u0161ke jaha\u0107e hla\u010de HKM Sportive s udobnim elasti\u010dnim umetkom na podru\u010dju gle\u017enja za lak\u0161e obla\u010denje. Mu\u0161ke jaha\u0107e hla\u010de imaju 2 stra\u017enja d\u017eepa s patentnim zatvara\u010dem.","breadcrumb":{"@id":"https:\/\/clair.si\/hr\/izdelek\/muske-jahace-hlace-hkm-sportive\/#breadcrumb"},"inLanguage":"hr","potentialAction":[{"@type":"ReadAction","target":["https:\/\/clair.si\/hr\/izdelek\/muske-jahace-hlace-hkm-sportive\/"]}]},{"@type":"ImageObject","inLanguage":"hr","@id":"https:\/\/clair.si\/hr\/izdelek\/muske-jahace-hlace-hkm-sportive\/#primaryimage","url":"https:\/\/clair.si\/wp-content\/uploads\/2023\/01\/moske-jahalne-hlace-sportive-hkm-full-silikon-seat.webp","contentUrl":"https:\/\/clair.si\/wp-content\/uploads\/2023\/01\/moske-jahalne-hlace-sportive-hkm-full-silikon-seat.webp","width":1200,"height":1200,"caption":"Mo\u0161ke jahalne hla\u0107e HKM Sportive full silikon."},{"@type":"BreadcrumbList","@id":"https:\/\/clair.si\/hr\/izdelek\/muske-jahace-hlace-hkm-sportive\/#breadcrumb","itemListElement":[{"@type":"ListItem","position":1,"name":"Home","item":"https:\/\/clair.si\/hr\/"},{"@type":"ListItem","position":2,"name":"Trgovina","item":"https:\/\/clair.si\/trgovina\/"},{"@type":"ListItem","position":3,"name":"Mu\u0161ke jaha\u0107e hla\u010de HKM Sportive"}]},{"@type":"WebSite","@id":"https:\/\/clair.si\/#website","url":"https:\/\/clair.si\/","name":"Clair","description":"Trgovina s konjeni\u0161ko opremo","publisher":{"@id":"https:\/\/clair.si\/#organization"},"potentialAction":[{"@type":"SearchAction","target":{"@type":"EntryPoint","urlTemplate":"https:\/\/clair.si\/?s={search_term_string}"},"query-input":{"@type":"PropertyValueSpecification","valueRequired":true,"valueName":"search_term_string"}}],"inLanguage":"hr"},{"@type":"Organization","@id":"https:\/\/clair.si\/#organization","name":"Clair","url":"https:\/\/clair.si\/","logo":{"@type":"ImageObject","inLanguage":"hr","@id":"https:\/\/clair.si\/#\/schema\/logo\/image\/","url":"https:\/\/clair.si\/wp-content\/uploads\/2022\/11\/clair_logo_2022.jpg","contentUrl":"https:\/\/clair.si\/wp-content\/uploads\/2022\/11\/clair_logo_2022.jpg","width":1920,"height":1920,"caption":"Clair"},"image":{"@id":"https:\/\/clair.si\/#\/schema\/logo\/image\/"},"sameAs":["https:\/\/www.facebook.com\/TrgovinaClair\/"]}]}},"_links":{"self":[{"href":"https:\/\/clair.si\/hr\/wp-json\/wp\/v2\/product\/99464","targetHints":{"allow":["GET"]}}],"collection":[{"href":"https:\/\/clair.si\/hr\/wp-json\/wp\/v2\/product"}],"about":[{"href":"https:\/\/clair.si\/hr\/wp-json\/wp\/v2\/types\/product"}],"version-history":[{"count":0,"href":"https:\/\/clair.si\/hr\/wp-json\/wp\/v2\/product\/99464\/revisions"}],"wp:featuredmedia":[{"embeddable":true,"href":"https:\/\/clair.si\/hr\/wp-json\/wp\/v2\/media\/99473"}],"wp:attachment":[{"href":"https:\/\/clair.si\/hr\/wp-json\/wp\/v2\/media?parent=99464"}],"wp:term":[{"taxonomy":"product_brand","embeddable":true,"href":"https:\/\/clair.si\/hr\/wp-json\/wp\/v2\/product_brand?post=99464"},{"taxonomy":"product_cat","embeddable":true,"href":"https:\/\/clair.si\/hr\/wp-json\/wp\/v2\/product_cat?post=99464"},{"taxonomy":"product_tag","embeddable":true,"href":"https:\/\/clair.si\/hr\/wp-json\/wp\/v2\/product_tag?post=99464"}],"curies":[{"name":"wp","href":"https:\/\/api.w.org\/{rel}","templated":true}]}}