{"id":99538,"date":"2023-01-17T11:26:36","date_gmt":"2023-01-17T10:26:36","guid":{"rendered":"https:\/\/clair.si\/izdelek\/effol-suhi-sampon-white-star-dry\/"},"modified":"2025-11-17T18:22:39","modified_gmt":"2025-11-17T17:22:39","slug":"effol-suhi-sampon-white-star-dry","status":"publish","type":"product","link":"https:\/\/clair.si\/hr\/izdelek\/effol-suhi-sampon-white-star-dry\/","title":{"rendered":"Effol suhi \u0161ampon White-Star Dry"},"content":{"rendered":"<p><span class=\"HwtZe\" lang=\"sl\"><span class=\"jCAhz ChMk0b\"><span class=\"ryNqvb\"><strong>Effol suhi \u0161ampon White-Star Dry &#8211; \u010di\u0161\u0107enje bez vode! <\/strong><\/span><\/span><\/span><\/p>\n<p><span class=\"HwtZe\" lang=\"sl\"><span class=\"jCAhz ChMk0b\"><span class=\"ryNqvb\">Uklanja \u017eute mrlje od urina i trave. Effol suhi \u0161ampon White-Star Dry posebno je dizajniran za \u010di\u0161\u0107enje sivih i drugih svijetlih konja. <\/span><\/span> <span class=\"jCAhz ChMk0b\"><span class=\"ryNqvb\">Ako je prehladno za tu\u0161iranje ili ako vrijeme prebrzo te\u010de, mo\u017eete jednostavno koristiti <strong>Effol suhi \u0161ampon White-Star Dry<\/strong> bez vode.<\/span><\/span> <span class=\"jCAhz ChMk0b\"><span class=\"ryNqvb\">Opona\u0161a prirodnu strukturu dlake. J <\/span><\/span><span class=\"jCAhz ChMk0b\"><span class=\"ryNqvb\">e pH-neutralan, bez izbjeljiva\u010da i bez peroksida.<\/span><\/span> <\/span><\/p>\n<p><span class=\"HwtZe\" lang=\"sl\"><span class=\"jCAhz ChMk0b\"><span class=\"ryNqvb\"><strong>Upotreba:<\/strong> Jednostavno po\u0161pricajte na ovla\u017eenu dlaku, dobro utrljajte i uklonite mrlju spu\u017evom.<br \/>\n<\/span><\/span><\/span><\/p>\n<p>&nbsp;<\/p>\n<p>Sastav: Sastojci u skladu s EZ 648\/2004: &lt;5 % anionskih povr\u0161inski aktivnih tvari, &lt;5 % neionskih povr\u0161inski aktivnih tvari, &#8220;5 % amfoternih povr\u0161inski aktivnih tvari, mirisi (limonen, citral), konzervansi (natrijev pirition(INN), natrijev benzoat, benzisathiazelinon)<\/p>\n","protected":false},"excerpt":{"rendered":"<p><span class=\"HwtZe\" lang=\"sl\"><strong><span class=\"jCAhz ChMk0b\"><span class=\"ryNqvb\">\u010ci\u0161\u0107enje bez vode!<\/span><\/span><\/strong> <\/span><\/p>\n<ul>\n<li><span class=\"HwtZe\" lang=\"sl\"><span class=\"jCAhz ChMk0b\"><span class=\"ryNqvb\">odstranjiva\u010d mrlja <\/span><\/span><\/span><\/li>\n<li><span class=\"HwtZe\" lang=\"sl\"><span class=\"jCAhz ChMk0b\"><span class=\"ryNqvb\">za \u017eute mrlje i travu<\/span><\/span> <\/span><\/li>\n<li><span class=\"HwtZe\" lang=\"sl\"><span class=\"jCAhz ChMk0b\"><span class=\"ryNqvb\"> pH-neutralan<\/span><\/span><\/span><\/li>\n<li><span class=\"HwtZe\" lang=\"sl\"><span class=\"jCAhz ChMk0b\"><span class=\"ryNqvb\"> bez izbjeljiva\u010da i bez peroksida<\/span><\/span> <\/span><\/li>\n<li><span class=\"HwtZe\" lang=\"sl\"><span class=\"jCAhz ChMk0b\"><span class=\"ryNqvb\"> za sive i svijetle konje <\/span><\/span><\/span><\/li>\n<\/ul>\n<p><strong>Koli\u010dina: 500 ml<\/strong><\/p>\n","protected":false},"featured_media":99540,"template":"","meta":{"footnotes":""},"product_brand":[],"product_cat":[5624,5675,5677,5714,5627,5852],"product_tag":[],"class_list":{"0":"post-99538","1":"product","2":"type-product","3":"status-publish","4":"has-post-thumbnail","6":"product_cat-konj-hr","7":"product_cat-kozmetika-za-konje-hr","8":"product_cat-kozmetika-za-konje-hr-2","9":"product_cat-samponi-i-sapuni","10":"product_cat-stala-i-pasnjak","11":"product_cat-uklanjanje-mrlja","13":"first","14":"instock","15":"shipping-taxable","16":"purchasable","17":"product-type-simple"},"yoast_head":"<!-- This site is optimized with the Yoast SEO plugin v27.3 - https:\/\/yoast.com\/product\/yoast-seo-wordpress\/ -->\n<title>Effol suhi \u0161ampon White-Star Dry - Clair<\/title>\n<meta name=\"description\" content=\"Uklanja \u017eute mrlje od urina i trave. Effol suhi \u0161ampon White-Star Dry posebno je dizajniran za \u010di\u0161\u0107enje sivih i drugih svijetlih konja.\" \/>\n<meta name=\"robots\" content=\"index, follow, max-snippet:-1, max-image-preview:large, max-video-preview:-1\" \/>\n<link rel=\"canonical\" href=\"https:\/\/clair.si\/hr\/izdelek\/effol-suhi-sampon-white-star-dry\/\" \/>\n<meta property=\"og:locale\" content=\"hr_HR\" \/>\n<meta property=\"og:type\" content=\"article\" \/>\n<meta property=\"og:title\" content=\"Effol suhi \u0161ampon White-Star Dry - Clair\" \/>\n<meta property=\"og:description\" content=\"Uklanja \u017eute mrlje od urina i trave. Effol suhi \u0161ampon White-Star Dry posebno je dizajniran za \u010di\u0161\u0107enje sivih i drugih svijetlih konja.\" \/>\n<meta property=\"og:url\" content=\"https:\/\/clair.si\/hr\/izdelek\/effol-suhi-sampon-white-star-dry\/\" \/>\n<meta property=\"og:site_name\" content=\"Clair\" \/>\n<meta property=\"article:publisher\" content=\"https:\/\/www.facebook.com\/TrgovinaClair\/\" \/>\n<meta property=\"article:modified_time\" content=\"2025-11-17T17:22:39+00:00\" \/>\n<meta property=\"og:image\" content=\"https:\/\/clair.si\/wp-content\/uploads\/2023\/01\/effol-white-star-dry-shampoo-500-ml-suhi-sampon-za-bele-konje-clair.jpg\" \/>\n\t<meta property=\"og:image:width\" content=\"500\" \/>\n\t<meta property=\"og:image:height\" content=\"500\" \/>\n\t<meta property=\"og:image:type\" content=\"image\/jpeg\" \/>\n<meta name=\"twitter:card\" content=\"summary_large_image\" \/>\n<meta name=\"twitter:label1\" content=\"Procijenjeno vrijeme \u010ditanja\" \/>\n\t<meta name=\"twitter:data1\" content=\"1 minuta\" \/>\n<script type=\"application\/ld+json\" class=\"yoast-schema-graph\">{\"@context\":\"https:\\\/\\\/schema.org\",\"@graph\":[{\"@type\":\"WebPage\",\"@id\":\"https:\\\/\\\/clair.si\\\/hr\\\/izdelek\\\/effol-suhi-sampon-white-star-dry\\\/\",\"url\":\"https:\\\/\\\/clair.si\\\/hr\\\/izdelek\\\/effol-suhi-sampon-white-star-dry\\\/\",\"name\":\"Effol suhi \u0161ampon White-Star Dry - Clair\",\"isPartOf\":{\"@id\":\"https:\\\/\\\/clair.si\\\/#website\"},\"primaryImageOfPage\":{\"@id\":\"https:\\\/\\\/clair.si\\\/hr\\\/izdelek\\\/effol-suhi-sampon-white-star-dry\\\/#primaryimage\"},\"image\":{\"@id\":\"https:\\\/\\\/clair.si\\\/hr\\\/izdelek\\\/effol-suhi-sampon-white-star-dry\\\/#primaryimage\"},\"thumbnailUrl\":\"https:\\\/\\\/clair.si\\\/wp-content\\\/uploads\\\/2023\\\/01\\\/effol-white-star-dry-shampoo-500-ml-suhi-sampon-za-bele-konje-clair.webp\",\"datePublished\":\"2023-01-17T10:26:36+00:00\",\"dateModified\":\"2025-11-17T17:22:39+00:00\",\"description\":\"Uklanja \u017eute mrlje od urina i trave. Effol suhi \u0161ampon White-Star Dry posebno je dizajniran za \u010di\u0161\u0107enje sivih i drugih svijetlih konja.\",\"breadcrumb\":{\"@id\":\"https:\\\/\\\/clair.si\\\/hr\\\/izdelek\\\/effol-suhi-sampon-white-star-dry\\\/#breadcrumb\"},\"inLanguage\":\"hr\",\"potentialAction\":[{\"@type\":\"ReadAction\",\"target\":[\"https:\\\/\\\/clair.si\\\/hr\\\/izdelek\\\/effol-suhi-sampon-white-star-dry\\\/\"]}]},{\"@type\":\"ImageObject\",\"inLanguage\":\"hr\",\"@id\":\"https:\\\/\\\/clair.si\\\/hr\\\/izdelek\\\/effol-suhi-sampon-white-star-dry\\\/#primaryimage\",\"url\":\"https:\\\/\\\/clair.si\\\/wp-content\\\/uploads\\\/2023\\\/01\\\/effol-white-star-dry-shampoo-500-ml-suhi-sampon-za-bele-konje-clair.webp\",\"contentUrl\":\"https:\\\/\\\/clair.si\\\/wp-content\\\/uploads\\\/2023\\\/01\\\/effol-white-star-dry-shampoo-500-ml-suhi-sampon-za-bele-konje-clair.webp\",\"width\":500,\"height\":500,\"caption\":\"Effol suhi \u0161ampon za bele konje, za odstranjevanje made\u017eev urina in trave.\"},{\"@type\":\"BreadcrumbList\",\"@id\":\"https:\\\/\\\/clair.si\\\/hr\\\/izdelek\\\/effol-suhi-sampon-white-star-dry\\\/#breadcrumb\",\"itemListElement\":[{\"@type\":\"ListItem\",\"position\":1,\"name\":\"Home\",\"item\":\"https:\\\/\\\/clair.si\\\/hr\\\/\"},{\"@type\":\"ListItem\",\"position\":2,\"name\":\"Trgovina\",\"item\":\"https:\\\/\\\/clair.si\\\/trgovina\\\/\"},{\"@type\":\"ListItem\",\"position\":3,\"name\":\"Effol suhi \u0161ampon White-Star Dry\"}]},{\"@type\":\"WebSite\",\"@id\":\"https:\\\/\\\/clair.si\\\/#website\",\"url\":\"https:\\\/\\\/clair.si\\\/\",\"name\":\"Clair\",\"description\":\"Trgovina s konjeni\u0161ko opremo\",\"publisher\":{\"@id\":\"https:\\\/\\\/clair.si\\\/#organization\"},\"potentialAction\":[{\"@type\":\"SearchAction\",\"target\":{\"@type\":\"EntryPoint\",\"urlTemplate\":\"https:\\\/\\\/clair.si\\\/?s={search_term_string}\"},\"query-input\":{\"@type\":\"PropertyValueSpecification\",\"valueRequired\":true,\"valueName\":\"search_term_string\"}}],\"inLanguage\":\"hr\"},{\"@type\":\"Organization\",\"@id\":\"https:\\\/\\\/clair.si\\\/#organization\",\"name\":\"Clair\",\"url\":\"https:\\\/\\\/clair.si\\\/\",\"logo\":{\"@type\":\"ImageObject\",\"inLanguage\":\"hr\",\"@id\":\"https:\\\/\\\/clair.si\\\/#\\\/schema\\\/logo\\\/image\\\/\",\"url\":\"https:\\\/\\\/clair.si\\\/wp-content\\\/uploads\\\/2022\\\/11\\\/clair_logo_2022.jpg\",\"contentUrl\":\"https:\\\/\\\/clair.si\\\/wp-content\\\/uploads\\\/2022\\\/11\\\/clair_logo_2022.jpg\",\"width\":1920,\"height\":1920,\"caption\":\"Clair\"},\"image\":{\"@id\":\"https:\\\/\\\/clair.si\\\/#\\\/schema\\\/logo\\\/image\\\/\"},\"sameAs\":[\"https:\\\/\\\/www.facebook.com\\\/TrgovinaClair\\\/\"]}]}<\/script>\n<!-- \/ Yoast SEO plugin. -->","yoast_head_json":{"title":"Effol suhi \u0161ampon White-Star Dry - Clair","description":"Uklanja \u017eute mrlje od urina i trave. Effol suhi \u0161ampon White-Star Dry posebno je dizajniran za \u010di\u0161\u0107enje sivih i drugih svijetlih konja.","robots":{"index":"index","follow":"follow","max-snippet":"max-snippet:-1","max-image-preview":"max-image-preview:large","max-video-preview":"max-video-preview:-1"},"canonical":"https:\/\/clair.si\/hr\/izdelek\/effol-suhi-sampon-white-star-dry\/","og_locale":"hr_HR","og_type":"article","og_title":"Effol suhi \u0161ampon White-Star Dry - Clair","og_description":"Uklanja \u017eute mrlje od urina i trave. Effol suhi \u0161ampon White-Star Dry posebno je dizajniran za \u010di\u0161\u0107enje sivih i drugih svijetlih konja.","og_url":"https:\/\/clair.si\/hr\/izdelek\/effol-suhi-sampon-white-star-dry\/","og_site_name":"Clair","article_publisher":"https:\/\/www.facebook.com\/TrgovinaClair\/","article_modified_time":"2025-11-17T17:22:39+00:00","og_image":[{"width":500,"height":500,"url":"https:\/\/clair.si\/wp-content\/uploads\/2023\/01\/effol-white-star-dry-shampoo-500-ml-suhi-sampon-za-bele-konje-clair.jpg","type":"image\/jpeg"}],"twitter_card":"summary_large_image","twitter_misc":{"Procijenjeno vrijeme \u010ditanja":"1 minuta"},"schema":{"@context":"https:\/\/schema.org","@graph":[{"@type":"WebPage","@id":"https:\/\/clair.si\/hr\/izdelek\/effol-suhi-sampon-white-star-dry\/","url":"https:\/\/clair.si\/hr\/izdelek\/effol-suhi-sampon-white-star-dry\/","name":"Effol suhi \u0161ampon White-Star Dry - Clair","isPartOf":{"@id":"https:\/\/clair.si\/#website"},"primaryImageOfPage":{"@id":"https:\/\/clair.si\/hr\/izdelek\/effol-suhi-sampon-white-star-dry\/#primaryimage"},"image":{"@id":"https:\/\/clair.si\/hr\/izdelek\/effol-suhi-sampon-white-star-dry\/#primaryimage"},"thumbnailUrl":"https:\/\/clair.si\/wp-content\/uploads\/2023\/01\/effol-white-star-dry-shampoo-500-ml-suhi-sampon-za-bele-konje-clair.webp","datePublished":"2023-01-17T10:26:36+00:00","dateModified":"2025-11-17T17:22:39+00:00","description":"Uklanja \u017eute mrlje od urina i trave. Effol suhi \u0161ampon White-Star Dry posebno je dizajniran za \u010di\u0161\u0107enje sivih i drugih svijetlih konja.","breadcrumb":{"@id":"https:\/\/clair.si\/hr\/izdelek\/effol-suhi-sampon-white-star-dry\/#breadcrumb"},"inLanguage":"hr","potentialAction":[{"@type":"ReadAction","target":["https:\/\/clair.si\/hr\/izdelek\/effol-suhi-sampon-white-star-dry\/"]}]},{"@type":"ImageObject","inLanguage":"hr","@id":"https:\/\/clair.si\/hr\/izdelek\/effol-suhi-sampon-white-star-dry\/#primaryimage","url":"https:\/\/clair.si\/wp-content\/uploads\/2023\/01\/effol-white-star-dry-shampoo-500-ml-suhi-sampon-za-bele-konje-clair.webp","contentUrl":"https:\/\/clair.si\/wp-content\/uploads\/2023\/01\/effol-white-star-dry-shampoo-500-ml-suhi-sampon-za-bele-konje-clair.webp","width":500,"height":500,"caption":"Effol suhi \u0161ampon za bele konje, za odstranjevanje made\u017eev urina in trave."},{"@type":"BreadcrumbList","@id":"https:\/\/clair.si\/hr\/izdelek\/effol-suhi-sampon-white-star-dry\/#breadcrumb","itemListElement":[{"@type":"ListItem","position":1,"name":"Home","item":"https:\/\/clair.si\/hr\/"},{"@type":"ListItem","position":2,"name":"Trgovina","item":"https:\/\/clair.si\/trgovina\/"},{"@type":"ListItem","position":3,"name":"Effol suhi \u0161ampon White-Star Dry"}]},{"@type":"WebSite","@id":"https:\/\/clair.si\/#website","url":"https:\/\/clair.si\/","name":"Clair","description":"Trgovina s konjeni\u0161ko opremo","publisher":{"@id":"https:\/\/clair.si\/#organization"},"potentialAction":[{"@type":"SearchAction","target":{"@type":"EntryPoint","urlTemplate":"https:\/\/clair.si\/?s={search_term_string}"},"query-input":{"@type":"PropertyValueSpecification","valueRequired":true,"valueName":"search_term_string"}}],"inLanguage":"hr"},{"@type":"Organization","@id":"https:\/\/clair.si\/#organization","name":"Clair","url":"https:\/\/clair.si\/","logo":{"@type":"ImageObject","inLanguage":"hr","@id":"https:\/\/clair.si\/#\/schema\/logo\/image\/","url":"https:\/\/clair.si\/wp-content\/uploads\/2022\/11\/clair_logo_2022.jpg","contentUrl":"https:\/\/clair.si\/wp-content\/uploads\/2022\/11\/clair_logo_2022.jpg","width":1920,"height":1920,"caption":"Clair"},"image":{"@id":"https:\/\/clair.si\/#\/schema\/logo\/image\/"},"sameAs":["https:\/\/www.facebook.com\/TrgovinaClair\/"]}]}},"_links":{"self":[{"href":"https:\/\/clair.si\/hr\/wp-json\/wp\/v2\/product\/99538","targetHints":{"allow":["GET"]}}],"collection":[{"href":"https:\/\/clair.si\/hr\/wp-json\/wp\/v2\/product"}],"about":[{"href":"https:\/\/clair.si\/hr\/wp-json\/wp\/v2\/types\/product"}],"version-history":[{"count":0,"href":"https:\/\/clair.si\/hr\/wp-json\/wp\/v2\/product\/99538\/revisions"}],"wp:featuredmedia":[{"embeddable":true,"href":"https:\/\/clair.si\/hr\/wp-json\/wp\/v2\/media\/99540"}],"wp:attachment":[{"href":"https:\/\/clair.si\/hr\/wp-json\/wp\/v2\/media?parent=99538"}],"wp:term":[{"taxonomy":"product_brand","embeddable":true,"href":"https:\/\/clair.si\/hr\/wp-json\/wp\/v2\/product_brand?post=99538"},{"taxonomy":"product_cat","embeddable":true,"href":"https:\/\/clair.si\/hr\/wp-json\/wp\/v2\/product_cat?post=99538"},{"taxonomy":"product_tag","embeddable":true,"href":"https:\/\/clair.si\/hr\/wp-json\/wp\/v2\/product_tag?post=99538"}],"curies":[{"name":"wp","href":"https:\/\/api.w.org\/{rel}","templated":true}]}}