{"id":99541,"date":"2023-01-18T15:58:16","date_gmt":"2023-01-18T14:58:16","guid":{"rendered":"https:\/\/clair.si\/izdelek\/stitnik-za-rep-norton-high-protection\/"},"modified":"2025-08-28T07:50:25","modified_gmt":"2025-08-28T05:50:25","slug":"stitnik-za-rep-norton-high-protection","status":"publish","type":"product","link":"https:\/\/clair.si\/hr\/izdelek\/stitnik-za-rep-norton-high-protection\/","title":{"rendered":"\u0160titnik za rep Norton High Protection"},"content":{"rendered":"<p><strong>\u0160titnik za rep Norton High Protection<\/strong> nudi v<span class=\"HwtZe\" lang=\"sl\"><span class=\"jCAhz ChMk0b\"><span class=\"ryNqvb\">isoku razinu za\u0161tite od udaraca tijekom transporta konja!<\/span><\/span> <span class=\"jCAhz ChMk0b\"><span class=\"ryNqvb\">Apsorbira 3 puta vi\u0161e udaraca od tekstilnih \u0161titnika za rep.<\/span><\/span> <span class=\"jCAhz ChMk0b\"><span class=\"ryNqvb\">Napravljen je od 5 mm neoprena s oja\u010danjem od EVA pjene visoke gusto\u0107e, stoga \u0107e za\u0161tititi va\u0161eg konja od trljanja i o\u0161te\u0107enja repa tijekom putovanja.<\/span><\/span> <span class=\"jCAhz ChMk0b\"><span class=\"ryNqvb\">Zatvara se s 4 samoljepljive velcro trake.<\/span><\/span><\/span><\/p>\n","protected":false},"excerpt":{"rendered":"<p>\u0160titnik za rep Norton High Protection nudi visoku razinu za\u0161tite od udaraca tijekom transporta konja! Apsorbira 3 puta vi\u0161e udaraca<\/p>\n","protected":false},"featured_media":99554,"template":"","meta":{"footnotes":""},"product_brand":[],"product_cat":[5624,5773,6011],"product_tag":[],"class_list":{"0":"post-99541","1":"product","2":"type-product","3":"status-publish","4":"has-post-thumbnail","6":"product_cat-konj-hr","7":"product_cat-zastitnici-i-bandaze","8":"product_cat-transportni-stitnici","10":"first","11":"instock","12":"sale","13":"shipping-taxable","14":"purchasable","15":"product-type-simple"},"yoast_head":"<!-- This site is optimized with the Yoast SEO plugin v27.4 - https:\/\/yoast.com\/product\/yoast-seo-wordpress\/ -->\n<title>\u0160titnik za rep Norton High Protection - Clair<\/title>\n<meta name=\"description\" content=\"\u0160titnik za rep Norton High Protection nudi visoku razinu za\u0161tite od udaraca tijekom transporta konja! Apsorbira 3 puta vi\u0161e udaraca od tekstilnih \u0161titnika.\" \/>\n<meta name=\"robots\" content=\"index, follow, max-snippet:-1, max-image-preview:large, max-video-preview:-1\" \/>\n<link rel=\"canonical\" href=\"https:\/\/clair.si\/hr\/izdelek\/stitnik-za-rep-norton-high-protection\/\" \/>\n<meta property=\"og:locale\" content=\"hr_HR\" \/>\n<meta property=\"og:type\" content=\"article\" \/>\n<meta property=\"og:title\" content=\"\u0160titnik za rep Norton High Protection - Clair\" \/>\n<meta property=\"og:description\" content=\"\u0160titnik za rep Norton High Protection nudi visoku razinu za\u0161tite od udaraca tijekom transporta konja! Apsorbira 3 puta vi\u0161e udaraca od tekstilnih \u0161titnika.\" \/>\n<meta property=\"og:url\" content=\"https:\/\/clair.si\/hr\/izdelek\/stitnik-za-rep-norton-high-protection\/\" \/>\n<meta property=\"og:site_name\" content=\"Clair\" \/>\n<meta property=\"article:publisher\" content=\"https:\/\/www.facebook.com\/TrgovinaClair\/\" \/>\n<meta property=\"article:modified_time\" content=\"2025-08-28T05:50:25+00:00\" \/>\n<meta property=\"og:image\" content=\"https:\/\/clair.si\/wp-content\/uploads\/2023\/01\/norton-zascita-za-rep-transport-konj.jpg\" \/>\n\t<meta property=\"og:image:width\" content=\"800\" \/>\n\t<meta property=\"og:image:height\" content=\"800\" \/>\n\t<meta property=\"og:image:type\" content=\"image\/jpeg\" \/>\n<meta name=\"twitter:card\" content=\"summary_large_image\" \/>\n<script type=\"application\/ld+json\" class=\"yoast-schema-graph\">{\"@context\":\"https:\\\/\\\/schema.org\",\"@graph\":[{\"@type\":\"WebPage\",\"@id\":\"https:\\\/\\\/clair.si\\\/hr\\\/izdelek\\\/stitnik-za-rep-norton-high-protection\\\/\",\"url\":\"https:\\\/\\\/clair.si\\\/hr\\\/izdelek\\\/stitnik-za-rep-norton-high-protection\\\/\",\"name\":\"\u0160titnik za rep Norton High Protection - Clair\",\"isPartOf\":{\"@id\":\"https:\\\/\\\/clair.si\\\/#website\"},\"primaryImageOfPage\":{\"@id\":\"https:\\\/\\\/clair.si\\\/hr\\\/izdelek\\\/stitnik-za-rep-norton-high-protection\\\/#primaryimage\"},\"image\":{\"@id\":\"https:\\\/\\\/clair.si\\\/hr\\\/izdelek\\\/stitnik-za-rep-norton-high-protection\\\/#primaryimage\"},\"thumbnailUrl\":\"https:\\\/\\\/clair.si\\\/wp-content\\\/uploads\\\/2023\\\/01\\\/norton-zascita-za-rep-transport-konj.webp\",\"datePublished\":\"2023-01-18T14:58:16+00:00\",\"dateModified\":\"2025-08-28T05:50:25+00:00\",\"description\":\"\u0160titnik za rep Norton High Protection nudi visoku razinu za\u0161tite od udaraca tijekom transporta konja! Apsorbira 3 puta vi\u0161e udaraca od tekstilnih \u0161titnika.\",\"breadcrumb\":{\"@id\":\"https:\\\/\\\/clair.si\\\/hr\\\/izdelek\\\/stitnik-za-rep-norton-high-protection\\\/#breadcrumb\"},\"inLanguage\":\"hr\",\"potentialAction\":[{\"@type\":\"ReadAction\",\"target\":[\"https:\\\/\\\/clair.si\\\/hr\\\/izdelek\\\/stitnik-za-rep-norton-high-protection\\\/\"]}]},{\"@type\":\"ImageObject\",\"inLanguage\":\"hr\",\"@id\":\"https:\\\/\\\/clair.si\\\/hr\\\/izdelek\\\/stitnik-za-rep-norton-high-protection\\\/#primaryimage\",\"url\":\"https:\\\/\\\/clair.si\\\/wp-content\\\/uploads\\\/2023\\\/01\\\/norton-zascita-za-rep-transport-konj.webp\",\"contentUrl\":\"https:\\\/\\\/clair.si\\\/wp-content\\\/uploads\\\/2023\\\/01\\\/norton-zascita-za-rep-transport-konj.webp\",\"width\":800,\"height\":800,\"caption\":\"\u0160\u010ditnik za rep Norton namenjen za\u0161\u010diti repa pri transportu ali v hlevu.\"},{\"@type\":\"BreadcrumbList\",\"@id\":\"https:\\\/\\\/clair.si\\\/hr\\\/izdelek\\\/stitnik-za-rep-norton-high-protection\\\/#breadcrumb\",\"itemListElement\":[{\"@type\":\"ListItem\",\"position\":1,\"name\":\"Home\",\"item\":\"https:\\\/\\\/clair.si\\\/hr\\\/\"},{\"@type\":\"ListItem\",\"position\":2,\"name\":\"Trgovina\",\"item\":\"https:\\\/\\\/clair.si\\\/trgovina\\\/\"},{\"@type\":\"ListItem\",\"position\":3,\"name\":\"\u0160titnik za rep Norton High Protection\"}]},{\"@type\":\"WebSite\",\"@id\":\"https:\\\/\\\/clair.si\\\/#website\",\"url\":\"https:\\\/\\\/clair.si\\\/\",\"name\":\"Clair\",\"description\":\"Trgovina s konjeni\u0161ko opremo\",\"publisher\":{\"@id\":\"https:\\\/\\\/clair.si\\\/#organization\"},\"potentialAction\":[{\"@type\":\"SearchAction\",\"target\":{\"@type\":\"EntryPoint\",\"urlTemplate\":\"https:\\\/\\\/clair.si\\\/?s={search_term_string}\"},\"query-input\":{\"@type\":\"PropertyValueSpecification\",\"valueRequired\":true,\"valueName\":\"search_term_string\"}}],\"inLanguage\":\"hr\"},{\"@type\":\"Organization\",\"@id\":\"https:\\\/\\\/clair.si\\\/#organization\",\"name\":\"Clair\",\"url\":\"https:\\\/\\\/clair.si\\\/\",\"logo\":{\"@type\":\"ImageObject\",\"inLanguage\":\"hr\",\"@id\":\"https:\\\/\\\/clair.si\\\/#\\\/schema\\\/logo\\\/image\\\/\",\"url\":\"https:\\\/\\\/clair.si\\\/wp-content\\\/uploads\\\/2022\\\/11\\\/clair_logo_2022.jpg\",\"contentUrl\":\"https:\\\/\\\/clair.si\\\/wp-content\\\/uploads\\\/2022\\\/11\\\/clair_logo_2022.jpg\",\"width\":1920,\"height\":1920,\"caption\":\"Clair\"},\"image\":{\"@id\":\"https:\\\/\\\/clair.si\\\/#\\\/schema\\\/logo\\\/image\\\/\"},\"sameAs\":[\"https:\\\/\\\/www.facebook.com\\\/TrgovinaClair\\\/\"]}]}<\/script>\n<!-- \/ Yoast SEO plugin. -->","yoast_head_json":{"title":"\u0160titnik za rep Norton High Protection - Clair","description":"\u0160titnik za rep Norton High Protection nudi visoku razinu za\u0161tite od udaraca tijekom transporta konja! Apsorbira 3 puta vi\u0161e udaraca od tekstilnih \u0161titnika.","robots":{"index":"index","follow":"follow","max-snippet":"max-snippet:-1","max-image-preview":"max-image-preview:large","max-video-preview":"max-video-preview:-1"},"canonical":"https:\/\/clair.si\/hr\/izdelek\/stitnik-za-rep-norton-high-protection\/","og_locale":"hr_HR","og_type":"article","og_title":"\u0160titnik za rep Norton High Protection - Clair","og_description":"\u0160titnik za rep Norton High Protection nudi visoku razinu za\u0161tite od udaraca tijekom transporta konja! Apsorbira 3 puta vi\u0161e udaraca od tekstilnih \u0161titnika.","og_url":"https:\/\/clair.si\/hr\/izdelek\/stitnik-za-rep-norton-high-protection\/","og_site_name":"Clair","article_publisher":"https:\/\/www.facebook.com\/TrgovinaClair\/","article_modified_time":"2025-08-28T05:50:25+00:00","og_image":[{"width":800,"height":800,"url":"https:\/\/clair.si\/wp-content\/uploads\/2023\/01\/norton-zascita-za-rep-transport-konj.jpg","type":"image\/jpeg"}],"twitter_card":"summary_large_image","schema":{"@context":"https:\/\/schema.org","@graph":[{"@type":"WebPage","@id":"https:\/\/clair.si\/hr\/izdelek\/stitnik-za-rep-norton-high-protection\/","url":"https:\/\/clair.si\/hr\/izdelek\/stitnik-za-rep-norton-high-protection\/","name":"\u0160titnik za rep Norton High Protection - Clair","isPartOf":{"@id":"https:\/\/clair.si\/#website"},"primaryImageOfPage":{"@id":"https:\/\/clair.si\/hr\/izdelek\/stitnik-za-rep-norton-high-protection\/#primaryimage"},"image":{"@id":"https:\/\/clair.si\/hr\/izdelek\/stitnik-za-rep-norton-high-protection\/#primaryimage"},"thumbnailUrl":"https:\/\/clair.si\/wp-content\/uploads\/2023\/01\/norton-zascita-za-rep-transport-konj.webp","datePublished":"2023-01-18T14:58:16+00:00","dateModified":"2025-08-28T05:50:25+00:00","description":"\u0160titnik za rep Norton High Protection nudi visoku razinu za\u0161tite od udaraca tijekom transporta konja! Apsorbira 3 puta vi\u0161e udaraca od tekstilnih \u0161titnika.","breadcrumb":{"@id":"https:\/\/clair.si\/hr\/izdelek\/stitnik-za-rep-norton-high-protection\/#breadcrumb"},"inLanguage":"hr","potentialAction":[{"@type":"ReadAction","target":["https:\/\/clair.si\/hr\/izdelek\/stitnik-za-rep-norton-high-protection\/"]}]},{"@type":"ImageObject","inLanguage":"hr","@id":"https:\/\/clair.si\/hr\/izdelek\/stitnik-za-rep-norton-high-protection\/#primaryimage","url":"https:\/\/clair.si\/wp-content\/uploads\/2023\/01\/norton-zascita-za-rep-transport-konj.webp","contentUrl":"https:\/\/clair.si\/wp-content\/uploads\/2023\/01\/norton-zascita-za-rep-transport-konj.webp","width":800,"height":800,"caption":"\u0160\u010ditnik za rep Norton namenjen za\u0161\u010diti repa pri transportu ali v hlevu."},{"@type":"BreadcrumbList","@id":"https:\/\/clair.si\/hr\/izdelek\/stitnik-za-rep-norton-high-protection\/#breadcrumb","itemListElement":[{"@type":"ListItem","position":1,"name":"Home","item":"https:\/\/clair.si\/hr\/"},{"@type":"ListItem","position":2,"name":"Trgovina","item":"https:\/\/clair.si\/trgovina\/"},{"@type":"ListItem","position":3,"name":"\u0160titnik za rep Norton High Protection"}]},{"@type":"WebSite","@id":"https:\/\/clair.si\/#website","url":"https:\/\/clair.si\/","name":"Clair","description":"Trgovina s konjeni\u0161ko opremo","publisher":{"@id":"https:\/\/clair.si\/#organization"},"potentialAction":[{"@type":"SearchAction","target":{"@type":"EntryPoint","urlTemplate":"https:\/\/clair.si\/?s={search_term_string}"},"query-input":{"@type":"PropertyValueSpecification","valueRequired":true,"valueName":"search_term_string"}}],"inLanguage":"hr"},{"@type":"Organization","@id":"https:\/\/clair.si\/#organization","name":"Clair","url":"https:\/\/clair.si\/","logo":{"@type":"ImageObject","inLanguage":"hr","@id":"https:\/\/clair.si\/#\/schema\/logo\/image\/","url":"https:\/\/clair.si\/wp-content\/uploads\/2022\/11\/clair_logo_2022.jpg","contentUrl":"https:\/\/clair.si\/wp-content\/uploads\/2022\/11\/clair_logo_2022.jpg","width":1920,"height":1920,"caption":"Clair"},"image":{"@id":"https:\/\/clair.si\/#\/schema\/logo\/image\/"},"sameAs":["https:\/\/www.facebook.com\/TrgovinaClair\/"]}]}},"_links":{"self":[{"href":"https:\/\/clair.si\/hr\/wp-json\/wp\/v2\/product\/99541","targetHints":{"allow":["GET"]}}],"collection":[{"href":"https:\/\/clair.si\/hr\/wp-json\/wp\/v2\/product"}],"about":[{"href":"https:\/\/clair.si\/hr\/wp-json\/wp\/v2\/types\/product"}],"version-history":[{"count":0,"href":"https:\/\/clair.si\/hr\/wp-json\/wp\/v2\/product\/99541\/revisions"}],"wp:featuredmedia":[{"embeddable":true,"href":"https:\/\/clair.si\/hr\/wp-json\/wp\/v2\/media\/99554"}],"wp:attachment":[{"href":"https:\/\/clair.si\/hr\/wp-json\/wp\/v2\/media?parent=99541"}],"wp:term":[{"taxonomy":"product_brand","embeddable":true,"href":"https:\/\/clair.si\/hr\/wp-json\/wp\/v2\/product_brand?post=99541"},{"taxonomy":"product_cat","embeddable":true,"href":"https:\/\/clair.si\/hr\/wp-json\/wp\/v2\/product_cat?post=99541"},{"taxonomy":"product_tag","embeddable":true,"href":"https:\/\/clair.si\/hr\/wp-json\/wp\/v2\/product_tag?post=99541"}],"curies":[{"name":"wp","href":"https:\/\/api.w.org\/{rel}","templated":true}]}}