{"id":99606,"date":"2022-11-19T12:52:01","date_gmt":"2022-11-19T11:52:01","guid":{"rendered":"https:\/\/clair.si\/izdelek\/norton-zamjenski-remeni-za-pricvrscivanje-sedlenog-pojasa\/"},"modified":"2025-09-08T19:24:58","modified_gmt":"2025-09-08T17:24:58","slug":"norton-zamjenski-remeni-za-pricvrscivanje-sedlenog-pojasa","status":"publish","type":"product","link":"https:\/\/clair.si\/hr\/izdelek\/norton-zamjenski-remeni-za-pricvrscivanje-sedlenog-pojasa\/","title":{"rendered":"Norton zamjenski remeni za pri\u010dvr\u0161\u0107ivanje sedlenog kolana"},"content":{"rendered":"<p><strong>Norton zamjenski remeni za pri\u010dvr\u0161\u0107ivanje sedlenog kolana<\/strong>, oja\u010dani PVC-om i metalnim kop\u010dama. Remeni odgovaraju  <span class=\"HwtZe\" lang=\"sl\"><span class=\"jCAhz ChMk0b C1N51c\"><span class=\"ryNqvb\">vi\u0161enamjenskom sedlu NORTON CLUB &#8220;Rexine Evol&#8221; i za vi\u0161enamjensko sedlo NORTON CLUB &#8220;Spring Evol&#8221;. U kompletu su 3 remena. <\/span><\/span><\/span><\/p>\n","protected":false},"excerpt":{"rendered":"<p>Norton zamjenski remeni za pri\u010dvr\u0161\u0107ivanje sedlenog kolana, oja\u010dani PVC-om i metalnim kop\u010dama. Remeni odgovaraju vi\u0161enamjenskom sedlu NORTON CLUB &#8220;Rexine Evol&#8221;<\/p>\n","protected":false},"featured_media":99611,"template":"","meta":{"footnotes":""},"product_brand":[],"product_cat":[5942,5624,5940],"product_tag":[],"class_list":{"0":"post-99606","1":"product","2":"type-product","3":"status-publish","4":"has-post-thumbnail","6":"product_cat-dodatna-oprema-za-sedla","7":"product_cat-konj-hr","8":"product_cat-sedla-hr","10":"first","11":"instock","12":"shipping-taxable","13":"purchasable","14":"product-type-variable"},"yoast_head":"<!-- This site is optimized with the Yoast SEO plugin v27.3 - https:\/\/yoast.com\/product\/yoast-seo-wordpress\/ -->\n<title>Norton zamjenski remeni za pri\u010dvr\u0161\u0107ivanje sedlenog kolana - Clair<\/title>\n<meta name=\"description\" content=\"Norton zamjenski remeni za pri\u010dvr\u0161\u0107ivanje sedlenog kolana, oja\u010dani PVC-om i metalnim kop\u010dama. Remeni odgovaraju vi\u0161enamjenskom sedlu NORTON CLUB &quot;Rexine\" \/>\n<meta name=\"robots\" content=\"index, follow, max-snippet:-1, max-image-preview:large, max-video-preview:-1\" \/>\n<link rel=\"canonical\" href=\"https:\/\/clair.si\/hr\/izdelek\/norton-zamjenski-remeni-za-pricvrscivanje-sedlenog-pojasa\/\" \/>\n<meta property=\"og:locale\" content=\"hr_HR\" \/>\n<meta property=\"og:type\" content=\"article\" \/>\n<meta property=\"og:title\" content=\"Norton zamjenski remeni za pri\u010dvr\u0161\u0107ivanje sedlenog kolana - Clair\" \/>\n<meta property=\"og:description\" content=\"Norton zamjenski remeni za pri\u010dvr\u0161\u0107ivanje sedlenog kolana, oja\u010dani PVC-om i metalnim kop\u010dama. Remeni odgovaraju vi\u0161enamjenskom sedlu NORTON CLUB &quot;Rexine\" \/>\n<meta property=\"og:url\" content=\"https:\/\/clair.si\/hr\/izdelek\/norton-zamjenski-remeni-za-pricvrscivanje-sedlenog-pojasa\/\" \/>\n<meta property=\"og:site_name\" content=\"Clair\" \/>\n<meta property=\"article:publisher\" content=\"https:\/\/www.facebook.com\/TrgovinaClair\/\" \/>\n<meta property=\"article:modified_time\" content=\"2025-09-08T17:24:58+00:00\" \/>\n<meta property=\"og:image\" content=\"https:\/\/clair.si\/wp-content\/uploads\/2022\/11\/nadomestni-jermeni-za-sedelni-pas-norton-club-rexine-evol-all-purpose-saddle.jpg\" \/>\n\t<meta property=\"og:image:width\" content=\"800\" \/>\n\t<meta property=\"og:image:height\" content=\"800\" \/>\n\t<meta property=\"og:image:type\" content=\"image\/jpeg\" \/>\n<meta name=\"twitter:card\" content=\"summary_large_image\" \/>\n<script type=\"application\/ld+json\" class=\"yoast-schema-graph\">{\"@context\":\"https:\\\/\\\/schema.org\",\"@graph\":[{\"@type\":\"WebPage\",\"@id\":\"https:\\\/\\\/clair.si\\\/hr\\\/izdelek\\\/norton-zamjenski-remeni-za-pricvrscivanje-sedlenog-pojasa\\\/\",\"url\":\"https:\\\/\\\/clair.si\\\/hr\\\/izdelek\\\/norton-zamjenski-remeni-za-pricvrscivanje-sedlenog-pojasa\\\/\",\"name\":\"Norton zamjenski remeni za pri\u010dvr\u0161\u0107ivanje sedlenog kolana - Clair\",\"isPartOf\":{\"@id\":\"https:\\\/\\\/clair.si\\\/#website\"},\"primaryImageOfPage\":{\"@id\":\"https:\\\/\\\/clair.si\\\/hr\\\/izdelek\\\/norton-zamjenski-remeni-za-pricvrscivanje-sedlenog-pojasa\\\/#primaryimage\"},\"image\":{\"@id\":\"https:\\\/\\\/clair.si\\\/hr\\\/izdelek\\\/norton-zamjenski-remeni-za-pricvrscivanje-sedlenog-pojasa\\\/#primaryimage\"},\"thumbnailUrl\":\"https:\\\/\\\/clair.si\\\/wp-content\\\/uploads\\\/2022\\\/11\\\/nadomestni-jermeni-za-sedelni-pas-norton-club-rexine-evol-all-purpose-saddle.webp\",\"datePublished\":\"2022-11-19T11:52:01+00:00\",\"dateModified\":\"2025-09-08T17:24:58+00:00\",\"description\":\"Norton zamjenski remeni za pri\u010dvr\u0161\u0107ivanje sedlenog kolana, oja\u010dani PVC-om i metalnim kop\u010dama. Remeni odgovaraju vi\u0161enamjenskom sedlu NORTON CLUB \\\"Rexine\",\"breadcrumb\":{\"@id\":\"https:\\\/\\\/clair.si\\\/hr\\\/izdelek\\\/norton-zamjenski-remeni-za-pricvrscivanje-sedlenog-pojasa\\\/#breadcrumb\"},\"inLanguage\":\"hr\",\"potentialAction\":[{\"@type\":\"ReadAction\",\"target\":[\"https:\\\/\\\/clair.si\\\/hr\\\/izdelek\\\/norton-zamjenski-remeni-za-pricvrscivanje-sedlenog-pojasa\\\/\"]}]},{\"@type\":\"ImageObject\",\"inLanguage\":\"hr\",\"@id\":\"https:\\\/\\\/clair.si\\\/hr\\\/izdelek\\\/norton-zamjenski-remeni-za-pricvrscivanje-sedlenog-pojasa\\\/#primaryimage\",\"url\":\"https:\\\/\\\/clair.si\\\/wp-content\\\/uploads\\\/2022\\\/11\\\/nadomestni-jermeni-za-sedelni-pas-norton-club-rexine-evol-all-purpose-saddle.webp\",\"contentUrl\":\"https:\\\/\\\/clair.si\\\/wp-content\\\/uploads\\\/2022\\\/11\\\/nadomestni-jermeni-za-sedelni-pas-norton-club-rexine-evol-all-purpose-saddle.webp\",\"width\":800,\"height\":800,\"caption\":\"Norton nadomestni jermeni za pripenjanje sedelnega pasu\"},{\"@type\":\"BreadcrumbList\",\"@id\":\"https:\\\/\\\/clair.si\\\/hr\\\/izdelek\\\/norton-zamjenski-remeni-za-pricvrscivanje-sedlenog-pojasa\\\/#breadcrumb\",\"itemListElement\":[{\"@type\":\"ListItem\",\"position\":1,\"name\":\"Home\",\"item\":\"https:\\\/\\\/clair.si\\\/hr\\\/\"},{\"@type\":\"ListItem\",\"position\":2,\"name\":\"Trgovina\",\"item\":\"https:\\\/\\\/clair.si\\\/trgovina\\\/\"},{\"@type\":\"ListItem\",\"position\":3,\"name\":\"Norton zamjenski remeni za pri\u010dvr\u0161\u0107ivanje sedlenog kolana\"}]},{\"@type\":\"WebSite\",\"@id\":\"https:\\\/\\\/clair.si\\\/#website\",\"url\":\"https:\\\/\\\/clair.si\\\/\",\"name\":\"Clair\",\"description\":\"Trgovina s konjeni\u0161ko opremo\",\"publisher\":{\"@id\":\"https:\\\/\\\/clair.si\\\/#organization\"},\"potentialAction\":[{\"@type\":\"SearchAction\",\"target\":{\"@type\":\"EntryPoint\",\"urlTemplate\":\"https:\\\/\\\/clair.si\\\/?s={search_term_string}\"},\"query-input\":{\"@type\":\"PropertyValueSpecification\",\"valueRequired\":true,\"valueName\":\"search_term_string\"}}],\"inLanguage\":\"hr\"},{\"@type\":\"Organization\",\"@id\":\"https:\\\/\\\/clair.si\\\/#organization\",\"name\":\"Clair\",\"url\":\"https:\\\/\\\/clair.si\\\/\",\"logo\":{\"@type\":\"ImageObject\",\"inLanguage\":\"hr\",\"@id\":\"https:\\\/\\\/clair.si\\\/#\\\/schema\\\/logo\\\/image\\\/\",\"url\":\"https:\\\/\\\/clair.si\\\/wp-content\\\/uploads\\\/2022\\\/11\\\/clair_logo_2022.jpg\",\"contentUrl\":\"https:\\\/\\\/clair.si\\\/wp-content\\\/uploads\\\/2022\\\/11\\\/clair_logo_2022.jpg\",\"width\":1920,\"height\":1920,\"caption\":\"Clair\"},\"image\":{\"@id\":\"https:\\\/\\\/clair.si\\\/#\\\/schema\\\/logo\\\/image\\\/\"},\"sameAs\":[\"https:\\\/\\\/www.facebook.com\\\/TrgovinaClair\\\/\"]}]}<\/script>\n<!-- \/ Yoast SEO plugin. -->","yoast_head_json":{"title":"Norton zamjenski remeni za pri\u010dvr\u0161\u0107ivanje sedlenog kolana - Clair","description":"Norton zamjenski remeni za pri\u010dvr\u0161\u0107ivanje sedlenog kolana, oja\u010dani PVC-om i metalnim kop\u010dama. Remeni odgovaraju vi\u0161enamjenskom sedlu NORTON CLUB \"Rexine","robots":{"index":"index","follow":"follow","max-snippet":"max-snippet:-1","max-image-preview":"max-image-preview:large","max-video-preview":"max-video-preview:-1"},"canonical":"https:\/\/clair.si\/hr\/izdelek\/norton-zamjenski-remeni-za-pricvrscivanje-sedlenog-pojasa\/","og_locale":"hr_HR","og_type":"article","og_title":"Norton zamjenski remeni za pri\u010dvr\u0161\u0107ivanje sedlenog kolana - Clair","og_description":"Norton zamjenski remeni za pri\u010dvr\u0161\u0107ivanje sedlenog kolana, oja\u010dani PVC-om i metalnim kop\u010dama. Remeni odgovaraju vi\u0161enamjenskom sedlu NORTON CLUB \"Rexine","og_url":"https:\/\/clair.si\/hr\/izdelek\/norton-zamjenski-remeni-za-pricvrscivanje-sedlenog-pojasa\/","og_site_name":"Clair","article_publisher":"https:\/\/www.facebook.com\/TrgovinaClair\/","article_modified_time":"2025-09-08T17:24:58+00:00","og_image":[{"width":800,"height":800,"url":"https:\/\/clair.si\/wp-content\/uploads\/2022\/11\/nadomestni-jermeni-za-sedelni-pas-norton-club-rexine-evol-all-purpose-saddle.jpg","type":"image\/jpeg"}],"twitter_card":"summary_large_image","schema":{"@context":"https:\/\/schema.org","@graph":[{"@type":"WebPage","@id":"https:\/\/clair.si\/hr\/izdelek\/norton-zamjenski-remeni-za-pricvrscivanje-sedlenog-pojasa\/","url":"https:\/\/clair.si\/hr\/izdelek\/norton-zamjenski-remeni-za-pricvrscivanje-sedlenog-pojasa\/","name":"Norton zamjenski remeni za pri\u010dvr\u0161\u0107ivanje sedlenog kolana - Clair","isPartOf":{"@id":"https:\/\/clair.si\/#website"},"primaryImageOfPage":{"@id":"https:\/\/clair.si\/hr\/izdelek\/norton-zamjenski-remeni-za-pricvrscivanje-sedlenog-pojasa\/#primaryimage"},"image":{"@id":"https:\/\/clair.si\/hr\/izdelek\/norton-zamjenski-remeni-za-pricvrscivanje-sedlenog-pojasa\/#primaryimage"},"thumbnailUrl":"https:\/\/clair.si\/wp-content\/uploads\/2022\/11\/nadomestni-jermeni-za-sedelni-pas-norton-club-rexine-evol-all-purpose-saddle.webp","datePublished":"2022-11-19T11:52:01+00:00","dateModified":"2025-09-08T17:24:58+00:00","description":"Norton zamjenski remeni za pri\u010dvr\u0161\u0107ivanje sedlenog kolana, oja\u010dani PVC-om i metalnim kop\u010dama. Remeni odgovaraju vi\u0161enamjenskom sedlu NORTON CLUB \"Rexine","breadcrumb":{"@id":"https:\/\/clair.si\/hr\/izdelek\/norton-zamjenski-remeni-za-pricvrscivanje-sedlenog-pojasa\/#breadcrumb"},"inLanguage":"hr","potentialAction":[{"@type":"ReadAction","target":["https:\/\/clair.si\/hr\/izdelek\/norton-zamjenski-remeni-za-pricvrscivanje-sedlenog-pojasa\/"]}]},{"@type":"ImageObject","inLanguage":"hr","@id":"https:\/\/clair.si\/hr\/izdelek\/norton-zamjenski-remeni-za-pricvrscivanje-sedlenog-pojasa\/#primaryimage","url":"https:\/\/clair.si\/wp-content\/uploads\/2022\/11\/nadomestni-jermeni-za-sedelni-pas-norton-club-rexine-evol-all-purpose-saddle.webp","contentUrl":"https:\/\/clair.si\/wp-content\/uploads\/2022\/11\/nadomestni-jermeni-za-sedelni-pas-norton-club-rexine-evol-all-purpose-saddle.webp","width":800,"height":800,"caption":"Norton nadomestni jermeni za pripenjanje sedelnega pasu"},{"@type":"BreadcrumbList","@id":"https:\/\/clair.si\/hr\/izdelek\/norton-zamjenski-remeni-za-pricvrscivanje-sedlenog-pojasa\/#breadcrumb","itemListElement":[{"@type":"ListItem","position":1,"name":"Home","item":"https:\/\/clair.si\/hr\/"},{"@type":"ListItem","position":2,"name":"Trgovina","item":"https:\/\/clair.si\/trgovina\/"},{"@type":"ListItem","position":3,"name":"Norton zamjenski remeni za pri\u010dvr\u0161\u0107ivanje sedlenog kolana"}]},{"@type":"WebSite","@id":"https:\/\/clair.si\/#website","url":"https:\/\/clair.si\/","name":"Clair","description":"Trgovina s konjeni\u0161ko opremo","publisher":{"@id":"https:\/\/clair.si\/#organization"},"potentialAction":[{"@type":"SearchAction","target":{"@type":"EntryPoint","urlTemplate":"https:\/\/clair.si\/?s={search_term_string}"},"query-input":{"@type":"PropertyValueSpecification","valueRequired":true,"valueName":"search_term_string"}}],"inLanguage":"hr"},{"@type":"Organization","@id":"https:\/\/clair.si\/#organization","name":"Clair","url":"https:\/\/clair.si\/","logo":{"@type":"ImageObject","inLanguage":"hr","@id":"https:\/\/clair.si\/#\/schema\/logo\/image\/","url":"https:\/\/clair.si\/wp-content\/uploads\/2022\/11\/clair_logo_2022.jpg","contentUrl":"https:\/\/clair.si\/wp-content\/uploads\/2022\/11\/clair_logo_2022.jpg","width":1920,"height":1920,"caption":"Clair"},"image":{"@id":"https:\/\/clair.si\/#\/schema\/logo\/image\/"},"sameAs":["https:\/\/www.facebook.com\/TrgovinaClair\/"]}]}},"_links":{"self":[{"href":"https:\/\/clair.si\/hr\/wp-json\/wp\/v2\/product\/99606","targetHints":{"allow":["GET"]}}],"collection":[{"href":"https:\/\/clair.si\/hr\/wp-json\/wp\/v2\/product"}],"about":[{"href":"https:\/\/clair.si\/hr\/wp-json\/wp\/v2\/types\/product"}],"version-history":[{"count":0,"href":"https:\/\/clair.si\/hr\/wp-json\/wp\/v2\/product\/99606\/revisions"}],"wp:featuredmedia":[{"embeddable":true,"href":"https:\/\/clair.si\/hr\/wp-json\/wp\/v2\/media\/99611"}],"wp:attachment":[{"href":"https:\/\/clair.si\/hr\/wp-json\/wp\/v2\/media?parent=99606"}],"wp:term":[{"taxonomy":"product_brand","embeddable":true,"href":"https:\/\/clair.si\/hr\/wp-json\/wp\/v2\/product_brand?post=99606"},{"taxonomy":"product_cat","embeddable":true,"href":"https:\/\/clair.si\/hr\/wp-json\/wp\/v2\/product_cat?post=99606"},{"taxonomy":"product_tag","embeddable":true,"href":"https:\/\/clair.si\/hr\/wp-json\/wp\/v2\/product_tag?post=99606"}],"curies":[{"name":"wp","href":"https:\/\/api.w.org\/{rel}","templated":true}]}}