{"id":99623,"date":"2022-11-20T17:16:53","date_gmt":"2022-11-20T16:16:53","guid":{"rendered":"https:\/\/clair.si\/izdelek\/pomoc-za-trening-norton-pulley\/"},"modified":"2025-08-27T21:08:16","modified_gmt":"2025-08-27T19:08:16","slug":"pomoc-za-trening-norton-pulley","status":"publish","type":"product","link":"https:\/\/clair.si\/hr\/izdelek\/pomoc-za-trening-norton-pulley\/","title":{"rendered":"Pomo\u0107 za trening Norton Pulley"},"content":{"rendered":"<p><strong>Pomo\u0107 za trening Norton Pulley<\/strong> &#8211; je <span class=\"HwtZe\" lang=\"sl\"><span class=\"jCAhz ChMk0b\"><span class=\"ryNqvb\">inovativna pomo\u0107 za treniranje konja na nje\u017ean na\u010din.<\/span><\/span> <span class=\"jCAhz ChMk0b\"><span class=\"ryNqvb\">Sustav kolotura ja\u010da le\u0111a i iste\u017ee gornju liniju bez sile ili ograni\u010denja.<\/span><\/span><\/span><\/p>\n<p><span class=\"HwtZe\" lang=\"sl\"><strong> <span class=\"jCAhz ChMk0b\"><span class=\"ryNqvb\">Upotreba ove pomo\u0107i poti\u010de konja da se tijekom rada istegne prema naprijed i prema dolje.<\/span><\/span> <\/strong><span class=\"jCAhz ChMk0b\"><span class=\"ryNqvb\">Sa svojim jedinstvenim dizajnom, u\u017ead mo\u017eete prilagoditi tako da budu du\u017ee ili kra\u0107e, ovisno o visini i gra\u0111i va\u0161eg konja.<\/span><\/span> <\/span><span class=\"HwtZe\" lang=\"sl\"><span class=\"jCAhz ChMk0b\"><span class=\"ryNqvb\">Ovu pomo\u0107 za trening Norton Pulley uvijek koristimo kratkotrajno, kako bismo postigli maksimalnu u\u010dinkovitost.<\/span><\/span> <span class=\"jCAhz ChMk0b\"><span class=\"ryNqvb\">Preporu\u010duje se da svog konja polako pripremite za redoviti rad na lon\u017ei.<\/span><\/span><\/span><\/p>\n<ul>\n<li><span class=\"HwtZe\" lang=\"sl\"> <span class=\"jCAhz ChMk0b\"><span class=\"ryNqvb\">Jednostavno se pode\u0161ava kako bi odgovarala najrazli\u010ditijim konjima s jedinstvenim sustavom kolotura<\/span><\/span><\/span><\/li>\n<li><span class=\"HwtZe\" lang=\"sl\"><span class=\"jCAhz ChMk0b\"><span class=\"ryNqvb\">Odli\u010dna pomo\u0107 pri treniranju konja s tla (lon\u017eiranju)<\/span><\/span><\/span><\/li>\n<li><span class=\"HwtZe\" lang=\"sl\"><span class=\"jCAhz ChMk0b\"><span class=\"ryNqvb\">Poma\u017ee konju da se kre\u0107e naprijed i po\u010dne pravilno koristiti svoj stra\u017enji dio<\/span><\/span><\/span><\/li>\n<li><span class=\"HwtZe\" lang=\"sl\"><span class=\"jCAhz ChMk0b\"><span class=\"ryNqvb\">Poma\u017ee oja\u010dati le\u0111a i iste\u017ee cijelu gornju liniju<\/span><\/span> <\/span><\/li>\n<li><strong>U cijenu nisu uklju\u010deni lon\u017eirni pojas i uzda<\/strong><\/li>\n<\/ul>\n<p>Veli\u010dina: Cob\/Full<\/p>\n","protected":false},"excerpt":{"rendered":"<p>Pomo\u0107 za trening Norton Pulley &#8211; je inovativna pomo\u0107 za treniranje konja na nje\u017ean na\u010din. Sustav kolotura ja\u010da le\u0111a i<\/p>\n","protected":false},"featured_media":99653,"template":"","meta":{"footnotes":""},"product_brand":[],"product_cat":[5657,5624,5830,6033,6035,5869,6255,6256],"product_tag":[],"class_list":{"0":"post-99623","1":"product","2":"type-product","3":"status-publish","4":"has-post-thumbnail","6":"product_cat-kategorije-hr","7":"product_cat-konj-hr","8":"product_cat-lonziranje-hr","9":"product_cat-lonziranje-hr-2","10":"product_cat-lonzirne-uzde-i-lonzirne-vodilice","11":"product_cat-lonzirne-uzde-i-pomocne-vodilice","12":"product_cat-lonzirni-kolani","13":"product_cat-povodci-za-lonziranje-hr","15":"first","16":"outofstock","17":"sale","18":"shipping-taxable","19":"purchasable","20":"product-type-simple"},"yoast_head":"<!-- This site is optimized with the Yoast SEO plugin v27.4 - https:\/\/yoast.com\/product\/yoast-seo-wordpress\/ -->\n<title>Pomo\u0107 za trening Norton Pulley - Clair<\/title>\n<meta name=\"description\" content=\"Pomo\u0107 za trening Norton Pulley - pru\u017ea inovativnu pomo\u0107 za treniranje konja na nje\u017ean na\u010din. Sustav kolotura ja\u010da le\u0111a.\" \/>\n<meta name=\"robots\" content=\"index, follow, max-snippet:-1, max-image-preview:large, max-video-preview:-1\" \/>\n<link rel=\"canonical\" href=\"https:\/\/clair.si\/hr\/izdelek\/pomoc-za-trening-norton-pulley\/\" \/>\n<meta property=\"og:locale\" content=\"hr_HR\" \/>\n<meta property=\"og:type\" content=\"article\" \/>\n<meta property=\"og:title\" content=\"Pomo\u0107 za trening Norton Pulley - Clair\" \/>\n<meta property=\"og:description\" content=\"Pomo\u0107 za trening Norton Pulley - pru\u017ea inovativnu pomo\u0107 za treniranje konja na nje\u017ean na\u010din. Sustav kolotura ja\u010da le\u0111a.\" \/>\n<meta property=\"og:url\" content=\"https:\/\/clair.si\/hr\/izdelek\/pomoc-za-trening-norton-pulley\/\" \/>\n<meta property=\"og:site_name\" content=\"Clair\" \/>\n<meta property=\"article:publisher\" content=\"https:\/\/www.facebook.com\/TrgovinaClair\/\" \/>\n<meta property=\"article:modified_time\" content=\"2025-08-27T19:08:16+00:00\" \/>\n<meta property=\"og:image\" content=\"https:\/\/clair.si\/wp-content\/uploads\/2022\/11\/norton-pripomocek-za-lonziranje.jpg\" \/>\n\t<meta property=\"og:image:width\" content=\"800\" \/>\n\t<meta property=\"og:image:height\" content=\"800\" \/>\n\t<meta property=\"og:image:type\" content=\"image\/jpeg\" \/>\n<meta name=\"twitter:card\" content=\"summary_large_image\" \/>\n<meta name=\"twitter:label1\" content=\"Procijenjeno vrijeme \u010ditanja\" \/>\n\t<meta name=\"twitter:data1\" content=\"1 minuta\" \/>\n<script type=\"application\/ld+json\" class=\"yoast-schema-graph\">{\"@context\":\"https:\\\/\\\/schema.org\",\"@graph\":[{\"@type\":\"WebPage\",\"@id\":\"https:\\\/\\\/clair.si\\\/hr\\\/izdelek\\\/pomoc-za-trening-norton-pulley\\\/\",\"url\":\"https:\\\/\\\/clair.si\\\/hr\\\/izdelek\\\/pomoc-za-trening-norton-pulley\\\/\",\"name\":\"Pomo\u0107 za trening Norton Pulley - Clair\",\"isPartOf\":{\"@id\":\"https:\\\/\\\/clair.si\\\/#website\"},\"primaryImageOfPage\":{\"@id\":\"https:\\\/\\\/clair.si\\\/hr\\\/izdelek\\\/pomoc-za-trening-norton-pulley\\\/#primaryimage\"},\"image\":{\"@id\":\"https:\\\/\\\/clair.si\\\/hr\\\/izdelek\\\/pomoc-za-trening-norton-pulley\\\/#primaryimage\"},\"thumbnailUrl\":\"https:\\\/\\\/clair.si\\\/wp-content\\\/uploads\\\/2022\\\/11\\\/norton-pripomocek-za-lonziranje.webp\",\"datePublished\":\"2022-11-20T16:16:53+00:00\",\"dateModified\":\"2025-08-27T19:08:16+00:00\",\"description\":\"Pomo\u0107 za trening Norton Pulley - pru\u017ea inovativnu pomo\u0107 za treniranje konja na nje\u017ean na\u010din. Sustav kolotura ja\u010da le\u0111a.\",\"breadcrumb\":{\"@id\":\"https:\\\/\\\/clair.si\\\/hr\\\/izdelek\\\/pomoc-za-trening-norton-pulley\\\/#breadcrumb\"},\"inLanguage\":\"hr\",\"potentialAction\":[{\"@type\":\"ReadAction\",\"target\":[\"https:\\\/\\\/clair.si\\\/hr\\\/izdelek\\\/pomoc-za-trening-norton-pulley\\\/\"]}]},{\"@type\":\"ImageObject\",\"inLanguage\":\"hr\",\"@id\":\"https:\\\/\\\/clair.si\\\/hr\\\/izdelek\\\/pomoc-za-trening-norton-pulley\\\/#primaryimage\",\"url\":\"https:\\\/\\\/clair.si\\\/wp-content\\\/uploads\\\/2022\\\/11\\\/norton-pripomocek-za-lonziranje.webp\",\"contentUrl\":\"https:\\\/\\\/clair.si\\\/wp-content\\\/uploads\\\/2022\\\/11\\\/norton-pripomocek-za-lonziranje.webp\",\"width\":800,\"height\":800,\"caption\":\"Pripomo\u010dek za trening in lon\u017eiranje konja Norton Pulley\"},{\"@type\":\"BreadcrumbList\",\"@id\":\"https:\\\/\\\/clair.si\\\/hr\\\/izdelek\\\/pomoc-za-trening-norton-pulley\\\/#breadcrumb\",\"itemListElement\":[{\"@type\":\"ListItem\",\"position\":1,\"name\":\"Home\",\"item\":\"https:\\\/\\\/clair.si\\\/hr\\\/\"},{\"@type\":\"ListItem\",\"position\":2,\"name\":\"Trgovina\",\"item\":\"https:\\\/\\\/clair.si\\\/trgovina\\\/\"},{\"@type\":\"ListItem\",\"position\":3,\"name\":\"Pomo\u0107 za trening Norton Pulley\"}]},{\"@type\":\"WebSite\",\"@id\":\"https:\\\/\\\/clair.si\\\/#website\",\"url\":\"https:\\\/\\\/clair.si\\\/\",\"name\":\"Clair\",\"description\":\"Trgovina s konjeni\u0161ko opremo\",\"publisher\":{\"@id\":\"https:\\\/\\\/clair.si\\\/#organization\"},\"potentialAction\":[{\"@type\":\"SearchAction\",\"target\":{\"@type\":\"EntryPoint\",\"urlTemplate\":\"https:\\\/\\\/clair.si\\\/?s={search_term_string}\"},\"query-input\":{\"@type\":\"PropertyValueSpecification\",\"valueRequired\":true,\"valueName\":\"search_term_string\"}}],\"inLanguage\":\"hr\"},{\"@type\":\"Organization\",\"@id\":\"https:\\\/\\\/clair.si\\\/#organization\",\"name\":\"Clair\",\"url\":\"https:\\\/\\\/clair.si\\\/\",\"logo\":{\"@type\":\"ImageObject\",\"inLanguage\":\"hr\",\"@id\":\"https:\\\/\\\/clair.si\\\/#\\\/schema\\\/logo\\\/image\\\/\",\"url\":\"https:\\\/\\\/clair.si\\\/wp-content\\\/uploads\\\/2022\\\/11\\\/clair_logo_2022.jpg\",\"contentUrl\":\"https:\\\/\\\/clair.si\\\/wp-content\\\/uploads\\\/2022\\\/11\\\/clair_logo_2022.jpg\",\"width\":1920,\"height\":1920,\"caption\":\"Clair\"},\"image\":{\"@id\":\"https:\\\/\\\/clair.si\\\/#\\\/schema\\\/logo\\\/image\\\/\"},\"sameAs\":[\"https:\\\/\\\/www.facebook.com\\\/TrgovinaClair\\\/\"]}]}<\/script>\n<!-- \/ Yoast SEO plugin. -->","yoast_head_json":{"title":"Pomo\u0107 za trening Norton Pulley - Clair","description":"Pomo\u0107 za trening Norton Pulley - pru\u017ea inovativnu pomo\u0107 za treniranje konja na nje\u017ean na\u010din. Sustav kolotura ja\u010da le\u0111a.","robots":{"index":"index","follow":"follow","max-snippet":"max-snippet:-1","max-image-preview":"max-image-preview:large","max-video-preview":"max-video-preview:-1"},"canonical":"https:\/\/clair.si\/hr\/izdelek\/pomoc-za-trening-norton-pulley\/","og_locale":"hr_HR","og_type":"article","og_title":"Pomo\u0107 za trening Norton Pulley - Clair","og_description":"Pomo\u0107 za trening Norton Pulley - pru\u017ea inovativnu pomo\u0107 za treniranje konja na nje\u017ean na\u010din. Sustav kolotura ja\u010da le\u0111a.","og_url":"https:\/\/clair.si\/hr\/izdelek\/pomoc-za-trening-norton-pulley\/","og_site_name":"Clair","article_publisher":"https:\/\/www.facebook.com\/TrgovinaClair\/","article_modified_time":"2025-08-27T19:08:16+00:00","og_image":[{"width":800,"height":800,"url":"https:\/\/clair.si\/wp-content\/uploads\/2022\/11\/norton-pripomocek-za-lonziranje.jpg","type":"image\/jpeg"}],"twitter_card":"summary_large_image","twitter_misc":{"Procijenjeno vrijeme \u010ditanja":"1 minuta"},"schema":{"@context":"https:\/\/schema.org","@graph":[{"@type":"WebPage","@id":"https:\/\/clair.si\/hr\/izdelek\/pomoc-za-trening-norton-pulley\/","url":"https:\/\/clair.si\/hr\/izdelek\/pomoc-za-trening-norton-pulley\/","name":"Pomo\u0107 za trening Norton Pulley - Clair","isPartOf":{"@id":"https:\/\/clair.si\/#website"},"primaryImageOfPage":{"@id":"https:\/\/clair.si\/hr\/izdelek\/pomoc-za-trening-norton-pulley\/#primaryimage"},"image":{"@id":"https:\/\/clair.si\/hr\/izdelek\/pomoc-za-trening-norton-pulley\/#primaryimage"},"thumbnailUrl":"https:\/\/clair.si\/wp-content\/uploads\/2022\/11\/norton-pripomocek-za-lonziranje.webp","datePublished":"2022-11-20T16:16:53+00:00","dateModified":"2025-08-27T19:08:16+00:00","description":"Pomo\u0107 za trening Norton Pulley - pru\u017ea inovativnu pomo\u0107 za treniranje konja na nje\u017ean na\u010din. Sustav kolotura ja\u010da le\u0111a.","breadcrumb":{"@id":"https:\/\/clair.si\/hr\/izdelek\/pomoc-za-trening-norton-pulley\/#breadcrumb"},"inLanguage":"hr","potentialAction":[{"@type":"ReadAction","target":["https:\/\/clair.si\/hr\/izdelek\/pomoc-za-trening-norton-pulley\/"]}]},{"@type":"ImageObject","inLanguage":"hr","@id":"https:\/\/clair.si\/hr\/izdelek\/pomoc-za-trening-norton-pulley\/#primaryimage","url":"https:\/\/clair.si\/wp-content\/uploads\/2022\/11\/norton-pripomocek-za-lonziranje.webp","contentUrl":"https:\/\/clair.si\/wp-content\/uploads\/2022\/11\/norton-pripomocek-za-lonziranje.webp","width":800,"height":800,"caption":"Pripomo\u010dek za trening in lon\u017eiranje konja Norton Pulley"},{"@type":"BreadcrumbList","@id":"https:\/\/clair.si\/hr\/izdelek\/pomoc-za-trening-norton-pulley\/#breadcrumb","itemListElement":[{"@type":"ListItem","position":1,"name":"Home","item":"https:\/\/clair.si\/hr\/"},{"@type":"ListItem","position":2,"name":"Trgovina","item":"https:\/\/clair.si\/trgovina\/"},{"@type":"ListItem","position":3,"name":"Pomo\u0107 za trening Norton Pulley"}]},{"@type":"WebSite","@id":"https:\/\/clair.si\/#website","url":"https:\/\/clair.si\/","name":"Clair","description":"Trgovina s konjeni\u0161ko opremo","publisher":{"@id":"https:\/\/clair.si\/#organization"},"potentialAction":[{"@type":"SearchAction","target":{"@type":"EntryPoint","urlTemplate":"https:\/\/clair.si\/?s={search_term_string}"},"query-input":{"@type":"PropertyValueSpecification","valueRequired":true,"valueName":"search_term_string"}}],"inLanguage":"hr"},{"@type":"Organization","@id":"https:\/\/clair.si\/#organization","name":"Clair","url":"https:\/\/clair.si\/","logo":{"@type":"ImageObject","inLanguage":"hr","@id":"https:\/\/clair.si\/#\/schema\/logo\/image\/","url":"https:\/\/clair.si\/wp-content\/uploads\/2022\/11\/clair_logo_2022.jpg","contentUrl":"https:\/\/clair.si\/wp-content\/uploads\/2022\/11\/clair_logo_2022.jpg","width":1920,"height":1920,"caption":"Clair"},"image":{"@id":"https:\/\/clair.si\/#\/schema\/logo\/image\/"},"sameAs":["https:\/\/www.facebook.com\/TrgovinaClair\/"]}]}},"_links":{"self":[{"href":"https:\/\/clair.si\/hr\/wp-json\/wp\/v2\/product\/99623","targetHints":{"allow":["GET"]}}],"collection":[{"href":"https:\/\/clair.si\/hr\/wp-json\/wp\/v2\/product"}],"about":[{"href":"https:\/\/clair.si\/hr\/wp-json\/wp\/v2\/types\/product"}],"version-history":[{"count":0,"href":"https:\/\/clair.si\/hr\/wp-json\/wp\/v2\/product\/99623\/revisions"}],"wp:featuredmedia":[{"embeddable":true,"href":"https:\/\/clair.si\/hr\/wp-json\/wp\/v2\/media\/99653"}],"wp:attachment":[{"href":"https:\/\/clair.si\/hr\/wp-json\/wp\/v2\/media?parent=99623"}],"wp:term":[{"taxonomy":"product_brand","embeddable":true,"href":"https:\/\/clair.si\/hr\/wp-json\/wp\/v2\/product_brand?post=99623"},{"taxonomy":"product_cat","embeddable":true,"href":"https:\/\/clair.si\/hr\/wp-json\/wp\/v2\/product_cat?post=99623"},{"taxonomy":"product_tag","embeddable":true,"href":"https:\/\/clair.si\/hr\/wp-json\/wp\/v2\/product_tag?post=99623"}],"curies":[{"name":"wp","href":"https:\/\/api.w.org\/{rel}","templated":true}]}}