{"id":99700,"date":"2022-11-17T18:11:51","date_gmt":"2022-11-17T17:11:51","guid":{"rendered":"https:\/\/clair.si\/izdelek\/drzac-za-biceve-h-t\/"},"modified":"2025-08-27T12:04:25","modified_gmt":"2025-08-27T10:04:25","slug":"drzac-za-biceve-h-t","status":"publish","type":"product","link":"https:\/\/clair.si\/hr\/izdelek\/drzac-za-biceve-h-t\/","title":{"rendered":"Dr\u017ea\u010d za bi\u010deve H-T"},"content":{"rendered":"<p><strong>Dr\u017ea\u010d za bi\u010deve<\/strong> izra\u0111en od plastike. Pri\u010dvr\u0161\u0107uje se s \u010detiri vijka i u njega mo\u017eemo pohraniti \u010dak 11 bi\u010deva. Mo\u017eemo ga postaviti u sedlarnici ili uz jahaonicu.  <\/p>\n","protected":false},"excerpt":{"rendered":"<p>Dr\u017ea\u010d za bi\u010deve izra\u0111en od plastike. Pri\u010dvr\u0161\u0107uje se s \u010detiri vijka i u njega mo\u017eemo pohraniti \u010dak 11 bi\u010deva. Mo\u017eemo<\/p>\n","protected":false},"featured_media":99701,"template":"","meta":{"footnotes":""},"product_brand":[],"product_cat":[5732,5831,6110,5756,5934,5654,6033,5733,5627,5734],"product_tag":[],"class_list":{"0":"post-99700","1":"product","2":"type-product","3":"status-publish","4":"has-post-thumbnail","6":"product_cat-bicevi","7":"product_cat-bicevi-za-lonziranje","8":"product_cat-bicevi-za-lonziranje-hr","9":"product_cat-dodaci-za-stalu","10":"product_cat-dresurni-bicevi","11":"product_cat-jahac-hr","12":"product_cat-lonziranje-hr-2","13":"product_cat-preponski-bicevi","14":"product_cat-stala-i-pasnjak","15":"product_cat-visenamjenski-bicevi","17":"first","18":"instock","19":"shipping-taxable","20":"purchasable","21":"product-type-simple"},"yoast_head":"<!-- This site is optimized with the Yoast SEO plugin v27.3 - https:\/\/yoast.com\/product\/yoast-seo-wordpress\/ -->\n<title>Dr\u017ea\u010d za bi\u010deve H-T - Clair<\/title>\n<meta name=\"description\" content=\"Dr\u017ea\u010d za bi\u010deve izra\u0111en od plastike. Pri\u010dvr\u0161\u0107uje se s \u010detiri vijka i u njega mo\u017eemo pohraniti \u010dak 11 bi\u010deva. Mo\u017eemo ga postaviti u sedlarnici ili uz\" \/>\n<meta name=\"robots\" content=\"index, follow, max-snippet:-1, max-image-preview:large, max-video-preview:-1\" \/>\n<link rel=\"canonical\" href=\"https:\/\/clair.si\/hr\/izdelek\/drzac-za-biceve-h-t\/\" \/>\n<meta property=\"og:locale\" content=\"hr_HR\" \/>\n<meta property=\"og:type\" content=\"article\" \/>\n<meta property=\"og:title\" content=\"Dr\u017ea\u010d za bi\u010deve H-T - Clair\" \/>\n<meta property=\"og:description\" content=\"Dr\u017ea\u010d za bi\u010deve izra\u0111en od plastike. Pri\u010dvr\u0161\u0107uje se s \u010detiri vijka i u njega mo\u017eemo pohraniti \u010dak 11 bi\u010deva. Mo\u017eemo ga postaviti u sedlarnici ili uz\" \/>\n<meta property=\"og:url\" content=\"https:\/\/clair.si\/hr\/izdelek\/drzac-za-biceve-h-t\/\" \/>\n<meta property=\"og:site_name\" content=\"Clair\" \/>\n<meta property=\"article:publisher\" content=\"https:\/\/www.facebook.com\/TrgovinaClair\/\" \/>\n<meta property=\"article:modified_time\" content=\"2025-08-27T10:04:25+00:00\" \/>\n<meta property=\"og:image\" content=\"https:\/\/clair.si\/wp-content\/uploads\/2022\/11\/drzalo-za-bice.jpg\" \/>\n\t<meta property=\"og:image:width\" content=\"800\" \/>\n\t<meta property=\"og:image:height\" content=\"800\" \/>\n\t<meta property=\"og:image:type\" content=\"image\/jpeg\" \/>\n<meta name=\"twitter:card\" content=\"summary_large_image\" \/>\n<script type=\"application\/ld+json\" class=\"yoast-schema-graph\">{\"@context\":\"https:\\\/\\\/schema.org\",\"@graph\":[{\"@type\":\"WebPage\",\"@id\":\"https:\\\/\\\/clair.si\\\/hr\\\/izdelek\\\/drzac-za-biceve-h-t\\\/\",\"url\":\"https:\\\/\\\/clair.si\\\/hr\\\/izdelek\\\/drzac-za-biceve-h-t\\\/\",\"name\":\"Dr\u017ea\u010d za bi\u010deve H-T - Clair\",\"isPartOf\":{\"@id\":\"https:\\\/\\\/clair.si\\\/#website\"},\"primaryImageOfPage\":{\"@id\":\"https:\\\/\\\/clair.si\\\/hr\\\/izdelek\\\/drzac-za-biceve-h-t\\\/#primaryimage\"},\"image\":{\"@id\":\"https:\\\/\\\/clair.si\\\/hr\\\/izdelek\\\/drzac-za-biceve-h-t\\\/#primaryimage\"},\"thumbnailUrl\":\"https:\\\/\\\/clair.si\\\/wp-content\\\/uploads\\\/2022\\\/11\\\/drzalo-za-bice.webp\",\"datePublished\":\"2022-11-17T17:11:51+00:00\",\"dateModified\":\"2025-08-27T10:04:25+00:00\",\"description\":\"Dr\u017ea\u010d za bi\u010deve izra\u0111en od plastike. Pri\u010dvr\u0161\u0107uje se s \u010detiri vijka i u njega mo\u017eemo pohraniti \u010dak 11 bi\u010deva. Mo\u017eemo ga postaviti u sedlarnici ili uz\",\"breadcrumb\":{\"@id\":\"https:\\\/\\\/clair.si\\\/hr\\\/izdelek\\\/drzac-za-biceve-h-t\\\/#breadcrumb\"},\"inLanguage\":\"hr\",\"potentialAction\":[{\"@type\":\"ReadAction\",\"target\":[\"https:\\\/\\\/clair.si\\\/hr\\\/izdelek\\\/drzac-za-biceve-h-t\\\/\"]}]},{\"@type\":\"ImageObject\",\"inLanguage\":\"hr\",\"@id\":\"https:\\\/\\\/clair.si\\\/hr\\\/izdelek\\\/drzac-za-biceve-h-t\\\/#primaryimage\",\"url\":\"https:\\\/\\\/clair.si\\\/wp-content\\\/uploads\\\/2022\\\/11\\\/drzalo-za-bice.webp\",\"contentUrl\":\"https:\\\/\\\/clair.si\\\/wp-content\\\/uploads\\\/2022\\\/11\\\/drzalo-za-bice.webp\",\"width\":800,\"height\":800,\"caption\":\"Dr\u017ealo za bi\u010de\"},{\"@type\":\"BreadcrumbList\",\"@id\":\"https:\\\/\\\/clair.si\\\/hr\\\/izdelek\\\/drzac-za-biceve-h-t\\\/#breadcrumb\",\"itemListElement\":[{\"@type\":\"ListItem\",\"position\":1,\"name\":\"Home\",\"item\":\"https:\\\/\\\/clair.si\\\/hr\\\/\"},{\"@type\":\"ListItem\",\"position\":2,\"name\":\"Trgovina\",\"item\":\"https:\\\/\\\/clair.si\\\/trgovina\\\/\"},{\"@type\":\"ListItem\",\"position\":3,\"name\":\"Dr\u017ea\u010d za bi\u010deve H-T\"}]},{\"@type\":\"WebSite\",\"@id\":\"https:\\\/\\\/clair.si\\\/#website\",\"url\":\"https:\\\/\\\/clair.si\\\/\",\"name\":\"Clair\",\"description\":\"Trgovina s konjeni\u0161ko opremo\",\"publisher\":{\"@id\":\"https:\\\/\\\/clair.si\\\/#organization\"},\"potentialAction\":[{\"@type\":\"SearchAction\",\"target\":{\"@type\":\"EntryPoint\",\"urlTemplate\":\"https:\\\/\\\/clair.si\\\/?s={search_term_string}\"},\"query-input\":{\"@type\":\"PropertyValueSpecification\",\"valueRequired\":true,\"valueName\":\"search_term_string\"}}],\"inLanguage\":\"hr\"},{\"@type\":\"Organization\",\"@id\":\"https:\\\/\\\/clair.si\\\/#organization\",\"name\":\"Clair\",\"url\":\"https:\\\/\\\/clair.si\\\/\",\"logo\":{\"@type\":\"ImageObject\",\"inLanguage\":\"hr\",\"@id\":\"https:\\\/\\\/clair.si\\\/#\\\/schema\\\/logo\\\/image\\\/\",\"url\":\"https:\\\/\\\/clair.si\\\/wp-content\\\/uploads\\\/2022\\\/11\\\/clair_logo_2022.jpg\",\"contentUrl\":\"https:\\\/\\\/clair.si\\\/wp-content\\\/uploads\\\/2022\\\/11\\\/clair_logo_2022.jpg\",\"width\":1920,\"height\":1920,\"caption\":\"Clair\"},\"image\":{\"@id\":\"https:\\\/\\\/clair.si\\\/#\\\/schema\\\/logo\\\/image\\\/\"},\"sameAs\":[\"https:\\\/\\\/www.facebook.com\\\/TrgovinaClair\\\/\"]}]}<\/script>\n<!-- \/ Yoast SEO plugin. -->","yoast_head_json":{"title":"Dr\u017ea\u010d za bi\u010deve H-T - Clair","description":"Dr\u017ea\u010d za bi\u010deve izra\u0111en od plastike. Pri\u010dvr\u0161\u0107uje se s \u010detiri vijka i u njega mo\u017eemo pohraniti \u010dak 11 bi\u010deva. Mo\u017eemo ga postaviti u sedlarnici ili uz","robots":{"index":"index","follow":"follow","max-snippet":"max-snippet:-1","max-image-preview":"max-image-preview:large","max-video-preview":"max-video-preview:-1"},"canonical":"https:\/\/clair.si\/hr\/izdelek\/drzac-za-biceve-h-t\/","og_locale":"hr_HR","og_type":"article","og_title":"Dr\u017ea\u010d za bi\u010deve H-T - Clair","og_description":"Dr\u017ea\u010d za bi\u010deve izra\u0111en od plastike. Pri\u010dvr\u0161\u0107uje se s \u010detiri vijka i u njega mo\u017eemo pohraniti \u010dak 11 bi\u010deva. Mo\u017eemo ga postaviti u sedlarnici ili uz","og_url":"https:\/\/clair.si\/hr\/izdelek\/drzac-za-biceve-h-t\/","og_site_name":"Clair","article_publisher":"https:\/\/www.facebook.com\/TrgovinaClair\/","article_modified_time":"2025-08-27T10:04:25+00:00","og_image":[{"width":800,"height":800,"url":"https:\/\/clair.si\/wp-content\/uploads\/2022\/11\/drzalo-za-bice.jpg","type":"image\/jpeg"}],"twitter_card":"summary_large_image","schema":{"@context":"https:\/\/schema.org","@graph":[{"@type":"WebPage","@id":"https:\/\/clair.si\/hr\/izdelek\/drzac-za-biceve-h-t\/","url":"https:\/\/clair.si\/hr\/izdelek\/drzac-za-biceve-h-t\/","name":"Dr\u017ea\u010d za bi\u010deve H-T - Clair","isPartOf":{"@id":"https:\/\/clair.si\/#website"},"primaryImageOfPage":{"@id":"https:\/\/clair.si\/hr\/izdelek\/drzac-za-biceve-h-t\/#primaryimage"},"image":{"@id":"https:\/\/clair.si\/hr\/izdelek\/drzac-za-biceve-h-t\/#primaryimage"},"thumbnailUrl":"https:\/\/clair.si\/wp-content\/uploads\/2022\/11\/drzalo-za-bice.webp","datePublished":"2022-11-17T17:11:51+00:00","dateModified":"2025-08-27T10:04:25+00:00","description":"Dr\u017ea\u010d za bi\u010deve izra\u0111en od plastike. Pri\u010dvr\u0161\u0107uje se s \u010detiri vijka i u njega mo\u017eemo pohraniti \u010dak 11 bi\u010deva. Mo\u017eemo ga postaviti u sedlarnici ili uz","breadcrumb":{"@id":"https:\/\/clair.si\/hr\/izdelek\/drzac-za-biceve-h-t\/#breadcrumb"},"inLanguage":"hr","potentialAction":[{"@type":"ReadAction","target":["https:\/\/clair.si\/hr\/izdelek\/drzac-za-biceve-h-t\/"]}]},{"@type":"ImageObject","inLanguage":"hr","@id":"https:\/\/clair.si\/hr\/izdelek\/drzac-za-biceve-h-t\/#primaryimage","url":"https:\/\/clair.si\/wp-content\/uploads\/2022\/11\/drzalo-za-bice.webp","contentUrl":"https:\/\/clair.si\/wp-content\/uploads\/2022\/11\/drzalo-za-bice.webp","width":800,"height":800,"caption":"Dr\u017ealo za bi\u010de"},{"@type":"BreadcrumbList","@id":"https:\/\/clair.si\/hr\/izdelek\/drzac-za-biceve-h-t\/#breadcrumb","itemListElement":[{"@type":"ListItem","position":1,"name":"Home","item":"https:\/\/clair.si\/hr\/"},{"@type":"ListItem","position":2,"name":"Trgovina","item":"https:\/\/clair.si\/trgovina\/"},{"@type":"ListItem","position":3,"name":"Dr\u017ea\u010d za bi\u010deve H-T"}]},{"@type":"WebSite","@id":"https:\/\/clair.si\/#website","url":"https:\/\/clair.si\/","name":"Clair","description":"Trgovina s konjeni\u0161ko opremo","publisher":{"@id":"https:\/\/clair.si\/#organization"},"potentialAction":[{"@type":"SearchAction","target":{"@type":"EntryPoint","urlTemplate":"https:\/\/clair.si\/?s={search_term_string}"},"query-input":{"@type":"PropertyValueSpecification","valueRequired":true,"valueName":"search_term_string"}}],"inLanguage":"hr"},{"@type":"Organization","@id":"https:\/\/clair.si\/#organization","name":"Clair","url":"https:\/\/clair.si\/","logo":{"@type":"ImageObject","inLanguage":"hr","@id":"https:\/\/clair.si\/#\/schema\/logo\/image\/","url":"https:\/\/clair.si\/wp-content\/uploads\/2022\/11\/clair_logo_2022.jpg","contentUrl":"https:\/\/clair.si\/wp-content\/uploads\/2022\/11\/clair_logo_2022.jpg","width":1920,"height":1920,"caption":"Clair"},"image":{"@id":"https:\/\/clair.si\/#\/schema\/logo\/image\/"},"sameAs":["https:\/\/www.facebook.com\/TrgovinaClair\/"]}]}},"_links":{"self":[{"href":"https:\/\/clair.si\/hr\/wp-json\/wp\/v2\/product\/99700","targetHints":{"allow":["GET"]}}],"collection":[{"href":"https:\/\/clair.si\/hr\/wp-json\/wp\/v2\/product"}],"about":[{"href":"https:\/\/clair.si\/hr\/wp-json\/wp\/v2\/types\/product"}],"version-history":[{"count":0,"href":"https:\/\/clair.si\/hr\/wp-json\/wp\/v2\/product\/99700\/revisions"}],"wp:featuredmedia":[{"embeddable":true,"href":"https:\/\/clair.si\/hr\/wp-json\/wp\/v2\/media\/99701"}],"wp:attachment":[{"href":"https:\/\/clair.si\/hr\/wp-json\/wp\/v2\/media?parent=99700"}],"wp:term":[{"taxonomy":"product_brand","embeddable":true,"href":"https:\/\/clair.si\/hr\/wp-json\/wp\/v2\/product_brand?post=99700"},{"taxonomy":"product_cat","embeddable":true,"href":"https:\/\/clair.si\/hr\/wp-json\/wp\/v2\/product_cat?post=99700"},{"taxonomy":"product_tag","embeddable":true,"href":"https:\/\/clair.si\/hr\/wp-json\/wp\/v2\/product_tag?post=99700"}],"curies":[{"name":"wp","href":"https:\/\/api.w.org\/{rel}","templated":true}]}}