{"id":99711,"date":"2022-11-15T12:01:24","date_gmt":"2022-11-15T11:01:24","guid":{"rendered":"https:\/\/clair.si\/izdelek\/cavalor-star-shine-balzam-za-grivu-i-dlaku\/"},"modified":"2025-08-27T20:47:44","modified_gmt":"2025-08-27T18:47:44","slug":"cavalor-star-shine-balzam-za-grivu-i-dlaku","status":"publish","type":"product","link":"https:\/\/clair.si\/hr\/izdelek\/cavalor-star-shine-balzam-za-grivu-i-dlaku\/","title":{"rendered":"Cavalor Star Shine balzam za grivu i dlaku"},"content":{"rendered":"<p><strong>Cavalor Star Shine balzam za grivu i dlaku<\/strong><span class=\"HwtZe\" lang=\"sl\"><span class=\"jCAhz ChMk0b\"><span class=\"ryNqvb\"> je dugotrajan njeguju\u0107i sprej s jedinstvenim i ugodnim mirisom.<\/span><\/span> <span class=\"jCAhz ChMk0b\"><span class=\"ryNqvb\">Cavalor Star Shine daje dlaci briljantan sjaj i osigurava da se griva i rep ne zapetljaju danima.<\/span><\/span> <span class=\"jCAhz ChMk0b\"><span class=\"ryNqvb\">Cavalor Star Shine je napravljen od visokokvalitetnih sastojaka i tako\u0111er je pH neutralan.<\/span><\/span> <span class=\"jCAhz ChMk0b\"><span class=\"ryNqvb\">Njegova ko\u017ei prijazna formula odr\u017eava dlaku, grivu i rep hidratiziranima, daje dlaci vi\u0161e volumena i elasti\u010dnosti, bez stati\u010dkog elektriciteta, te zdrav, njegovan izgled.<\/span><\/span><\/span><\/p>\n<p><strong>Upotreba<\/strong>: Nanesite na grivu, rep ili dlaku. O\u010detkajte ili po\u010de\u0161ljajte. <\/p>\n<p><strong>Sastav<\/strong>:<\/p>\n","protected":false},"excerpt":{"rendered":"<ul>\n<li><span class=\"HwtZe\" lang=\"sl\"><span class=\"jCAhz ChMk0b\"><span class=\"ryNqvb\">dugotrajan balzam u spreju za dlaku, rep i grivu<\/span><\/span> <\/span><\/li>\n<li><span class=\"HwtZe\" lang=\"sl\"><span class=\"jCAhz ChMk0b\"><span class=\"ryNqvb\">daje blistav sjaj <\/span><\/span><\/span><\/li>\n<li><span class=\"HwtZe\" lang=\"sl\"><span class=\"jCAhz ChMk0b\"><span class=\"ryNqvb\">o<\/span><\/span><span class=\"jCAhz ChMk0b\"><span class=\"ryNqvb\">dr\u017eava grivu i rep bez zapetljavanja danima<\/span><\/span> <\/span><\/li>\n<li><span class=\"HwtZe\" lang=\"sl\"><span class=\"jCAhz ChMk0b\"><span class=\"ryNqvb\">sadr\u017ei visokokvalitetnu silikonsku mje\u0161avinu<\/span><\/span><\/span><\/li>\n<li><span class=\"HwtZe\" lang=\"sl\"> <span class=\"jCAhz ChMk0b\"><span class=\"ryNqvb\">pH neutralan<\/span><\/span><\/span><\/li>\n<\/ul>\n<p><strong>Koli\u010dina: 500 ml<\/strong><\/p>\n","protected":false},"featured_media":99713,"template":"","meta":{"footnotes":""},"product_brand":[],"product_cat":[5675,5677,5625,5865,5777,5627],"product_tag":[],"class_list":{"0":"post-99711","1":"product","2":"type-product","3":"status-publish","4":"has-post-thumbnail","6":"product_cat-kozmetika-za-konje-hr","7":"product_cat-kozmetika-za-konje-hr-2","8":"product_cat-njega-konja","9":"product_cat-rascesljavanje-grive-i-repa","10":"product_cat-sjaj-dlake-i-grive","11":"product_cat-stala-i-pasnjak","13":"first","14":"instock","15":"shipping-taxable","16":"purchasable","17":"product-type-simple"},"yoast_head":"<!-- This site is optimized with the Yoast SEO plugin v27.4 - https:\/\/yoast.com\/product\/yoast-seo-wordpress\/ -->\n<title>Cavalor Star Shine balzam za grivu i dlaku - Clair<\/title>\n<meta name=\"description\" content=\"Cavalor Star Shine balzam za grivu i dlaku je dugotrajan njeguju\u0107i sprej s jedinstvenim i ugodnim mirisom. Provjerite ponudu Cavalor u web trgovini!\" \/>\n<meta name=\"robots\" content=\"index, follow, max-snippet:-1, max-image-preview:large, max-video-preview:-1\" \/>\n<link rel=\"canonical\" href=\"https:\/\/clair.si\/hr\/izdelek\/cavalor-star-shine-balzam-za-grivu-i-dlaku\/\" \/>\n<meta property=\"og:locale\" content=\"hr_HR\" \/>\n<meta property=\"og:type\" content=\"article\" \/>\n<meta property=\"og:title\" content=\"Cavalor Star Shine balzam za grivu i dlaku - Clair\" \/>\n<meta property=\"og:description\" content=\"Cavalor Star Shine balzam za grivu i dlaku je dugotrajan njeguju\u0107i sprej s jedinstvenim i ugodnim mirisom. Provjerite ponudu Cavalor u web trgovini!\" \/>\n<meta property=\"og:url\" content=\"https:\/\/clair.si\/hr\/izdelek\/cavalor-star-shine-balzam-za-grivu-i-dlaku\/\" \/>\n<meta property=\"og:site_name\" content=\"Clair\" \/>\n<meta property=\"article:publisher\" content=\"https:\/\/www.facebook.com\/TrgovinaClair\/\" \/>\n<meta property=\"article:modified_time\" content=\"2025-08-27T18:47:44+00:00\" \/>\n<meta property=\"og:image\" content=\"https:\/\/clair.si\/wp-content\/uploads\/2022\/11\/Starshine500ml-cavalor-sprej-za-grivo-rep-dlako.jpg\" \/>\n\t<meta property=\"og:image:width\" content=\"1100\" \/>\n\t<meta property=\"og:image:height\" content=\"1100\" \/>\n\t<meta property=\"og:image:type\" content=\"image\/jpeg\" \/>\n<meta name=\"twitter:card\" content=\"summary_large_image\" \/>\n<script type=\"application\/ld+json\" class=\"yoast-schema-graph\">{\"@context\":\"https:\\\/\\\/schema.org\",\"@graph\":[{\"@type\":\"WebPage\",\"@id\":\"https:\\\/\\\/clair.si\\\/hr\\\/izdelek\\\/cavalor-star-shine-balzam-za-grivu-i-dlaku\\\/\",\"url\":\"https:\\\/\\\/clair.si\\\/hr\\\/izdelek\\\/cavalor-star-shine-balzam-za-grivu-i-dlaku\\\/\",\"name\":\"Cavalor Star Shine balzam za grivu i dlaku - Clair\",\"isPartOf\":{\"@id\":\"https:\\\/\\\/clair.si\\\/#website\"},\"primaryImageOfPage\":{\"@id\":\"https:\\\/\\\/clair.si\\\/hr\\\/izdelek\\\/cavalor-star-shine-balzam-za-grivu-i-dlaku\\\/#primaryimage\"},\"image\":{\"@id\":\"https:\\\/\\\/clair.si\\\/hr\\\/izdelek\\\/cavalor-star-shine-balzam-za-grivu-i-dlaku\\\/#primaryimage\"},\"thumbnailUrl\":\"https:\\\/\\\/clair.si\\\/wp-content\\\/uploads\\\/2022\\\/11\\\/Starshine500ml-cavalor-sprej-za-grivo-rep-dlako.webp\",\"datePublished\":\"2022-11-15T11:01:24+00:00\",\"dateModified\":\"2025-08-27T18:47:44+00:00\",\"description\":\"Cavalor Star Shine balzam za grivu i dlaku je dugotrajan njeguju\u0107i sprej s jedinstvenim i ugodnim mirisom. Provjerite ponudu Cavalor u web trgovini!\",\"breadcrumb\":{\"@id\":\"https:\\\/\\\/clair.si\\\/hr\\\/izdelek\\\/cavalor-star-shine-balzam-za-grivu-i-dlaku\\\/#breadcrumb\"},\"inLanguage\":\"hr\",\"potentialAction\":[{\"@type\":\"ReadAction\",\"target\":[\"https:\\\/\\\/clair.si\\\/hr\\\/izdelek\\\/cavalor-star-shine-balzam-za-grivu-i-dlaku\\\/\"]}]},{\"@type\":\"ImageObject\",\"inLanguage\":\"hr\",\"@id\":\"https:\\\/\\\/clair.si\\\/hr\\\/izdelek\\\/cavalor-star-shine-balzam-za-grivu-i-dlaku\\\/#primaryimage\",\"url\":\"https:\\\/\\\/clair.si\\\/wp-content\\\/uploads\\\/2022\\\/11\\\/Starshine500ml-cavalor-sprej-za-grivo-rep-dlako.webp\",\"contentUrl\":\"https:\\\/\\\/clair.si\\\/wp-content\\\/uploads\\\/2022\\\/11\\\/Starshine500ml-cavalor-sprej-za-grivo-rep-dlako.webp\",\"width\":1100,\"height\":1100,\"caption\":\"Star Shine sprej za grivo, rep in dlako za konja\"},{\"@type\":\"BreadcrumbList\",\"@id\":\"https:\\\/\\\/clair.si\\\/hr\\\/izdelek\\\/cavalor-star-shine-balzam-za-grivu-i-dlaku\\\/#breadcrumb\",\"itemListElement\":[{\"@type\":\"ListItem\",\"position\":1,\"name\":\"Home\",\"item\":\"https:\\\/\\\/clair.si\\\/hr\\\/\"},{\"@type\":\"ListItem\",\"position\":2,\"name\":\"Trgovina\",\"item\":\"https:\\\/\\\/clair.si\\\/trgovina\\\/\"},{\"@type\":\"ListItem\",\"position\":3,\"name\":\"Cavalor Star Shine balzam za grivu i dlaku\"}]},{\"@type\":\"WebSite\",\"@id\":\"https:\\\/\\\/clair.si\\\/#website\",\"url\":\"https:\\\/\\\/clair.si\\\/\",\"name\":\"Clair\",\"description\":\"Trgovina s konjeni\u0161ko opremo\",\"publisher\":{\"@id\":\"https:\\\/\\\/clair.si\\\/#organization\"},\"potentialAction\":[{\"@type\":\"SearchAction\",\"target\":{\"@type\":\"EntryPoint\",\"urlTemplate\":\"https:\\\/\\\/clair.si\\\/?s={search_term_string}\"},\"query-input\":{\"@type\":\"PropertyValueSpecification\",\"valueRequired\":true,\"valueName\":\"search_term_string\"}}],\"inLanguage\":\"hr\"},{\"@type\":\"Organization\",\"@id\":\"https:\\\/\\\/clair.si\\\/#organization\",\"name\":\"Clair\",\"url\":\"https:\\\/\\\/clair.si\\\/\",\"logo\":{\"@type\":\"ImageObject\",\"inLanguage\":\"hr\",\"@id\":\"https:\\\/\\\/clair.si\\\/#\\\/schema\\\/logo\\\/image\\\/\",\"url\":\"https:\\\/\\\/clair.si\\\/wp-content\\\/uploads\\\/2022\\\/11\\\/clair_logo_2022.jpg\",\"contentUrl\":\"https:\\\/\\\/clair.si\\\/wp-content\\\/uploads\\\/2022\\\/11\\\/clair_logo_2022.jpg\",\"width\":1920,\"height\":1920,\"caption\":\"Clair\"},\"image\":{\"@id\":\"https:\\\/\\\/clair.si\\\/#\\\/schema\\\/logo\\\/image\\\/\"},\"sameAs\":[\"https:\\\/\\\/www.facebook.com\\\/TrgovinaClair\\\/\"]}]}<\/script>\n<!-- \/ Yoast SEO plugin. -->","yoast_head_json":{"title":"Cavalor Star Shine balzam za grivu i dlaku - Clair","description":"Cavalor Star Shine balzam za grivu i dlaku je dugotrajan njeguju\u0107i sprej s jedinstvenim i ugodnim mirisom. Provjerite ponudu Cavalor u web trgovini!","robots":{"index":"index","follow":"follow","max-snippet":"max-snippet:-1","max-image-preview":"max-image-preview:large","max-video-preview":"max-video-preview:-1"},"canonical":"https:\/\/clair.si\/hr\/izdelek\/cavalor-star-shine-balzam-za-grivu-i-dlaku\/","og_locale":"hr_HR","og_type":"article","og_title":"Cavalor Star Shine balzam za grivu i dlaku - Clair","og_description":"Cavalor Star Shine balzam za grivu i dlaku je dugotrajan njeguju\u0107i sprej s jedinstvenim i ugodnim mirisom. Provjerite ponudu Cavalor u web trgovini!","og_url":"https:\/\/clair.si\/hr\/izdelek\/cavalor-star-shine-balzam-za-grivu-i-dlaku\/","og_site_name":"Clair","article_publisher":"https:\/\/www.facebook.com\/TrgovinaClair\/","article_modified_time":"2025-08-27T18:47:44+00:00","og_image":[{"width":1100,"height":1100,"url":"https:\/\/clair.si\/wp-content\/uploads\/2022\/11\/Starshine500ml-cavalor-sprej-za-grivo-rep-dlako.jpg","type":"image\/jpeg"}],"twitter_card":"summary_large_image","schema":{"@context":"https:\/\/schema.org","@graph":[{"@type":"WebPage","@id":"https:\/\/clair.si\/hr\/izdelek\/cavalor-star-shine-balzam-za-grivu-i-dlaku\/","url":"https:\/\/clair.si\/hr\/izdelek\/cavalor-star-shine-balzam-za-grivu-i-dlaku\/","name":"Cavalor Star Shine balzam za grivu i dlaku - Clair","isPartOf":{"@id":"https:\/\/clair.si\/#website"},"primaryImageOfPage":{"@id":"https:\/\/clair.si\/hr\/izdelek\/cavalor-star-shine-balzam-za-grivu-i-dlaku\/#primaryimage"},"image":{"@id":"https:\/\/clair.si\/hr\/izdelek\/cavalor-star-shine-balzam-za-grivu-i-dlaku\/#primaryimage"},"thumbnailUrl":"https:\/\/clair.si\/wp-content\/uploads\/2022\/11\/Starshine500ml-cavalor-sprej-za-grivo-rep-dlako.webp","datePublished":"2022-11-15T11:01:24+00:00","dateModified":"2025-08-27T18:47:44+00:00","description":"Cavalor Star Shine balzam za grivu i dlaku je dugotrajan njeguju\u0107i sprej s jedinstvenim i ugodnim mirisom. Provjerite ponudu Cavalor u web trgovini!","breadcrumb":{"@id":"https:\/\/clair.si\/hr\/izdelek\/cavalor-star-shine-balzam-za-grivu-i-dlaku\/#breadcrumb"},"inLanguage":"hr","potentialAction":[{"@type":"ReadAction","target":["https:\/\/clair.si\/hr\/izdelek\/cavalor-star-shine-balzam-za-grivu-i-dlaku\/"]}]},{"@type":"ImageObject","inLanguage":"hr","@id":"https:\/\/clair.si\/hr\/izdelek\/cavalor-star-shine-balzam-za-grivu-i-dlaku\/#primaryimage","url":"https:\/\/clair.si\/wp-content\/uploads\/2022\/11\/Starshine500ml-cavalor-sprej-za-grivo-rep-dlako.webp","contentUrl":"https:\/\/clair.si\/wp-content\/uploads\/2022\/11\/Starshine500ml-cavalor-sprej-za-grivo-rep-dlako.webp","width":1100,"height":1100,"caption":"Star Shine sprej za grivo, rep in dlako za konja"},{"@type":"BreadcrumbList","@id":"https:\/\/clair.si\/hr\/izdelek\/cavalor-star-shine-balzam-za-grivu-i-dlaku\/#breadcrumb","itemListElement":[{"@type":"ListItem","position":1,"name":"Home","item":"https:\/\/clair.si\/hr\/"},{"@type":"ListItem","position":2,"name":"Trgovina","item":"https:\/\/clair.si\/trgovina\/"},{"@type":"ListItem","position":3,"name":"Cavalor Star Shine balzam za grivu i dlaku"}]},{"@type":"WebSite","@id":"https:\/\/clair.si\/#website","url":"https:\/\/clair.si\/","name":"Clair","description":"Trgovina s konjeni\u0161ko opremo","publisher":{"@id":"https:\/\/clair.si\/#organization"},"potentialAction":[{"@type":"SearchAction","target":{"@type":"EntryPoint","urlTemplate":"https:\/\/clair.si\/?s={search_term_string}"},"query-input":{"@type":"PropertyValueSpecification","valueRequired":true,"valueName":"search_term_string"}}],"inLanguage":"hr"},{"@type":"Organization","@id":"https:\/\/clair.si\/#organization","name":"Clair","url":"https:\/\/clair.si\/","logo":{"@type":"ImageObject","inLanguage":"hr","@id":"https:\/\/clair.si\/#\/schema\/logo\/image\/","url":"https:\/\/clair.si\/wp-content\/uploads\/2022\/11\/clair_logo_2022.jpg","contentUrl":"https:\/\/clair.si\/wp-content\/uploads\/2022\/11\/clair_logo_2022.jpg","width":1920,"height":1920,"caption":"Clair"},"image":{"@id":"https:\/\/clair.si\/#\/schema\/logo\/image\/"},"sameAs":["https:\/\/www.facebook.com\/TrgovinaClair\/"]}]}},"_links":{"self":[{"href":"https:\/\/clair.si\/hr\/wp-json\/wp\/v2\/product\/99711","targetHints":{"allow":["GET"]}}],"collection":[{"href":"https:\/\/clair.si\/hr\/wp-json\/wp\/v2\/product"}],"about":[{"href":"https:\/\/clair.si\/hr\/wp-json\/wp\/v2\/types\/product"}],"version-history":[{"count":0,"href":"https:\/\/clair.si\/hr\/wp-json\/wp\/v2\/product\/99711\/revisions"}],"wp:featuredmedia":[{"embeddable":true,"href":"https:\/\/clair.si\/hr\/wp-json\/wp\/v2\/media\/99713"}],"wp:attachment":[{"href":"https:\/\/clair.si\/hr\/wp-json\/wp\/v2\/media?parent=99711"}],"wp:term":[{"taxonomy":"product_brand","embeddable":true,"href":"https:\/\/clair.si\/hr\/wp-json\/wp\/v2\/product_brand?post=99711"},{"taxonomy":"product_cat","embeddable":true,"href":"https:\/\/clair.si\/hr\/wp-json\/wp\/v2\/product_cat?post=99711"},{"taxonomy":"product_tag","embeddable":true,"href":"https:\/\/clair.si\/hr\/wp-json\/wp\/v2\/product_tag?post=99711"}],"curies":[{"name":"wp","href":"https:\/\/api.w.org\/{rel}","templated":true}]}}