{"id":99729,"date":"2022-11-16T16:49:29","date_gmt":"2022-11-16T15:49:29","guid":{"rendered":"https:\/\/clair.si\/izdelek\/cavalor-pasta-emergency-911\/"},"modified":"2025-08-13T07:25:29","modified_gmt":"2025-08-13T05:25:29","slug":"cavalor-pasta-emergency-911","status":"publish","type":"product","link":"https:\/\/clair.si\/hr\/izdelek\/cavalor-pasta-emergency-911\/","title":{"rendered":"Cavalor pasta Emergency 911"},"content":{"rendered":"<p><strong>Cavalor pasta Emergency 911<\/strong><span class=\"HwtZe\" lang=\"sl\"><span class=\"jCAhz ChMk0b\"><span class=\"ryNqvb\"> je brzo djeluju\u0107i i lako probavljiv dodatak prehrani za konje, namijenjen potpori probavnom sustavu, posebno kod konja s probavnim problemima ili pod stresom, na primjer zbog transporta.<\/span><\/span> <span class=\"jCAhz ChMk0b\"><span class=\"ryNqvb\">Cavalor Emergency 911 podr\u017eava mikrofloru i probavni sustav s prebioticima i probioticima za potporu dobrih crijevnih bakterija.<\/span><\/span> <span class=\"jCAhz ChMk0b\"><span class=\"ryNqvb\">Sadr\u017ei \u0161irok raspon mikroorganizama koji poma\u017eu brzo uspostaviti ravnote\u017eu crijevne flore.<\/span><\/span><\/span><\/p>\n<p><strong>Sastav:<\/strong><em> <span class=\"HwtZe\" lang=\"sl\"><span class=\"jCAhz ChMk0b\"><span class=\"ryNqvb\">Cavalor Emergency 911 sadr\u017ei ekstrakt organskog kvasca s visokim udjelom glukomanana (GM) i manan oligosaharida (MOS), koji ve\u017eu mikotoksine i sprje\u010davaju o\u0161te\u0107enja u crijevima.<\/span><\/span> <span class=\"jCAhz ChMk0b\"><span class=\"ryNqvb\">Kvasac poma\u017ee sprije\u010diti naseljavanje lo\u0161ih bakterija.<\/span><\/span> <span class=\"jCAhz ChMk0b\"><span class=\"ryNqvb\">Vitamini B poti\u010du rast dobrih bakterija u crijevima (kao \u0161to su bifidobakterije) i tako\u0111er proizvodnju antitijela protiv lo\u0161ih bakterija.<\/span><\/span> <span class=\"jCAhz ChMk0b\"><span class=\"ryNqvb\">Poti\u010de zdravlje crijeva i pravilno funkcioniranje probavnog sustava.<\/span><\/span> <span class=\"jCAhz ChMk0b\"><span class=\"ryNqvb\">Enzimi Aspergillus oryzae poma\u017eu u razgradnji \u0161kroba i poti\u010du probavu.<\/span><\/span><\/span><\/em><\/p>\n<p>&nbsp;<\/p>\n","protected":false},"excerpt":{"rendered":"<ul>\n<li><span class=\"HwtZe\" lang=\"sl\"><span class=\"jCAhz ChMk0b\"><span class=\"ryNqvb\">brzo djeluju\u0107a i lako probavljiva pasta<\/span><\/span><\/span><\/li>\n<li><span class=\"HwtZe\" lang=\"sl\"><span class=\"jCAhz ChMk0b\"><span class=\"ryNqvb\">podr\u017eava crijevnu floru<\/span><\/span> <\/span><\/li>\n<li><span class=\"HwtZe\" lang=\"sl\">b<span class=\"jCAhz ChMk0b\"><span class=\"ryNqvb\">rzo olak\u0161anje crijevne nelagode<\/span><\/span> <\/span><\/li>\n<li><span class=\"HwtZe\" lang=\"sl\"><span class=\"jCAhz ChMk0b\"><span class=\"ryNqvb\">sadr\u017ei prebiotike<\/span><\/span><\/span><\/li>\n<\/ul>\n<p><strong>Koli\u010dina: 60 g<\/strong><\/p>\n","protected":false},"featured_media":99731,"template":"","meta":{"footnotes":""},"product_brand":[],"product_cat":[5711,5710,5712],"product_tag":[],"class_list":{"0":"post-99729","1":"product","2":"type-product","3":"status-publish","4":"has-post-thumbnail","6":"product_cat-hrana-i-prehrambeni-dodaci-cavalor","7":"product_cat-hrana-za-konje-hr","8":"product_cat-prehrambeni-dodaci","10":"first","11":"instock","12":"shipping-taxable","13":"purchasable","14":"product-type-simple"},"yoast_head":"<!-- This site is optimized with the Yoast SEO plugin v27.4 - https:\/\/yoast.com\/product\/yoast-seo-wordpress\/ -->\n<title>Cavalor pasta Emergency 911 - Clair<\/title>\n<meta name=\"description\" content=\"Cavalor pasta Emergency 911 je brzo djeluju\u0107i i lako probavljiv dodatak prehrani za konje, namijenjen potpori probavnom sustavu.\" \/>\n<meta name=\"robots\" content=\"index, follow, max-snippet:-1, max-image-preview:large, max-video-preview:-1\" \/>\n<link rel=\"canonical\" href=\"https:\/\/clair.si\/hr\/izdelek\/cavalor-pasta-emergency-911\/\" \/>\n<meta property=\"og:locale\" content=\"hr_HR\" \/>\n<meta property=\"og:type\" content=\"article\" \/>\n<meta property=\"og:title\" content=\"Cavalor pasta Emergency 911 - Clair\" \/>\n<meta property=\"og:description\" content=\"Cavalor pasta Emergency 911 je brzo djeluju\u0107i i lako probavljiv dodatak prehrani za konje, namijenjen potpori probavnom sustavu.\" \/>\n<meta property=\"og:url\" content=\"https:\/\/clair.si\/hr\/izdelek\/cavalor-pasta-emergency-911\/\" \/>\n<meta property=\"og:site_name\" content=\"Clair\" \/>\n<meta property=\"article:publisher\" content=\"https:\/\/www.facebook.com\/TrgovinaClair\/\" \/>\n<meta property=\"article:modified_time\" content=\"2025-08-13T05:25:29+00:00\" \/>\n<meta property=\"og:image\" content=\"https:\/\/clair.si\/wp-content\/uploads\/2022\/11\/Emergency-911-pasta-cavalor-trgovina-clair-za-konje.jpg\" \/>\n\t<meta property=\"og:image:width\" content=\"450\" \/>\n\t<meta property=\"og:image:height\" content=\"450\" \/>\n\t<meta property=\"og:image:type\" content=\"image\/jpeg\" \/>\n<meta name=\"twitter:card\" content=\"summary_large_image\" \/>\n<meta name=\"twitter:label1\" content=\"Procijenjeno vrijeme \u010ditanja\" \/>\n\t<meta name=\"twitter:data1\" content=\"1 minuta\" \/>\n<script type=\"application\/ld+json\" class=\"yoast-schema-graph\">{\"@context\":\"https:\\\/\\\/schema.org\",\"@graph\":[{\"@type\":\"WebPage\",\"@id\":\"https:\\\/\\\/clair.si\\\/hr\\\/izdelek\\\/cavalor-pasta-emergency-911\\\/\",\"url\":\"https:\\\/\\\/clair.si\\\/hr\\\/izdelek\\\/cavalor-pasta-emergency-911\\\/\",\"name\":\"Cavalor pasta Emergency 911 - Clair\",\"isPartOf\":{\"@id\":\"https:\\\/\\\/clair.si\\\/#website\"},\"primaryImageOfPage\":{\"@id\":\"https:\\\/\\\/clair.si\\\/hr\\\/izdelek\\\/cavalor-pasta-emergency-911\\\/#primaryimage\"},\"image\":{\"@id\":\"https:\\\/\\\/clair.si\\\/hr\\\/izdelek\\\/cavalor-pasta-emergency-911\\\/#primaryimage\"},\"thumbnailUrl\":\"https:\\\/\\\/clair.si\\\/wp-content\\\/uploads\\\/2022\\\/11\\\/Emergency-911-pasta-cavalor-trgovina-clair-za-konje.webp\",\"datePublished\":\"2022-11-16T15:49:29+00:00\",\"dateModified\":\"2025-08-13T05:25:29+00:00\",\"description\":\"Cavalor pasta Emergency 911 je brzo djeluju\u0107i i lako probavljiv dodatak prehrani za konje, namijenjen potpori probavnom sustavu.\",\"breadcrumb\":{\"@id\":\"https:\\\/\\\/clair.si\\\/hr\\\/izdelek\\\/cavalor-pasta-emergency-911\\\/#breadcrumb\"},\"inLanguage\":\"hr\",\"potentialAction\":[{\"@type\":\"ReadAction\",\"target\":[\"https:\\\/\\\/clair.si\\\/hr\\\/izdelek\\\/cavalor-pasta-emergency-911\\\/\"]}]},{\"@type\":\"ImageObject\",\"inLanguage\":\"hr\",\"@id\":\"https:\\\/\\\/clair.si\\\/hr\\\/izdelek\\\/cavalor-pasta-emergency-911\\\/#primaryimage\",\"url\":\"https:\\\/\\\/clair.si\\\/wp-content\\\/uploads\\\/2022\\\/11\\\/Emergency-911-pasta-cavalor-trgovina-clair-za-konje.webp\",\"contentUrl\":\"https:\\\/\\\/clair.si\\\/wp-content\\\/uploads\\\/2022\\\/11\\\/Emergency-911-pasta-cavalor-trgovina-clair-za-konje.webp\",\"width\":450,\"height\":450,\"caption\":\"Prebioti\u010dna pasta za konje Cavalor Emergency 911\"},{\"@type\":\"BreadcrumbList\",\"@id\":\"https:\\\/\\\/clair.si\\\/hr\\\/izdelek\\\/cavalor-pasta-emergency-911\\\/#breadcrumb\",\"itemListElement\":[{\"@type\":\"ListItem\",\"position\":1,\"name\":\"Home\",\"item\":\"https:\\\/\\\/clair.si\\\/hr\\\/\"},{\"@type\":\"ListItem\",\"position\":2,\"name\":\"Trgovina\",\"item\":\"https:\\\/\\\/clair.si\\\/trgovina\\\/\"},{\"@type\":\"ListItem\",\"position\":3,\"name\":\"Cavalor pasta Emergency 911\"}]},{\"@type\":\"WebSite\",\"@id\":\"https:\\\/\\\/clair.si\\\/#website\",\"url\":\"https:\\\/\\\/clair.si\\\/\",\"name\":\"Clair\",\"description\":\"Trgovina s konjeni\u0161ko opremo\",\"publisher\":{\"@id\":\"https:\\\/\\\/clair.si\\\/#organization\"},\"potentialAction\":[{\"@type\":\"SearchAction\",\"target\":{\"@type\":\"EntryPoint\",\"urlTemplate\":\"https:\\\/\\\/clair.si\\\/?s={search_term_string}\"},\"query-input\":{\"@type\":\"PropertyValueSpecification\",\"valueRequired\":true,\"valueName\":\"search_term_string\"}}],\"inLanguage\":\"hr\"},{\"@type\":\"Organization\",\"@id\":\"https:\\\/\\\/clair.si\\\/#organization\",\"name\":\"Clair\",\"url\":\"https:\\\/\\\/clair.si\\\/\",\"logo\":{\"@type\":\"ImageObject\",\"inLanguage\":\"hr\",\"@id\":\"https:\\\/\\\/clair.si\\\/#\\\/schema\\\/logo\\\/image\\\/\",\"url\":\"https:\\\/\\\/clair.si\\\/wp-content\\\/uploads\\\/2022\\\/11\\\/clair_logo_2022.jpg\",\"contentUrl\":\"https:\\\/\\\/clair.si\\\/wp-content\\\/uploads\\\/2022\\\/11\\\/clair_logo_2022.jpg\",\"width\":1920,\"height\":1920,\"caption\":\"Clair\"},\"image\":{\"@id\":\"https:\\\/\\\/clair.si\\\/#\\\/schema\\\/logo\\\/image\\\/\"},\"sameAs\":[\"https:\\\/\\\/www.facebook.com\\\/TrgovinaClair\\\/\"]}]}<\/script>\n<!-- \/ Yoast SEO plugin. -->","yoast_head_json":{"title":"Cavalor pasta Emergency 911 - Clair","description":"Cavalor pasta Emergency 911 je brzo djeluju\u0107i i lako probavljiv dodatak prehrani za konje, namijenjen potpori probavnom sustavu.","robots":{"index":"index","follow":"follow","max-snippet":"max-snippet:-1","max-image-preview":"max-image-preview:large","max-video-preview":"max-video-preview:-1"},"canonical":"https:\/\/clair.si\/hr\/izdelek\/cavalor-pasta-emergency-911\/","og_locale":"hr_HR","og_type":"article","og_title":"Cavalor pasta Emergency 911 - Clair","og_description":"Cavalor pasta Emergency 911 je brzo djeluju\u0107i i lako probavljiv dodatak prehrani za konje, namijenjen potpori probavnom sustavu.","og_url":"https:\/\/clair.si\/hr\/izdelek\/cavalor-pasta-emergency-911\/","og_site_name":"Clair","article_publisher":"https:\/\/www.facebook.com\/TrgovinaClair\/","article_modified_time":"2025-08-13T05:25:29+00:00","og_image":[{"width":450,"height":450,"url":"https:\/\/clair.si\/wp-content\/uploads\/2022\/11\/Emergency-911-pasta-cavalor-trgovina-clair-za-konje.jpg","type":"image\/jpeg"}],"twitter_card":"summary_large_image","twitter_misc":{"Procijenjeno vrijeme \u010ditanja":"1 minuta"},"schema":{"@context":"https:\/\/schema.org","@graph":[{"@type":"WebPage","@id":"https:\/\/clair.si\/hr\/izdelek\/cavalor-pasta-emergency-911\/","url":"https:\/\/clair.si\/hr\/izdelek\/cavalor-pasta-emergency-911\/","name":"Cavalor pasta Emergency 911 - Clair","isPartOf":{"@id":"https:\/\/clair.si\/#website"},"primaryImageOfPage":{"@id":"https:\/\/clair.si\/hr\/izdelek\/cavalor-pasta-emergency-911\/#primaryimage"},"image":{"@id":"https:\/\/clair.si\/hr\/izdelek\/cavalor-pasta-emergency-911\/#primaryimage"},"thumbnailUrl":"https:\/\/clair.si\/wp-content\/uploads\/2022\/11\/Emergency-911-pasta-cavalor-trgovina-clair-za-konje.webp","datePublished":"2022-11-16T15:49:29+00:00","dateModified":"2025-08-13T05:25:29+00:00","description":"Cavalor pasta Emergency 911 je brzo djeluju\u0107i i lako probavljiv dodatak prehrani za konje, namijenjen potpori probavnom sustavu.","breadcrumb":{"@id":"https:\/\/clair.si\/hr\/izdelek\/cavalor-pasta-emergency-911\/#breadcrumb"},"inLanguage":"hr","potentialAction":[{"@type":"ReadAction","target":["https:\/\/clair.si\/hr\/izdelek\/cavalor-pasta-emergency-911\/"]}]},{"@type":"ImageObject","inLanguage":"hr","@id":"https:\/\/clair.si\/hr\/izdelek\/cavalor-pasta-emergency-911\/#primaryimage","url":"https:\/\/clair.si\/wp-content\/uploads\/2022\/11\/Emergency-911-pasta-cavalor-trgovina-clair-za-konje.webp","contentUrl":"https:\/\/clair.si\/wp-content\/uploads\/2022\/11\/Emergency-911-pasta-cavalor-trgovina-clair-za-konje.webp","width":450,"height":450,"caption":"Prebioti\u010dna pasta za konje Cavalor Emergency 911"},{"@type":"BreadcrumbList","@id":"https:\/\/clair.si\/hr\/izdelek\/cavalor-pasta-emergency-911\/#breadcrumb","itemListElement":[{"@type":"ListItem","position":1,"name":"Home","item":"https:\/\/clair.si\/hr\/"},{"@type":"ListItem","position":2,"name":"Trgovina","item":"https:\/\/clair.si\/trgovina\/"},{"@type":"ListItem","position":3,"name":"Cavalor pasta Emergency 911"}]},{"@type":"WebSite","@id":"https:\/\/clair.si\/#website","url":"https:\/\/clair.si\/","name":"Clair","description":"Trgovina s konjeni\u0161ko opremo","publisher":{"@id":"https:\/\/clair.si\/#organization"},"potentialAction":[{"@type":"SearchAction","target":{"@type":"EntryPoint","urlTemplate":"https:\/\/clair.si\/?s={search_term_string}"},"query-input":{"@type":"PropertyValueSpecification","valueRequired":true,"valueName":"search_term_string"}}],"inLanguage":"hr"},{"@type":"Organization","@id":"https:\/\/clair.si\/#organization","name":"Clair","url":"https:\/\/clair.si\/","logo":{"@type":"ImageObject","inLanguage":"hr","@id":"https:\/\/clair.si\/#\/schema\/logo\/image\/","url":"https:\/\/clair.si\/wp-content\/uploads\/2022\/11\/clair_logo_2022.jpg","contentUrl":"https:\/\/clair.si\/wp-content\/uploads\/2022\/11\/clair_logo_2022.jpg","width":1920,"height":1920,"caption":"Clair"},"image":{"@id":"https:\/\/clair.si\/#\/schema\/logo\/image\/"},"sameAs":["https:\/\/www.facebook.com\/TrgovinaClair\/"]}]}},"_links":{"self":[{"href":"https:\/\/clair.si\/hr\/wp-json\/wp\/v2\/product\/99729","targetHints":{"allow":["GET"]}}],"collection":[{"href":"https:\/\/clair.si\/hr\/wp-json\/wp\/v2\/product"}],"about":[{"href":"https:\/\/clair.si\/hr\/wp-json\/wp\/v2\/types\/product"}],"version-history":[{"count":0,"href":"https:\/\/clair.si\/hr\/wp-json\/wp\/v2\/product\/99729\/revisions"}],"wp:featuredmedia":[{"embeddable":true,"href":"https:\/\/clair.si\/hr\/wp-json\/wp\/v2\/media\/99731"}],"wp:attachment":[{"href":"https:\/\/clair.si\/hr\/wp-json\/wp\/v2\/media?parent=99729"}],"wp:term":[{"taxonomy":"product_brand","embeddable":true,"href":"https:\/\/clair.si\/hr\/wp-json\/wp\/v2\/product_brand?post=99729"},{"taxonomy":"product_cat","embeddable":true,"href":"https:\/\/clair.si\/hr\/wp-json\/wp\/v2\/product_cat?post=99729"},{"taxonomy":"product_tag","embeddable":true,"href":"https:\/\/clair.si\/hr\/wp-json\/wp\/v2\/product_tag?post=99729"}],"curies":[{"name":"wp","href":"https:\/\/api.w.org\/{rel}","templated":true}]}}