{"id":99732,"date":"2022-11-16T17:38:47","date_gmt":"2022-11-16T16:38:47","guid":{"rendered":"https:\/\/clair.si\/izdelek\/cavalor-pasta-an-energy-boost\/"},"modified":"2025-08-26T13:03:24","modified_gmt":"2025-08-26T11:03:24","slug":"cavalor-pasta-an-energy-boost","status":"publish","type":"product","link":"https:\/\/clair.si\/hr\/izdelek\/cavalor-pasta-an-energy-boost\/","title":{"rendered":"Cavalor pasta An Energy Boost"},"content":{"rendered":"<p><span class=\"HwtZe\" lang=\"sl\"><span class=\"jCAhz ChMk0b\"><span class=\"ryNqvb\"><strong>Cavalor pasta An Energy Boost<\/strong> osigurava va\u017ene hranjive tvari i dodatnu dozu brze energije prije, tijekom i nakon intenzivnog rada, kako bi pomogla va\u0161em konju da postigne najbolje rezultate. Tako\u0111er poma\u017ee u oporavku nakon napora. <\/span><\/span><span class=\"jCAhz ChMk0b\"><span class=\"ryNqvb\">Cavalor An Energy Boost osigurava da va\u0161 konj ima dovoljno energije za vrhunsku izvedbu.<\/span><\/span> <span class=\"jCAhz ChMk0b\"><span class=\"ryNqvb\">Sadr\u017ei brzo dostupne ugljikohidrate koji pove\u0107avaju razinu glukoze u krvi.<\/span><\/span> <span class=\"jCAhz ChMk0b\"><span class=\"ryNqvb\">Osim toga, Cavalor An Energy Boost pasta osigurava aminokiseline, minerale, vitamine i tvari koje su va\u017ene za mi\u0161i\u0107nu aktivnost i izdr\u017eljivost.<\/span><\/span> <span class=\"jCAhz ChMk0b\"><span class=\"ryNqvb\">Sadr\u017ei i elektrolite za brzi oporavak nakon natjecanja ili jakog napora.<\/span><\/span><\/span><\/p>\n<p><strong>Sastav: <\/strong><em><span class=\"HwtZe\" lang=\"sl\"><span class=\"jCAhz ChMk0b\"><span class=\"ryNqvb\">Cavalor pasta An Energy Boost sadr\u017ei elektrolite, vitamine B, aminokiseline, \u0161e\u0107ere i sol.<\/span><\/span> <span class=\"jCAhz ChMk0b\"><span class=\"ryNqvb\">Glukoza (\u0161e\u0107er) se brzo apsorbira i va\u017ean je izvor energije.<\/span><\/span> <span class=\"jCAhz ChMk0b\"><span class=\"ryNqvb\">Osim toga, glukoza poti\u010de apsorpciju elektrolita.<\/span><\/span> <span class=\"jCAhz ChMk0b\"><span class=\"ryNqvb\">Vitamini pove\u0107avaju razinu pristupa kisika u tkiva i krv, \u0161to daje konjima ve\u0107u izdr\u017eljivost i omogu\u0107uje im da bolje djeluju i br\u017ee se oporave.<\/span><\/span> <span class=\"jCAhz ChMk0b\"><span class=\"ryNqvb\">Limun, limeta i eukaliptus pobolj\u0161avaju transport energije i vrlo su mo\u0107ni antioksidansi.<\/span><\/span> <span class=\"jCAhz ChMk0b\"><span class=\"ryNqvb\">\u0160tite tijelo od \u0161tetnih tvari koje nastaju tijekom napora.<\/span><\/span> <span class=\"jCAhz ChMk0b\"><span class=\"ryNqvb\">Cavalor An Energy Boost sadr\u017ei va\u017ene elektrolite (Na, K, Cl, Mg, Ca) koji podr\u017eavaju optimalno funkcioniranje mi\u0161i\u0107a.<\/span><\/span> <\/span><\/em><\/p>\n<p>&nbsp;<\/p>\n","protected":false},"excerpt":{"rendered":"<ul>\n<li><span class=\"HwtZe\" lang=\"sl\"><span class=\"jCAhz ChMk0b\"><span class=\"ryNqvb\">pasta koja osigurava brzi porast energije<\/span><\/span> <\/span><\/li>\n<li><span class=\"HwtZe\" lang=\"sl\"><span class=\"jCAhz ChMk0b\"><span class=\"ryNqvb\">poti\u010de oporavak nakon rada<\/span><\/span> <\/span><\/li>\n<li><span class=\"HwtZe\" lang=\"sl\"><span class=\"jCAhz ChMk0b\"><span class=\"ryNqvb\">elektroliti, vitamin B, aminokiseline, \u0161e\u0107eri i sol<\/span><\/span><\/span><\/li>\n<li><span class=\"HwtZe\" lang=\"sl\">za <span class=\"jCAhz ChMk0b\"><span class=\"ryNqvb\">konje kojima je potrebna kratka, eksplozivna energija<\/span><\/span><\/span><\/li>\n<\/ul>\n<p><strong>Koli\u010dina: 60 g<\/strong><\/p>\n","protected":false},"featured_media":99733,"template":"","meta":{"footnotes":""},"product_brand":[],"product_cat":[5711,5710,5712],"product_tag":[],"class_list":{"0":"post-99732","1":"product","2":"type-product","3":"status-publish","4":"has-post-thumbnail","6":"product_cat-hrana-i-prehrambeni-dodaci-cavalor","7":"product_cat-hrana-za-konje-hr","8":"product_cat-prehrambeni-dodaci","10":"first","11":"instock","12":"shipping-taxable","13":"purchasable","14":"product-type-simple"},"yoast_head":"<!-- This site is optimized with the Yoast SEO plugin v27.4 - https:\/\/yoast.com\/product\/yoast-seo-wordpress\/ -->\n<title>Cavalor pasta An Energy Boost - Clair<\/title>\n<meta name=\"description\" content=\"Cavalor pasta An Energy Boost osigurava va\u017ene hranjive tvari i dodatnu dozu brze energije prije, tijekom i nakon intenzivnog rada.\" \/>\n<meta name=\"robots\" content=\"index, follow, max-snippet:-1, max-image-preview:large, max-video-preview:-1\" \/>\n<link rel=\"canonical\" href=\"https:\/\/clair.si\/hr\/izdelek\/cavalor-pasta-an-energy-boost\/\" \/>\n<meta property=\"og:locale\" content=\"hr_HR\" \/>\n<meta property=\"og:type\" content=\"article\" \/>\n<meta property=\"og:title\" content=\"Cavalor pasta An Energy Boost - Clair\" \/>\n<meta property=\"og:description\" content=\"Cavalor pasta An Energy Boost osigurava va\u017ene hranjive tvari i dodatnu dozu brze energije prije, tijekom i nakon intenzivnog rada.\" \/>\n<meta property=\"og:url\" content=\"https:\/\/clair.si\/hr\/izdelek\/cavalor-pasta-an-energy-boost\/\" \/>\n<meta property=\"og:site_name\" content=\"Clair\" \/>\n<meta property=\"article:publisher\" content=\"https:\/\/www.facebook.com\/TrgovinaClair\/\" \/>\n<meta property=\"article:modified_time\" content=\"2025-08-26T11:03:24+00:00\" \/>\n<meta property=\"og:image\" content=\"https:\/\/clair.si\/wp-content\/uploads\/2022\/11\/An-Energy-Boost-cavalor-pasta1.jpg\" \/>\n\t<meta property=\"og:image:width\" content=\"470\" \/>\n\t<meta property=\"og:image:height\" content=\"470\" \/>\n\t<meta property=\"og:image:type\" content=\"image\/jpeg\" \/>\n<meta name=\"twitter:card\" content=\"summary_large_image\" \/>\n<meta name=\"twitter:label1\" content=\"Procijenjeno vrijeme \u010ditanja\" \/>\n\t<meta name=\"twitter:data1\" content=\"2 minute\" \/>\n<script type=\"application\/ld+json\" class=\"yoast-schema-graph\">{\"@context\":\"https:\\\/\\\/schema.org\",\"@graph\":[{\"@type\":\"WebPage\",\"@id\":\"https:\\\/\\\/clair.si\\\/hr\\\/izdelek\\\/cavalor-pasta-an-energy-boost\\\/\",\"url\":\"https:\\\/\\\/clair.si\\\/hr\\\/izdelek\\\/cavalor-pasta-an-energy-boost\\\/\",\"name\":\"Cavalor pasta An Energy Boost - Clair\",\"isPartOf\":{\"@id\":\"https:\\\/\\\/clair.si\\\/#website\"},\"primaryImageOfPage\":{\"@id\":\"https:\\\/\\\/clair.si\\\/hr\\\/izdelek\\\/cavalor-pasta-an-energy-boost\\\/#primaryimage\"},\"image\":{\"@id\":\"https:\\\/\\\/clair.si\\\/hr\\\/izdelek\\\/cavalor-pasta-an-energy-boost\\\/#primaryimage\"},\"thumbnailUrl\":\"https:\\\/\\\/clair.si\\\/wp-content\\\/uploads\\\/2022\\\/11\\\/An-Energy-Boost-cavalor-pasta1.webp\",\"datePublished\":\"2022-11-16T16:38:47+00:00\",\"dateModified\":\"2025-08-26T11:03:24+00:00\",\"description\":\"Cavalor pasta An Energy Boost osigurava va\u017ene hranjive tvari i dodatnu dozu brze energije prije, tijekom i nakon intenzivnog rada.\",\"breadcrumb\":{\"@id\":\"https:\\\/\\\/clair.si\\\/hr\\\/izdelek\\\/cavalor-pasta-an-energy-boost\\\/#breadcrumb\"},\"inLanguage\":\"hr\",\"potentialAction\":[{\"@type\":\"ReadAction\",\"target\":[\"https:\\\/\\\/clair.si\\\/hr\\\/izdelek\\\/cavalor-pasta-an-energy-boost\\\/\"]}]},{\"@type\":\"ImageObject\",\"inLanguage\":\"hr\",\"@id\":\"https:\\\/\\\/clair.si\\\/hr\\\/izdelek\\\/cavalor-pasta-an-energy-boost\\\/#primaryimage\",\"url\":\"https:\\\/\\\/clair.si\\\/wp-content\\\/uploads\\\/2022\\\/11\\\/An-Energy-Boost-cavalor-pasta1.webp\",\"contentUrl\":\"https:\\\/\\\/clair.si\\\/wp-content\\\/uploads\\\/2022\\\/11\\\/An-Energy-Boost-cavalor-pasta1.webp\",\"width\":470,\"height\":470,\"caption\":\"Cavalor Energy Boost pasta za konje\"},{\"@type\":\"BreadcrumbList\",\"@id\":\"https:\\\/\\\/clair.si\\\/hr\\\/izdelek\\\/cavalor-pasta-an-energy-boost\\\/#breadcrumb\",\"itemListElement\":[{\"@type\":\"ListItem\",\"position\":1,\"name\":\"Home\",\"item\":\"https:\\\/\\\/clair.si\\\/hr\\\/\"},{\"@type\":\"ListItem\",\"position\":2,\"name\":\"Trgovina\",\"item\":\"https:\\\/\\\/clair.si\\\/trgovina\\\/\"},{\"@type\":\"ListItem\",\"position\":3,\"name\":\"Cavalor pasta An Energy Boost\"}]},{\"@type\":\"WebSite\",\"@id\":\"https:\\\/\\\/clair.si\\\/#website\",\"url\":\"https:\\\/\\\/clair.si\\\/\",\"name\":\"Clair\",\"description\":\"Trgovina s konjeni\u0161ko opremo\",\"publisher\":{\"@id\":\"https:\\\/\\\/clair.si\\\/#organization\"},\"potentialAction\":[{\"@type\":\"SearchAction\",\"target\":{\"@type\":\"EntryPoint\",\"urlTemplate\":\"https:\\\/\\\/clair.si\\\/?s={search_term_string}\"},\"query-input\":{\"@type\":\"PropertyValueSpecification\",\"valueRequired\":true,\"valueName\":\"search_term_string\"}}],\"inLanguage\":\"hr\"},{\"@type\":\"Organization\",\"@id\":\"https:\\\/\\\/clair.si\\\/#organization\",\"name\":\"Clair\",\"url\":\"https:\\\/\\\/clair.si\\\/\",\"logo\":{\"@type\":\"ImageObject\",\"inLanguage\":\"hr\",\"@id\":\"https:\\\/\\\/clair.si\\\/#\\\/schema\\\/logo\\\/image\\\/\",\"url\":\"https:\\\/\\\/clair.si\\\/wp-content\\\/uploads\\\/2022\\\/11\\\/clair_logo_2022.jpg\",\"contentUrl\":\"https:\\\/\\\/clair.si\\\/wp-content\\\/uploads\\\/2022\\\/11\\\/clair_logo_2022.jpg\",\"width\":1920,\"height\":1920,\"caption\":\"Clair\"},\"image\":{\"@id\":\"https:\\\/\\\/clair.si\\\/#\\\/schema\\\/logo\\\/image\\\/\"},\"sameAs\":[\"https:\\\/\\\/www.facebook.com\\\/TrgovinaClair\\\/\"]}]}<\/script>\n<!-- \/ Yoast SEO plugin. -->","yoast_head_json":{"title":"Cavalor pasta An Energy Boost - Clair","description":"Cavalor pasta An Energy Boost osigurava va\u017ene hranjive tvari i dodatnu dozu brze energije prije, tijekom i nakon intenzivnog rada.","robots":{"index":"index","follow":"follow","max-snippet":"max-snippet:-1","max-image-preview":"max-image-preview:large","max-video-preview":"max-video-preview:-1"},"canonical":"https:\/\/clair.si\/hr\/izdelek\/cavalor-pasta-an-energy-boost\/","og_locale":"hr_HR","og_type":"article","og_title":"Cavalor pasta An Energy Boost - Clair","og_description":"Cavalor pasta An Energy Boost osigurava va\u017ene hranjive tvari i dodatnu dozu brze energije prije, tijekom i nakon intenzivnog rada.","og_url":"https:\/\/clair.si\/hr\/izdelek\/cavalor-pasta-an-energy-boost\/","og_site_name":"Clair","article_publisher":"https:\/\/www.facebook.com\/TrgovinaClair\/","article_modified_time":"2025-08-26T11:03:24+00:00","og_image":[{"width":470,"height":470,"url":"https:\/\/clair.si\/wp-content\/uploads\/2022\/11\/An-Energy-Boost-cavalor-pasta1.jpg","type":"image\/jpeg"}],"twitter_card":"summary_large_image","twitter_misc":{"Procijenjeno vrijeme \u010ditanja":"2 minute"},"schema":{"@context":"https:\/\/schema.org","@graph":[{"@type":"WebPage","@id":"https:\/\/clair.si\/hr\/izdelek\/cavalor-pasta-an-energy-boost\/","url":"https:\/\/clair.si\/hr\/izdelek\/cavalor-pasta-an-energy-boost\/","name":"Cavalor pasta An Energy Boost - Clair","isPartOf":{"@id":"https:\/\/clair.si\/#website"},"primaryImageOfPage":{"@id":"https:\/\/clair.si\/hr\/izdelek\/cavalor-pasta-an-energy-boost\/#primaryimage"},"image":{"@id":"https:\/\/clair.si\/hr\/izdelek\/cavalor-pasta-an-energy-boost\/#primaryimage"},"thumbnailUrl":"https:\/\/clair.si\/wp-content\/uploads\/2022\/11\/An-Energy-Boost-cavalor-pasta1.webp","datePublished":"2022-11-16T16:38:47+00:00","dateModified":"2025-08-26T11:03:24+00:00","description":"Cavalor pasta An Energy Boost osigurava va\u017ene hranjive tvari i dodatnu dozu brze energije prije, tijekom i nakon intenzivnog rada.","breadcrumb":{"@id":"https:\/\/clair.si\/hr\/izdelek\/cavalor-pasta-an-energy-boost\/#breadcrumb"},"inLanguage":"hr","potentialAction":[{"@type":"ReadAction","target":["https:\/\/clair.si\/hr\/izdelek\/cavalor-pasta-an-energy-boost\/"]}]},{"@type":"ImageObject","inLanguage":"hr","@id":"https:\/\/clair.si\/hr\/izdelek\/cavalor-pasta-an-energy-boost\/#primaryimage","url":"https:\/\/clair.si\/wp-content\/uploads\/2022\/11\/An-Energy-Boost-cavalor-pasta1.webp","contentUrl":"https:\/\/clair.si\/wp-content\/uploads\/2022\/11\/An-Energy-Boost-cavalor-pasta1.webp","width":470,"height":470,"caption":"Cavalor Energy Boost pasta za konje"},{"@type":"BreadcrumbList","@id":"https:\/\/clair.si\/hr\/izdelek\/cavalor-pasta-an-energy-boost\/#breadcrumb","itemListElement":[{"@type":"ListItem","position":1,"name":"Home","item":"https:\/\/clair.si\/hr\/"},{"@type":"ListItem","position":2,"name":"Trgovina","item":"https:\/\/clair.si\/trgovina\/"},{"@type":"ListItem","position":3,"name":"Cavalor pasta An Energy Boost"}]},{"@type":"WebSite","@id":"https:\/\/clair.si\/#website","url":"https:\/\/clair.si\/","name":"Clair","description":"Trgovina s konjeni\u0161ko opremo","publisher":{"@id":"https:\/\/clair.si\/#organization"},"potentialAction":[{"@type":"SearchAction","target":{"@type":"EntryPoint","urlTemplate":"https:\/\/clair.si\/?s={search_term_string}"},"query-input":{"@type":"PropertyValueSpecification","valueRequired":true,"valueName":"search_term_string"}}],"inLanguage":"hr"},{"@type":"Organization","@id":"https:\/\/clair.si\/#organization","name":"Clair","url":"https:\/\/clair.si\/","logo":{"@type":"ImageObject","inLanguage":"hr","@id":"https:\/\/clair.si\/#\/schema\/logo\/image\/","url":"https:\/\/clair.si\/wp-content\/uploads\/2022\/11\/clair_logo_2022.jpg","contentUrl":"https:\/\/clair.si\/wp-content\/uploads\/2022\/11\/clair_logo_2022.jpg","width":1920,"height":1920,"caption":"Clair"},"image":{"@id":"https:\/\/clair.si\/#\/schema\/logo\/image\/"},"sameAs":["https:\/\/www.facebook.com\/TrgovinaClair\/"]}]}},"_links":{"self":[{"href":"https:\/\/clair.si\/hr\/wp-json\/wp\/v2\/product\/99732","targetHints":{"allow":["GET"]}}],"collection":[{"href":"https:\/\/clair.si\/hr\/wp-json\/wp\/v2\/product"}],"about":[{"href":"https:\/\/clair.si\/hr\/wp-json\/wp\/v2\/types\/product"}],"version-history":[{"count":0,"href":"https:\/\/clair.si\/hr\/wp-json\/wp\/v2\/product\/99732\/revisions"}],"wp:featuredmedia":[{"embeddable":true,"href":"https:\/\/clair.si\/hr\/wp-json\/wp\/v2\/media\/99733"}],"wp:attachment":[{"href":"https:\/\/clair.si\/hr\/wp-json\/wp\/v2\/media?parent=99732"}],"wp:term":[{"taxonomy":"product_brand","embeddable":true,"href":"https:\/\/clair.si\/hr\/wp-json\/wp\/v2\/product_brand?post=99732"},{"taxonomy":"product_cat","embeddable":true,"href":"https:\/\/clair.si\/hr\/wp-json\/wp\/v2\/product_cat?post=99732"},{"taxonomy":"product_tag","embeddable":true,"href":"https:\/\/clair.si\/hr\/wp-json\/wp\/v2\/product_tag?post=99732"}],"curies":[{"name":"wp","href":"https:\/\/api.w.org\/{rel}","templated":true}]}}