{"id":99749,"date":"2022-11-16T17:22:25","date_gmt":"2022-11-16T16:22:25","guid":{"rendered":"https:\/\/clair.si\/izdelek\/cavalor-endurix\/"},"modified":"2025-11-18T08:01:07","modified_gmt":"2025-11-18T07:01:07","slug":"cavalor-endurix","status":"publish","type":"product","link":"https:\/\/clair.si\/hr\/izdelek\/cavalor-endurix\/","title":{"rendered":"Cavalor Endurix"},"content":{"rendered":"<p><span class=\"HwtZe\" lang=\"sl\"><strong><span class=\"jCAhz ChMk0b\"><span class=\"ryNqvb\">Cavalor Endurix je krmna smjesa za sportske konje.<\/span><\/span><\/strong> <span class=\"jCAhz ChMk0b\"><span class=\"ryNqvb\">Njegov uravnote\u017eeni sastav osigurava sporo i trajno osloba\u0111anje energije.<\/span><\/span> <span class=\"jCAhz ChMk0b\"><span class=\"ryNqvb\">Sadr\u017ei napuhane \u017eitarice za laku probavu te pre- i probiotike za optimalno djelovanje crijeva i sna\u017enu prirodnu obranu.<\/span><\/span> <span class=\"jCAhz ChMk0b\"><span class=\"ryNqvb\">Minerali poma\u017eu podupirati i rehidrirati mi\u0161i\u0107e tijekom dugotrajnog napora.<\/span><\/span><\/span><\/p>\n<p><strong>Sastav: <\/strong><em><span class=\"HwtZe\" lang=\"sl\"><span class=\"jCAhz ChMk0b\"><span class=\"ryNqvb\">zob<\/span><\/span>, l <span class=\"jCAhz ChMk0b\"><span class=\"ryNqvb\">anene ljuske<\/span><\/span>, p <span class=\"jCAhz ChMk0b\"><span class=\"ryNqvb\">\u0161enica<\/span><\/span>, <span class=\"jCAhz ChMk0b\"><span class=\"ryNqvb\">je\u010dam<\/span><\/span>, e <span class=\"jCAhz ChMk0b\"><span class=\"ryNqvb\">kspandirani kukuruz<\/span><\/span>, p <span class=\"jCAhz ChMk0b\"><span class=\"ryNqvb\">\u0161eni\u010dne mekinje<\/span><\/span>, s <span class=\"jCAhz ChMk0b\"><span class=\"ryNqvb\">ojino ulje<\/span><\/span>, s <span class=\"jCAhz ChMk0b\"><span class=\"ryNqvb\">on\u010di\u010dna sjemena<\/span><\/span>, p <span class=\"jCAhz ChMk0b\"><span class=\"ryNqvb\">esna melasa<\/span><\/span>, p <span class=\"jCAhz ChMk0b\"><span class=\"ryNqvb\">irine mekinje<\/span><\/span>, s <span class=\"jCAhz ChMk0b\"><span class=\"ryNqvb\">ojine vlaknine,<\/span><\/span> <span class=\"jCAhz ChMk0b\"><span class=\"ryNqvb\">laneno sjeme<\/span><\/span>, k <span class=\"jCAhz ChMk0b\"><span class=\"ryNqvb\">osmi\u010di konjskog graha<\/span><\/span>, <span class=\"jCAhz ChMk0b\"><span class=\"ryNqvb\">lucerna<\/span><\/span>, p <span class=\"jCAhz ChMk0b\"><span class=\"ryNqvb\">ivovarski kvasac<\/span><\/span>, n <span class=\"jCAhz ChMk0b\"><span class=\"ryNqvb\">atrijev klorid,<\/span><\/span> l <span class=\"jCAhz ChMk0b\"><span class=\"ryNqvb\">ju\u0161\u010dine sojinih zrna (proizvedeno od genetski modificirane soje)<\/span><\/span>, k <span class=\"jCAhz ChMk0b\"><span class=\"ryNqvb\">alcijev karbonat,<\/span><\/span> <span class=\"jCAhz ChMk0b\"><span class=\"ryNqvb\">frukto-oligosaharidi.<\/span><\/span><\/span><\/em><\/p>\n<p>Analiti\u010dki sastav po kg: prob. Energija 13 mg, prob. sirovi proteini 9,15 %, sirovi proteini 12,5 %, sirove vlaknine 9,5 %, fosfor 0,6 %, sirova mast 7,5 %, kalcij 0,8 %, natrij 0,45 %, sirovi pepeo 6,5 %, magnezij 0,29 %, \u0161e\u0107er 4,7 %, \u0161krob 27,3 %<\/p>\n<p>Hranjivo fiziolo\u0161ki dodatni sastojci po kg: vitamin A 10.500 I.U., vitamin D3 1.500 I.U., vitamin E350 mg, vitamin B1 12 mg, vitamin B2 13 mg, kalcijev D-pantotenat (3a841) 25 mg, vitamin B6 2,5 mg, vitamin B12 0,03 mg, biotin 200 \u00b5g, kolin klorid 260 mg, \u017eeljezo E1 kao \u017eeljezov-(II)-sulfat monohidrat 50 mg, jod kao kalcijev jodat, bezvodni (3b202) 1,25 mg, kobalt kao prevu\u010den kobalt-II-karbonat-granulat 0,3 mg, bakar kao pentahidrat bakrovog sulfata 20 mg, bakar kao dibakrov klorid trihidroksid 6 mg, mangan kao manganov-II-sulfat-monohidrat E5 110 mg, mangan E5 kao minokiselinski-manganov kelat, hidrat 15 mg, Cink kao cinkov sulfat monohidrat 95 mg, cink kao cinkov klorid hidroksid monohidrat 15 mg, L-selenometionin 0,2 mg, selen E8 kao natrijev selenit 0,24 mg<\/p>\n","protected":false},"excerpt":{"rendered":"<p><strong>Za ovaj proizvod se zbog dimenzija ili te\u017eine napla\u0107uju dodatni tro\u0161kovi dostave u iznosu od 15 \u20ac \/ kom.<\/strong><\/p>\n<ul>\n<li><span class=\"HwtZe\" lang=\"sl\"><span class=\"jCAhz ChMk0b\"><span class=\"ryNqvb\">hladna energija s dugotrajnim djelovanjem<\/span><\/span><\/span><\/li>\n<li><span class=\"HwtZe\" lang=\"sl\">l<span class=\"jCAhz ChMk0b\"><span class=\"ryNqvb\">ako probavljivo<\/span><\/span> <\/span><\/li>\n<li><span class=\"HwtZe\" lang=\"sl\"><span class=\"jCAhz ChMk0b\"><span class=\"ryNqvb\"> sadr\u017ei pre- i probiotike<\/span><\/span> <\/span><\/li>\n<li><span class=\"HwtZe\" lang=\"sl\"><span class=\"jCAhz ChMk0b\"><span class=\"ryNqvb\">sadr\u017ei minerale i vitamine<\/span><\/span><\/span><\/li>\n<\/ul>\n<p><strong>Koli\u010dina: 20 kg<\/strong><\/p>\n","protected":false},"featured_media":99750,"template":"","meta":{"footnotes":""},"product_brand":[],"product_cat":[5711,5710],"product_tag":[],"class_list":{"0":"post-99749","1":"product","2":"type-product","3":"status-publish","4":"has-post-thumbnail","6":"product_cat-hrana-i-prehrambeni-dodaci-cavalor","7":"product_cat-hrana-za-konje-hr","8":"product_shipping_class-marstall-hr","10":"first","11":"instock","12":"shipping-taxable","13":"purchasable","14":"product-type-simple"},"yoast_head":"<!-- This site is optimized with the Yoast SEO plugin v27.4 - https:\/\/yoast.com\/product\/yoast-seo-wordpress\/ -->\n<title>Cavalor Endurix - Clair<\/title>\n<meta name=\"description\" content=\"Cavalor Endurix je krmna smjesa za sportske konje. Njegov uravnote\u017eeni sastav osigurava sporo i trajno osloba\u0111anje energije.\" \/>\n<meta name=\"robots\" content=\"index, follow, max-snippet:-1, max-image-preview:large, max-video-preview:-1\" \/>\n<link rel=\"canonical\" href=\"https:\/\/clair.si\/izdelek\/cavalor-endurix\/\" \/>\n<meta property=\"og:locale\" content=\"hr_HR\" \/>\n<meta property=\"og:type\" content=\"article\" \/>\n<meta property=\"og:title\" content=\"Cavalor Endurix - Clair\" \/>\n<meta property=\"og:description\" content=\"Cavalor Endurix je krmna smjesa za sportske konje. Njegov uravnote\u017eeni sastav osigurava sporo i trajno osloba\u0111anje energije.\" \/>\n<meta property=\"og:url\" content=\"https:\/\/clair.si\/izdelek\/cavalor-endurix\/\" \/>\n<meta property=\"og:site_name\" content=\"Clair\" \/>\n<meta property=\"article:publisher\" content=\"https:\/\/www.facebook.com\/TrgovinaClair\/\" \/>\n<meta property=\"article:modified_time\" content=\"2025-11-18T07:01:07+00:00\" \/>\n<meta property=\"og:image\" content=\"https:\/\/clair.si\/wp-content\/uploads\/2022\/11\/Endurix-cavalor-hrana-za-konje.webp\" \/>\n\t<meta property=\"og:image:width\" content=\"550\" \/>\n\t<meta property=\"og:image:height\" content=\"550\" \/>\n\t<meta property=\"og:image:type\" content=\"image\/jpeg\" \/>\n<meta name=\"twitter:card\" content=\"summary_large_image\" \/>\n<meta name=\"twitter:label1\" content=\"Procijenjeno vrijeme \u010ditanja\" \/>\n\t<meta name=\"twitter:data1\" content=\"2 minute\" \/>\n<script type=\"application\/ld+json\" class=\"yoast-schema-graph\">{\"@context\":\"https:\\\/\\\/schema.org\",\"@graph\":[{\"@type\":\"WebPage\",\"@id\":\"https:\\\/\\\/clair.si\\\/izdelek\\\/cavalor-endurix\\\/\",\"url\":\"https:\\\/\\\/clair.si\\\/izdelek\\\/cavalor-endurix\\\/\",\"name\":\"Cavalor Endurix - Clair\",\"isPartOf\":{\"@id\":\"https:\\\/\\\/clair.si\\\/#website\"},\"primaryImageOfPage\":{\"@id\":\"https:\\\/\\\/clair.si\\\/izdelek\\\/cavalor-endurix\\\/#primaryimage\"},\"image\":{\"@id\":\"https:\\\/\\\/clair.si\\\/izdelek\\\/cavalor-endurix\\\/#primaryimage\"},\"thumbnailUrl\":\"https:\\\/\\\/clair.si\\\/wp-content\\\/uploads\\\/2022\\\/11\\\/Endurix-cavalor-hrana-za-konje.webp\",\"datePublished\":\"2022-11-16T16:22:25+00:00\",\"dateModified\":\"2025-11-18T07:01:07+00:00\",\"description\":\"Cavalor Endurix je krmna smjesa za sportske konje. Njegov uravnote\u017eeni sastav osigurava sporo i trajno osloba\u0111anje energije.\",\"breadcrumb\":{\"@id\":\"https:\\\/\\\/clair.si\\\/izdelek\\\/cavalor-endurix\\\/#breadcrumb\"},\"inLanguage\":\"hr\",\"potentialAction\":[{\"@type\":\"ReadAction\",\"target\":[\"https:\\\/\\\/clair.si\\\/izdelek\\\/cavalor-endurix\\\/\"]}]},{\"@type\":\"ImageObject\",\"inLanguage\":\"hr\",\"@id\":\"https:\\\/\\\/clair.si\\\/izdelek\\\/cavalor-endurix\\\/#primaryimage\",\"url\":\"https:\\\/\\\/clair.si\\\/wp-content\\\/uploads\\\/2022\\\/11\\\/Endurix-cavalor-hrana-za-konje.webp\",\"contentUrl\":\"https:\\\/\\\/clair.si\\\/wp-content\\\/uploads\\\/2022\\\/11\\\/Endurix-cavalor-hrana-za-konje.webp\",\"width\":550,\"height\":550,\"caption\":\"Endurix Cavalor hrana za konje\"},{\"@type\":\"BreadcrumbList\",\"@id\":\"https:\\\/\\\/clair.si\\\/izdelek\\\/cavalor-endurix\\\/#breadcrumb\",\"itemListElement\":[{\"@type\":\"ListItem\",\"position\":1,\"name\":\"Home\",\"item\":\"https:\\\/\\\/clair.si\\\/hr\\\/\"},{\"@type\":\"ListItem\",\"position\":2,\"name\":\"Trgovina\",\"item\":\"https:\\\/\\\/clair.si\\\/trgovina\\\/\"},{\"@type\":\"ListItem\",\"position\":3,\"name\":\"Cavalor Endurix\"}]},{\"@type\":\"WebSite\",\"@id\":\"https:\\\/\\\/clair.si\\\/#website\",\"url\":\"https:\\\/\\\/clair.si\\\/\",\"name\":\"Clair\",\"description\":\"Trgovina s konjeni\u0161ko opremo\",\"publisher\":{\"@id\":\"https:\\\/\\\/clair.si\\\/#organization\"},\"potentialAction\":[{\"@type\":\"SearchAction\",\"target\":{\"@type\":\"EntryPoint\",\"urlTemplate\":\"https:\\\/\\\/clair.si\\\/?s={search_term_string}\"},\"query-input\":{\"@type\":\"PropertyValueSpecification\",\"valueRequired\":true,\"valueName\":\"search_term_string\"}}],\"inLanguage\":\"hr\"},{\"@type\":\"Organization\",\"@id\":\"https:\\\/\\\/clair.si\\\/#organization\",\"name\":\"Clair\",\"url\":\"https:\\\/\\\/clair.si\\\/\",\"logo\":{\"@type\":\"ImageObject\",\"inLanguage\":\"hr\",\"@id\":\"https:\\\/\\\/clair.si\\\/#\\\/schema\\\/logo\\\/image\\\/\",\"url\":\"https:\\\/\\\/clair.si\\\/wp-content\\\/uploads\\\/2022\\\/11\\\/clair_logo_2022.jpg\",\"contentUrl\":\"https:\\\/\\\/clair.si\\\/wp-content\\\/uploads\\\/2022\\\/11\\\/clair_logo_2022.jpg\",\"width\":1920,\"height\":1920,\"caption\":\"Clair\"},\"image\":{\"@id\":\"https:\\\/\\\/clair.si\\\/#\\\/schema\\\/logo\\\/image\\\/\"},\"sameAs\":[\"https:\\\/\\\/www.facebook.com\\\/TrgovinaClair\\\/\"]}]}<\/script>\n<!-- \/ Yoast SEO plugin. -->","yoast_head_json":{"title":"Cavalor Endurix - Clair","description":"Cavalor Endurix je krmna smjesa za sportske konje. Njegov uravnote\u017eeni sastav osigurava sporo i trajno osloba\u0111anje energije.","robots":{"index":"index","follow":"follow","max-snippet":"max-snippet:-1","max-image-preview":"max-image-preview:large","max-video-preview":"max-video-preview:-1"},"canonical":"https:\/\/clair.si\/izdelek\/cavalor-endurix\/","og_locale":"hr_HR","og_type":"article","og_title":"Cavalor Endurix - Clair","og_description":"Cavalor Endurix je krmna smjesa za sportske konje. Njegov uravnote\u017eeni sastav osigurava sporo i trajno osloba\u0111anje energije.","og_url":"https:\/\/clair.si\/izdelek\/cavalor-endurix\/","og_site_name":"Clair","article_publisher":"https:\/\/www.facebook.com\/TrgovinaClair\/","article_modified_time":"2025-11-18T07:01:07+00:00","og_image":[{"width":550,"height":550,"url":"https:\/\/clair.si\/wp-content\/uploads\/2022\/11\/Endurix-cavalor-hrana-za-konje.webp","type":"image\/jpeg"}],"twitter_card":"summary_large_image","twitter_misc":{"Procijenjeno vrijeme \u010ditanja":"2 minute"},"schema":{"@context":"https:\/\/schema.org","@graph":[{"@type":"WebPage","@id":"https:\/\/clair.si\/izdelek\/cavalor-endurix\/","url":"https:\/\/clair.si\/izdelek\/cavalor-endurix\/","name":"Cavalor Endurix - Clair","isPartOf":{"@id":"https:\/\/clair.si\/#website"},"primaryImageOfPage":{"@id":"https:\/\/clair.si\/izdelek\/cavalor-endurix\/#primaryimage"},"image":{"@id":"https:\/\/clair.si\/izdelek\/cavalor-endurix\/#primaryimage"},"thumbnailUrl":"https:\/\/clair.si\/wp-content\/uploads\/2022\/11\/Endurix-cavalor-hrana-za-konje.webp","datePublished":"2022-11-16T16:22:25+00:00","dateModified":"2025-11-18T07:01:07+00:00","description":"Cavalor Endurix je krmna smjesa za sportske konje. Njegov uravnote\u017eeni sastav osigurava sporo i trajno osloba\u0111anje energije.","breadcrumb":{"@id":"https:\/\/clair.si\/izdelek\/cavalor-endurix\/#breadcrumb"},"inLanguage":"hr","potentialAction":[{"@type":"ReadAction","target":["https:\/\/clair.si\/izdelek\/cavalor-endurix\/"]}]},{"@type":"ImageObject","inLanguage":"hr","@id":"https:\/\/clair.si\/izdelek\/cavalor-endurix\/#primaryimage","url":"https:\/\/clair.si\/wp-content\/uploads\/2022\/11\/Endurix-cavalor-hrana-za-konje.webp","contentUrl":"https:\/\/clair.si\/wp-content\/uploads\/2022\/11\/Endurix-cavalor-hrana-za-konje.webp","width":550,"height":550,"caption":"Endurix Cavalor hrana za konje"},{"@type":"BreadcrumbList","@id":"https:\/\/clair.si\/izdelek\/cavalor-endurix\/#breadcrumb","itemListElement":[{"@type":"ListItem","position":1,"name":"Home","item":"https:\/\/clair.si\/hr\/"},{"@type":"ListItem","position":2,"name":"Trgovina","item":"https:\/\/clair.si\/trgovina\/"},{"@type":"ListItem","position":3,"name":"Cavalor Endurix"}]},{"@type":"WebSite","@id":"https:\/\/clair.si\/#website","url":"https:\/\/clair.si\/","name":"Clair","description":"Trgovina s konjeni\u0161ko opremo","publisher":{"@id":"https:\/\/clair.si\/#organization"},"potentialAction":[{"@type":"SearchAction","target":{"@type":"EntryPoint","urlTemplate":"https:\/\/clair.si\/?s={search_term_string}"},"query-input":{"@type":"PropertyValueSpecification","valueRequired":true,"valueName":"search_term_string"}}],"inLanguage":"hr"},{"@type":"Organization","@id":"https:\/\/clair.si\/#organization","name":"Clair","url":"https:\/\/clair.si\/","logo":{"@type":"ImageObject","inLanguage":"hr","@id":"https:\/\/clair.si\/#\/schema\/logo\/image\/","url":"https:\/\/clair.si\/wp-content\/uploads\/2022\/11\/clair_logo_2022.jpg","contentUrl":"https:\/\/clair.si\/wp-content\/uploads\/2022\/11\/clair_logo_2022.jpg","width":1920,"height":1920,"caption":"Clair"},"image":{"@id":"https:\/\/clair.si\/#\/schema\/logo\/image\/"},"sameAs":["https:\/\/www.facebook.com\/TrgovinaClair\/"]}]}},"_links":{"self":[{"href":"https:\/\/clair.si\/hr\/wp-json\/wp\/v2\/product\/99749","targetHints":{"allow":["GET"]}}],"collection":[{"href":"https:\/\/clair.si\/hr\/wp-json\/wp\/v2\/product"}],"about":[{"href":"https:\/\/clair.si\/hr\/wp-json\/wp\/v2\/types\/product"}],"version-history":[{"count":1,"href":"https:\/\/clair.si\/hr\/wp-json\/wp\/v2\/product\/99749\/revisions"}],"predecessor-version":[{"id":116047,"href":"https:\/\/clair.si\/hr\/wp-json\/wp\/v2\/product\/99749\/revisions\/116047"}],"wp:featuredmedia":[{"embeddable":true,"href":"https:\/\/clair.si\/hr\/wp-json\/wp\/v2\/media\/99750"}],"wp:attachment":[{"href":"https:\/\/clair.si\/hr\/wp-json\/wp\/v2\/media?parent=99749"}],"wp:term":[{"taxonomy":"product_brand","embeddable":true,"href":"https:\/\/clair.si\/hr\/wp-json\/wp\/v2\/product_brand?post=99749"},{"taxonomy":"product_cat","embeddable":true,"href":"https:\/\/clair.si\/hr\/wp-json\/wp\/v2\/product_cat?post=99749"},{"taxonomy":"product_tag","embeddable":true,"href":"https:\/\/clair.si\/hr\/wp-json\/wp\/v2\/product_tag?post=99749"}],"curies":[{"name":"wp","href":"https:\/\/api.w.org\/{rel}","templated":true}]}}