{"id":99816,"date":"2022-11-15T20:37:24","date_gmt":"2022-11-15T19:37:24","guid":{"rendered":"https:\/\/clair.si\/izdelek\/cavalor-tradition-apple\/"},"modified":"2025-08-28T19:47:33","modified_gmt":"2025-08-28T17:47:33","slug":"cavalor-tradition-apple","status":"publish","type":"product","link":"https:\/\/clair.si\/hr\/izdelek\/cavalor-tradition-apple\/","title":{"rendered":"Cavalor Tradition Apple"},"content":{"rendered":"<p><strong>Cavalor Tradition Apple<\/strong> <span class=\"HwtZe\" lang=\"sl\"><span class=\"jCAhz ChMk0b\"><span class=\"ryNqvb\">je krmna smjesa za konje koji obavljaju lak\u0161i posao ili samo za odr\u017eavanje.<\/span><\/span> <span class=\"jCAhz ChMk0b\"><span class=\"ryNqvb\">Formulirana je bez zobi \u2013 konja ne\u0107e zagrijati.<\/span><\/span> <span class=\"jCAhz ChMk0b\"><span class=\"ryNqvb\">S dodanim komadi\u0107ima jabuke, koje konji obo\u017eavaju i koji smjesi daju svje\u017einu.<\/span><\/span><\/span><\/p>\n<p><strong>Sastav: <\/strong><em><span class=\"HwtZe\" lang=\"sl\"><span class=\"jCAhz ChMk0b\"><span class=\"ryNqvb\">Je\u010dmene pahuljice<\/span><\/span>, p <span class=\"jCAhz ChMk0b\"><span class=\"ryNqvb\">\u0161eni\u010dna mje\u0161avina<\/span><\/span>, <span class=\"jCAhz ChMk0b\"><span class=\"ryNqvb\">lucerna<\/span><\/span>, p <span class=\"jCAhz ChMk0b\"><span class=\"ryNqvb\">\u0161eni\u010dne mekinje<\/span><\/span>, k <span class=\"jCAhz ChMk0b\"><span class=\"ryNqvb\">ukuruzne pahuljice<\/span><\/span>, l <span class=\"jCAhz ChMk0b\"><span class=\"ryNqvb\">upine pira,<\/span><\/span> p <span class=\"jCAhz ChMk0b\"><span class=\"ryNqvb\">esna melasa<\/span><\/span>, s <span class=\"jCAhz ChMk0b\"><span class=\"ryNqvb\">ojino bra\u0161no, <\/span><\/span><span class=\"jCAhz ChMk0b\"><span class=\"ryNqvb\">suncokretove sjemenke, m<\/span><\/span><span class=\"jCAhz ChMk0b\"><span class=\"ryNqvb\">oka iz sjemena uljane repice,<\/span><\/span> <span class=\"jCAhz ChMk0b\"><span class=\"ryNqvb\">laneno sjeme<\/span><\/span>, <span class=\"jCAhz ChMk0b\"><span class=\"ryNqvb\">sojino ulje, p<\/span><\/span><span class=\"jCAhz ChMk0b\"><span class=\"ryNqvb\">osu\u0161eni komadi\u0107i jabuke<\/span><\/span>, k <span class=\"jCAhz ChMk0b\"><span class=\"ryNqvb\">alcijev magnezijev karbonat, n<\/span><\/span><span class=\"jCAhz ChMk0b\"><span class=\"ryNqvb\">atrijev klorid, f<\/span><\/span><span class=\"jCAhz ChMk0b\"><span class=\"ryNqvb\">rukto-oligosaharidi.<\/span><\/span><\/span><\/em><\/p>\n<p>Analiti\u010dki sastav po kg: prob. energija 11,25 mg, prob. sirovi proteini 9,2 %, sirovi proteini 12 %, sirova vlakna 10,5 %, fosfor 0,64 %, sirova mast 2,5 %, kalcij 1,25 %, natrij 0,25 %, sirovi pepeo 7,5 %, magnezij 0,31 %, \u0161e\u0107er 5,6 %, \u0161krob 28 %<\/p>\n<p>Hranjivo fiziolo\u0161ki dodatni sastojci po kg: vitamin A 12.500 I.U., vitamin D3 2.500 I.U., vitamin E 200 mg, biotin 200 \u00b5g, kolin klorid 160 mg, \u017eeljezo E1 kao \u017eeljezov-(II)-sulfat monohidrat 75 mg, jod kao kalcijev jodat, bezvodni (3b202) 1,25 mg, kobalt kao oblo\u017een kobalt-II-karbonat-granulat 0,75 mg, bakar kao pentahidrat bakrovog sulfata 30 mg, mangan kao manganov-II-sulfat-monohidrat E5 115 mg, Cink kao cinkov sulfat monohidrat 115 mg, selen E8 kao natrijev selenit 0,4 mg<\/p>\n","protected":false},"excerpt":{"rendered":"<p><strong>Za ovaj proizvod se zbog dimenzija ili te\u017eine obra\u010dunavaju dodatni tro\u0161kovi po\u0161tarine u vrijednosti 15\u20ac \/ kom.<\/strong><\/p>\n<ul>\n<li><span class=\"HwtZe\" lang=\"sl\"><span class=\"jCAhz ChMk0b\"><span class=\"ryNqvb\">odli\u010dnog okusa<\/span><\/span> <\/span><\/li>\n<li><span class=\"HwtZe\" lang=\"sl\"><span class=\"jCAhz ChMk0b\"><span class=\"ryNqvb\">bez zobi<\/span><\/span> <\/span><\/li>\n<li><span class=\"HwtZe\" lang=\"sl\"><span class=\"jCAhz ChMk0b\"><span class=\"ryNqvb\">niska razina energije<\/span><\/span><\/span><\/li>\n<\/ul>\n<p><strong>Koli\u010dina: 20 kg<\/strong><\/p>\n","protected":false},"featured_media":99818,"template":"","meta":{"footnotes":""},"product_brand":[],"product_cat":[5711,5710],"product_tag":[],"class_list":{"0":"post-99816","1":"product","2":"type-product","3":"status-publish","4":"has-post-thumbnail","6":"product_cat-hrana-i-prehrambeni-dodaci-cavalor","7":"product_cat-hrana-za-konje-hr","8":"product_shipping_class-marstall-hr","10":"first","11":"instock","12":"shipping-taxable","13":"purchasable","14":"product-type-simple"},"yoast_head":"<!-- This site is optimized with the Yoast SEO plugin v27.4 - https:\/\/yoast.com\/product\/yoast-seo-wordpress\/ -->\n<title>Cavalor Tradition Apple - Clair<\/title>\n<meta name=\"description\" content=\"Cavalor Tradition Apple je krmna smjesa za konje koji obavljaju lak\u0161i posao ili samo za odr\u017eavanje. Formulirana je bez zobi \u2013 konja ne\u0107e zagrijati.\" \/>\n<meta name=\"robots\" content=\"index, follow, max-snippet:-1, max-image-preview:large, max-video-preview:-1\" \/>\n<link rel=\"canonical\" href=\"https:\/\/clair.si\/izdelek\/cavalor-tradition-apple\/\" \/>\n<meta property=\"og:locale\" content=\"hr_HR\" \/>\n<meta property=\"og:type\" content=\"article\" \/>\n<meta property=\"og:title\" content=\"Cavalor Tradition Apple - Clair\" \/>\n<meta property=\"og:description\" content=\"Cavalor Tradition Apple je krmna smjesa za konje koji obavljaju lak\u0161i posao ili samo za odr\u017eavanje. Formulirana je bez zobi \u2013 konja ne\u0107e zagrijati.\" \/>\n<meta property=\"og:url\" content=\"https:\/\/clair.si\/izdelek\/cavalor-tradition-apple\/\" \/>\n<meta property=\"og:site_name\" content=\"Clair\" \/>\n<meta property=\"article:publisher\" content=\"https:\/\/www.facebook.com\/TrgovinaClair\/\" \/>\n<meta property=\"article:modified_time\" content=\"2025-08-28T17:47:33+00:00\" \/>\n<meta property=\"og:image\" content=\"https:\/\/clair.si\/wp-content\/uploads\/2022\/11\/Tradition-Apple-Cavalor-Clair-trgovina-hrana-za-konje.webp\" \/>\n\t<meta property=\"og:image:width\" content=\"550\" \/>\n\t<meta property=\"og:image:height\" content=\"550\" \/>\n\t<meta property=\"og:image:type\" content=\"image\/jpeg\" \/>\n<meta name=\"twitter:card\" content=\"summary_large_image\" \/>\n<meta name=\"twitter:label1\" content=\"Procijenjeno vrijeme \u010ditanja\" \/>\n\t<meta name=\"twitter:data1\" content=\"2 minute\" \/>\n<script type=\"application\/ld+json\" class=\"yoast-schema-graph\">{\"@context\":\"https:\\\/\\\/schema.org\",\"@graph\":[{\"@type\":\"WebPage\",\"@id\":\"https:\\\/\\\/clair.si\\\/izdelek\\\/cavalor-tradition-apple\\\/\",\"url\":\"https:\\\/\\\/clair.si\\\/izdelek\\\/cavalor-tradition-apple\\\/\",\"name\":\"Cavalor Tradition Apple - Clair\",\"isPartOf\":{\"@id\":\"https:\\\/\\\/clair.si\\\/#website\"},\"primaryImageOfPage\":{\"@id\":\"https:\\\/\\\/clair.si\\\/izdelek\\\/cavalor-tradition-apple\\\/#primaryimage\"},\"image\":{\"@id\":\"https:\\\/\\\/clair.si\\\/izdelek\\\/cavalor-tradition-apple\\\/#primaryimage\"},\"thumbnailUrl\":\"https:\\\/\\\/clair.si\\\/wp-content\\\/uploads\\\/2022\\\/11\\\/Tradition-Apple-Cavalor-Clair-trgovina-hrana-za-konje.webp\",\"datePublished\":\"2022-11-15T19:37:24+00:00\",\"dateModified\":\"2025-08-28T17:47:33+00:00\",\"description\":\"Cavalor Tradition Apple je krmna smjesa za konje koji obavljaju lak\u0161i posao ili samo za odr\u017eavanje. Formulirana je bez zobi \u2013 konja ne\u0107e zagrijati.\",\"breadcrumb\":{\"@id\":\"https:\\\/\\\/clair.si\\\/izdelek\\\/cavalor-tradition-apple\\\/#breadcrumb\"},\"inLanguage\":\"hr\",\"potentialAction\":[{\"@type\":\"ReadAction\",\"target\":[\"https:\\\/\\\/clair.si\\\/izdelek\\\/cavalor-tradition-apple\\\/\"]}]},{\"@type\":\"ImageObject\",\"inLanguage\":\"hr\",\"@id\":\"https:\\\/\\\/clair.si\\\/izdelek\\\/cavalor-tradition-apple\\\/#primaryimage\",\"url\":\"https:\\\/\\\/clair.si\\\/wp-content\\\/uploads\\\/2022\\\/11\\\/Tradition-Apple-Cavalor-Clair-trgovina-hrana-za-konje.webp\",\"contentUrl\":\"https:\\\/\\\/clair.si\\\/wp-content\\\/uploads\\\/2022\\\/11\\\/Tradition-Apple-Cavalor-Clair-trgovina-hrana-za-konje.webp\",\"width\":550,\"height\":550,\"caption\":\"Cavalor hrana za konje Tradition Apple\"},{\"@type\":\"BreadcrumbList\",\"@id\":\"https:\\\/\\\/clair.si\\\/izdelek\\\/cavalor-tradition-apple\\\/#breadcrumb\",\"itemListElement\":[{\"@type\":\"ListItem\",\"position\":1,\"name\":\"Home\",\"item\":\"https:\\\/\\\/clair.si\\\/hr\\\/\"},{\"@type\":\"ListItem\",\"position\":2,\"name\":\"Trgovina\",\"item\":\"https:\\\/\\\/clair.si\\\/trgovina\\\/\"},{\"@type\":\"ListItem\",\"position\":3,\"name\":\"Cavalor Tradition Apple\"}]},{\"@type\":\"WebSite\",\"@id\":\"https:\\\/\\\/clair.si\\\/#website\",\"url\":\"https:\\\/\\\/clair.si\\\/\",\"name\":\"Clair\",\"description\":\"Trgovina s konjeni\u0161ko opremo\",\"publisher\":{\"@id\":\"https:\\\/\\\/clair.si\\\/#organization\"},\"potentialAction\":[{\"@type\":\"SearchAction\",\"target\":{\"@type\":\"EntryPoint\",\"urlTemplate\":\"https:\\\/\\\/clair.si\\\/?s={search_term_string}\"},\"query-input\":{\"@type\":\"PropertyValueSpecification\",\"valueRequired\":true,\"valueName\":\"search_term_string\"}}],\"inLanguage\":\"hr\"},{\"@type\":\"Organization\",\"@id\":\"https:\\\/\\\/clair.si\\\/#organization\",\"name\":\"Clair\",\"url\":\"https:\\\/\\\/clair.si\\\/\",\"logo\":{\"@type\":\"ImageObject\",\"inLanguage\":\"hr\",\"@id\":\"https:\\\/\\\/clair.si\\\/#\\\/schema\\\/logo\\\/image\\\/\",\"url\":\"https:\\\/\\\/clair.si\\\/wp-content\\\/uploads\\\/2022\\\/11\\\/clair_logo_2022.jpg\",\"contentUrl\":\"https:\\\/\\\/clair.si\\\/wp-content\\\/uploads\\\/2022\\\/11\\\/clair_logo_2022.jpg\",\"width\":1920,\"height\":1920,\"caption\":\"Clair\"},\"image\":{\"@id\":\"https:\\\/\\\/clair.si\\\/#\\\/schema\\\/logo\\\/image\\\/\"},\"sameAs\":[\"https:\\\/\\\/www.facebook.com\\\/TrgovinaClair\\\/\"]}]}<\/script>\n<!-- \/ Yoast SEO plugin. -->","yoast_head_json":{"title":"Cavalor Tradition Apple - Clair","description":"Cavalor Tradition Apple je krmna smjesa za konje koji obavljaju lak\u0161i posao ili samo za odr\u017eavanje. Formulirana je bez zobi \u2013 konja ne\u0107e zagrijati.","robots":{"index":"index","follow":"follow","max-snippet":"max-snippet:-1","max-image-preview":"max-image-preview:large","max-video-preview":"max-video-preview:-1"},"canonical":"https:\/\/clair.si\/izdelek\/cavalor-tradition-apple\/","og_locale":"hr_HR","og_type":"article","og_title":"Cavalor Tradition Apple - Clair","og_description":"Cavalor Tradition Apple je krmna smjesa za konje koji obavljaju lak\u0161i posao ili samo za odr\u017eavanje. Formulirana je bez zobi \u2013 konja ne\u0107e zagrijati.","og_url":"https:\/\/clair.si\/izdelek\/cavalor-tradition-apple\/","og_site_name":"Clair","article_publisher":"https:\/\/www.facebook.com\/TrgovinaClair\/","article_modified_time":"2025-08-28T17:47:33+00:00","og_image":[{"width":550,"height":550,"url":"https:\/\/clair.si\/wp-content\/uploads\/2022\/11\/Tradition-Apple-Cavalor-Clair-trgovina-hrana-za-konje.webp","type":"image\/jpeg"}],"twitter_card":"summary_large_image","twitter_misc":{"Procijenjeno vrijeme \u010ditanja":"2 minute"},"schema":{"@context":"https:\/\/schema.org","@graph":[{"@type":"WebPage","@id":"https:\/\/clair.si\/izdelek\/cavalor-tradition-apple\/","url":"https:\/\/clair.si\/izdelek\/cavalor-tradition-apple\/","name":"Cavalor Tradition Apple - Clair","isPartOf":{"@id":"https:\/\/clair.si\/#website"},"primaryImageOfPage":{"@id":"https:\/\/clair.si\/izdelek\/cavalor-tradition-apple\/#primaryimage"},"image":{"@id":"https:\/\/clair.si\/izdelek\/cavalor-tradition-apple\/#primaryimage"},"thumbnailUrl":"https:\/\/clair.si\/wp-content\/uploads\/2022\/11\/Tradition-Apple-Cavalor-Clair-trgovina-hrana-za-konje.webp","datePublished":"2022-11-15T19:37:24+00:00","dateModified":"2025-08-28T17:47:33+00:00","description":"Cavalor Tradition Apple je krmna smjesa za konje koji obavljaju lak\u0161i posao ili samo za odr\u017eavanje. Formulirana je bez zobi \u2013 konja ne\u0107e zagrijati.","breadcrumb":{"@id":"https:\/\/clair.si\/izdelek\/cavalor-tradition-apple\/#breadcrumb"},"inLanguage":"hr","potentialAction":[{"@type":"ReadAction","target":["https:\/\/clair.si\/izdelek\/cavalor-tradition-apple\/"]}]},{"@type":"ImageObject","inLanguage":"hr","@id":"https:\/\/clair.si\/izdelek\/cavalor-tradition-apple\/#primaryimage","url":"https:\/\/clair.si\/wp-content\/uploads\/2022\/11\/Tradition-Apple-Cavalor-Clair-trgovina-hrana-za-konje.webp","contentUrl":"https:\/\/clair.si\/wp-content\/uploads\/2022\/11\/Tradition-Apple-Cavalor-Clair-trgovina-hrana-za-konje.webp","width":550,"height":550,"caption":"Cavalor hrana za konje Tradition Apple"},{"@type":"BreadcrumbList","@id":"https:\/\/clair.si\/izdelek\/cavalor-tradition-apple\/#breadcrumb","itemListElement":[{"@type":"ListItem","position":1,"name":"Home","item":"https:\/\/clair.si\/hr\/"},{"@type":"ListItem","position":2,"name":"Trgovina","item":"https:\/\/clair.si\/trgovina\/"},{"@type":"ListItem","position":3,"name":"Cavalor Tradition Apple"}]},{"@type":"WebSite","@id":"https:\/\/clair.si\/#website","url":"https:\/\/clair.si\/","name":"Clair","description":"Trgovina s konjeni\u0161ko opremo","publisher":{"@id":"https:\/\/clair.si\/#organization"},"potentialAction":[{"@type":"SearchAction","target":{"@type":"EntryPoint","urlTemplate":"https:\/\/clair.si\/?s={search_term_string}"},"query-input":{"@type":"PropertyValueSpecification","valueRequired":true,"valueName":"search_term_string"}}],"inLanguage":"hr"},{"@type":"Organization","@id":"https:\/\/clair.si\/#organization","name":"Clair","url":"https:\/\/clair.si\/","logo":{"@type":"ImageObject","inLanguage":"hr","@id":"https:\/\/clair.si\/#\/schema\/logo\/image\/","url":"https:\/\/clair.si\/wp-content\/uploads\/2022\/11\/clair_logo_2022.jpg","contentUrl":"https:\/\/clair.si\/wp-content\/uploads\/2022\/11\/clair_logo_2022.jpg","width":1920,"height":1920,"caption":"Clair"},"image":{"@id":"https:\/\/clair.si\/#\/schema\/logo\/image\/"},"sameAs":["https:\/\/www.facebook.com\/TrgovinaClair\/"]}]}},"_links":{"self":[{"href":"https:\/\/clair.si\/hr\/wp-json\/wp\/v2\/product\/99816","targetHints":{"allow":["GET"]}}],"collection":[{"href":"https:\/\/clair.si\/hr\/wp-json\/wp\/v2\/product"}],"about":[{"href":"https:\/\/clair.si\/hr\/wp-json\/wp\/v2\/types\/product"}],"version-history":[{"count":0,"href":"https:\/\/clair.si\/hr\/wp-json\/wp\/v2\/product\/99816\/revisions"}],"wp:featuredmedia":[{"embeddable":true,"href":"https:\/\/clair.si\/hr\/wp-json\/wp\/v2\/media\/99818"}],"wp:attachment":[{"href":"https:\/\/clair.si\/hr\/wp-json\/wp\/v2\/media?parent=99816"}],"wp:term":[{"taxonomy":"product_brand","embeddable":true,"href":"https:\/\/clair.si\/hr\/wp-json\/wp\/v2\/product_brand?post=99816"},{"taxonomy":"product_cat","embeddable":true,"href":"https:\/\/clair.si\/hr\/wp-json\/wp\/v2\/product_cat?post=99816"},{"taxonomy":"product_tag","embeddable":true,"href":"https:\/\/clair.si\/hr\/wp-json\/wp\/v2\/product_tag?post=99816"}],"curies":[{"name":"wp","href":"https:\/\/api.w.org\/{rel}","templated":true}]}}