{"id":99827,"date":"2022-11-16T17:04:21","date_gmt":"2022-11-16T16:04:21","guid":{"rendered":"https:\/\/clair.si\/izdelek\/cavalor-superforce\/"},"modified":"2025-08-28T19:47:17","modified_gmt":"2025-08-28T17:47:17","slug":"cavalor-superforce","status":"publish","type":"product","link":"https:\/\/clair.si\/hr\/izdelek\/cavalor-superforce\/","title":{"rendered":"Cavalor Superforce"},"content":{"rendered":"<p><span class=\"HwtZe\" lang=\"sl\"><span class=\"jCAhz ChMk0b\"><span class=\"ryNqvb\"><strong>Cavalor Superforce<\/strong> je krmna smjesa za sportske konje.<\/span><\/span> <span class=\"jCAhz ChMk0b\"><span class=\"ryNqvb\">Ova smjesa osigurava brzo osloba\u0111anje energije za eksplozivan, kratkotrajan napor.<\/span><\/span> <span class=\"jCAhz ChMk0b\"><span class=\"ryNqvb\">Sadr\u017ei ekspandirane \u017eitarice za jednostavnu probavu te pre- i probiotike za optimalno funkcioniranje crijeva i sna\u017enu prirodnu obranu.<\/span><\/span> <span class=\"jCAhz ChMk0b\"><span class=\"ryNqvb\">Minerali poma\u017eu pri rehidraciji te podupiru kosti i mi\u0161i\u0107e tijekom dugotrajnog napora.<\/span><\/span> <span class=\"jCAhz ChMk0b\"><span class=\"ryNqvb\">Ovaj uravnote\u017eeni sastav osigurava pravi energetski poticaj za u\u010dinkovitost.<\/span><\/span><\/span><\/p>\n<p><strong>Sastav: <\/strong><em>p<span class=\"HwtZe\" lang=\"sl\"><span class=\"jCAhz ChMk0b\"><span class=\"ryNqvb\"><em>p<\/em>\u0161eni\u010dna smjesa, <\/span><\/span>e <span class=\"jCAhz ChMk0b\"><span class=\"ryNqvb\">kspandirani kukuruz (10%)<\/span><\/span>, l <span class=\"jCAhz ChMk0b\"><span class=\"ryNqvb\">anene ljuske, <\/span><\/span>e <span class=\"jCAhz ChMk0b\"><span class=\"ryNqvb\">kspandirana p\u0161enica (5%)<\/span><\/span>, p <span class=\"jCAhz ChMk0b\"><span class=\"ryNqvb\">\u0161eni\u010dne mekinje<\/span><\/span>, p <span class=\"jCAhz ChMk0b\"><span class=\"ryNqvb\">r\u017eena zrna soje,<\/span><\/span> <span class=\"jCAhz ChMk0b\"><span class=\"ryNqvb\">ekspandirani je\u010dam (3,5%)<\/span><\/span>, p<span class=\"jCAhz ChMk0b\"><span class=\"ryNqvb\">esna melasa, k<\/span><\/span><span class=\"jCAhz ChMk0b\"><span class=\"ryNqvb\">osmi\u010di konjskog graha, s<\/span><\/span><span class=\"jCAhz ChMk0b\"><span class=\"ryNqvb\">ojino ulje<\/span><\/span>, m <span class=\"jCAhz ChMk0b\"><span class=\"ryNqvb\">oka iz sjemenki suncokreta<\/span><\/span>, l<span class=\"jCAhz ChMk0b\"><span class=\"ryNqvb\">upine pira,<\/span><\/span> <span class=\"jCAhz ChMk0b\"><span class=\"ryNqvb\">lucerna,<\/span><\/span> <span class=\"jCAhz ChMk0b\"><span class=\"ryNqvb\">k<\/span><\/span><span class=\"jCAhz ChMk0b\"><span class=\"ryNqvb\">vasovke,<\/span><\/span> m <span class=\"jCAhz ChMk0b\"><span class=\"ryNqvb\">oka iz sjemena uljane repice,<\/span><\/span> <span class=\"jCAhz ChMk0b\"><span class=\"ryNqvb\">laneno sjeme,<\/span><\/span> n <span class=\"jCAhz ChMk0b\"><span class=\"ryNqvb\">atrijev klorid<\/span><\/span>, k<span class=\"jCAhz ChMk0b\"><span class=\"ryNqvb\">Kalcijev magnezijev karbonat<\/span><\/span>, n <span class=\"jCAhz ChMk0b\"><span class=\"ryNqvb\">atrijev bikarbonat, h<\/span><\/span><span class=\"jCAhz ChMk0b\"><span class=\"ryNqvb\">idrirani magnezijev silikat<\/span><\/span>, p<span class=\"jCAhz ChMk0b\"><span class=\"ryNqvb\">poga\u010da palminih jezgri.<\/span><\/span><\/span><\/em><\/p>\n<p>Analiti\u010dki sastav po kg: prob. energija 12,7 mg, prob. sirovi proteini 9,55 %, sirovi proteini 12,5 %, sirova vlakna 9 %, fosfor 0,6 %, sirova mast 6 %, kalcij 0,7 %, natrij 0,45 %, sirovi pepeo 6,5 %, magnezij 0,3 %, \u0161e\u0107er 4 %, \u0161krob 32 %<\/p>\n<p>Hranjivo fiziolo\u0161ki dodatni sastojci po kg: vitamin A 10.500 I.U., vitamin D3 1.500 I.U., vitamin E 300 mg, vitamin B1 12 mg, vitamin B2 13 mg, kalcijev D-pantotenat (3a841) 25 mg, vitamin B6 2,5 mg, vitamin B12 0,03 mg, biotin 200 \u00b5g, kolin klorid 260 mg, \u017eeljezo E1 kao \u017eeljezov-(II)-sulfat monohidrat 50 mg, jod kao kalcijev jodat, bezvodni (3b202) 1,25 mg, kobalt kao oblo\u017een kobalt-II-karbonat-granulat 0,3 mg, bakar kao pentahidrat bakrovog sulfata 20 mg, bakar kao dibakrov klorid trihidroksid 6 mg, mangan kao manganov-II-sulfat-monohidrat E5 113 mg, mangan E5 kao aminokiselinski-manganov kelat, hidrat 15 mg, Cink kao cinkov sulfat monohidrat 95 mg, cink kao cinkov klorid hidroksid monohidrat 15 mg, selen E8 kao natrijev selenit 0,24 mg, L-selenometionin 0,2 mg<\/p>\n<div class=\"p-details__content --wysiwyg\">\n<p>Posebni sportski misliji bogati su \u017eitaricama i mastima. Idealni su za hranjenje vrlo aktivnih natjecateljskih konja kako u skakanju tako i pri utrkama.<\/p>\n<p><strong>Preporuke: <\/strong>Najmanje 500 g na 100 kg \/ dan ili Najvi\u0161e 800 g na 100 kg \/ dan<\/p>\n<p>Hranite 20% Cavalor\u00ae Superforce i 80% trenutne hrane i 80% Superforce s 20% trenutne hrane na dan natjecanja<\/p>\n<\/div>\n","protected":false},"excerpt":{"rendered":"<p><strong>Za ovaj proizvod se zbog dimenzija ili te\u017eine napla\u0107uju dodatni tro\u0161kovi dostave u iznosu od 15 \u20ac \/ kom.<\/strong><\/p>\n<ul>\n<li><span class=\"HwtZe\" lang=\"sl\"><span class=\"jCAhz ChMk0b\"><span class=\"ryNqvb\">trenutna eksplozivna energija<\/span><\/span> <\/span><\/li>\n<li><span class=\"HwtZe\" lang=\"sl\">l<span class=\"jCAhz ChMk0b\"><span class=\"ryNqvb\">ako probavljivo<\/span><\/span> <\/span><\/li>\n<li><span class=\"HwtZe\" lang=\"sl\"><span class=\"jCAhz ChMk0b\"><span class=\"ryNqvb\"> sadr\u017ei pre- i probiotike<\/span><\/span> <\/span><\/li>\n<li><span class=\"HwtZe\" lang=\"sl\">s<span class=\"jCAhz ChMk0b\"><span class=\"ryNqvb\">adr\u017ei minerale i vitamine koji su bitni za eksplozivne sportske rezultate<\/span><\/span><\/span><\/li>\n<\/ul>\n<p><strong>Koli\u010dina: 20 kg<\/strong><\/p>\n","protected":false},"featured_media":99830,"template":"","meta":{"footnotes":""},"product_brand":[],"product_cat":[5711,5710],"product_tag":[],"class_list":{"0":"post-99827","1":"product","2":"type-product","3":"status-publish","4":"has-post-thumbnail","6":"product_cat-hrana-i-prehrambeni-dodaci-cavalor","7":"product_cat-hrana-za-konje-hr","8":"product_shipping_class-marstall-hr","10":"first","11":"instock","12":"shipping-taxable","13":"purchasable","14":"product-type-simple"},"yoast_head":"<!-- This site is optimized with the Yoast SEO plugin v27.4 - https:\/\/yoast.com\/product\/yoast-seo-wordpress\/ -->\n<title>Cavalor Superforce - Clair<\/title>\n<meta name=\"description\" content=\"Cavalor Superforce je krmna smjesa za sportske konje. Ova smjesa osigurava brzo osloba\u0111anje energije za eksplozivan, kratkotrajan napor.\" \/>\n<meta name=\"robots\" content=\"index, follow, max-snippet:-1, max-image-preview:large, max-video-preview:-1\" \/>\n<link rel=\"canonical\" href=\"https:\/\/clair.si\/izdelek\/cavalor-superforce\/\" \/>\n<meta property=\"og:locale\" content=\"hr_HR\" \/>\n<meta property=\"og:type\" content=\"article\" \/>\n<meta property=\"og:title\" content=\"Cavalor Superforce - Clair\" \/>\n<meta property=\"og:description\" content=\"Cavalor Superforce je krmna smjesa za sportske konje. Ova smjesa osigurava brzo osloba\u0111anje energije za eksplozivan, kratkotrajan napor.\" \/>\n<meta property=\"og:url\" content=\"https:\/\/clair.si\/izdelek\/cavalor-superforce\/\" \/>\n<meta property=\"og:site_name\" content=\"Clair\" \/>\n<meta property=\"article:publisher\" content=\"https:\/\/www.facebook.com\/TrgovinaClair\/\" \/>\n<meta property=\"article:modified_time\" content=\"2025-08-28T17:47:17+00:00\" \/>\n<meta property=\"og:image\" content=\"https:\/\/clair.si\/wp-content\/uploads\/2022\/11\/Superforce-hrana-za-konje-cavalor-trgovina-Clair1.webp\" \/>\n\t<meta property=\"og:image:width\" content=\"600\" \/>\n\t<meta property=\"og:image:height\" content=\"600\" \/>\n\t<meta property=\"og:image:type\" content=\"image\/jpeg\" \/>\n<meta name=\"twitter:card\" content=\"summary_large_image\" \/>\n<meta name=\"twitter:label1\" content=\"Procijenjeno vrijeme \u010ditanja\" \/>\n\t<meta name=\"twitter:data1\" content=\"3 minute\" \/>\n<script type=\"application\/ld+json\" class=\"yoast-schema-graph\">{\"@context\":\"https:\\\/\\\/schema.org\",\"@graph\":[{\"@type\":\"WebPage\",\"@id\":\"https:\\\/\\\/clair.si\\\/izdelek\\\/cavalor-superforce\\\/\",\"url\":\"https:\\\/\\\/clair.si\\\/izdelek\\\/cavalor-superforce\\\/\",\"name\":\"Cavalor Superforce - Clair\",\"isPartOf\":{\"@id\":\"https:\\\/\\\/clair.si\\\/#website\"},\"primaryImageOfPage\":{\"@id\":\"https:\\\/\\\/clair.si\\\/izdelek\\\/cavalor-superforce\\\/#primaryimage\"},\"image\":{\"@id\":\"https:\\\/\\\/clair.si\\\/izdelek\\\/cavalor-superforce\\\/#primaryimage\"},\"thumbnailUrl\":\"https:\\\/\\\/clair.si\\\/wp-content\\\/uploads\\\/2022\\\/11\\\/Superforce-hrana-za-konje-cavalor-trgovina-Clair1.webp\",\"datePublished\":\"2022-11-16T16:04:21+00:00\",\"dateModified\":\"2025-08-28T17:47:17+00:00\",\"description\":\"Cavalor Superforce je krmna smjesa za sportske konje. Ova smjesa osigurava brzo osloba\u0111anje energije za eksplozivan, kratkotrajan napor.\",\"breadcrumb\":{\"@id\":\"https:\\\/\\\/clair.si\\\/izdelek\\\/cavalor-superforce\\\/#breadcrumb\"},\"inLanguage\":\"hr\",\"potentialAction\":[{\"@type\":\"ReadAction\",\"target\":[\"https:\\\/\\\/clair.si\\\/izdelek\\\/cavalor-superforce\\\/\"]}]},{\"@type\":\"ImageObject\",\"inLanguage\":\"hr\",\"@id\":\"https:\\\/\\\/clair.si\\\/izdelek\\\/cavalor-superforce\\\/#primaryimage\",\"url\":\"https:\\\/\\\/clair.si\\\/wp-content\\\/uploads\\\/2022\\\/11\\\/Superforce-hrana-za-konje-cavalor-trgovina-Clair1.webp\",\"contentUrl\":\"https:\\\/\\\/clair.si\\\/wp-content\\\/uploads\\\/2022\\\/11\\\/Superforce-hrana-za-konje-cavalor-trgovina-Clair1.webp\",\"width\":600,\"height\":600,\"caption\":\"Cavalor Superforce hrana za konje\"},{\"@type\":\"BreadcrumbList\",\"@id\":\"https:\\\/\\\/clair.si\\\/izdelek\\\/cavalor-superforce\\\/#breadcrumb\",\"itemListElement\":[{\"@type\":\"ListItem\",\"position\":1,\"name\":\"Home\",\"item\":\"https:\\\/\\\/clair.si\\\/hr\\\/\"},{\"@type\":\"ListItem\",\"position\":2,\"name\":\"Trgovina\",\"item\":\"https:\\\/\\\/clair.si\\\/trgovina\\\/\"},{\"@type\":\"ListItem\",\"position\":3,\"name\":\"Cavalor Superforce\"}]},{\"@type\":\"WebSite\",\"@id\":\"https:\\\/\\\/clair.si\\\/#website\",\"url\":\"https:\\\/\\\/clair.si\\\/\",\"name\":\"Clair\",\"description\":\"Trgovina s konjeni\u0161ko opremo\",\"publisher\":{\"@id\":\"https:\\\/\\\/clair.si\\\/#organization\"},\"potentialAction\":[{\"@type\":\"SearchAction\",\"target\":{\"@type\":\"EntryPoint\",\"urlTemplate\":\"https:\\\/\\\/clair.si\\\/?s={search_term_string}\"},\"query-input\":{\"@type\":\"PropertyValueSpecification\",\"valueRequired\":true,\"valueName\":\"search_term_string\"}}],\"inLanguage\":\"hr\"},{\"@type\":\"Organization\",\"@id\":\"https:\\\/\\\/clair.si\\\/#organization\",\"name\":\"Clair\",\"url\":\"https:\\\/\\\/clair.si\\\/\",\"logo\":{\"@type\":\"ImageObject\",\"inLanguage\":\"hr\",\"@id\":\"https:\\\/\\\/clair.si\\\/#\\\/schema\\\/logo\\\/image\\\/\",\"url\":\"https:\\\/\\\/clair.si\\\/wp-content\\\/uploads\\\/2022\\\/11\\\/clair_logo_2022.jpg\",\"contentUrl\":\"https:\\\/\\\/clair.si\\\/wp-content\\\/uploads\\\/2022\\\/11\\\/clair_logo_2022.jpg\",\"width\":1920,\"height\":1920,\"caption\":\"Clair\"},\"image\":{\"@id\":\"https:\\\/\\\/clair.si\\\/#\\\/schema\\\/logo\\\/image\\\/\"},\"sameAs\":[\"https:\\\/\\\/www.facebook.com\\\/TrgovinaClair\\\/\"]}]}<\/script>\n<!-- \/ Yoast SEO plugin. -->","yoast_head_json":{"title":"Cavalor Superforce - Clair","description":"Cavalor Superforce je krmna smjesa za sportske konje. Ova smjesa osigurava brzo osloba\u0111anje energije za eksplozivan, kratkotrajan napor.","robots":{"index":"index","follow":"follow","max-snippet":"max-snippet:-1","max-image-preview":"max-image-preview:large","max-video-preview":"max-video-preview:-1"},"canonical":"https:\/\/clair.si\/izdelek\/cavalor-superforce\/","og_locale":"hr_HR","og_type":"article","og_title":"Cavalor Superforce - Clair","og_description":"Cavalor Superforce je krmna smjesa za sportske konje. Ova smjesa osigurava brzo osloba\u0111anje energije za eksplozivan, kratkotrajan napor.","og_url":"https:\/\/clair.si\/izdelek\/cavalor-superforce\/","og_site_name":"Clair","article_publisher":"https:\/\/www.facebook.com\/TrgovinaClair\/","article_modified_time":"2025-08-28T17:47:17+00:00","og_image":[{"width":600,"height":600,"url":"https:\/\/clair.si\/wp-content\/uploads\/2022\/11\/Superforce-hrana-za-konje-cavalor-trgovina-Clair1.webp","type":"image\/jpeg"}],"twitter_card":"summary_large_image","twitter_misc":{"Procijenjeno vrijeme \u010ditanja":"3 minute"},"schema":{"@context":"https:\/\/schema.org","@graph":[{"@type":"WebPage","@id":"https:\/\/clair.si\/izdelek\/cavalor-superforce\/","url":"https:\/\/clair.si\/izdelek\/cavalor-superforce\/","name":"Cavalor Superforce - Clair","isPartOf":{"@id":"https:\/\/clair.si\/#website"},"primaryImageOfPage":{"@id":"https:\/\/clair.si\/izdelek\/cavalor-superforce\/#primaryimage"},"image":{"@id":"https:\/\/clair.si\/izdelek\/cavalor-superforce\/#primaryimage"},"thumbnailUrl":"https:\/\/clair.si\/wp-content\/uploads\/2022\/11\/Superforce-hrana-za-konje-cavalor-trgovina-Clair1.webp","datePublished":"2022-11-16T16:04:21+00:00","dateModified":"2025-08-28T17:47:17+00:00","description":"Cavalor Superforce je krmna smjesa za sportske konje. Ova smjesa osigurava brzo osloba\u0111anje energije za eksplozivan, kratkotrajan napor.","breadcrumb":{"@id":"https:\/\/clair.si\/izdelek\/cavalor-superforce\/#breadcrumb"},"inLanguage":"hr","potentialAction":[{"@type":"ReadAction","target":["https:\/\/clair.si\/izdelek\/cavalor-superforce\/"]}]},{"@type":"ImageObject","inLanguage":"hr","@id":"https:\/\/clair.si\/izdelek\/cavalor-superforce\/#primaryimage","url":"https:\/\/clair.si\/wp-content\/uploads\/2022\/11\/Superforce-hrana-za-konje-cavalor-trgovina-Clair1.webp","contentUrl":"https:\/\/clair.si\/wp-content\/uploads\/2022\/11\/Superforce-hrana-za-konje-cavalor-trgovina-Clair1.webp","width":600,"height":600,"caption":"Cavalor Superforce hrana za konje"},{"@type":"BreadcrumbList","@id":"https:\/\/clair.si\/izdelek\/cavalor-superforce\/#breadcrumb","itemListElement":[{"@type":"ListItem","position":1,"name":"Home","item":"https:\/\/clair.si\/hr\/"},{"@type":"ListItem","position":2,"name":"Trgovina","item":"https:\/\/clair.si\/trgovina\/"},{"@type":"ListItem","position":3,"name":"Cavalor Superforce"}]},{"@type":"WebSite","@id":"https:\/\/clair.si\/#website","url":"https:\/\/clair.si\/","name":"Clair","description":"Trgovina s konjeni\u0161ko opremo","publisher":{"@id":"https:\/\/clair.si\/#organization"},"potentialAction":[{"@type":"SearchAction","target":{"@type":"EntryPoint","urlTemplate":"https:\/\/clair.si\/?s={search_term_string}"},"query-input":{"@type":"PropertyValueSpecification","valueRequired":true,"valueName":"search_term_string"}}],"inLanguage":"hr"},{"@type":"Organization","@id":"https:\/\/clair.si\/#organization","name":"Clair","url":"https:\/\/clair.si\/","logo":{"@type":"ImageObject","inLanguage":"hr","@id":"https:\/\/clair.si\/#\/schema\/logo\/image\/","url":"https:\/\/clair.si\/wp-content\/uploads\/2022\/11\/clair_logo_2022.jpg","contentUrl":"https:\/\/clair.si\/wp-content\/uploads\/2022\/11\/clair_logo_2022.jpg","width":1920,"height":1920,"caption":"Clair"},"image":{"@id":"https:\/\/clair.si\/#\/schema\/logo\/image\/"},"sameAs":["https:\/\/www.facebook.com\/TrgovinaClair\/"]}]}},"_links":{"self":[{"href":"https:\/\/clair.si\/hr\/wp-json\/wp\/v2\/product\/99827","targetHints":{"allow":["GET"]}}],"collection":[{"href":"https:\/\/clair.si\/hr\/wp-json\/wp\/v2\/product"}],"about":[{"href":"https:\/\/clair.si\/hr\/wp-json\/wp\/v2\/types\/product"}],"version-history":[{"count":0,"href":"https:\/\/clair.si\/hr\/wp-json\/wp\/v2\/product\/99827\/revisions"}],"wp:featuredmedia":[{"embeddable":true,"href":"https:\/\/clair.si\/hr\/wp-json\/wp\/v2\/media\/99830"}],"wp:attachment":[{"href":"https:\/\/clair.si\/hr\/wp-json\/wp\/v2\/media?parent=99827"}],"wp:term":[{"taxonomy":"product_brand","embeddable":true,"href":"https:\/\/clair.si\/hr\/wp-json\/wp\/v2\/product_brand?post=99827"},{"taxonomy":"product_cat","embeddable":true,"href":"https:\/\/clair.si\/hr\/wp-json\/wp\/v2\/product_cat?post=99827"},{"taxonomy":"product_tag","embeddable":true,"href":"https:\/\/clair.si\/hr\/wp-json\/wp\/v2\/product_tag?post=99827"}],"curies":[{"name":"wp","href":"https:\/\/api.w.org\/{rel}","templated":true}]}}