{"id":99842,"date":"2023-01-13T11:14:26","date_gmt":"2023-01-13T10:14:26","guid":{"rendered":"https:\/\/clair.si\/izdelek\/visenamjenska-podsedlica-eskadron-cotton-basic-vs\/"},"modified":"2025-10-20T12:39:08","modified_gmt":"2025-10-20T10:39:08","slug":"visenamjenska-podsedlica-eskadron-cotton-basic-vs","status":"publish","type":"product","link":"https:\/\/clair.si\/hr\/izdelek\/visenamjenska-podsedlica-eskadron-cotton-basic-vs\/","title":{"rendered":"Vi\u0161enamjenska podsedlica Eskadron Cotton Basic VS"},"content":{"rendered":"<p><strong>Vi\u0161enamjenska podsedlica Eskadron Cotton Basic:<\/strong><\/p>\n<ul>\n<li><span class=\"HwtZe\" lang=\"sl\">s <span class=\"jCAhz ChMk0b\"><span class=\"ryNqvb\">gornji i donji dio podsedlice od pamuka<\/span><\/span><\/span><\/li>\n<li><span class=\"HwtZe\" lang=\"sl\"> <span class=\"jCAhz ChMk0b\"><span class=\"ryNqvb\">dimenzijski stabilan kompaktni ulo\u017eak od poli pjene<\/span><\/span> <\/span><\/li>\n<li><span class=\"HwtZe\" lang=\"sl\"><span class=\"jCAhz ChMk0b\"><span class=\"ryNqvb\">odli\u010dna vrijednost za novac<\/span><\/span> <\/span><\/li>\n<li><span class=\"HwtZe\" lang=\"sl\"><span class=\"jCAhz ChMk0b\"><span class=\"ryNqvb\">idealna za trening<\/span><\/span><\/span><\/li>\n<li><span class=\"HwtZe\" lang=\"sl\"> <span class=\"jCAhz ChMk0b\"><span class=\"ryNqvb\">savr\u0161ena za vezenje <\/span><\/span><\/span><\/li>\n<\/ul>\n<p><strong><span class=\"HwtZe\" lang=\"sl\"> <span class=\"jCAhz ChMk0b\"><span class=\"ryNqvb\">Original iz Eskadrona!<\/span><\/span> <\/span><\/strong><\/p>\n<p><span class=\"HwtZe\" lang=\"sl\">M<span class=\"jCAhz ChMk0b\"><span class=\"ryNqvb\">aterijal<\/span><\/span> <span class=\"jCAhz ChMk0b\"><span class=\"ryNqvb\">100% pamuk.<br \/>\n<\/span><\/span><\/span><\/p>\n","protected":false},"excerpt":{"rendered":"<ul>\n<li>vje\u010dni klasik Eskadron kolekcije<\/li>\n<li>100% pamuk<\/li>\n<li>jednostavno za odr\u017eavanje<\/li>\n<\/ul>\n","protected":false},"featured_media":107929,"template":"","meta":{"footnotes":""},"product_brand":[],"product_cat":[5624,5729,5726,5728],"product_tag":[],"class_list":{"0":"post-99842","1":"product","2":"type-product","3":"status-publish","4":"has-post-thumbnail","6":"product_cat-konj-hr","7":"product_cat-pikeur-eskadron-hr","8":"product_cat-podsedlice-i-kapice-za-usi","9":"product_cat-visenamjenske-i-skakacke-podsedlice","11":"first","12":"instock","13":"sale","14":"featured","15":"shipping-taxable","16":"purchasable","17":"product-type-variable"},"yoast_head":"<!-- This site is optimized with the Yoast SEO plugin v27.4 - https:\/\/yoast.com\/product\/yoast-seo-wordpress\/ -->\n<title>Vi\u0161enamjenska podsedlica Eskadron Cotton Basic VS - Clair<\/title>\n<meta name=\"description\" content=\"Podsedlica Eskadron Cotton Basic izra\u0111ena od 100% pamuka i punjena poli pjenom, savr\u0161ena za svakodnevne treninge. Periva u perilici rublja.\" \/>\n<meta name=\"robots\" content=\"index, follow, max-snippet:-1, max-image-preview:large, max-video-preview:-1\" \/>\n<link rel=\"canonical\" href=\"https:\/\/clair.si\/hr\/izdelek\/visenamjenska-podsedlica-eskadron-cotton-basic-vs\/\" \/>\n<meta property=\"og:locale\" content=\"hr_HR\" \/>\n<meta property=\"og:type\" content=\"article\" \/>\n<meta property=\"og:title\" content=\"Vi\u0161enamjenska podsedlica Eskadron Cotton Basic VS - Clair\" \/>\n<meta property=\"og:description\" content=\"Podsedlica Eskadron Cotton Basic izra\u0111ena od 100% pamuka i punjena poli pjenom, savr\u0161ena za svakodnevne treninge. Periva u perilici rublja.\" \/>\n<meta property=\"og:url\" content=\"https:\/\/clair.si\/hr\/izdelek\/visenamjenska-podsedlica-eskadron-cotton-basic-vs\/\" \/>\n<meta property=\"og:site_name\" content=\"Clair\" \/>\n<meta property=\"article:publisher\" content=\"https:\/\/www.facebook.com\/TrgovinaClair\/\" \/>\n<meta property=\"article:modified_time\" content=\"2025-10-20T10:39:08+00:00\" \/>\n<meta property=\"og:image\" content=\"https:\/\/clair.si\/wp-content\/uploads\/2024\/10\/podsedelnica-eskadron-cotton-basic-VS-naravna-jpg.avif\" \/>\n\t<meta property=\"og:image:width\" content=\"667\" \/>\n\t<meta property=\"og:image:height\" content=\"667\" \/>\n\t<meta property=\"og:image:type\" content=\"image\/jpeg\" \/>\n<meta name=\"twitter:card\" content=\"summary_large_image\" \/>\n<script type=\"application\/ld+json\" class=\"yoast-schema-graph\">{\"@context\":\"https:\\\/\\\/schema.org\",\"@graph\":[{\"@type\":\"WebPage\",\"@id\":\"https:\\\/\\\/clair.si\\\/hr\\\/izdelek\\\/visenamjenska-podsedlica-eskadron-cotton-basic-vs\\\/\",\"url\":\"https:\\\/\\\/clair.si\\\/hr\\\/izdelek\\\/visenamjenska-podsedlica-eskadron-cotton-basic-vs\\\/\",\"name\":\"Vi\u0161enamjenska podsedlica Eskadron Cotton Basic VS - Clair\",\"isPartOf\":{\"@id\":\"https:\\\/\\\/clair.si\\\/#website\"},\"primaryImageOfPage\":{\"@id\":\"https:\\\/\\\/clair.si\\\/hr\\\/izdelek\\\/visenamjenska-podsedlica-eskadron-cotton-basic-vs\\\/#primaryimage\"},\"image\":{\"@id\":\"https:\\\/\\\/clair.si\\\/hr\\\/izdelek\\\/visenamjenska-podsedlica-eskadron-cotton-basic-vs\\\/#primaryimage\"},\"thumbnailUrl\":\"https:\\\/\\\/clair.si\\\/wp-content\\\/uploads\\\/2024\\\/10\\\/podsedelnica-eskadron-cotton-basic-VS-naravna-jpg.avif\",\"datePublished\":\"2023-01-13T10:14:26+00:00\",\"dateModified\":\"2025-10-20T10:39:08+00:00\",\"description\":\"Podsedlica Eskadron Cotton Basic izra\u0111ena od 100% pamuka i punjena poli pjenom, savr\u0161ena za svakodnevne treninge. Periva u perilici rublja.\",\"breadcrumb\":{\"@id\":\"https:\\\/\\\/clair.si\\\/hr\\\/izdelek\\\/visenamjenska-podsedlica-eskadron-cotton-basic-vs\\\/#breadcrumb\"},\"inLanguage\":\"hr\",\"potentialAction\":[{\"@type\":\"ReadAction\",\"target\":[\"https:\\\/\\\/clair.si\\\/hr\\\/izdelek\\\/visenamjenska-podsedlica-eskadron-cotton-basic-vs\\\/\"]}]},{\"@type\":\"ImageObject\",\"inLanguage\":\"hr\",\"@id\":\"https:\\\/\\\/clair.si\\\/hr\\\/izdelek\\\/visenamjenska-podsedlica-eskadron-cotton-basic-vs\\\/#primaryimage\",\"url\":\"https:\\\/\\\/clair.si\\\/wp-content\\\/uploads\\\/2024\\\/10\\\/podsedelnica-eskadron-cotton-basic-VS-naravna-jpg.avif\",\"contentUrl\":\"https:\\\/\\\/clair.si\\\/wp-content\\\/uploads\\\/2024\\\/10\\\/podsedelnica-eskadron-cotton-basic-VS-naravna-jpg.avif\",\"width\":667,\"height\":667},{\"@type\":\"BreadcrumbList\",\"@id\":\"https:\\\/\\\/clair.si\\\/hr\\\/izdelek\\\/visenamjenska-podsedlica-eskadron-cotton-basic-vs\\\/#breadcrumb\",\"itemListElement\":[{\"@type\":\"ListItem\",\"position\":1,\"name\":\"Home\",\"item\":\"https:\\\/\\\/clair.si\\\/hr\\\/\"},{\"@type\":\"ListItem\",\"position\":2,\"name\":\"Trgovina\",\"item\":\"https:\\\/\\\/clair.si\\\/trgovina\\\/\"},{\"@type\":\"ListItem\",\"position\":3,\"name\":\"Vi\u0161enamjenska podsedlica Eskadron Cotton Basic VS\"}]},{\"@type\":\"WebSite\",\"@id\":\"https:\\\/\\\/clair.si\\\/#website\",\"url\":\"https:\\\/\\\/clair.si\\\/\",\"name\":\"Clair\",\"description\":\"Trgovina s konjeni\u0161ko opremo\",\"publisher\":{\"@id\":\"https:\\\/\\\/clair.si\\\/#organization\"},\"potentialAction\":[{\"@type\":\"SearchAction\",\"target\":{\"@type\":\"EntryPoint\",\"urlTemplate\":\"https:\\\/\\\/clair.si\\\/?s={search_term_string}\"},\"query-input\":{\"@type\":\"PropertyValueSpecification\",\"valueRequired\":true,\"valueName\":\"search_term_string\"}}],\"inLanguage\":\"hr\"},{\"@type\":\"Organization\",\"@id\":\"https:\\\/\\\/clair.si\\\/#organization\",\"name\":\"Clair\",\"url\":\"https:\\\/\\\/clair.si\\\/\",\"logo\":{\"@type\":\"ImageObject\",\"inLanguage\":\"hr\",\"@id\":\"https:\\\/\\\/clair.si\\\/#\\\/schema\\\/logo\\\/image\\\/\",\"url\":\"https:\\\/\\\/clair.si\\\/wp-content\\\/uploads\\\/2022\\\/11\\\/clair_logo_2022.jpg\",\"contentUrl\":\"https:\\\/\\\/clair.si\\\/wp-content\\\/uploads\\\/2022\\\/11\\\/clair_logo_2022.jpg\",\"width\":1920,\"height\":1920,\"caption\":\"Clair\"},\"image\":{\"@id\":\"https:\\\/\\\/clair.si\\\/#\\\/schema\\\/logo\\\/image\\\/\"},\"sameAs\":[\"https:\\\/\\\/www.facebook.com\\\/TrgovinaClair\\\/\"]}]}<\/script>\n<!-- \/ Yoast SEO plugin. -->","yoast_head_json":{"title":"Vi\u0161enamjenska podsedlica Eskadron Cotton Basic VS - Clair","description":"Podsedlica Eskadron Cotton Basic izra\u0111ena od 100% pamuka i punjena poli pjenom, savr\u0161ena za svakodnevne treninge. Periva u perilici rublja.","robots":{"index":"index","follow":"follow","max-snippet":"max-snippet:-1","max-image-preview":"max-image-preview:large","max-video-preview":"max-video-preview:-1"},"canonical":"https:\/\/clair.si\/hr\/izdelek\/visenamjenska-podsedlica-eskadron-cotton-basic-vs\/","og_locale":"hr_HR","og_type":"article","og_title":"Vi\u0161enamjenska podsedlica Eskadron Cotton Basic VS - Clair","og_description":"Podsedlica Eskadron Cotton Basic izra\u0111ena od 100% pamuka i punjena poli pjenom, savr\u0161ena za svakodnevne treninge. Periva u perilici rublja.","og_url":"https:\/\/clair.si\/hr\/izdelek\/visenamjenska-podsedlica-eskadron-cotton-basic-vs\/","og_site_name":"Clair","article_publisher":"https:\/\/www.facebook.com\/TrgovinaClair\/","article_modified_time":"2025-10-20T10:39:08+00:00","og_image":[{"width":667,"height":667,"url":"https:\/\/clair.si\/wp-content\/uploads\/2024\/10\/podsedelnica-eskadron-cotton-basic-VS-naravna-jpg.avif","type":"image\/jpeg"}],"twitter_card":"summary_large_image","schema":{"@context":"https:\/\/schema.org","@graph":[{"@type":"WebPage","@id":"https:\/\/clair.si\/hr\/izdelek\/visenamjenska-podsedlica-eskadron-cotton-basic-vs\/","url":"https:\/\/clair.si\/hr\/izdelek\/visenamjenska-podsedlica-eskadron-cotton-basic-vs\/","name":"Vi\u0161enamjenska podsedlica Eskadron Cotton Basic VS - Clair","isPartOf":{"@id":"https:\/\/clair.si\/#website"},"primaryImageOfPage":{"@id":"https:\/\/clair.si\/hr\/izdelek\/visenamjenska-podsedlica-eskadron-cotton-basic-vs\/#primaryimage"},"image":{"@id":"https:\/\/clair.si\/hr\/izdelek\/visenamjenska-podsedlica-eskadron-cotton-basic-vs\/#primaryimage"},"thumbnailUrl":"https:\/\/clair.si\/wp-content\/uploads\/2024\/10\/podsedelnica-eskadron-cotton-basic-VS-naravna-jpg.avif","datePublished":"2023-01-13T10:14:26+00:00","dateModified":"2025-10-20T10:39:08+00:00","description":"Podsedlica Eskadron Cotton Basic izra\u0111ena od 100% pamuka i punjena poli pjenom, savr\u0161ena za svakodnevne treninge. Periva u perilici rublja.","breadcrumb":{"@id":"https:\/\/clair.si\/hr\/izdelek\/visenamjenska-podsedlica-eskadron-cotton-basic-vs\/#breadcrumb"},"inLanguage":"hr","potentialAction":[{"@type":"ReadAction","target":["https:\/\/clair.si\/hr\/izdelek\/visenamjenska-podsedlica-eskadron-cotton-basic-vs\/"]}]},{"@type":"ImageObject","inLanguage":"hr","@id":"https:\/\/clair.si\/hr\/izdelek\/visenamjenska-podsedlica-eskadron-cotton-basic-vs\/#primaryimage","url":"https:\/\/clair.si\/wp-content\/uploads\/2024\/10\/podsedelnica-eskadron-cotton-basic-VS-naravna-jpg.avif","contentUrl":"https:\/\/clair.si\/wp-content\/uploads\/2024\/10\/podsedelnica-eskadron-cotton-basic-VS-naravna-jpg.avif","width":667,"height":667},{"@type":"BreadcrumbList","@id":"https:\/\/clair.si\/hr\/izdelek\/visenamjenska-podsedlica-eskadron-cotton-basic-vs\/#breadcrumb","itemListElement":[{"@type":"ListItem","position":1,"name":"Home","item":"https:\/\/clair.si\/hr\/"},{"@type":"ListItem","position":2,"name":"Trgovina","item":"https:\/\/clair.si\/trgovina\/"},{"@type":"ListItem","position":3,"name":"Vi\u0161enamjenska podsedlica Eskadron Cotton Basic VS"}]},{"@type":"WebSite","@id":"https:\/\/clair.si\/#website","url":"https:\/\/clair.si\/","name":"Clair","description":"Trgovina s konjeni\u0161ko opremo","publisher":{"@id":"https:\/\/clair.si\/#organization"},"potentialAction":[{"@type":"SearchAction","target":{"@type":"EntryPoint","urlTemplate":"https:\/\/clair.si\/?s={search_term_string}"},"query-input":{"@type":"PropertyValueSpecification","valueRequired":true,"valueName":"search_term_string"}}],"inLanguage":"hr"},{"@type":"Organization","@id":"https:\/\/clair.si\/#organization","name":"Clair","url":"https:\/\/clair.si\/","logo":{"@type":"ImageObject","inLanguage":"hr","@id":"https:\/\/clair.si\/#\/schema\/logo\/image\/","url":"https:\/\/clair.si\/wp-content\/uploads\/2022\/11\/clair_logo_2022.jpg","contentUrl":"https:\/\/clair.si\/wp-content\/uploads\/2022\/11\/clair_logo_2022.jpg","width":1920,"height":1920,"caption":"Clair"},"image":{"@id":"https:\/\/clair.si\/#\/schema\/logo\/image\/"},"sameAs":["https:\/\/www.facebook.com\/TrgovinaClair\/"]}]}},"_links":{"self":[{"href":"https:\/\/clair.si\/hr\/wp-json\/wp\/v2\/product\/99842","targetHints":{"allow":["GET"]}}],"collection":[{"href":"https:\/\/clair.si\/hr\/wp-json\/wp\/v2\/product"}],"about":[{"href":"https:\/\/clair.si\/hr\/wp-json\/wp\/v2\/types\/product"}],"version-history":[{"count":0,"href":"https:\/\/clair.si\/hr\/wp-json\/wp\/v2\/product\/99842\/revisions"}],"wp:featuredmedia":[{"embeddable":true,"href":"https:\/\/clair.si\/hr\/wp-json\/wp\/v2\/media\/107929"}],"wp:attachment":[{"href":"https:\/\/clair.si\/hr\/wp-json\/wp\/v2\/media?parent=99842"}],"wp:term":[{"taxonomy":"product_brand","embeddable":true,"href":"https:\/\/clair.si\/hr\/wp-json\/wp\/v2\/product_brand?post=99842"},{"taxonomy":"product_cat","embeddable":true,"href":"https:\/\/clair.si\/hr\/wp-json\/wp\/v2\/product_cat?post=99842"},{"taxonomy":"product_tag","embeddable":true,"href":"https:\/\/clair.si\/hr\/wp-json\/wp\/v2\/product_tag?post=99842"}],"curies":[{"name":"wp","href":"https:\/\/api.w.org\/{rel}","templated":true}]}}