{"id":99897,"date":"2022-12-16T11:50:31","date_gmt":"2022-12-16T10:50:31","guid":{"rendered":"https:\/\/clair.si\/izdelek\/privjesak-za-kljuceve-fun-horse\/"},"modified":"2026-04-12T22:05:00","modified_gmt":"2026-04-12T20:05:00","slug":"privjesak-za-kljuceve-fun-horse","status":"publish","type":"product","link":"https:\/\/clair.si\/hr\/izdelek\/privjesak-za-kljuceve-fun-horse\/","title":{"rendered":"Privjesak za klju\u010deve Fun Horse"},"content":{"rendered":"<p><strong>Privjesak za klju\u010deve Fun Horse<\/strong><span class=\"Y2IQFc\" lang=\"sl\"> u obliku konja u galopu, ukra\u0161enog staklenim kristali\u0107ima.<\/span><\/p>\n<p><span class=\"Y2IQFc\" lang=\"sl\"> Sastav: 70% legura cinka, 15% \u017eeljezo, 15% staklo. <\/span> <\/p>\n","protected":false},"excerpt":{"rendered":"<p>Privjesak za klju\u010deve Fun Horse u obliku konja u galopu, ukra\u0161enog staklenim kristali\u0107ima. Sastav: 70% legura cinka, 15% \u017eeljezo, 15%<\/p>\n","protected":false},"featured_media":99898,"template":"","meta":{"footnotes":""},"product_brand":[],"product_cat":[445,1570],"product_tag":[],"class_list":{"0":"post-99897","1":"product","2":"type-product","3":"status-publish","4":"has-post-thumbnail","6":"product_cat-jahac","7":"product_cat-darilni-program","9":"first","10":"instock","11":"shipping-taxable","12":"purchasable","13":"product-type-variable"},"yoast_head":"<!-- This site is optimized with the Yoast SEO plugin v27.3 - https:\/\/yoast.com\/product\/yoast-seo-wordpress\/ -->\n<title>Privjesak za klju\u010deve Fun Horse - Clair<\/title>\n<meta name=\"description\" content=\"Privjesak za klju\u010deve Fun Horse u obliku konja u galopu, ukra\u0161enog staklenim kristali\u0107ima.  Sastav: 70% legura cinka, 15% \u017eeljezo, 15% staklo.\" \/>\n<meta name=\"robots\" content=\"index, follow, max-snippet:-1, max-image-preview:large, max-video-preview:-1\" \/>\n<link rel=\"canonical\" href=\"https:\/\/clair.si\/hr\/izdelek\/privjesak-za-kljuceve-fun-horse\/\" \/>\n<meta property=\"og:locale\" content=\"hr_HR\" \/>\n<meta property=\"og:type\" content=\"article\" \/>\n<meta property=\"og:title\" content=\"Privjesak za klju\u010deve Fun Horse - Clair\" \/>\n<meta property=\"og:description\" content=\"Privjesak za klju\u010deve Fun Horse u obliku konja u galopu, ukra\u0161enog staklenim kristali\u0107ima.  Sastav: 70% legura cinka, 15% \u017eeljezo, 15% staklo.\" \/>\n<meta property=\"og:url\" content=\"https:\/\/clair.si\/hr\/izdelek\/privjesak-za-kljuceve-fun-horse\/\" \/>\n<meta property=\"og:site_name\" content=\"Clair\" \/>\n<meta property=\"article:publisher\" content=\"https:\/\/www.facebook.com\/TrgovinaClair\/\" \/>\n<meta property=\"article:modified_time\" content=\"2026-04-12T20:05:00+00:00\" \/>\n<meta property=\"og:image\" content=\"https:\/\/clair.si\/wp-content\/uploads\/2022\/12\/equi-kids-fun-keyring-obesek-za-kljuce-rdeca.jpg\" \/>\n\t<meta property=\"og:image:width\" content=\"800\" \/>\n\t<meta property=\"og:image:height\" content=\"800\" \/>\n\t<meta property=\"og:image:type\" content=\"image\/jpeg\" \/>\n<meta name=\"twitter:card\" content=\"summary_large_image\" \/>\n<script type=\"application\/ld+json\" class=\"yoast-schema-graph\">{\"@context\":\"https:\\\/\\\/schema.org\",\"@graph\":[{\"@type\":\"WebPage\",\"@id\":\"https:\\\/\\\/clair.si\\\/hr\\\/izdelek\\\/privjesak-za-kljuceve-fun-horse\\\/\",\"url\":\"https:\\\/\\\/clair.si\\\/hr\\\/izdelek\\\/privjesak-za-kljuceve-fun-horse\\\/\",\"name\":\"Privjesak za klju\u010deve Fun Horse - Clair\",\"isPartOf\":{\"@id\":\"https:\\\/\\\/clair.si\\\/#website\"},\"primaryImageOfPage\":{\"@id\":\"https:\\\/\\\/clair.si\\\/hr\\\/izdelek\\\/privjesak-za-kljuceve-fun-horse\\\/#primaryimage\"},\"image\":{\"@id\":\"https:\\\/\\\/clair.si\\\/hr\\\/izdelek\\\/privjesak-za-kljuceve-fun-horse\\\/#primaryimage\"},\"thumbnailUrl\":\"https:\\\/\\\/clair.si\\\/wp-content\\\/uploads\\\/2022\\\/12\\\/equi-kids-fun-keyring-obesek-za-kljuce-rdeca.webp\",\"datePublished\":\"2022-12-16T10:50:31+00:00\",\"dateModified\":\"2026-04-12T20:05:00+00:00\",\"description\":\"Privjesak za klju\u010deve Fun Horse u obliku konja u galopu, ukra\u0161enog staklenim kristali\u0107ima. Sastav: 70% legura cinka, 15% \u017eeljezo, 15% staklo.\",\"breadcrumb\":{\"@id\":\"https:\\\/\\\/clair.si\\\/hr\\\/izdelek\\\/privjesak-za-kljuceve-fun-horse\\\/#breadcrumb\"},\"inLanguage\":\"hr\",\"potentialAction\":[{\"@type\":\"ReadAction\",\"target\":[\"https:\\\/\\\/clair.si\\\/hr\\\/izdelek\\\/privjesak-za-kljuceve-fun-horse\\\/\"]}]},{\"@type\":\"ImageObject\",\"inLanguage\":\"hr\",\"@id\":\"https:\\\/\\\/clair.si\\\/hr\\\/izdelek\\\/privjesak-za-kljuceve-fun-horse\\\/#primaryimage\",\"url\":\"https:\\\/\\\/clair.si\\\/wp-content\\\/uploads\\\/2022\\\/12\\\/equi-kids-fun-keyring-obesek-za-kljuce-rdeca.webp\",\"contentUrl\":\"https:\\\/\\\/clair.si\\\/wp-content\\\/uploads\\\/2022\\\/12\\\/equi-kids-fun-keyring-obesek-za-kljuce-rdeca.webp\",\"width\":800,\"height\":800},{\"@type\":\"BreadcrumbList\",\"@id\":\"https:\\\/\\\/clair.si\\\/hr\\\/izdelek\\\/privjesak-za-kljuceve-fun-horse\\\/#breadcrumb\",\"itemListElement\":[{\"@type\":\"ListItem\",\"position\":1,\"name\":\"Home\",\"item\":\"https:\\\/\\\/clair.si\\\/hr\\\/\"},{\"@type\":\"ListItem\",\"position\":2,\"name\":\"Trgovina\",\"item\":\"https:\\\/\\\/clair.si\\\/trgovina\\\/\"},{\"@type\":\"ListItem\",\"position\":3,\"name\":\"Privjesak za klju\u010deve Fun Horse\"}]},{\"@type\":\"WebSite\",\"@id\":\"https:\\\/\\\/clair.si\\\/#website\",\"url\":\"https:\\\/\\\/clair.si\\\/\",\"name\":\"Clair\",\"description\":\"Trgovina s konjeni\u0161ko opremo\",\"publisher\":{\"@id\":\"https:\\\/\\\/clair.si\\\/#organization\"},\"potentialAction\":[{\"@type\":\"SearchAction\",\"target\":{\"@type\":\"EntryPoint\",\"urlTemplate\":\"https:\\\/\\\/clair.si\\\/?s={search_term_string}\"},\"query-input\":{\"@type\":\"PropertyValueSpecification\",\"valueRequired\":true,\"valueName\":\"search_term_string\"}}],\"inLanguage\":\"hr\"},{\"@type\":\"Organization\",\"@id\":\"https:\\\/\\\/clair.si\\\/#organization\",\"name\":\"Clair\",\"url\":\"https:\\\/\\\/clair.si\\\/\",\"logo\":{\"@type\":\"ImageObject\",\"inLanguage\":\"hr\",\"@id\":\"https:\\\/\\\/clair.si\\\/#\\\/schema\\\/logo\\\/image\\\/\",\"url\":\"https:\\\/\\\/clair.si\\\/wp-content\\\/uploads\\\/2022\\\/11\\\/clair_logo_2022.jpg\",\"contentUrl\":\"https:\\\/\\\/clair.si\\\/wp-content\\\/uploads\\\/2022\\\/11\\\/clair_logo_2022.jpg\",\"width\":1920,\"height\":1920,\"caption\":\"Clair\"},\"image\":{\"@id\":\"https:\\\/\\\/clair.si\\\/#\\\/schema\\\/logo\\\/image\\\/\"},\"sameAs\":[\"https:\\\/\\\/www.facebook.com\\\/TrgovinaClair\\\/\"]}]}<\/script>\n<!-- \/ Yoast SEO plugin. -->","yoast_head_json":{"title":"Privjesak za klju\u010deve Fun Horse - Clair","description":"Privjesak za klju\u010deve Fun Horse u obliku konja u galopu, ukra\u0161enog staklenim kristali\u0107ima.  Sastav: 70% legura cinka, 15% \u017eeljezo, 15% staklo.","robots":{"index":"index","follow":"follow","max-snippet":"max-snippet:-1","max-image-preview":"max-image-preview:large","max-video-preview":"max-video-preview:-1"},"canonical":"https:\/\/clair.si\/hr\/izdelek\/privjesak-za-kljuceve-fun-horse\/","og_locale":"hr_HR","og_type":"article","og_title":"Privjesak za klju\u010deve Fun Horse - Clair","og_description":"Privjesak za klju\u010deve Fun Horse u obliku konja u galopu, ukra\u0161enog staklenim kristali\u0107ima.  Sastav: 70% legura cinka, 15% \u017eeljezo, 15% staklo.","og_url":"https:\/\/clair.si\/hr\/izdelek\/privjesak-za-kljuceve-fun-horse\/","og_site_name":"Clair","article_publisher":"https:\/\/www.facebook.com\/TrgovinaClair\/","article_modified_time":"2026-04-12T20:05:00+00:00","og_image":[{"width":800,"height":800,"url":"https:\/\/clair.si\/wp-content\/uploads\/2022\/12\/equi-kids-fun-keyring-obesek-za-kljuce-rdeca.jpg","type":"image\/jpeg"}],"twitter_card":"summary_large_image","schema":{"@context":"https:\/\/schema.org","@graph":[{"@type":"WebPage","@id":"https:\/\/clair.si\/hr\/izdelek\/privjesak-za-kljuceve-fun-horse\/","url":"https:\/\/clair.si\/hr\/izdelek\/privjesak-za-kljuceve-fun-horse\/","name":"Privjesak za klju\u010deve Fun Horse - Clair","isPartOf":{"@id":"https:\/\/clair.si\/#website"},"primaryImageOfPage":{"@id":"https:\/\/clair.si\/hr\/izdelek\/privjesak-za-kljuceve-fun-horse\/#primaryimage"},"image":{"@id":"https:\/\/clair.si\/hr\/izdelek\/privjesak-za-kljuceve-fun-horse\/#primaryimage"},"thumbnailUrl":"https:\/\/clair.si\/wp-content\/uploads\/2022\/12\/equi-kids-fun-keyring-obesek-za-kljuce-rdeca.webp","datePublished":"2022-12-16T10:50:31+00:00","dateModified":"2026-04-12T20:05:00+00:00","description":"Privjesak za klju\u010deve Fun Horse u obliku konja u galopu, ukra\u0161enog staklenim kristali\u0107ima. Sastav: 70% legura cinka, 15% \u017eeljezo, 15% staklo.","breadcrumb":{"@id":"https:\/\/clair.si\/hr\/izdelek\/privjesak-za-kljuceve-fun-horse\/#breadcrumb"},"inLanguage":"hr","potentialAction":[{"@type":"ReadAction","target":["https:\/\/clair.si\/hr\/izdelek\/privjesak-za-kljuceve-fun-horse\/"]}]},{"@type":"ImageObject","inLanguage":"hr","@id":"https:\/\/clair.si\/hr\/izdelek\/privjesak-za-kljuceve-fun-horse\/#primaryimage","url":"https:\/\/clair.si\/wp-content\/uploads\/2022\/12\/equi-kids-fun-keyring-obesek-za-kljuce-rdeca.webp","contentUrl":"https:\/\/clair.si\/wp-content\/uploads\/2022\/12\/equi-kids-fun-keyring-obesek-za-kljuce-rdeca.webp","width":800,"height":800},{"@type":"BreadcrumbList","@id":"https:\/\/clair.si\/hr\/izdelek\/privjesak-za-kljuceve-fun-horse\/#breadcrumb","itemListElement":[{"@type":"ListItem","position":1,"name":"Home","item":"https:\/\/clair.si\/hr\/"},{"@type":"ListItem","position":2,"name":"Trgovina","item":"https:\/\/clair.si\/trgovina\/"},{"@type":"ListItem","position":3,"name":"Privjesak za klju\u010deve Fun Horse"}]},{"@type":"WebSite","@id":"https:\/\/clair.si\/#website","url":"https:\/\/clair.si\/","name":"Clair","description":"Trgovina s konjeni\u0161ko opremo","publisher":{"@id":"https:\/\/clair.si\/#organization"},"potentialAction":[{"@type":"SearchAction","target":{"@type":"EntryPoint","urlTemplate":"https:\/\/clair.si\/?s={search_term_string}"},"query-input":{"@type":"PropertyValueSpecification","valueRequired":true,"valueName":"search_term_string"}}],"inLanguage":"hr"},{"@type":"Organization","@id":"https:\/\/clair.si\/#organization","name":"Clair","url":"https:\/\/clair.si\/","logo":{"@type":"ImageObject","inLanguage":"hr","@id":"https:\/\/clair.si\/#\/schema\/logo\/image\/","url":"https:\/\/clair.si\/wp-content\/uploads\/2022\/11\/clair_logo_2022.jpg","contentUrl":"https:\/\/clair.si\/wp-content\/uploads\/2022\/11\/clair_logo_2022.jpg","width":1920,"height":1920,"caption":"Clair"},"image":{"@id":"https:\/\/clair.si\/#\/schema\/logo\/image\/"},"sameAs":["https:\/\/www.facebook.com\/TrgovinaClair\/"]}]}},"_links":{"self":[{"href":"https:\/\/clair.si\/hr\/wp-json\/wp\/v2\/product\/99897","targetHints":{"allow":["GET"]}}],"collection":[{"href":"https:\/\/clair.si\/hr\/wp-json\/wp\/v2\/product"}],"about":[{"href":"https:\/\/clair.si\/hr\/wp-json\/wp\/v2\/types\/product"}],"version-history":[{"count":0,"href":"https:\/\/clair.si\/hr\/wp-json\/wp\/v2\/product\/99897\/revisions"}],"wp:featuredmedia":[{"embeddable":true,"href":"https:\/\/clair.si\/hr\/wp-json\/wp\/v2\/media\/99898"}],"wp:attachment":[{"href":"https:\/\/clair.si\/hr\/wp-json\/wp\/v2\/media?parent=99897"}],"wp:term":[{"taxonomy":"product_brand","embeddable":true,"href":"https:\/\/clair.si\/hr\/wp-json\/wp\/v2\/product_brand?post=99897"},{"taxonomy":"product_cat","embeddable":true,"href":"https:\/\/clair.si\/hr\/wp-json\/wp\/v2\/product_cat?post=99897"},{"taxonomy":"product_tag","embeddable":true,"href":"https:\/\/clair.si\/hr\/wp-json\/wp\/v2\/product_tag?post=99897"}],"curies":[{"name":"wp","href":"https:\/\/api.w.org\/{rel}","templated":true}]}}