{"id":99904,"date":"2022-12-01T06:07:09","date_gmt":"2022-12-01T05:07:09","guid":{"rendered":"https:\/\/clair.si\/izdelek\/raspa-za-kopita-mustad-h-excel-legend\/"},"modified":"2025-12-02T23:23:56","modified_gmt":"2025-12-02T22:23:56","slug":"raspa-za-kopita-mustad-h-excel-legend","status":"publish","type":"product","link":"https:\/\/clair.si\/hr\/izdelek\/raspa-za-kopita-mustad-h-excel-legend\/","title":{"rendered":"Turpija za kopita Mustad H.eXceL Legend"},"content":{"rendered":"<p><span class=\"HwtZe\" lang=\"sl\"><span class=\"jCAhz ChMk0b\"><span class=\"ryNqvb\"><strong>Mustad H.eXceL Legend turpija za kopita<\/strong> je 10 % \u0161ira i tanja od obi\u010dnih turpija, lagana i uravnote\u017eena.<\/span><\/span> <span class=\"jCAhz ChMk0b\"><span class=\"ryNqvb\">\u0160ira radna povr\u0161ina turpije <strong>Mustad H.eXceL Legend<\/strong> nudi u\u010dinkovitost i kontrolu te zahva\u0107a ve\u0107u povr\u0161inu kopita za izravnavanje.<\/span><\/span> <span class=\"jCAhz ChMk0b\"><span class=\"ryNqvb\"><strong>Prilago\u0111ena za rad u mokrim uvjetima<\/strong>, zahvaljuju\u0107i oblikovanju zubaca. Turpija ima koncentriran uzorak s vi\u0161e od 650 zubaca, koji su srednje veli\u010dine i ne za\u010depljuju se lako. Glatka strana turpije    <\/span><\/span><span class=\"jCAhz ChMk0b\"><span class=\"ryNqvb\"><strong>Mustad H.eXceL Legend <\/strong>osigurava gladak zavr\u0161etak zahvaljuju\u0107i tehnologiji Heller MultiGlide, tako da dodatna zavr\u0161na obrada kopita nije potrebna.<\/span><\/span><br \/>\n<\/span><\/p>\n<ul>\n<li><span class=\"HwtZe\" lang=\"sl\"><span class=\"jCAhz ChMk0b\"><span class=\"ryNqvb\">\u0161ira, za zahva\u0107anje ve\u0107e povr\u0161ine kopita<\/span><\/span> <\/span><\/li>\n<li><span class=\"HwtZe\" lang=\"sl\"><span class=\"jCAhz ChMk0b\"><span class=\"ryNqvb\">omogu\u0107uje minimalan napor i maksimalnu u\u010dinkovitost<\/span><\/span> <\/span><\/li>\n<li><span class=\"HwtZe\" lang=\"sl\"><span class=\"jCAhz ChMk0b\"><span class=\"ryNqvb\">pri obradi stijenke kopita mo\u017eda \u0107ete morati zadr\u017eati strmiji kut nego obi\u010dno<\/span><\/span><\/span><\/li>\n<li>9 zubaca u nizu<\/li>\n<\/ul>\n","protected":false},"excerpt":{"rendered":"<p><strong><span class=\"HwtZe\" lang=\"sl\"><span class=\"jCAhz ChMk0b\"><span class=\"ryNqvb\">Maksimalna u\u010dinkovitost i uravnote\u017eenost<\/span><\/span><\/span><\/strong><\/p>\n","protected":false},"featured_media":99907,"template":"","meta":{"footnotes":""},"product_brand":[],"product_cat":[5657,5624,5960,6174,5625,5882,5627,6021],"product_tag":[],"class_list":{"0":"post-99904","1":"product","2":"type-product","3":"status-publish","4":"has-post-thumbnail","6":"product_cat-kategorije-hr","7":"product_cat-konj-hr","8":"product_cat-kovacka-oprema","9":"product_cat-kovacke-raspe","10":"product_cat-njega-konja","11":"product_cat-njega-kopita","12":"product_cat-stala-i-pasnjak","13":"product_cat-sve-za-kopita","15":"first","16":"instock","17":"sale","18":"shipping-taxable","19":"purchasable","20":"product-type-simple"},"yoast_head":"<!-- This site is optimized with the Yoast SEO plugin v27.4 - https:\/\/yoast.com\/product\/yoast-seo-wordpress\/ -->\n<title>Turpija za kopita Mustad H.eXceL Legend - Clair<\/title>\n<meta name=\"description\" content=\"Mustad H.eXceL Legend turpija za kopita je 10 % \u0161ira i tanja od obi\u010dnih turpija, lagana i uravnote\u017eena. Pogledajte ponudu kova\u010dke opreme i alata Mustad!\" \/>\n<meta name=\"robots\" content=\"index, follow, max-snippet:-1, max-image-preview:large, max-video-preview:-1\" \/>\n<link rel=\"canonical\" href=\"https:\/\/clair.si\/hr\/izdelek\/raspa-za-kopita-mustad-h-excel-legend\/\" \/>\n<meta property=\"og:locale\" content=\"hr_HR\" \/>\n<meta property=\"og:type\" content=\"article\" \/>\n<meta property=\"og:title\" content=\"Turpija za kopita Mustad H.eXceL Legend - Clair\" \/>\n<meta property=\"og:description\" content=\"Mustad H.eXceL Legend turpija za kopita je 10 % \u0161ira i tanja od obi\u010dnih turpija, lagana i uravnote\u017eena. Pogledajte ponudu kova\u010dke opreme i alata Mustad!\" \/>\n<meta property=\"og:url\" content=\"https:\/\/clair.si\/hr\/izdelek\/raspa-za-kopita-mustad-h-excel-legend\/\" \/>\n<meta property=\"og:site_name\" content=\"Clair\" \/>\n<meta property=\"article:publisher\" content=\"https:\/\/www.facebook.com\/TrgovinaClair\/\" \/>\n<meta property=\"article:modified_time\" content=\"2025-12-02T22:23:56+00:00\" \/>\n<meta property=\"og:image\" content=\"https:\/\/clair.si\/wp-content\/uploads\/2022\/12\/Heller_ExcelLegend-pila-za-kopita.jpg\" \/>\n\t<meta property=\"og:image:width\" content=\"1700\" \/>\n\t<meta property=\"og:image:height\" content=\"1700\" \/>\n\t<meta property=\"og:image:type\" content=\"image\/jpeg\" \/>\n<meta name=\"twitter:card\" content=\"summary_large_image\" \/>\n<meta name=\"twitter:label1\" content=\"Procijenjeno vrijeme \u010ditanja\" \/>\n\t<meta name=\"twitter:data1\" content=\"1 minuta\" \/>\n<script type=\"application\/ld+json\" class=\"yoast-schema-graph\">{\"@context\":\"https:\\\/\\\/schema.org\",\"@graph\":[{\"@type\":\"WebPage\",\"@id\":\"https:\\\/\\\/clair.si\\\/hr\\\/izdelek\\\/raspa-za-kopita-mustad-h-excel-legend\\\/\",\"url\":\"https:\\\/\\\/clair.si\\\/hr\\\/izdelek\\\/raspa-za-kopita-mustad-h-excel-legend\\\/\",\"name\":\"Turpija za kopita Mustad H.eXceL Legend - Clair\",\"isPartOf\":{\"@id\":\"https:\\\/\\\/clair.si\\\/#website\"},\"primaryImageOfPage\":{\"@id\":\"https:\\\/\\\/clair.si\\\/hr\\\/izdelek\\\/raspa-za-kopita-mustad-h-excel-legend\\\/#primaryimage\"},\"image\":{\"@id\":\"https:\\\/\\\/clair.si\\\/hr\\\/izdelek\\\/raspa-za-kopita-mustad-h-excel-legend\\\/#primaryimage\"},\"thumbnailUrl\":\"https:\\\/\\\/clair.si\\\/wp-content\\\/uploads\\\/2022\\\/12\\\/Heller_ExcelLegend-pila-za-kopita.webp\",\"datePublished\":\"2022-12-01T05:07:09+00:00\",\"dateModified\":\"2025-12-02T22:23:56+00:00\",\"description\":\"Mustad H.eXceL Legend turpija za kopita je 10 % \u0161ira i tanja od obi\u010dnih turpija, lagana i uravnote\u017eena. Pogledajte ponudu kova\u010dke opreme i alata Mustad!\",\"breadcrumb\":{\"@id\":\"https:\\\/\\\/clair.si\\\/hr\\\/izdelek\\\/raspa-za-kopita-mustad-h-excel-legend\\\/#breadcrumb\"},\"inLanguage\":\"hr\",\"potentialAction\":[{\"@type\":\"ReadAction\",\"target\":[\"https:\\\/\\\/clair.si\\\/hr\\\/izdelek\\\/raspa-za-kopita-mustad-h-excel-legend\\\/\"]}]},{\"@type\":\"ImageObject\",\"inLanguage\":\"hr\",\"@id\":\"https:\\\/\\\/clair.si\\\/hr\\\/izdelek\\\/raspa-za-kopita-mustad-h-excel-legend\\\/#primaryimage\",\"url\":\"https:\\\/\\\/clair.si\\\/wp-content\\\/uploads\\\/2022\\\/12\\\/Heller_ExcelLegend-pila-za-kopita.webp\",\"contentUrl\":\"https:\\\/\\\/clair.si\\\/wp-content\\\/uploads\\\/2022\\\/12\\\/Heller_ExcelLegend-pila-za-kopita.webp\",\"width\":1700,\"height\":1700},{\"@type\":\"BreadcrumbList\",\"@id\":\"https:\\\/\\\/clair.si\\\/hr\\\/izdelek\\\/raspa-za-kopita-mustad-h-excel-legend\\\/#breadcrumb\",\"itemListElement\":[{\"@type\":\"ListItem\",\"position\":1,\"name\":\"Home\",\"item\":\"https:\\\/\\\/clair.si\\\/hr\\\/\"},{\"@type\":\"ListItem\",\"position\":2,\"name\":\"Trgovina\",\"item\":\"https:\\\/\\\/clair.si\\\/trgovina\\\/\"},{\"@type\":\"ListItem\",\"position\":3,\"name\":\"Turpija za kopita Mustad H.eXceL Legend\"}]},{\"@type\":\"WebSite\",\"@id\":\"https:\\\/\\\/clair.si\\\/#website\",\"url\":\"https:\\\/\\\/clair.si\\\/\",\"name\":\"Clair\",\"description\":\"Trgovina s konjeni\u0161ko opremo\",\"publisher\":{\"@id\":\"https:\\\/\\\/clair.si\\\/#organization\"},\"potentialAction\":[{\"@type\":\"SearchAction\",\"target\":{\"@type\":\"EntryPoint\",\"urlTemplate\":\"https:\\\/\\\/clair.si\\\/?s={search_term_string}\"},\"query-input\":{\"@type\":\"PropertyValueSpecification\",\"valueRequired\":true,\"valueName\":\"search_term_string\"}}],\"inLanguage\":\"hr\"},{\"@type\":\"Organization\",\"@id\":\"https:\\\/\\\/clair.si\\\/#organization\",\"name\":\"Clair\",\"url\":\"https:\\\/\\\/clair.si\\\/\",\"logo\":{\"@type\":\"ImageObject\",\"inLanguage\":\"hr\",\"@id\":\"https:\\\/\\\/clair.si\\\/#\\\/schema\\\/logo\\\/image\\\/\",\"url\":\"https:\\\/\\\/clair.si\\\/wp-content\\\/uploads\\\/2022\\\/11\\\/clair_logo_2022.jpg\",\"contentUrl\":\"https:\\\/\\\/clair.si\\\/wp-content\\\/uploads\\\/2022\\\/11\\\/clair_logo_2022.jpg\",\"width\":1920,\"height\":1920,\"caption\":\"Clair\"},\"image\":{\"@id\":\"https:\\\/\\\/clair.si\\\/#\\\/schema\\\/logo\\\/image\\\/\"},\"sameAs\":[\"https:\\\/\\\/www.facebook.com\\\/TrgovinaClair\\\/\"]}]}<\/script>\n<!-- \/ Yoast SEO plugin. -->","yoast_head_json":{"title":"Turpija za kopita Mustad H.eXceL Legend - Clair","description":"Mustad H.eXceL Legend turpija za kopita je 10 % \u0161ira i tanja od obi\u010dnih turpija, lagana i uravnote\u017eena. Pogledajte ponudu kova\u010dke opreme i alata Mustad!","robots":{"index":"index","follow":"follow","max-snippet":"max-snippet:-1","max-image-preview":"max-image-preview:large","max-video-preview":"max-video-preview:-1"},"canonical":"https:\/\/clair.si\/hr\/izdelek\/raspa-za-kopita-mustad-h-excel-legend\/","og_locale":"hr_HR","og_type":"article","og_title":"Turpija za kopita Mustad H.eXceL Legend - Clair","og_description":"Mustad H.eXceL Legend turpija za kopita je 10 % \u0161ira i tanja od obi\u010dnih turpija, lagana i uravnote\u017eena. Pogledajte ponudu kova\u010dke opreme i alata Mustad!","og_url":"https:\/\/clair.si\/hr\/izdelek\/raspa-za-kopita-mustad-h-excel-legend\/","og_site_name":"Clair","article_publisher":"https:\/\/www.facebook.com\/TrgovinaClair\/","article_modified_time":"2025-12-02T22:23:56+00:00","og_image":[{"width":1700,"height":1700,"url":"https:\/\/clair.si\/wp-content\/uploads\/2022\/12\/Heller_ExcelLegend-pila-za-kopita.jpg","type":"image\/jpeg"}],"twitter_card":"summary_large_image","twitter_misc":{"Procijenjeno vrijeme \u010ditanja":"1 minuta"},"schema":{"@context":"https:\/\/schema.org","@graph":[{"@type":"WebPage","@id":"https:\/\/clair.si\/hr\/izdelek\/raspa-za-kopita-mustad-h-excel-legend\/","url":"https:\/\/clair.si\/hr\/izdelek\/raspa-za-kopita-mustad-h-excel-legend\/","name":"Turpija za kopita Mustad H.eXceL Legend - Clair","isPartOf":{"@id":"https:\/\/clair.si\/#website"},"primaryImageOfPage":{"@id":"https:\/\/clair.si\/hr\/izdelek\/raspa-za-kopita-mustad-h-excel-legend\/#primaryimage"},"image":{"@id":"https:\/\/clair.si\/hr\/izdelek\/raspa-za-kopita-mustad-h-excel-legend\/#primaryimage"},"thumbnailUrl":"https:\/\/clair.si\/wp-content\/uploads\/2022\/12\/Heller_ExcelLegend-pila-za-kopita.webp","datePublished":"2022-12-01T05:07:09+00:00","dateModified":"2025-12-02T22:23:56+00:00","description":"Mustad H.eXceL Legend turpija za kopita je 10 % \u0161ira i tanja od obi\u010dnih turpija, lagana i uravnote\u017eena. Pogledajte ponudu kova\u010dke opreme i alata Mustad!","breadcrumb":{"@id":"https:\/\/clair.si\/hr\/izdelek\/raspa-za-kopita-mustad-h-excel-legend\/#breadcrumb"},"inLanguage":"hr","potentialAction":[{"@type":"ReadAction","target":["https:\/\/clair.si\/hr\/izdelek\/raspa-za-kopita-mustad-h-excel-legend\/"]}]},{"@type":"ImageObject","inLanguage":"hr","@id":"https:\/\/clair.si\/hr\/izdelek\/raspa-za-kopita-mustad-h-excel-legend\/#primaryimage","url":"https:\/\/clair.si\/wp-content\/uploads\/2022\/12\/Heller_ExcelLegend-pila-za-kopita.webp","contentUrl":"https:\/\/clair.si\/wp-content\/uploads\/2022\/12\/Heller_ExcelLegend-pila-za-kopita.webp","width":1700,"height":1700},{"@type":"BreadcrumbList","@id":"https:\/\/clair.si\/hr\/izdelek\/raspa-za-kopita-mustad-h-excel-legend\/#breadcrumb","itemListElement":[{"@type":"ListItem","position":1,"name":"Home","item":"https:\/\/clair.si\/hr\/"},{"@type":"ListItem","position":2,"name":"Trgovina","item":"https:\/\/clair.si\/trgovina\/"},{"@type":"ListItem","position":3,"name":"Turpija za kopita Mustad H.eXceL Legend"}]},{"@type":"WebSite","@id":"https:\/\/clair.si\/#website","url":"https:\/\/clair.si\/","name":"Clair","description":"Trgovina s konjeni\u0161ko opremo","publisher":{"@id":"https:\/\/clair.si\/#organization"},"potentialAction":[{"@type":"SearchAction","target":{"@type":"EntryPoint","urlTemplate":"https:\/\/clair.si\/?s={search_term_string}"},"query-input":{"@type":"PropertyValueSpecification","valueRequired":true,"valueName":"search_term_string"}}],"inLanguage":"hr"},{"@type":"Organization","@id":"https:\/\/clair.si\/#organization","name":"Clair","url":"https:\/\/clair.si\/","logo":{"@type":"ImageObject","inLanguage":"hr","@id":"https:\/\/clair.si\/#\/schema\/logo\/image\/","url":"https:\/\/clair.si\/wp-content\/uploads\/2022\/11\/clair_logo_2022.jpg","contentUrl":"https:\/\/clair.si\/wp-content\/uploads\/2022\/11\/clair_logo_2022.jpg","width":1920,"height":1920,"caption":"Clair"},"image":{"@id":"https:\/\/clair.si\/#\/schema\/logo\/image\/"},"sameAs":["https:\/\/www.facebook.com\/TrgovinaClair\/"]}]}},"_links":{"self":[{"href":"https:\/\/clair.si\/hr\/wp-json\/wp\/v2\/product\/99904","targetHints":{"allow":["GET"]}}],"collection":[{"href":"https:\/\/clair.si\/hr\/wp-json\/wp\/v2\/product"}],"about":[{"href":"https:\/\/clair.si\/hr\/wp-json\/wp\/v2\/types\/product"}],"version-history":[{"count":0,"href":"https:\/\/clair.si\/hr\/wp-json\/wp\/v2\/product\/99904\/revisions"}],"wp:featuredmedia":[{"embeddable":true,"href":"https:\/\/clair.si\/hr\/wp-json\/wp\/v2\/media\/99907"}],"wp:attachment":[{"href":"https:\/\/clair.si\/hr\/wp-json\/wp\/v2\/media?parent=99904"}],"wp:term":[{"taxonomy":"product_brand","embeddable":true,"href":"https:\/\/clair.si\/hr\/wp-json\/wp\/v2\/product_brand?post=99904"},{"taxonomy":"product_cat","embeddable":true,"href":"https:\/\/clair.si\/hr\/wp-json\/wp\/v2\/product_cat?post=99904"},{"taxonomy":"product_tag","embeddable":true,"href":"https:\/\/clair.si\/hr\/wp-json\/wp\/v2\/product_tag?post=99904"}],"curies":[{"name":"wp","href":"https:\/\/api.w.org\/{rel}","templated":true}]}}