{"id":99910,"date":"2022-11-21T12:59:28","date_gmt":"2022-11-21T11:59:28","guid":{"rendered":"https:\/\/clair.si\/izdelek\/naf-echinacea-plus\/"},"modified":"2025-08-27T21:43:24","modified_gmt":"2025-08-27T19:43:24","slug":"naf-echinacea-plus","status":"publish","type":"product","link":"https:\/\/clair.si\/hr\/izdelek\/naf-echinacea-plus\/","title":{"rendered":"NAF Echinacea Plus"},"content":{"rendered":"<p><strong>NAF Echinacea Plus <\/strong><span class=\"HwtZe\" lang=\"sl\"><strong><span class=\"jCAhz ChMk0b\"><span class=\"ryNqvb\">z<\/span><\/span><\/strong><span class=\"jCAhz ChMk0b\"><span class=\"ryNqvb\"><strong>a odr\u017eavanje imunolo\u0161kog sustava.<\/strong> Svi konji ponekad trebaju malo dodatne pomo\u0107i, posebno oni koji naporno rade, redovito putuju ili se suo\u010davaju s posebnim izazovima, kao \u0161to su natjecanja, pripusti,&#8230;<\/span><\/span><\/span><\/p>\n<p><span class=\"HwtZe\" lang=\"sl\"> <span class=\"jCAhz ChMk0b\"><span class=\"ryNqvb\">Echinacea ili ameri\u010dka rudbekija, poznata je biljka za podr\u0161ku imunolo\u0161kom sustavu.<\/span><\/span> <span class=\"jCAhz ChMk0b\"><span class=\"ryNqvb\">Istra\u017eivanja pokazuju da ehinaceja tako\u0111er podr\u017eava zdravlje crvenih krvnih stanica (eritrocita), koje su bitne za konje u natjecanjima, jer prenose velike koli\u010dine kisika kroz krv.<\/span><\/span> <\/span><\/p>\n<p><span class=\"HwtZe\" lang=\"sl\"><strong><span class=\"jCAhz ChMk0b\"><span class=\"ryNqvb\">Echinacea Liquid Plus pru\u017ea idealnu svakodnevnu podr\u0161ku imunolo\u0161kom sustavu.<\/span><\/span><\/strong> <\/span><\/p>\n<p><strong>Sastav:<\/strong> v<span class=\"HwtZe\" lang=\"sl\"><span class=\"jCAhz ChMk0b\"><span class=\"ryNqvb\">oda, metil sulfonil metan, glicerin.<\/span><\/span><\/span><\/p>\n<p>Dodatni sastojci (senzorni dodaci) na 1 : crveni rudbekija 166 ml<\/p>\n<p>Analiti\u010dki sastav: sirovi proteini 0,9 %, sirova ulja i masti 0,3 %, sirovi pepeo 0,3 %, sirovi pepeo 0,1 %, sadr\u017eaj vlage 96,6 %, natrij 0,02 %<\/p>\n<p><strong>Preporuka za hranjenje konja i ponija (ml na dan):<\/strong><\/p>\n<ul>\n<li>po\u010detna doza (7-10 dana) 40-60 ml<\/li>\n<li>doza odr\u017eavanja 15,30 ml<\/li>\n<\/ul>\n<p>Prije upotrebe dobro protresti!<\/p>\n<p>Doza odr\u017eavanja mo\u017ee se prilagoditi individualnim potrebama konja i ne ovisi o veli\u010dini i te\u017eini pojedine \u017eivotinje.<\/p>\n","protected":false},"excerpt":{"rendered":"<p><span class=\"HwtZe\" lang=\"sl\"><span class=\"jCAhz ChMk0b\"><span class=\"ryNqvb\"><strong>Podr\u0161ka imunolo\u0161kom sustavu <\/strong><br \/>\n<\/span><\/span><\/span><\/p>\n","protected":false},"featured_media":99912,"template":"","meta":{"footnotes":""},"product_brand":[],"product_cat":[5710,5784,5712],"product_tag":[],"class_list":{"0":"post-99910","1":"product","2":"type-product","3":"status-publish","4":"has-post-thumbnail","6":"product_cat-hrana-za-konje-hr","7":"product_cat-naf-prehrambeni-dodaci","8":"product_cat-prehrambeni-dodaci","10":"first","11":"instock","12":"shipping-taxable","13":"purchasable","14":"product-type-simple"},"yoast_head":"<!-- This site is optimized with the Yoast SEO plugin v27.4 - https:\/\/yoast.com\/product\/yoast-seo-wordpress\/ -->\n<title>NAF Echinacea Plus - Clair<\/title>\n<meta name=\"description\" content=\"Podr\u0161ka imunolo\u0161kom sustavu\" \/>\n<meta name=\"robots\" content=\"index, follow, max-snippet:-1, max-image-preview:large, max-video-preview:-1\" \/>\n<link rel=\"canonical\" href=\"https:\/\/clair.si\/hr\/izdelek\/naf-echinacea-plus\/\" \/>\n<meta property=\"og:locale\" content=\"hr_HR\" \/>\n<meta property=\"og:type\" content=\"article\" \/>\n<meta property=\"og:title\" content=\"NAF Echinacea Plus - Clair\" \/>\n<meta property=\"og:description\" content=\"Podr\u0161ka imunolo\u0161kom sustavu\" \/>\n<meta property=\"og:url\" content=\"https:\/\/clair.si\/hr\/izdelek\/naf-echinacea-plus\/\" \/>\n<meta property=\"og:site_name\" content=\"Clair\" \/>\n<meta property=\"article:publisher\" content=\"https:\/\/www.facebook.com\/TrgovinaClair\/\" \/>\n<meta property=\"article:modified_time\" content=\"2025-08-27T19:43:24+00:00\" \/>\n<meta property=\"og:image\" content=\"https:\/\/clair.si\/wp-content\/uploads\/2022\/11\/NAF-Echinacea-Plus-Liquid-1L.jpg\" \/>\n\t<meta property=\"og:image:width\" content=\"1300\" \/>\n\t<meta property=\"og:image:height\" content=\"1300\" \/>\n\t<meta property=\"og:image:type\" content=\"image\/jpeg\" \/>\n<meta name=\"twitter:card\" content=\"summary_large_image\" \/>\n<meta name=\"twitter:label1\" content=\"Procijenjeno vrijeme \u010ditanja\" \/>\n\t<meta name=\"twitter:data1\" content=\"1 minuta\" \/>\n<script type=\"application\/ld+json\" class=\"yoast-schema-graph\">{\"@context\":\"https:\\\/\\\/schema.org\",\"@graph\":[{\"@type\":\"WebPage\",\"@id\":\"https:\\\/\\\/clair.si\\\/hr\\\/izdelek\\\/naf-echinacea-plus\\\/\",\"url\":\"https:\\\/\\\/clair.si\\\/hr\\\/izdelek\\\/naf-echinacea-plus\\\/\",\"name\":\"NAF Echinacea Plus - Clair\",\"isPartOf\":{\"@id\":\"https:\\\/\\\/clair.si\\\/#website\"},\"primaryImageOfPage\":{\"@id\":\"https:\\\/\\\/clair.si\\\/hr\\\/izdelek\\\/naf-echinacea-plus\\\/#primaryimage\"},\"image\":{\"@id\":\"https:\\\/\\\/clair.si\\\/hr\\\/izdelek\\\/naf-echinacea-plus\\\/#primaryimage\"},\"thumbnailUrl\":\"https:\\\/\\\/clair.si\\\/wp-content\\\/uploads\\\/2022\\\/11\\\/NAF-Echinacea-Plus-Liquid-1L.webp\",\"datePublished\":\"2022-11-21T11:59:28+00:00\",\"dateModified\":\"2025-08-27T19:43:24+00:00\",\"description\":\"Podr\u0161ka imunolo\u0161kom sustavu\",\"breadcrumb\":{\"@id\":\"https:\\\/\\\/clair.si\\\/hr\\\/izdelek\\\/naf-echinacea-plus\\\/#breadcrumb\"},\"inLanguage\":\"hr\",\"potentialAction\":[{\"@type\":\"ReadAction\",\"target\":[\"https:\\\/\\\/clair.si\\\/hr\\\/izdelek\\\/naf-echinacea-plus\\\/\"]}]},{\"@type\":\"ImageObject\",\"inLanguage\":\"hr\",\"@id\":\"https:\\\/\\\/clair.si\\\/hr\\\/izdelek\\\/naf-echinacea-plus\\\/#primaryimage\",\"url\":\"https:\\\/\\\/clair.si\\\/wp-content\\\/uploads\\\/2022\\\/11\\\/NAF-Echinacea-Plus-Liquid-1L.webp\",\"contentUrl\":\"https:\\\/\\\/clair.si\\\/wp-content\\\/uploads\\\/2022\\\/11\\\/NAF-Echinacea-Plus-Liquid-1L.webp\",\"width\":1300,\"height\":1300,\"caption\":\"NAF Echinacea Liquid 1 liter.\"},{\"@type\":\"BreadcrumbList\",\"@id\":\"https:\\\/\\\/clair.si\\\/hr\\\/izdelek\\\/naf-echinacea-plus\\\/#breadcrumb\",\"itemListElement\":[{\"@type\":\"ListItem\",\"position\":1,\"name\":\"Home\",\"item\":\"https:\\\/\\\/clair.si\\\/hr\\\/\"},{\"@type\":\"ListItem\",\"position\":2,\"name\":\"Trgovina\",\"item\":\"https:\\\/\\\/clair.si\\\/trgovina\\\/\"},{\"@type\":\"ListItem\",\"position\":3,\"name\":\"NAF Echinacea Plus\"}]},{\"@type\":\"WebSite\",\"@id\":\"https:\\\/\\\/clair.si\\\/#website\",\"url\":\"https:\\\/\\\/clair.si\\\/\",\"name\":\"Clair\",\"description\":\"Trgovina s konjeni\u0161ko opremo\",\"publisher\":{\"@id\":\"https:\\\/\\\/clair.si\\\/#organization\"},\"potentialAction\":[{\"@type\":\"SearchAction\",\"target\":{\"@type\":\"EntryPoint\",\"urlTemplate\":\"https:\\\/\\\/clair.si\\\/?s={search_term_string}\"},\"query-input\":{\"@type\":\"PropertyValueSpecification\",\"valueRequired\":true,\"valueName\":\"search_term_string\"}}],\"inLanguage\":\"hr\"},{\"@type\":\"Organization\",\"@id\":\"https:\\\/\\\/clair.si\\\/#organization\",\"name\":\"Clair\",\"url\":\"https:\\\/\\\/clair.si\\\/\",\"logo\":{\"@type\":\"ImageObject\",\"inLanguage\":\"hr\",\"@id\":\"https:\\\/\\\/clair.si\\\/#\\\/schema\\\/logo\\\/image\\\/\",\"url\":\"https:\\\/\\\/clair.si\\\/wp-content\\\/uploads\\\/2022\\\/11\\\/clair_logo_2022.jpg\",\"contentUrl\":\"https:\\\/\\\/clair.si\\\/wp-content\\\/uploads\\\/2022\\\/11\\\/clair_logo_2022.jpg\",\"width\":1920,\"height\":1920,\"caption\":\"Clair\"},\"image\":{\"@id\":\"https:\\\/\\\/clair.si\\\/#\\\/schema\\\/logo\\\/image\\\/\"},\"sameAs\":[\"https:\\\/\\\/www.facebook.com\\\/TrgovinaClair\\\/\"]}]}<\/script>\n<!-- \/ Yoast SEO plugin. -->","yoast_head_json":{"title":"NAF Echinacea Plus - Clair","description":"Podr\u0161ka imunolo\u0161kom sustavu","robots":{"index":"index","follow":"follow","max-snippet":"max-snippet:-1","max-image-preview":"max-image-preview:large","max-video-preview":"max-video-preview:-1"},"canonical":"https:\/\/clair.si\/hr\/izdelek\/naf-echinacea-plus\/","og_locale":"hr_HR","og_type":"article","og_title":"NAF Echinacea Plus - Clair","og_description":"Podr\u0161ka imunolo\u0161kom sustavu","og_url":"https:\/\/clair.si\/hr\/izdelek\/naf-echinacea-plus\/","og_site_name":"Clair","article_publisher":"https:\/\/www.facebook.com\/TrgovinaClair\/","article_modified_time":"2025-08-27T19:43:24+00:00","og_image":[{"width":1300,"height":1300,"url":"https:\/\/clair.si\/wp-content\/uploads\/2022\/11\/NAF-Echinacea-Plus-Liquid-1L.jpg","type":"image\/jpeg"}],"twitter_card":"summary_large_image","twitter_misc":{"Procijenjeno vrijeme \u010ditanja":"1 minuta"},"schema":{"@context":"https:\/\/schema.org","@graph":[{"@type":"WebPage","@id":"https:\/\/clair.si\/hr\/izdelek\/naf-echinacea-plus\/","url":"https:\/\/clair.si\/hr\/izdelek\/naf-echinacea-plus\/","name":"NAF Echinacea Plus - Clair","isPartOf":{"@id":"https:\/\/clair.si\/#website"},"primaryImageOfPage":{"@id":"https:\/\/clair.si\/hr\/izdelek\/naf-echinacea-plus\/#primaryimage"},"image":{"@id":"https:\/\/clair.si\/hr\/izdelek\/naf-echinacea-plus\/#primaryimage"},"thumbnailUrl":"https:\/\/clair.si\/wp-content\/uploads\/2022\/11\/NAF-Echinacea-Plus-Liquid-1L.webp","datePublished":"2022-11-21T11:59:28+00:00","dateModified":"2025-08-27T19:43:24+00:00","description":"Podr\u0161ka imunolo\u0161kom sustavu","breadcrumb":{"@id":"https:\/\/clair.si\/hr\/izdelek\/naf-echinacea-plus\/#breadcrumb"},"inLanguage":"hr","potentialAction":[{"@type":"ReadAction","target":["https:\/\/clair.si\/hr\/izdelek\/naf-echinacea-plus\/"]}]},{"@type":"ImageObject","inLanguage":"hr","@id":"https:\/\/clair.si\/hr\/izdelek\/naf-echinacea-plus\/#primaryimage","url":"https:\/\/clair.si\/wp-content\/uploads\/2022\/11\/NAF-Echinacea-Plus-Liquid-1L.webp","contentUrl":"https:\/\/clair.si\/wp-content\/uploads\/2022\/11\/NAF-Echinacea-Plus-Liquid-1L.webp","width":1300,"height":1300,"caption":"NAF Echinacea Liquid 1 liter."},{"@type":"BreadcrumbList","@id":"https:\/\/clair.si\/hr\/izdelek\/naf-echinacea-plus\/#breadcrumb","itemListElement":[{"@type":"ListItem","position":1,"name":"Home","item":"https:\/\/clair.si\/hr\/"},{"@type":"ListItem","position":2,"name":"Trgovina","item":"https:\/\/clair.si\/trgovina\/"},{"@type":"ListItem","position":3,"name":"NAF Echinacea Plus"}]},{"@type":"WebSite","@id":"https:\/\/clair.si\/#website","url":"https:\/\/clair.si\/","name":"Clair","description":"Trgovina s konjeni\u0161ko opremo","publisher":{"@id":"https:\/\/clair.si\/#organization"},"potentialAction":[{"@type":"SearchAction","target":{"@type":"EntryPoint","urlTemplate":"https:\/\/clair.si\/?s={search_term_string}"},"query-input":{"@type":"PropertyValueSpecification","valueRequired":true,"valueName":"search_term_string"}}],"inLanguage":"hr"},{"@type":"Organization","@id":"https:\/\/clair.si\/#organization","name":"Clair","url":"https:\/\/clair.si\/","logo":{"@type":"ImageObject","inLanguage":"hr","@id":"https:\/\/clair.si\/#\/schema\/logo\/image\/","url":"https:\/\/clair.si\/wp-content\/uploads\/2022\/11\/clair_logo_2022.jpg","contentUrl":"https:\/\/clair.si\/wp-content\/uploads\/2022\/11\/clair_logo_2022.jpg","width":1920,"height":1920,"caption":"Clair"},"image":{"@id":"https:\/\/clair.si\/#\/schema\/logo\/image\/"},"sameAs":["https:\/\/www.facebook.com\/TrgovinaClair\/"]}]}},"_links":{"self":[{"href":"https:\/\/clair.si\/hr\/wp-json\/wp\/v2\/product\/99910","targetHints":{"allow":["GET"]}}],"collection":[{"href":"https:\/\/clair.si\/hr\/wp-json\/wp\/v2\/product"}],"about":[{"href":"https:\/\/clair.si\/hr\/wp-json\/wp\/v2\/types\/product"}],"version-history":[{"count":0,"href":"https:\/\/clair.si\/hr\/wp-json\/wp\/v2\/product\/99910\/revisions"}],"wp:featuredmedia":[{"embeddable":true,"href":"https:\/\/clair.si\/hr\/wp-json\/wp\/v2\/media\/99912"}],"wp:attachment":[{"href":"https:\/\/clair.si\/hr\/wp-json\/wp\/v2\/media?parent=99910"}],"wp:term":[{"taxonomy":"product_brand","embeddable":true,"href":"https:\/\/clair.si\/hr\/wp-json\/wp\/v2\/product_brand?post=99910"},{"taxonomy":"product_cat","embeddable":true,"href":"https:\/\/clair.si\/hr\/wp-json\/wp\/v2\/product_cat?post=99910"},{"taxonomy":"product_tag","embeddable":true,"href":"https:\/\/clair.si\/hr\/wp-json\/wp\/v2\/product_tag?post=99910"}],"curies":[{"name":"wp","href":"https:\/\/api.w.org\/{rel}","templated":true}]}}