{"id":99964,"date":"2022-12-30T09:14:27","date_gmt":"2022-12-30T08:14:27","guid":{"rendered":"https:\/\/clair.si\/izdelek\/cavalor-resist-vit-c\/"},"modified":"2025-09-11T13:36:20","modified_gmt":"2025-09-11T11:36:20","slug":"cavalor-resist-vit-c","status":"publish","type":"product","link":"https:\/\/clair.si\/hr\/izdelek\/cavalor-resist-vit-c\/","title":{"rendered":"Cavalor Resist + Vit C"},"content":{"rendered":"<p><span class=\"HwtZe\" lang=\"sl\"><strong><span class=\"jCAhz ChMk0b\"><span class=\"ryNqvb\">Cavalor Resist + Vit C poma\u017ee u odr\u017eavanju sna\u017ene prirodne obrane.<\/span><\/span><\/strong> <span class=\"jCAhz ChMk0b\"><span class=\"ryNqvb\">Konjski imunolo\u0161ki sustav je kompleksan i neprestano je na ku\u0161nji.<\/span><\/span> <\/span><\/p>\n<p>Cavalor Resist + Vit C je mo\u0107na antioksidativna mje\u0161avina vitamina, eteri\u010dnih ulja i prebiotika. Zima je vrijeme kada je potrebno dodatno podr\u017eati konjski imunolo\u0161ki sustav kako bi se konja za\u0161titilo od infekcija virusima i bakterijama. Timus (mladi konji), crijeva, limfni sustav, bijele krvne stanice, ko\u0161tana sr\u017e, antitijela, sluznica, ko\u017ea, slezena i jetra djeluju interaktivno te \u0161tite tijelo od razli\u010ditih patogena. Cavalor Resist + Vit C sadr\u017ei bilje i antioksidanse koji podr\u017eavaju imunolo\u0161ki sustav i time mu poma\u017eu u odr\u017eavanju dobre prirodne otpornosti. Budu\u0107i da svaki antioksidans djeluje druga\u010dije, kombinacija razli\u010ditih antioksidansa u\u010dinkovitija je od visokog odmerka jednog antioksidansa i time poti\u010du prirodnu imunomodulaciju.    <\/p>\n<p>Sastojci na kg: vitamin E 12.475 I.U., vitamin C 180.839 mg, vitamin B1 377 mg, vitamin B2 1.076 mg, niacin 1.424 mg, vitamin B6 225 mg, vitamin B12 3 mg, vitamin K 51 mg, niacin 2.286 mg, beta-karoten 379 mg, folna kiselina 246 mg, \u017eeljezo 829 mg, cink 3.443 mg, mangan 1.038 mg, bakar 739 mg, selen 8,29 mg, lizin 42.745 mg<\/p>\n","protected":false},"excerpt":{"rendered":"<ul>\n<li><span class=\"HwtZe\" lang=\"sl\"><span class=\"jCAhz ChMk0b\"><span class=\"ryNqvb\">Pra\u0161ak za ja\u010danje imunolo\u0161kog sustava<\/span><\/span> <\/span><\/li>\n<li><span class=\"HwtZe\" lang=\"sl\"><span class=\"jCAhz ChMk0b\"><span class=\"ryNqvb\">Mje\u0161avina antioksidansa, biljnih ekstrakata i eteri\u010dnih ulja<\/span><\/span> <\/span><\/li>\n<li><span class=\"HwtZe\" lang=\"sl\"><span class=\"jCAhz ChMk0b\"><span class=\"ryNqvb\">Idealno za konje koji \u010desto putuju i dolaze u kontakt s drugim konjima<\/span><\/span><\/span><\/li>\n<\/ul>\n","protected":false},"featured_media":99966,"template":"","meta":{"footnotes":""},"product_brand":[],"product_cat":[5711,5710,5712],"product_tag":[],"class_list":{"0":"post-99964","1":"product","2":"type-product","3":"status-publish","4":"has-post-thumbnail","6":"product_cat-hrana-i-prehrambeni-dodaci-cavalor","7":"product_cat-hrana-za-konje-hr","8":"product_cat-prehrambeni-dodaci","10":"first","11":"instock","12":"shipping-taxable","13":"purchasable","14":"product-type-variable"},"yoast_head":"<!-- This site is optimized with the Yoast SEO plugin v27.4 - https:\/\/yoast.com\/product\/yoast-seo-wordpress\/ -->\n<title>Cavalor Resist + Vit C - Clair<\/title>\n<meta name=\"description\" content=\"Pra\u0161ak za ja\u010danje imunolo\u0161kog sustava  Mje\u0161avina antioksidansa, biljnih ekstrakata i eteri\u010dnih ulja  Idealno za konje koji \u010desto putuju i dolaze u kontakt s drugim konjima\" \/>\n<meta name=\"robots\" content=\"index, follow, max-snippet:-1, max-image-preview:large, max-video-preview:-1\" \/>\n<link rel=\"canonical\" href=\"https:\/\/clair.si\/hr\/izdelek\/cavalor-resist-vit-c\/\" \/>\n<meta property=\"og:locale\" content=\"hr_HR\" \/>\n<meta property=\"og:type\" content=\"article\" \/>\n<meta property=\"og:title\" content=\"Cavalor Resist + Vit C - Clair\" \/>\n<meta property=\"og:description\" content=\"Pra\u0161ak za ja\u010danje imunolo\u0161kog sustava  Mje\u0161avina antioksidansa, biljnih ekstrakata i eteri\u010dnih ulja  Idealno za konje koji \u010desto putuju i dolaze u kontakt s drugim konjima\" \/>\n<meta property=\"og:url\" content=\"https:\/\/clair.si\/hr\/izdelek\/cavalor-resist-vit-c\/\" \/>\n<meta property=\"og:site_name\" content=\"Clair\" \/>\n<meta property=\"article:publisher\" content=\"https:\/\/www.facebook.com\/TrgovinaClair\/\" \/>\n<meta property=\"article:modified_time\" content=\"2025-09-11T11:36:20+00:00\" \/>\n<meta property=\"og:image\" content=\"https:\/\/clair.si\/wp-content\/uploads\/2022\/12\/cavalor-resist-vitamin-C-clair-trgovina-s-konjenisko-opremo.jpg\" \/>\n\t<meta property=\"og:image:width\" content=\"550\" \/>\n\t<meta property=\"og:image:height\" content=\"550\" \/>\n\t<meta property=\"og:image:type\" content=\"image\/jpeg\" \/>\n<meta name=\"twitter:card\" content=\"summary_large_image\" \/>\n<meta name=\"twitter:label1\" content=\"Procijenjeno vrijeme \u010ditanja\" \/>\n\t<meta name=\"twitter:data1\" content=\"1 minuta\" \/>\n<script type=\"application\/ld+json\" class=\"yoast-schema-graph\">{\"@context\":\"https:\\\/\\\/schema.org\",\"@graph\":[{\"@type\":\"WebPage\",\"@id\":\"https:\\\/\\\/clair.si\\\/hr\\\/izdelek\\\/cavalor-resist-vit-c\\\/\",\"url\":\"https:\\\/\\\/clair.si\\\/hr\\\/izdelek\\\/cavalor-resist-vit-c\\\/\",\"name\":\"Cavalor Resist + Vit C - Clair\",\"isPartOf\":{\"@id\":\"https:\\\/\\\/clair.si\\\/#website\"},\"primaryImageOfPage\":{\"@id\":\"https:\\\/\\\/clair.si\\\/hr\\\/izdelek\\\/cavalor-resist-vit-c\\\/#primaryimage\"},\"image\":{\"@id\":\"https:\\\/\\\/clair.si\\\/hr\\\/izdelek\\\/cavalor-resist-vit-c\\\/#primaryimage\"},\"thumbnailUrl\":\"https:\\\/\\\/clair.si\\\/wp-content\\\/uploads\\\/2022\\\/12\\\/cavalor-resist-vitamin-C-clair-trgovina-s-konjenisko-opremo.webp\",\"datePublished\":\"2022-12-30T08:14:27+00:00\",\"dateModified\":\"2025-09-11T11:36:20+00:00\",\"description\":\"Pra\u0161ak za ja\u010danje imunolo\u0161kog sustava Mje\u0161avina antioksidansa, biljnih ekstrakata i eteri\u010dnih ulja Idealno za konje koji \u010desto putuju i dolaze u kontakt s drugim konjima\",\"breadcrumb\":{\"@id\":\"https:\\\/\\\/clair.si\\\/hr\\\/izdelek\\\/cavalor-resist-vit-c\\\/#breadcrumb\"},\"inLanguage\":\"hr\",\"potentialAction\":[{\"@type\":\"ReadAction\",\"target\":[\"https:\\\/\\\/clair.si\\\/hr\\\/izdelek\\\/cavalor-resist-vit-c\\\/\"]}]},{\"@type\":\"ImageObject\",\"inLanguage\":\"hr\",\"@id\":\"https:\\\/\\\/clair.si\\\/hr\\\/izdelek\\\/cavalor-resist-vit-c\\\/#primaryimage\",\"url\":\"https:\\\/\\\/clair.si\\\/wp-content\\\/uploads\\\/2022\\\/12\\\/cavalor-resist-vitamin-C-clair-trgovina-s-konjenisko-opremo.webp\",\"contentUrl\":\"https:\\\/\\\/clair.si\\\/wp-content\\\/uploads\\\/2022\\\/12\\\/cavalor-resist-vitamin-C-clair-trgovina-s-konjenisko-opremo.webp\",\"width\":550,\"height\":550,\"caption\":\"Cavalor Resist + Vit C prehranski dodatek za konje.\"},{\"@type\":\"BreadcrumbList\",\"@id\":\"https:\\\/\\\/clair.si\\\/hr\\\/izdelek\\\/cavalor-resist-vit-c\\\/#breadcrumb\",\"itemListElement\":[{\"@type\":\"ListItem\",\"position\":1,\"name\":\"Home\",\"item\":\"https:\\\/\\\/clair.si\\\/hr\\\/\"},{\"@type\":\"ListItem\",\"position\":2,\"name\":\"Trgovina\",\"item\":\"https:\\\/\\\/clair.si\\\/trgovina\\\/\"},{\"@type\":\"ListItem\",\"position\":3,\"name\":\"Cavalor Resist + Vit C\"}]},{\"@type\":\"WebSite\",\"@id\":\"https:\\\/\\\/clair.si\\\/#website\",\"url\":\"https:\\\/\\\/clair.si\\\/\",\"name\":\"Clair\",\"description\":\"Trgovina s konjeni\u0161ko opremo\",\"publisher\":{\"@id\":\"https:\\\/\\\/clair.si\\\/#organization\"},\"potentialAction\":[{\"@type\":\"SearchAction\",\"target\":{\"@type\":\"EntryPoint\",\"urlTemplate\":\"https:\\\/\\\/clair.si\\\/?s={search_term_string}\"},\"query-input\":{\"@type\":\"PropertyValueSpecification\",\"valueRequired\":true,\"valueName\":\"search_term_string\"}}],\"inLanguage\":\"hr\"},{\"@type\":\"Organization\",\"@id\":\"https:\\\/\\\/clair.si\\\/#organization\",\"name\":\"Clair\",\"url\":\"https:\\\/\\\/clair.si\\\/\",\"logo\":{\"@type\":\"ImageObject\",\"inLanguage\":\"hr\",\"@id\":\"https:\\\/\\\/clair.si\\\/#\\\/schema\\\/logo\\\/image\\\/\",\"url\":\"https:\\\/\\\/clair.si\\\/wp-content\\\/uploads\\\/2022\\\/11\\\/clair_logo_2022.jpg\",\"contentUrl\":\"https:\\\/\\\/clair.si\\\/wp-content\\\/uploads\\\/2022\\\/11\\\/clair_logo_2022.jpg\",\"width\":1920,\"height\":1920,\"caption\":\"Clair\"},\"image\":{\"@id\":\"https:\\\/\\\/clair.si\\\/#\\\/schema\\\/logo\\\/image\\\/\"},\"sameAs\":[\"https:\\\/\\\/www.facebook.com\\\/TrgovinaClair\\\/\"]}]}<\/script>\n<!-- \/ Yoast SEO plugin. -->","yoast_head_json":{"title":"Cavalor Resist + Vit C - Clair","description":"Pra\u0161ak za ja\u010danje imunolo\u0161kog sustava  Mje\u0161avina antioksidansa, biljnih ekstrakata i eteri\u010dnih ulja  Idealno za konje koji \u010desto putuju i dolaze u kontakt s drugim konjima","robots":{"index":"index","follow":"follow","max-snippet":"max-snippet:-1","max-image-preview":"max-image-preview:large","max-video-preview":"max-video-preview:-1"},"canonical":"https:\/\/clair.si\/hr\/izdelek\/cavalor-resist-vit-c\/","og_locale":"hr_HR","og_type":"article","og_title":"Cavalor Resist + Vit C - Clair","og_description":"Pra\u0161ak za ja\u010danje imunolo\u0161kog sustava  Mje\u0161avina antioksidansa, biljnih ekstrakata i eteri\u010dnih ulja  Idealno za konje koji \u010desto putuju i dolaze u kontakt s drugim konjima","og_url":"https:\/\/clair.si\/hr\/izdelek\/cavalor-resist-vit-c\/","og_site_name":"Clair","article_publisher":"https:\/\/www.facebook.com\/TrgovinaClair\/","article_modified_time":"2025-09-11T11:36:20+00:00","og_image":[{"width":550,"height":550,"url":"https:\/\/clair.si\/wp-content\/uploads\/2022\/12\/cavalor-resist-vitamin-C-clair-trgovina-s-konjenisko-opremo.jpg","type":"image\/jpeg"}],"twitter_card":"summary_large_image","twitter_misc":{"Procijenjeno vrijeme \u010ditanja":"1 minuta"},"schema":{"@context":"https:\/\/schema.org","@graph":[{"@type":"WebPage","@id":"https:\/\/clair.si\/hr\/izdelek\/cavalor-resist-vit-c\/","url":"https:\/\/clair.si\/hr\/izdelek\/cavalor-resist-vit-c\/","name":"Cavalor Resist + Vit C - Clair","isPartOf":{"@id":"https:\/\/clair.si\/#website"},"primaryImageOfPage":{"@id":"https:\/\/clair.si\/hr\/izdelek\/cavalor-resist-vit-c\/#primaryimage"},"image":{"@id":"https:\/\/clair.si\/hr\/izdelek\/cavalor-resist-vit-c\/#primaryimage"},"thumbnailUrl":"https:\/\/clair.si\/wp-content\/uploads\/2022\/12\/cavalor-resist-vitamin-C-clair-trgovina-s-konjenisko-opremo.webp","datePublished":"2022-12-30T08:14:27+00:00","dateModified":"2025-09-11T11:36:20+00:00","description":"Pra\u0161ak za ja\u010danje imunolo\u0161kog sustava Mje\u0161avina antioksidansa, biljnih ekstrakata i eteri\u010dnih ulja Idealno za konje koji \u010desto putuju i dolaze u kontakt s drugim konjima","breadcrumb":{"@id":"https:\/\/clair.si\/hr\/izdelek\/cavalor-resist-vit-c\/#breadcrumb"},"inLanguage":"hr","potentialAction":[{"@type":"ReadAction","target":["https:\/\/clair.si\/hr\/izdelek\/cavalor-resist-vit-c\/"]}]},{"@type":"ImageObject","inLanguage":"hr","@id":"https:\/\/clair.si\/hr\/izdelek\/cavalor-resist-vit-c\/#primaryimage","url":"https:\/\/clair.si\/wp-content\/uploads\/2022\/12\/cavalor-resist-vitamin-C-clair-trgovina-s-konjenisko-opremo.webp","contentUrl":"https:\/\/clair.si\/wp-content\/uploads\/2022\/12\/cavalor-resist-vitamin-C-clair-trgovina-s-konjenisko-opremo.webp","width":550,"height":550,"caption":"Cavalor Resist + Vit C prehranski dodatek za konje."},{"@type":"BreadcrumbList","@id":"https:\/\/clair.si\/hr\/izdelek\/cavalor-resist-vit-c\/#breadcrumb","itemListElement":[{"@type":"ListItem","position":1,"name":"Home","item":"https:\/\/clair.si\/hr\/"},{"@type":"ListItem","position":2,"name":"Trgovina","item":"https:\/\/clair.si\/trgovina\/"},{"@type":"ListItem","position":3,"name":"Cavalor Resist + Vit C"}]},{"@type":"WebSite","@id":"https:\/\/clair.si\/#website","url":"https:\/\/clair.si\/","name":"Clair","description":"Trgovina s konjeni\u0161ko opremo","publisher":{"@id":"https:\/\/clair.si\/#organization"},"potentialAction":[{"@type":"SearchAction","target":{"@type":"EntryPoint","urlTemplate":"https:\/\/clair.si\/?s={search_term_string}"},"query-input":{"@type":"PropertyValueSpecification","valueRequired":true,"valueName":"search_term_string"}}],"inLanguage":"hr"},{"@type":"Organization","@id":"https:\/\/clair.si\/#organization","name":"Clair","url":"https:\/\/clair.si\/","logo":{"@type":"ImageObject","inLanguage":"hr","@id":"https:\/\/clair.si\/#\/schema\/logo\/image\/","url":"https:\/\/clair.si\/wp-content\/uploads\/2022\/11\/clair_logo_2022.jpg","contentUrl":"https:\/\/clair.si\/wp-content\/uploads\/2022\/11\/clair_logo_2022.jpg","width":1920,"height":1920,"caption":"Clair"},"image":{"@id":"https:\/\/clair.si\/#\/schema\/logo\/image\/"},"sameAs":["https:\/\/www.facebook.com\/TrgovinaClair\/"]}]}},"_links":{"self":[{"href":"https:\/\/clair.si\/hr\/wp-json\/wp\/v2\/product\/99964","targetHints":{"allow":["GET"]}}],"collection":[{"href":"https:\/\/clair.si\/hr\/wp-json\/wp\/v2\/product"}],"about":[{"href":"https:\/\/clair.si\/hr\/wp-json\/wp\/v2\/types\/product"}],"version-history":[{"count":0,"href":"https:\/\/clair.si\/hr\/wp-json\/wp\/v2\/product\/99964\/revisions"}],"wp:featuredmedia":[{"embeddable":true,"href":"https:\/\/clair.si\/hr\/wp-json\/wp\/v2\/media\/99966"}],"wp:attachment":[{"href":"https:\/\/clair.si\/hr\/wp-json\/wp\/v2\/media?parent=99964"}],"wp:term":[{"taxonomy":"product_brand","embeddable":true,"href":"https:\/\/clair.si\/hr\/wp-json\/wp\/v2\/product_brand?post=99964"},{"taxonomy":"product_cat","embeddable":true,"href":"https:\/\/clair.si\/hr\/wp-json\/wp\/v2\/product_cat?post=99964"},{"taxonomy":"product_tag","embeddable":true,"href":"https:\/\/clair.si\/hr\/wp-json\/wp\/v2\/product_tag?post=99964"}],"curies":[{"name":"wp","href":"https:\/\/api.w.org\/{rel}","templated":true}]}}